{"id":3310,"date":"2024-08-03T05:49:56","date_gmt":"2024-08-03T05:49:56","guid":{"rendered":"https:\/\/cokebricks.com\/?post_type=product&#038;p=3310"},"modified":"2025-03-08T05:52:58","modified_gmt":"2025-03-08T05:52:58","slug":"adbb","status":"publish","type":"product","link":"https:\/\/legitgrams.com\/it\/prodotto\/adbb\/","title":{"rendered":"Acquistare ADBB online"},"content":{"rendered":"<h2>Polvere ADBB in vendita<\/h2>\n<p><a href=\"https:\/\/en.wikipedia.org\/wiki\/ADB\">Acquistare ADBB online<\/a> Alcuni prodotti di cannabis sintetica contengono componenti di un narcotico sintetico di recente sviluppo chiamato <a href=\"https:\/\/www.bing.com\/search?q=Buy%20ADBB%20Online&amp;qs=n&amp;form=QBRE&amp;sp=-1&amp;lq=0&amp;pq=buy%20adbb%20online&amp;sc=10-15&amp;sk=&amp;cvid=E242E5DB1CF647E7817D78DD43004610&amp;ghsh=0&amp;ghacc=0&amp;ghpl=\">ADBB<\/a>Sono agonisti forti con valori EC50 rispettivamente di 0,52 nM e 0,88 nM.<\/p>\n<p>dei recettori CB1 e CB2. Tuttavia, non si sa nulla delle caratteristiche fisiologiche e tossicologiche di questo composto.<\/p>\n<p>A cosa serve l'ADBB?<\/p>\n<p>Non \u00e8 appropriato per gli esseri umani consumare il <a href=\"https:\/\/www.bing.com\/search?q=Buy%20ADBB%20Online&amp;qs=n&amp;form=QBRE&amp;sp=-1&amp;lq=0&amp;pq=buy%20adbb%20online&amp;sc=10-15&amp;sk=&amp;cvid=E242E5DB1CF647E7817D78DD43004610&amp;ghsh=0&amp;ghacc=0&amp;ghpl=\">ADBB<\/a> medication. Researchers at forensic labs utilize this substance as a study chemical.<\/p>\n<h3>Quali conseguenze negative ha l'ADBB?<\/h3>\n<p>The following adverse consequences could result from using <a href=\"https:\/\/www.google.com\/search?q=Buy+ADBB+Online&amp;num=10&amp;sca_esv=1a2a07081c7891bb&amp;rlz=1C1RXQR_enIN1098IN1098&amp;sxsrf=AHTn8zr-KHxTTLzGR5g6z-5wgoi7gWgkjA%3A1741412995864&amp;ei=g9rLZ7u2NMTg1e8P4ve-qQE&amp;ved=0ahUKEwj7g5r45PmLAxVEcPUHHeK7LxUQ4dUDCBI&amp;uact=5&amp;oq=Buy+ADBB+Online&amp;gs_lp=Egxnd3Mtd2l6LXNlcnAiD0J1eSBBREJCIE9ubGluZTIHEAAYgAQYDTILEAAYFhjHAxgKGB4yCBAAGAgYDRgeMggQABgIGA0YHjIIEAAYCBgNGB4yCBAAGAgYDRgeMggQABgIGA0YHjIIEAAYCBgNGB4yCBAAGAgYDRgeMggQABgIGA0YHkiICFCCBFiCBHACeACQAQCYAZ4BoAGeAaoBAzAuMbgBA8gBAPgBAvgBAZgCAaACrgGYAwCIBgGSBwMwLjGgB-gG&amp;sclient=gws-wiz-serp\">ADBB powder<\/a> over time:<\/p>\n<p>o Allucinazioni<\/p>\n<p>o Cardiotossicit\u00e0<\/p>\n<p>o Convulsioni<\/p>\n<p>o Bassa temperatura corporea<\/p>\n<h4>Come siete venuti a conoscenza di Butinaca ADB?<\/h4>\n<p>Senza test razionali, <a href=\"https:\/\/www.google.com\/search?q=Buy+ADBB+Online&amp;num=10&amp;sca_esv=1a2a07081c7891bb&amp;rlz=1C1RXQR_enIN1098IN1098&amp;sxsrf=AHTn8zr-KHxTTLzGR5g6z-5wgoi7gWgkjA%3A1741412995864&amp;ei=g9rLZ7u2NMTg1e8P4ve-qQE&amp;ved=0ahUKEwj7g5r45PmLAxVEcPUHHeK7LxUQ4dUDCBI&amp;uact=5&amp;oq=Buy+ADBB+Online&amp;gs_lp=Egxnd3Mtd2l6LXNlcnAiD0J1eSBBREJCIE9ubGluZTIHEAAYgAQYDTILEAAYFhjHAxgKGB4yCBAAGAgYDRgeMggQABgIGA0YHjIIEAAYCBgNGB4yCBAAGAgYDRgeMggQABgIGA0YHjIIEAAYCBgNGB4yCBAAGAgYDRgeMggQABgIGA0YHkiICFCCBFiCBHACeACQAQCYAZ4BoAGeAaoBAzAuMbgBA8gBAPgBAvgBAZgCAaACrgGYAwCIBgGSBwMwLjGgB-gG&amp;sclient=gws-wiz-serp\">ADB Butinaca<\/a> Senza un'analisi razionale, la Butinaca ADB \u00e8 difficile da riconoscere. Si mescola volentieri con altre ADB Butinaca commercializzate e si presenta naturalmente come particelle di colore marrone chiaro o giallastro. L'identificazione diventa difficile quando una piccola quantit\u00e0 di ADB Butinaca \u00e8 presente in un assaggiatore, poich\u00e9 diversi dispositivi possono utilizzare identificatori di facciata, come il colore, il profumo e il sapore. Inoltre, possono essere parlati o vampirizzati. Le persone inseriscono campioni contenuti, che vengono venduti come droga di strada per l'ADB Butinaca. Le recensioni dei clienti sull'ADB Butinaca sono state ampiamente positive solo dopo aver utilizzato l'azienda. I ricercatori e gli appassionati di chimica hanno la fantastica opportunit\u00e0 di condurre esperimenti affascinanti e di aprire la strada alla scoperta delle caratteristiche chimiche di questo materiale, poich\u00e9 se ne sa cos\u00ec poco. <a href=\"https:\/\/www.google.com\/search?q=Buy+ADBB+Online&amp;num=10&amp;sca_esv=1a2a07081c7891bb&amp;rlz=1C1RXQR_enIN1098IN1098&amp;sxsrf=AHTn8zr-KHxTTLzGR5g6z-5wgoi7gWgkjA%3A1741412995864&amp;ei=g9rLZ7u2NMTg1e8P4ve-qQE&amp;ved=0ahUKEwj7g5r45PmLAxVEcPUHHeK7LxUQ4dUDCBI&amp;uact=5&amp;oq=Buy+ADBB+Online&amp;gs_lp=Egxnd3Mtd2l6LXNlcnAiD0J1eSBBREJCIE9ubGluZTIHEAAYgAQYDTILEAAYFhjHAxgKGB4yCBAAGAgYDRgeMggQABgIGA0YHjIIEAAYCBgNGB4yCBAAGAgYDRgeMggQABgIGA0YHjIIEAAYCBgNGB4yCBAAGAgYDRgeMggQABgIGA0YHkiICFCCBFiCBHACeACQAQCYAZ4BoAGeAaoBAzAuMbgBA8gBAPgBAvgBAZgCAaACrgGYAwCIBgGSBwMwLjGgB-gG&amp;sclient=gws-wiz-serp\">ADB Butinaca<\/a>. Le recensioni dei clienti su ADB Butinaca sono state in gran parte positive solo dopo aver utilizzato l'azienda. I ricercatori e gli amanti della chimica hanno una fantastica opportunit\u00e0 di condurre esperimenti affascinanti e spianare la strada alla scoperta delle caratteristiche chimiche di questo materiale perch\u00e9 se ne sa cos\u00ec poco.<\/p>\n<h4>Cosa spinge le persone ad acquistare ADB Butinaca?<\/h4>\n<p>Si trova in alcuni prodotti artificiali a base di cannabis. La nota societ\u00e0 farmaceutica americana Pfizer ha creato questo farmaco di design con l'intenzione di utilizzarlo come potenziale antidolorifico. Se siete ricercatori e volete usarlo per la ricerca, dovete essere consapevoli dei possibili rischi ed effetti avversi. Ha qualit\u00e0 psicotrope come altri cannabinoidi sintetici. Inoltre, sono state riscontrate numerose conseguenze negative legate a questo farmaco. \u00c8 possibile acquistare questo farmaco per ottenere ADB Butinaca online da Orange Hems, un rivenditore online affidabile. <a href=\"https:\/\/duckduckgo.com\/?q=Buy+ADBB+Online&amp;t=h_&amp;ia=web\">ADB Butinaca online<\/a> da Orange Hems, un rivenditore online affidabile.<\/p>\n<h4>Quali conseguenze ha ADB Butinaca?<\/h4>\n<p><a href=\"https:\/\/legitgrams.com\/it\/prodotto\/adbb\/\">ADB-BUTINACA<\/a> \u00e8 un materiale nuovo e potente che viene tipicamente utilizzato nella ricerca. Questi nuovi cannabinoidi sintetici si attaccano ai recettori CB1 e CB2 dell'organismo. Si tratta di una sostanza chimica artificiale.<\/p>\n<p>I recettori cannabinoidi CB1 e CB2 sono coinvolti in un'ampia gamma di funzioni fisiologiche.<\/p>\n<p>Il cervello e il midollo spinale contengono il CB1, un componente del nostro sistema nervoso centrale che aiuta a mediare gli effetti intossicanti della cannabis.<a href=\"https:\/\/legitgrams.com\/it\/\">Legittime<\/a><\/p>\n<p>I recettori CB2 sui globuli bianchi controllano il funzionamento delle cellule immunitarie.<\/p>\n<p>Inoltre, viene pronunciato a un livello cognitivo inferiore. L'acquisto di ADB Butinaca \u00e8 illegale e i prodotti ADB-BIANCA sono scarsamente documentati. Poich\u00e9 agiscono sullo stesso accettore di clearing nel cervello, sono dopaminergici di sintesi.<\/p>\n<p>come TCH, il componente psicoattivo della cannabis, e acquistare <a href=\"https:\/\/legitgrams.com\/it\/prodotto\/adbb\/\">ADB Butinaca<\/a>. L'utente non si assume alcuna responsabilit\u00e0 per eventuali spese o azioni derivanti dall'effettuazione di un ordine online di ADB Butinaca. <a href=\"https:\/\/duckduckgo.com\/?q=Buy+ADBB+Online&amp;t=h_&amp;ia=web\">ordine per ADB Butinaca<\/a>.<\/p>\n<p>L'adb butinaca \u00e8 regolamentato? acquisto adb butinaca dea, acquisto adb butinaca cayman, acquisto adb butinaca in vendita<\/p>\n<p>Dove posso acquistare adb butinaca, come posso acquistare adb butinaca di qualit\u00e0, dove posso acquistare adb butinaca e dove posso trovare 5f-adb?<\/p>\n<p>7-adb, trrcshop, 5f-adb-33n, adb-butinaca psychonaut, usi, effetti collaterali e fonti legali per l'acquisto di adb butinaca<\/p>\n<p>&nbsp;<\/p>\n<p>&nbsp;<\/p>","protected":false},"excerpt":{"rendered":"<p>ADBB Powder for Sale Buy ADBB Online Certain synthetic cannabis products contain components of a newly developed synthetic narcotic called ADBB. They are the strong agonists with EC50 values of 0.52 nM and 0.88 nM, respectively. of receptors for CB1 and CB2. Nevertheless, nothing is known about this compound&#8217;s physiological or toxicological characteristics. What is &hellip;<\/p>\n<p class=\"read-more\"> <a class=\"\" href=\"https:\/\/legitgrams.com\/it\/prodotto\/adbb\/\"> <span class=\"screen-reader-text\">Acquistare ADBB online<\/span> Leggi tutto \"<\/a><\/p>","protected":false},"featured_media":3326,"comment_status":"open","ping_status":"closed","template":"","meta":{"_uag_custom_page_level_css":"","site-sidebar-layout":"default","site-content-layout":"default","ast-global-header-display":"","ast-main-header-display":"","ast-hfb-above-header-display":"","ast-hfb-below-header-display":"","ast-hfb-mobile-header-display":"","site-post-title":"","ast-breadcrumbs-content":"","ast-featured-img":"","footer-sml-layout":"","theme-transparent-header-meta":"default","adv-header-id-meta":"","stick-header-meta":"default","header-above-stick-meta":"","header-main-stick-meta":"","header-below-stick-meta":"","_joinchat":[]},"product_brand":[],"product_cat":[190],"product_tag":[191,192,193,194],"class_list":{"0":"post-3310","1":"product","2":"type-product","3":"status-publish","4":"has-post-thumbnail","6":"product_cat-cannabinoids","7":"product_tag-adb-powder-for-sale","8":"product_tag-buy-adbb","9":"product_tag-buy-adbb-powder-online","10":"product_tag-pure-adbb-powder-online-for-sale","11":"desktop-align-left","12":"tablet-align-left","13":"mobile-align-left","14":"ast-product-gallery-layout-horizontal","15":"ast-product-gallery-with-no-image","16":"ast-product-single-variable","17":"ast-product-tabs-layout-horizontal","18":"ast-qv-on-image","20":"first","21":"instock","22":"shipping-taxable","23":"purchasable","24":"product-type-variable"},"yoast_head":"<!-- This site is optimized with the Yoast SEO plugin v25.9 - https:\/\/yoast.com\/wordpress\/plugins\/seo\/ -->\n<title>ADBB for Sale - Order ADBB Online - Buy ADBB Powder Online<\/title>\n<meta name=\"description\" content=\"Where to buy adbb online at the best price? Find high-quality adbb for sale at our secure online store, catering to your research requirements. Order Now\" \/>\n<meta name=\"robots\" content=\"index, follow, max-snippet:-1, max-image-preview:large, max-video-preview:-1\" \/>\n<link rel=\"canonical\" href=\"https:\/\/legitgrams.com\/it\/prodotto\/adbb\/\" \/>\n<meta property=\"og:locale\" content=\"it_IT\" \/>\n<meta property=\"og:type\" content=\"article\" \/>\n<meta property=\"og:title\" content=\"ADBB for Sale - Order ADBB Online - Buy ADBB Powder Online\" \/>\n<meta property=\"og:description\" content=\"Where to buy adbb online at the best price? Find high-quality adbb for sale at our secure online store, catering to your research requirements. Order Now\" \/>\n<meta property=\"og:url\" content=\"https:\/\/legitgrams.com\/it\/prodotto\/adbb\/\" \/>\n<meta property=\"og:site_name\" content=\"Legit Grams\" \/>\n<meta property=\"article:modified_time\" content=\"2025-03-08T05:52:58+00:00\" \/>\n<meta property=\"og:image\" content=\"https:\/\/legitgrams.com\/wp-content\/uploads\/2024\/08\/ADBB.gif\" \/>\n\t<meta property=\"og:image:width\" content=\"600\" \/>\n\t<meta property=\"og:image:height\" content=\"600\" \/>\n\t<meta property=\"og:image:type\" content=\"image\/gif\" \/>\n<meta name=\"twitter:card\" content=\"summary_large_image\" \/>\n<meta name=\"twitter:label1\" content=\"Tempo di lettura stimato\" \/>\n\t<meta name=\"twitter:data1\" content=\"3 minuti\" \/>\n<script type=\"application\/ld+json\" class=\"yoast-schema-graph\">{\"@context\":\"https:\/\/schema.org\",\"@graph\":[{\"@type\":\"WebPage\",\"@id\":\"https:\/\/legitgrams.com\/product\/adbb\/\",\"url\":\"https:\/\/legitgrams.com\/product\/adbb\/\",\"name\":\"ADBB for Sale - Order ADBB Online - Buy ADBB Powder Online\",\"isPartOf\":{\"@id\":\"https:\/\/legitgrams.com\/#website\"},\"primaryImageOfPage\":{\"@id\":\"https:\/\/legitgrams.com\/product\/adbb\/#primaryimage\"},\"image\":{\"@id\":\"https:\/\/legitgrams.com\/product\/adbb\/#primaryimage\"},\"thumbnailUrl\":\"https:\/\/legitgrams.com\/wp-content\/uploads\/2024\/08\/ADBB.gif\",\"datePublished\":\"2024-08-03T05:49:56+00:00\",\"dateModified\":\"2025-03-08T05:52:58+00:00\",\"description\":\"Where to buy adbb online at the best price? Find high-quality adbb for sale at our secure online store, catering to your research requirements. Order Now\",\"breadcrumb\":{\"@id\":\"https:\/\/legitgrams.com\/product\/adbb\/#breadcrumb\"},\"inLanguage\":\"it-IT\",\"potentialAction\":[{\"@type\":\"ReadAction\",\"target\":[\"https:\/\/legitgrams.com\/product\/adbb\/\"]}]},{\"@type\":\"ImageObject\",\"inLanguage\":\"it-IT\",\"@id\":\"https:\/\/legitgrams.com\/product\/adbb\/#primaryimage\",\"url\":\"https:\/\/legitgrams.com\/wp-content\/uploads\/2024\/08\/ADBB.gif\",\"contentUrl\":\"https:\/\/legitgrams.com\/wp-content\/uploads\/2024\/08\/ADBB.gif\",\"width\":600,\"height\":600,\"caption\":\"ADBB Powder for Sale\"},{\"@type\":\"BreadcrumbList\",\"@id\":\"https:\/\/legitgrams.com\/product\/adbb\/#breadcrumb\",\"itemListElement\":[{\"@type\":\"ListItem\",\"position\":1,\"name\":\"Home\",\"item\":\"https:\/\/legitgrams.com\/\"},{\"@type\":\"ListItem\",\"position\":2,\"name\":\"Shop\",\"item\":\"https:\/\/legitgrams.com\/shop\/\"},{\"@type\":\"ListItem\",\"position\":3,\"name\":\"Buy ADBB Online\"}]},{\"@type\":\"WebSite\",\"@id\":\"https:\/\/legitgrams.com\/#website\",\"url\":\"https:\/\/legitgrams.com\/\",\"name\":\"Legit Grams\",\"description\":\"My WordPress Blog\",\"publisher\":{\"@id\":\"https:\/\/legitgrams.com\/#organization\"},\"potentialAction\":[{\"@type\":\"SearchAction\",\"target\":{\"@type\":\"EntryPoint\",\"urlTemplate\":\"https:\/\/legitgrams.com\/?s={search_term_string}\"},\"query-input\":{\"@type\":\"PropertyValueSpecification\",\"valueRequired\":true,\"valueName\":\"search_term_string\"}}],\"inLanguage\":\"it-IT\"},{\"@type\":\"Organization\",\"@id\":\"https:\/\/legitgrams.com\/#organization\",\"name\":\"Legit Grams\",\"url\":\"https:\/\/legitgrams.com\/\",\"logo\":{\"@type\":\"ImageObject\",\"inLanguage\":\"it-IT\",\"@id\":\"https:\/\/legitgrams.com\/#\/schema\/logo\/image\/\",\"url\":\"https:\/\/legitgrams.com\/wp-content\/uploads\/2024\/09\/main-logo.png\",\"contentUrl\":\"https:\/\/legitgrams.com\/wp-content\/uploads\/2024\/09\/main-logo.png\",\"width\":270,\"height\":75,\"caption\":\"Legit Grams\"},\"image\":{\"@id\":\"https:\/\/legitgrams.com\/#\/schema\/logo\/image\/\"}}]}<\/script>\n<!-- \/ Yoast SEO plugin. -->","yoast_head_json":{"title":"ADBB in vendita - Ordina ADBB online - Acquista ADBB in polvere online","description":"Dove acquistare adbb online al miglior prezzo? Trovate adbb di alta qualit\u00e0 in vendita nel nostro negozio online sicuro, in grado di soddisfare le vostre esigenze di ricerca. Ordina ora","robots":{"index":"index","follow":"follow","max-snippet":"max-snippet:-1","max-image-preview":"max-image-preview:large","max-video-preview":"max-video-preview:-1"},"canonical":"https:\/\/legitgrams.com\/it\/prodotto\/adbb\/","og_locale":"it_IT","og_type":"article","og_title":"ADBB for Sale - Order ADBB Online - Buy ADBB Powder Online","og_description":"Where to buy adbb online at the best price? Find high-quality adbb for sale at our secure online store, catering to your research requirements. Order Now","og_url":"https:\/\/legitgrams.com\/it\/prodotto\/adbb\/","og_site_name":"Legit Grams","article_modified_time":"2025-03-08T05:52:58+00:00","og_image":[{"width":600,"height":600,"url":"https:\/\/legitgrams.com\/wp-content\/uploads\/2024\/08\/ADBB.gif","type":"image\/gif"}],"twitter_card":"summary_large_image","twitter_misc":{"Tempo di lettura stimato":"3 minuti"},"schema":{"@context":"https:\/\/schema.org","@graph":[{"@type":"WebPage","@id":"https:\/\/legitgrams.com\/product\/adbb\/","url":"https:\/\/legitgrams.com\/product\/adbb\/","name":"ADBB in vendita - Ordina ADBB online - Acquista ADBB in polvere online","isPartOf":{"@id":"https:\/\/legitgrams.com\/#website"},"primaryImageOfPage":{"@id":"https:\/\/legitgrams.com\/product\/adbb\/#primaryimage"},"image":{"@id":"https:\/\/legitgrams.com\/product\/adbb\/#primaryimage"},"thumbnailUrl":"https:\/\/legitgrams.com\/wp-content\/uploads\/2024\/08\/ADBB.gif","datePublished":"2024-08-03T05:49:56+00:00","dateModified":"2025-03-08T05:52:58+00:00","description":"Dove acquistare adbb online al miglior prezzo? Trovate adbb di alta qualit\u00e0 in vendita nel nostro negozio online sicuro, in grado di soddisfare le vostre esigenze di ricerca. Ordina ora","breadcrumb":{"@id":"https:\/\/legitgrams.com\/product\/adbb\/#breadcrumb"},"inLanguage":"it-IT","potentialAction":[{"@type":"ReadAction","target":["https:\/\/legitgrams.com\/product\/adbb\/"]}]},{"@type":"ImageObject","inLanguage":"it-IT","@id":"https:\/\/legitgrams.com\/product\/adbb\/#primaryimage","url":"https:\/\/legitgrams.com\/wp-content\/uploads\/2024\/08\/ADBB.gif","contentUrl":"https:\/\/legitgrams.com\/wp-content\/uploads\/2024\/08\/ADBB.gif","width":600,"height":600,"caption":"ADBB Powder for Sale"},{"@type":"BreadcrumbList","@id":"https:\/\/legitgrams.com\/product\/adbb\/#breadcrumb","itemListElement":[{"@type":"ListItem","position":1,"name":"Home","item":"https:\/\/legitgrams.com\/"},{"@type":"ListItem","position":2,"name":"Shop","item":"https:\/\/legitgrams.com\/shop\/"},{"@type":"ListItem","position":3,"name":"Buy ADBB Online"}]},{"@type":"WebSite","@id":"https:\/\/legitgrams.com\/#website","url":"https:\/\/legitgrams.com\/","name":"Grammi legittimi","description":"Il mio blog WordPress","publisher":{"@id":"https:\/\/legitgrams.com\/#organization"},"potentialAction":[{"@type":"SearchAction","target":{"@type":"EntryPoint","urlTemplate":"https:\/\/legitgrams.com\/?s={search_term_string}"},"query-input":{"@type":"PropertyValueSpecification","valueRequired":true,"valueName":"search_term_string"}}],"inLanguage":"it-IT"},{"@type":"Organization","@id":"https:\/\/legitgrams.com\/#organization","name":"Grammi legittimi","url":"https:\/\/legitgrams.com\/","logo":{"@type":"ImageObject","inLanguage":"it-IT","@id":"https:\/\/legitgrams.com\/#\/schema\/logo\/image\/","url":"https:\/\/legitgrams.com\/wp-content\/uploads\/2024\/09\/main-logo.png","contentUrl":"https:\/\/legitgrams.com\/wp-content\/uploads\/2024\/09\/main-logo.png","width":270,"height":75,"caption":"Legit Grams"},"image":{"@id":"https:\/\/legitgrams.com\/#\/schema\/logo\/image\/"}}]}},"uagb_featured_image_src":{"full":["https:\/\/legitgrams.com\/wp-content\/uploads\/2024\/08\/ADBB.gif",600,600,false],"thumbnail":["https:\/\/legitgrams.com\/wp-content\/uploads\/2024\/08\/ADBB-150x150.gif",150,150,true],"medium":["https:\/\/legitgrams.com\/wp-content\/uploads\/2024\/08\/ADBB-300x300.gif",300,300,true],"medium_large":["https:\/\/legitgrams.com\/wp-content\/uploads\/2024\/08\/ADBB.gif",600,600,false],"large":["https:\/\/legitgrams.com\/wp-content\/uploads\/2024\/08\/ADBB.gif",600,600,false],"1536x1536":["https:\/\/legitgrams.com\/wp-content\/uploads\/2024\/08\/ADBB.gif",600,600,false],"2048x2048":["https:\/\/legitgrams.com\/wp-content\/uploads\/2024\/08\/ADBB.gif",600,600,false],"trp-custom-language-flag":["https:\/\/legitgrams.com\/wp-content\/uploads\/2024\/08\/ADBB-12x12.gif",12,12,true],"woocommerce_thumbnail":["https:\/\/legitgrams.com\/wp-content\/uploads\/2024\/08\/ADBB-300x300.gif",300,300,true],"woocommerce_single":["https:\/\/legitgrams.com\/wp-content\/uploads\/2024\/08\/ADBB.gif",600,600,false],"woocommerce_gallery_thumbnail":["https:\/\/legitgrams.com\/wp-content\/uploads\/2024\/08\/ADBB-100x100.gif",100,100,true]},"uagb_author_info":{"display_name":"cokeblog18","author_link":"https:\/\/legitgrams.com\/it\/author\/"},"uagb_comment_info":0,"uagb_excerpt":"ADBB Powder for Sale Buy ADBB Online Certain synthetic cannabis products contain components of a newly developed synthetic narcotic called ADBB. They are the strong agonists with EC50 values of 0.52 nM and 0.88 nM, respectively. of receptors for CB1 and CB2. Nevertheless, nothing is known about this compound&#8217;s physiological or toxicological characteristics. What is&hellip;","_links":{"self":[{"href":"https:\/\/legitgrams.com\/it\/wp-json\/wp\/v2\/product\/3310","targetHints":{"allow":["GET"]}}],"collection":[{"href":"https:\/\/legitgrams.com\/it\/wp-json\/wp\/v2\/product"}],"about":[{"href":"https:\/\/legitgrams.com\/it\/wp-json\/wp\/v2\/types\/product"}],"replies":[{"embeddable":true,"href":"https:\/\/legitgrams.com\/it\/wp-json\/wp\/v2\/comments?post=3310"}],"wp:featuredmedia":[{"embeddable":true,"href":"https:\/\/legitgrams.com\/it\/wp-json\/wp\/v2\/media\/3326"}],"wp:attachment":[{"href":"https:\/\/legitgrams.com\/it\/wp-json\/wp\/v2\/media?parent=3310"}],"wp:term":[{"taxonomy":"product_brand","embeddable":true,"href":"https:\/\/legitgrams.com\/it\/wp-json\/wp\/v2\/product_brand?post=3310"},{"taxonomy":"product_cat","embeddable":true,"href":"https:\/\/legitgrams.com\/it\/wp-json\/wp\/v2\/product_cat?post=3310"},{"taxonomy":"product_tag","embeddable":true,"href":"https:\/\/legitgrams.com\/it\/wp-json\/wp\/v2\/product_tag?post=3310"}],"curies":[{"name":"wp","href":"https:\/\/api.w.org\/{rel}","templated":true}]}}