{"id":3734,"date":"2024-09-19T11:34:24","date_gmt":"2024-09-19T11:34:24","guid":{"rendered":"https:\/\/legitgrams.com\/?post_type=product&#038;p=3734"},"modified":"2025-01-14T06:28:47","modified_gmt":"2025-01-14T06:28:47","slug":"euforia-infinita-marijuana","status":"publish","type":"product","link":"https:\/\/legitgrams.com\/it\/prodotto\/euforia-infinita-marijuana\/","title":{"rendered":"Euforia infinita Marijuana"},"content":{"rendered":"<h2>Acquista Infinite Euphoria Cannabis Online<\/h2>\n<p>Effetti positivi, duraturi, felici, euforici e potenzialmente lenitivi<\/p>\n<p>Depressione, ansia, stanchezza, cambiamenti nelle emozioni, stress Aromi: dolce, muschiato, agrumato e pino<\/p>\n<p><a href=\"https:\/\/legitgrams.com\/it\/prodotto\/euforia-infinita-marijuana\/\">Acquista la marijuana Infinite Euphoria<\/a>: acquista Euphoria Marijuana, acquista Infinite <a href=\"https:\/\/en.wikipedia.org\/wiki\/Euphoria_(compilations)\">Euforia<\/a> Marijuana, acquista Infinite Euphoria Marijuana online, dove acquistare Infinite Euphoria Marijuana, acquista Infinite Euphoria Marijuana online, acquisto, fornitori, consegna sicura, la marijuana Infinite Euphoria \u00e8 ancora disponibile. Inoltre, puoi scoprire se \u00e8 disponibile negli Stati Uniti, dove effettuare un ordine online e se \u00e8 legale in Canada. <a href=\"https:\/\/legitgrams.com\/it\/\">LegitGrams<\/a><\/p>\n<h2><\/h2>\n<h2><\/h2>\n<p>&nbsp;<\/p>","protected":false},"excerpt":{"rendered":"<p>Purchase Infinite Euphoria Cannabis Online Positive, enduring, happy, euphoric, and potentially soothing effects Depression, anxiety, fatigue, Changes in Emotion, Stress Flavors: Sweet, Musky, Citrus, and Pine Buy Infinite Euphoria Marijuana: purchase Euphoria Marijuana, purchase Infinite Euphoria Marijuana, purchase Infinite Euphoria Marijuana online, where to purchase Infinite Euphoria Marijuana, purchase Infinite Euphoria Marijuana online, purchase, suppliers, &hellip;<\/p>\n<p class=\"read-more\"> <a class=\"\" href=\"https:\/\/legitgrams.com\/it\/prodotto\/euforia-infinita-marijuana\/\"> <span class=\"screen-reader-text\">Euforia infinita Marijuana<\/span> Leggi tutto \"<\/a><\/p>","protected":false},"featured_media":5407,"comment_status":"open","ping_status":"closed","template":"","meta":{"_uag_custom_page_level_css":"","site-sidebar-layout":"default","site-content-layout":"default","ast-global-header-display":"","ast-main-header-display":"","ast-hfb-above-header-display":"","ast-hfb-below-header-display":"","ast-hfb-mobile-header-display":"","site-post-title":"","ast-breadcrumbs-content":"","ast-featured-img":"","footer-sml-layout":"","theme-transparent-header-meta":"default","adv-header-id-meta":"","stick-header-meta":"default","header-above-stick-meta":"","header-main-stick-meta":"","header-below-stick-meta":"","_joinchat":[]},"product_brand":[],"product_cat":[607],"product_tag":[5407,5397,617,5389,5404,5401,5396,5388,5391,5392,5399,5390,5400,5402,5409,5410,5408,5405,5394,5406,5403,625,5395,5398,5393],"class_list":{"0":"post-3734","1":"product","2":"type-product","3":"status-publish","4":"has-post-thumbnail","6":"product_cat-marijuana-cannabis","7":"product_tag-best-cheap-price-infinite-euphoria-marijuana","8":"product_tag-best-place-to-buy-infinite-euphoria-marijuana","9":"product_tag-bulk-online","10":"product_tag-buy-infinite-euphoria-marijuana","11":"product_tag-cheap-infinite-euphoria-marijuana","12":"product_tag-high-quality-infinite-euphoria-marijuana","13":"product_tag-how-to-buy-infinite-euphoria-marijuana","14":"product_tag-infinite-euphoria-marijuana","15":"product_tag-infinite-euphoria-marijuana-for-sale","16":"product_tag-infinite-euphoria-marijuana-infinite-euphoria-marijuana-supplier","17":"product_tag-infinite-euphoria-marijuana-legally","18":"product_tag-infinite-euphoria-marijuana-online","19":"product_tag-infinite-euphoria-marijuana-price","20":"product_tag-infinite-euphoria-marijuana-store","21":"product_tag-infinite-euphoria-marijuana-use","22":"product_tag-infinite-euphoria-marijuana-wiki","23":"product_tag-infinite-euphoria-marijuana-worldwide","24":"product_tag-infinite-euphoria-marijuanas","25":"product_tag-order-infinite-euphoria-marijuana","26":"product_tag-purcharse-infinite-euphoria-marijuana","27":"product_tag-shop-infinite-euphoria-marijuana","28":"product_tag-top-quality","29":"product_tag-where-to-buy-infinite-euphoria-marijuana","30":"product_tag-where-to-order-infinite-euphoria-marijuana","31":"product_tag-wholesale-infinite-euphoria-marijuana","32":"desktop-align-left","33":"tablet-align-left","34":"mobile-align-left","35":"ast-product-gallery-layout-horizontal","36":"ast-product-gallery-with-no-image","37":"ast-product-single-variable","38":"ast-product-tabs-layout-horizontal","39":"ast-qv-on-image","41":"first","42":"instock","43":"shipping-taxable","44":"purchasable","45":"product-type-variable"},"yoast_head":"<!-- This site is optimized with the Yoast SEO plugin v25.9 - https:\/\/yoast.com\/wordpress\/plugins\/seo\/ -->\n<title>Buy Infinite Euphoria Marijuana Online @ Best Price | LG<\/title>\n<meta name=\"description\" content=\"Your order for Infinite Euphoria Marijuana for sale is our responsibility. We will take your order to buy Infinite Euphoria Marijuana into consideration and reach you in a short period. Save More on Infinite Euphoria Marijuana with our latest promotions. Shop today and don&#039;t miss out.\" \/>\n<meta name=\"robots\" content=\"index, follow, max-snippet:-1, max-image-preview:large, max-video-preview:-1\" \/>\n<link rel=\"canonical\" href=\"https:\/\/legitgrams.com\/it\/prodotto\/euforia-infinita-marijuana\/\" \/>\n<meta property=\"og:locale\" content=\"it_IT\" \/>\n<meta property=\"og:type\" content=\"article\" \/>\n<meta property=\"og:title\" content=\"Buy Infinite Euphoria Marijuana Online @ Best Price | LG\" \/>\n<meta property=\"og:description\" content=\"Your order for Infinite Euphoria Marijuana for sale is our responsibility. We will take your order to buy Infinite Euphoria Marijuana into consideration and reach you in a short period. Save More on Infinite Euphoria Marijuana with our latest promotions. Shop today and don&#039;t miss out.\" \/>\n<meta property=\"og:url\" content=\"https:\/\/legitgrams.com\/it\/prodotto\/euforia-infinita-marijuana\/\" \/>\n<meta property=\"og:site_name\" content=\"Legit Grams\" \/>\n<meta property=\"article:modified_time\" content=\"2025-01-14T06:28:47+00:00\" \/>\n<meta property=\"og:image\" content=\"https:\/\/legitgrams.com\/wp-content\/uploads\/2024\/09\/Buy-Infinite-Euphoria-Marijuana-Online.jpg\" \/>\n\t<meta property=\"og:image:width\" content=\"600\" \/>\n\t<meta property=\"og:image:height\" content=\"600\" \/>\n\t<meta property=\"og:image:type\" content=\"image\/jpeg\" \/>\n<meta name=\"twitter:card\" content=\"summary_large_image\" \/>\n<meta name=\"twitter:label1\" content=\"Tempo di lettura stimato\" \/>\n\t<meta name=\"twitter:data1\" content=\"2 minuti\" \/>\n<script type=\"application\/ld+json\" class=\"yoast-schema-graph\">{\"@context\":\"https:\/\/schema.org\",\"@graph\":[{\"@type\":\"WebPage\",\"@id\":\"https:\/\/legitgrams.com\/product\/infinite-euphoria-marijuana\/\",\"url\":\"https:\/\/legitgrams.com\/product\/infinite-euphoria-marijuana\/\",\"name\":\"Buy Infinite Euphoria Marijuana Online @ Best Price | LG\",\"isPartOf\":{\"@id\":\"https:\/\/legitgrams.com\/#website\"},\"primaryImageOfPage\":{\"@id\":\"https:\/\/legitgrams.com\/product\/infinite-euphoria-marijuana\/#primaryimage\"},\"image\":{\"@id\":\"https:\/\/legitgrams.com\/product\/infinite-euphoria-marijuana\/#primaryimage\"},\"thumbnailUrl\":\"https:\/\/legitgrams.com\/wp-content\/uploads\/2024\/09\/Buy-Infinite-Euphoria-Marijuana-Online.jpg\",\"datePublished\":\"2024-09-19T11:34:24+00:00\",\"dateModified\":\"2025-01-14T06:28:47+00:00\",\"description\":\"Your order for Infinite Euphoria Marijuana for sale is our responsibility. We will take your order to buy Infinite Euphoria Marijuana into consideration and reach you in a short period. Save More on Infinite Euphoria Marijuana with our latest promotions. Shop today and don't miss out.\",\"breadcrumb\":{\"@id\":\"https:\/\/legitgrams.com\/product\/infinite-euphoria-marijuana\/#breadcrumb\"},\"inLanguage\":\"it-IT\",\"potentialAction\":[{\"@type\":\"ReadAction\",\"target\":[\"https:\/\/legitgrams.com\/product\/infinite-euphoria-marijuana\/\"]}]},{\"@type\":\"ImageObject\",\"inLanguage\":\"it-IT\",\"@id\":\"https:\/\/legitgrams.com\/product\/infinite-euphoria-marijuana\/#primaryimage\",\"url\":\"https:\/\/legitgrams.com\/wp-content\/uploads\/2024\/09\/Buy-Infinite-Euphoria-Marijuana-Online.jpg\",\"contentUrl\":\"https:\/\/legitgrams.com\/wp-content\/uploads\/2024\/09\/Buy-Infinite-Euphoria-Marijuana-Online.jpg\",\"width\":600,\"height\":600,\"caption\":\"Infinite Euphoria Marijuana for Sale\"},{\"@type\":\"BreadcrumbList\",\"@id\":\"https:\/\/legitgrams.com\/product\/infinite-euphoria-marijuana\/#breadcrumb\",\"itemListElement\":[{\"@type\":\"ListItem\",\"position\":1,\"name\":\"Home\",\"item\":\"https:\/\/legitgrams.com\/\"},{\"@type\":\"ListItem\",\"position\":2,\"name\":\"Shop\",\"item\":\"https:\/\/legitgrams.com\/shop\/\"},{\"@type\":\"ListItem\",\"position\":3,\"name\":\"Infinite Euphoria Marijuana\"}]},{\"@type\":\"WebSite\",\"@id\":\"https:\/\/legitgrams.com\/#website\",\"url\":\"https:\/\/legitgrams.com\/\",\"name\":\"Legit Grams\",\"description\":\"My WordPress Blog\",\"publisher\":{\"@id\":\"https:\/\/legitgrams.com\/#organization\"},\"potentialAction\":[{\"@type\":\"SearchAction\",\"target\":{\"@type\":\"EntryPoint\",\"urlTemplate\":\"https:\/\/legitgrams.com\/?s={search_term_string}\"},\"query-input\":{\"@type\":\"PropertyValueSpecification\",\"valueRequired\":true,\"valueName\":\"search_term_string\"}}],\"inLanguage\":\"it-IT\"},{\"@type\":\"Organization\",\"@id\":\"https:\/\/legitgrams.com\/#organization\",\"name\":\"Legit Grams\",\"url\":\"https:\/\/legitgrams.com\/\",\"logo\":{\"@type\":\"ImageObject\",\"inLanguage\":\"it-IT\",\"@id\":\"https:\/\/legitgrams.com\/#\/schema\/logo\/image\/\",\"url\":\"https:\/\/legitgrams.com\/wp-content\/uploads\/2024\/09\/main-logo.png\",\"contentUrl\":\"https:\/\/legitgrams.com\/wp-content\/uploads\/2024\/09\/main-logo.png\",\"width\":270,\"height\":75,\"caption\":\"Legit Grams\"},\"image\":{\"@id\":\"https:\/\/legitgrams.com\/#\/schema\/logo\/image\/\"}}]}<\/script>\n<!-- \/ Yoast SEO plugin. -->","yoast_head_json":{"title":"Acquista Infinite Euphoria Marijuana Online al Miglior Prezzo | LG","description":"Il tuo ordine di Infinite Euphoria Marijuana in vendita \u00e8 una nostra responsabilit\u00e0. Prenderemo in considerazione il tuo ordine di acquisto di Infinite Euphoria Marijuana e ti raggiungeremo in breve tempo. Risparmia di pi\u00f9 su Infinite Euphoria Marijuana con le nostre ultime promozioni. Acquista oggi e non perdere l'occasione.","robots":{"index":"index","follow":"follow","max-snippet":"max-snippet:-1","max-image-preview":"max-image-preview:large","max-video-preview":"max-video-preview:-1"},"canonical":"https:\/\/legitgrams.com\/it\/prodotto\/euforia-infinita-marijuana\/","og_locale":"it_IT","og_type":"article","og_title":"Buy Infinite Euphoria Marijuana Online @ Best Price | LG","og_description":"Your order for Infinite Euphoria Marijuana for sale is our responsibility. We will take your order to buy Infinite Euphoria Marijuana into consideration and reach you in a short period. Save More on Infinite Euphoria Marijuana with our latest promotions. Shop today and don't miss out.","og_url":"https:\/\/legitgrams.com\/it\/prodotto\/euforia-infinita-marijuana\/","og_site_name":"Legit Grams","article_modified_time":"2025-01-14T06:28:47+00:00","og_image":[{"width":600,"height":600,"url":"https:\/\/legitgrams.com\/wp-content\/uploads\/2024\/09\/Buy-Infinite-Euphoria-Marijuana-Online.jpg","type":"image\/jpeg"}],"twitter_card":"summary_large_image","twitter_misc":{"Tempo di lettura stimato":"2 minuti"},"schema":{"@context":"https:\/\/schema.org","@graph":[{"@type":"WebPage","@id":"https:\/\/legitgrams.com\/product\/infinite-euphoria-marijuana\/","url":"https:\/\/legitgrams.com\/product\/infinite-euphoria-marijuana\/","name":"Acquista Infinite Euphoria Marijuana Online al Miglior Prezzo | LG","isPartOf":{"@id":"https:\/\/legitgrams.com\/#website"},"primaryImageOfPage":{"@id":"https:\/\/legitgrams.com\/product\/infinite-euphoria-marijuana\/#primaryimage"},"image":{"@id":"https:\/\/legitgrams.com\/product\/infinite-euphoria-marijuana\/#primaryimage"},"thumbnailUrl":"https:\/\/legitgrams.com\/wp-content\/uploads\/2024\/09\/Buy-Infinite-Euphoria-Marijuana-Online.jpg","datePublished":"2024-09-19T11:34:24+00:00","dateModified":"2025-01-14T06:28:47+00:00","description":"Il tuo ordine di Infinite Euphoria Marijuana in vendita \u00e8 una nostra responsabilit\u00e0. Prenderemo in considerazione il tuo ordine di acquisto di Infinite Euphoria Marijuana e ti raggiungeremo in breve tempo. Risparmia di pi\u00f9 su Infinite Euphoria Marijuana con le nostre ultime promozioni. Acquista oggi e non perdere l'occasione.","breadcrumb":{"@id":"https:\/\/legitgrams.com\/product\/infinite-euphoria-marijuana\/#breadcrumb"},"inLanguage":"it-IT","potentialAction":[{"@type":"ReadAction","target":["https:\/\/legitgrams.com\/product\/infinite-euphoria-marijuana\/"]}]},{"@type":"ImageObject","inLanguage":"it-IT","@id":"https:\/\/legitgrams.com\/product\/infinite-euphoria-marijuana\/#primaryimage","url":"https:\/\/legitgrams.com\/wp-content\/uploads\/2024\/09\/Buy-Infinite-Euphoria-Marijuana-Online.jpg","contentUrl":"https:\/\/legitgrams.com\/wp-content\/uploads\/2024\/09\/Buy-Infinite-Euphoria-Marijuana-Online.jpg","width":600,"height":600,"caption":"Infinite Euphoria Marijuana for Sale"},{"@type":"BreadcrumbList","@id":"https:\/\/legitgrams.com\/product\/infinite-euphoria-marijuana\/#breadcrumb","itemListElement":[{"@type":"ListItem","position":1,"name":"Home","item":"https:\/\/legitgrams.com\/"},{"@type":"ListItem","position":2,"name":"Shop","item":"https:\/\/legitgrams.com\/shop\/"},{"@type":"ListItem","position":3,"name":"Infinite Euphoria Marijuana"}]},{"@type":"WebSite","@id":"https:\/\/legitgrams.com\/#website","url":"https:\/\/legitgrams.com\/","name":"Grammi legittimi","description":"Il mio blog WordPress","publisher":{"@id":"https:\/\/legitgrams.com\/#organization"},"potentialAction":[{"@type":"SearchAction","target":{"@type":"EntryPoint","urlTemplate":"https:\/\/legitgrams.com\/?s={search_term_string}"},"query-input":{"@type":"PropertyValueSpecification","valueRequired":true,"valueName":"search_term_string"}}],"inLanguage":"it-IT"},{"@type":"Organization","@id":"https:\/\/legitgrams.com\/#organization","name":"Grammi legittimi","url":"https:\/\/legitgrams.com\/","logo":{"@type":"ImageObject","inLanguage":"it-IT","@id":"https:\/\/legitgrams.com\/#\/schema\/logo\/image\/","url":"https:\/\/legitgrams.com\/wp-content\/uploads\/2024\/09\/main-logo.png","contentUrl":"https:\/\/legitgrams.com\/wp-content\/uploads\/2024\/09\/main-logo.png","width":270,"height":75,"caption":"Legit Grams"},"image":{"@id":"https:\/\/legitgrams.com\/#\/schema\/logo\/image\/"}}]}},"uagb_featured_image_src":{"full":["https:\/\/legitgrams.com\/wp-content\/uploads\/2024\/09\/Buy-Infinite-Euphoria-Marijuana-Online.jpg",600,600,false],"thumbnail":["https:\/\/legitgrams.com\/wp-content\/uploads\/2024\/09\/Buy-Infinite-Euphoria-Marijuana-Online-150x150.jpg",150,150,true],"medium":["https:\/\/legitgrams.com\/wp-content\/uploads\/2024\/09\/Buy-Infinite-Euphoria-Marijuana-Online-300x300.jpg",300,300,true],"medium_large":["https:\/\/legitgrams.com\/wp-content\/uploads\/2024\/09\/Buy-Infinite-Euphoria-Marijuana-Online.jpg",600,600,false],"large":["https:\/\/legitgrams.com\/wp-content\/uploads\/2024\/09\/Buy-Infinite-Euphoria-Marijuana-Online.jpg",600,600,false],"1536x1536":["https:\/\/legitgrams.com\/wp-content\/uploads\/2024\/09\/Buy-Infinite-Euphoria-Marijuana-Online.jpg",600,600,false],"2048x2048":["https:\/\/legitgrams.com\/wp-content\/uploads\/2024\/09\/Buy-Infinite-Euphoria-Marijuana-Online.jpg",600,600,false],"trp-custom-language-flag":["https:\/\/legitgrams.com\/wp-content\/uploads\/2024\/09\/Buy-Infinite-Euphoria-Marijuana-Online-12x12.jpg",12,12,true],"woocommerce_thumbnail":["https:\/\/legitgrams.com\/wp-content\/uploads\/2024\/09\/Buy-Infinite-Euphoria-Marijuana-Online-300x300.jpg",300,300,true],"woocommerce_single":["https:\/\/legitgrams.com\/wp-content\/uploads\/2024\/09\/Buy-Infinite-Euphoria-Marijuana-Online.jpg",600,600,false],"woocommerce_gallery_thumbnail":["https:\/\/legitgrams.com\/wp-content\/uploads\/2024\/09\/Buy-Infinite-Euphoria-Marijuana-Online-100x100.jpg",100,100,true]},"uagb_author_info":{"display_name":"cokeblog18","author_link":"https:\/\/legitgrams.com\/it\/author\/"},"uagb_comment_info":0,"uagb_excerpt":"Purchase Infinite Euphoria Cannabis Online Positive, enduring, happy, euphoric, and potentially soothing effects Depression, anxiety, fatigue, Changes in Emotion, Stress Flavors: Sweet, Musky, Citrus, and Pine Buy Infinite Euphoria Marijuana: purchase Euphoria Marijuana, purchase Infinite Euphoria Marijuana, purchase Infinite Euphoria Marijuana online, where to purchase Infinite Euphoria Marijuana, purchase Infinite Euphoria Marijuana online, purchase, suppliers,&hellip;","_links":{"self":[{"href":"https:\/\/legitgrams.com\/it\/wp-json\/wp\/v2\/product\/3734","targetHints":{"allow":["GET"]}}],"collection":[{"href":"https:\/\/legitgrams.com\/it\/wp-json\/wp\/v2\/product"}],"about":[{"href":"https:\/\/legitgrams.com\/it\/wp-json\/wp\/v2\/types\/product"}],"replies":[{"embeddable":true,"href":"https:\/\/legitgrams.com\/it\/wp-json\/wp\/v2\/comments?post=3734"}],"wp:featuredmedia":[{"embeddable":true,"href":"https:\/\/legitgrams.com\/it\/wp-json\/wp\/v2\/media\/5407"}],"wp:attachment":[{"href":"https:\/\/legitgrams.com\/it\/wp-json\/wp\/v2\/media?parent=3734"}],"wp:term":[{"taxonomy":"product_brand","embeddable":true,"href":"https:\/\/legitgrams.com\/it\/wp-json\/wp\/v2\/product_brand?post=3734"},{"taxonomy":"product_cat","embeddable":true,"href":"https:\/\/legitgrams.com\/it\/wp-json\/wp\/v2\/product_cat?post=3734"},{"taxonomy":"product_tag","embeddable":true,"href":"https:\/\/legitgrams.com\/it\/wp-json\/wp\/v2\/product_tag?post=3734"}],"curies":[{"name":"wp","href":"https:\/\/api.w.org\/{rel}","templated":true}]}}