{"id":3748,"date":"2024-09-19T12:02:00","date_gmt":"2024-09-19T12:02:00","guid":{"rendered":"https:\/\/legitgrams.com\/?post_type=product&#038;p=3748"},"modified":"2025-01-14T07:45:40","modified_gmt":"2025-01-14T07:45:40","slug":"erba-lemon-skunk","status":"publish","type":"product","link":"https:\/\/legitgrams.com\/it\/prodotto\/erba-lemon-skunk\/","title":{"rendered":"Erba puzzola al limone"},"content":{"rendered":"<h2>Acquisti di Lemon Skunk Weed online<\/h2>\n<p>Il rinomato team dietro pi\u00f9 di 125 altri ceppi, DNA Genetics, OG e <a href=\"https:\/\/legitgrams.com\/it\/prodotto\/erba-lemon-skunk\/\">Lemon Skunk<\/a>, ha sviluppato la pluripremiata variet\u00e0 sativa. Anche se questa storia genetica pu\u00f2 sembrare non specifica, DNA Genetics \u00e8 nota per aver selezionato due distinti pezzi fenotipici Skunk per il loro forte sapore e gusto di agrumi, quindi incrociare i due per creare quella o due serie. Ha vinto numerosi premi, tra cui il primo posto nella Highlife Cup del 2007 e nella Cannabis Cannabis Champions Cup del 2008, per il suo sapore dolce e rivitalizzante di limone. Come molte altre variet\u00e0 knockout in passato, Lemon Skunk di DNA Genetics ha sviluppato un seguito fedele ed \u00e8 disponibile in molte farmacie e caffetterie. Essere il leader mondiale diventa davvero impegnativo. Sorprendentemente, la Lemon Skunk ha meno dell'1% di CBD in media e una percentuale notevolmente alta di THC sativa, che varia da circa il 15 al 22%. L'altezza di questa variet\u00e0 \u00e8 spesso paragonata a quella della Laughing Buddha e di numerose altre variet\u00e0 sativa felici ed edificanti dai consumatori. \u00c8 tipicamente caratterizzata come altamente intelligente e inebriante. Poich\u00e9 ti d\u00e0 forza, entusiasmo e motivazione, la Lemon Skunk \u00e8 una variet\u00e0 fantastica da usare nel pomeriggio o dopo il lavoro. Come altri fiori sativa, la Lemon Skunk funziona meglio se usata per trattare depressione, stress, ansia e stanchezza. Il profumo unico della Lemon Skunk deriva dal potente gasolio della sua origine Skunk, ma il suo sapore delizioso \u00e8 definito da note agrumate aspre e rinfrescanti. Quando combinati, questi due sapori creano un carattere unico di terpeni. <a href=\"https:\/\/legitgrams.com\/it\/\">LegitGrams<\/a><\/p>\n<h3>aroma quasi identico a quello di un vero limone.<\/h3>\n<p>Acquista <a href=\"https:\/\/en.wikipedia.org\/wiki\/Skunk_weed\">Erba puzzola al limone<\/a> Online Online \u2013 Acquista Lemon Skunk Weed, Acquista Lemon Skunk Weed, Acquista Skunk Weed online, Dove acquistare Lemon Skunk Weed, Acquista Lemon Skunk Weed, Acquista Lemon Skunk Weed negli USA, Canada, Regno Unito, Acquista, Online, Fornitori, Consegna sicura, \u00c8 ancora possibile acquistare Lemon Skunk Weed online, scoprire se \u00e8 legale in Canada e scoprire se \u00e8 legale negli USA.<\/p>\n<h2><\/h2>\n<h2><\/h2>\n<h2><\/h2>\n<h2><\/h2>\n<h2><\/h2>\n<h2><\/h2>\n<h2><\/h2>\n<p>&nbsp;<\/p>","protected":false},"excerpt":{"rendered":"<p>Purchases of Lemon Skunk Weed Online The renowned team behind more than 125 other strains, DNA Genetics, OG, and Lemon Skunk, developed the award-winning sativa strain. Even though this genetic history may seem non-specific, DNA Genetics has been known to select two distinct Skunk phenotypic pieces for their strong citrus flavor and taste, then cross &hellip;<\/p>\n<p class=\"read-more\"> <a class=\"\" href=\"https:\/\/legitgrams.com\/it\/prodotto\/erba-lemon-skunk\/\"> <span class=\"screen-reader-text\">Erba puzzola al limone<\/span> Leggi tutto \"<\/a><\/p>","protected":false},"featured_media":5411,"comment_status":"open","ping_status":"closed","template":"","meta":{"_uag_custom_page_level_css":"","site-sidebar-layout":"default","site-content-layout":"default","ast-global-header-display":"","ast-main-header-display":"","ast-hfb-above-header-display":"","ast-hfb-below-header-display":"","ast-hfb-mobile-header-display":"","site-post-title":"","ast-breadcrumbs-content":"","ast-featured-img":"","footer-sml-layout":"","theme-transparent-header-meta":"default","adv-header-id-meta":"","stick-header-meta":"default","header-above-stick-meta":"","header-main-stick-meta":"","header-below-stick-meta":"","_joinchat":[]},"product_brand":[],"product_cat":[607],"product_tag":[5361,5351,617,5343,5358,5355,5350,5342,5345,5353,5346,5344,5354,5356,5363,5364,5362,5359,5348,5360,5357,625,5349,5352,5347],"class_list":{"0":"post-3748","1":"product","2":"type-product","3":"status-publish","4":"has-post-thumbnail","6":"product_cat-marijuana-cannabis","7":"product_tag-best-cheap-price-lemon-skunk-weed","8":"product_tag-best-place-to-buy-lemon-skunk-weed","9":"product_tag-bulk-online","10":"product_tag-buy-lemon-skunk-weed","11":"product_tag-cheap-lemon-skunk-weed","12":"product_tag-high-quality-lemon-skunk-weed","13":"product_tag-how-to-buy-lemon-skunk-weed","14":"product_tag-lemon-skunk-weed","15":"product_tag-lemon-skunk-weed-for-sale","16":"product_tag-lemon-skunk-weed-legally","17":"product_tag-lemon-skunk-weed-lemon-skunk-weed-supplier","18":"product_tag-lemon-skunk-weed-online","19":"product_tag-lemon-skunk-weed-price","20":"product_tag-lemon-skunk-weed-store","21":"product_tag-lemon-skunk-weed-use","22":"product_tag-lemon-skunk-weed-wiki","23":"product_tag-lemon-skunk-weed-worldwide","24":"product_tag-lemon-skunk-weeds","25":"product_tag-order-lemon-skunk-weed","26":"product_tag-purcharse-lemon-skunk-weed","27":"product_tag-shop-lemon-skunk-weed","28":"product_tag-top-quality","29":"product_tag-where-to-buy-lemon-skunk-weed","30":"product_tag-where-to-order-lemon-skunk-weed","31":"product_tag-wholesale-lemon-skunk-weed","32":"desktop-align-left","33":"tablet-align-left","34":"mobile-align-left","35":"ast-product-gallery-layout-horizontal","36":"ast-product-gallery-with-no-image","37":"ast-product-single-variable","38":"ast-product-tabs-layout-horizontal","39":"ast-qv-on-image","41":"first","42":"instock","43":"shipping-taxable","44":"purchasable","45":"product-type-variable"},"yoast_head":"<!-- This site is optimized with the Yoast SEO plugin v25.9 - https:\/\/yoast.com\/wordpress\/plugins\/seo\/ -->\n<title>Lemon Skunk Weed for Sale - Order Lemon Skunk Weed Online<\/title>\n<meta name=\"description\" content=\"Find premium Lemon Skunk Weed for sale at our online store, providing a secure platform to buy Lemon Skunk Weed online with ease, catering to your research needs.\" \/>\n<meta name=\"robots\" content=\"index, follow, max-snippet:-1, max-image-preview:large, max-video-preview:-1\" \/>\n<link rel=\"canonical\" href=\"https:\/\/legitgrams.com\/it\/prodotto\/erba-lemon-skunk\/\" \/>\n<meta property=\"og:locale\" content=\"it_IT\" \/>\n<meta property=\"og:type\" content=\"article\" \/>\n<meta property=\"og:title\" content=\"Lemon Skunk Weed for Sale - Order Lemon Skunk Weed Online\" \/>\n<meta property=\"og:description\" content=\"Find premium Lemon Skunk Weed for sale at our online store, providing a secure platform to buy Lemon Skunk Weed online with ease, catering to your research needs.\" \/>\n<meta property=\"og:url\" content=\"https:\/\/legitgrams.com\/it\/prodotto\/erba-lemon-skunk\/\" \/>\n<meta property=\"og:site_name\" content=\"Legit Grams\" \/>\n<meta property=\"article:modified_time\" content=\"2025-01-14T07:45:40+00:00\" \/>\n<meta property=\"og:image\" content=\"https:\/\/legitgrams.com\/wp-content\/uploads\/2024\/09\/Buy-Lemon-Skunk-Weed-online.jpg\" \/>\n\t<meta property=\"og:image:width\" content=\"600\" \/>\n\t<meta property=\"og:image:height\" content=\"600\" \/>\n\t<meta property=\"og:image:type\" content=\"image\/jpeg\" \/>\n<meta name=\"twitter:card\" content=\"summary_large_image\" \/>\n<meta name=\"twitter:label1\" content=\"Tempo di lettura stimato\" \/>\n\t<meta name=\"twitter:data1\" content=\"4 minuti\" \/>\n<script type=\"application\/ld+json\" class=\"yoast-schema-graph\">{\"@context\":\"https:\/\/schema.org\",\"@graph\":[{\"@type\":\"WebPage\",\"@id\":\"https:\/\/legitgrams.com\/product\/lemon-skunk-weed\/\",\"url\":\"https:\/\/legitgrams.com\/product\/lemon-skunk-weed\/\",\"name\":\"Lemon Skunk Weed for Sale - Order Lemon Skunk Weed Online\",\"isPartOf\":{\"@id\":\"https:\/\/legitgrams.com\/#website\"},\"primaryImageOfPage\":{\"@id\":\"https:\/\/legitgrams.com\/product\/lemon-skunk-weed\/#primaryimage\"},\"image\":{\"@id\":\"https:\/\/legitgrams.com\/product\/lemon-skunk-weed\/#primaryimage\"},\"thumbnailUrl\":\"https:\/\/legitgrams.com\/wp-content\/uploads\/2024\/09\/Buy-Lemon-Skunk-Weed-online.jpg\",\"datePublished\":\"2024-09-19T12:02:00+00:00\",\"dateModified\":\"2025-01-14T07:45:40+00:00\",\"description\":\"Find premium Lemon Skunk Weed for sale at our online store, providing a secure platform to buy Lemon Skunk Weed online with ease, catering to your research needs.\",\"breadcrumb\":{\"@id\":\"https:\/\/legitgrams.com\/product\/lemon-skunk-weed\/#breadcrumb\"},\"inLanguage\":\"it-IT\",\"potentialAction\":[{\"@type\":\"ReadAction\",\"target\":[\"https:\/\/legitgrams.com\/product\/lemon-skunk-weed\/\"]}]},{\"@type\":\"ImageObject\",\"inLanguage\":\"it-IT\",\"@id\":\"https:\/\/legitgrams.com\/product\/lemon-skunk-weed\/#primaryimage\",\"url\":\"https:\/\/legitgrams.com\/wp-content\/uploads\/2024\/09\/Buy-Lemon-Skunk-Weed-online.jpg\",\"contentUrl\":\"https:\/\/legitgrams.com\/wp-content\/uploads\/2024\/09\/Buy-Lemon-Skunk-Weed-online.jpg\",\"width\":600,\"height\":600,\"caption\":\"Lemon Skunk Weed for Sale\"},{\"@type\":\"BreadcrumbList\",\"@id\":\"https:\/\/legitgrams.com\/product\/lemon-skunk-weed\/#breadcrumb\",\"itemListElement\":[{\"@type\":\"ListItem\",\"position\":1,\"name\":\"Home\",\"item\":\"https:\/\/legitgrams.com\/\"},{\"@type\":\"ListItem\",\"position\":2,\"name\":\"Shop\",\"item\":\"https:\/\/legitgrams.com\/shop\/\"},{\"@type\":\"ListItem\",\"position\":3,\"name\":\"Lemon Skunk Weed\"}]},{\"@type\":\"WebSite\",\"@id\":\"https:\/\/legitgrams.com\/#website\",\"url\":\"https:\/\/legitgrams.com\/\",\"name\":\"Legit Grams\",\"description\":\"My WordPress Blog\",\"publisher\":{\"@id\":\"https:\/\/legitgrams.com\/#organization\"},\"potentialAction\":[{\"@type\":\"SearchAction\",\"target\":{\"@type\":\"EntryPoint\",\"urlTemplate\":\"https:\/\/legitgrams.com\/?s={search_term_string}\"},\"query-input\":{\"@type\":\"PropertyValueSpecification\",\"valueRequired\":true,\"valueName\":\"search_term_string\"}}],\"inLanguage\":\"it-IT\"},{\"@type\":\"Organization\",\"@id\":\"https:\/\/legitgrams.com\/#organization\",\"name\":\"Legit Grams\",\"url\":\"https:\/\/legitgrams.com\/\",\"logo\":{\"@type\":\"ImageObject\",\"inLanguage\":\"it-IT\",\"@id\":\"https:\/\/legitgrams.com\/#\/schema\/logo\/image\/\",\"url\":\"https:\/\/legitgrams.com\/wp-content\/uploads\/2024\/09\/main-logo.png\",\"contentUrl\":\"https:\/\/legitgrams.com\/wp-content\/uploads\/2024\/09\/main-logo.png\",\"width\":270,\"height\":75,\"caption\":\"Legit Grams\"},\"image\":{\"@id\":\"https:\/\/legitgrams.com\/#\/schema\/logo\/image\/\"}}]}<\/script>\n<!-- \/ Yoast SEO plugin. -->","yoast_head_json":{"title":"Erba Lemon Skunk in vendita - Ordina erba Lemon Skunk online","description":"Trova Lemon Skunk Weed di prima qualit\u00e0 in vendita nel nostro negozio online, che fornisce una piattaforma sicura per acquistare Lemon Skunk Weed online con facilit\u00e0, soddisfacendo le tue esigenze di ricerca.","robots":{"index":"index","follow":"follow","max-snippet":"max-snippet:-1","max-image-preview":"max-image-preview:large","max-video-preview":"max-video-preview:-1"},"canonical":"https:\/\/legitgrams.com\/it\/prodotto\/erba-lemon-skunk\/","og_locale":"it_IT","og_type":"article","og_title":"Lemon Skunk Weed for Sale - Order Lemon Skunk Weed Online","og_description":"Find premium Lemon Skunk Weed for sale at our online store, providing a secure platform to buy Lemon Skunk Weed online with ease, catering to your research needs.","og_url":"https:\/\/legitgrams.com\/it\/prodotto\/erba-lemon-skunk\/","og_site_name":"Legit Grams","article_modified_time":"2025-01-14T07:45:40+00:00","og_image":[{"width":600,"height":600,"url":"https:\/\/legitgrams.com\/wp-content\/uploads\/2024\/09\/Buy-Lemon-Skunk-Weed-online.jpg","type":"image\/jpeg"}],"twitter_card":"summary_large_image","twitter_misc":{"Tempo di lettura stimato":"4 minuti"},"schema":{"@context":"https:\/\/schema.org","@graph":[{"@type":"WebPage","@id":"https:\/\/legitgrams.com\/product\/lemon-skunk-weed\/","url":"https:\/\/legitgrams.com\/product\/lemon-skunk-weed\/","name":"Erba Lemon Skunk in vendita - Ordina erba Lemon Skunk online","isPartOf":{"@id":"https:\/\/legitgrams.com\/#website"},"primaryImageOfPage":{"@id":"https:\/\/legitgrams.com\/product\/lemon-skunk-weed\/#primaryimage"},"image":{"@id":"https:\/\/legitgrams.com\/product\/lemon-skunk-weed\/#primaryimage"},"thumbnailUrl":"https:\/\/legitgrams.com\/wp-content\/uploads\/2024\/09\/Buy-Lemon-Skunk-Weed-online.jpg","datePublished":"2024-09-19T12:02:00+00:00","dateModified":"2025-01-14T07:45:40+00:00","description":"Trova Lemon Skunk Weed di prima qualit\u00e0 in vendita nel nostro negozio online, che fornisce una piattaforma sicura per acquistare Lemon Skunk Weed online con facilit\u00e0, soddisfacendo le tue esigenze di ricerca.","breadcrumb":{"@id":"https:\/\/legitgrams.com\/product\/lemon-skunk-weed\/#breadcrumb"},"inLanguage":"it-IT","potentialAction":[{"@type":"ReadAction","target":["https:\/\/legitgrams.com\/product\/lemon-skunk-weed\/"]}]},{"@type":"ImageObject","inLanguage":"it-IT","@id":"https:\/\/legitgrams.com\/product\/lemon-skunk-weed\/#primaryimage","url":"https:\/\/legitgrams.com\/wp-content\/uploads\/2024\/09\/Buy-Lemon-Skunk-Weed-online.jpg","contentUrl":"https:\/\/legitgrams.com\/wp-content\/uploads\/2024\/09\/Buy-Lemon-Skunk-Weed-online.jpg","width":600,"height":600,"caption":"Lemon Skunk Weed for Sale"},{"@type":"BreadcrumbList","@id":"https:\/\/legitgrams.com\/product\/lemon-skunk-weed\/#breadcrumb","itemListElement":[{"@type":"ListItem","position":1,"name":"Home","item":"https:\/\/legitgrams.com\/"},{"@type":"ListItem","position":2,"name":"Shop","item":"https:\/\/legitgrams.com\/shop\/"},{"@type":"ListItem","position":3,"name":"Lemon Skunk Weed"}]},{"@type":"WebSite","@id":"https:\/\/legitgrams.com\/#website","url":"https:\/\/legitgrams.com\/","name":"Grammi legittimi","description":"Il mio blog WordPress","publisher":{"@id":"https:\/\/legitgrams.com\/#organization"},"potentialAction":[{"@type":"SearchAction","target":{"@type":"EntryPoint","urlTemplate":"https:\/\/legitgrams.com\/?s={search_term_string}"},"query-input":{"@type":"PropertyValueSpecification","valueRequired":true,"valueName":"search_term_string"}}],"inLanguage":"it-IT"},{"@type":"Organization","@id":"https:\/\/legitgrams.com\/#organization","name":"Grammi legittimi","url":"https:\/\/legitgrams.com\/","logo":{"@type":"ImageObject","inLanguage":"it-IT","@id":"https:\/\/legitgrams.com\/#\/schema\/logo\/image\/","url":"https:\/\/legitgrams.com\/wp-content\/uploads\/2024\/09\/main-logo.png","contentUrl":"https:\/\/legitgrams.com\/wp-content\/uploads\/2024\/09\/main-logo.png","width":270,"height":75,"caption":"Legit Grams"},"image":{"@id":"https:\/\/legitgrams.com\/#\/schema\/logo\/image\/"}}]}},"uagb_featured_image_src":{"full":["https:\/\/legitgrams.com\/wp-content\/uploads\/2024\/09\/Buy-Lemon-Skunk-Weed-online.jpg",600,600,false],"thumbnail":["https:\/\/legitgrams.com\/wp-content\/uploads\/2024\/09\/Buy-Lemon-Skunk-Weed-online-150x150.jpg",150,150,true],"medium":["https:\/\/legitgrams.com\/wp-content\/uploads\/2024\/09\/Buy-Lemon-Skunk-Weed-online-300x300.jpg",300,300,true],"medium_large":["https:\/\/legitgrams.com\/wp-content\/uploads\/2024\/09\/Buy-Lemon-Skunk-Weed-online.jpg",600,600,false],"large":["https:\/\/legitgrams.com\/wp-content\/uploads\/2024\/09\/Buy-Lemon-Skunk-Weed-online.jpg",600,600,false],"1536x1536":["https:\/\/legitgrams.com\/wp-content\/uploads\/2024\/09\/Buy-Lemon-Skunk-Weed-online.jpg",600,600,false],"2048x2048":["https:\/\/legitgrams.com\/wp-content\/uploads\/2024\/09\/Buy-Lemon-Skunk-Weed-online.jpg",600,600,false],"trp-custom-language-flag":["https:\/\/legitgrams.com\/wp-content\/uploads\/2024\/09\/Buy-Lemon-Skunk-Weed-online-12x12.jpg",12,12,true],"woocommerce_thumbnail":["https:\/\/legitgrams.com\/wp-content\/uploads\/2024\/09\/Buy-Lemon-Skunk-Weed-online-300x300.jpg",300,300,true],"woocommerce_single":["https:\/\/legitgrams.com\/wp-content\/uploads\/2024\/09\/Buy-Lemon-Skunk-Weed-online.jpg",600,600,false],"woocommerce_gallery_thumbnail":["https:\/\/legitgrams.com\/wp-content\/uploads\/2024\/09\/Buy-Lemon-Skunk-Weed-online-100x100.jpg",100,100,true]},"uagb_author_info":{"display_name":"cokeblog18","author_link":"https:\/\/legitgrams.com\/it\/author\/"},"uagb_comment_info":0,"uagb_excerpt":"Purchases of Lemon Skunk Weed Online The renowned team behind more than 125 other strains, DNA Genetics, OG, and Lemon Skunk, developed the award-winning sativa strain. Even though this genetic history may seem non-specific, DNA Genetics has been known to select two distinct Skunk phenotypic pieces for their strong citrus flavor and taste, then cross&hellip;","_links":{"self":[{"href":"https:\/\/legitgrams.com\/it\/wp-json\/wp\/v2\/product\/3748","targetHints":{"allow":["GET"]}}],"collection":[{"href":"https:\/\/legitgrams.com\/it\/wp-json\/wp\/v2\/product"}],"about":[{"href":"https:\/\/legitgrams.com\/it\/wp-json\/wp\/v2\/types\/product"}],"replies":[{"embeddable":true,"href":"https:\/\/legitgrams.com\/it\/wp-json\/wp\/v2\/comments?post=3748"}],"wp:featuredmedia":[{"embeddable":true,"href":"https:\/\/legitgrams.com\/it\/wp-json\/wp\/v2\/media\/5411"}],"wp:attachment":[{"href":"https:\/\/legitgrams.com\/it\/wp-json\/wp\/v2\/media?parent=3748"}],"wp:term":[{"taxonomy":"product_brand","embeddable":true,"href":"https:\/\/legitgrams.com\/it\/wp-json\/wp\/v2\/product_brand?post=3748"},{"taxonomy":"product_cat","embeddable":true,"href":"https:\/\/legitgrams.com\/it\/wp-json\/wp\/v2\/product_cat?post=3748"},{"taxonomy":"product_tag","embeddable":true,"href":"https:\/\/legitgrams.com\/it\/wp-json\/wp\/v2\/product_tag?post=3748"}],"curies":[{"name":"wp","href":"https:\/\/api.w.org\/{rel}","templated":true}]}}