{"id":3774,"date":"2024-09-19T12:41:50","date_gmt":"2024-09-19T12:41:50","guid":{"rendered":"https:\/\/legitgrams.com\/?post_type=product&#038;p=3774"},"modified":"2025-01-14T10:38:06","modified_gmt":"2025-01-14T10:38:06","slug":"varieta-di-marijuana-pineapple-express","status":"publish","type":"product","link":"https:\/\/legitgrams.com\/it\/prodotto\/varieta-di-marijuana-pineapple-express\/","title":{"rendered":"Variet\u00e0 di marijuana Pineapple Express"},"content":{"rendered":"<h2>Acquista online la variet\u00e0 di marijuana Pineapple Express<\/h2>\n<p>Effetti: energizzante, euforico e concentrato; pu\u00f2 alleviare depressione, affaticamento, perdita di appetito, mal di testa, nausea e incubi; pu\u00f2 alleviare il dolore cronico.<br \/>\nI sapori<br \/>\nAromi di agrumi, pino, ananas, dolci e tropicali<br \/>\nPino, ananas, terroso, dolce<\/p>\n<p>\u00c8 necessario ricordare, tuttavia, che la tensione non \u00e8 cos\u00ec forte come il film la dipinge. Tuttavia, <a href=\"https:\/\/en.wikipedia.org\/wiki\/Pineapple_Express_(film)\">Ananas Express<\/a> \u00e8 ancora in grado di fornire uno sballo piacevole e lievemente intorpidente, quindi \u00e8 qualcosa di cui rallegrarsi.<\/p>\n<p>La variet\u00e0 viene venduta sotto forma di pepite pesate con precisione che assomigliano a popcorn fatti di polistirolo. Ha un odore sgradevole con sfumature di agrumi, ma non ha un sapore dolce. Quando si inala, si nota un gusto sorprendente con una sfumatura di ananas. Il Pineapple Express \u00e8 usato per trattare un'ampia gamma di malattie, compresa l'ansia. D'altra parte, ha molto pi\u00f9 successo nel trattare contemporaneamente i segni e i sintomi della depressione persistente. Non c'\u00e8 bisogno di cercare di pi\u00f9 se i vostri dolori sono moderati. Il Pineapple Express \u00e8 pacifico e tonificante, come scoprirete dopo averlo fumato. <a href=\"https:\/\/legitgrams.com\/it\/\">LegitGrams<\/a><\/p>\n<p>Acquisto <a href=\"https:\/\/legitgrams.com\/it\/prodotto\/varieta-di-marijuana-pineapple-express\/\">Cannabis Pineapple Express<\/a> Ceppo online: Acquisto della variet\u00e0 di cannabis, Acquisto della variet\u00e0 di cannabis Pineapple Express, Acquisto della variet\u00e0 di marijuana Pineapple Express online, Dove acquistare la variet\u00e0 di marijuana Pineapple Express online, Vendita della variet\u00e0 di marijuana Pineapple Express negli Stati Uniti, Canada, Regno Unito, Acquisto, Online, Fornitori, Consegna sicura, Vendita della variet\u00e0 di marijuana Pineapple, Acquisto della variet\u00e0 di marijuana online, La variet\u00e0 di marijuana Pineapple Express \u00e8 ancora disponibile. Scopri se \u00e8 disponibile negli Stati Uniti e dove acquistarla online. Qual \u00e8 lo stato legale della variet\u00e0 di marijuana Pineapple Express in Canada e come posso ottenerla?<\/p>","protected":false},"excerpt":{"rendered":"<p>Purchase Pineapple Express Marijuana Strain Online Effects: energizing, euphoric, and focused; may alleviate depression, fatigue, loss of appetite, headaches, nausea, and nightmares; may relieve chronic pain Tastes Aromas of citrus, pine, pineapple, sweet, and tropical Pine, Pineapple, Earthy, Sweet You must remember, though, that the tension is not as great as the film portrays it &hellip;<\/p>\n<p class=\"read-more\"> <a class=\"\" href=\"https:\/\/legitgrams.com\/it\/prodotto\/varieta-di-marijuana-pineapple-express\/\"> <span class=\"screen-reader-text\">Variet\u00e0 di marijuana Pineapple Express<\/span> Leggi tutto \"<\/a><\/p>","protected":false},"featured_media":5416,"comment_status":"open","ping_status":"closed","template":"","meta":{"_uag_custom_page_level_css":"","site-sidebar-layout":"default","site-content-layout":"default","ast-global-header-display":"","ast-main-header-display":"","ast-hfb-above-header-display":"","ast-hfb-below-header-display":"","ast-hfb-mobile-header-display":"","site-post-title":"","ast-breadcrumbs-content":"","ast-featured-img":"","footer-sml-layout":"","theme-transparent-header-meta":"default","adv-header-id-meta":"","stick-header-meta":"default","header-above-stick-meta":"","header-main-stick-meta":"","header-below-stick-meta":"","_joinchat":[]},"product_brand":[],"product_cat":[607],"product_tag":[5292,5282,617,5274,5289,5286,5281,5279,5273,5276,5284,5275,5277,5285,5287,5294,5295,5293,5290,5291,5288,625,5280,5283,5278],"class_list":{"0":"post-3774","1":"product","2":"type-product","3":"status-publish","4":"has-post-thumbnail","6":"product_cat-marijuana-cannabis","7":"product_tag-best-cheap-price-pineapple-express-marijuana-strain","8":"product_tag-best-place-to-buy-pineapple-express-marijuana-strain","9":"product_tag-bulk-online","10":"product_tag-buy-pineapple-express-marijuana-strain","11":"product_tag-cheap-pineapple-express-marijuana-strain","12":"product_tag-high-quality-pineapple-express-marijuana-strain","13":"product_tag-how-to-buy-pineapple-express-marijuana-strain","14":"product_tag-order-pineapple-express-marijuana-strain","15":"product_tag-pineapple-express-marijuana-strain","16":"product_tag-pineapple-express-marijuana-strain-for-sale","17":"product_tag-pineapple-express-marijuana-strain-legally","18":"product_tag-pineapple-express-marijuana-strain-online","19":"product_tag-pineapple-express-marijuana-strain-pineapple-express-marijuana-strain-supplier","20":"product_tag-pineapple-express-marijuana-strain-price","21":"product_tag-pineapple-express-marijuana-strain-store","22":"product_tag-pineapple-express-marijuana-strain-use","23":"product_tag-pineapple-express-marijuana-strain-wiki","24":"product_tag-pineapple-express-marijuana-strain-worldwide","25":"product_tag-pineapple-express-marijuana-strains","26":"product_tag-purcharse-pineapple-express-marijuana-strain","27":"product_tag-shop-pineapple-express-marijuana-strain","28":"product_tag-top-quality","29":"product_tag-where-to-buy-pineapple-express-marijuana-strain","30":"product_tag-where-to-order-pineapple-express-marijuana-strain","31":"product_tag-wholesale-pineapple-express-marijuana-strain","32":"desktop-align-left","33":"tablet-align-left","34":"mobile-align-left","35":"ast-product-gallery-layout-horizontal","36":"ast-product-gallery-with-no-image","37":"ast-product-single-variable","38":"ast-product-tabs-layout-horizontal","39":"ast-qv-on-image","41":"first","42":"instock","43":"shipping-taxable","44":"purchasable","45":"product-type-variable"},"yoast_head":"<!-- This site is optimized with the Yoast SEO plugin v25.9 - https:\/\/yoast.com\/wordpress\/plugins\/seo\/ -->\n<title>Pineapple Express Marijuana Strain for Sale at LegitGrams<\/title>\n<meta name=\"description\" content=\"Find premium Pineapple Express for sale at our online store, providing a secure platform to buy Pineapple Express online with ease, catering to your research needs.\" \/>\n<meta name=\"robots\" content=\"index, follow, max-snippet:-1, max-image-preview:large, max-video-preview:-1\" \/>\n<link rel=\"canonical\" href=\"https:\/\/legitgrams.com\/it\/prodotto\/varieta-di-marijuana-pineapple-express\/\" \/>\n<meta property=\"og:locale\" content=\"it_IT\" \/>\n<meta property=\"og:type\" content=\"article\" \/>\n<meta property=\"og:title\" content=\"Pineapple Express Marijuana Strain for Sale at LegitGrams\" \/>\n<meta property=\"og:description\" content=\"Find premium Pineapple Express for sale at our online store, providing a secure platform to buy Pineapple Express online with ease, catering to your research needs.\" \/>\n<meta property=\"og:url\" content=\"https:\/\/legitgrams.com\/it\/prodotto\/varieta-di-marijuana-pineapple-express\/\" \/>\n<meta property=\"og:site_name\" content=\"Legit Grams\" \/>\n<meta property=\"article:modified_time\" content=\"2025-01-14T10:38:06+00:00\" \/>\n<meta property=\"og:image\" content=\"https:\/\/legitgrams.com\/wp-content\/uploads\/2024\/09\/Buy-Pineapple-Express-Marijuana-Strain-Online.jpg\" \/>\n\t<meta property=\"og:image:width\" content=\"600\" \/>\n\t<meta property=\"og:image:height\" content=\"600\" \/>\n\t<meta property=\"og:image:type\" content=\"image\/jpeg\" \/>\n<meta name=\"twitter:card\" content=\"summary_large_image\" \/>\n<meta name=\"twitter:label1\" content=\"Tempo di lettura stimato\" \/>\n\t<meta name=\"twitter:data1\" content=\"2 minuti\" \/>\n<script type=\"application\/ld+json\" class=\"yoast-schema-graph\">{\"@context\":\"https:\/\/schema.org\",\"@graph\":[{\"@type\":\"WebPage\",\"@id\":\"https:\/\/legitgrams.com\/product\/pineapple-express-marijuana-strain\/\",\"url\":\"https:\/\/legitgrams.com\/product\/pineapple-express-marijuana-strain\/\",\"name\":\"Pineapple Express Marijuana Strain for Sale at LegitGrams\",\"isPartOf\":{\"@id\":\"https:\/\/legitgrams.com\/#website\"},\"primaryImageOfPage\":{\"@id\":\"https:\/\/legitgrams.com\/product\/pineapple-express-marijuana-strain\/#primaryimage\"},\"image\":{\"@id\":\"https:\/\/legitgrams.com\/product\/pineapple-express-marijuana-strain\/#primaryimage\"},\"thumbnailUrl\":\"https:\/\/legitgrams.com\/wp-content\/uploads\/2024\/09\/Buy-Pineapple-Express-Marijuana-Strain-Online.jpg\",\"datePublished\":\"2024-09-19T12:41:50+00:00\",\"dateModified\":\"2025-01-14T10:38:06+00:00\",\"description\":\"Find premium Pineapple Express for sale at our online store, providing a secure platform to buy Pineapple Express online with ease, catering to your research needs.\",\"breadcrumb\":{\"@id\":\"https:\/\/legitgrams.com\/product\/pineapple-express-marijuana-strain\/#breadcrumb\"},\"inLanguage\":\"it-IT\",\"potentialAction\":[{\"@type\":\"ReadAction\",\"target\":[\"https:\/\/legitgrams.com\/product\/pineapple-express-marijuana-strain\/\"]}]},{\"@type\":\"ImageObject\",\"inLanguage\":\"it-IT\",\"@id\":\"https:\/\/legitgrams.com\/product\/pineapple-express-marijuana-strain\/#primaryimage\",\"url\":\"https:\/\/legitgrams.com\/wp-content\/uploads\/2024\/09\/Buy-Pineapple-Express-Marijuana-Strain-Online.jpg\",\"contentUrl\":\"https:\/\/legitgrams.com\/wp-content\/uploads\/2024\/09\/Buy-Pineapple-Express-Marijuana-Strain-Online.jpg\",\"width\":600,\"height\":600,\"caption\":\"Pineapple Express Marijuana Strain for Sale\"},{\"@type\":\"BreadcrumbList\",\"@id\":\"https:\/\/legitgrams.com\/product\/pineapple-express-marijuana-strain\/#breadcrumb\",\"itemListElement\":[{\"@type\":\"ListItem\",\"position\":1,\"name\":\"Home\",\"item\":\"https:\/\/legitgrams.com\/\"},{\"@type\":\"ListItem\",\"position\":2,\"name\":\"Shop\",\"item\":\"https:\/\/legitgrams.com\/shop\/\"},{\"@type\":\"ListItem\",\"position\":3,\"name\":\"Pineapple Express Marijuana Strain\"}]},{\"@type\":\"WebSite\",\"@id\":\"https:\/\/legitgrams.com\/#website\",\"url\":\"https:\/\/legitgrams.com\/\",\"name\":\"Legit Grams\",\"description\":\"My WordPress Blog\",\"publisher\":{\"@id\":\"https:\/\/legitgrams.com\/#organization\"},\"potentialAction\":[{\"@type\":\"SearchAction\",\"target\":{\"@type\":\"EntryPoint\",\"urlTemplate\":\"https:\/\/legitgrams.com\/?s={search_term_string}\"},\"query-input\":{\"@type\":\"PropertyValueSpecification\",\"valueRequired\":true,\"valueName\":\"search_term_string\"}}],\"inLanguage\":\"it-IT\"},{\"@type\":\"Organization\",\"@id\":\"https:\/\/legitgrams.com\/#organization\",\"name\":\"Legit Grams\",\"url\":\"https:\/\/legitgrams.com\/\",\"logo\":{\"@type\":\"ImageObject\",\"inLanguage\":\"it-IT\",\"@id\":\"https:\/\/legitgrams.com\/#\/schema\/logo\/image\/\",\"url\":\"https:\/\/legitgrams.com\/wp-content\/uploads\/2024\/09\/main-logo.png\",\"contentUrl\":\"https:\/\/legitgrams.com\/wp-content\/uploads\/2024\/09\/main-logo.png\",\"width\":270,\"height\":75,\"caption\":\"Legit Grams\"},\"image\":{\"@id\":\"https:\/\/legitgrams.com\/#\/schema\/logo\/image\/\"}}]}<\/script>\n<!-- \/ Yoast SEO plugin. -->","yoast_head_json":{"title":"Variet\u00e0 di marijuana Pineapple Express in vendita su LegitGrams","description":"Trova Pineapple Express in vendita nel nostro negozio online, che fornisce una piattaforma sicura per acquistare Pineapple Express online con facilit\u00e0, soddisfacendo le tue esigenze di ricerca.","robots":{"index":"index","follow":"follow","max-snippet":"max-snippet:-1","max-image-preview":"max-image-preview:large","max-video-preview":"max-video-preview:-1"},"canonical":"https:\/\/legitgrams.com\/it\/prodotto\/varieta-di-marijuana-pineapple-express\/","og_locale":"it_IT","og_type":"article","og_title":"Pineapple Express Marijuana Strain for Sale at LegitGrams","og_description":"Find premium Pineapple Express for sale at our online store, providing a secure platform to buy Pineapple Express online with ease, catering to your research needs.","og_url":"https:\/\/legitgrams.com\/it\/prodotto\/varieta-di-marijuana-pineapple-express\/","og_site_name":"Legit Grams","article_modified_time":"2025-01-14T10:38:06+00:00","og_image":[{"width":600,"height":600,"url":"https:\/\/legitgrams.com\/wp-content\/uploads\/2024\/09\/Buy-Pineapple-Express-Marijuana-Strain-Online.jpg","type":"image\/jpeg"}],"twitter_card":"summary_large_image","twitter_misc":{"Tempo di lettura stimato":"2 minuti"},"schema":{"@context":"https:\/\/schema.org","@graph":[{"@type":"WebPage","@id":"https:\/\/legitgrams.com\/product\/pineapple-express-marijuana-strain\/","url":"https:\/\/legitgrams.com\/product\/pineapple-express-marijuana-strain\/","name":"Variet\u00e0 di marijuana Pineapple Express in vendita su LegitGrams","isPartOf":{"@id":"https:\/\/legitgrams.com\/#website"},"primaryImageOfPage":{"@id":"https:\/\/legitgrams.com\/product\/pineapple-express-marijuana-strain\/#primaryimage"},"image":{"@id":"https:\/\/legitgrams.com\/product\/pineapple-express-marijuana-strain\/#primaryimage"},"thumbnailUrl":"https:\/\/legitgrams.com\/wp-content\/uploads\/2024\/09\/Buy-Pineapple-Express-Marijuana-Strain-Online.jpg","datePublished":"2024-09-19T12:41:50+00:00","dateModified":"2025-01-14T10:38:06+00:00","description":"Trova Pineapple Express in vendita nel nostro negozio online, che fornisce una piattaforma sicura per acquistare Pineapple Express online con facilit\u00e0, soddisfacendo le tue esigenze di ricerca.","breadcrumb":{"@id":"https:\/\/legitgrams.com\/product\/pineapple-express-marijuana-strain\/#breadcrumb"},"inLanguage":"it-IT","potentialAction":[{"@type":"ReadAction","target":["https:\/\/legitgrams.com\/product\/pineapple-express-marijuana-strain\/"]}]},{"@type":"ImageObject","inLanguage":"it-IT","@id":"https:\/\/legitgrams.com\/product\/pineapple-express-marijuana-strain\/#primaryimage","url":"https:\/\/legitgrams.com\/wp-content\/uploads\/2024\/09\/Buy-Pineapple-Express-Marijuana-Strain-Online.jpg","contentUrl":"https:\/\/legitgrams.com\/wp-content\/uploads\/2024\/09\/Buy-Pineapple-Express-Marijuana-Strain-Online.jpg","width":600,"height":600,"caption":"Pineapple Express Marijuana Strain for Sale"},{"@type":"BreadcrumbList","@id":"https:\/\/legitgrams.com\/product\/pineapple-express-marijuana-strain\/#breadcrumb","itemListElement":[{"@type":"ListItem","position":1,"name":"Home","item":"https:\/\/legitgrams.com\/"},{"@type":"ListItem","position":2,"name":"Shop","item":"https:\/\/legitgrams.com\/shop\/"},{"@type":"ListItem","position":3,"name":"Pineapple Express Marijuana Strain"}]},{"@type":"WebSite","@id":"https:\/\/legitgrams.com\/#website","url":"https:\/\/legitgrams.com\/","name":"Grammi legittimi","description":"Il mio blog WordPress","publisher":{"@id":"https:\/\/legitgrams.com\/#organization"},"potentialAction":[{"@type":"SearchAction","target":{"@type":"EntryPoint","urlTemplate":"https:\/\/legitgrams.com\/?s={search_term_string}"},"query-input":{"@type":"PropertyValueSpecification","valueRequired":true,"valueName":"search_term_string"}}],"inLanguage":"it-IT"},{"@type":"Organization","@id":"https:\/\/legitgrams.com\/#organization","name":"Grammi legittimi","url":"https:\/\/legitgrams.com\/","logo":{"@type":"ImageObject","inLanguage":"it-IT","@id":"https:\/\/legitgrams.com\/#\/schema\/logo\/image\/","url":"https:\/\/legitgrams.com\/wp-content\/uploads\/2024\/09\/main-logo.png","contentUrl":"https:\/\/legitgrams.com\/wp-content\/uploads\/2024\/09\/main-logo.png","width":270,"height":75,"caption":"Legit Grams"},"image":{"@id":"https:\/\/legitgrams.com\/#\/schema\/logo\/image\/"}}]}},"uagb_featured_image_src":{"full":["https:\/\/legitgrams.com\/wp-content\/uploads\/2024\/09\/Buy-Pineapple-Express-Marijuana-Strain-Online.jpg",600,600,false],"thumbnail":["https:\/\/legitgrams.com\/wp-content\/uploads\/2024\/09\/Buy-Pineapple-Express-Marijuana-Strain-Online-150x150.jpg",150,150,true],"medium":["https:\/\/legitgrams.com\/wp-content\/uploads\/2024\/09\/Buy-Pineapple-Express-Marijuana-Strain-Online-300x300.jpg",300,300,true],"medium_large":["https:\/\/legitgrams.com\/wp-content\/uploads\/2024\/09\/Buy-Pineapple-Express-Marijuana-Strain-Online.jpg",600,600,false],"large":["https:\/\/legitgrams.com\/wp-content\/uploads\/2024\/09\/Buy-Pineapple-Express-Marijuana-Strain-Online.jpg",600,600,false],"1536x1536":["https:\/\/legitgrams.com\/wp-content\/uploads\/2024\/09\/Buy-Pineapple-Express-Marijuana-Strain-Online.jpg",600,600,false],"2048x2048":["https:\/\/legitgrams.com\/wp-content\/uploads\/2024\/09\/Buy-Pineapple-Express-Marijuana-Strain-Online.jpg",600,600,false],"trp-custom-language-flag":["https:\/\/legitgrams.com\/wp-content\/uploads\/2024\/09\/Buy-Pineapple-Express-Marijuana-Strain-Online-12x12.jpg",12,12,true],"woocommerce_thumbnail":["https:\/\/legitgrams.com\/wp-content\/uploads\/2024\/09\/Buy-Pineapple-Express-Marijuana-Strain-Online-300x300.jpg",300,300,true],"woocommerce_single":["https:\/\/legitgrams.com\/wp-content\/uploads\/2024\/09\/Buy-Pineapple-Express-Marijuana-Strain-Online.jpg",600,600,false],"woocommerce_gallery_thumbnail":["https:\/\/legitgrams.com\/wp-content\/uploads\/2024\/09\/Buy-Pineapple-Express-Marijuana-Strain-Online-100x100.jpg",100,100,true]},"uagb_author_info":{"display_name":"cokeblog18","author_link":"https:\/\/legitgrams.com\/it\/author\/"},"uagb_comment_info":0,"uagb_excerpt":"Purchase Pineapple Express Marijuana Strain Online Effects: energizing, euphoric, and focused; may alleviate depression, fatigue, loss of appetite, headaches, nausea, and nightmares; may relieve chronic pain Tastes Aromas of citrus, pine, pineapple, sweet, and tropical Pine, Pineapple, Earthy, Sweet You must remember, though, that the tension is not as great as the film portrays it&hellip;","_links":{"self":[{"href":"https:\/\/legitgrams.com\/it\/wp-json\/wp\/v2\/product\/3774","targetHints":{"allow":["GET"]}}],"collection":[{"href":"https:\/\/legitgrams.com\/it\/wp-json\/wp\/v2\/product"}],"about":[{"href":"https:\/\/legitgrams.com\/it\/wp-json\/wp\/v2\/types\/product"}],"replies":[{"embeddable":true,"href":"https:\/\/legitgrams.com\/it\/wp-json\/wp\/v2\/comments?post=3774"}],"wp:featuredmedia":[{"embeddable":true,"href":"https:\/\/legitgrams.com\/it\/wp-json\/wp\/v2\/media\/5416"}],"wp:attachment":[{"href":"https:\/\/legitgrams.com\/it\/wp-json\/wp\/v2\/media?parent=3774"}],"wp:term":[{"taxonomy":"product_brand","embeddable":true,"href":"https:\/\/legitgrams.com\/it\/wp-json\/wp\/v2\/product_brand?post=3774"},{"taxonomy":"product_cat","embeddable":true,"href":"https:\/\/legitgrams.com\/it\/wp-json\/wp\/v2\/product_cat?post=3774"},{"taxonomy":"product_tag","embeddable":true,"href":"https:\/\/legitgrams.com\/it\/wp-json\/wp\/v2\/product_tag?post=3774"}],"curies":[{"name":"wp","href":"https:\/\/api.w.org\/{rel}","templated":true}]}}