{"id":3799,"date":"2024-09-20T05:13:17","date_gmt":"2024-09-20T05:13:17","guid":{"rendered":"https:\/\/legitgrams.com\/?post_type=product&#038;p=3799"},"modified":"2025-12-18T23:15:34","modified_gmt":"2025-12-18T23:15:34","slug":"varieta-di-marijuana-purple-wreck","status":"publish","type":"product","link":"https:\/\/legitgrams.com\/it\/prodotto\/varieta-di-marijuana-purple-wreck\/","title":{"rendered":"Variet\u00e0 di marijuana Purple Wreck"},"content":{"rendered":"<h2>Acquista online la variet\u00e0 di cannabis Purple Wreck<\/h2>\n<p>La Purple Trainwreck, chiamata anche Purple Wreck, \u00e8 stata prodotta dalla Humboldt Seed Organization nella California settentrionale incrociando la Trainwreck, una variet\u00e0 Mendocino Purps, con la Mendocino Purps. <a style=\"font-size: 16px; background-color: #ffffff;\" href=\"https:\/\/legitgrams.com\/it\/\">LegitGrams<\/a><\/p>\n<p>Il cervello tende a provare un effetto psichedelico molto rilassante quando esposto a Purple Trainwreck. Il sapore caratteristico di questa popolare variet\u00e0 viola \u00e8 descritto come una miscela di lavanda, limone e pino. Ha anche un odore di agrumi aspri.<\/p>\n<p><a href=\"http:\/\/www.cannapedia.cz\/en\/variety\/purple-wreck\">Acquista la variet\u00e0 di cannabis Purple Wreck<\/a> Online - Acquisto di variet\u00e0 di marijuana, Acquisto di variet\u00e0 di cannabis Purple Wreck, Acquisto di variet\u00e0 di marijuana Wreck online, Dove acquistare la variet\u00e0 di cannabis Purple Wreck, Vendita di variet\u00e0 di marijuana Purple Wreck, Acquisto di variet\u00e0 di marijuana Wreck online, Dove acquistare la variet\u00e0 di cannabis Purple Wreck online, la variet\u00e0 di marijuana Purple Wreck in vendita negli Stati Uniti, in Canada, nel Regno Unito, acquisto, online, fornitori, consegna sicura \u00c8 ancora possibile ottenere la variet\u00e0 di marijuana Purple Wreck, cos\u00ec come informazioni sull'ordine <a href=\"https:\/\/legitgrams.com\/it\/prodotto\/varieta-di-marijuana-purple-wreck\/\">Strai di marijuana del relitto viola<\/a>n, \u00e8 legale in Canada e dove si pu\u00f2 acquistare online.<\/p>","protected":false},"excerpt":{"rendered":"<p>Purchase Purple Wreck Strain of Cannabis Online The Purple Trainwreck, also called Purple Wreck, was produced by the Humboldt Seed Organization in Northern California by crossing Trainwreck, a Mendocino Purps variety, with Mendocino Purps. LegitGrams The brain tends to experience a very relaxing psychedelic effect when exposed to Purple Trainwreck. The flavor characteristic of this &hellip;<\/p>\n<p class=\"read-more\"> <a class=\"\" href=\"https:\/\/legitgrams.com\/it\/prodotto\/varieta-di-marijuana-purple-wreck\/\"> <span class=\"screen-reader-text\">Variet\u00e0 di marijuana Purple Wreck<\/span> Leggi tutto \"<\/a><\/p>","protected":false},"featured_media":5418,"comment_status":"open","ping_status":"closed","template":"","meta":{"_uag_custom_page_level_css":"","site-sidebar-layout":"default","site-content-layout":"default","ast-global-header-display":"","ast-main-header-display":"","ast-hfb-above-header-display":"","ast-hfb-below-header-display":"","ast-hfb-mobile-header-display":"","site-post-title":"","ast-breadcrumbs-content":"","ast-featured-img":"","footer-sml-layout":"","theme-transparent-header-meta":"default","adv-header-id-meta":"","stick-header-meta":"default","header-above-stick-meta":"","header-main-stick-meta":"","header-below-stick-meta":"","_joinchat":[]},"product_brand":[],"product_cat":[607],"product_tag":[5246,5236,617,5228,5243,5240,5235,5233,5245,5227,5230,5238,5229,5239,5231,5241,5248,5249,5247,5244,5242,625,5234,5237,5232],"class_list":{"0":"post-3799","1":"product","2":"type-product","3":"status-publish","4":"has-post-thumbnail","6":"product_cat-marijuana-cannabis","7":"product_tag-best-cheap-price-purple-wreck-marijuana-strain","8":"product_tag-best-place-to-buy-purple-wreck-marijuana-strain","9":"product_tag-bulk-online","10":"product_tag-buy-purple-wreck-marijuana-strain","11":"product_tag-cheap-purple-wreck-marijuana-strain","12":"product_tag-high-quality-purple-wreck-marijuana-strain","13":"product_tag-how-to-buy-purple-wreck-marijuana-strain","14":"product_tag-order-purple-wreck-marijuana-strain","15":"product_tag-purcharse-purple-wreck-marijuana-strain","16":"product_tag-purple-wreck-marijuana-strain","17":"product_tag-purple-wreck-marijuana-strain-for-sale","18":"product_tag-purple-wreck-marijuana-strain-legally","19":"product_tag-purple-wreck-marijuana-strain-online","20":"product_tag-purple-wreck-marijuana-strain-price","21":"product_tag-purple-wreck-marijuana-strain-purple-wreck-marijuana-strain-supplier","22":"product_tag-purple-wreck-marijuana-strain-store","23":"product_tag-purple-wreck-marijuana-strain-use","24":"product_tag-purple-wreck-marijuana-strain-wiki","25":"product_tag-purple-wreck-marijuana-strain-worldwide","26":"product_tag-purple-wreck-marijuana-strains","27":"product_tag-shop-purple-wreck-marijuana-strain","28":"product_tag-top-quality","29":"product_tag-where-to-buy-purple-wreck-marijuana-strain","30":"product_tag-where-to-order-purple-wreck-marijuana-strain","31":"product_tag-wholesale-purple-wreck-marijuana-strain","32":"desktop-align-left","33":"tablet-align-left","34":"mobile-align-left","35":"ast-product-gallery-layout-horizontal","36":"ast-product-gallery-with-no-image","37":"ast-product-single-variable","38":"ast-product-tabs-layout-horizontal","39":"ast-qv-on-image","41":"first","42":"instock","43":"shipping-taxable","44":"purchasable","45":"product-type-variable"},"yoast_head":"<!-- This site is optimized with the Yoast SEO plugin v25.9 - https:\/\/yoast.com\/wordpress\/plugins\/seo\/ -->\n<title>Purple Wreck Marijuana Strain for Sale - Buy Purple Wreck Online<\/title>\n<meta name=\"description\" content=\"If you want to buy purple wreck marijuana strain online and looking for a reliable online store, then buy here. We offer only high-quality wreck marijuana strain for sale at an affordable price. Order Now!\" \/>\n<meta name=\"robots\" content=\"index, follow, max-snippet:-1, max-image-preview:large, max-video-preview:-1\" \/>\n<link rel=\"canonical\" href=\"https:\/\/legitgrams.com\/it\/prodotto\/varieta-di-marijuana-purple-wreck\/\" \/>\n<meta property=\"og:locale\" content=\"it_IT\" \/>\n<meta property=\"og:type\" content=\"article\" \/>\n<meta property=\"og:title\" content=\"Purple Wreck Marijuana Strain for Sale - Buy Purple Wreck Online\" \/>\n<meta property=\"og:description\" content=\"If you want to buy purple wreck marijuana strain online and looking for a reliable online store, then buy here. We offer only high-quality wreck marijuana strain for sale at an affordable price. Order Now!\" \/>\n<meta property=\"og:url\" content=\"https:\/\/legitgrams.com\/it\/prodotto\/varieta-di-marijuana-purple-wreck\/\" \/>\n<meta property=\"og:site_name\" content=\"Legit Grams\" \/>\n<meta property=\"article:modified_time\" content=\"2025-12-18T23:15:34+00:00\" \/>\n<meta property=\"og:image\" content=\"https:\/\/legitgrams.com\/wp-content\/uploads\/2024\/09\/Buy-Purple-Wreck-Marijuana-Strain-Online.jpg\" \/>\n\t<meta property=\"og:image:width\" content=\"600\" \/>\n\t<meta property=\"og:image:height\" content=\"600\" \/>\n\t<meta property=\"og:image:type\" content=\"image\/jpeg\" \/>\n<meta name=\"twitter:card\" content=\"summary_large_image\" \/>\n<meta name=\"twitter:label1\" content=\"Tempo di lettura stimato\" \/>\n\t<meta name=\"twitter:data1\" content=\"1 minuto\" \/>\n<script type=\"application\/ld+json\" class=\"yoast-schema-graph\">{\"@context\":\"https:\/\/schema.org\",\"@graph\":[{\"@type\":\"WebPage\",\"@id\":\"https:\/\/legitgrams.com\/product\/purple-wreck-marijuana-strain\/\",\"url\":\"https:\/\/legitgrams.com\/product\/purple-wreck-marijuana-strain\/\",\"name\":\"Purple Wreck Marijuana Strain for Sale - Buy Purple Wreck Online\",\"isPartOf\":{\"@id\":\"https:\/\/legitgrams.com\/#website\"},\"primaryImageOfPage\":{\"@id\":\"https:\/\/legitgrams.com\/product\/purple-wreck-marijuana-strain\/#primaryimage\"},\"image\":{\"@id\":\"https:\/\/legitgrams.com\/product\/purple-wreck-marijuana-strain\/#primaryimage\"},\"thumbnailUrl\":\"https:\/\/legitgrams.com\/wp-content\/uploads\/2024\/09\/Buy-Purple-Wreck-Marijuana-Strain-Online.jpg\",\"datePublished\":\"2024-09-20T05:13:17+00:00\",\"dateModified\":\"2025-12-18T23:15:34+00:00\",\"description\":\"If you want to buy purple wreck marijuana strain online and looking for a reliable online store, then buy here. We offer only high-quality wreck marijuana strain for sale at an affordable price. Order Now!\",\"breadcrumb\":{\"@id\":\"https:\/\/legitgrams.com\/product\/purple-wreck-marijuana-strain\/#breadcrumb\"},\"inLanguage\":\"it-IT\",\"potentialAction\":[{\"@type\":\"ReadAction\",\"target\":[\"https:\/\/legitgrams.com\/product\/purple-wreck-marijuana-strain\/\"]}]},{\"@type\":\"ImageObject\",\"inLanguage\":\"it-IT\",\"@id\":\"https:\/\/legitgrams.com\/product\/purple-wreck-marijuana-strain\/#primaryimage\",\"url\":\"https:\/\/legitgrams.com\/wp-content\/uploads\/2024\/09\/Buy-Purple-Wreck-Marijuana-Strain-Online.jpg\",\"contentUrl\":\"https:\/\/legitgrams.com\/wp-content\/uploads\/2024\/09\/Buy-Purple-Wreck-Marijuana-Strain-Online.jpg\",\"width\":600,\"height\":600,\"caption\":\"Purple Wreck Marijuana Strain for Sale\"},{\"@type\":\"BreadcrumbList\",\"@id\":\"https:\/\/legitgrams.com\/product\/purple-wreck-marijuana-strain\/#breadcrumb\",\"itemListElement\":[{\"@type\":\"ListItem\",\"position\":1,\"name\":\"Home\",\"item\":\"https:\/\/legitgrams.com\/\"},{\"@type\":\"ListItem\",\"position\":2,\"name\":\"Shop\",\"item\":\"https:\/\/legitgrams.com\/shop\/\"},{\"@type\":\"ListItem\",\"position\":3,\"name\":\"Purple Wreck Marijuana Strain\"}]},{\"@type\":\"WebSite\",\"@id\":\"https:\/\/legitgrams.com\/#website\",\"url\":\"https:\/\/legitgrams.com\/\",\"name\":\"Legit Grams\",\"description\":\"My WordPress Blog\",\"publisher\":{\"@id\":\"https:\/\/legitgrams.com\/#organization\"},\"potentialAction\":[{\"@type\":\"SearchAction\",\"target\":{\"@type\":\"EntryPoint\",\"urlTemplate\":\"https:\/\/legitgrams.com\/?s={search_term_string}\"},\"query-input\":{\"@type\":\"PropertyValueSpecification\",\"valueRequired\":true,\"valueName\":\"search_term_string\"}}],\"inLanguage\":\"it-IT\"},{\"@type\":\"Organization\",\"@id\":\"https:\/\/legitgrams.com\/#organization\",\"name\":\"Legit Grams\",\"url\":\"https:\/\/legitgrams.com\/\",\"logo\":{\"@type\":\"ImageObject\",\"inLanguage\":\"it-IT\",\"@id\":\"https:\/\/legitgrams.com\/#\/schema\/logo\/image\/\",\"url\":\"https:\/\/legitgrams.com\/wp-content\/uploads\/2024\/09\/main-logo.png\",\"contentUrl\":\"https:\/\/legitgrams.com\/wp-content\/uploads\/2024\/09\/main-logo.png\",\"width\":270,\"height\":75,\"caption\":\"Legit Grams\"},\"image\":{\"@id\":\"https:\/\/legitgrams.com\/#\/schema\/logo\/image\/\"}}]}<\/script>\n<!-- \/ Yoast SEO plugin. -->","yoast_head_json":{"title":"Ceppo di marijuana Purple Wreck in vendita - Acquistare Purple Wreck online","description":"Se volete acquistare online la variet\u00e0 di marijuana Purple Wreck e cercate un negozio online affidabile, allora comprate qui. Offriamo solo variet\u00e0 di marijuana wreck di alta qualit\u00e0 in vendita ad un prezzo accessibile. Ordinate ora!","robots":{"index":"index","follow":"follow","max-snippet":"max-snippet:-1","max-image-preview":"max-image-preview:large","max-video-preview":"max-video-preview:-1"},"canonical":"https:\/\/legitgrams.com\/it\/prodotto\/varieta-di-marijuana-purple-wreck\/","og_locale":"it_IT","og_type":"article","og_title":"Purple Wreck Marijuana Strain for Sale - Buy Purple Wreck Online","og_description":"If you want to buy purple wreck marijuana strain online and looking for a reliable online store, then buy here. We offer only high-quality wreck marijuana strain for sale at an affordable price. Order Now!","og_url":"https:\/\/legitgrams.com\/it\/prodotto\/varieta-di-marijuana-purple-wreck\/","og_site_name":"Legit Grams","article_modified_time":"2025-12-18T23:15:34+00:00","og_image":[{"width":600,"height":600,"url":"https:\/\/legitgrams.com\/wp-content\/uploads\/2024\/09\/Buy-Purple-Wreck-Marijuana-Strain-Online.jpg","type":"image\/jpeg"}],"twitter_card":"summary_large_image","twitter_misc":{"Tempo di lettura stimato":"1 minuto"},"schema":{"@context":"https:\/\/schema.org","@graph":[{"@type":"WebPage","@id":"https:\/\/legitgrams.com\/product\/purple-wreck-marijuana-strain\/","url":"https:\/\/legitgrams.com\/product\/purple-wreck-marijuana-strain\/","name":"Ceppo di marijuana Purple Wreck in vendita - Acquistare Purple Wreck online","isPartOf":{"@id":"https:\/\/legitgrams.com\/#website"},"primaryImageOfPage":{"@id":"https:\/\/legitgrams.com\/product\/purple-wreck-marijuana-strain\/#primaryimage"},"image":{"@id":"https:\/\/legitgrams.com\/product\/purple-wreck-marijuana-strain\/#primaryimage"},"thumbnailUrl":"https:\/\/legitgrams.com\/wp-content\/uploads\/2024\/09\/Buy-Purple-Wreck-Marijuana-Strain-Online.jpg","datePublished":"2024-09-20T05:13:17+00:00","dateModified":"2025-12-18T23:15:34+00:00","description":"Se volete acquistare online la variet\u00e0 di marijuana Purple Wreck e cercate un negozio online affidabile, allora comprate qui. Offriamo solo variet\u00e0 di marijuana wreck di alta qualit\u00e0 in vendita ad un prezzo accessibile. Ordinate ora!","breadcrumb":{"@id":"https:\/\/legitgrams.com\/product\/purple-wreck-marijuana-strain\/#breadcrumb"},"inLanguage":"it-IT","potentialAction":[{"@type":"ReadAction","target":["https:\/\/legitgrams.com\/product\/purple-wreck-marijuana-strain\/"]}]},{"@type":"ImageObject","inLanguage":"it-IT","@id":"https:\/\/legitgrams.com\/product\/purple-wreck-marijuana-strain\/#primaryimage","url":"https:\/\/legitgrams.com\/wp-content\/uploads\/2024\/09\/Buy-Purple-Wreck-Marijuana-Strain-Online.jpg","contentUrl":"https:\/\/legitgrams.com\/wp-content\/uploads\/2024\/09\/Buy-Purple-Wreck-Marijuana-Strain-Online.jpg","width":600,"height":600,"caption":"Purple Wreck Marijuana Strain for Sale"},{"@type":"BreadcrumbList","@id":"https:\/\/legitgrams.com\/product\/purple-wreck-marijuana-strain\/#breadcrumb","itemListElement":[{"@type":"ListItem","position":1,"name":"Home","item":"https:\/\/legitgrams.com\/"},{"@type":"ListItem","position":2,"name":"Shop","item":"https:\/\/legitgrams.com\/shop\/"},{"@type":"ListItem","position":3,"name":"Purple Wreck Marijuana Strain"}]},{"@type":"WebSite","@id":"https:\/\/legitgrams.com\/#website","url":"https:\/\/legitgrams.com\/","name":"Grammi legittimi","description":"Il mio blog WordPress","publisher":{"@id":"https:\/\/legitgrams.com\/#organization"},"potentialAction":[{"@type":"SearchAction","target":{"@type":"EntryPoint","urlTemplate":"https:\/\/legitgrams.com\/?s={search_term_string}"},"query-input":{"@type":"PropertyValueSpecification","valueRequired":true,"valueName":"search_term_string"}}],"inLanguage":"it-IT"},{"@type":"Organization","@id":"https:\/\/legitgrams.com\/#organization","name":"Grammi legittimi","url":"https:\/\/legitgrams.com\/","logo":{"@type":"ImageObject","inLanguage":"it-IT","@id":"https:\/\/legitgrams.com\/#\/schema\/logo\/image\/","url":"https:\/\/legitgrams.com\/wp-content\/uploads\/2024\/09\/main-logo.png","contentUrl":"https:\/\/legitgrams.com\/wp-content\/uploads\/2024\/09\/main-logo.png","width":270,"height":75,"caption":"Legit Grams"},"image":{"@id":"https:\/\/legitgrams.com\/#\/schema\/logo\/image\/"}}]}},"uagb_featured_image_src":{"full":["https:\/\/legitgrams.com\/wp-content\/uploads\/2024\/09\/Buy-Purple-Wreck-Marijuana-Strain-Online.jpg",600,600,false],"thumbnail":["https:\/\/legitgrams.com\/wp-content\/uploads\/2024\/09\/Buy-Purple-Wreck-Marijuana-Strain-Online-150x150.jpg",150,150,true],"medium":["https:\/\/legitgrams.com\/wp-content\/uploads\/2024\/09\/Buy-Purple-Wreck-Marijuana-Strain-Online-300x300.jpg",300,300,true],"medium_large":["https:\/\/legitgrams.com\/wp-content\/uploads\/2024\/09\/Buy-Purple-Wreck-Marijuana-Strain-Online.jpg",600,600,false],"large":["https:\/\/legitgrams.com\/wp-content\/uploads\/2024\/09\/Buy-Purple-Wreck-Marijuana-Strain-Online.jpg",600,600,false],"1536x1536":["https:\/\/legitgrams.com\/wp-content\/uploads\/2024\/09\/Buy-Purple-Wreck-Marijuana-Strain-Online.jpg",600,600,false],"2048x2048":["https:\/\/legitgrams.com\/wp-content\/uploads\/2024\/09\/Buy-Purple-Wreck-Marijuana-Strain-Online.jpg",600,600,false],"trp-custom-language-flag":["https:\/\/legitgrams.com\/wp-content\/uploads\/2024\/09\/Buy-Purple-Wreck-Marijuana-Strain-Online-12x12.jpg",12,12,true],"woocommerce_thumbnail":["https:\/\/legitgrams.com\/wp-content\/uploads\/2024\/09\/Buy-Purple-Wreck-Marijuana-Strain-Online-300x300.jpg",300,300,true],"woocommerce_single":["https:\/\/legitgrams.com\/wp-content\/uploads\/2024\/09\/Buy-Purple-Wreck-Marijuana-Strain-Online.jpg",600,600,false],"woocommerce_gallery_thumbnail":["https:\/\/legitgrams.com\/wp-content\/uploads\/2024\/09\/Buy-Purple-Wreck-Marijuana-Strain-Online-100x100.jpg",100,100,true]},"uagb_author_info":{"display_name":"cokeblog18","author_link":"https:\/\/legitgrams.com\/it\/author\/"},"uagb_comment_info":1,"uagb_excerpt":"Purchase Purple Wreck Strain of Cannabis Online The Purple Trainwreck, also called Purple Wreck, was produced by the Humboldt Seed Organization in Northern California by crossing Trainwreck, a Mendocino Purps variety, with Mendocino Purps. LegitGrams The brain tends to experience a very relaxing psychedelic effect when exposed to Purple Trainwreck. The flavor characteristic of this&hellip;","_links":{"self":[{"href":"https:\/\/legitgrams.com\/it\/wp-json\/wp\/v2\/product\/3799","targetHints":{"allow":["GET"]}}],"collection":[{"href":"https:\/\/legitgrams.com\/it\/wp-json\/wp\/v2\/product"}],"about":[{"href":"https:\/\/legitgrams.com\/it\/wp-json\/wp\/v2\/types\/product"}],"replies":[{"embeddable":true,"href":"https:\/\/legitgrams.com\/it\/wp-json\/wp\/v2\/comments?post=3799"}],"wp:featuredmedia":[{"embeddable":true,"href":"https:\/\/legitgrams.com\/it\/wp-json\/wp\/v2\/media\/5418"}],"wp:attachment":[{"href":"https:\/\/legitgrams.com\/it\/wp-json\/wp\/v2\/media?parent=3799"}],"wp:term":[{"taxonomy":"product_brand","embeddable":true,"href":"https:\/\/legitgrams.com\/it\/wp-json\/wp\/v2\/product_brand?post=3799"},{"taxonomy":"product_cat","embeddable":true,"href":"https:\/\/legitgrams.com\/it\/wp-json\/wp\/v2\/product_cat?post=3799"},{"taxonomy":"product_tag","embeddable":true,"href":"https:\/\/legitgrams.com\/it\/wp-json\/wp\/v2\/product_tag?post=3799"}],"curies":[{"name":"wp","href":"https:\/\/api.w.org\/{rel}","templated":true}]}}