{"id":3811,"date":"2024-09-20T05:41:24","date_gmt":"2024-09-20T05:41:24","guid":{"rendered":"https:\/\/legitgrams.com\/?post_type=product&#038;p=3811"},"modified":"2025-01-15T05:43:33","modified_gmt":"2025-01-15T05:43:33","slug":"marijuana-diesel-super-acida","status":"publish","type":"product","link":"https:\/\/legitgrams.com\/it\/prodotto\/marijuana-diesel-super-acida\/","title":{"rendered":"Marijuana Super Sour Diesel"},"content":{"rendered":"<h2>Acquista online la marijuana Super Sour Diesel<\/h2>\n<h3>Super Sour Diesel: 18%-24% THC variet\u00e0 di marijuana Sativa<\/h3>\n<p>Effetti: euforici, gioiosi, energici e celebrativi.<\/p>\n<p>Potenziali trattamenti per ADD\/ADHD, depressione, dolore cronico, pressione oculare, stanchezza, fibromialgia, perdita di appetito ed emicrania Sapori dello stress<br \/>\nProfumi di arancia, gasolio, spezie e dolciumi<br \/>\nDiesel, erbaceo, forte, aspro e piccante<\/p>\n<p>Ottenere <a href=\"https:\/\/legitgrams.com\/it\/prodotto\/marijuana-diesel-super-acida\/\">Marijuana Super Sour Diesel<\/a> Online - Acquisto di marijuana Diesel, acquisto di marijuana Super Sour Diesel online, <a href=\"https:\/\/legitgrams.com\/it\/\">LegitGrams<\/a> Dove acquistare Marijuana Super Sour Diesel, Comprare Marijuana Sour Diesel Online, Dove acquistare Marijuana Super Sour Diesel Online, Marijuana Super Sour Diesel in vendita negli Stati Uniti, Canada e Regno Unito, Comprare, online, fornitori, consegna sicura, \u00c8 ancora possibile ottenere la Super Sour Diesel. <a href=\"https:\/\/en.wikipedia.org\/wiki\/Sour_Diesel\">Marijuana Sour Diesel<\/a>. \u00c8 inoltre possibile sapere se \u00e8 legale in Canada, se \u00e8 disponibile negli Stati Uniti e come ordinarlo online.<\/p>","protected":false},"excerpt":{"rendered":"<p>Purchase Super Sour Diesel Marijuana online Super Sour Diesel: 18%\u201324% THC Sativa strain of marijuana Effects: euphoric, joyful, energetic, and celebratory Potential Treatments for ADD\/ADHD, Depression, Chronic Pain, Eye Pressure, Fatigue, Fibromyalgia, Loss of Appetite, and Migraines Flavors of Stress Orange, diesel, spicy, and sweet scents Diesel, Herbal, Strong, Tart, and Hot Get Super Sour &hellip;<\/p>\n<p class=\"read-more\"> <a class=\"\" href=\"https:\/\/legitgrams.com\/it\/prodotto\/marijuana-diesel-super-acida\/\"> <span class=\"screen-reader-text\">Marijuana Super Sour Diesel<\/span> Leggi tutto \"<\/a><\/p>","protected":false},"featured_media":5428,"comment_status":"open","ping_status":"closed","template":"","meta":{"_uag_custom_page_level_css":"","site-sidebar-layout":"default","site-content-layout":"default","ast-global-header-display":"","ast-main-header-display":"","ast-hfb-above-header-display":"","ast-hfb-below-header-display":"","ast-hfb-mobile-header-display":"","site-post-title":"","ast-breadcrumbs-content":"","ast-featured-img":"","footer-sml-layout":"","theme-transparent-header-meta":"default","adv-header-id-meta":"","stick-header-meta":"default","header-above-stick-meta":"","header-main-stick-meta":"","header-below-stick-meta":"","_joinchat":[]},"product_brand":[],"product_cat":[607],"product_tag":[5154,5144,617,5136,5151,5148,5143,5141,5153,5150,5135,5138,5146,5137,5147,5149,5139,5156,5157,5155,5152,625,5142,5145,5140],"class_list":{"0":"post-3811","1":"product","2":"type-product","3":"status-publish","4":"has-post-thumbnail","6":"product_cat-marijuana-cannabis","7":"product_tag-best-cheap-price-super-sour-diesel-marijuana","8":"product_tag-best-place-to-buy-super-sour-diesel-marijuana","9":"product_tag-bulk-online","10":"product_tag-buy-super-sour-diesel-marijuana","11":"product_tag-cheap-super-sour-diesel-marijuana","12":"product_tag-high-quality-super-sour-diesel-marijuana","13":"product_tag-how-to-buy-super-sour-diesel-marijuana","14":"product_tag-order-super-sour-diesel-marijuana","15":"product_tag-purcharse-super-sour-diesel-marijuana","16":"product_tag-shop-super-sour-diesel-marijuana","17":"product_tag-super-sour-diesel-marijuana","18":"product_tag-super-sour-diesel-marijuana-for-sale","19":"product_tag-super-sour-diesel-marijuana-legally","20":"product_tag-super-sour-diesel-marijuana-online","21":"product_tag-super-sour-diesel-marijuana-price","22":"product_tag-super-sour-diesel-marijuana-store","23":"product_tag-super-sour-diesel-marijuana-super-sour-diesel-marijuana-supplier","24":"product_tag-super-sour-diesel-marijuana-use","25":"product_tag-super-sour-diesel-marijuana-wiki","26":"product_tag-super-sour-diesel-marijuana-worldwide","27":"product_tag-super-sour-diesel-marijuanas","28":"product_tag-top-quality","29":"product_tag-where-to-buy-super-sour-diesel-marijuana","30":"product_tag-where-to-order-super-sour-diesel-marijuana","31":"product_tag-wholesale-super-sour-diesel-marijuana","32":"desktop-align-left","33":"tablet-align-left","34":"mobile-align-left","35":"ast-product-gallery-layout-horizontal","36":"ast-product-gallery-with-no-image","37":"ast-product-single-variable","38":"ast-product-tabs-layout-horizontal","39":"ast-qv-on-image","41":"first","42":"instock","43":"featured","44":"shipping-taxable","45":"purchasable","46":"product-type-variable"},"yoast_head":"<!-- This site is optimized with the Yoast SEO plugin v25.9 - https:\/\/yoast.com\/wordpress\/plugins\/seo\/ -->\n<title>Super Sour Diesel Marijuana for Sale - Order Super Sour Diesel<\/title>\n<meta name=\"description\" content=\"Looking to Buy super sour diesel marijuana online? Discover a seamless platform at our online store where you can buy super sour diesel marijuana , ensuring top-grade quality for your research needs.\" \/>\n<meta name=\"robots\" content=\"index, follow, max-snippet:-1, max-image-preview:large, max-video-preview:-1\" \/>\n<link rel=\"canonical\" href=\"https:\/\/legitgrams.com\/it\/prodotto\/marijuana-diesel-super-acida\/\" \/>\n<meta property=\"og:locale\" content=\"it_IT\" \/>\n<meta property=\"og:type\" content=\"article\" \/>\n<meta property=\"og:title\" content=\"Super Sour Diesel Marijuana for Sale - Order Super Sour Diesel\" \/>\n<meta property=\"og:description\" content=\"Looking to Buy super sour diesel marijuana online? Discover a seamless platform at our online store where you can buy super sour diesel marijuana , ensuring top-grade quality for your research needs.\" \/>\n<meta property=\"og:url\" content=\"https:\/\/legitgrams.com\/it\/prodotto\/marijuana-diesel-super-acida\/\" \/>\n<meta property=\"og:site_name\" content=\"Legit Grams\" \/>\n<meta property=\"article:modified_time\" content=\"2025-01-15T05:43:33+00:00\" \/>\n<meta property=\"og:image\" content=\"https:\/\/legitgrams.com\/wp-content\/uploads\/2024\/09\/buy-super-sour-diesel-marijuana-online.jpg\" \/>\n\t<meta property=\"og:image:width\" content=\"600\" \/>\n\t<meta property=\"og:image:height\" content=\"600\" \/>\n\t<meta property=\"og:image:type\" content=\"image\/jpeg\" \/>\n<meta name=\"twitter:card\" content=\"summary_large_image\" \/>\n<meta name=\"twitter:label1\" content=\"Tempo di lettura stimato\" \/>\n\t<meta name=\"twitter:data1\" content=\"1 minuto\" \/>\n<script type=\"application\/ld+json\" class=\"yoast-schema-graph\">{\"@context\":\"https:\/\/schema.org\",\"@graph\":[{\"@type\":\"WebPage\",\"@id\":\"https:\/\/legitgrams.com\/product\/super-sour-diesel-marijuana\/\",\"url\":\"https:\/\/legitgrams.com\/product\/super-sour-diesel-marijuana\/\",\"name\":\"Super Sour Diesel Marijuana for Sale - Order Super Sour Diesel\",\"isPartOf\":{\"@id\":\"https:\/\/legitgrams.com\/#website\"},\"primaryImageOfPage\":{\"@id\":\"https:\/\/legitgrams.com\/product\/super-sour-diesel-marijuana\/#primaryimage\"},\"image\":{\"@id\":\"https:\/\/legitgrams.com\/product\/super-sour-diesel-marijuana\/#primaryimage\"},\"thumbnailUrl\":\"https:\/\/legitgrams.com\/wp-content\/uploads\/2024\/09\/buy-super-sour-diesel-marijuana-online.jpg\",\"datePublished\":\"2024-09-20T05:41:24+00:00\",\"dateModified\":\"2025-01-15T05:43:33+00:00\",\"description\":\"Looking to Buy super sour diesel marijuana online? Discover a seamless platform at our online store where you can buy super sour diesel marijuana , ensuring top-grade quality for your research needs.\",\"breadcrumb\":{\"@id\":\"https:\/\/legitgrams.com\/product\/super-sour-diesel-marijuana\/#breadcrumb\"},\"inLanguage\":\"it-IT\",\"potentialAction\":[{\"@type\":\"ReadAction\",\"target\":[\"https:\/\/legitgrams.com\/product\/super-sour-diesel-marijuana\/\"]}]},{\"@type\":\"ImageObject\",\"inLanguage\":\"it-IT\",\"@id\":\"https:\/\/legitgrams.com\/product\/super-sour-diesel-marijuana\/#primaryimage\",\"url\":\"https:\/\/legitgrams.com\/wp-content\/uploads\/2024\/09\/buy-super-sour-diesel-marijuana-online.jpg\",\"contentUrl\":\"https:\/\/legitgrams.com\/wp-content\/uploads\/2024\/09\/buy-super-sour-diesel-marijuana-online.jpg\",\"width\":600,\"height\":600,\"caption\":\"Super Sour Diesel Marijuana for Sale\"},{\"@type\":\"BreadcrumbList\",\"@id\":\"https:\/\/legitgrams.com\/product\/super-sour-diesel-marijuana\/#breadcrumb\",\"itemListElement\":[{\"@type\":\"ListItem\",\"position\":1,\"name\":\"Home\",\"item\":\"https:\/\/legitgrams.com\/\"},{\"@type\":\"ListItem\",\"position\":2,\"name\":\"Shop\",\"item\":\"https:\/\/legitgrams.com\/shop\/\"},{\"@type\":\"ListItem\",\"position\":3,\"name\":\"Super Sour Diesel Marijuana\"}]},{\"@type\":\"WebSite\",\"@id\":\"https:\/\/legitgrams.com\/#website\",\"url\":\"https:\/\/legitgrams.com\/\",\"name\":\"Legit Grams\",\"description\":\"My WordPress Blog\",\"publisher\":{\"@id\":\"https:\/\/legitgrams.com\/#organization\"},\"potentialAction\":[{\"@type\":\"SearchAction\",\"target\":{\"@type\":\"EntryPoint\",\"urlTemplate\":\"https:\/\/legitgrams.com\/?s={search_term_string}\"},\"query-input\":{\"@type\":\"PropertyValueSpecification\",\"valueRequired\":true,\"valueName\":\"search_term_string\"}}],\"inLanguage\":\"it-IT\"},{\"@type\":\"Organization\",\"@id\":\"https:\/\/legitgrams.com\/#organization\",\"name\":\"Legit Grams\",\"url\":\"https:\/\/legitgrams.com\/\",\"logo\":{\"@type\":\"ImageObject\",\"inLanguage\":\"it-IT\",\"@id\":\"https:\/\/legitgrams.com\/#\/schema\/logo\/image\/\",\"url\":\"https:\/\/legitgrams.com\/wp-content\/uploads\/2024\/09\/main-logo.png\",\"contentUrl\":\"https:\/\/legitgrams.com\/wp-content\/uploads\/2024\/09\/main-logo.png\",\"width\":270,\"height\":75,\"caption\":\"Legit Grams\"},\"image\":{\"@id\":\"https:\/\/legitgrams.com\/#\/schema\/logo\/image\/\"}}]}<\/script>\n<!-- \/ Yoast SEO plugin. -->","yoast_head_json":{"title":"Super Sour Diesel Marijuana in vendita - Ordina Super Sour Diesel","description":"Stai cercando di comprare marijuana super sour diesel online? Scoprite una piattaforma senza soluzione di continuit\u00e0 nel nostro negozio online dove potete acquistare marijuana super sour diesel, garantendo una qualit\u00e0 di alto livello per le vostre esigenze di ricerca.","robots":{"index":"index","follow":"follow","max-snippet":"max-snippet:-1","max-image-preview":"max-image-preview:large","max-video-preview":"max-video-preview:-1"},"canonical":"https:\/\/legitgrams.com\/it\/prodotto\/marijuana-diesel-super-acida\/","og_locale":"it_IT","og_type":"article","og_title":"Super Sour Diesel Marijuana for Sale - Order Super Sour Diesel","og_description":"Looking to Buy super sour diesel marijuana online? Discover a seamless platform at our online store where you can buy super sour diesel marijuana , ensuring top-grade quality for your research needs.","og_url":"https:\/\/legitgrams.com\/it\/prodotto\/marijuana-diesel-super-acida\/","og_site_name":"Legit Grams","article_modified_time":"2025-01-15T05:43:33+00:00","og_image":[{"width":600,"height":600,"url":"https:\/\/legitgrams.com\/wp-content\/uploads\/2024\/09\/buy-super-sour-diesel-marijuana-online.jpg","type":"image\/jpeg"}],"twitter_card":"summary_large_image","twitter_misc":{"Tempo di lettura stimato":"1 minuto"},"schema":{"@context":"https:\/\/schema.org","@graph":[{"@type":"WebPage","@id":"https:\/\/legitgrams.com\/product\/super-sour-diesel-marijuana\/","url":"https:\/\/legitgrams.com\/product\/super-sour-diesel-marijuana\/","name":"Super Sour Diesel Marijuana in vendita - Ordina Super Sour Diesel","isPartOf":{"@id":"https:\/\/legitgrams.com\/#website"},"primaryImageOfPage":{"@id":"https:\/\/legitgrams.com\/product\/super-sour-diesel-marijuana\/#primaryimage"},"image":{"@id":"https:\/\/legitgrams.com\/product\/super-sour-diesel-marijuana\/#primaryimage"},"thumbnailUrl":"https:\/\/legitgrams.com\/wp-content\/uploads\/2024\/09\/buy-super-sour-diesel-marijuana-online.jpg","datePublished":"2024-09-20T05:41:24+00:00","dateModified":"2025-01-15T05:43:33+00:00","description":"Stai cercando di comprare marijuana super sour diesel online? Scoprite una piattaforma senza soluzione di continuit\u00e0 nel nostro negozio online dove potete acquistare marijuana super sour diesel, garantendo una qualit\u00e0 di alto livello per le vostre esigenze di ricerca.","breadcrumb":{"@id":"https:\/\/legitgrams.com\/product\/super-sour-diesel-marijuana\/#breadcrumb"},"inLanguage":"it-IT","potentialAction":[{"@type":"ReadAction","target":["https:\/\/legitgrams.com\/product\/super-sour-diesel-marijuana\/"]}]},{"@type":"ImageObject","inLanguage":"it-IT","@id":"https:\/\/legitgrams.com\/product\/super-sour-diesel-marijuana\/#primaryimage","url":"https:\/\/legitgrams.com\/wp-content\/uploads\/2024\/09\/buy-super-sour-diesel-marijuana-online.jpg","contentUrl":"https:\/\/legitgrams.com\/wp-content\/uploads\/2024\/09\/buy-super-sour-diesel-marijuana-online.jpg","width":600,"height":600,"caption":"Super Sour Diesel Marijuana for Sale"},{"@type":"BreadcrumbList","@id":"https:\/\/legitgrams.com\/product\/super-sour-diesel-marijuana\/#breadcrumb","itemListElement":[{"@type":"ListItem","position":1,"name":"Home","item":"https:\/\/legitgrams.com\/"},{"@type":"ListItem","position":2,"name":"Shop","item":"https:\/\/legitgrams.com\/shop\/"},{"@type":"ListItem","position":3,"name":"Super Sour Diesel Marijuana"}]},{"@type":"WebSite","@id":"https:\/\/legitgrams.com\/#website","url":"https:\/\/legitgrams.com\/","name":"Grammi legittimi","description":"Il mio blog WordPress","publisher":{"@id":"https:\/\/legitgrams.com\/#organization"},"potentialAction":[{"@type":"SearchAction","target":{"@type":"EntryPoint","urlTemplate":"https:\/\/legitgrams.com\/?s={search_term_string}"},"query-input":{"@type":"PropertyValueSpecification","valueRequired":true,"valueName":"search_term_string"}}],"inLanguage":"it-IT"},{"@type":"Organization","@id":"https:\/\/legitgrams.com\/#organization","name":"Grammi legittimi","url":"https:\/\/legitgrams.com\/","logo":{"@type":"ImageObject","inLanguage":"it-IT","@id":"https:\/\/legitgrams.com\/#\/schema\/logo\/image\/","url":"https:\/\/legitgrams.com\/wp-content\/uploads\/2024\/09\/main-logo.png","contentUrl":"https:\/\/legitgrams.com\/wp-content\/uploads\/2024\/09\/main-logo.png","width":270,"height":75,"caption":"Legit Grams"},"image":{"@id":"https:\/\/legitgrams.com\/#\/schema\/logo\/image\/"}}]}},"uagb_featured_image_src":{"full":["https:\/\/legitgrams.com\/wp-content\/uploads\/2024\/09\/buy-super-sour-diesel-marijuana-online.jpg",600,600,false],"thumbnail":["https:\/\/legitgrams.com\/wp-content\/uploads\/2024\/09\/buy-super-sour-diesel-marijuana-online-150x150.jpg",150,150,true],"medium":["https:\/\/legitgrams.com\/wp-content\/uploads\/2024\/09\/buy-super-sour-diesel-marijuana-online-300x300.jpg",300,300,true],"medium_large":["https:\/\/legitgrams.com\/wp-content\/uploads\/2024\/09\/buy-super-sour-diesel-marijuana-online.jpg",600,600,false],"large":["https:\/\/legitgrams.com\/wp-content\/uploads\/2024\/09\/buy-super-sour-diesel-marijuana-online.jpg",600,600,false],"1536x1536":["https:\/\/legitgrams.com\/wp-content\/uploads\/2024\/09\/buy-super-sour-diesel-marijuana-online.jpg",600,600,false],"2048x2048":["https:\/\/legitgrams.com\/wp-content\/uploads\/2024\/09\/buy-super-sour-diesel-marijuana-online.jpg",600,600,false],"trp-custom-language-flag":["https:\/\/legitgrams.com\/wp-content\/uploads\/2024\/09\/buy-super-sour-diesel-marijuana-online-12x12.jpg",12,12,true],"woocommerce_thumbnail":["https:\/\/legitgrams.com\/wp-content\/uploads\/2024\/09\/buy-super-sour-diesel-marijuana-online-300x300.jpg",300,300,true],"woocommerce_single":["https:\/\/legitgrams.com\/wp-content\/uploads\/2024\/09\/buy-super-sour-diesel-marijuana-online.jpg",600,600,false],"woocommerce_gallery_thumbnail":["https:\/\/legitgrams.com\/wp-content\/uploads\/2024\/09\/buy-super-sour-diesel-marijuana-online-100x100.jpg",100,100,true]},"uagb_author_info":{"display_name":"cokeblog18","author_link":"https:\/\/legitgrams.com\/it\/author\/"},"uagb_comment_info":0,"uagb_excerpt":"Purchase Super Sour Diesel Marijuana online Super Sour Diesel: 18%\u201324% THC Sativa strain of marijuana Effects: euphoric, joyful, energetic, and celebratory Potential Treatments for ADD\/ADHD, Depression, Chronic Pain, Eye Pressure, Fatigue, Fibromyalgia, Loss of Appetite, and Migraines Flavors of Stress Orange, diesel, spicy, and sweet scents Diesel, Herbal, Strong, Tart, and Hot Get Super Sour&hellip;","_links":{"self":[{"href":"https:\/\/legitgrams.com\/it\/wp-json\/wp\/v2\/product\/3811","targetHints":{"allow":["GET"]}}],"collection":[{"href":"https:\/\/legitgrams.com\/it\/wp-json\/wp\/v2\/product"}],"about":[{"href":"https:\/\/legitgrams.com\/it\/wp-json\/wp\/v2\/types\/product"}],"replies":[{"embeddable":true,"href":"https:\/\/legitgrams.com\/it\/wp-json\/wp\/v2\/comments?post=3811"}],"wp:featuredmedia":[{"embeddable":true,"href":"https:\/\/legitgrams.com\/it\/wp-json\/wp\/v2\/media\/5428"}],"wp:attachment":[{"href":"https:\/\/legitgrams.com\/it\/wp-json\/wp\/v2\/media?parent=3811"}],"wp:term":[{"taxonomy":"product_brand","embeddable":true,"href":"https:\/\/legitgrams.com\/it\/wp-json\/wp\/v2\/product_brand?post=3811"},{"taxonomy":"product_cat","embeddable":true,"href":"https:\/\/legitgrams.com\/it\/wp-json\/wp\/v2\/product_cat?post=3811"},{"taxonomy":"product_tag","embeddable":true,"href":"https:\/\/legitgrams.com\/it\/wp-json\/wp\/v2\/product_tag?post=3811"}],"curies":[{"name":"wp","href":"https:\/\/api.w.org\/{rel}","templated":true}]}}