{"id":3820,"date":"2024-09-20T06:00:38","date_gmt":"2024-09-20T06:00:38","guid":{"rendered":"https:\/\/legitgrams.com\/?post_type=product&#038;p=3820"},"modified":"2025-01-14T05:11:51","modified_gmt":"2025-01-14T05:11:51","slug":"varieta-di-marijuana-granddaddy-purple","status":"publish","type":"product","link":"https:\/\/legitgrams.com\/it\/prodotto\/varieta-di-marijuana-granddaddy-purple\/","title":{"rendered":"Variet\u00e0 di marijuana Granddaddy Purple"},"content":{"rendered":"<h2>Variet\u00e0 di cannabis Granddaddy Purple: acquista online<\/h2>\n<p>Granddaddy Purple \u00e8 una variet\u00e0 ibrida di cannabis. Met\u00e0 Sativa e met\u00e0 Indica 1% CBD e 20%\u201327% THC<\/p>\n<p>Impatti:<\/p>\n<p>Gioioso, estatico, pieno e sereno<\/p>\n<p>Riducono potenzialmente la perdita di appetito, l'artrite, la depressione, l'insonnia, gli spasmi muscolari, il disturbo da stress post-traumatico e i sapori dello stress<br \/>\nFruttato, Uva, Bacche, Pino e Dolce<\/p>\n<p>Acquista <a href=\"https:\/\/legitgrams.com\/it\/prodotto\/varieta-di-marijuana-granddaddy-purple\/\">Nonno Viola Marijuana<\/a> Strain Online \u2013 acquista marijuana viola, acquista Granddaddy Purple Marijuana Strain, acquista Granddaddy Purple Marijuana Strain online, dove acquistare <a href=\"https:\/\/en.wikipedia.org\/wiki\/Talk%3AGranddaddy_Purple_(GDP)?redirect=no\">Nonno Viola<\/a> Variet\u00e0 di marijuana, variet\u00e0 di marijuana in vendita, acquista online la variet\u00e0 di marijuana Granddaddy Purple, dove acquistare la variet\u00e0 di marijuana Granddaddy Purple, acquista online, fornitori, consegna sicura La variet\u00e0 di marijuana Granddaddy Purple \u00e8 ancora disponibile. Inoltre, puoi scoprire come ordinarla, se \u00e8 legale in Canada e se \u00e8 disponibile negli Stati Uniti e online. <a href=\"https:\/\/legitgrams.com\/it\/\">LegitGrams<\/a><\/p>","protected":false},"excerpt":{"rendered":"<p>Granddaddy Purple Cannabis Strain: Purchase Online Granddaddy Purple is a cannabis hybrid strain. Half Sativa and Half Indica 1% CBD and 20%\u201327% THC Impacts: Joyful, ecstatic, full, and serene Potentially Reduce Loss of Appetite, Arthritis, Depression, Insomnia, Muscle Spasms, PTSD, and Stress Flavors Fruity, Grape, Berry, Pine, and Sweet Buy Granddaddy Purple Marijuana Strain Online &hellip;<\/p>\n<p class=\"read-more\"> <a class=\"\" href=\"https:\/\/legitgrams.com\/it\/prodotto\/varieta-di-marijuana-granddaddy-purple\/\"> <span class=\"screen-reader-text\">Variet\u00e0 di marijuana Granddaddy Purple<\/span> Leggi tutto \"<\/a><\/p>","protected":false},"featured_media":5424,"comment_status":"open","ping_status":"closed","template":"","meta":{"_uag_custom_page_level_css":"","site-sidebar-layout":"default","site-content-layout":"default","ast-global-header-display":"","ast-main-header-display":"","ast-hfb-above-header-display":"","ast-hfb-below-header-display":"","ast-hfb-mobile-header-display":"","site-post-title":"","ast-breadcrumbs-content":"","ast-featured-img":"","footer-sml-layout":"","theme-transparent-header-meta":"default","adv-header-id-meta":"","stick-header-meta":"default","header-above-stick-meta":"","header-main-stick-meta":"","header-below-stick-meta":"","_joinchat":[]},"product_brand":[],"product_cat":[607],"product_tag":[5039,5029,617,5021,5036,5020,5023,5024,5031,5022,5032,5034,5041,5042,5040,5037,5033,5028,5026,5038,5035,625,5027,5030,5025],"class_list":{"0":"post-3820","1":"product","2":"type-product","3":"status-publish","4":"has-post-thumbnail","6":"product_cat-marijuana-cannabis","7":"product_tag-best-cheap-price-granddaddy-purple-marijuana-strain","8":"product_tag-best-place-to-buy-granddaddy-purple-marijuana-strain","9":"product_tag-bulk-online","10":"product_tag-buy-granddaddy-purple-marijuana-strain","11":"product_tag-cheap-granddaddy-purple-marijuana-strain","12":"product_tag-granddaddy-purple-marijuana-strain","13":"product_tag-granddaddy-purple-marijuana-strain-for-sale","14":"product_tag-granddaddy-purple-marijuana-strain-granddaddy-purple-marijuana-strain-supplier","15":"product_tag-granddaddy-purple-marijuana-strain-legally","16":"product_tag-granddaddy-purple-marijuana-strain-online","17":"product_tag-granddaddy-purple-marijuana-strain-price","18":"product_tag-granddaddy-purple-marijuana-strain-store","19":"product_tag-granddaddy-purple-marijuana-strain-use","20":"product_tag-granddaddy-purple-marijuana-strain-wiki","21":"product_tag-granddaddy-purple-marijuana-strain-worldwide","22":"product_tag-granddaddy-purple-marijuana-strains","23":"product_tag-high-quality-granddaddy-purple-marijuana-strain","24":"product_tag-how-to-buy-granddaddy-purple-marijuana-strain","25":"product_tag-order-granddaddy-purple-marijuana-strain","26":"product_tag-purcharse-granddaddy-purple-marijuana-strain","27":"product_tag-shop-granddaddy-purple-marijuana-strain","28":"product_tag-top-quality","29":"product_tag-where-to-buy-granddaddy-purple-marijuana-strain","30":"product_tag-where-to-order-granddaddy-purple-marijuana-strain","31":"product_tag-wholesale-granddaddy-purple-marijuana-strain","32":"desktop-align-left","33":"tablet-align-left","34":"mobile-align-left","35":"ast-product-gallery-layout-horizontal","36":"ast-product-gallery-with-no-image","37":"ast-product-single-variable","38":"ast-product-tabs-layout-horizontal","39":"ast-qv-on-image","41":"first","42":"instock","43":"shipping-taxable","44":"purchasable","45":"product-type-variable"},"yoast_head":"<!-- This site is optimized with the Yoast SEO plugin v25.9 - https:\/\/yoast.com\/wordpress\/plugins\/seo\/ -->\n<title>Granddaddy Purple for Sale - Order Granddaddy Purple Online<\/title>\n<meta name=\"description\" content=\"Looking to buy Granddaddy Purple online at a reasonable price? Visit our reputable Legitgrams online store and get Granddaddy Purple for sale today. Place an order now!\" \/>\n<meta name=\"robots\" content=\"index, follow, max-snippet:-1, max-image-preview:large, max-video-preview:-1\" \/>\n<link rel=\"canonical\" href=\"https:\/\/legitgrams.com\/it\/prodotto\/varieta-di-marijuana-granddaddy-purple\/\" \/>\n<meta property=\"og:locale\" content=\"it_IT\" \/>\n<meta property=\"og:type\" content=\"article\" \/>\n<meta property=\"og:title\" content=\"Granddaddy Purple for Sale - Order Granddaddy Purple Online\" \/>\n<meta property=\"og:description\" content=\"Looking to buy Granddaddy Purple online at a reasonable price? Visit our reputable Legitgrams online store and get Granddaddy Purple for sale today. Place an order now!\" \/>\n<meta property=\"og:url\" content=\"https:\/\/legitgrams.com\/it\/prodotto\/varieta-di-marijuana-granddaddy-purple\/\" \/>\n<meta property=\"og:site_name\" content=\"Legit Grams\" \/>\n<meta property=\"article:modified_time\" content=\"2025-01-14T05:11:51+00:00\" \/>\n<meta property=\"og:image\" content=\"https:\/\/legitgrams.com\/wp-content\/uploads\/2024\/09\/Buy-Granddaddy-Purple-Marijuana-Strain-Online.jpg\" \/>\n\t<meta property=\"og:image:width\" content=\"600\" \/>\n\t<meta property=\"og:image:height\" content=\"600\" \/>\n\t<meta property=\"og:image:type\" content=\"image\/jpeg\" \/>\n<meta name=\"twitter:card\" content=\"summary_large_image\" \/>\n<meta name=\"twitter:label1\" content=\"Tempo di lettura stimato\" \/>\n\t<meta name=\"twitter:data1\" content=\"1 minuto\" \/>\n<script type=\"application\/ld+json\" class=\"yoast-schema-graph\">{\"@context\":\"https:\/\/schema.org\",\"@graph\":[{\"@type\":\"WebPage\",\"@id\":\"https:\/\/legitgrams.com\/product\/granddaddy-purple-marijuana-strain\/\",\"url\":\"https:\/\/legitgrams.com\/product\/granddaddy-purple-marijuana-strain\/\",\"name\":\"Granddaddy Purple for Sale - Order Granddaddy Purple Online\",\"isPartOf\":{\"@id\":\"https:\/\/legitgrams.com\/#website\"},\"primaryImageOfPage\":{\"@id\":\"https:\/\/legitgrams.com\/product\/granddaddy-purple-marijuana-strain\/#primaryimage\"},\"image\":{\"@id\":\"https:\/\/legitgrams.com\/product\/granddaddy-purple-marijuana-strain\/#primaryimage\"},\"thumbnailUrl\":\"https:\/\/legitgrams.com\/wp-content\/uploads\/2024\/09\/Buy-Granddaddy-Purple-Marijuana-Strain-Online.jpg\",\"datePublished\":\"2024-09-20T06:00:38+00:00\",\"dateModified\":\"2025-01-14T05:11:51+00:00\",\"description\":\"Looking to buy Granddaddy Purple online at a reasonable price? Visit our reputable Legitgrams online store and get Granddaddy Purple for sale today. Place an order now!\",\"breadcrumb\":{\"@id\":\"https:\/\/legitgrams.com\/product\/granddaddy-purple-marijuana-strain\/#breadcrumb\"},\"inLanguage\":\"it-IT\",\"potentialAction\":[{\"@type\":\"ReadAction\",\"target\":[\"https:\/\/legitgrams.com\/product\/granddaddy-purple-marijuana-strain\/\"]}]},{\"@type\":\"ImageObject\",\"inLanguage\":\"it-IT\",\"@id\":\"https:\/\/legitgrams.com\/product\/granddaddy-purple-marijuana-strain\/#primaryimage\",\"url\":\"https:\/\/legitgrams.com\/wp-content\/uploads\/2024\/09\/Buy-Granddaddy-Purple-Marijuana-Strain-Online.jpg\",\"contentUrl\":\"https:\/\/legitgrams.com\/wp-content\/uploads\/2024\/09\/Buy-Granddaddy-Purple-Marijuana-Strain-Online.jpg\",\"width\":600,\"height\":600,\"caption\":\"Granddaddy Purple for Sale\"},{\"@type\":\"BreadcrumbList\",\"@id\":\"https:\/\/legitgrams.com\/product\/granddaddy-purple-marijuana-strain\/#breadcrumb\",\"itemListElement\":[{\"@type\":\"ListItem\",\"position\":1,\"name\":\"Home\",\"item\":\"https:\/\/legitgrams.com\/\"},{\"@type\":\"ListItem\",\"position\":2,\"name\":\"Shop\",\"item\":\"https:\/\/legitgrams.com\/shop\/\"},{\"@type\":\"ListItem\",\"position\":3,\"name\":\"Granddaddy Purple Marijuana Strain\"}]},{\"@type\":\"WebSite\",\"@id\":\"https:\/\/legitgrams.com\/#website\",\"url\":\"https:\/\/legitgrams.com\/\",\"name\":\"Legit Grams\",\"description\":\"My WordPress Blog\",\"publisher\":{\"@id\":\"https:\/\/legitgrams.com\/#organization\"},\"potentialAction\":[{\"@type\":\"SearchAction\",\"target\":{\"@type\":\"EntryPoint\",\"urlTemplate\":\"https:\/\/legitgrams.com\/?s={search_term_string}\"},\"query-input\":{\"@type\":\"PropertyValueSpecification\",\"valueRequired\":true,\"valueName\":\"search_term_string\"}}],\"inLanguage\":\"it-IT\"},{\"@type\":\"Organization\",\"@id\":\"https:\/\/legitgrams.com\/#organization\",\"name\":\"Legit Grams\",\"url\":\"https:\/\/legitgrams.com\/\",\"logo\":{\"@type\":\"ImageObject\",\"inLanguage\":\"it-IT\",\"@id\":\"https:\/\/legitgrams.com\/#\/schema\/logo\/image\/\",\"url\":\"https:\/\/legitgrams.com\/wp-content\/uploads\/2024\/09\/main-logo.png\",\"contentUrl\":\"https:\/\/legitgrams.com\/wp-content\/uploads\/2024\/09\/main-logo.png\",\"width\":270,\"height\":75,\"caption\":\"Legit Grams\"},\"image\":{\"@id\":\"https:\/\/legitgrams.com\/#\/schema\/logo\/image\/\"}}]}<\/script>\n<!-- \/ Yoast SEO plugin. -->","yoast_head_json":{"title":"Granddaddy Purple in vendita - Ordina Granddaddy Purple online","description":"Stai cercando di acquistare Granddaddy Purple online a un prezzo ragionevole? Visita il nostro affidabile negozio online Legitgrams e ottieni Granddaddy Purple in vendita oggi. Effettua un ordine ora!","robots":{"index":"index","follow":"follow","max-snippet":"max-snippet:-1","max-image-preview":"max-image-preview:large","max-video-preview":"max-video-preview:-1"},"canonical":"https:\/\/legitgrams.com\/it\/prodotto\/varieta-di-marijuana-granddaddy-purple\/","og_locale":"it_IT","og_type":"article","og_title":"Granddaddy Purple for Sale - Order Granddaddy Purple Online","og_description":"Looking to buy Granddaddy Purple online at a reasonable price? Visit our reputable Legitgrams online store and get Granddaddy Purple for sale today. Place an order now!","og_url":"https:\/\/legitgrams.com\/it\/prodotto\/varieta-di-marijuana-granddaddy-purple\/","og_site_name":"Legit Grams","article_modified_time":"2025-01-14T05:11:51+00:00","og_image":[{"width":600,"height":600,"url":"https:\/\/legitgrams.com\/wp-content\/uploads\/2024\/09\/Buy-Granddaddy-Purple-Marijuana-Strain-Online.jpg","type":"image\/jpeg"}],"twitter_card":"summary_large_image","twitter_misc":{"Tempo di lettura stimato":"1 minuto"},"schema":{"@context":"https:\/\/schema.org","@graph":[{"@type":"WebPage","@id":"https:\/\/legitgrams.com\/product\/granddaddy-purple-marijuana-strain\/","url":"https:\/\/legitgrams.com\/product\/granddaddy-purple-marijuana-strain\/","name":"Granddaddy Purple in vendita - Ordina Granddaddy Purple online","isPartOf":{"@id":"https:\/\/legitgrams.com\/#website"},"primaryImageOfPage":{"@id":"https:\/\/legitgrams.com\/product\/granddaddy-purple-marijuana-strain\/#primaryimage"},"image":{"@id":"https:\/\/legitgrams.com\/product\/granddaddy-purple-marijuana-strain\/#primaryimage"},"thumbnailUrl":"https:\/\/legitgrams.com\/wp-content\/uploads\/2024\/09\/Buy-Granddaddy-Purple-Marijuana-Strain-Online.jpg","datePublished":"2024-09-20T06:00:38+00:00","dateModified":"2025-01-14T05:11:51+00:00","description":"Stai cercando di acquistare Granddaddy Purple online a un prezzo ragionevole? Visita il nostro affidabile negozio online Legitgrams e ottieni Granddaddy Purple in vendita oggi. Effettua un ordine ora!","breadcrumb":{"@id":"https:\/\/legitgrams.com\/product\/granddaddy-purple-marijuana-strain\/#breadcrumb"},"inLanguage":"it-IT","potentialAction":[{"@type":"ReadAction","target":["https:\/\/legitgrams.com\/product\/granddaddy-purple-marijuana-strain\/"]}]},{"@type":"ImageObject","inLanguage":"it-IT","@id":"https:\/\/legitgrams.com\/product\/granddaddy-purple-marijuana-strain\/#primaryimage","url":"https:\/\/legitgrams.com\/wp-content\/uploads\/2024\/09\/Buy-Granddaddy-Purple-Marijuana-Strain-Online.jpg","contentUrl":"https:\/\/legitgrams.com\/wp-content\/uploads\/2024\/09\/Buy-Granddaddy-Purple-Marijuana-Strain-Online.jpg","width":600,"height":600,"caption":"Granddaddy Purple for Sale"},{"@type":"BreadcrumbList","@id":"https:\/\/legitgrams.com\/product\/granddaddy-purple-marijuana-strain\/#breadcrumb","itemListElement":[{"@type":"ListItem","position":1,"name":"Home","item":"https:\/\/legitgrams.com\/"},{"@type":"ListItem","position":2,"name":"Shop","item":"https:\/\/legitgrams.com\/shop\/"},{"@type":"ListItem","position":3,"name":"Granddaddy Purple Marijuana Strain"}]},{"@type":"WebSite","@id":"https:\/\/legitgrams.com\/#website","url":"https:\/\/legitgrams.com\/","name":"Grammi legittimi","description":"Il mio blog WordPress","publisher":{"@id":"https:\/\/legitgrams.com\/#organization"},"potentialAction":[{"@type":"SearchAction","target":{"@type":"EntryPoint","urlTemplate":"https:\/\/legitgrams.com\/?s={search_term_string}"},"query-input":{"@type":"PropertyValueSpecification","valueRequired":true,"valueName":"search_term_string"}}],"inLanguage":"it-IT"},{"@type":"Organization","@id":"https:\/\/legitgrams.com\/#organization","name":"Grammi legittimi","url":"https:\/\/legitgrams.com\/","logo":{"@type":"ImageObject","inLanguage":"it-IT","@id":"https:\/\/legitgrams.com\/#\/schema\/logo\/image\/","url":"https:\/\/legitgrams.com\/wp-content\/uploads\/2024\/09\/main-logo.png","contentUrl":"https:\/\/legitgrams.com\/wp-content\/uploads\/2024\/09\/main-logo.png","width":270,"height":75,"caption":"Legit Grams"},"image":{"@id":"https:\/\/legitgrams.com\/#\/schema\/logo\/image\/"}}]}},"uagb_featured_image_src":{"full":["https:\/\/legitgrams.com\/wp-content\/uploads\/2024\/09\/Buy-Granddaddy-Purple-Marijuana-Strain-Online.jpg",600,600,false],"thumbnail":["https:\/\/legitgrams.com\/wp-content\/uploads\/2024\/09\/Buy-Granddaddy-Purple-Marijuana-Strain-Online-150x150.jpg",150,150,true],"medium":["https:\/\/legitgrams.com\/wp-content\/uploads\/2024\/09\/Buy-Granddaddy-Purple-Marijuana-Strain-Online-300x300.jpg",300,300,true],"medium_large":["https:\/\/legitgrams.com\/wp-content\/uploads\/2024\/09\/Buy-Granddaddy-Purple-Marijuana-Strain-Online.jpg",600,600,false],"large":["https:\/\/legitgrams.com\/wp-content\/uploads\/2024\/09\/Buy-Granddaddy-Purple-Marijuana-Strain-Online.jpg",600,600,false],"1536x1536":["https:\/\/legitgrams.com\/wp-content\/uploads\/2024\/09\/Buy-Granddaddy-Purple-Marijuana-Strain-Online.jpg",600,600,false],"2048x2048":["https:\/\/legitgrams.com\/wp-content\/uploads\/2024\/09\/Buy-Granddaddy-Purple-Marijuana-Strain-Online.jpg",600,600,false],"trp-custom-language-flag":["https:\/\/legitgrams.com\/wp-content\/uploads\/2024\/09\/Buy-Granddaddy-Purple-Marijuana-Strain-Online-12x12.jpg",12,12,true],"woocommerce_thumbnail":["https:\/\/legitgrams.com\/wp-content\/uploads\/2024\/09\/Buy-Granddaddy-Purple-Marijuana-Strain-Online-300x300.jpg",300,300,true],"woocommerce_single":["https:\/\/legitgrams.com\/wp-content\/uploads\/2024\/09\/Buy-Granddaddy-Purple-Marijuana-Strain-Online.jpg",600,600,false],"woocommerce_gallery_thumbnail":["https:\/\/legitgrams.com\/wp-content\/uploads\/2024\/09\/Buy-Granddaddy-Purple-Marijuana-Strain-Online-100x100.jpg",100,100,true]},"uagb_author_info":{"display_name":"cokeblog18","author_link":"https:\/\/legitgrams.com\/it\/author\/"},"uagb_comment_info":0,"uagb_excerpt":"Granddaddy Purple Cannabis Strain: Purchase Online Granddaddy Purple is a cannabis hybrid strain. Half Sativa and Half Indica 1% CBD and 20%\u201327% THC Impacts: Joyful, ecstatic, full, and serene Potentially Reduce Loss of Appetite, Arthritis, Depression, Insomnia, Muscle Spasms, PTSD, and Stress Flavors Fruity, Grape, Berry, Pine, and Sweet Buy Granddaddy Purple Marijuana Strain Online&hellip;","_links":{"self":[{"href":"https:\/\/legitgrams.com\/it\/wp-json\/wp\/v2\/product\/3820","targetHints":{"allow":["GET"]}}],"collection":[{"href":"https:\/\/legitgrams.com\/it\/wp-json\/wp\/v2\/product"}],"about":[{"href":"https:\/\/legitgrams.com\/it\/wp-json\/wp\/v2\/types\/product"}],"replies":[{"embeddable":true,"href":"https:\/\/legitgrams.com\/it\/wp-json\/wp\/v2\/comments?post=3820"}],"wp:featuredmedia":[{"embeddable":true,"href":"https:\/\/legitgrams.com\/it\/wp-json\/wp\/v2\/media\/5424"}],"wp:attachment":[{"href":"https:\/\/legitgrams.com\/it\/wp-json\/wp\/v2\/media?parent=3820"}],"wp:term":[{"taxonomy":"product_brand","embeddable":true,"href":"https:\/\/legitgrams.com\/it\/wp-json\/wp\/v2\/product_brand?post=3820"},{"taxonomy":"product_cat","embeddable":true,"href":"https:\/\/legitgrams.com\/it\/wp-json\/wp\/v2\/product_cat?post=3820"},{"taxonomy":"product_tag","embeddable":true,"href":"https:\/\/legitgrams.com\/it\/wp-json\/wp\/v2\/product_tag?post=3820"}],"curies":[{"name":"wp","href":"https:\/\/api.w.org\/{rel}","templated":true}]}}