{"id":3823,"date":"2024-09-20T06:19:26","date_gmt":"2024-09-20T06:19:26","guid":{"rendered":"https:\/\/legitgrams.com\/?post_type=product&#038;p=3823"},"modified":"2025-01-13T08:10:48","modified_gmt":"2025-01-13T08:10:48","slug":"varieta-di-marijuana-agent-orange","status":"publish","type":"product","link":"https:\/\/legitgrams.com\/it\/prodotto\/varieta-di-marijuana-agent-orange\/","title":{"rendered":"La variet\u00e0 di marijuana Agent Orange"},"content":{"rendered":"<h2>In vendita: variet\u00e0 di cannabis Agent Orange<\/h2>\n<p>Un modo per visualizzare l'Asia \u00e8 chiudere gli occhi e visualizzare litorali lontani, paradisi purtroppo scomparsi e cibo cos\u00ec buono che non vorrai mangiare altro. In alternativa, prova questa variet\u00e0 incredibilmente rara e rinvigorente; potrebbe essere la fantasia che stavi aspettando. A causa della loro riproduzione enigmatica e del loro corredo genetico altamente segreto, si pensava che le arance asiatiche fossero estinte per molto tempo. Tuttavia, ora si sa che questa razza in via di estinzione esiste ancora grazie ad alcuni sostenitori dedicati.<\/p>\n<p>\u00c8 stato determinato che questa \u00e8 una Sativa affidabile con un livello di THC costante tra il 17% e il 24%, anche in assenza di conferma di paternit\u00e0. Nonostante il fatto che il ceppo Il nome \"<a href=\"https:\/\/en.wikipedia.org\/wiki\/Agent_Orange\">Arancione asiatico<\/a>,\u201d che descrive la sua relativa oscurit\u00e0, forse ha qualcosa a che fare con l'eredit\u00e0 asiatica della zona e con i grandi fiori ondulati ricoperti di peli rosso scuro. L'aroma di scorza di limone e acidit\u00e0 mescolato alla dolcezza permea queste deliziose cime. La sua forma generale \u00e8 pensata per imitare un amo da aragosta, il che gli conferisce un fascino visivo e lo solleva al di sopra di un fiore bagnato. <a href=\"https:\/\/legitgrams.com\/it\/\">LegitGrams<\/a><\/p>\n<p>La sensazione \u00e8 caratterizzata come psichedelica, edificante e cerebrale. La tua unicit\u00e0 e personalit\u00e0 cresceranno rapidamente, causando brividi che ti corrono lungo la spina dorsale dalla testa alle estremit\u00e0. La luce si diffonder\u00e0 al tuo centro mentre il tuo corpo inizia a rilassarsi completamente. \u00c8 normale essere entusiasti a questo punto. Nel caso in cui tu fossi convinto, questo tipo di mosca spagnola \u00e8 eccellente. A causa delle onde potenti e dell'intensa psicoattivit\u00e0 del ceppo, non \u00e8 consigliato a coloro che sono inclini a voli mentali o sfiducia.<\/p>\n<p>Acquisto online della variet\u00e0 di cannabis Agent Orange: <a href=\"https:\/\/legitgrams.com\/it\/prodotto\/varieta-di-marijuana-agent-orange\/\">Acquista Cannabis Arancione<\/a>, Acquista Agent Orange Cannabis Strain, Acquista Orange Cannabis Strain Agent Orange Marijuana Strain in vendita, Agent Orange Marijuana Strain in vendita, acquista Marijuana Strain online, dove acquistare Agent Orange Marijuana Strain online, fornitori, consegna sicura, America, Canada e Regno Unito Agent Orange Marijuana Strain \u00e8 ancora disponibile. Inoltre, puoi scoprire se \u00e8 consentito in Canada, come ottenerlo online e se \u00e8 legale negli Stati Uniti.<\/p>","protected":false},"excerpt":{"rendered":"<p>For Sale: Agent Orange Cannabis Strain One way to visualize Asia is to close your eyes and visualize far coastlines, sadly missing havens, and food so good you won&#8217;t want to eat anything else. As an alternative, try this incredibly uncommon and invigorating strain; it might be the fantasy you&#8217;ve been waiting for. Because of &hellip;<\/p>\n<p class=\"read-more\"> <a class=\"\" href=\"https:\/\/legitgrams.com\/it\/prodotto\/varieta-di-marijuana-agent-orange\/\"> <span class=\"screen-reader-text\">La variet\u00e0 di marijuana Agent Orange<\/span> Leggi tutto \"<\/a><\/p>","protected":false},"featured_media":5403,"comment_status":"open","ping_status":"closed","template":"","meta":{"_uag_custom_page_level_css":"","site-sidebar-layout":"default","site-content-layout":"default","ast-global-header-display":"","ast-main-header-display":"","ast-hfb-above-header-display":"","ast-hfb-below-header-display":"","ast-hfb-mobile-header-display":"","site-post-title":"","ast-breadcrumbs-content":"","ast-featured-img":"","footer-sml-layout":"","theme-transparent-header-meta":"default","adv-header-id-meta":"","stick-header-meta":"default","header-above-stick-meta":"","header-main-stick-meta":"","header-below-stick-meta":"","_joinchat":[]},"product_brand":[],"product_cat":[607],"product_tag":[4928,4932,4931,4939,4930,4940,4942,4949,4950,4948,4945,4947,4937,617,4929,4944,4941,4936,4934,4946,4943,625,4935,4938,4933],"class_list":{"0":"post-3823","1":"product","2":"type-product","3":"status-publish","4":"has-post-thumbnail","6":"product_cat-marijuana-cannabis","7":"product_tag-agent-orange-marijuana-strain","8":"product_tag-agent-orange-marijuana-strain-agent-orange-marijuana-strain-supplier","9":"product_tag-agent-orange-marijuana-strain-for-sale","10":"product_tag-agent-orange-marijuana-strain-legally","11":"product_tag-agent-orange-marijuana-strain-online","12":"product_tag-agent-orange-marijuana-strain-price","13":"product_tag-agent-orange-marijuana-strain-store","14":"product_tag-agent-orange-marijuana-strain-use","15":"product_tag-agent-orange-marijuana-strain-wiki","16":"product_tag-agent-orange-marijuana-strain-worldwide","17":"product_tag-agent-orange-marijuana-strains","18":"product_tag-best-cheap-price-agent-orange-marijuana-strain","19":"product_tag-best-place-to-buy-agent-orange-marijuana-strain","20":"product_tag-bulk-online","21":"product_tag-buy-agent-orange-marijuana-strain","22":"product_tag-cheap-agent-orange-marijuana-strain","23":"product_tag-high-quality-agent-orange-marijuana-strain","24":"product_tag-how-to-buy-agent-orange-marijuana-strain","25":"product_tag-order-agent-orange-marijuana-strain","26":"product_tag-purcharse-agent-orange-marijuana-strain","27":"product_tag-shop-agent-orange-marijuana-strain","28":"product_tag-top-quality","29":"product_tag-where-to-buy-agent-orange-marijuana-strain","30":"product_tag-where-to-order-agent-orange-marijuana-strain","31":"product_tag-wholesale-agent-orange-marijuana-strain","32":"desktop-align-left","33":"tablet-align-left","34":"mobile-align-left","35":"ast-product-gallery-layout-horizontal","36":"ast-product-gallery-with-no-image","37":"ast-product-single-variable","38":"ast-product-tabs-layout-horizontal","39":"ast-qv-on-image","41":"first","42":"instock","43":"shipping-taxable","44":"purchasable","45":"product-type-variable"},"yoast_head":"<!-- This site is optimized with the Yoast SEO plugin v25.9 - https:\/\/yoast.com\/wordpress\/plugins\/seo\/ -->\n<title>Agent Orange Marijuana for Sale - Order Agent Orange Online<\/title>\n<meta name=\"description\" content=\"If you have not tried agent orange marijuana strain from our store, then you are missing a lot. We will help you buy orange marijuana strain online at cheap rate. Get orange marijuana strain for sale today!\" \/>\n<meta name=\"robots\" content=\"index, follow, max-snippet:-1, max-image-preview:large, max-video-preview:-1\" \/>\n<link rel=\"canonical\" href=\"https:\/\/legitgrams.com\/it\/prodotto\/varieta-di-marijuana-agent-orange\/\" \/>\n<meta property=\"og:locale\" content=\"it_IT\" \/>\n<meta property=\"og:type\" content=\"article\" \/>\n<meta property=\"og:title\" content=\"Agent Orange Marijuana for Sale - Order Agent Orange Online\" \/>\n<meta property=\"og:description\" content=\"If you have not tried agent orange marijuana strain from our store, then you are missing a lot. We will help you buy orange marijuana strain online at cheap rate. Get orange marijuana strain for sale today!\" \/>\n<meta property=\"og:url\" content=\"https:\/\/legitgrams.com\/it\/prodotto\/varieta-di-marijuana-agent-orange\/\" \/>\n<meta property=\"og:site_name\" content=\"Legit Grams\" \/>\n<meta property=\"article:modified_time\" content=\"2025-01-13T08:10:48+00:00\" \/>\n<meta property=\"og:image\" content=\"https:\/\/legitgrams.com\/wp-content\/uploads\/2024\/09\/Buy-Agent-Orange-Marijuana-Strain-Online-1.jpg\" \/>\n\t<meta property=\"og:image:width\" content=\"600\" \/>\n\t<meta property=\"og:image:height\" content=\"600\" \/>\n\t<meta property=\"og:image:type\" content=\"image\/jpeg\" \/>\n<meta name=\"twitter:card\" content=\"summary_large_image\" \/>\n<meta name=\"twitter:label1\" content=\"Tempo di lettura stimato\" \/>\n\t<meta name=\"twitter:data1\" content=\"2 minuti\" \/>\n<script type=\"application\/ld+json\" class=\"yoast-schema-graph\">{\"@context\":\"https:\/\/schema.org\",\"@graph\":[{\"@type\":\"WebPage\",\"@id\":\"https:\/\/legitgrams.com\/product\/agent-orange-marijuana-strain\/\",\"url\":\"https:\/\/legitgrams.com\/product\/agent-orange-marijuana-strain\/\",\"name\":\"Agent Orange Marijuana for Sale - Order Agent Orange Online\",\"isPartOf\":{\"@id\":\"https:\/\/legitgrams.com\/#website\"},\"primaryImageOfPage\":{\"@id\":\"https:\/\/legitgrams.com\/product\/agent-orange-marijuana-strain\/#primaryimage\"},\"image\":{\"@id\":\"https:\/\/legitgrams.com\/product\/agent-orange-marijuana-strain\/#primaryimage\"},\"thumbnailUrl\":\"https:\/\/legitgrams.com\/wp-content\/uploads\/2024\/09\/Buy-Agent-Orange-Marijuana-Strain-Online-1.jpg\",\"datePublished\":\"2024-09-20T06:19:26+00:00\",\"dateModified\":\"2025-01-13T08:10:48+00:00\",\"description\":\"If you have not tried agent orange marijuana strain from our store, then you are missing a lot. We will help you buy orange marijuana strain online at cheap rate. Get orange marijuana strain for sale today!\",\"breadcrumb\":{\"@id\":\"https:\/\/legitgrams.com\/product\/agent-orange-marijuana-strain\/#breadcrumb\"},\"inLanguage\":\"it-IT\",\"potentialAction\":[{\"@type\":\"ReadAction\",\"target\":[\"https:\/\/legitgrams.com\/product\/agent-orange-marijuana-strain\/\"]}]},{\"@type\":\"ImageObject\",\"inLanguage\":\"it-IT\",\"@id\":\"https:\/\/legitgrams.com\/product\/agent-orange-marijuana-strain\/#primaryimage\",\"url\":\"https:\/\/legitgrams.com\/wp-content\/uploads\/2024\/09\/Buy-Agent-Orange-Marijuana-Strain-Online-1.jpg\",\"contentUrl\":\"https:\/\/legitgrams.com\/wp-content\/uploads\/2024\/09\/Buy-Agent-Orange-Marijuana-Strain-Online-1.jpg\",\"width\":600,\"height\":600,\"caption\":\"Agent Orange Marijuana Strain for Sale\"},{\"@type\":\"BreadcrumbList\",\"@id\":\"https:\/\/legitgrams.com\/product\/agent-orange-marijuana-strain\/#breadcrumb\",\"itemListElement\":[{\"@type\":\"ListItem\",\"position\":1,\"name\":\"Home\",\"item\":\"https:\/\/legitgrams.com\/\"},{\"@type\":\"ListItem\",\"position\":2,\"name\":\"Shop\",\"item\":\"https:\/\/legitgrams.com\/shop\/\"},{\"@type\":\"ListItem\",\"position\":3,\"name\":\"Agent Orange Marijuana Strain\"}]},{\"@type\":\"WebSite\",\"@id\":\"https:\/\/legitgrams.com\/#website\",\"url\":\"https:\/\/legitgrams.com\/\",\"name\":\"Legit Grams\",\"description\":\"My WordPress Blog\",\"publisher\":{\"@id\":\"https:\/\/legitgrams.com\/#organization\"},\"potentialAction\":[{\"@type\":\"SearchAction\",\"target\":{\"@type\":\"EntryPoint\",\"urlTemplate\":\"https:\/\/legitgrams.com\/?s={search_term_string}\"},\"query-input\":{\"@type\":\"PropertyValueSpecification\",\"valueRequired\":true,\"valueName\":\"search_term_string\"}}],\"inLanguage\":\"it-IT\"},{\"@type\":\"Organization\",\"@id\":\"https:\/\/legitgrams.com\/#organization\",\"name\":\"Legit Grams\",\"url\":\"https:\/\/legitgrams.com\/\",\"logo\":{\"@type\":\"ImageObject\",\"inLanguage\":\"it-IT\",\"@id\":\"https:\/\/legitgrams.com\/#\/schema\/logo\/image\/\",\"url\":\"https:\/\/legitgrams.com\/wp-content\/uploads\/2024\/09\/main-logo.png\",\"contentUrl\":\"https:\/\/legitgrams.com\/wp-content\/uploads\/2024\/09\/main-logo.png\",\"width\":270,\"height\":75,\"caption\":\"Legit Grams\"},\"image\":{\"@id\":\"https:\/\/legitgrams.com\/#\/schema\/logo\/image\/\"}}]}<\/script>\n<!-- \/ Yoast SEO plugin. -->","yoast_head_json":{"title":"Agente Arancio Marijuana in vendita - Ordina Agente Arancio online","description":"Se non avete provato la variet\u00e0 di marijuana arancione del nostro negozio, allora vi state perdendo molto. Vi aiuteremo a comprare la variet\u00e0 di marijuana arancione online a basso costo. Prendete la variet\u00e0 di marijuana arancione in vendita oggi!","robots":{"index":"index","follow":"follow","max-snippet":"max-snippet:-1","max-image-preview":"max-image-preview:large","max-video-preview":"max-video-preview:-1"},"canonical":"https:\/\/legitgrams.com\/it\/prodotto\/varieta-di-marijuana-agent-orange\/","og_locale":"it_IT","og_type":"article","og_title":"Agent Orange Marijuana for Sale - Order Agent Orange Online","og_description":"If you have not tried agent orange marijuana strain from our store, then you are missing a lot. We will help you buy orange marijuana strain online at cheap rate. Get orange marijuana strain for sale today!","og_url":"https:\/\/legitgrams.com\/it\/prodotto\/varieta-di-marijuana-agent-orange\/","og_site_name":"Legit Grams","article_modified_time":"2025-01-13T08:10:48+00:00","og_image":[{"width":600,"height":600,"url":"https:\/\/legitgrams.com\/wp-content\/uploads\/2024\/09\/Buy-Agent-Orange-Marijuana-Strain-Online-1.jpg","type":"image\/jpeg"}],"twitter_card":"summary_large_image","twitter_misc":{"Tempo di lettura stimato":"2 minuti"},"schema":{"@context":"https:\/\/schema.org","@graph":[{"@type":"WebPage","@id":"https:\/\/legitgrams.com\/product\/agent-orange-marijuana-strain\/","url":"https:\/\/legitgrams.com\/product\/agent-orange-marijuana-strain\/","name":"Agente Arancio Marijuana in vendita - Ordina Agente Arancio online","isPartOf":{"@id":"https:\/\/legitgrams.com\/#website"},"primaryImageOfPage":{"@id":"https:\/\/legitgrams.com\/product\/agent-orange-marijuana-strain\/#primaryimage"},"image":{"@id":"https:\/\/legitgrams.com\/product\/agent-orange-marijuana-strain\/#primaryimage"},"thumbnailUrl":"https:\/\/legitgrams.com\/wp-content\/uploads\/2024\/09\/Buy-Agent-Orange-Marijuana-Strain-Online-1.jpg","datePublished":"2024-09-20T06:19:26+00:00","dateModified":"2025-01-13T08:10:48+00:00","description":"Se non avete provato la variet\u00e0 di marijuana arancione del nostro negozio, allora vi state perdendo molto. Vi aiuteremo a comprare la variet\u00e0 di marijuana arancione online a basso costo. Prendete la variet\u00e0 di marijuana arancione in vendita oggi!","breadcrumb":{"@id":"https:\/\/legitgrams.com\/product\/agent-orange-marijuana-strain\/#breadcrumb"},"inLanguage":"it-IT","potentialAction":[{"@type":"ReadAction","target":["https:\/\/legitgrams.com\/product\/agent-orange-marijuana-strain\/"]}]},{"@type":"ImageObject","inLanguage":"it-IT","@id":"https:\/\/legitgrams.com\/product\/agent-orange-marijuana-strain\/#primaryimage","url":"https:\/\/legitgrams.com\/wp-content\/uploads\/2024\/09\/Buy-Agent-Orange-Marijuana-Strain-Online-1.jpg","contentUrl":"https:\/\/legitgrams.com\/wp-content\/uploads\/2024\/09\/Buy-Agent-Orange-Marijuana-Strain-Online-1.jpg","width":600,"height":600,"caption":"Agent Orange Marijuana Strain for Sale"},{"@type":"BreadcrumbList","@id":"https:\/\/legitgrams.com\/product\/agent-orange-marijuana-strain\/#breadcrumb","itemListElement":[{"@type":"ListItem","position":1,"name":"Home","item":"https:\/\/legitgrams.com\/"},{"@type":"ListItem","position":2,"name":"Shop","item":"https:\/\/legitgrams.com\/shop\/"},{"@type":"ListItem","position":3,"name":"Agent Orange Marijuana Strain"}]},{"@type":"WebSite","@id":"https:\/\/legitgrams.com\/#website","url":"https:\/\/legitgrams.com\/","name":"Grammi legittimi","description":"Il mio blog WordPress","publisher":{"@id":"https:\/\/legitgrams.com\/#organization"},"potentialAction":[{"@type":"SearchAction","target":{"@type":"EntryPoint","urlTemplate":"https:\/\/legitgrams.com\/?s={search_term_string}"},"query-input":{"@type":"PropertyValueSpecification","valueRequired":true,"valueName":"search_term_string"}}],"inLanguage":"it-IT"},{"@type":"Organization","@id":"https:\/\/legitgrams.com\/#organization","name":"Grammi legittimi","url":"https:\/\/legitgrams.com\/","logo":{"@type":"ImageObject","inLanguage":"it-IT","@id":"https:\/\/legitgrams.com\/#\/schema\/logo\/image\/","url":"https:\/\/legitgrams.com\/wp-content\/uploads\/2024\/09\/main-logo.png","contentUrl":"https:\/\/legitgrams.com\/wp-content\/uploads\/2024\/09\/main-logo.png","width":270,"height":75,"caption":"Legit Grams"},"image":{"@id":"https:\/\/legitgrams.com\/#\/schema\/logo\/image\/"}}]}},"uagb_featured_image_src":{"full":["https:\/\/legitgrams.com\/wp-content\/uploads\/2024\/09\/Buy-Agent-Orange-Marijuana-Strain-Online-1.jpg",600,600,false],"thumbnail":["https:\/\/legitgrams.com\/wp-content\/uploads\/2024\/09\/Buy-Agent-Orange-Marijuana-Strain-Online-1-150x150.jpg",150,150,true],"medium":["https:\/\/legitgrams.com\/wp-content\/uploads\/2024\/09\/Buy-Agent-Orange-Marijuana-Strain-Online-1-300x300.jpg",300,300,true],"medium_large":["https:\/\/legitgrams.com\/wp-content\/uploads\/2024\/09\/Buy-Agent-Orange-Marijuana-Strain-Online-1.jpg",600,600,false],"large":["https:\/\/legitgrams.com\/wp-content\/uploads\/2024\/09\/Buy-Agent-Orange-Marijuana-Strain-Online-1.jpg",600,600,false],"1536x1536":["https:\/\/legitgrams.com\/wp-content\/uploads\/2024\/09\/Buy-Agent-Orange-Marijuana-Strain-Online-1.jpg",600,600,false],"2048x2048":["https:\/\/legitgrams.com\/wp-content\/uploads\/2024\/09\/Buy-Agent-Orange-Marijuana-Strain-Online-1.jpg",600,600,false],"trp-custom-language-flag":["https:\/\/legitgrams.com\/wp-content\/uploads\/2024\/09\/Buy-Agent-Orange-Marijuana-Strain-Online-1-12x12.jpg",12,12,true],"woocommerce_thumbnail":["https:\/\/legitgrams.com\/wp-content\/uploads\/2024\/09\/Buy-Agent-Orange-Marijuana-Strain-Online-1-300x300.jpg",300,300,true],"woocommerce_single":["https:\/\/legitgrams.com\/wp-content\/uploads\/2024\/09\/Buy-Agent-Orange-Marijuana-Strain-Online-1.jpg",600,600,false],"woocommerce_gallery_thumbnail":["https:\/\/legitgrams.com\/wp-content\/uploads\/2024\/09\/Buy-Agent-Orange-Marijuana-Strain-Online-1-100x100.jpg",100,100,true]},"uagb_author_info":{"display_name":"cokeblog18","author_link":"https:\/\/legitgrams.com\/it\/author\/"},"uagb_comment_info":0,"uagb_excerpt":"For Sale: Agent Orange Cannabis Strain One way to visualize Asia is to close your eyes and visualize far coastlines, sadly missing havens, and food so good you won&#8217;t want to eat anything else. As an alternative, try this incredibly uncommon and invigorating strain; it might be the fantasy you&#8217;ve been waiting for. Because of&hellip;","_links":{"self":[{"href":"https:\/\/legitgrams.com\/it\/wp-json\/wp\/v2\/product\/3823","targetHints":{"allow":["GET"]}}],"collection":[{"href":"https:\/\/legitgrams.com\/it\/wp-json\/wp\/v2\/product"}],"about":[{"href":"https:\/\/legitgrams.com\/it\/wp-json\/wp\/v2\/types\/product"}],"replies":[{"embeddable":true,"href":"https:\/\/legitgrams.com\/it\/wp-json\/wp\/v2\/comments?post=3823"}],"wp:featuredmedia":[{"embeddable":true,"href":"https:\/\/legitgrams.com\/it\/wp-json\/wp\/v2\/media\/5403"}],"wp:attachment":[{"href":"https:\/\/legitgrams.com\/it\/wp-json\/wp\/v2\/media?parent=3823"}],"wp:term":[{"taxonomy":"product_brand","embeddable":true,"href":"https:\/\/legitgrams.com\/it\/wp-json\/wp\/v2\/product_brand?post=3823"},{"taxonomy":"product_cat","embeddable":true,"href":"https:\/\/legitgrams.com\/it\/wp-json\/wp\/v2\/product_cat?post=3823"},{"taxonomy":"product_tag","embeddable":true,"href":"https:\/\/legitgrams.com\/it\/wp-json\/wp\/v2\/product_tag?post=3823"}],"curies":[{"name":"wp","href":"https:\/\/api.w.org\/{rel}","templated":true}]}}