{"id":3890,"date":"2024-09-20T10:09:25","date_gmt":"2024-09-20T10:09:25","guid":{"rendered":"https:\/\/legitgrams.com\/?post_type=product&#038;p=3890"},"modified":"2025-04-04T13:43:33","modified_gmt":"2025-04-04T13:43:33","slug":"funghi-da-invidia-del-pene","status":"publish","type":"product","link":"https:\/\/legitgrams.com\/it\/prodotto\/funghi-da-invidia-del-pene\/","title":{"rendered":"Acquista online i funghi dell'invidia del pene"},"content":{"rendered":"<h2>Acquista online i funghi Penis Envy: Penis Envy Cubensis in vendita<\/h2>\n<p>\"Qual \u00e8 il <a href=\"https:\/\/legitgrams.com\/it\/prodotto\/funghi-da-invidia-del-pene\/\">Invidia del pene Cubensis<\/a>? \"Che cosa significa questo nome strano?\" potrebbe venirti in mente. La situazione \u00e8 davvero semplice. Non si pu\u00f2 ignorare il fatto che questo fungo allucinogeno assomigli a un pene. Potresti rimanere sorpreso nello scoprire che questo fungo ha uno dei pi\u00f9 forti potenziali psichedelici tra tutte le specie conosciute. Si dice che Terence McKenna degli Psychonauts sia stato l'ideatore di <a href=\"https:\/\/www.bing.com\/search?q=AcquistaonlineifunghiPenisEnvy&amp;qs=n&amp;form=QBRE&amp;sp=-1&amp;lq=0&amp;pq=acquistaonlineifunghipenisenvy&amp;sc=0-35&amp;sk=&amp;cvid=3E47785D6A0C4D2FA0C8329C339EB2AE&amp;ghsh=0&amp;ghacc=0&amp;ghpl=\">Invidia del pene Cubensis<\/a>.<\/p>\n<p>Ha un cappello carnoso, un fusto spesso e bulboso e un gambo che continua a crescere di dimensioni anche dopo l'apertura del cappello. A differenza di altri ceppi di Cubensis, questo ha una densit\u00e0 di funghi molto elevata. Coltivare questo tipo di fungo non \u00e8 facile. Al microscopio, le spore sembrano identiche, ma il processo di generazione \u00e8 completamente diverso da quello di altri ceppi. In sostanza, le impronte delle spore non sono possibili e le siringhe di spore sono l'unico modo per ottenere <a href=\"https:\/\/www.google.com\/search?q=Acquista+online+i+funghi+Penis+Envy&amp;sca_esv=eddefdb7b92e7545&amp;sxsrf=AHTn8zolQGVF8sqSHNUofWE9rZM3HqdCAA1743774284731&amp;ei=TOLvZ46kLMrT2roPkYObkQI&amp;ved=0ahUKEwiO-ry2wb6MAxXKqVYBHZHBJiIQ4dUDCBA&amp;uact=5&amp;oq=Acquista+online+i+funghi+Penis+Envy&amp;gs_lp=Egxnd3Mtd2l6LXNlcnAiI0FjcXVpc3RhIG9ubGluZSBpIGZ1bmdoaSBQZW5pcyBFbnZ5SMkGUNoCWNoCcAF4AJABAJgB-AGgAfgBqgEDMi0xuAEDyAEA-AEC-AEBmAIAoAIAmAMAiAYBkgcAoAfoAbIHALgHAA&amp;sclient=gws-wiz-serp\">Invidia del pene Cubensis<\/a> spores. <a href=\"https:\/\/legitgrams.com\/it\/\">LegitGrams<\/a><\/p>\n<h3>Quali sono gli effetti di questo fungo?<\/h3>\n<p>Un fungo forte a base di psilocibina \u00e8 Penis Envy Cubensis Canada. Evidentemente, il principio attivo si chiama psilocibina e ha una serie di effetti fisiologici. In sostanza, si prova un'esperienza mistica, che varia da persona a persona. Il tipo di esperienza dipende dalla quantit\u00e0 di dose assunta.<\/p>\n<p>Ad esempio, <a href=\"https:\/\/en.wikipedia.org\/wiki\/Penis_envy\">Invidia del pene<\/a> Il Cubensis ha effetti forti che possono essere paragonati a due o tre grammi di funghi pi\u00f9 deboli per grammo. Per questo motivo, consigliamo di iniziare con un dosaggio minore, soprattutto se si \u00e8 alle prime armi. Per un utente alle prime armi, gli effetti profondi e sconvolgenti dei funghi psilocibina possono essere piuttosto inquietanti.<\/p>\n<h3>I seguenti possibili risultati potrebbero derivare dall'assunzione di dosi maggiori di questo fungo:<\/h3>\n<p>Percezioni della dilatazione del tempo<br \/>\nDelusioni<br \/>\nLa sinestesia \u00e8 la capacit\u00e0 di percepire i suoni e udire i colori.<\/p>\n<p>Surf frattale<br \/>\nLampi di eventi e incidenti cos\u00ec vividi da prendere il sopravvento sui tuoi pensieri mentre osservi i corpi celesti<br \/>\nLa parola \"sano\" riassume al meglio un tour con Penis Envy Cubensis. \u00c8 improbabile che ti lasci esausto o assonnato. D'altro canto, la variet\u00e0 di stimoli visivi e uditivi che sperimenterai durante il viaggio dovrebbe farti sentire energico, euforico e curioso.<\/p>\n<h3>Ci sono vantaggi per la salute?<\/h3>\n<p>Il consumo di psilocibina \u00e8 stato spesso collegato a effetti antidepressivi, ansiolitici e antistress. Viene utilizzata da persone di tutto il mondo per curarsi dai vari problemi che devono affrontare. Tuttavia, \u00e8 meglio consumarla entro la propria zona di comfort. Se assunte in eccesso, molte cose che possono aiutarvi a gestire l'ansia possono anche farvi sentire ansiosi, soprattutto se non avete mai assunto funghi prima d'ora. Potreste essere terrorizzati dalla dilatazione temporale, dal fenomeno della morte dell'ego e dalle conseguenze che alterano la mente.<\/p>\n<p>Secondo alcuni studi, la psilocibina potrebbe anche avere effetti neuroprotettivi e correlati alla neurogenesi. In altre parole, funghi contenenti psilocibina come quello discusso in questa recensione. <a href=\"https:\/\/duckduckgo.com\/?q=Acquista+online+i+funghi+Penis+Envy&amp;t=h_&amp;ia=web\">Invidia del pene Cubensis<\/a> stimoler\u00e0 la neurogenesi e impedir\u00e0 il declino delle funzioni cerebrali. Dovresti mangiare questi funghi almeno una volta nella vita per una serie di motivi. Meglio ancora se ti piacciono e ti aiutano.<\/p>\n<p>Se acquistate Penis Envy Cubensis online, ve ne innamorerete. Sia che vogliate assumere una dose maggiore per affrontare qualsiasi problema irrisolto con cui state lottando, sia che vogliate assumere quantit\u00e0 minori per l'ansia e la concentrazione. Invece di ossessionarvi con dettagli insignificanti e riempirvi la testa di domande inquietanti, lasciate che le vostre idee fluiscano e che la vostra creativit\u00e0 superi i vostri preconcetti. Molte persone ritengono che i funghi psilocibina siano il miglior approccio per alleviare lo stress e la disperazione.<\/p>\n<h3>Fungo estremamente potente<\/h3>\n<p>Il Penis Envy Cubensis \u00e8 considerato, a ragione, uno dei funghi pi\u00f9 potenti al mondo. Una serie unica di effetti psicoattivi deriva dalla maggiore potenza. Questo fungo cresce molto pi\u00f9 lentamente di altri funghi, il che ha una spiegazione fisiologica diretta. Questo fa s\u00ec che la produzione di psilocibina aumenti dallo stadio di spora a quello di adulto.<\/p>\n<p>Il potenziale allucinogeno del Penis Envy Cubensis \u00e8 maggiore di quello della maggior parte degli altri funghi. \u00c8 quindi necessario usare cautela nella scelta delle condizioni e dei momenti in cui utilizzare questo fungo. Dosi maggiori causeranno indubbiamente un'alterazione della consapevolezza, nonch\u00e9 allucinazioni e sensazioni di alterazione del tempo. Inoltre, lo stimolo visivo frattale ostacoler\u00e0 momentaneamente la coscienza e la capacit\u00e0 di prendere decisioni.<\/p>\n<h3>Spore di invidia del pene in vendita<\/h3>\n<p>Invidia del pene online Cubensis<br \/>\nInvidia del pene Cubensis: Acquisto online<\/p>\n<p>Invidia del pene Cubensis: Acquisto online<\/p>\n<p>Acquista Invidia del pene<\/p>\n<p>In vendita: invidia del pene albino<\/p>\n<p>&nbsp;<\/p>","protected":false},"excerpt":{"rendered":"<p>Purchase Penis Envy Mushrooms Online: Penis Envy Cubensis for Sale &#8220;What is the Penis Envy Cubensis? What&#8217;s with the weird name?&#8221; may be on your mind. The situation really is straightforward. There&#8217;s no getting around the fact that this hallucinogenic fungus resembles a penis. You may be surprised to learn that this mushroom has some &hellip;<\/p>\n<p class=\"read-more\"> <a class=\"\" href=\"https:\/\/legitgrams.com\/it\/prodotto\/funghi-da-invidia-del-pene\/\"> <span class=\"screen-reader-text\">Acquista online i funghi dell'invidia del pene<\/span> Leggi tutto \"<\/a><\/p>","protected":false},"featured_media":5241,"comment_status":"open","ping_status":"closed","template":"","meta":{"_uag_custom_page_level_css":"","site-sidebar-layout":"default","site-content-layout":"default","ast-global-header-display":"","ast-main-header-display":"","ast-hfb-above-header-display":"","ast-hfb-below-header-display":"","ast-hfb-mobile-header-display":"","site-post-title":"","ast-breadcrumbs-content":"","ast-featured-img":"","footer-sml-layout":"","theme-transparent-header-meta":"default","adv-header-id-meta":"","stick-header-meta":"default","header-above-stick-meta":"","header-main-stick-meta":"","header-below-stick-meta":"","_joinchat":[]},"product_brand":[],"product_cat":[599],"product_tag":[4234,4224,617,4216,4231,4228,4223,4221,4215,4218,4226,4217,4219,4227,4229,4236,4237,4235,4232,4233,4230,625,4222,4225,4220],"class_list":{"0":"post-3890","1":"product","2":"type-product","3":"status-publish","4":"has-post-thumbnail","6":"product_cat-psilocybin-or-magic-mushrooms","7":"product_tag-best-cheap-price-penis-envy-mushrooms","8":"product_tag-best-place-to-buy-penis-envy-mushrooms","9":"product_tag-bulk-online","10":"product_tag-buy-penis-envy-mushrooms","11":"product_tag-cheap-penis-envy-mushrooms","12":"product_tag-high-quality-penis-envy-mushrooms","13":"product_tag-how-to-buy-penis-envy-mushrooms","14":"product_tag-order-penis-envy-mushrooms","15":"product_tag-penis-envy-mushrooms","16":"product_tag-penis-envy-mushrooms-for-sale","17":"product_tag-penis-envy-mushrooms-legally","18":"product_tag-penis-envy-mushrooms-online","19":"product_tag-penis-envy-mushrooms-penis-envy-mushrooms-supplier","20":"product_tag-penis-envy-mushrooms-price","21":"product_tag-penis-envy-mushrooms-store","22":"product_tag-penis-envy-mushrooms-use","23":"product_tag-penis-envy-mushrooms-wiki","24":"product_tag-penis-envy-mushrooms-worldwide","25":"product_tag-penis-envy-mushroomss","26":"product_tag-purcharse-penis-envy-mushrooms","27":"product_tag-shop-penis-envy-mushrooms","28":"product_tag-top-quality","29":"product_tag-where-to-buy-penis-envy-mushrooms","30":"product_tag-where-to-order-penis-envy-mushrooms","31":"product_tag-wholesale-penis-envy-mushrooms","32":"desktop-align-left","33":"tablet-align-left","34":"mobile-align-left","35":"ast-product-gallery-layout-horizontal","36":"ast-product-gallery-with-no-image","37":"ast-product-single-variable","38":"ast-product-tabs-layout-horizontal","39":"ast-qv-on-image","41":"first","42":"instock","43":"featured","44":"shipping-taxable","45":"purchasable","46":"product-type-variable"},"yoast_head":"<!-- This site is optimized with the Yoast SEO plugin v25.9 - https:\/\/yoast.com\/wordpress\/plugins\/seo\/ -->\n<title>Penis Envy Mushrooms for Sale - Buy Penis Envy Mushrooms<\/title>\n<meta name=\"description\" content=\"Explore our online store for Penis Envy Mushrooms for sale, offering high-quality Penis Envy Mushrooms . Buy Penis Envy Mushrooms online securely and embark on your research journey with confidence. Place your order now!\" \/>\n<meta name=\"robots\" content=\"index, follow, max-snippet:-1, max-image-preview:large, max-video-preview:-1\" \/>\n<link rel=\"canonical\" href=\"https:\/\/legitgrams.com\/it\/prodotto\/funghi-da-invidia-del-pene\/\" \/>\n<meta property=\"og:locale\" content=\"it_IT\" \/>\n<meta property=\"og:type\" content=\"article\" \/>\n<meta property=\"og:title\" content=\"Penis Envy Mushrooms for Sale - Buy Penis Envy Mushrooms\" \/>\n<meta property=\"og:description\" content=\"Explore our online store for Penis Envy Mushrooms for sale, offering high-quality Penis Envy Mushrooms . Buy Penis Envy Mushrooms online securely and embark on your research journey with confidence. Place your order now!\" \/>\n<meta property=\"og:url\" content=\"https:\/\/legitgrams.com\/it\/prodotto\/funghi-da-invidia-del-pene\/\" \/>\n<meta property=\"og:site_name\" content=\"Legit Grams\" \/>\n<meta property=\"article:modified_time\" content=\"2025-04-04T13:43:33+00:00\" \/>\n<meta property=\"og:image\" content=\"https:\/\/legitgrams.com\/wp-content\/uploads\/2024\/09\/penis-envy-for-salepsilocybin-or-magic-mushrooms.jpg\" \/>\n\t<meta property=\"og:image:width\" content=\"430\" \/>\n\t<meta property=\"og:image:height\" content=\"430\" \/>\n\t<meta property=\"og:image:type\" content=\"image\/jpeg\" \/>\n<meta name=\"twitter:card\" content=\"summary_large_image\" \/>\n<meta name=\"twitter:label1\" content=\"Tempo di lettura stimato\" \/>\n\t<meta name=\"twitter:data1\" content=\"4 minuti\" \/>\n<script type=\"application\/ld+json\" class=\"yoast-schema-graph\">{\"@context\":\"https:\/\/schema.org\",\"@graph\":[{\"@type\":\"WebPage\",\"@id\":\"https:\/\/legitgrams.com\/product\/penis-envy-mushrooms\/\",\"url\":\"https:\/\/legitgrams.com\/product\/penis-envy-mushrooms\/\",\"name\":\"Penis Envy Mushrooms for Sale - Buy Penis Envy Mushrooms\",\"isPartOf\":{\"@id\":\"https:\/\/legitgrams.com\/#website\"},\"primaryImageOfPage\":{\"@id\":\"https:\/\/legitgrams.com\/product\/penis-envy-mushrooms\/#primaryimage\"},\"image\":{\"@id\":\"https:\/\/legitgrams.com\/product\/penis-envy-mushrooms\/#primaryimage\"},\"thumbnailUrl\":\"https:\/\/legitgrams.com\/wp-content\/uploads\/2024\/09\/penis-envy-for-salepsilocybin-or-magic-mushrooms.jpg\",\"datePublished\":\"2024-09-20T10:09:25+00:00\",\"dateModified\":\"2025-04-04T13:43:33+00:00\",\"description\":\"Explore our online store for Penis Envy Mushrooms for sale, offering high-quality Penis Envy Mushrooms . Buy Penis Envy Mushrooms online securely and embark on your research journey with confidence. Place your order now!\",\"breadcrumb\":{\"@id\":\"https:\/\/legitgrams.com\/product\/penis-envy-mushrooms\/#breadcrumb\"},\"inLanguage\":\"it-IT\",\"potentialAction\":[{\"@type\":\"ReadAction\",\"target\":[\"https:\/\/legitgrams.com\/product\/penis-envy-mushrooms\/\"]}]},{\"@type\":\"ImageObject\",\"inLanguage\":\"it-IT\",\"@id\":\"https:\/\/legitgrams.com\/product\/penis-envy-mushrooms\/#primaryimage\",\"url\":\"https:\/\/legitgrams.com\/wp-content\/uploads\/2024\/09\/penis-envy-for-salepsilocybin-or-magic-mushrooms.jpg\",\"contentUrl\":\"https:\/\/legitgrams.com\/wp-content\/uploads\/2024\/09\/penis-envy-for-salepsilocybin-or-magic-mushrooms.jpg\",\"width\":430,\"height\":430,\"caption\":\"Penis Envy Mushrooms for Sale\"},{\"@type\":\"BreadcrumbList\",\"@id\":\"https:\/\/legitgrams.com\/product\/penis-envy-mushrooms\/#breadcrumb\",\"itemListElement\":[{\"@type\":\"ListItem\",\"position\":1,\"name\":\"Home\",\"item\":\"https:\/\/legitgrams.com\/\"},{\"@type\":\"ListItem\",\"position\":2,\"name\":\"Shop\",\"item\":\"https:\/\/legitgrams.com\/shop\/\"},{\"@type\":\"ListItem\",\"position\":3,\"name\":\"Buy Penis Envy Mushrooms Online\"}]},{\"@type\":\"WebSite\",\"@id\":\"https:\/\/legitgrams.com\/#website\",\"url\":\"https:\/\/legitgrams.com\/\",\"name\":\"Legit Grams\",\"description\":\"My WordPress Blog\",\"publisher\":{\"@id\":\"https:\/\/legitgrams.com\/#organization\"},\"potentialAction\":[{\"@type\":\"SearchAction\",\"target\":{\"@type\":\"EntryPoint\",\"urlTemplate\":\"https:\/\/legitgrams.com\/?s={search_term_string}\"},\"query-input\":{\"@type\":\"PropertyValueSpecification\",\"valueRequired\":true,\"valueName\":\"search_term_string\"}}],\"inLanguage\":\"it-IT\"},{\"@type\":\"Organization\",\"@id\":\"https:\/\/legitgrams.com\/#organization\",\"name\":\"Legit Grams\",\"url\":\"https:\/\/legitgrams.com\/\",\"logo\":{\"@type\":\"ImageObject\",\"inLanguage\":\"it-IT\",\"@id\":\"https:\/\/legitgrams.com\/#\/schema\/logo\/image\/\",\"url\":\"https:\/\/legitgrams.com\/wp-content\/uploads\/2024\/09\/main-logo.png\",\"contentUrl\":\"https:\/\/legitgrams.com\/wp-content\/uploads\/2024\/09\/main-logo.png\",\"width\":270,\"height\":75,\"caption\":\"Legit Grams\"},\"image\":{\"@id\":\"https:\/\/legitgrams.com\/#\/schema\/logo\/image\/\"}}]}<\/script>\n<!-- \/ Yoast SEO plugin. -->","yoast_head_json":{"title":"Funghi Penis Envy in vendita - Acquista funghi Penis Envy","description":"Esplora il nostro negozio online di Funghi dell'Invidia del Pene in vendita, offrendo funghi dell'Invidia del Pene di alta qualit\u00e0. Acquistate i Funghi dell'Invidia del Pene online in modo sicuro e intraprendete il vostro viaggio di ricerca con fiducia. Effettua subito l'ordine!","robots":{"index":"index","follow":"follow","max-snippet":"max-snippet:-1","max-image-preview":"max-image-preview:large","max-video-preview":"max-video-preview:-1"},"canonical":"https:\/\/legitgrams.com\/it\/prodotto\/funghi-da-invidia-del-pene\/","og_locale":"it_IT","og_type":"article","og_title":"Penis Envy Mushrooms for Sale - Buy Penis Envy Mushrooms","og_description":"Explore our online store for Penis Envy Mushrooms for sale, offering high-quality Penis Envy Mushrooms . Buy Penis Envy Mushrooms online securely and embark on your research journey with confidence. Place your order now!","og_url":"https:\/\/legitgrams.com\/it\/prodotto\/funghi-da-invidia-del-pene\/","og_site_name":"Legit Grams","article_modified_time":"2025-04-04T13:43:33+00:00","og_image":[{"width":430,"height":430,"url":"https:\/\/legitgrams.com\/wp-content\/uploads\/2024\/09\/penis-envy-for-salepsilocybin-or-magic-mushrooms.jpg","type":"image\/jpeg"}],"twitter_card":"summary_large_image","twitter_misc":{"Tempo di lettura stimato":"4 minuti"},"schema":{"@context":"https:\/\/schema.org","@graph":[{"@type":"WebPage","@id":"https:\/\/legitgrams.com\/product\/penis-envy-mushrooms\/","url":"https:\/\/legitgrams.com\/product\/penis-envy-mushrooms\/","name":"Funghi Penis Envy in vendita - Acquista funghi Penis Envy","isPartOf":{"@id":"https:\/\/legitgrams.com\/#website"},"primaryImageOfPage":{"@id":"https:\/\/legitgrams.com\/product\/penis-envy-mushrooms\/#primaryimage"},"image":{"@id":"https:\/\/legitgrams.com\/product\/penis-envy-mushrooms\/#primaryimage"},"thumbnailUrl":"https:\/\/legitgrams.com\/wp-content\/uploads\/2024\/09\/penis-envy-for-salepsilocybin-or-magic-mushrooms.jpg","datePublished":"2024-09-20T10:09:25+00:00","dateModified":"2025-04-04T13:43:33+00:00","description":"Esplora il nostro negozio online di Funghi dell'Invidia del Pene in vendita, offrendo funghi dell'Invidia del Pene di alta qualit\u00e0. Acquistate i Funghi dell'Invidia del Pene online in modo sicuro e intraprendete il vostro viaggio di ricerca con fiducia. Effettua subito l'ordine!","breadcrumb":{"@id":"https:\/\/legitgrams.com\/product\/penis-envy-mushrooms\/#breadcrumb"},"inLanguage":"it-IT","potentialAction":[{"@type":"ReadAction","target":["https:\/\/legitgrams.com\/product\/penis-envy-mushrooms\/"]}]},{"@type":"ImageObject","inLanguage":"it-IT","@id":"https:\/\/legitgrams.com\/product\/penis-envy-mushrooms\/#primaryimage","url":"https:\/\/legitgrams.com\/wp-content\/uploads\/2024\/09\/penis-envy-for-salepsilocybin-or-magic-mushrooms.jpg","contentUrl":"https:\/\/legitgrams.com\/wp-content\/uploads\/2024\/09\/penis-envy-for-salepsilocybin-or-magic-mushrooms.jpg","width":430,"height":430,"caption":"Penis Envy Mushrooms for Sale"},{"@type":"BreadcrumbList","@id":"https:\/\/legitgrams.com\/product\/penis-envy-mushrooms\/#breadcrumb","itemListElement":[{"@type":"ListItem","position":1,"name":"Home","item":"https:\/\/legitgrams.com\/"},{"@type":"ListItem","position":2,"name":"Shop","item":"https:\/\/legitgrams.com\/shop\/"},{"@type":"ListItem","position":3,"name":"Buy Penis Envy Mushrooms Online"}]},{"@type":"WebSite","@id":"https:\/\/legitgrams.com\/#website","url":"https:\/\/legitgrams.com\/","name":"Grammi legittimi","description":"Il mio blog WordPress","publisher":{"@id":"https:\/\/legitgrams.com\/#organization"},"potentialAction":[{"@type":"SearchAction","target":{"@type":"EntryPoint","urlTemplate":"https:\/\/legitgrams.com\/?s={search_term_string}"},"query-input":{"@type":"PropertyValueSpecification","valueRequired":true,"valueName":"search_term_string"}}],"inLanguage":"it-IT"},{"@type":"Organization","@id":"https:\/\/legitgrams.com\/#organization","name":"Grammi legittimi","url":"https:\/\/legitgrams.com\/","logo":{"@type":"ImageObject","inLanguage":"it-IT","@id":"https:\/\/legitgrams.com\/#\/schema\/logo\/image\/","url":"https:\/\/legitgrams.com\/wp-content\/uploads\/2024\/09\/main-logo.png","contentUrl":"https:\/\/legitgrams.com\/wp-content\/uploads\/2024\/09\/main-logo.png","width":270,"height":75,"caption":"Legit Grams"},"image":{"@id":"https:\/\/legitgrams.com\/#\/schema\/logo\/image\/"}}]}},"uagb_featured_image_src":{"full":["https:\/\/legitgrams.com\/wp-content\/uploads\/2024\/09\/penis-envy-for-salepsilocybin-or-magic-mushrooms.jpg",430,430,false],"thumbnail":["https:\/\/legitgrams.com\/wp-content\/uploads\/2024\/09\/penis-envy-for-salepsilocybin-or-magic-mushrooms-150x150.jpg",150,150,true],"medium":["https:\/\/legitgrams.com\/wp-content\/uploads\/2024\/09\/penis-envy-for-salepsilocybin-or-magic-mushrooms-300x300.jpg",300,300,true],"medium_large":["https:\/\/legitgrams.com\/wp-content\/uploads\/2024\/09\/penis-envy-for-salepsilocybin-or-magic-mushrooms.jpg",430,430,false],"large":["https:\/\/legitgrams.com\/wp-content\/uploads\/2024\/09\/penis-envy-for-salepsilocybin-or-magic-mushrooms.jpg",430,430,false],"1536x1536":["https:\/\/legitgrams.com\/wp-content\/uploads\/2024\/09\/penis-envy-for-salepsilocybin-or-magic-mushrooms.jpg",430,430,false],"2048x2048":["https:\/\/legitgrams.com\/wp-content\/uploads\/2024\/09\/penis-envy-for-salepsilocybin-or-magic-mushrooms.jpg",430,430,false],"trp-custom-language-flag":["https:\/\/legitgrams.com\/wp-content\/uploads\/2024\/09\/penis-envy-for-salepsilocybin-or-magic-mushrooms-12x12.jpg",12,12,true],"woocommerce_thumbnail":["https:\/\/legitgrams.com\/wp-content\/uploads\/2024\/09\/penis-envy-for-salepsilocybin-or-magic-mushrooms-300x300.jpg",300,300,true],"woocommerce_single":["https:\/\/legitgrams.com\/wp-content\/uploads\/2024\/09\/penis-envy-for-salepsilocybin-or-magic-mushrooms.jpg",430,430,false],"woocommerce_gallery_thumbnail":["https:\/\/legitgrams.com\/wp-content\/uploads\/2024\/09\/penis-envy-for-salepsilocybin-or-magic-mushrooms-100x100.jpg",100,100,true]},"uagb_author_info":{"display_name":"cokeblog18","author_link":"https:\/\/legitgrams.com\/it\/author\/"},"uagb_comment_info":0,"uagb_excerpt":"Purchase Penis Envy Mushrooms Online: Penis Envy Cubensis for Sale &#8220;What is the Penis Envy Cubensis? What&#8217;s with the weird name?&#8221; may be on your mind. The situation really is straightforward. There&#8217;s no getting around the fact that this hallucinogenic fungus resembles a penis. You may be surprised to learn that this mushroom has some&hellip;","_links":{"self":[{"href":"https:\/\/legitgrams.com\/it\/wp-json\/wp\/v2\/product\/3890","targetHints":{"allow":["GET"]}}],"collection":[{"href":"https:\/\/legitgrams.com\/it\/wp-json\/wp\/v2\/product"}],"about":[{"href":"https:\/\/legitgrams.com\/it\/wp-json\/wp\/v2\/types\/product"}],"replies":[{"embeddable":true,"href":"https:\/\/legitgrams.com\/it\/wp-json\/wp\/v2\/comments?post=3890"}],"wp:featuredmedia":[{"embeddable":true,"href":"https:\/\/legitgrams.com\/it\/wp-json\/wp\/v2\/media\/5241"}],"wp:attachment":[{"href":"https:\/\/legitgrams.com\/it\/wp-json\/wp\/v2\/media?parent=3890"}],"wp:term":[{"taxonomy":"product_brand","embeddable":true,"href":"https:\/\/legitgrams.com\/it\/wp-json\/wp\/v2\/product_brand?post=3890"},{"taxonomy":"product_cat","embeddable":true,"href":"https:\/\/legitgrams.com\/it\/wp-json\/wp\/v2\/product_cat?post=3890"},{"taxonomy":"product_tag","embeddable":true,"href":"https:\/\/legitgrams.com\/it\/wp-json\/wp\/v2\/product_tag?post=3890"}],"curies":[{"name":"wp","href":"https:\/\/api.w.org\/{rel}","templated":true}]}}