{"id":3911,"date":"2024-09-20T10:50:40","date_gmt":"2024-09-20T10:50:40","guid":{"rendered":"https:\/\/legitgrams.com\/?post_type=product&#038;p=3911"},"modified":"2025-01-15T05:47:36","modified_gmt":"2025-01-15T05:47:36","slug":"u-47700-polvere-1-oz-allingrosso","status":"publish","type":"product","link":"https:\/\/legitgrams.com\/it\/prodotto\/u-47700-polvere-1-oz-allingrosso\/","title":{"rendered":"U-47700 Polvere 1 oz all'ingrosso"},"content":{"rendered":"<h2>Acquista U-47700 Powder 1 oz all'ingrosso online<\/h2>\n<p>Negli Stati Uniti, acquistare U-47700 online<br \/>\nUpjohn ha inizialmente creato l'analgesico oppioide <a href=\"https:\/\/en.wikipedia.org\/wiki\/U-47700\">U-47700<\/a> quasi 40 anni fa. Deriva dall'oppioide simile noto come AH-7921. L'U-47700 non \u00e8 mai stato formalmente testato sull'uomo o sugli animali, nonostante la sua importanza nello sviluppo di questa classe di composti oppioidi.<\/p>\n<h3>Farmacologia:<\/h3>\n<p>Si ritiene che l'U-47700 sia da sette a otto volte pi\u00f9 efficace della morfina per dose ed \u00e8 molto selettivo per i recettori -opioidi. Poich\u00e9 \u00e8 considerato un potente agonista kappa, la disforia e altri effetti avversi non dovrebbero essere troppo gravi. <a href=\"https:\/\/legitgrams.com\/it\/\">LegitGrams<\/a><\/p>\n<p>Acquisto U-47700 Powder 1 oz in Bulk Online - acquisto U-47700 Powder 1 oz in Bulk, acquisto U-47700 Powder 1 oz in Bulk USA, acquisto U-47700 Powder 1 oz in Bulk USA. <a href=\"https:\/\/legitgrams.com\/it\/prodotto\/u-47700-polvere-1-oz-allingrosso\/\">U-47700 Polvere<\/a> 1 oz Dove acquistare U-47700 Powder 1 oz all'ingrosso, U-47700 Powder 1 oz, Wholesale online USA U-47700 Powder, 1 oz, disponibile all'ingrosso In vendita all'ingrosso vicino a me, acquistare 1 oz di U-47700 Powder Dove posso trovare U-47700 Powder 1 oz all'ingrosso online vicino a me? U-47700 polvere 1 oz. USA, Canada, Regno Unito, fornitori, acquisto online, spedizione sicura, vendita all'ingrosso \u00c8 ancora possibile U-47700 1 oz. Polvere all'ingrosso \u00c8 legale acquistare 1 oz. di polvere U-47700 USA all'ingrosso, acquistare 1 oz. di polvere U-47700 USA all'ingrosso online, dove acquistare polvere U-47700, U-47700, 1 oz. di polvere all'ingrosso, legale all'ingrosso in Canada<\/p>","protected":false},"excerpt":{"rendered":"<p>Purchase U-47700 Powder 1 oz wholesale online In the US, purchase U-47700 online Upjohn initially created the opioid analgesic U-47700 almost 40 years ago. It comes from the similar opioid known as AH-7921. U-47700 has never been formally tested on humans or animals, despite its significance in the development of this class of opioid compounds. &hellip;<\/p>\n<p class=\"read-more\"> <a class=\"\" href=\"https:\/\/legitgrams.com\/it\/prodotto\/u-47700-polvere-1-oz-allingrosso\/\"> <span class=\"screen-reader-text\">U-47700 Polvere 1 oz all'ingrosso<\/span> Leggi tutto \"<\/a><\/p>","protected":false},"featured_media":5436,"comment_status":"open","ping_status":"closed","template":"","meta":{"_uag_custom_page_level_css":"","site-sidebar-layout":"default","site-content-layout":"default","ast-global-header-display":"","ast-main-header-display":"","ast-hfb-above-header-display":"","ast-hfb-below-header-display":"","ast-hfb-mobile-header-display":"","site-post-title":"","ast-breadcrumbs-content":"","ast-featured-img":"","footer-sml-layout":"","theme-transparent-header-meta":"default","adv-header-id-meta":"","stick-header-meta":"default","header-above-stick-meta":"","header-main-stick-meta":"","header-below-stick-meta":"","_joinchat":[]},"product_brand":[],"product_cat":[600],"product_tag":[4027,4017,617,4009,4024,4021,4016,4014,4026,4023,625,4008,4011,4019,4010,4020,4022,4012,4029,4030,4028,4025,4015,4018,4013],"class_list":{"0":"post-3911","1":"product","2":"type-product","3":"status-publish","4":"has-post-thumbnail","6":"product_cat-research-chemicals-and-bath-salt","7":"product_tag-best-cheap-price-u-47700-powder-1-oz-wholesale","8":"product_tag-best-place-to-buy-u-47700-powder-1-oz-wholesale","9":"product_tag-bulk-online","10":"product_tag-buy-u-47700-powder-1-oz-wholesale","11":"product_tag-cheap-u-47700-powder-1-oz-wholesale","12":"product_tag-high-quality-u-47700-powder-1-oz-wholesale","13":"product_tag-how-to-buy-u-47700-powder-1-oz-wholesale","14":"product_tag-order-u-47700-powder-1-oz-wholesale","15":"product_tag-purcharse-u-47700-powder-1-oz-wholesale","16":"product_tag-shop-u-47700-powder-1-oz-wholesale","17":"product_tag-top-quality","18":"product_tag-u-47700-powder-1-oz-wholesale","19":"product_tag-u-47700-powder-1-oz-wholesale-for-sale","20":"product_tag-u-47700-powder-1-oz-wholesale-legally","21":"product_tag-u-47700-powder-1-oz-wholesale-online","22":"product_tag-u-47700-powder-1-oz-wholesale-price","23":"product_tag-u-47700-powder-1-oz-wholesale-store","24":"product_tag-u-47700-powder-1-oz-wholesale-u-47700-powder-1-oz-wholesale-supplier","25":"product_tag-u-47700-powder-1-oz-wholesale-use","26":"product_tag-u-47700-powder-1-oz-wholesale-wiki","27":"product_tag-u-47700-powder-1-oz-wholesale-worldwide","28":"product_tag-u-47700-powder-1-oz-wholesales","29":"product_tag-where-to-buy-u-47700-powder-1-oz-wholesale","30":"product_tag-where-to-order-u-47700-powder-1-oz-wholesale","31":"product_tag-wholesale-u-47700-powder-1-oz-wholesale","32":"desktop-align-left","33":"tablet-align-left","34":"mobile-align-left","35":"ast-product-gallery-layout-horizontal","36":"ast-product-gallery-with-no-image","37":"ast-product-single-variable","38":"ast-product-tabs-layout-horizontal","39":"ast-qv-on-image","41":"first","42":"instock","43":"shipping-taxable","44":"purchasable","45":"product-type-variable"},"yoast_head":"<!-- This site is optimized with the Yoast SEO plugin v25.9 - https:\/\/yoast.com\/wordpress\/plugins\/seo\/ -->\n<title>U-47700 Powder for sale - Order U-47700 Online | LegitGrams<\/title>\n<meta name=\"description\" content=\"Explore our online store for u-47700 powder wholesale for sale, offering high-quality u-47700 powder online securely and embark on your research journey with confidence. Place your order now!\" \/>\n<meta name=\"robots\" content=\"index, follow, max-snippet:-1, max-image-preview:large, max-video-preview:-1\" \/>\n<link rel=\"canonical\" href=\"https:\/\/legitgrams.com\/it\/prodotto\/u-47700-polvere-1-oz-allingrosso\/\" \/>\n<meta property=\"og:locale\" content=\"it_IT\" \/>\n<meta property=\"og:type\" content=\"article\" \/>\n<meta property=\"og:title\" content=\"U-47700 Powder for sale - Order U-47700 Online | LegitGrams\" \/>\n<meta property=\"og:description\" content=\"Explore our online store for u-47700 powder wholesale for sale, offering high-quality u-47700 powder online securely and embark on your research journey with confidence. Place your order now!\" \/>\n<meta property=\"og:url\" content=\"https:\/\/legitgrams.com\/it\/prodotto\/u-47700-polvere-1-oz-allingrosso\/\" \/>\n<meta property=\"og:site_name\" content=\"Legit Grams\" \/>\n<meta property=\"article:modified_time\" content=\"2025-01-15T05:47:36+00:00\" \/>\n<meta property=\"og:image\" content=\"https:\/\/legitgrams.com\/wp-content\/uploads\/2024\/09\/buy-u-47700-powder-1-oz-wholesale-online-1-1.jpg\" \/>\n\t<meta property=\"og:image:width\" content=\"600\" \/>\n\t<meta property=\"og:image:height\" content=\"600\" \/>\n\t<meta property=\"og:image:type\" content=\"image\/jpeg\" \/>\n<meta name=\"twitter:card\" content=\"summary_large_image\" \/>\n<meta name=\"twitter:label1\" content=\"Tempo di lettura stimato\" \/>\n\t<meta name=\"twitter:data1\" content=\"2 minuti\" \/>\n<script type=\"application\/ld+json\" class=\"yoast-schema-graph\">{\"@context\":\"https:\/\/schema.org\",\"@graph\":[{\"@type\":\"WebPage\",\"@id\":\"https:\/\/legitgrams.com\/product\/u-47700-powder-1-oz-wholesale\/\",\"url\":\"https:\/\/legitgrams.com\/product\/u-47700-powder-1-oz-wholesale\/\",\"name\":\"U-47700 Powder for sale - Order U-47700 Online | LegitGrams\",\"isPartOf\":{\"@id\":\"https:\/\/legitgrams.com\/#website\"},\"primaryImageOfPage\":{\"@id\":\"https:\/\/legitgrams.com\/product\/u-47700-powder-1-oz-wholesale\/#primaryimage\"},\"image\":{\"@id\":\"https:\/\/legitgrams.com\/product\/u-47700-powder-1-oz-wholesale\/#primaryimage\"},\"thumbnailUrl\":\"https:\/\/legitgrams.com\/wp-content\/uploads\/2024\/09\/buy-u-47700-powder-1-oz-wholesale-online-1-1.jpg\",\"datePublished\":\"2024-09-20T10:50:40+00:00\",\"dateModified\":\"2025-01-15T05:47:36+00:00\",\"description\":\"Explore our online store for u-47700 powder wholesale for sale, offering high-quality u-47700 powder online securely and embark on your research journey with confidence. Place your order now!\",\"breadcrumb\":{\"@id\":\"https:\/\/legitgrams.com\/product\/u-47700-powder-1-oz-wholesale\/#breadcrumb\"},\"inLanguage\":\"it-IT\",\"potentialAction\":[{\"@type\":\"ReadAction\",\"target\":[\"https:\/\/legitgrams.com\/product\/u-47700-powder-1-oz-wholesale\/\"]}]},{\"@type\":\"ImageObject\",\"inLanguage\":\"it-IT\",\"@id\":\"https:\/\/legitgrams.com\/product\/u-47700-powder-1-oz-wholesale\/#primaryimage\",\"url\":\"https:\/\/legitgrams.com\/wp-content\/uploads\/2024\/09\/buy-u-47700-powder-1-oz-wholesale-online-1-1.jpg\",\"contentUrl\":\"https:\/\/legitgrams.com\/wp-content\/uploads\/2024\/09\/buy-u-47700-powder-1-oz-wholesale-online-1-1.jpg\",\"width\":600,\"height\":600,\"caption\":\"U-47700 Powder for sale\"},{\"@type\":\"BreadcrumbList\",\"@id\":\"https:\/\/legitgrams.com\/product\/u-47700-powder-1-oz-wholesale\/#breadcrumb\",\"itemListElement\":[{\"@type\":\"ListItem\",\"position\":1,\"name\":\"Home\",\"item\":\"https:\/\/legitgrams.com\/\"},{\"@type\":\"ListItem\",\"position\":2,\"name\":\"Shop\",\"item\":\"https:\/\/legitgrams.com\/shop\/\"},{\"@type\":\"ListItem\",\"position\":3,\"name\":\"U-47700 Powder 1 oz wholesale\"}]},{\"@type\":\"WebSite\",\"@id\":\"https:\/\/legitgrams.com\/#website\",\"url\":\"https:\/\/legitgrams.com\/\",\"name\":\"Legit Grams\",\"description\":\"My WordPress Blog\",\"publisher\":{\"@id\":\"https:\/\/legitgrams.com\/#organization\"},\"potentialAction\":[{\"@type\":\"SearchAction\",\"target\":{\"@type\":\"EntryPoint\",\"urlTemplate\":\"https:\/\/legitgrams.com\/?s={search_term_string}\"},\"query-input\":{\"@type\":\"PropertyValueSpecification\",\"valueRequired\":true,\"valueName\":\"search_term_string\"}}],\"inLanguage\":\"it-IT\"},{\"@type\":\"Organization\",\"@id\":\"https:\/\/legitgrams.com\/#organization\",\"name\":\"Legit Grams\",\"url\":\"https:\/\/legitgrams.com\/\",\"logo\":{\"@type\":\"ImageObject\",\"inLanguage\":\"it-IT\",\"@id\":\"https:\/\/legitgrams.com\/#\/schema\/logo\/image\/\",\"url\":\"https:\/\/legitgrams.com\/wp-content\/uploads\/2024\/09\/main-logo.png\",\"contentUrl\":\"https:\/\/legitgrams.com\/wp-content\/uploads\/2024\/09\/main-logo.png\",\"width\":270,\"height\":75,\"caption\":\"Legit Grams\"},\"image\":{\"@id\":\"https:\/\/legitgrams.com\/#\/schema\/logo\/image\/\"}}]}<\/script>\n<!-- \/ Yoast SEO plugin. -->","yoast_head_json":{"title":"U-47700 Powder in vendita - Ordina U-47700 online | LegitGrams","description":"Esplorate il nostro negozio online di polvere u-47700 in vendita all'ingrosso, che offre polvere u-47700 di alta qualit\u00e0 online in modo sicuro e intraprendete il vostro viaggio di ricerca con fiducia. Effettuate subito il vostro ordine!","robots":{"index":"index","follow":"follow","max-snippet":"max-snippet:-1","max-image-preview":"max-image-preview:large","max-video-preview":"max-video-preview:-1"},"canonical":"https:\/\/legitgrams.com\/it\/prodotto\/u-47700-polvere-1-oz-allingrosso\/","og_locale":"it_IT","og_type":"article","og_title":"U-47700 Powder for sale - Order U-47700 Online | LegitGrams","og_description":"Explore our online store for u-47700 powder wholesale for sale, offering high-quality u-47700 powder online securely and embark on your research journey with confidence. Place your order now!","og_url":"https:\/\/legitgrams.com\/it\/prodotto\/u-47700-polvere-1-oz-allingrosso\/","og_site_name":"Legit Grams","article_modified_time":"2025-01-15T05:47:36+00:00","og_image":[{"width":600,"height":600,"url":"https:\/\/legitgrams.com\/wp-content\/uploads\/2024\/09\/buy-u-47700-powder-1-oz-wholesale-online-1-1.jpg","type":"image\/jpeg"}],"twitter_card":"summary_large_image","twitter_misc":{"Tempo di lettura stimato":"2 minuti"},"schema":{"@context":"https:\/\/schema.org","@graph":[{"@type":"WebPage","@id":"https:\/\/legitgrams.com\/product\/u-47700-powder-1-oz-wholesale\/","url":"https:\/\/legitgrams.com\/product\/u-47700-powder-1-oz-wholesale\/","name":"U-47700 Powder in vendita - Ordina U-47700 online | LegitGrams","isPartOf":{"@id":"https:\/\/legitgrams.com\/#website"},"primaryImageOfPage":{"@id":"https:\/\/legitgrams.com\/product\/u-47700-powder-1-oz-wholesale\/#primaryimage"},"image":{"@id":"https:\/\/legitgrams.com\/product\/u-47700-powder-1-oz-wholesale\/#primaryimage"},"thumbnailUrl":"https:\/\/legitgrams.com\/wp-content\/uploads\/2024\/09\/buy-u-47700-powder-1-oz-wholesale-online-1-1.jpg","datePublished":"2024-09-20T10:50:40+00:00","dateModified":"2025-01-15T05:47:36+00:00","description":"Esplorate il nostro negozio online di polvere u-47700 in vendita all'ingrosso, che offre polvere u-47700 di alta qualit\u00e0 online in modo sicuro e intraprendete il vostro viaggio di ricerca con fiducia. Effettuate subito il vostro ordine!","breadcrumb":{"@id":"https:\/\/legitgrams.com\/product\/u-47700-powder-1-oz-wholesale\/#breadcrumb"},"inLanguage":"it-IT","potentialAction":[{"@type":"ReadAction","target":["https:\/\/legitgrams.com\/product\/u-47700-powder-1-oz-wholesale\/"]}]},{"@type":"ImageObject","inLanguage":"it-IT","@id":"https:\/\/legitgrams.com\/product\/u-47700-powder-1-oz-wholesale\/#primaryimage","url":"https:\/\/legitgrams.com\/wp-content\/uploads\/2024\/09\/buy-u-47700-powder-1-oz-wholesale-online-1-1.jpg","contentUrl":"https:\/\/legitgrams.com\/wp-content\/uploads\/2024\/09\/buy-u-47700-powder-1-oz-wholesale-online-1-1.jpg","width":600,"height":600,"caption":"U-47700 Powder for sale"},{"@type":"BreadcrumbList","@id":"https:\/\/legitgrams.com\/product\/u-47700-powder-1-oz-wholesale\/#breadcrumb","itemListElement":[{"@type":"ListItem","position":1,"name":"Home","item":"https:\/\/legitgrams.com\/"},{"@type":"ListItem","position":2,"name":"Shop","item":"https:\/\/legitgrams.com\/shop\/"},{"@type":"ListItem","position":3,"name":"U-47700 Powder 1 oz wholesale"}]},{"@type":"WebSite","@id":"https:\/\/legitgrams.com\/#website","url":"https:\/\/legitgrams.com\/","name":"Grammi legittimi","description":"Il mio blog WordPress","publisher":{"@id":"https:\/\/legitgrams.com\/#organization"},"potentialAction":[{"@type":"SearchAction","target":{"@type":"EntryPoint","urlTemplate":"https:\/\/legitgrams.com\/?s={search_term_string}"},"query-input":{"@type":"PropertyValueSpecification","valueRequired":true,"valueName":"search_term_string"}}],"inLanguage":"it-IT"},{"@type":"Organization","@id":"https:\/\/legitgrams.com\/#organization","name":"Grammi legittimi","url":"https:\/\/legitgrams.com\/","logo":{"@type":"ImageObject","inLanguage":"it-IT","@id":"https:\/\/legitgrams.com\/#\/schema\/logo\/image\/","url":"https:\/\/legitgrams.com\/wp-content\/uploads\/2024\/09\/main-logo.png","contentUrl":"https:\/\/legitgrams.com\/wp-content\/uploads\/2024\/09\/main-logo.png","width":270,"height":75,"caption":"Legit Grams"},"image":{"@id":"https:\/\/legitgrams.com\/#\/schema\/logo\/image\/"}}]}},"uagb_featured_image_src":{"full":["https:\/\/legitgrams.com\/wp-content\/uploads\/2024\/09\/buy-u-47700-powder-1-oz-wholesale-online-1-1.jpg",600,600,false],"thumbnail":["https:\/\/legitgrams.com\/wp-content\/uploads\/2024\/09\/buy-u-47700-powder-1-oz-wholesale-online-1-1-150x150.jpg",150,150,true],"medium":["https:\/\/legitgrams.com\/wp-content\/uploads\/2024\/09\/buy-u-47700-powder-1-oz-wholesale-online-1-1-300x300.jpg",300,300,true],"medium_large":["https:\/\/legitgrams.com\/wp-content\/uploads\/2024\/09\/buy-u-47700-powder-1-oz-wholesale-online-1-1.jpg",600,600,false],"large":["https:\/\/legitgrams.com\/wp-content\/uploads\/2024\/09\/buy-u-47700-powder-1-oz-wholesale-online-1-1.jpg",600,600,false],"1536x1536":["https:\/\/legitgrams.com\/wp-content\/uploads\/2024\/09\/buy-u-47700-powder-1-oz-wholesale-online-1-1.jpg",600,600,false],"2048x2048":["https:\/\/legitgrams.com\/wp-content\/uploads\/2024\/09\/buy-u-47700-powder-1-oz-wholesale-online-1-1.jpg",600,600,false],"trp-custom-language-flag":["https:\/\/legitgrams.com\/wp-content\/uploads\/2024\/09\/buy-u-47700-powder-1-oz-wholesale-online-1-1-12x12.jpg",12,12,true],"woocommerce_thumbnail":["https:\/\/legitgrams.com\/wp-content\/uploads\/2024\/09\/buy-u-47700-powder-1-oz-wholesale-online-1-1-300x300.jpg",300,300,true],"woocommerce_single":["https:\/\/legitgrams.com\/wp-content\/uploads\/2024\/09\/buy-u-47700-powder-1-oz-wholesale-online-1-1.jpg",600,600,false],"woocommerce_gallery_thumbnail":["https:\/\/legitgrams.com\/wp-content\/uploads\/2024\/09\/buy-u-47700-powder-1-oz-wholesale-online-1-1-100x100.jpg",100,100,true]},"uagb_author_info":{"display_name":"cokeblog18","author_link":"https:\/\/legitgrams.com\/it\/author\/"},"uagb_comment_info":0,"uagb_excerpt":"Purchase U-47700 Powder 1 oz wholesale online In the US, purchase U-47700 online Upjohn initially created the opioid analgesic U-47700 almost 40 years ago. It comes from the similar opioid known as AH-7921. U-47700 has never been formally tested on humans or animals, despite its significance in the development of this class of opioid compounds.&hellip;","_links":{"self":[{"href":"https:\/\/legitgrams.com\/it\/wp-json\/wp\/v2\/product\/3911","targetHints":{"allow":["GET"]}}],"collection":[{"href":"https:\/\/legitgrams.com\/it\/wp-json\/wp\/v2\/product"}],"about":[{"href":"https:\/\/legitgrams.com\/it\/wp-json\/wp\/v2\/types\/product"}],"replies":[{"embeddable":true,"href":"https:\/\/legitgrams.com\/it\/wp-json\/wp\/v2\/comments?post=3911"}],"wp:featuredmedia":[{"embeddable":true,"href":"https:\/\/legitgrams.com\/it\/wp-json\/wp\/v2\/media\/5436"}],"wp:attachment":[{"href":"https:\/\/legitgrams.com\/it\/wp-json\/wp\/v2\/media?parent=3911"}],"wp:term":[{"taxonomy":"product_brand","embeddable":true,"href":"https:\/\/legitgrams.com\/it\/wp-json\/wp\/v2\/product_brand?post=3911"},{"taxonomy":"product_cat","embeddable":true,"href":"https:\/\/legitgrams.com\/it\/wp-json\/wp\/v2\/product_cat?post=3911"},{"taxonomy":"product_tag","embeddable":true,"href":"https:\/\/legitgrams.com\/it\/wp-json\/wp\/v2\/product_tag?post=3911"}],"curies":[{"name":"wp","href":"https:\/\/api.w.org\/{rel}","templated":true}]}}