{"id":3914,"date":"2024-09-20T10:58:24","date_gmt":"2024-09-20T10:58:24","guid":{"rendered":"https:\/\/legitgrams.com\/?post_type=product&#038;p=3914"},"modified":"2025-04-04T13:10:20","modified_gmt":"2025-04-04T13:10:20","slug":"sale-da-bagno-a-onde-davorio","status":"publish","type":"product","link":"https:\/\/legitgrams.com\/it\/prodotto\/sale-da-bagno-a-onde-davorio\/","title":{"rendered":"Acquista online il sale da bagno Ivory Wave"},"content":{"rendered":"<h2>Sale da bagno Ivory Wave: Acquista online<\/h2>\n<p>Il termine \"<a href=\"https:\/\/legitgrams.com\/it\/prodotto\/sale-da-bagno-a-onde-davorio\/\">sali da bagno<\/a>,\u201d o catinone prodotto, si riferisce a una classe di farmaci che includono almeno una molecola sintetica simile al catinone prodotta in laboratorio. La pianta di khat, che cresce nell'Africa orientale e nell'Arabia meridionale, di solito contiene un energizzante chiamato ftalone.<\/p>\n<p>Il catinone presenta somiglianze sintetiche con altre anfetamine, tra cui la metanfetamina, e <a href=\"https:\/\/www.bing.com\/search?q=AcquistaonlineilsaledabagnoIvoryWave&amp;qs=n&amp;form=QBRE&amp;sp=-1&amp;lq=0&amp;pq=acquistaonlineilsaledabagnoivorywave&amp;sc=12-43&amp;sk=&amp;cvid=58CE5B502DC64DACA5D5D9FF959EB216&amp;ghsh=0&amp;ghacc=0&amp;ghpl=\">MDMA (Ecstasy o Molly)<\/a>Tra i molti altri catinoni sintetici di base, i \"sali da bagno\" contengono mefedrone (chiamato anche Drone, Meph o Meow), metilone e 3,4-metilenediossipirovalerone (MDPV). Questo catinone artificiale ha il potenziale per essere molto pi\u00f9 efficace e avere conseguenze negative rispetto al componente vegetale. <a href=\"https:\/\/legitgrams.com\/it\/\">LegitGrams<\/a><\/p>\n<p>In genere, i \"sali da bagno\" sono pietre preziose in polvere bianca o terrosa che vengono vendute in piccoli contenitori di plastica o di stagnola etichettati \"Non per consumo umano\". Altri nomi per loro includono \"cibo per piante\", \"schermo del telefono pi\u00f9 pulito\" e \"pulitore di gemme\". Possono essere acquistati online e in farmacia. Questi nomi o raffigurazioni non hanno nulla a che fare con l'oggetto reale. I produttori di farmaci lo usano come mezzo per evitare di essere scoperti dalla Drug Enforcement Administration o dalle forze dell'ordine locali.<\/p>\n<p><a href=\"https:\/\/www.google.com\/search?q=Buy+Ivory+Wave+Bath+Salt+Online&amp;num=10&amp;sca_esv=1a2a07081c7891bb&amp;rlz=1C1RXQR_enIN1098IN1098&amp;sxsrf=AHTn8zouBqCTsZoGYMdym_fK7u00l4aaKw%3A1741162357846&amp;ei=dQfIZ_uzM_KNseMPnMz04Ac&amp;ved=0ahUKEwi7wteev_KLAxXyRmwGHRwmHXwQ4dUDCBA&amp;uact=5&amp;oq=Buy+Ivory+Wave+Bath+Salt+Online&amp;gs_lp=Egxnd3Mtd2l6LXNlcnAiH0J1eSBJdm9yeSBXYXZlIEJhdGggU2FsdCBPbmxpbmVIlwZQ1wJY1wJwAngAkAEAmAGpAqABqQKqAQMyLTG4AQPIAQD4AQL4AQGYAgCgAgCYAwCIBgGSBwCgB9wB&amp;sclient=gws-wiz-serp\">Sali di Epsom<\/a>I sali di Epsom, gli originali sali da bagno che vengono aggiunti all'acqua per alleviare la pressione e rilassare i muscoli, non devono essere confusi con le droghe a base di catinone prodotte in laboratorio e vendute come \"sali da bagno\". I sali di Epsom sono composti dai minerali magnesio e solfato.<\/p>\n<p>A volte, i \"sali da bagno\" vengono promossi come sostituti delicati di altre sostanze, come MDMA (ecstasy o Molly) o cocaina. In alcune localit\u00e0, la metilina, un componente popolare dei \"sali da bagno\", \u00e8 stata sostituita al posto dell'MDMA nei contenitori venduti con il nome Molly. Senza condurre un test di laboratorio, \u00e8 completamente impossibile accertare la composizione precisa di un campione di \"sali da bagno\".<\/p>\n<h3>L'uso dei \"sali da bagno\"<\/h3>\n<p>&#8220;<a href=\"https:\/\/duckduckgo.com\/?q=Buy+Ivory+Wave+Bath+Salt+Online&amp;t=h_&amp;ia=web\">Sali da bagno<\/a>\" vengono solitamente somministrati tramite iniezione, inalazione, deglutizione o grugniti attraverso il naso. L'infusione o il grugnito sono i pi\u00f9 dannosi.<\/p>\n<h3>Divieto di \u201csali da bagno\u201d<\/h3>\n<p>Scopri come acquistare Lvory Wave <a href=\"https:\/\/en.wikipedia.org\/wiki\/Bath_salts\">Sale da bagno<\/a> online, acquista Lvory Wave Bath Salt, acquista Bath Salt online, Scopri dove acquistare Lvory Wave Bath Salt, dove acquistare il sale da bagno che pu\u00f2 essere acquistato online, dove acquistare il sale da bagno che pu\u00f2 essere acquistato negli Stati Uniti, Canada, Regno Unito, acquisti online, venditori, spedizione sicura, Lvory Wave Bath Salt \u00e8 ancora disponibile. Puoi anche chiedere se \u00e8 disponibile in Canada, come ottenerlo e se \u00e8 legale negli Stati Uniti.<\/p>\n<h2><\/h2>\n<h2><\/h2>\n<p>&nbsp;<\/p>","protected":false},"excerpt":{"rendered":"<p>Ivory Wave Bath Salt: Purchase Online The term &#8220;bath salts,&#8221; or manufactured cathinone, refers to a class of medications that include at least one synthetic cathinone-like molecule produced in a lab. The khat plant, which grows in East Africa and southern Arabia, usually contains an energizer called phthalone. Cathinone shares synthetic similarities with other amphetamines, &hellip;<\/p>\n<p class=\"read-more\"> <a class=\"\" href=\"https:\/\/legitgrams.com\/it\/prodotto\/sale-da-bagno-a-onde-davorio\/\"> <span class=\"screen-reader-text\">Acquista online il sale da bagno Ivory Wave<\/span> Leggi tutto \"<\/a><\/p>","protected":false},"featured_media":5281,"comment_status":"open","ping_status":"closed","template":"","meta":{"_uag_custom_page_level_css":"","site-sidebar-layout":"default","site-content-layout":"default","ast-global-header-display":"","ast-main-header-display":"","ast-hfb-above-header-display":"","ast-hfb-below-header-display":"","ast-hfb-mobile-header-display":"","site-post-title":"","ast-breadcrumbs-content":"","ast-featured-img":"","footer-sml-layout":"","theme-transparent-header-meta":"default","adv-header-id-meta":"","stick-header-meta":"default","header-above-stick-meta":"","header-main-stick-meta":"","header-below-stick-meta":"","_joinchat":[]},"product_brand":[],"product_cat":[600],"product_tag":[3958,3948,617,3940,3955,3952,3947,3939,3942,3943,3950,3941,3951,3953,3960,3961,3959,3956,3945,3957,3954,625,3946,3949,3944],"class_list":{"0":"post-3914","1":"product","2":"type-product","3":"status-publish","4":"has-post-thumbnail","6":"product_cat-research-chemicals-and-bath-salt","7":"product_tag-best-cheap-price-ivory-wave-bath-salt","8":"product_tag-best-place-to-buy-ivory-wave-bath-salt","9":"product_tag-bulk-online","10":"product_tag-buy-ivory-wave-bath-salt","11":"product_tag-cheap-ivory-wave-bath-salt","12":"product_tag-high-quality-ivory-wave-bath-salt","13":"product_tag-how-to-buy-ivory-wave-bath-salt","14":"product_tag-ivory-wave-bath-salt","15":"product_tag-ivory-wave-bath-salt-for-sale","16":"product_tag-ivory-wave-bath-salt-ivory-wave-bath-salt-supplier","17":"product_tag-ivory-wave-bath-salt-legally","18":"product_tag-ivory-wave-bath-salt-online","19":"product_tag-ivory-wave-bath-salt-price","20":"product_tag-ivory-wave-bath-salt-store","21":"product_tag-ivory-wave-bath-salt-use","22":"product_tag-ivory-wave-bath-salt-wiki","23":"product_tag-ivory-wave-bath-salt-worldwide","24":"product_tag-ivory-wave-bath-salts","25":"product_tag-order-ivory-wave-bath-salt","26":"product_tag-purcharse-ivory-wave-bath-salt","27":"product_tag-shop-ivory-wave-bath-salt","28":"product_tag-top-quality","29":"product_tag-where-to-buy-ivory-wave-bath-salt","30":"product_tag-where-to-order-ivory-wave-bath-salt","31":"product_tag-wholesale-ivory-wave-bath-salt","32":"desktop-align-left","33":"tablet-align-left","34":"mobile-align-left","35":"ast-product-gallery-layout-horizontal","36":"ast-product-gallery-with-no-image","37":"ast-product-single-variable","38":"ast-product-tabs-layout-horizontal","39":"ast-qv-on-image","41":"first","42":"instock","43":"shipping-taxable","44":"purchasable","45":"product-type-variable"},"yoast_head":"<!-- This site is optimized with the Yoast SEO plugin v25.9 - https:\/\/yoast.com\/wordpress\/plugins\/seo\/ -->\n<title>Ivory Wave Bath Salt for Sale - Buy Ivory Wave Bath Salt Online<\/title>\n<meta name=\"description\" content=\"Explore our online store for Ivory Wave Bath Salt for sale, offering high-quality Ivory Wave Bath Salt. Buy Ivory Wave Bath Salt online securely and embark on your research journey with confidence.\" \/>\n<meta name=\"robots\" content=\"index, follow, max-snippet:-1, max-image-preview:large, max-video-preview:-1\" \/>\n<link rel=\"canonical\" href=\"https:\/\/legitgrams.com\/it\/prodotto\/sale-da-bagno-a-onde-davorio\/\" \/>\n<meta property=\"og:locale\" content=\"it_IT\" \/>\n<meta property=\"og:type\" content=\"article\" \/>\n<meta property=\"og:title\" content=\"Ivory Wave Bath Salt for Sale - Buy Ivory Wave Bath Salt Online\" \/>\n<meta property=\"og:description\" content=\"Explore our online store for Ivory Wave Bath Salt for sale, offering high-quality Ivory Wave Bath Salt. Buy Ivory Wave Bath Salt online securely and embark on your research journey with confidence.\" \/>\n<meta property=\"og:url\" content=\"https:\/\/legitgrams.com\/it\/prodotto\/sale-da-bagno-a-onde-davorio\/\" \/>\n<meta property=\"og:site_name\" content=\"Legit Grams\" \/>\n<meta property=\"article:modified_time\" content=\"2025-04-04T13:10:20+00:00\" \/>\n<meta property=\"og:image\" content=\"https:\/\/legitgrams.com\/wp-content\/uploads\/2024\/09\/Buy-Lvory-Wave-Bath-Salt-Online.jpg\" \/>\n\t<meta property=\"og:image:width\" content=\"600\" \/>\n\t<meta property=\"og:image:height\" content=\"600\" \/>\n\t<meta property=\"og:image:type\" content=\"image\/jpeg\" \/>\n<meta name=\"twitter:card\" content=\"summary_large_image\" \/>\n<meta name=\"twitter:label1\" content=\"Tempo di lettura stimato\" \/>\n\t<meta name=\"twitter:data1\" content=\"2 minuti\" \/>\n<script type=\"application\/ld+json\" class=\"yoast-schema-graph\">{\"@context\":\"https:\/\/schema.org\",\"@graph\":[{\"@type\":\"WebPage\",\"@id\":\"https:\/\/legitgrams.com\/product\/ivory-wave-bath-salt\/\",\"url\":\"https:\/\/legitgrams.com\/product\/ivory-wave-bath-salt\/\",\"name\":\"Ivory Wave Bath Salt for Sale - Buy Ivory Wave Bath Salt Online\",\"isPartOf\":{\"@id\":\"https:\/\/legitgrams.com\/#website\"},\"primaryImageOfPage\":{\"@id\":\"https:\/\/legitgrams.com\/product\/ivory-wave-bath-salt\/#primaryimage\"},\"image\":{\"@id\":\"https:\/\/legitgrams.com\/product\/ivory-wave-bath-salt\/#primaryimage\"},\"thumbnailUrl\":\"https:\/\/legitgrams.com\/wp-content\/uploads\/2024\/09\/Buy-Lvory-Wave-Bath-Salt-Online.jpg\",\"datePublished\":\"2024-09-20T10:58:24+00:00\",\"dateModified\":\"2025-04-04T13:10:20+00:00\",\"description\":\"Explore our online store for Ivory Wave Bath Salt for sale, offering high-quality Ivory Wave Bath Salt. Buy Ivory Wave Bath Salt online securely and embark on your research journey with confidence.\",\"breadcrumb\":{\"@id\":\"https:\/\/legitgrams.com\/product\/ivory-wave-bath-salt\/#breadcrumb\"},\"inLanguage\":\"it-IT\",\"potentialAction\":[{\"@type\":\"ReadAction\",\"target\":[\"https:\/\/legitgrams.com\/product\/ivory-wave-bath-salt\/\"]}]},{\"@type\":\"ImageObject\",\"inLanguage\":\"it-IT\",\"@id\":\"https:\/\/legitgrams.com\/product\/ivory-wave-bath-salt\/#primaryimage\",\"url\":\"https:\/\/legitgrams.com\/wp-content\/uploads\/2024\/09\/Buy-Lvory-Wave-Bath-Salt-Online.jpg\",\"contentUrl\":\"https:\/\/legitgrams.com\/wp-content\/uploads\/2024\/09\/Buy-Lvory-Wave-Bath-Salt-Online.jpg\",\"width\":600,\"height\":600,\"caption\":\"Ivory Wave Bath Salt for Sale\"},{\"@type\":\"BreadcrumbList\",\"@id\":\"https:\/\/legitgrams.com\/product\/ivory-wave-bath-salt\/#breadcrumb\",\"itemListElement\":[{\"@type\":\"ListItem\",\"position\":1,\"name\":\"Home\",\"item\":\"https:\/\/legitgrams.com\/\"},{\"@type\":\"ListItem\",\"position\":2,\"name\":\"Shop\",\"item\":\"https:\/\/legitgrams.com\/shop\/\"},{\"@type\":\"ListItem\",\"position\":3,\"name\":\"Buy Ivory Wave Bath Salt Online\"}]},{\"@type\":\"WebSite\",\"@id\":\"https:\/\/legitgrams.com\/#website\",\"url\":\"https:\/\/legitgrams.com\/\",\"name\":\"Legit Grams\",\"description\":\"My WordPress Blog\",\"publisher\":{\"@id\":\"https:\/\/legitgrams.com\/#organization\"},\"potentialAction\":[{\"@type\":\"SearchAction\",\"target\":{\"@type\":\"EntryPoint\",\"urlTemplate\":\"https:\/\/legitgrams.com\/?s={search_term_string}\"},\"query-input\":{\"@type\":\"PropertyValueSpecification\",\"valueRequired\":true,\"valueName\":\"search_term_string\"}}],\"inLanguage\":\"it-IT\"},{\"@type\":\"Organization\",\"@id\":\"https:\/\/legitgrams.com\/#organization\",\"name\":\"Legit Grams\",\"url\":\"https:\/\/legitgrams.com\/\",\"logo\":{\"@type\":\"ImageObject\",\"inLanguage\":\"it-IT\",\"@id\":\"https:\/\/legitgrams.com\/#\/schema\/logo\/image\/\",\"url\":\"https:\/\/legitgrams.com\/wp-content\/uploads\/2024\/09\/main-logo.png\",\"contentUrl\":\"https:\/\/legitgrams.com\/wp-content\/uploads\/2024\/09\/main-logo.png\",\"width\":270,\"height\":75,\"caption\":\"Legit Grams\"},\"image\":{\"@id\":\"https:\/\/legitgrams.com\/#\/schema\/logo\/image\/\"}}]}<\/script>\n<!-- \/ Yoast SEO plugin. -->","yoast_head_json":{"title":"Sale da bagno Ivory Wave in vendita - Acquistare sale da bagno Ivory Wave online","description":"Esplorate il nostro negozio online di Ivory Wave Bath Salt in vendita, offrendo Ivory Wave Bath Salt di alta qualit\u00e0. Acquistate Ivory Wave Bath Salt online in tutta sicurezza e intraprendete il vostro viaggio di ricerca con fiducia.","robots":{"index":"index","follow":"follow","max-snippet":"max-snippet:-1","max-image-preview":"max-image-preview:large","max-video-preview":"max-video-preview:-1"},"canonical":"https:\/\/legitgrams.com\/it\/prodotto\/sale-da-bagno-a-onde-davorio\/","og_locale":"it_IT","og_type":"article","og_title":"Ivory Wave Bath Salt for Sale - Buy Ivory Wave Bath Salt Online","og_description":"Explore our online store for Ivory Wave Bath Salt for sale, offering high-quality Ivory Wave Bath Salt. Buy Ivory Wave Bath Salt online securely and embark on your research journey with confidence.","og_url":"https:\/\/legitgrams.com\/it\/prodotto\/sale-da-bagno-a-onde-davorio\/","og_site_name":"Legit Grams","article_modified_time":"2025-04-04T13:10:20+00:00","og_image":[{"width":600,"height":600,"url":"https:\/\/legitgrams.com\/wp-content\/uploads\/2024\/09\/Buy-Lvory-Wave-Bath-Salt-Online.jpg","type":"image\/jpeg"}],"twitter_card":"summary_large_image","twitter_misc":{"Tempo di lettura stimato":"2 minuti"},"schema":{"@context":"https:\/\/schema.org","@graph":[{"@type":"WebPage","@id":"https:\/\/legitgrams.com\/product\/ivory-wave-bath-salt\/","url":"https:\/\/legitgrams.com\/product\/ivory-wave-bath-salt\/","name":"Sale da bagno Ivory Wave in vendita - Acquistare sale da bagno Ivory Wave online","isPartOf":{"@id":"https:\/\/legitgrams.com\/#website"},"primaryImageOfPage":{"@id":"https:\/\/legitgrams.com\/product\/ivory-wave-bath-salt\/#primaryimage"},"image":{"@id":"https:\/\/legitgrams.com\/product\/ivory-wave-bath-salt\/#primaryimage"},"thumbnailUrl":"https:\/\/legitgrams.com\/wp-content\/uploads\/2024\/09\/Buy-Lvory-Wave-Bath-Salt-Online.jpg","datePublished":"2024-09-20T10:58:24+00:00","dateModified":"2025-04-04T13:10:20+00:00","description":"Esplorate il nostro negozio online di Ivory Wave Bath Salt in vendita, offrendo Ivory Wave Bath Salt di alta qualit\u00e0. Acquistate Ivory Wave Bath Salt online in tutta sicurezza e intraprendete il vostro viaggio di ricerca con fiducia.","breadcrumb":{"@id":"https:\/\/legitgrams.com\/product\/ivory-wave-bath-salt\/#breadcrumb"},"inLanguage":"it-IT","potentialAction":[{"@type":"ReadAction","target":["https:\/\/legitgrams.com\/product\/ivory-wave-bath-salt\/"]}]},{"@type":"ImageObject","inLanguage":"it-IT","@id":"https:\/\/legitgrams.com\/product\/ivory-wave-bath-salt\/#primaryimage","url":"https:\/\/legitgrams.com\/wp-content\/uploads\/2024\/09\/Buy-Lvory-Wave-Bath-Salt-Online.jpg","contentUrl":"https:\/\/legitgrams.com\/wp-content\/uploads\/2024\/09\/Buy-Lvory-Wave-Bath-Salt-Online.jpg","width":600,"height":600,"caption":"Ivory Wave Bath Salt for Sale"},{"@type":"BreadcrumbList","@id":"https:\/\/legitgrams.com\/product\/ivory-wave-bath-salt\/#breadcrumb","itemListElement":[{"@type":"ListItem","position":1,"name":"Home","item":"https:\/\/legitgrams.com\/"},{"@type":"ListItem","position":2,"name":"Shop","item":"https:\/\/legitgrams.com\/shop\/"},{"@type":"ListItem","position":3,"name":"Buy Ivory Wave Bath Salt Online"}]},{"@type":"WebSite","@id":"https:\/\/legitgrams.com\/#website","url":"https:\/\/legitgrams.com\/","name":"Grammi legittimi","description":"Il mio blog WordPress","publisher":{"@id":"https:\/\/legitgrams.com\/#organization"},"potentialAction":[{"@type":"SearchAction","target":{"@type":"EntryPoint","urlTemplate":"https:\/\/legitgrams.com\/?s={search_term_string}"},"query-input":{"@type":"PropertyValueSpecification","valueRequired":true,"valueName":"search_term_string"}}],"inLanguage":"it-IT"},{"@type":"Organization","@id":"https:\/\/legitgrams.com\/#organization","name":"Grammi legittimi","url":"https:\/\/legitgrams.com\/","logo":{"@type":"ImageObject","inLanguage":"it-IT","@id":"https:\/\/legitgrams.com\/#\/schema\/logo\/image\/","url":"https:\/\/legitgrams.com\/wp-content\/uploads\/2024\/09\/main-logo.png","contentUrl":"https:\/\/legitgrams.com\/wp-content\/uploads\/2024\/09\/main-logo.png","width":270,"height":75,"caption":"Legit Grams"},"image":{"@id":"https:\/\/legitgrams.com\/#\/schema\/logo\/image\/"}}]}},"uagb_featured_image_src":{"full":["https:\/\/legitgrams.com\/wp-content\/uploads\/2024\/09\/Buy-Lvory-Wave-Bath-Salt-Online.jpg",600,600,false],"thumbnail":["https:\/\/legitgrams.com\/wp-content\/uploads\/2024\/09\/Buy-Lvory-Wave-Bath-Salt-Online-150x150.jpg",150,150,true],"medium":["https:\/\/legitgrams.com\/wp-content\/uploads\/2024\/09\/Buy-Lvory-Wave-Bath-Salt-Online-300x300.jpg",300,300,true],"medium_large":["https:\/\/legitgrams.com\/wp-content\/uploads\/2024\/09\/Buy-Lvory-Wave-Bath-Salt-Online.jpg",600,600,false],"large":["https:\/\/legitgrams.com\/wp-content\/uploads\/2024\/09\/Buy-Lvory-Wave-Bath-Salt-Online.jpg",600,600,false],"1536x1536":["https:\/\/legitgrams.com\/wp-content\/uploads\/2024\/09\/Buy-Lvory-Wave-Bath-Salt-Online.jpg",600,600,false],"2048x2048":["https:\/\/legitgrams.com\/wp-content\/uploads\/2024\/09\/Buy-Lvory-Wave-Bath-Salt-Online.jpg",600,600,false],"trp-custom-language-flag":["https:\/\/legitgrams.com\/wp-content\/uploads\/2024\/09\/Buy-Lvory-Wave-Bath-Salt-Online-12x12.jpg",12,12,true],"woocommerce_thumbnail":["https:\/\/legitgrams.com\/wp-content\/uploads\/2024\/09\/Buy-Lvory-Wave-Bath-Salt-Online-300x300.jpg",300,300,true],"woocommerce_single":["https:\/\/legitgrams.com\/wp-content\/uploads\/2024\/09\/Buy-Lvory-Wave-Bath-Salt-Online.jpg",600,600,false],"woocommerce_gallery_thumbnail":["https:\/\/legitgrams.com\/wp-content\/uploads\/2024\/09\/Buy-Lvory-Wave-Bath-Salt-Online-100x100.jpg",100,100,true]},"uagb_author_info":{"display_name":"cokeblog18","author_link":"https:\/\/legitgrams.com\/it\/author\/"},"uagb_comment_info":4,"uagb_excerpt":"Ivory Wave Bath Salt: Purchase Online The term &#8220;bath salts,&#8221; or manufactured cathinone, refers to a class of medications that include at least one synthetic cathinone-like molecule produced in a lab. The khat plant, which grows in East Africa and southern Arabia, usually contains an energizer called phthalone. Cathinone shares synthetic similarities with other amphetamines,&hellip;","_links":{"self":[{"href":"https:\/\/legitgrams.com\/it\/wp-json\/wp\/v2\/product\/3914","targetHints":{"allow":["GET"]}}],"collection":[{"href":"https:\/\/legitgrams.com\/it\/wp-json\/wp\/v2\/product"}],"about":[{"href":"https:\/\/legitgrams.com\/it\/wp-json\/wp\/v2\/types\/product"}],"replies":[{"embeddable":true,"href":"https:\/\/legitgrams.com\/it\/wp-json\/wp\/v2\/comments?post=3914"}],"wp:featuredmedia":[{"embeddable":true,"href":"https:\/\/legitgrams.com\/it\/wp-json\/wp\/v2\/media\/5281"}],"wp:attachment":[{"href":"https:\/\/legitgrams.com\/it\/wp-json\/wp\/v2\/media?parent=3914"}],"wp:term":[{"taxonomy":"product_brand","embeddable":true,"href":"https:\/\/legitgrams.com\/it\/wp-json\/wp\/v2\/product_brand?post=3914"},{"taxonomy":"product_cat","embeddable":true,"href":"https:\/\/legitgrams.com\/it\/wp-json\/wp\/v2\/product_cat?post=3914"},{"taxonomy":"product_tag","embeddable":true,"href":"https:\/\/legitgrams.com\/it\/wp-json\/wp\/v2\/product_tag?post=3914"}],"curies":[{"name":"wp","href":"https:\/\/api.w.org\/{rel}","templated":true}]}}