{"id":3915,"date":"2024-09-20T11:01:11","date_gmt":"2024-09-20T11:01:11","guid":{"rendered":"https:\/\/legitgrams.com\/?post_type=product&#038;p=3915"},"modified":"2025-01-14T08:50:05","modified_gmt":"2025-01-14T08:50:05","slug":"polvere-di-cristallo-mdai","status":"publish","type":"product","link":"https:\/\/legitgrams.com\/it\/prodotto\/polvere-di-cristallo-mdai\/","title":{"rendered":"Cristallo e polvere MDAI"},"content":{"rendered":"<h2>Acquista MDAI Powder &amp; Crystal a un prezzo scontato online<\/h2>\n<p>Il nostro obiettivo primario \u00e8 offrire ai nostri clienti informazioni all'avanguardia e servizi di prima qualit\u00e0. LG pu\u00f2 essere trovato nella quantit\u00e0 e qualit\u00e0 necessarie per le cortesie di creazione e le imprese di esplorazione a pieno titolo. Qui, scoprirai una sinossi completa di LG che soddisfa tutti i tuoi obiettivi. Il nostro team raccomanda che gli ingredienti trainanti del mondo siano creati in linea con i pi\u00f9 recenti progressi della tecnologia. L'uso umano degli elementi in questo elenco non \u00e8 previsto.<\/p>\n<p>L'uso di prodotti farmaceutici per motivi di ricerca, scientifici e di laboratorio \u00e8 accettabile. Possono essere condotti solo studi, test e sperimentazioni utilizzando i composti elencati. I bundle prodotti di recente provengono dalle principali strutture di ricerca cinesi nel mercato RC.<\/p>\n<p>Spediremo il tuo pacco ovunque negli Stati Uniti, in Europa o nel mondo se effettui una transazione oggi. Per sviluppare RC, la nostra azienda collabora direttamente con molti laboratori internazionali dinamici e l'approvvigionamento di scoperte di prim'ordine \u00e8 uno dei nostri obiettivi principali. La tua richiesta \u00e8 davvero importante per questo. Il nostro venditore ha sede negli Stati Uniti e svolge attivit\u00e0 in tutto il mondo. Su Internet, i clienti possono confermare rapidamente l'accessibilit\u00e0 e la stima di LG. Per scoprire come presentare una richiesta, contatta semplicemente il nostro utile e multilingue servizio clienti. Contattaci se hai bisogno di ulteriori informazioni o se desideri ordinare farmaci miscelati in grandi quantit\u00e0. <a href=\"https:\/\/legitgrams.com\/it\/\">LegitGrams<\/a><\/p>\n<p>Apprezziamo i nostri clienti, quindi se hai bisogno di aiuto per selezionare l'articolo ideale, non aver paura di contattarci. Quando si acquistano sostanze chimiche per la ricerca, la qualit\u00e0 \u00e8 essenziale. Ogni giorno, l'elenco degli articoli donati si allunga. BUYRESEARCHCHEMICALSUSA si impegna a offrire ai clienti miglioramento della qualit\u00e0, sviluppo e valutazione a lungo termine. A ogni cliente viene data la massima fiducia in tutti i materiali forniti. Siamo il posto in cui puoi acquistare RC e scoprire tutto ci\u00f2 che devi sapere su di loro, i loro benefici e i farmaci sintetici giusti.<\/p>\n<p>Acquista <a href=\"https:\/\/en.wikipedia.org\/wiki\/MDAI\">MDAI<\/a> Cristalli e polvere online a prezzi scontati \u2013 Acquista <a href=\"https:\/\/legitgrams.com\/it\/prodotto\/polvere-di-cristallo-mdai\/\">MDAI<\/a> Cristalli e polvere online scontati, acquista MDAI Crystal e polvere online scontati, dove acquistare MDAI Crystal e polvere scontati, MDAI Crystal e MDAI Crystal e polvere economici in vendita, dove acquistare MDAI Crystal e polvere a prezzi bassi, MDAI Crystal e polvere in vendita a prezzi bassi negli Stati Uniti, in Canada e nel Regno Unito, acquista online, fornitori, consegna sicura, scopri se MDAI Crystal e polvere economici sono legali negli Stati Uniti, come ordinare MDAI Crystal e polvere economici, se sono legali in Canada e come acquistare MDAI Crystal e polvere economici online.<\/p>\n<h2><\/h2>\n<h2><\/h2>\n<p>&nbsp;<\/p>","protected":false},"excerpt":{"rendered":"<p>Purchase MDAI Powder &amp; Crystal at a Discount Online Our primary goal is to offer our clients state-of-the-art information and first-rate services. LG can be found in the quantity and quality needed by full-fledged creation curtesies and exploration enterprises. Here, you will discover a thorough synopsis of LG that satisfies all of your objectives. Our &hellip;<\/p>\n<p class=\"read-more\"> <a class=\"\" href=\"https:\/\/legitgrams.com\/it\/prodotto\/polvere-di-cristallo-mdai\/\"> <span class=\"screen-reader-text\">Cristallo e polvere MDAI<\/span> Leggi tutto \"<\/a><\/p>","protected":false},"featured_media":5286,"comment_status":"open","ping_status":"closed","template":"","meta":{"_uag_custom_page_level_css":"","site-sidebar-layout":"default","site-content-layout":"default","ast-global-header-display":"","ast-main-header-display":"","ast-hfb-above-header-display":"","ast-hfb-below-header-display":"","ast-hfb-mobile-header-display":"","site-post-title":"","ast-breadcrumbs-content":"","ast-featured-img":"","footer-sml-layout":"","theme-transparent-header-meta":"default","adv-header-id-meta":"","stick-header-meta":"default","header-above-stick-meta":"","header-main-stick-meta":"","header-below-stick-meta":"","_joinchat":[]},"product_brand":[],"product_cat":[600],"product_tag":[3935,3925,617,3917,3932,3929,3924,3916,3919,3927,3920,3918,3928,3930,3937,3938,3936,3933,3922,3934,3931,625,3923,3926,3921],"class_list":{"0":"post-3915","1":"product","2":"type-product","3":"status-publish","4":"has-post-thumbnail","6":"product_cat-research-chemicals-and-bath-salt","7":"product_tag-best-cheap-price-mdai-crystal-powder","8":"product_tag-best-place-to-buy-mdai-crystal-powder","9":"product_tag-bulk-online","10":"product_tag-buy-mdai-crystal-powder","11":"product_tag-cheap-mdai-crystal-powder","12":"product_tag-high-quality-mdai-crystal-powder","13":"product_tag-how-to-buy-mdai-crystal-powder","14":"product_tag-mdai-crystal-powder","15":"product_tag-mdai-crystal-powder-for-sale","16":"product_tag-mdai-crystal-powder-legally","17":"product_tag-mdai-crystal-powder-mdai-crystal-powder-supplier","18":"product_tag-mdai-crystal-powder-online","19":"product_tag-mdai-crystal-powder-price","20":"product_tag-mdai-crystal-powder-store","21":"product_tag-mdai-crystal-powder-use","22":"product_tag-mdai-crystal-powder-wiki","23":"product_tag-mdai-crystal-powder-worldwide","24":"product_tag-mdai-crystal-powders","25":"product_tag-order-mdai-crystal-powder","26":"product_tag-purcharse-mdai-crystal-powder","27":"product_tag-shop-mdai-crystal-powder","28":"product_tag-top-quality","29":"product_tag-where-to-buy-mdai-crystal-powder","30":"product_tag-where-to-order-mdai-crystal-powder","31":"product_tag-wholesale-mdai-crystal-powder","32":"desktop-align-left","33":"tablet-align-left","34":"mobile-align-left","35":"ast-product-gallery-layout-horizontal","36":"ast-product-gallery-with-no-image","37":"ast-product-single-variable","38":"ast-product-tabs-layout-horizontal","39":"ast-qv-on-image","41":"first","42":"instock","43":"shipping-taxable","44":"purchasable","45":"product-type-variable"},"yoast_head":"<!-- This site is optimized with the Yoast SEO plugin v25.9 - https:\/\/yoast.com\/wordpress\/plugins\/seo\/ -->\n<title>MDAI Crystal &amp; Powder for Sale - Buy MDAI Crystal Online<\/title>\n<meta name=\"description\" content=\"At our Legitgrams, you can get MDAI Crystal &amp; Powder for sale at cheap rates. We deal with A-grade quality products only. Buy MDAI Crystal &amp; Powder online from our store now with fast &amp; secure shipping service.\" \/>\n<meta name=\"robots\" content=\"index, follow, max-snippet:-1, max-image-preview:large, max-video-preview:-1\" \/>\n<link rel=\"canonical\" href=\"https:\/\/legitgrams.com\/it\/prodotto\/polvere-di-cristallo-mdai\/\" \/>\n<meta property=\"og:locale\" content=\"it_IT\" \/>\n<meta property=\"og:type\" content=\"article\" \/>\n<meta property=\"og:title\" content=\"MDAI Crystal &amp; Powder for Sale - Buy MDAI Crystal Online\" \/>\n<meta property=\"og:description\" content=\"At our Legitgrams, you can get MDAI Crystal &amp; Powder for sale at cheap rates. We deal with A-grade quality products only. Buy MDAI Crystal &amp; Powder online from our store now with fast &amp; secure shipping service.\" \/>\n<meta property=\"og:url\" content=\"https:\/\/legitgrams.com\/it\/prodotto\/polvere-di-cristallo-mdai\/\" \/>\n<meta property=\"og:site_name\" content=\"Legit Grams\" \/>\n<meta property=\"article:modified_time\" content=\"2025-01-14T08:50:05+00:00\" \/>\n<meta property=\"og:image\" content=\"https:\/\/legitgrams.com\/wp-content\/uploads\/2024\/09\/buy-mdai-crystal-powder-cheap-online.jpg\" \/>\n\t<meta property=\"og:image:width\" content=\"600\" \/>\n\t<meta property=\"og:image:height\" content=\"600\" \/>\n\t<meta property=\"og:image:type\" content=\"image\/jpeg\" \/>\n<meta name=\"twitter:card\" content=\"summary_large_image\" \/>\n<meta name=\"twitter:label1\" content=\"Tempo di lettura stimato\" \/>\n\t<meta name=\"twitter:data1\" content=\"5 minuti\" \/>\n<script type=\"application\/ld+json\" class=\"yoast-schema-graph\">{\"@context\":\"https:\/\/schema.org\",\"@graph\":[{\"@type\":\"WebPage\",\"@id\":\"https:\/\/legitgrams.com\/product\/mdai-crystal-powder\/\",\"url\":\"https:\/\/legitgrams.com\/product\/mdai-crystal-powder\/\",\"name\":\"MDAI Crystal & Powder for Sale - Buy MDAI Crystal Online\",\"isPartOf\":{\"@id\":\"https:\/\/legitgrams.com\/#website\"},\"primaryImageOfPage\":{\"@id\":\"https:\/\/legitgrams.com\/product\/mdai-crystal-powder\/#primaryimage\"},\"image\":{\"@id\":\"https:\/\/legitgrams.com\/product\/mdai-crystal-powder\/#primaryimage\"},\"thumbnailUrl\":\"https:\/\/legitgrams.com\/wp-content\/uploads\/2024\/09\/buy-mdai-crystal-powder-cheap-online.jpg\",\"datePublished\":\"2024-09-20T11:01:11+00:00\",\"dateModified\":\"2025-01-14T08:50:05+00:00\",\"description\":\"At our Legitgrams, you can get MDAI Crystal & Powder for sale at cheap rates. We deal with A-grade quality products only. Buy MDAI Crystal & Powder online from our store now with fast & secure shipping service.\",\"breadcrumb\":{\"@id\":\"https:\/\/legitgrams.com\/product\/mdai-crystal-powder\/#breadcrumb\"},\"inLanguage\":\"it-IT\",\"potentialAction\":[{\"@type\":\"ReadAction\",\"target\":[\"https:\/\/legitgrams.com\/product\/mdai-crystal-powder\/\"]}]},{\"@type\":\"ImageObject\",\"inLanguage\":\"it-IT\",\"@id\":\"https:\/\/legitgrams.com\/product\/mdai-crystal-powder\/#primaryimage\",\"url\":\"https:\/\/legitgrams.com\/wp-content\/uploads\/2024\/09\/buy-mdai-crystal-powder-cheap-online.jpg\",\"contentUrl\":\"https:\/\/legitgrams.com\/wp-content\/uploads\/2024\/09\/buy-mdai-crystal-powder-cheap-online.jpg\",\"width\":600,\"height\":600,\"caption\":\"MDAI Crystal & Powder for Sale\"},{\"@type\":\"BreadcrumbList\",\"@id\":\"https:\/\/legitgrams.com\/product\/mdai-crystal-powder\/#breadcrumb\",\"itemListElement\":[{\"@type\":\"ListItem\",\"position\":1,\"name\":\"Home\",\"item\":\"https:\/\/legitgrams.com\/\"},{\"@type\":\"ListItem\",\"position\":2,\"name\":\"Shop\",\"item\":\"https:\/\/legitgrams.com\/shop\/\"},{\"@type\":\"ListItem\",\"position\":3,\"name\":\"MDAI Crystal &#038; Powder\"}]},{\"@type\":\"WebSite\",\"@id\":\"https:\/\/legitgrams.com\/#website\",\"url\":\"https:\/\/legitgrams.com\/\",\"name\":\"Legit Grams\",\"description\":\"My WordPress Blog\",\"publisher\":{\"@id\":\"https:\/\/legitgrams.com\/#organization\"},\"potentialAction\":[{\"@type\":\"SearchAction\",\"target\":{\"@type\":\"EntryPoint\",\"urlTemplate\":\"https:\/\/legitgrams.com\/?s={search_term_string}\"},\"query-input\":{\"@type\":\"PropertyValueSpecification\",\"valueRequired\":true,\"valueName\":\"search_term_string\"}}],\"inLanguage\":\"it-IT\"},{\"@type\":\"Organization\",\"@id\":\"https:\/\/legitgrams.com\/#organization\",\"name\":\"Legit Grams\",\"url\":\"https:\/\/legitgrams.com\/\",\"logo\":{\"@type\":\"ImageObject\",\"inLanguage\":\"it-IT\",\"@id\":\"https:\/\/legitgrams.com\/#\/schema\/logo\/image\/\",\"url\":\"https:\/\/legitgrams.com\/wp-content\/uploads\/2024\/09\/main-logo.png\",\"contentUrl\":\"https:\/\/legitgrams.com\/wp-content\/uploads\/2024\/09\/main-logo.png\",\"width\":270,\"height\":75,\"caption\":\"Legit Grams\"},\"image\":{\"@id\":\"https:\/\/legitgrams.com\/#\/schema\/logo\/image\/\"}}]}<\/script>\n<!-- \/ Yoast SEO plugin. -->","yoast_head_json":{"title":"Cristallo e polvere MDAI in vendita - Acquista cristallo MDAI online","description":"Nel nostro Legitgrams, \u00e8 possibile ottenere MDAI Crystal &amp; Powder in vendita a prezzi economici. Ci occupiamo solo di prodotti di qualit\u00e0 A-grade. Acquista MDAI Crystal &amp; Powder online dal nostro negozio ora con il servizio di spedizione veloce e sicuro.","robots":{"index":"index","follow":"follow","max-snippet":"max-snippet:-1","max-image-preview":"max-image-preview:large","max-video-preview":"max-video-preview:-1"},"canonical":"https:\/\/legitgrams.com\/it\/prodotto\/polvere-di-cristallo-mdai\/","og_locale":"it_IT","og_type":"article","og_title":"MDAI Crystal & Powder for Sale - Buy MDAI Crystal Online","og_description":"At our Legitgrams, you can get MDAI Crystal & Powder for sale at cheap rates. We deal with A-grade quality products only. Buy MDAI Crystal & Powder online from our store now with fast & secure shipping service.","og_url":"https:\/\/legitgrams.com\/it\/prodotto\/polvere-di-cristallo-mdai\/","og_site_name":"Legit Grams","article_modified_time":"2025-01-14T08:50:05+00:00","og_image":[{"width":600,"height":600,"url":"https:\/\/legitgrams.com\/wp-content\/uploads\/2024\/09\/buy-mdai-crystal-powder-cheap-online.jpg","type":"image\/jpeg"}],"twitter_card":"summary_large_image","twitter_misc":{"Tempo di lettura stimato":"5 minuti"},"schema":{"@context":"https:\/\/schema.org","@graph":[{"@type":"WebPage","@id":"https:\/\/legitgrams.com\/product\/mdai-crystal-powder\/","url":"https:\/\/legitgrams.com\/product\/mdai-crystal-powder\/","name":"Cristallo e polvere MDAI in vendita - Acquista cristallo MDAI online","isPartOf":{"@id":"https:\/\/legitgrams.com\/#website"},"primaryImageOfPage":{"@id":"https:\/\/legitgrams.com\/product\/mdai-crystal-powder\/#primaryimage"},"image":{"@id":"https:\/\/legitgrams.com\/product\/mdai-crystal-powder\/#primaryimage"},"thumbnailUrl":"https:\/\/legitgrams.com\/wp-content\/uploads\/2024\/09\/buy-mdai-crystal-powder-cheap-online.jpg","datePublished":"2024-09-20T11:01:11+00:00","dateModified":"2025-01-14T08:50:05+00:00","description":"Nel nostro Legitgrams, \u00e8 possibile ottenere MDAI Crystal &amp; Powder in vendita a prezzi economici. Ci occupiamo solo di prodotti di qualit\u00e0 A-grade. Acquista MDAI Crystal &amp; Powder online dal nostro negozio ora con il servizio di spedizione veloce e sicuro.","breadcrumb":{"@id":"https:\/\/legitgrams.com\/product\/mdai-crystal-powder\/#breadcrumb"},"inLanguage":"it-IT","potentialAction":[{"@type":"ReadAction","target":["https:\/\/legitgrams.com\/product\/mdai-crystal-powder\/"]}]},{"@type":"ImageObject","inLanguage":"it-IT","@id":"https:\/\/legitgrams.com\/product\/mdai-crystal-powder\/#primaryimage","url":"https:\/\/legitgrams.com\/wp-content\/uploads\/2024\/09\/buy-mdai-crystal-powder-cheap-online.jpg","contentUrl":"https:\/\/legitgrams.com\/wp-content\/uploads\/2024\/09\/buy-mdai-crystal-powder-cheap-online.jpg","width":600,"height":600,"caption":"MDAI Crystal & Powder for Sale"},{"@type":"BreadcrumbList","@id":"https:\/\/legitgrams.com\/product\/mdai-crystal-powder\/#breadcrumb","itemListElement":[{"@type":"ListItem","position":1,"name":"Home","item":"https:\/\/legitgrams.com\/"},{"@type":"ListItem","position":2,"name":"Shop","item":"https:\/\/legitgrams.com\/shop\/"},{"@type":"ListItem","position":3,"name":"MDAI Crystal &#038; Powder"}]},{"@type":"WebSite","@id":"https:\/\/legitgrams.com\/#website","url":"https:\/\/legitgrams.com\/","name":"Grammi legittimi","description":"Il mio blog WordPress","publisher":{"@id":"https:\/\/legitgrams.com\/#organization"},"potentialAction":[{"@type":"SearchAction","target":{"@type":"EntryPoint","urlTemplate":"https:\/\/legitgrams.com\/?s={search_term_string}"},"query-input":{"@type":"PropertyValueSpecification","valueRequired":true,"valueName":"search_term_string"}}],"inLanguage":"it-IT"},{"@type":"Organization","@id":"https:\/\/legitgrams.com\/#organization","name":"Grammi legittimi","url":"https:\/\/legitgrams.com\/","logo":{"@type":"ImageObject","inLanguage":"it-IT","@id":"https:\/\/legitgrams.com\/#\/schema\/logo\/image\/","url":"https:\/\/legitgrams.com\/wp-content\/uploads\/2024\/09\/main-logo.png","contentUrl":"https:\/\/legitgrams.com\/wp-content\/uploads\/2024\/09\/main-logo.png","width":270,"height":75,"caption":"Legit Grams"},"image":{"@id":"https:\/\/legitgrams.com\/#\/schema\/logo\/image\/"}}]}},"uagb_featured_image_src":{"full":["https:\/\/legitgrams.com\/wp-content\/uploads\/2024\/09\/buy-mdai-crystal-powder-cheap-online.jpg",600,600,false],"thumbnail":["https:\/\/legitgrams.com\/wp-content\/uploads\/2024\/09\/buy-mdai-crystal-powder-cheap-online-150x150.jpg",150,150,true],"medium":["https:\/\/legitgrams.com\/wp-content\/uploads\/2024\/09\/buy-mdai-crystal-powder-cheap-online-300x300.jpg",300,300,true],"medium_large":["https:\/\/legitgrams.com\/wp-content\/uploads\/2024\/09\/buy-mdai-crystal-powder-cheap-online.jpg",600,600,false],"large":["https:\/\/legitgrams.com\/wp-content\/uploads\/2024\/09\/buy-mdai-crystal-powder-cheap-online.jpg",600,600,false],"1536x1536":["https:\/\/legitgrams.com\/wp-content\/uploads\/2024\/09\/buy-mdai-crystal-powder-cheap-online.jpg",600,600,false],"2048x2048":["https:\/\/legitgrams.com\/wp-content\/uploads\/2024\/09\/buy-mdai-crystal-powder-cheap-online.jpg",600,600,false],"trp-custom-language-flag":["https:\/\/legitgrams.com\/wp-content\/uploads\/2024\/09\/buy-mdai-crystal-powder-cheap-online-12x12.jpg",12,12,true],"woocommerce_thumbnail":["https:\/\/legitgrams.com\/wp-content\/uploads\/2024\/09\/buy-mdai-crystal-powder-cheap-online-300x300.jpg",300,300,true],"woocommerce_single":["https:\/\/legitgrams.com\/wp-content\/uploads\/2024\/09\/buy-mdai-crystal-powder-cheap-online.jpg",600,600,false],"woocommerce_gallery_thumbnail":["https:\/\/legitgrams.com\/wp-content\/uploads\/2024\/09\/buy-mdai-crystal-powder-cheap-online-100x100.jpg",100,100,true]},"uagb_author_info":{"display_name":"cokeblog18","author_link":"https:\/\/legitgrams.com\/it\/author\/"},"uagb_comment_info":0,"uagb_excerpt":"Purchase MDAI Powder &amp; Crystal at a Discount Online Our primary goal is to offer our clients state-of-the-art information and first-rate services. LG can be found in the quantity and quality needed by full-fledged creation curtesies and exploration enterprises. Here, you will discover a thorough synopsis of LG that satisfies all of your objectives. Our&hellip;","_links":{"self":[{"href":"https:\/\/legitgrams.com\/it\/wp-json\/wp\/v2\/product\/3915","targetHints":{"allow":["GET"]}}],"collection":[{"href":"https:\/\/legitgrams.com\/it\/wp-json\/wp\/v2\/product"}],"about":[{"href":"https:\/\/legitgrams.com\/it\/wp-json\/wp\/v2\/types\/product"}],"replies":[{"embeddable":true,"href":"https:\/\/legitgrams.com\/it\/wp-json\/wp\/v2\/comments?post=3915"}],"wp:featuredmedia":[{"embeddable":true,"href":"https:\/\/legitgrams.com\/it\/wp-json\/wp\/v2\/media\/5286"}],"wp:attachment":[{"href":"https:\/\/legitgrams.com\/it\/wp-json\/wp\/v2\/media?parent=3915"}],"wp:term":[{"taxonomy":"product_brand","embeddable":true,"href":"https:\/\/legitgrams.com\/it\/wp-json\/wp\/v2\/product_brand?post=3915"},{"taxonomy":"product_cat","embeddable":true,"href":"https:\/\/legitgrams.com\/it\/wp-json\/wp\/v2\/product_cat?post=3915"},{"taxonomy":"product_tag","embeddable":true,"href":"https:\/\/legitgrams.com\/it\/wp-json\/wp\/v2\/product_tag?post=3915"}],"curies":[{"name":"wp","href":"https:\/\/api.w.org\/{rel}","templated":true}]}}