{"id":3986,"date":"2024-09-21T06:56:39","date_gmt":"2024-09-21T06:56:39","guid":{"rendered":"https:\/\/legitgrams.com\/?post_type=product&#038;p=3986"},"modified":"2025-04-04T10:03:06","modified_gmt":"2025-04-04T10:03:06","slug":"mefedrone-4mmc","status":"publish","type":"product","link":"https:\/\/legitgrams.com\/it\/prodotto\/mefedrone-4mmc\/","title":{"rendered":"Acquistare il Mefedrone 4MMC online"},"content":{"rendered":"<h2>Acquista Mefedrone 4MMC online<\/h2>\n<p>Per qualsiasi tua esigenza e richiesta, siamo qui per aiutarti. Per effettuare il tuo ordine comodamente, contatta il nostro negozio online. Ora puoi cliccare per ottenere tutto ci\u00f2 di cui hai bisogno. Contattaci subito! <a href=\"https:\/\/legitgrams.com\/it\/prodotto\/mefedrone-4mmc\/\">Mefedrone 4MMC<\/a>.<\/p>\n<h3>Acquista Mefedrone Online<\/h3>\n<p><a href=\"https:\/\/www.bing.com\/search?q=AcquistaMefedrone4MMConline&amp;qs=n&amp;form=QBRE&amp;sp=-1&amp;lq=0&amp;pq=acquistamefedrone4mmconline&amp;sc=0-30&amp;sk=&amp;cvid=24C486C7D5014EE9ADBACB7503185E65&amp;ghsh=0&amp;ghacc=0&amp;ghpl=\">Online mephedrone purchase<\/a>: Ci siamo affermati come commercianti di regole sul mefedrone negli Stati Uniti, in Australia e in altre regioni e siamo leader mondiali nella distribuzione di farmaci ingegnerizzati con 4-MMC. Altri vaporizzatori per materiali umidi Il nostro mefedrone, chiamato anche 4-metilmetcatinone (4-MMC), \u00e8 superiore.<\/p>\n<p>Acquista Mephedrone Powder ai prezzi pi\u00f9 bassi per Mephedrone ad alta purezza e altre fenetilammine sostituite. Viene offerto uno sconto. Spedizione veloce in qualsiasi luogo del pianeta.<\/p>\n<p>Acquisire <a href=\"https:\/\/www.google.com\/search?q=Buy+Mephedrone+4MMC+Online&amp;num=10&amp;sca_esv=1a2a07081c7891bb&amp;rlz=1C1RXQR_enIN1098IN1098&amp;sxsrf=AHTn8zr61dPOk_15V8OEBvypvYRxGlcnrg%3A1741237075652&amp;ei=UyvJZ_PDJ6C94-EPqKm0kA8&amp;ved=0ahUKEwizufTK1fSLAxWg3jgGHagUDfIQ4dUDCBA&amp;uact=5&amp;oq=Buy+Mephedrone+4MMC+Online&amp;gs_lp=Egxnd3Mtd2l6LXNlcnAiGkJ1eSBNZXBoZWRyb25lIDRNTUMgT25saW5lSOYGUI8DWI8DcAJ4AJABAJgB5wGgAecBqgEDMi0xuAEDyAEA-AEC-AEBmAIAoAIAmAMAiAYBkgcAoAfNAQ&amp;sclient=gws-wiz-serp\">polvere MMC<\/a> obtain mephedrone (MMC) powder. Other names for <a href=\"https:\/\/en.wikipedia.org\/wiki\/Mephedrone\">MMC (mefedrone)<\/a> includono 4-metilefedrone e 4-metilmetcatinone.<\/p>\n<p>\u00c8 possibile ordinare online il mefedrone: M-CAT, 4-MMC. Il mefedrone appartiene alla famiglia chimica dei catinoni ed \u00e8 uno stimolante. Tra i molti farmaci sintetici accessibili c'\u00e8 la polvere di metcatinone (4-metil metcatinone cristalli). o farmaci approvati che sono stati recentemente segnalati<\/p>\n<p>Dove posso trovare i sali da bagno al mefedrone?<\/p>\n<p>Information on <a href=\"https:\/\/duckduckgo.com\/?q=Buy+Mephedrone+4MMC+Online&amp;t=h_&amp;ia=web\">Mefedrone<\/a> En EE. UU., el Reino Unido, Australia y otros pa\u00edses, la mefedrona, tambi\u00e9n conocida como 1-(4-metilfenil)-2-metilaminopropan-1-ona o dimetilmetcatinona, se vende actualmente en carritos de venta libre. Los posibles nombres eran Mcat, 4-MMC, MM-Cat, Meow o 4-metilmetcatinona. La mefedrona se purific\u00f3 inicialmente con la hierba africana khat. Este medicamento es entactog\u00e9nico y pertenece a las familias de las anfetaminas, las catinonas y las fenetilaminas. Es un estimulante que produce una ligera euforia y disminuye el deseo sexual.<\/p>\n<p>Acquista mefedrone online e ricevilo subito a casa. Come il suo parente a base di MDMA, risponde per promuovere la compassione. La miscela \u00e8 preziosa per la ricerca perch\u00e9, come la cocaina o l'anfetamina, si degrada nelle sinapsi. Acquista mefedrone online. Il mefedrone \u00e8 venduto come polvere bianca cremosa o come granuli. <a href=\"https:\/\/legitgrams.com\/it\/\">LegitGrams<\/a><\/p>\n<h3>Dove posso acquistare il mefedrone?<\/h3>\n<p>Oltre a essere una nota droga ricreativa illegale, il mefedrone \u00e8 un ingrediente essenziale per le piante, in particolare quelle che producono sali da bagno. I confini che separano l'uso illegale da quello agricolo diventano sempre pi\u00f9 sfumati, aggiungendo incertezza.<\/p>\n<h3>Dieci grammi per 250 dollari<\/h3>\n<p>Acquista online mefedrina 4MMC: acquista mefedrone, acquista mefedrone in Spagna, acquista mefedrone online, Il luogo in cui \u00e8 possibile acquistare mefedrone nutrienti per piante di mefedrone, dove acquistare piante di mefedrone in vendita, dove acquistare 4mmc online, fornitori, consegna sicura, Hai ancora accesso all'oppio. La Spagna consente l'uso di mefedrone per il fertilizzante? Come posso usare mefedrone per produrre fertilizzante? Il mefedrone \u00e8 legale in Spagna?<\/p>\n<h2><\/h2>\n<p>&nbsp;<\/p>","protected":false},"excerpt":{"rendered":"<p>Purchase Mephedrone 4MMC Online For any of your requirements and requests, we are here to help. To place your order comfortably, get in touch with our online store. You can now click to get anything you need. Get in touch with us immediately! Mephedrone 4MMC. Purchase Mephedrone Online Online mephedrone purchase: We have established ourselves &hellip;<\/p>\n<p class=\"read-more\"> <a class=\"\" href=\"https:\/\/legitgrams.com\/it\/prodotto\/mefedrone-4mmc\/\"> <span class=\"screen-reader-text\">Acquistare il Mefedrone 4MMC online<\/span> Leggi tutto \"<\/a><\/p>","protected":false},"featured_media":5287,"comment_status":"open","ping_status":"closed","template":"","meta":{"_uag_custom_page_level_css":"","site-sidebar-layout":"default","site-content-layout":"default","ast-global-header-display":"","ast-main-header-display":"","ast-hfb-above-header-display":"","ast-hfb-below-header-display":"","ast-hfb-mobile-header-display":"","site-post-title":"","ast-breadcrumbs-content":"","ast-featured-img":"","footer-sml-layout":"","theme-transparent-header-meta":"default","adv-header-id-meta":"","stick-header-meta":"default","header-above-stick-meta":"","header-main-stick-meta":"","header-below-stick-meta":"","_joinchat":[]},"product_brand":[],"product_cat":[600],"product_tag":[3153,3143,617,3135,3150,3147,3142,3134,3137,3145,3138,3136,3146,3148,3155,3156,3154,3151,3140,3152,3149,625,3141,3144,3139],"class_list":{"0":"post-3986","1":"product","2":"type-product","3":"status-publish","4":"has-post-thumbnail","6":"product_cat-research-chemicals-and-bath-salt","7":"product_tag-best-cheap-price-mephedrone-4mmc","8":"product_tag-best-place-to-buy-mephedrone-4mmc","9":"product_tag-bulk-online","10":"product_tag-buy-mephedrone-4mmc","11":"product_tag-cheap-mephedrone-4mmc","12":"product_tag-high-quality-mephedrone-4mmc","13":"product_tag-how-to-buy-mephedrone-4mmc","14":"product_tag-mephedrone-4mmc","15":"product_tag-mephedrone-4mmc-for-sale","16":"product_tag-mephedrone-4mmc-legally","17":"product_tag-mephedrone-4mmc-mephedrone-4mmc-supplier","18":"product_tag-mephedrone-4mmc-online","19":"product_tag-mephedrone-4mmc-price","20":"product_tag-mephedrone-4mmc-store","21":"product_tag-mephedrone-4mmc-use","22":"product_tag-mephedrone-4mmc-wiki","23":"product_tag-mephedrone-4mmc-worldwide","24":"product_tag-mephedrone-4mmcs","25":"product_tag-order-mephedrone-4mmc","26":"product_tag-purcharse-mephedrone-4mmc","27":"product_tag-shop-mephedrone-4mmc","28":"product_tag-top-quality","29":"product_tag-where-to-buy-mephedrone-4mmc","30":"product_tag-where-to-order-mephedrone-4mmc","31":"product_tag-wholesale-mephedrone-4mmc","32":"desktop-align-left","33":"tablet-align-left","34":"mobile-align-left","35":"ast-product-gallery-layout-horizontal","36":"ast-product-gallery-with-no-image","37":"ast-product-single-variable","38":"ast-product-tabs-layout-horizontal","39":"ast-qv-on-image","41":"first","42":"instock","43":"shipping-taxable","44":"purchasable","45":"product-type-variable"},"yoast_head":"<!-- This site is optimized with the Yoast SEO plugin v25.9 - https:\/\/yoast.com\/wordpress\/plugins\/seo\/ -->\n<title>Mephedrone 4MMC for Sale - Order Mephedrone 4MMC Online<\/title>\n<meta name=\"description\" content=\"You can buy Mephedrone 4MMC online at the best prices from our online store. We have cheap and high-quality Mephedrone 4MMC for sale and providing worldwide delivery. You can order from anytime, anywhere.\" \/>\n<meta name=\"robots\" content=\"index, follow, max-snippet:-1, max-image-preview:large, max-video-preview:-1\" \/>\n<link rel=\"canonical\" href=\"https:\/\/legitgrams.com\/it\/prodotto\/mefedrone-4mmc\/\" \/>\n<meta property=\"og:locale\" content=\"it_IT\" \/>\n<meta property=\"og:type\" content=\"article\" \/>\n<meta property=\"og:title\" content=\"Mephedrone 4MMC for Sale - Order Mephedrone 4MMC Online\" \/>\n<meta property=\"og:description\" content=\"You can buy Mephedrone 4MMC online at the best prices from our online store. We have cheap and high-quality Mephedrone 4MMC for sale and providing worldwide delivery. You can order from anytime, anywhere.\" \/>\n<meta property=\"og:url\" content=\"https:\/\/legitgrams.com\/it\/prodotto\/mefedrone-4mmc\/\" \/>\n<meta property=\"og:site_name\" content=\"Legit Grams\" \/>\n<meta property=\"article:modified_time\" content=\"2025-04-04T10:03:06+00:00\" \/>\n<meta property=\"og:image\" content=\"https:\/\/legitgrams.com\/wp-content\/uploads\/2024\/09\/buy-4mmc-mephedrone.jpg\" \/>\n\t<meta property=\"og:image:width\" content=\"600\" \/>\n\t<meta property=\"og:image:height\" content=\"600\" \/>\n\t<meta property=\"og:image:type\" content=\"image\/jpeg\" \/>\n<meta name=\"twitter:card\" content=\"summary_large_image\" \/>\n<meta name=\"twitter:label1\" content=\"Tempo di lettura stimato\" \/>\n\t<meta name=\"twitter:data1\" content=\"3 minuti\" \/>\n<script type=\"application\/ld+json\" class=\"yoast-schema-graph\">{\"@context\":\"https:\/\/schema.org\",\"@graph\":[{\"@type\":\"WebPage\",\"@id\":\"https:\/\/legitgrams.com\/product\/mephedrone-4mmc\/\",\"url\":\"https:\/\/legitgrams.com\/product\/mephedrone-4mmc\/\",\"name\":\"Mephedrone 4MMC for Sale - Order Mephedrone 4MMC Online\",\"isPartOf\":{\"@id\":\"https:\/\/legitgrams.com\/#website\"},\"primaryImageOfPage\":{\"@id\":\"https:\/\/legitgrams.com\/product\/mephedrone-4mmc\/#primaryimage\"},\"image\":{\"@id\":\"https:\/\/legitgrams.com\/product\/mephedrone-4mmc\/#primaryimage\"},\"thumbnailUrl\":\"https:\/\/legitgrams.com\/wp-content\/uploads\/2024\/09\/buy-4mmc-mephedrone.jpg\",\"datePublished\":\"2024-09-21T06:56:39+00:00\",\"dateModified\":\"2025-04-04T10:03:06+00:00\",\"description\":\"You can buy Mephedrone 4MMC online at the best prices from our online store. We have cheap and high-quality Mephedrone 4MMC for sale and providing worldwide delivery. You can order from anytime, anywhere.\",\"breadcrumb\":{\"@id\":\"https:\/\/legitgrams.com\/product\/mephedrone-4mmc\/#breadcrumb\"},\"inLanguage\":\"it-IT\",\"potentialAction\":[{\"@type\":\"ReadAction\",\"target\":[\"https:\/\/legitgrams.com\/product\/mephedrone-4mmc\/\"]}]},{\"@type\":\"ImageObject\",\"inLanguage\":\"it-IT\",\"@id\":\"https:\/\/legitgrams.com\/product\/mephedrone-4mmc\/#primaryimage\",\"url\":\"https:\/\/legitgrams.com\/wp-content\/uploads\/2024\/09\/buy-4mmc-mephedrone.jpg\",\"contentUrl\":\"https:\/\/legitgrams.com\/wp-content\/uploads\/2024\/09\/buy-4mmc-mephedrone.jpg\",\"width\":600,\"height\":600,\"caption\":\"Mephedrone 4MMC for Sale\"},{\"@type\":\"BreadcrumbList\",\"@id\":\"https:\/\/legitgrams.com\/product\/mephedrone-4mmc\/#breadcrumb\",\"itemListElement\":[{\"@type\":\"ListItem\",\"position\":1,\"name\":\"Home\",\"item\":\"https:\/\/legitgrams.com\/\"},{\"@type\":\"ListItem\",\"position\":2,\"name\":\"Shop\",\"item\":\"https:\/\/legitgrams.com\/shop\/\"},{\"@type\":\"ListItem\",\"position\":3,\"name\":\"Buy Mephedrone 4MMC Online\"}]},{\"@type\":\"WebSite\",\"@id\":\"https:\/\/legitgrams.com\/#website\",\"url\":\"https:\/\/legitgrams.com\/\",\"name\":\"Legit Grams\",\"description\":\"My WordPress Blog\",\"publisher\":{\"@id\":\"https:\/\/legitgrams.com\/#organization\"},\"potentialAction\":[{\"@type\":\"SearchAction\",\"target\":{\"@type\":\"EntryPoint\",\"urlTemplate\":\"https:\/\/legitgrams.com\/?s={search_term_string}\"},\"query-input\":{\"@type\":\"PropertyValueSpecification\",\"valueRequired\":true,\"valueName\":\"search_term_string\"}}],\"inLanguage\":\"it-IT\"},{\"@type\":\"Organization\",\"@id\":\"https:\/\/legitgrams.com\/#organization\",\"name\":\"Legit Grams\",\"url\":\"https:\/\/legitgrams.com\/\",\"logo\":{\"@type\":\"ImageObject\",\"inLanguage\":\"it-IT\",\"@id\":\"https:\/\/legitgrams.com\/#\/schema\/logo\/image\/\",\"url\":\"https:\/\/legitgrams.com\/wp-content\/uploads\/2024\/09\/main-logo.png\",\"contentUrl\":\"https:\/\/legitgrams.com\/wp-content\/uploads\/2024\/09\/main-logo.png\",\"width\":270,\"height\":75,\"caption\":\"Legit Grams\"},\"image\":{\"@id\":\"https:\/\/legitgrams.com\/#\/schema\/logo\/image\/\"}}]}<\/script>\n<!-- \/ Yoast SEO plugin. -->","yoast_head_json":{"title":"Vendita di Mefedrone 4MMC - Ordine di Mefedrone 4MMC online","description":"\u00c8 possibile acquistare Mephedrone 4MMC online ai migliori prezzi dal nostro negozio online. Abbiamo a buon mercato e di alta qualit\u00e0 Mephedrone 4MMC in vendita e fornendo la consegna in tutto il mondo. \u00c8 possibile ordinare da qualsiasi momento, ovunque.","robots":{"index":"index","follow":"follow","max-snippet":"max-snippet:-1","max-image-preview":"max-image-preview:large","max-video-preview":"max-video-preview:-1"},"canonical":"https:\/\/legitgrams.com\/it\/prodotto\/mefedrone-4mmc\/","og_locale":"it_IT","og_type":"article","og_title":"Mephedrone 4MMC for Sale - Order Mephedrone 4MMC Online","og_description":"You can buy Mephedrone 4MMC online at the best prices from our online store. We have cheap and high-quality Mephedrone 4MMC for sale and providing worldwide delivery. You can order from anytime, anywhere.","og_url":"https:\/\/legitgrams.com\/it\/prodotto\/mefedrone-4mmc\/","og_site_name":"Legit Grams","article_modified_time":"2025-04-04T10:03:06+00:00","og_image":[{"width":600,"height":600,"url":"https:\/\/legitgrams.com\/wp-content\/uploads\/2024\/09\/buy-4mmc-mephedrone.jpg","type":"image\/jpeg"}],"twitter_card":"summary_large_image","twitter_misc":{"Tempo di lettura stimato":"3 minuti"},"schema":{"@context":"https:\/\/schema.org","@graph":[{"@type":"WebPage","@id":"https:\/\/legitgrams.com\/product\/mephedrone-4mmc\/","url":"https:\/\/legitgrams.com\/product\/mephedrone-4mmc\/","name":"Vendita di Mefedrone 4MMC - Ordine di Mefedrone 4MMC online","isPartOf":{"@id":"https:\/\/legitgrams.com\/#website"},"primaryImageOfPage":{"@id":"https:\/\/legitgrams.com\/product\/mephedrone-4mmc\/#primaryimage"},"image":{"@id":"https:\/\/legitgrams.com\/product\/mephedrone-4mmc\/#primaryimage"},"thumbnailUrl":"https:\/\/legitgrams.com\/wp-content\/uploads\/2024\/09\/buy-4mmc-mephedrone.jpg","datePublished":"2024-09-21T06:56:39+00:00","dateModified":"2025-04-04T10:03:06+00:00","description":"\u00c8 possibile acquistare Mephedrone 4MMC online ai migliori prezzi dal nostro negozio online. Abbiamo a buon mercato e di alta qualit\u00e0 Mephedrone 4MMC in vendita e fornendo la consegna in tutto il mondo. \u00c8 possibile ordinare da qualsiasi momento, ovunque.","breadcrumb":{"@id":"https:\/\/legitgrams.com\/product\/mephedrone-4mmc\/#breadcrumb"},"inLanguage":"it-IT","potentialAction":[{"@type":"ReadAction","target":["https:\/\/legitgrams.com\/product\/mephedrone-4mmc\/"]}]},{"@type":"ImageObject","inLanguage":"it-IT","@id":"https:\/\/legitgrams.com\/product\/mephedrone-4mmc\/#primaryimage","url":"https:\/\/legitgrams.com\/wp-content\/uploads\/2024\/09\/buy-4mmc-mephedrone.jpg","contentUrl":"https:\/\/legitgrams.com\/wp-content\/uploads\/2024\/09\/buy-4mmc-mephedrone.jpg","width":600,"height":600,"caption":"Mephedrone 4MMC for Sale"},{"@type":"BreadcrumbList","@id":"https:\/\/legitgrams.com\/product\/mephedrone-4mmc\/#breadcrumb","itemListElement":[{"@type":"ListItem","position":1,"name":"Home","item":"https:\/\/legitgrams.com\/"},{"@type":"ListItem","position":2,"name":"Shop","item":"https:\/\/legitgrams.com\/shop\/"},{"@type":"ListItem","position":3,"name":"Buy Mephedrone 4MMC Online"}]},{"@type":"WebSite","@id":"https:\/\/legitgrams.com\/#website","url":"https:\/\/legitgrams.com\/","name":"Grammi legittimi","description":"Il mio blog WordPress","publisher":{"@id":"https:\/\/legitgrams.com\/#organization"},"potentialAction":[{"@type":"SearchAction","target":{"@type":"EntryPoint","urlTemplate":"https:\/\/legitgrams.com\/?s={search_term_string}"},"query-input":{"@type":"PropertyValueSpecification","valueRequired":true,"valueName":"search_term_string"}}],"inLanguage":"it-IT"},{"@type":"Organization","@id":"https:\/\/legitgrams.com\/#organization","name":"Grammi legittimi","url":"https:\/\/legitgrams.com\/","logo":{"@type":"ImageObject","inLanguage":"it-IT","@id":"https:\/\/legitgrams.com\/#\/schema\/logo\/image\/","url":"https:\/\/legitgrams.com\/wp-content\/uploads\/2024\/09\/main-logo.png","contentUrl":"https:\/\/legitgrams.com\/wp-content\/uploads\/2024\/09\/main-logo.png","width":270,"height":75,"caption":"Legit Grams"},"image":{"@id":"https:\/\/legitgrams.com\/#\/schema\/logo\/image\/"}}]}},"uagb_featured_image_src":{"full":["https:\/\/legitgrams.com\/wp-content\/uploads\/2024\/09\/buy-4mmc-mephedrone.jpg",600,600,false],"thumbnail":["https:\/\/legitgrams.com\/wp-content\/uploads\/2024\/09\/buy-4mmc-mephedrone-150x150.jpg",150,150,true],"medium":["https:\/\/legitgrams.com\/wp-content\/uploads\/2024\/09\/buy-4mmc-mephedrone-300x300.jpg",300,300,true],"medium_large":["https:\/\/legitgrams.com\/wp-content\/uploads\/2024\/09\/buy-4mmc-mephedrone.jpg",600,600,false],"large":["https:\/\/legitgrams.com\/wp-content\/uploads\/2024\/09\/buy-4mmc-mephedrone.jpg",600,600,false],"1536x1536":["https:\/\/legitgrams.com\/wp-content\/uploads\/2024\/09\/buy-4mmc-mephedrone.jpg",600,600,false],"2048x2048":["https:\/\/legitgrams.com\/wp-content\/uploads\/2024\/09\/buy-4mmc-mephedrone.jpg",600,600,false],"trp-custom-language-flag":["https:\/\/legitgrams.com\/wp-content\/uploads\/2024\/09\/buy-4mmc-mephedrone-12x12.jpg",12,12,true],"woocommerce_thumbnail":["https:\/\/legitgrams.com\/wp-content\/uploads\/2024\/09\/buy-4mmc-mephedrone-300x300.jpg",300,300,true],"woocommerce_single":["https:\/\/legitgrams.com\/wp-content\/uploads\/2024\/09\/buy-4mmc-mephedrone.jpg",600,600,false],"woocommerce_gallery_thumbnail":["https:\/\/legitgrams.com\/wp-content\/uploads\/2024\/09\/buy-4mmc-mephedrone-100x100.jpg",100,100,true]},"uagb_author_info":{"display_name":"cokeblog18","author_link":"https:\/\/legitgrams.com\/it\/author\/"},"uagb_comment_info":0,"uagb_excerpt":"Purchase Mephedrone 4MMC Online For any of your requirements and requests, we are here to help. To place your order comfortably, get in touch with our online store. You can now click to get anything you need. Get in touch with us immediately! Mephedrone 4MMC. Purchase Mephedrone Online Online mephedrone purchase: We have established ourselves&hellip;","_links":{"self":[{"href":"https:\/\/legitgrams.com\/it\/wp-json\/wp\/v2\/product\/3986","targetHints":{"allow":["GET"]}}],"collection":[{"href":"https:\/\/legitgrams.com\/it\/wp-json\/wp\/v2\/product"}],"about":[{"href":"https:\/\/legitgrams.com\/it\/wp-json\/wp\/v2\/types\/product"}],"replies":[{"embeddable":true,"href":"https:\/\/legitgrams.com\/it\/wp-json\/wp\/v2\/comments?post=3986"}],"wp:featuredmedia":[{"embeddable":true,"href":"https:\/\/legitgrams.com\/it\/wp-json\/wp\/v2\/media\/5287"}],"wp:attachment":[{"href":"https:\/\/legitgrams.com\/it\/wp-json\/wp\/v2\/media?parent=3986"}],"wp:term":[{"taxonomy":"product_brand","embeddable":true,"href":"https:\/\/legitgrams.com\/it\/wp-json\/wp\/v2\/product_brand?post=3986"},{"taxonomy":"product_cat","embeddable":true,"href":"https:\/\/legitgrams.com\/it\/wp-json\/wp\/v2\/product_cat?post=3986"},{"taxonomy":"product_tag","embeddable":true,"href":"https:\/\/legitgrams.com\/it\/wp-json\/wp\/v2\/product_tag?post=3986"}],"curies":[{"name":"wp","href":"https:\/\/api.w.org\/{rel}","templated":true}]}}