{"id":3989,"date":"2024-09-21T07:22:56","date_gmt":"2024-09-21T07:22:56","guid":{"rendered":"https:\/\/legitgrams.com\/?post_type=product&#038;p=3989"},"modified":"2025-04-04T08:23:53","modified_gmt":"2025-04-04T08:23:53","slug":"acetil-fentanil-in-polvere-99-puro","status":"publish","type":"product","link":"https:\/\/legitgrams.com\/it\/prodotto\/acetil-fentanil-in-polvere-99-puro\/","title":{"rendered":"Acquista polvere di acetil fentanil (99%+ pura) online"},"content":{"rendered":"<h2>Polvere di acetil fentanil (99%+ pura) per l'acquisto online<\/h2>\n<p>Ottenere <a href=\"https:\/\/en.wikipedia.org\/wiki\/Acetylfentanyl\">acetil fentanil<\/a> polvere. \u00c8 classificato come un oppioide e ha una potenza cinque volte superiore a quella dell'eroina.<br \/>\nViene utilizzato per trattare il dolore cronico e grave che non pu\u00f2 essere controllato con altri farmaci. Questo farmaco funziona bene come analgesico narcotico.<\/p>\n<p>Acquista in polvere <a href=\"https:\/\/www.bing.com\/search?q=Acquistapolverediacetilfentanil(99pura)online&amp;qs=n&amp;form=QBRE&amp;sp=-1&amp;lq=0&amp;pq=acquistapolverediacetilfentanil(99pura)online&amp;sc=0-54&amp;sk=&amp;cvid=30F7131E504C40189711F2F5F745973E&amp;ghsh=0&amp;ghacc=0&amp;ghpl=\">acetilfentanil<\/a> che \u00e8 puro al 99%+. <a href=\"https:\/\/legitgrams.com\/it\/prodotto\/acetil-fentanil-in-polvere-99-puro\/\">Acetilfentanil<\/a>, noto anche come desmetilfentanil, \u00e8 un analgesico oppioide simile al fentanil.<br \/>\nSecondo alcuni studi, l'acetilfentanil \u00e8 15 volte pi\u00f9 potente del fentanil, fino a 80 volte pi\u00f9 potente della morfina e da 5 a 40 volte pi\u00f9 potente dell'eroina. <a href=\"https:\/\/legitgrams.com\/it\/\">LegitGrams<\/a><\/p>\n<p><a href=\"https:\/\/www.google.com\/search?q=Buy+Acetyl+Fentanyl+Powder+%2899%25%2B+Pure%29+Online&amp;num=10&amp;sca_esv=1a2a07081c7891bb&amp;rlz=1C1RXQR_enIN1098IN1098&amp;sxsrf=AHTn8zrjJPsTM5nmZUjcsaztfSWkhjd7Ng%3A1741237177031&amp;ei=uSvJZ73IAfm64-EPtJLT-QE&amp;ved=0ahUKEwj9iKD71fSLAxV53TgGHTTJNB8Q4dUDCBA&amp;uact=5&amp;oq=Buy+Acetyl+Fentanyl+Powder+%2899%25%2B+Pure%29+Online&amp;gs_lp=Egxnd3Mtd2l6LXNlcnAiLUJ1eSBBY2V0eWwgRmVudGFueWwgUG93ZGVyICg5OSUrIFB1cmUpIE9ubGluZTIIEAAYgAQYogRIywZQmgNYmgNwA3gAkAEAmAHnAaAB5wGqAQMyLTG4AQPIAQD4AQL4AQGYAgGgAvEBmAMAiAYBkgcDMi0xoAefAQ&amp;sclient=gws-wiz-serp\">Polvere di acetilfentanil pura al 99%+<\/a> Pu\u00f2 essere acquistato online - Acetil Fentanil, Acetil Fentanil in polvere (puro al 99%+), Acetil Fentanil online, dove acquistare Acetil Fentanil in polvere (puro al 99%+) Dove acquistare Acetil Fentanil in polvere (puro al 99%+) online, dove acquistare <a href=\"https:\/\/duckduckgo.com\/?q=Buy+Acetyl+Fentanyl+Powder+(99%25%2B+Pure)+Online&amp;t=h_&amp;ia=web\">Acetil Fentanil in polvere (99%+ puro) in vendita<\/a>, where to <a href=\"https:\/\/www.google.com\/search?q=Buy+Acetyl+Fentanyl+Powder+%2899%25%2B+Pure%29+Online&amp;num=10&amp;sca_esv=1a2a07081c7891bb&amp;rlz=1C1RXQR_enIN1098IN1098&amp;sxsrf=AHTn8zrjJPsTM5nmZUjcsaztfSWkhjd7Ng%3A1741237177031&amp;ei=uSvJZ73IAfm64-EPtJLT-QE&amp;ved=0ahUKEwj9iKD71fSLAxV53TgGHTTJNB8Q4dUDCBA&amp;uact=5&amp;oq=Buy+Acetyl+Fentanyl+Powder+%2899%25%2B+Pure%29+Online&amp;gs_lp=Egxnd3Mtd2l6LXNlcnAiLUJ1eSBBY2V0eWwgRmVudGFueWwgUG93ZGVyICg5OSUrIFB1cmUpIE9ubGluZTIIEAAYgAQYogRIywZQmgNYmgNwA3gAkAEAmAHnAaAB5wGqAQMyLTG4AQPIAQD4AQL4AQGYAgGgAvEBmAMAiAYBkgcDMi0xoAefAQ&amp;sclient=gws-wiz-serp\">acquista Acetil Fentanil in polvere (puro al 99%+)<\/a> Negli Stati Uniti, in Canada e nel Regno Unito, come acquistarlo online, fornitori e consegna sicura. \u00c8 ancora possibile ottenere polvere di acetil fentanil (purezza superiore al 99%); \u00e8 legale farlo negli Stati Uniti? Pu\u00f2 essere acquistato online negli Stati Uniti; come effettuare un ordine; e se l'acquisto di polvere di acetil fentanil pura al 99%+ \u00e8 consentito in Canada.<\/p>","protected":false},"excerpt":{"rendered":"<p>Acetyl Fentanyl Powder (99%+ Pure) for Online Purchase Obtain acetyl fentanyl powder. It is classified as an opioid and has five times the potency of heroin. It is used to treat chronic, severe pain that cannot be controlled with other medications. This drug works well as a narcotic analgesic. Buy powdered acetylfentanyl that is 99%+ &hellip;<\/p>\n<p class=\"read-more\"> <a class=\"\" href=\"https:\/\/legitgrams.com\/it\/prodotto\/acetil-fentanil-in-polvere-99-puro\/\"> <span class=\"screen-reader-text\">Acquista polvere di acetil fentanil (99%+ pura) online<\/span> Leggi tutto \"<\/a><\/p>","protected":false},"featured_media":5264,"comment_status":"open","ping_status":"closed","template":"","meta":{"_uag_custom_page_level_css":"","site-sidebar-layout":"default","site-content-layout":"default","ast-global-header-display":"","ast-main-header-display":"","ast-hfb-above-header-display":"","ast-hfb-below-header-display":"","ast-hfb-mobile-header-display":"","site-post-title":"","ast-breadcrumbs-content":"","ast-featured-img":"","footer-sml-layout":"","theme-transparent-header-meta":"default","adv-header-id-meta":"","stick-header-meta":"default","header-above-stick-meta":"","header-main-stick-meta":"","header-below-stick-meta":"","_joinchat":[]},"product_brand":[],"product_cat":[600],"product_tag":[3065,3069,3068,3076,3067,3077,3079,3086,3087,3085,3082,3084,3074,617,3066,3081,3078,3073,3071,3083,3080,625,3072,3075,3070],"class_list":{"0":"post-3989","1":"product","2":"type-product","3":"status-publish","4":"has-post-thumbnail","6":"product_cat-research-chemicals-and-bath-salt","7":"product_tag-acetyl-fentanyl-powder-99-pure","8":"product_tag-acetyl-fentanyl-powder-99-pure-acetyl-fentanyl-powder-99-pure-supplier","9":"product_tag-acetyl-fentanyl-powder-99-pure-for-sale","10":"product_tag-acetyl-fentanyl-powder-99-pure-legally","11":"product_tag-acetyl-fentanyl-powder-99-pure-online","12":"product_tag-acetyl-fentanyl-powder-99-pure-price","13":"product_tag-acetyl-fentanyl-powder-99-pure-store","14":"product_tag-acetyl-fentanyl-powder-99-pure-use","15":"product_tag-acetyl-fentanyl-powder-99-pure-wiki","16":"product_tag-acetyl-fentanyl-powder-99-pure-worldwide","17":"product_tag-acetyl-fentanyl-powder-99-pures","18":"product_tag-best-cheap-price-acetyl-fentanyl-powder-99-pure","19":"product_tag-best-place-to-buy-acetyl-fentanyl-powder-99-pure","20":"product_tag-bulk-online","21":"product_tag-buy-acetyl-fentanyl-powder-99-pure","22":"product_tag-cheap-acetyl-fentanyl-powder-99-pure","23":"product_tag-high-quality-acetyl-fentanyl-powder-99-pure","24":"product_tag-how-to-buy-acetyl-fentanyl-powder-99-pure","25":"product_tag-order-acetyl-fentanyl-powder-99-pure","26":"product_tag-purcharse-acetyl-fentanyl-powder-99-pure","27":"product_tag-shop-acetyl-fentanyl-powder-99-pure","28":"product_tag-top-quality","29":"product_tag-where-to-buy-acetyl-fentanyl-powder-99-pure","30":"product_tag-where-to-order-acetyl-fentanyl-powder-99-pure","31":"product_tag-wholesale-acetyl-fentanyl-powder-99-pure","32":"desktop-align-left","33":"tablet-align-left","34":"mobile-align-left","35":"ast-product-gallery-layout-horizontal","36":"ast-product-gallery-with-no-image","37":"ast-product-single-variable","38":"ast-product-tabs-layout-horizontal","39":"ast-qv-on-image","41":"first","42":"instock","43":"shipping-taxable","44":"purchasable","45":"product-type-variable"},"yoast_head":"<!-- This site is optimized with the Yoast SEO plugin v25.9 - https:\/\/yoast.com\/wordpress\/plugins\/seo\/ -->\n<title>Acetyl Fentanyl Powder for Sale - Buy Acetyl Fentanyl Online<\/title>\n<meta name=\"description\" content=\"If you have not tried acetyl fentanyl powder from our LegitGrams store, then you are missing a lot. We will help you buy acetyl fentanyl online at cheap rate. Get Acetyl Fentanyl Powder for sale today!\" \/>\n<meta name=\"robots\" content=\"index, follow, max-snippet:-1, max-image-preview:large, max-video-preview:-1\" \/>\n<link rel=\"canonical\" href=\"https:\/\/legitgrams.com\/it\/prodotto\/acetil-fentanil-in-polvere-99-puro\/\" \/>\n<meta property=\"og:locale\" content=\"it_IT\" \/>\n<meta property=\"og:type\" content=\"article\" \/>\n<meta property=\"og:title\" content=\"Acetyl Fentanyl Powder for Sale - Buy Acetyl Fentanyl Online\" \/>\n<meta property=\"og:description\" content=\"If you have not tried acetyl fentanyl powder from our LegitGrams store, then you are missing a lot. We will help you buy acetyl fentanyl online at cheap rate. Get Acetyl Fentanyl Powder for sale today!\" \/>\n<meta property=\"og:url\" content=\"https:\/\/legitgrams.com\/it\/prodotto\/acetil-fentanil-in-polvere-99-puro\/\" \/>\n<meta property=\"og:site_name\" content=\"Legit Grams\" \/>\n<meta property=\"article:modified_time\" content=\"2025-04-04T08:23:53+00:00\" \/>\n<meta property=\"og:image\" content=\"https:\/\/legitgrams.com\/wp-content\/uploads\/2024\/09\/Buy-Acetyl-Fentanyl-Powder-99-Pure-online.jpg\" \/>\n\t<meta property=\"og:image:width\" content=\"600\" \/>\n\t<meta property=\"og:image:height\" content=\"600\" \/>\n\t<meta property=\"og:image:type\" content=\"image\/jpeg\" \/>\n<meta name=\"twitter:card\" content=\"summary_large_image\" \/>\n<meta name=\"twitter:label1\" content=\"Tempo di lettura stimato\" \/>\n\t<meta name=\"twitter:data1\" content=\"2 minuti\" \/>\n<script type=\"application\/ld+json\" class=\"yoast-schema-graph\">{\"@context\":\"https:\/\/schema.org\",\"@graph\":[{\"@type\":\"WebPage\",\"@id\":\"https:\/\/legitgrams.com\/product\/acetyl-fentanyl-powder-99-pure\/\",\"url\":\"https:\/\/legitgrams.com\/product\/acetyl-fentanyl-powder-99-pure\/\",\"name\":\"Acetyl Fentanyl Powder for Sale - Buy Acetyl Fentanyl Online\",\"isPartOf\":{\"@id\":\"https:\/\/legitgrams.com\/#website\"},\"primaryImageOfPage\":{\"@id\":\"https:\/\/legitgrams.com\/product\/acetyl-fentanyl-powder-99-pure\/#primaryimage\"},\"image\":{\"@id\":\"https:\/\/legitgrams.com\/product\/acetyl-fentanyl-powder-99-pure\/#primaryimage\"},\"thumbnailUrl\":\"https:\/\/legitgrams.com\/wp-content\/uploads\/2024\/09\/Buy-Acetyl-Fentanyl-Powder-99-Pure-online.jpg\",\"datePublished\":\"2024-09-21T07:22:56+00:00\",\"dateModified\":\"2025-04-04T08:23:53+00:00\",\"description\":\"If you have not tried acetyl fentanyl powder from our LegitGrams store, then you are missing a lot. We will help you buy acetyl fentanyl online at cheap rate. Get Acetyl Fentanyl Powder for sale today!\",\"breadcrumb\":{\"@id\":\"https:\/\/legitgrams.com\/product\/acetyl-fentanyl-powder-99-pure\/#breadcrumb\"},\"inLanguage\":\"it-IT\",\"potentialAction\":[{\"@type\":\"ReadAction\",\"target\":[\"https:\/\/legitgrams.com\/product\/acetyl-fentanyl-powder-99-pure\/\"]}]},{\"@type\":\"ImageObject\",\"inLanguage\":\"it-IT\",\"@id\":\"https:\/\/legitgrams.com\/product\/acetyl-fentanyl-powder-99-pure\/#primaryimage\",\"url\":\"https:\/\/legitgrams.com\/wp-content\/uploads\/2024\/09\/Buy-Acetyl-Fentanyl-Powder-99-Pure-online.jpg\",\"contentUrl\":\"https:\/\/legitgrams.com\/wp-content\/uploads\/2024\/09\/Buy-Acetyl-Fentanyl-Powder-99-Pure-online.jpg\",\"width\":600,\"height\":600,\"caption\":\"Acetyl Fentanyl Powder for Sale\"},{\"@type\":\"BreadcrumbList\",\"@id\":\"https:\/\/legitgrams.com\/product\/acetyl-fentanyl-powder-99-pure\/#breadcrumb\",\"itemListElement\":[{\"@type\":\"ListItem\",\"position\":1,\"name\":\"Home\",\"item\":\"https:\/\/legitgrams.com\/\"},{\"@type\":\"ListItem\",\"position\":2,\"name\":\"Shop\",\"item\":\"https:\/\/legitgrams.com\/shop\/\"},{\"@type\":\"ListItem\",\"position\":3,\"name\":\"Buy Acetyl Fentanyl Powder (99%+ Pure) Online\"}]},{\"@type\":\"WebSite\",\"@id\":\"https:\/\/legitgrams.com\/#website\",\"url\":\"https:\/\/legitgrams.com\/\",\"name\":\"Legit Grams\",\"description\":\"My WordPress Blog\",\"publisher\":{\"@id\":\"https:\/\/legitgrams.com\/#organization\"},\"potentialAction\":[{\"@type\":\"SearchAction\",\"target\":{\"@type\":\"EntryPoint\",\"urlTemplate\":\"https:\/\/legitgrams.com\/?s={search_term_string}\"},\"query-input\":{\"@type\":\"PropertyValueSpecification\",\"valueRequired\":true,\"valueName\":\"search_term_string\"}}],\"inLanguage\":\"it-IT\"},{\"@type\":\"Organization\",\"@id\":\"https:\/\/legitgrams.com\/#organization\",\"name\":\"Legit Grams\",\"url\":\"https:\/\/legitgrams.com\/\",\"logo\":{\"@type\":\"ImageObject\",\"inLanguage\":\"it-IT\",\"@id\":\"https:\/\/legitgrams.com\/#\/schema\/logo\/image\/\",\"url\":\"https:\/\/legitgrams.com\/wp-content\/uploads\/2024\/09\/main-logo.png\",\"contentUrl\":\"https:\/\/legitgrams.com\/wp-content\/uploads\/2024\/09\/main-logo.png\",\"width\":270,\"height\":75,\"caption\":\"Legit Grams\"},\"image\":{\"@id\":\"https:\/\/legitgrams.com\/#\/schema\/logo\/image\/\"}}]}<\/script>\n<!-- \/ Yoast SEO plugin. -->","yoast_head_json":{"title":"Acetyl Fentanyl in polvere in vendita - Comprare Acetyl Fentanyl online","description":"Se non avete provato l'acetil fentanil in polvere dal nostro negozio LegitGrams, allora vi state perdendo molto. Vi aiuteremo a comprare l'acetil fentanil online a basso costo. Ottenere Acetyl Fentanyl polvere in vendita oggi!","robots":{"index":"index","follow":"follow","max-snippet":"max-snippet:-1","max-image-preview":"max-image-preview:large","max-video-preview":"max-video-preview:-1"},"canonical":"https:\/\/legitgrams.com\/it\/prodotto\/acetil-fentanil-in-polvere-99-puro\/","og_locale":"it_IT","og_type":"article","og_title":"Acetyl Fentanyl Powder for Sale - Buy Acetyl Fentanyl Online","og_description":"If you have not tried acetyl fentanyl powder from our LegitGrams store, then you are missing a lot. We will help you buy acetyl fentanyl online at cheap rate. Get Acetyl Fentanyl Powder for sale today!","og_url":"https:\/\/legitgrams.com\/it\/prodotto\/acetil-fentanil-in-polvere-99-puro\/","og_site_name":"Legit Grams","article_modified_time":"2025-04-04T08:23:53+00:00","og_image":[{"width":600,"height":600,"url":"https:\/\/legitgrams.com\/wp-content\/uploads\/2024\/09\/Buy-Acetyl-Fentanyl-Powder-99-Pure-online.jpg","type":"image\/jpeg"}],"twitter_card":"summary_large_image","twitter_misc":{"Tempo di lettura stimato":"2 minuti"},"schema":{"@context":"https:\/\/schema.org","@graph":[{"@type":"WebPage","@id":"https:\/\/legitgrams.com\/product\/acetyl-fentanyl-powder-99-pure\/","url":"https:\/\/legitgrams.com\/product\/acetyl-fentanyl-powder-99-pure\/","name":"Acetyl Fentanyl in polvere in vendita - Comprare Acetyl Fentanyl online","isPartOf":{"@id":"https:\/\/legitgrams.com\/#website"},"primaryImageOfPage":{"@id":"https:\/\/legitgrams.com\/product\/acetyl-fentanyl-powder-99-pure\/#primaryimage"},"image":{"@id":"https:\/\/legitgrams.com\/product\/acetyl-fentanyl-powder-99-pure\/#primaryimage"},"thumbnailUrl":"https:\/\/legitgrams.com\/wp-content\/uploads\/2024\/09\/Buy-Acetyl-Fentanyl-Powder-99-Pure-online.jpg","datePublished":"2024-09-21T07:22:56+00:00","dateModified":"2025-04-04T08:23:53+00:00","description":"Se non avete provato l'acetil fentanil in polvere dal nostro negozio LegitGrams, allora vi state perdendo molto. Vi aiuteremo a comprare l'acetil fentanil online a basso costo. Ottenere Acetyl Fentanyl polvere in vendita oggi!","breadcrumb":{"@id":"https:\/\/legitgrams.com\/product\/acetyl-fentanyl-powder-99-pure\/#breadcrumb"},"inLanguage":"it-IT","potentialAction":[{"@type":"ReadAction","target":["https:\/\/legitgrams.com\/product\/acetyl-fentanyl-powder-99-pure\/"]}]},{"@type":"ImageObject","inLanguage":"it-IT","@id":"https:\/\/legitgrams.com\/product\/acetyl-fentanyl-powder-99-pure\/#primaryimage","url":"https:\/\/legitgrams.com\/wp-content\/uploads\/2024\/09\/Buy-Acetyl-Fentanyl-Powder-99-Pure-online.jpg","contentUrl":"https:\/\/legitgrams.com\/wp-content\/uploads\/2024\/09\/Buy-Acetyl-Fentanyl-Powder-99-Pure-online.jpg","width":600,"height":600,"caption":"Acetyl Fentanyl Powder for Sale"},{"@type":"BreadcrumbList","@id":"https:\/\/legitgrams.com\/product\/acetyl-fentanyl-powder-99-pure\/#breadcrumb","itemListElement":[{"@type":"ListItem","position":1,"name":"Home","item":"https:\/\/legitgrams.com\/"},{"@type":"ListItem","position":2,"name":"Shop","item":"https:\/\/legitgrams.com\/shop\/"},{"@type":"ListItem","position":3,"name":"Buy Acetyl Fentanyl Powder (99%+ Pure) Online"}]},{"@type":"WebSite","@id":"https:\/\/legitgrams.com\/#website","url":"https:\/\/legitgrams.com\/","name":"Grammi legittimi","description":"Il mio blog WordPress","publisher":{"@id":"https:\/\/legitgrams.com\/#organization"},"potentialAction":[{"@type":"SearchAction","target":{"@type":"EntryPoint","urlTemplate":"https:\/\/legitgrams.com\/?s={search_term_string}"},"query-input":{"@type":"PropertyValueSpecification","valueRequired":true,"valueName":"search_term_string"}}],"inLanguage":"it-IT"},{"@type":"Organization","@id":"https:\/\/legitgrams.com\/#organization","name":"Grammi legittimi","url":"https:\/\/legitgrams.com\/","logo":{"@type":"ImageObject","inLanguage":"it-IT","@id":"https:\/\/legitgrams.com\/#\/schema\/logo\/image\/","url":"https:\/\/legitgrams.com\/wp-content\/uploads\/2024\/09\/main-logo.png","contentUrl":"https:\/\/legitgrams.com\/wp-content\/uploads\/2024\/09\/main-logo.png","width":270,"height":75,"caption":"Legit Grams"},"image":{"@id":"https:\/\/legitgrams.com\/#\/schema\/logo\/image\/"}}]}},"uagb_featured_image_src":{"full":["https:\/\/legitgrams.com\/wp-content\/uploads\/2024\/09\/Buy-Acetyl-Fentanyl-Powder-99-Pure-online.jpg",600,600,false],"thumbnail":["https:\/\/legitgrams.com\/wp-content\/uploads\/2024\/09\/Buy-Acetyl-Fentanyl-Powder-99-Pure-online-150x150.jpg",150,150,true],"medium":["https:\/\/legitgrams.com\/wp-content\/uploads\/2024\/09\/Buy-Acetyl-Fentanyl-Powder-99-Pure-online-300x300.jpg",300,300,true],"medium_large":["https:\/\/legitgrams.com\/wp-content\/uploads\/2024\/09\/Buy-Acetyl-Fentanyl-Powder-99-Pure-online.jpg",600,600,false],"large":["https:\/\/legitgrams.com\/wp-content\/uploads\/2024\/09\/Buy-Acetyl-Fentanyl-Powder-99-Pure-online.jpg",600,600,false],"1536x1536":["https:\/\/legitgrams.com\/wp-content\/uploads\/2024\/09\/Buy-Acetyl-Fentanyl-Powder-99-Pure-online.jpg",600,600,false],"2048x2048":["https:\/\/legitgrams.com\/wp-content\/uploads\/2024\/09\/Buy-Acetyl-Fentanyl-Powder-99-Pure-online.jpg",600,600,false],"trp-custom-language-flag":["https:\/\/legitgrams.com\/wp-content\/uploads\/2024\/09\/Buy-Acetyl-Fentanyl-Powder-99-Pure-online-12x12.jpg",12,12,true],"woocommerce_thumbnail":["https:\/\/legitgrams.com\/wp-content\/uploads\/2024\/09\/Buy-Acetyl-Fentanyl-Powder-99-Pure-online-300x300.jpg",300,300,true],"woocommerce_single":["https:\/\/legitgrams.com\/wp-content\/uploads\/2024\/09\/Buy-Acetyl-Fentanyl-Powder-99-Pure-online.jpg",600,600,false],"woocommerce_gallery_thumbnail":["https:\/\/legitgrams.com\/wp-content\/uploads\/2024\/09\/Buy-Acetyl-Fentanyl-Powder-99-Pure-online-100x100.jpg",100,100,true]},"uagb_author_info":{"display_name":"cokeblog18","author_link":"https:\/\/legitgrams.com\/it\/author\/"},"uagb_comment_info":0,"uagb_excerpt":"Acetyl Fentanyl Powder (99%+ Pure) for Online Purchase Obtain acetyl fentanyl powder. It is classified as an opioid and has five times the potency of heroin. It is used to treat chronic, severe pain that cannot be controlled with other medications. This drug works well as a narcotic analgesic. Buy powdered acetylfentanyl that is 99%+&hellip;","_links":{"self":[{"href":"https:\/\/legitgrams.com\/it\/wp-json\/wp\/v2\/product\/3989","targetHints":{"allow":["GET"]}}],"collection":[{"href":"https:\/\/legitgrams.com\/it\/wp-json\/wp\/v2\/product"}],"about":[{"href":"https:\/\/legitgrams.com\/it\/wp-json\/wp\/v2\/types\/product"}],"replies":[{"embeddable":true,"href":"https:\/\/legitgrams.com\/it\/wp-json\/wp\/v2\/comments?post=3989"}],"wp:featuredmedia":[{"embeddable":true,"href":"https:\/\/legitgrams.com\/it\/wp-json\/wp\/v2\/media\/5264"}],"wp:attachment":[{"href":"https:\/\/legitgrams.com\/it\/wp-json\/wp\/v2\/media?parent=3989"}],"wp:term":[{"taxonomy":"product_brand","embeddable":true,"href":"https:\/\/legitgrams.com\/it\/wp-json\/wp\/v2\/product_brand?post=3989"},{"taxonomy":"product_cat","embeddable":true,"href":"https:\/\/legitgrams.com\/it\/wp-json\/wp\/v2\/product_cat?post=3989"},{"taxonomy":"product_tag","embeddable":true,"href":"https:\/\/legitgrams.com\/it\/wp-json\/wp\/v2\/product_tag?post=3989"}],"curies":[{"name":"wp","href":"https:\/\/api.w.org\/{rel}","templated":true}]}}