{"id":4005,"date":"2024-09-21T07:58:51","date_gmt":"2024-09-21T07:58:51","guid":{"rendered":"https:\/\/legitgrams.com\/?post_type=product&#038;p=4005"},"modified":"2025-04-04T07:07:15","modified_gmt":"2025-04-04T07:07:15","slug":"sciroppo-per-la-tosse-hi-tech","status":"publish","type":"product","link":"https:\/\/legitgrams.com\/it\/prodotto\/sciroppo-per-la-tosse-hi-tech\/","title":{"rendered":"Acquista lo sciroppo per la tosse Hi-Tech online"},"content":{"rendered":"<h2>Acquisto di sciroppo per la tosse Hi-Tech Online<\/h2>\n<p>Ottenere <a href=\"https:\/\/legitgrams.com\/it\/prodotto\/sciroppo-per-la-tosse-hi-tech\/\">sciroppo per la tosse ad alta tecnologia<\/a> online a un prezzo molto conveniente. Acquista anche cocaina per rivenderla. Il GHB \u00e8 tra i tanti farmaci e stimolanti che vendiamo.<\/p>\n<p>Ti piacciono i palatabili ma pensi che siano troppo lenti per partire? Grazie al loro sapore e alla loro forza, <a href=\"https:\/\/www.bing.com\/search?q=AcquistalosciroppoperlatosseHi-Techonline&amp;qs=n&amp;form=QBRE&amp;sp=-1&amp;lq=0&amp;pq=kupsyropnakaszelhi-techonline&amp;sc=12-34&amp;sk=&amp;cvid=EFC34F5D22C04258A5FFFF8062FCFDFD&amp;ghsh=0&amp;ghacc=0&amp;ghpl=\">Sciroppo di THC<\/a> potrebbe diventare il tuo nuovo farmaco preferito per il trattamento del dolore.<\/p>\n<p>Per chi cerca sia usi terapeutici che ricreativi, lo sciroppo di cannabis \u00e8 fantastico. \u00c8 efficace, potente e usato con prudenza; di solito ci vogliono dai 20 ai 30 minuti per iniziare a fare effetto. Devi semplicemente prendere la tua porzione e aggiungerla a qualsiasi pasto o bevanda. D'altro canto, una quantit\u00e0 modesta \u00e8 facile da ingerire. \u00c8 semplice!<\/p>\n<h2><span style=\"font-size: 16px; font-style: normal; font-weight: 400;\">sciroppo per la tosse ad alta tecnologia, sciroppo per la tosse premium, sciroppo per la tosse premium in vendita, sciroppo per la tosse premium online e sciroppo per la tosse premium a prezzi bassi. <a href=\"https:\/\/www.google.com\/search?q=Acquista+lo+sciroppo+per+la+tosse+Hi-Tech+online&amp;sca_esv=eddefdb7b92e7545&amp;sxsrf=AHTn8zq-9QD4rNEcx382DgHfvP3YSQFE0Q1743751238013&amp;ei=RojvZ41Ei-_Q8Q-V_4cI&amp;ved=0ahUKEwiN__jI672MAxWLNzQIHZX_AQEQ4dUDCBA&amp;uact=5&amp;oq=Acquista+lo+sciroppo+per+la+tosse+Hi-Tech+online&amp;gs_lp=Egxnd3Mtd2l6LXNlcnAiMEFjcXVpc3RhIGxvIHNjaXJvcHBvIHBlciBsYSB0b3NzZSBIaS1UZWNoIG9ubGluZTIFECEYoAEyBRAhGKABMgUQIRigATIFECEYoAFI_gNQAFgAcAB4AZABAJgBwgOgAcIDqgEDNC0xuAEDyAEA-AEC-AEBmAIBoALdA5gDAJIHAzQtMaAHvwSyBwM0LTG4B90D&amp;sclient=gws-wiz-serp\">Sciroppo di THC<\/a> \u00e8 un modo consigliato per sfruttare tutti i benefici di questa pianta davvero straordinaria per chi non sopporta l'idea di fumare marijuana o potrebbe essere troppo malato per prenderla in considerazione. La disponibilit\u00e0 di sciroppo di CBD sarebbe gradita dai clienti che seguono una terapia prudente. Tuttavia, questo \u00e8 un argomento per un altro saggio! <a href=\"https:\/\/legitgrams.com\/it\/\">LegitGrams<\/a><br \/>\n<\/span><\/h2>\n<h3>Linee guida complete per la produzione di sciroppo di THC<\/h3>\n<p>Se stai cercando una ricetta semplice per lo sciroppo di THC, non cercare oltre. Con solo pochi componenti e poca attrezzatura, \u00e8 sicuramente possibile realizzare uno sciroppo versabile <a href=\"https:\/\/duckduckgo.com\/?q=Acquista+lo+sciroppo+per+la+tosse+Hi-Tech+online&amp;t=h_&amp;ia=web\">Sciroppo di THC<\/a> a casa. Il THC potrebbe essere la sostanza pi\u00f9 semplice da realizzare da soli, poich\u00e9 \u00e8 improbabile che venga estratto dal materiale vegetale con sostanze sintetiche potenzialmente dannose.<\/p>\n<p>Lo que necesitar\u00e1s para hacer tu propio jarabe mixto de THC es\u2026<\/p>\n<p>Aqua. Circa 200 ml di sciroppo sono pi\u00f9 che sufficienti. Di solito puoi farne di pi\u00f9 in seguito perch\u00e9 la formula \u00e8 molto facile da seguire.<\/p>\n<p>Bene. Quanto a lungo puoi conservare lo sciroppo di cannabis in frigorifero dipende da quanto zucchero usi. Puoi conservare lo sciroppo risultante per circa tre mesi se usi due parti di zucchero e una parte di acqua. Anche se non si conserva cos\u00ec a lungo, si pu\u00f2 anche fare uno sciroppo 1:1.<\/p>\n<p>Dovrebbe esserci un qualche tipo di prodotto grezzo di THC decarbossilato (fioritura, potatura, frullato, hashish, olio, rottura, cera), ma pu\u00f2 essere utilizzato qualsiasi cosa.<\/p>\n<h3>DOSAGGIO SCIROPPO THC<\/h3>\n<p>Ogni persona ha una quantit\u00e0 di sciroppo di THC molto diversa. \u00c8 fondamentale prestare attenzione e bilanciare la forza di qualsiasi prodotto contenente THC con la sua potenza. Sciroppo per la tosse ad alta tecnologia in vendita, sciroppo di cannabis ad alta tecnologia, sciroppo per la tosse ad alta tecnologia a basso costo e sciroppo per la tosse ad alta tecnologia online<\/p>\n<p>Gli sciroppi misti di THC fatti in casa hanno lo svantaggio che spesso \u00e8 difficile dire quanto siano concentrati. Se questo ti preoccupa o semplicemente non vuoi dare un'occhiata alle nostre migliori opzioni dal mercato qui sotto per evitare il (piccolo) sforzo di prepararne uno tuo.<\/p>\n<p>Acquista <a href=\"https:\/\/en.wikipedia.org\/wiki\/High_tech\">Hi-Tech<\/a> Sciroppo per la tosse online: Acquista sciroppo per la tosse, Acquista Hi-Tech Cough, acquista sciroppo per la tosse online, Come acquistare Hi-Tech Cough Syrup, Dove acquistarlo, Come acquistarlo online, Come acquistarlo negli USA, Canada e Regno Unito, Come acquistarlo online, Dove acquistarlo, Fornitori, Consegna sicura, Hi-Tech Cough Syrup \u00e8 ancora disponibile. Gli Stati Uniti consentono l'acquisto di Hi-Tech Cough Syrup? Qual \u00e8 la procedura per ordinare Hi-Tech Cough Syrup? In Canada, \u00e8 legale?<\/p>","protected":false},"excerpt":{"rendered":"<p>Purchase of Hi-Tech cough syrup Online Get high-tech cough syrup online for a very affordable price. also purchase cocaine to resell. GHB is among the many drugs and stimulants that we sell. Do you like palatables but think they&#8217;re too slow to get going? Because of its flavor and strength, THC syrup might become your &hellip;<\/p>\n<p class=\"read-more\"> <a class=\"\" href=\"https:\/\/legitgrams.com\/it\/prodotto\/sciroppo-per-la-tosse-hi-tech\/\"> <span class=\"screen-reader-text\">Acquista lo sciroppo per la tosse Hi-Tech online<\/span> Leggi tutto \"<\/a><\/p>","protected":false},"featured_media":5344,"comment_status":"open","ping_status":"closed","template":"","meta":{"_uag_custom_page_level_css":"","site-sidebar-layout":"default","site-content-layout":"default","ast-global-header-display":"","ast-main-header-display":"","ast-hfb-above-header-display":"","ast-hfb-below-header-display":"","ast-hfb-mobile-header-display":"","site-post-title":"","ast-breadcrumbs-content":"","ast-featured-img":"","footer-sml-layout":"","theme-transparent-header-meta":"default","adv-header-id-meta":"","stick-header-meta":"default","header-above-stick-meta":"","header-main-stick-meta":"","header-below-stick-meta":"","_joinchat":[]},"product_brand":[],"product_cat":[603],"product_tag":[2969,2959,617,2951,2966,2950,2953,2954,2961,2952,2962,2964,2971,2972,2970,2967,2963,2958,2956,2968,2965,625,2957,2960,2955],"class_list":{"0":"post-4005","1":"product","2":"type-product","3":"status-publish","4":"has-post-thumbnail","6":"product_cat-cough-syrup","7":"product_tag-best-cheap-price-hi-tech-cough-syrup","8":"product_tag-best-place-to-buy-hi-tech-cough-syrup","9":"product_tag-bulk-online","10":"product_tag-buy-hi-tech-cough-syrup","11":"product_tag-cheap-hi-tech-cough-syrup","12":"product_tag-hi-tech-cough-syrup","13":"product_tag-hi-tech-cough-syrup-for-sale","14":"product_tag-hi-tech-cough-syrup-hi-tech-cough-syrup-supplier","15":"product_tag-hi-tech-cough-syrup-legally","16":"product_tag-hi-tech-cough-syrup-online","17":"product_tag-hi-tech-cough-syrup-price","18":"product_tag-hi-tech-cough-syrup-store","19":"product_tag-hi-tech-cough-syrup-use","20":"product_tag-hi-tech-cough-syrup-wiki","21":"product_tag-hi-tech-cough-syrup-worldwide","22":"product_tag-hi-tech-cough-syrups","23":"product_tag-high-quality-hi-tech-cough-syrup","24":"product_tag-how-to-buy-hi-tech-cough-syrup","25":"product_tag-order-hi-tech-cough-syrup","26":"product_tag-purcharse-hi-tech-cough-syrup","27":"product_tag-shop-hi-tech-cough-syrup","28":"product_tag-top-quality","29":"product_tag-where-to-buy-hi-tech-cough-syrup","30":"product_tag-where-to-order-hi-tech-cough-syrup","31":"product_tag-wholesale-hi-tech-cough-syrup","32":"desktop-align-left","33":"tablet-align-left","34":"mobile-align-left","35":"ast-product-gallery-layout-horizontal","36":"ast-product-gallery-with-no-image","37":"ast-product-single-variable","38":"ast-product-tabs-layout-horizontal","39":"ast-qv-on-image","41":"first","42":"instock","43":"shipping-taxable","44":"purchasable","45":"product-type-variable"},"yoast_head":"<!-- This site is optimized with the Yoast SEO plugin v25.9 - https:\/\/yoast.com\/wordpress\/plugins\/seo\/ -->\n<title>Hi-Tech Cough Syrup for Sale - Buy Hi-Tech Cough Syrup Online<\/title>\n<meta name=\"description\" content=\"Buy Hi-Tech Cough Syruponline from our trusted online store for top-quality products. Get Hi-Tech Cough Syrup for sale easily and securely on our platform for ultimate customer satisfaction. Order Now!\" \/>\n<meta name=\"robots\" content=\"index, follow, max-snippet:-1, max-image-preview:large, max-video-preview:-1\" \/>\n<link rel=\"canonical\" href=\"https:\/\/legitgrams.com\/it\/prodotto\/sciroppo-per-la-tosse-hi-tech\/\" \/>\n<meta property=\"og:locale\" content=\"it_IT\" \/>\n<meta property=\"og:type\" content=\"article\" \/>\n<meta property=\"og:title\" content=\"Hi-Tech Cough Syrup for Sale - Buy Hi-Tech Cough Syrup Online\" \/>\n<meta property=\"og:description\" content=\"Buy Hi-Tech Cough Syruponline from our trusted online store for top-quality products. Get Hi-Tech Cough Syrup for sale easily and securely on our platform for ultimate customer satisfaction. Order Now!\" \/>\n<meta property=\"og:url\" content=\"https:\/\/legitgrams.com\/it\/prodotto\/sciroppo-per-la-tosse-hi-tech\/\" \/>\n<meta property=\"og:site_name\" content=\"Legit Grams\" \/>\n<meta property=\"article:modified_time\" content=\"2025-04-04T07:07:15+00:00\" \/>\n<meta property=\"og:image\" content=\"https:\/\/legitgrams.com\/wp-content\/uploads\/2024\/09\/buy-hi-tech-cough-syrup-online.jpg\" \/>\n\t<meta property=\"og:image:width\" content=\"600\" \/>\n\t<meta property=\"og:image:height\" content=\"600\" \/>\n\t<meta property=\"og:image:type\" content=\"image\/jpeg\" \/>\n<meta name=\"twitter:card\" content=\"summary_large_image\" \/>\n<meta name=\"twitter:label1\" content=\"Tempo di lettura stimato\" \/>\n\t<meta name=\"twitter:data1\" content=\"3 minuti\" \/>\n<script type=\"application\/ld+json\" class=\"yoast-schema-graph\">{\"@context\":\"https:\/\/schema.org\",\"@graph\":[{\"@type\":\"WebPage\",\"@id\":\"https:\/\/legitgrams.com\/product\/hi-tech-cough-syrup\/\",\"url\":\"https:\/\/legitgrams.com\/product\/hi-tech-cough-syrup\/\",\"name\":\"Hi-Tech Cough Syrup for Sale - Buy Hi-Tech Cough Syrup Online\",\"isPartOf\":{\"@id\":\"https:\/\/legitgrams.com\/#website\"},\"primaryImageOfPage\":{\"@id\":\"https:\/\/legitgrams.com\/product\/hi-tech-cough-syrup\/#primaryimage\"},\"image\":{\"@id\":\"https:\/\/legitgrams.com\/product\/hi-tech-cough-syrup\/#primaryimage\"},\"thumbnailUrl\":\"https:\/\/legitgrams.com\/wp-content\/uploads\/2024\/09\/buy-hi-tech-cough-syrup-online.jpg\",\"datePublished\":\"2024-09-21T07:58:51+00:00\",\"dateModified\":\"2025-04-04T07:07:15+00:00\",\"description\":\"Buy Hi-Tech Cough Syruponline from our trusted online store for top-quality products. Get Hi-Tech Cough Syrup for sale easily and securely on our platform for ultimate customer satisfaction. Order Now!\",\"breadcrumb\":{\"@id\":\"https:\/\/legitgrams.com\/product\/hi-tech-cough-syrup\/#breadcrumb\"},\"inLanguage\":\"it-IT\",\"potentialAction\":[{\"@type\":\"ReadAction\",\"target\":[\"https:\/\/legitgrams.com\/product\/hi-tech-cough-syrup\/\"]}]},{\"@type\":\"ImageObject\",\"inLanguage\":\"it-IT\",\"@id\":\"https:\/\/legitgrams.com\/product\/hi-tech-cough-syrup\/#primaryimage\",\"url\":\"https:\/\/legitgrams.com\/wp-content\/uploads\/2024\/09\/buy-hi-tech-cough-syrup-online.jpg\",\"contentUrl\":\"https:\/\/legitgrams.com\/wp-content\/uploads\/2024\/09\/buy-hi-tech-cough-syrup-online.jpg\",\"width\":600,\"height\":600,\"caption\":\"Hi-Tech Cough Syrup for Sale\"},{\"@type\":\"BreadcrumbList\",\"@id\":\"https:\/\/legitgrams.com\/product\/hi-tech-cough-syrup\/#breadcrumb\",\"itemListElement\":[{\"@type\":\"ListItem\",\"position\":1,\"name\":\"Home\",\"item\":\"https:\/\/legitgrams.com\/\"},{\"@type\":\"ListItem\",\"position\":2,\"name\":\"Shop\",\"item\":\"https:\/\/legitgrams.com\/shop\/\"},{\"@type\":\"ListItem\",\"position\":3,\"name\":\"Buy Hi-Tech cough syrup Online\"}]},{\"@type\":\"WebSite\",\"@id\":\"https:\/\/legitgrams.com\/#website\",\"url\":\"https:\/\/legitgrams.com\/\",\"name\":\"Legit Grams\",\"description\":\"My WordPress Blog\",\"publisher\":{\"@id\":\"https:\/\/legitgrams.com\/#organization\"},\"potentialAction\":[{\"@type\":\"SearchAction\",\"target\":{\"@type\":\"EntryPoint\",\"urlTemplate\":\"https:\/\/legitgrams.com\/?s={search_term_string}\"},\"query-input\":{\"@type\":\"PropertyValueSpecification\",\"valueRequired\":true,\"valueName\":\"search_term_string\"}}],\"inLanguage\":\"it-IT\"},{\"@type\":\"Organization\",\"@id\":\"https:\/\/legitgrams.com\/#organization\",\"name\":\"Legit Grams\",\"url\":\"https:\/\/legitgrams.com\/\",\"logo\":{\"@type\":\"ImageObject\",\"inLanguage\":\"it-IT\",\"@id\":\"https:\/\/legitgrams.com\/#\/schema\/logo\/image\/\",\"url\":\"https:\/\/legitgrams.com\/wp-content\/uploads\/2024\/09\/main-logo.png\",\"contentUrl\":\"https:\/\/legitgrams.com\/wp-content\/uploads\/2024\/09\/main-logo.png\",\"width\":270,\"height\":75,\"caption\":\"Legit Grams\"},\"image\":{\"@id\":\"https:\/\/legitgrams.com\/#\/schema\/logo\/image\/\"}}]}<\/script>\n<!-- \/ Yoast SEO plugin. -->","yoast_head_json":{"title":"Sciroppo per la tosse Hi-Tech in vendita - Acquista Sciroppo per la tosse Hi-Tech online","description":"Acquistate Hi-Tech Cough Syrurupponline dal nostro negozio online di fiducia per prodotti di alta qualit\u00e0. Ottenere Hi-Tech sciroppo per la tosse in vendita facilmente e in modo sicuro sulla nostra piattaforma per la soddisfazione del cliente finale. Ordinate ora!","robots":{"index":"index","follow":"follow","max-snippet":"max-snippet:-1","max-image-preview":"max-image-preview:large","max-video-preview":"max-video-preview:-1"},"canonical":"https:\/\/legitgrams.com\/it\/prodotto\/sciroppo-per-la-tosse-hi-tech\/","og_locale":"it_IT","og_type":"article","og_title":"Hi-Tech Cough Syrup for Sale - Buy Hi-Tech Cough Syrup Online","og_description":"Buy Hi-Tech Cough Syruponline from our trusted online store for top-quality products. Get Hi-Tech Cough Syrup for sale easily and securely on our platform for ultimate customer satisfaction. Order Now!","og_url":"https:\/\/legitgrams.com\/it\/prodotto\/sciroppo-per-la-tosse-hi-tech\/","og_site_name":"Legit Grams","article_modified_time":"2025-04-04T07:07:15+00:00","og_image":[{"width":600,"height":600,"url":"https:\/\/legitgrams.com\/wp-content\/uploads\/2024\/09\/buy-hi-tech-cough-syrup-online.jpg","type":"image\/jpeg"}],"twitter_card":"summary_large_image","twitter_misc":{"Tempo di lettura stimato":"3 minuti"},"schema":{"@context":"https:\/\/schema.org","@graph":[{"@type":"WebPage","@id":"https:\/\/legitgrams.com\/product\/hi-tech-cough-syrup\/","url":"https:\/\/legitgrams.com\/product\/hi-tech-cough-syrup\/","name":"Sciroppo per la tosse Hi-Tech in vendita - Acquista Sciroppo per la tosse Hi-Tech online","isPartOf":{"@id":"https:\/\/legitgrams.com\/#website"},"primaryImageOfPage":{"@id":"https:\/\/legitgrams.com\/product\/hi-tech-cough-syrup\/#primaryimage"},"image":{"@id":"https:\/\/legitgrams.com\/product\/hi-tech-cough-syrup\/#primaryimage"},"thumbnailUrl":"https:\/\/legitgrams.com\/wp-content\/uploads\/2024\/09\/buy-hi-tech-cough-syrup-online.jpg","datePublished":"2024-09-21T07:58:51+00:00","dateModified":"2025-04-04T07:07:15+00:00","description":"Acquistate Hi-Tech Cough Syrurupponline dal nostro negozio online di fiducia per prodotti di alta qualit\u00e0. Ottenere Hi-Tech sciroppo per la tosse in vendita facilmente e in modo sicuro sulla nostra piattaforma per la soddisfazione del cliente finale. Ordinate ora!","breadcrumb":{"@id":"https:\/\/legitgrams.com\/product\/hi-tech-cough-syrup\/#breadcrumb"},"inLanguage":"it-IT","potentialAction":[{"@type":"ReadAction","target":["https:\/\/legitgrams.com\/product\/hi-tech-cough-syrup\/"]}]},{"@type":"ImageObject","inLanguage":"it-IT","@id":"https:\/\/legitgrams.com\/product\/hi-tech-cough-syrup\/#primaryimage","url":"https:\/\/legitgrams.com\/wp-content\/uploads\/2024\/09\/buy-hi-tech-cough-syrup-online.jpg","contentUrl":"https:\/\/legitgrams.com\/wp-content\/uploads\/2024\/09\/buy-hi-tech-cough-syrup-online.jpg","width":600,"height":600,"caption":"Hi-Tech Cough Syrup for Sale"},{"@type":"BreadcrumbList","@id":"https:\/\/legitgrams.com\/product\/hi-tech-cough-syrup\/#breadcrumb","itemListElement":[{"@type":"ListItem","position":1,"name":"Home","item":"https:\/\/legitgrams.com\/"},{"@type":"ListItem","position":2,"name":"Shop","item":"https:\/\/legitgrams.com\/shop\/"},{"@type":"ListItem","position":3,"name":"Buy Hi-Tech cough syrup Online"}]},{"@type":"WebSite","@id":"https:\/\/legitgrams.com\/#website","url":"https:\/\/legitgrams.com\/","name":"Grammi legittimi","description":"Il mio blog WordPress","publisher":{"@id":"https:\/\/legitgrams.com\/#organization"},"potentialAction":[{"@type":"SearchAction","target":{"@type":"EntryPoint","urlTemplate":"https:\/\/legitgrams.com\/?s={search_term_string}"},"query-input":{"@type":"PropertyValueSpecification","valueRequired":true,"valueName":"search_term_string"}}],"inLanguage":"it-IT"},{"@type":"Organization","@id":"https:\/\/legitgrams.com\/#organization","name":"Grammi legittimi","url":"https:\/\/legitgrams.com\/","logo":{"@type":"ImageObject","inLanguage":"it-IT","@id":"https:\/\/legitgrams.com\/#\/schema\/logo\/image\/","url":"https:\/\/legitgrams.com\/wp-content\/uploads\/2024\/09\/main-logo.png","contentUrl":"https:\/\/legitgrams.com\/wp-content\/uploads\/2024\/09\/main-logo.png","width":270,"height":75,"caption":"Legit Grams"},"image":{"@id":"https:\/\/legitgrams.com\/#\/schema\/logo\/image\/"}}]}},"uagb_featured_image_src":{"full":["https:\/\/legitgrams.com\/wp-content\/uploads\/2024\/09\/buy-hi-tech-cough-syrup-online.jpg",600,600,false],"thumbnail":["https:\/\/legitgrams.com\/wp-content\/uploads\/2024\/09\/buy-hi-tech-cough-syrup-online-150x150.jpg",150,150,true],"medium":["https:\/\/legitgrams.com\/wp-content\/uploads\/2024\/09\/buy-hi-tech-cough-syrup-online-300x300.jpg",300,300,true],"medium_large":["https:\/\/legitgrams.com\/wp-content\/uploads\/2024\/09\/buy-hi-tech-cough-syrup-online.jpg",600,600,false],"large":["https:\/\/legitgrams.com\/wp-content\/uploads\/2024\/09\/buy-hi-tech-cough-syrup-online.jpg",600,600,false],"1536x1536":["https:\/\/legitgrams.com\/wp-content\/uploads\/2024\/09\/buy-hi-tech-cough-syrup-online.jpg",600,600,false],"2048x2048":["https:\/\/legitgrams.com\/wp-content\/uploads\/2024\/09\/buy-hi-tech-cough-syrup-online.jpg",600,600,false],"trp-custom-language-flag":["https:\/\/legitgrams.com\/wp-content\/uploads\/2024\/09\/buy-hi-tech-cough-syrup-online-12x12.jpg",12,12,true],"woocommerce_thumbnail":["https:\/\/legitgrams.com\/wp-content\/uploads\/2024\/09\/buy-hi-tech-cough-syrup-online-300x300.jpg",300,300,true],"woocommerce_single":["https:\/\/legitgrams.com\/wp-content\/uploads\/2024\/09\/buy-hi-tech-cough-syrup-online.jpg",600,600,false],"woocommerce_gallery_thumbnail":["https:\/\/legitgrams.com\/wp-content\/uploads\/2024\/09\/buy-hi-tech-cough-syrup-online-100x100.jpg",100,100,true]},"uagb_author_info":{"display_name":"cokeblog18","author_link":"https:\/\/legitgrams.com\/it\/author\/"},"uagb_comment_info":0,"uagb_excerpt":"Purchase of Hi-Tech cough syrup Online Get high-tech cough syrup online for a very affordable price. also purchase cocaine to resell. GHB is among the many drugs and stimulants that we sell. Do you like palatables but think they&#8217;re too slow to get going? Because of its flavor and strength, THC syrup might become your&hellip;","_links":{"self":[{"href":"https:\/\/legitgrams.com\/it\/wp-json\/wp\/v2\/product\/4005","targetHints":{"allow":["GET"]}}],"collection":[{"href":"https:\/\/legitgrams.com\/it\/wp-json\/wp\/v2\/product"}],"about":[{"href":"https:\/\/legitgrams.com\/it\/wp-json\/wp\/v2\/types\/product"}],"replies":[{"embeddable":true,"href":"https:\/\/legitgrams.com\/it\/wp-json\/wp\/v2\/comments?post=4005"}],"wp:featuredmedia":[{"embeddable":true,"href":"https:\/\/legitgrams.com\/it\/wp-json\/wp\/v2\/media\/5344"}],"wp:attachment":[{"href":"https:\/\/legitgrams.com\/it\/wp-json\/wp\/v2\/media?parent=4005"}],"wp:term":[{"taxonomy":"product_brand","embeddable":true,"href":"https:\/\/legitgrams.com\/it\/wp-json\/wp\/v2\/product_brand?post=4005"},{"taxonomy":"product_cat","embeddable":true,"href":"https:\/\/legitgrams.com\/it\/wp-json\/wp\/v2\/product_cat?post=4005"},{"taxonomy":"product_tag","embeddable":true,"href":"https:\/\/legitgrams.com\/it\/wp-json\/wp\/v2\/product_tag?post=4005"}],"curies":[{"name":"wp","href":"https:\/\/api.w.org\/{rel}","templated":true}]}}