{"id":4013,"date":"2024-09-21T08:38:10","date_gmt":"2024-09-21T08:38:10","guid":{"rendered":"https:\/\/legitgrams.com\/?post_type=product&#038;p=4013"},"modified":"2025-01-14T10:17:54","modified_gmt":"2025-01-14T10:17:54","slug":"hashish-nederhash","status":"publish","type":"product","link":"https:\/\/legitgrams.com\/it\/prodotto\/hashish-nederhash\/","title":{"rendered":"Nederhash Hashish"},"content":{"rendered":"<h2>Acquisto online di hashish Nederhash<\/h2>\n<p>Cos'\u00e8 un hashish? I Paesi Bassi sono il luogo in cui vengono coltivate le piante di cannabis utilizzate per produrre l'hashish. Ci sono alcuni piccoli progressi all'aperto e in serra, ma la maggior parte dello sviluppo delle piante avviene al chiuso. Generazione: il modo di assemblaggio varia a seconda del produttore. Simile al Marocco, la setacciatura fornisce la maggior parte dell'hashish; tuttavia, c'\u00e8 anche una piccola quantit\u00e0 di hashish strofinato a mano generato utilizzando l'approccio afghano, che \u00e8 chiaramente molto migliorato. In ogni caso, l'hashish contiene solo una piccolissima porzione della cannabis originale. Sfumatura: solitamente un po' verde, anche se questo varia in base al progettista e al tipo di cannabis utilizzato. Odore: a seconda del tipo di erba, pu\u00f2 essere leggermente erbaceo o simile allo skunk. Gusto: simile a quanto gi\u00e0 spiegato. Consistenza: l'hashish olandese non viene sempre pressato esattamente. In generale, i musi si spaccano troppo facilmente, e questo \u00e8 un lavoro artigianale. In ogni caso, tendono ad adattarsi rapidamente e la consistenza \u00e8 recentemente migliorata. L'hashish raschiato a mano, che \u00e8 molto pi\u00f9 delicato dell'Afghani, ovviamente non \u00e8 menzionato in quanto sopra. Di solito, l'hashish \u00e8 solo le teste femminili schiacciate e frantumate sotto grandi pesi, con conseguente grave irregolarit\u00e0 che si polverizza quasi completamente. Impatto: il tipo di sballo generato varia a seconda del ceppo di cannabis utilizzato, ma in generale \u00e8 piuttosto intellettuale ed energizzante. Intensit\u00e0: questo materiale \u00e8 incredibilmente potente e funziona meglio di qualsiasi altro tipo di hashish che l'utente tipico potrebbe utilizzare. Funziona persino meglio di quasi tutti gli Afghani decenti e della maggior parte dei Nepalesi (THC fino al 59%). Disponibilit\u00e0: molto raro al di fuori dei Paesi Bassi e delle nazioni vicine. Non credo che ci siano molte possibilit\u00e0 che questo prodotto raggiunga mai il mercato britannico. Altro: in ogni caso, il costo \u00e8 sempre elevato e ci sono variazioni nella qualit\u00e0. Non esiste una categoria definita per l'Hashing olandese. Sensi-Hash, l'incredibile polvere, \u00e8 fondamentalmente cristalli di THC stipati strettamente insieme.<\/p>\n<h3>Come sono fatti gli hash?<\/h3>\n<p>La maggior parte delle variet\u00e0 di hashish viene creata strofinando le piante essiccate contro una rete molto sottile. Dopo il passaggio attraverso il setaccio, i tricomi vengono separati dal materiale vegetale. Dopo essere state raccolte, le ghiandole di resina vengono compresse e riscaldate per creare una massa coesiva di <a href=\"https:\/\/en.wikipedia.org\/wiki\/Hashish\">hashish<\/a>.<\/p>\n<h3>Erba o hashish?<\/h3>\n<p>Innanzitutto, discutiamo dell'ovvia somiglianza tra hashish e marijuana: entrambi derivano dalle stesse piante di cannabis. Come sicuramente saprete, l'erba \u00e8 il germoglio di fioritura della pianta di cannabis femmina. Le stesse cime vengono utilizzate per l'hashish, ma vengono trattate in modo diverso. Quando una pianta di cannabis \u00e8 in piena fioritura, le cime fiorite vengono raccolte e il coltivatore procede in due modi. Nel caso della droga hashish, i boccioli vengono appesi a essiccare. Il risultato finale \u00e8 la pianta che tutti conosciamo: dopo che si \u00e8 completamente essiccata, vengono rimossi tutti i semi, le molle e le foglie in pi\u00f9. Decidete voi che cosa. Potete avere una preferenza per l'hashish o la marijuana, ma l'unico modo per trarre pieno beneficio dalla cannabis \u00e8 quello di istruirsi su di essa. Prima di accenderla, fate i vostri compiti e, come sempre, iscrivetevi per ricevere altri consigli!<\/p>\n<h3>Che cos'\u00e8 l'hashish?<\/h3>\n<p>Che cos'\u00e8 la droga Hashish? L'hashish, comunemente chiamato \"hashish\", \u00e8 un fiore di cannabis creato dalla lavorazione e dalla compressione dei tricomi della pianta di cannabis. Viene fumato, di solito tramite pipa, bong, vaporizzatore o spinello, ma pu\u00f2 anche essere ingerito. Come si produce l'hashish? Questi tricomi vengono estratti dalle cime, dalle foglie e dagli steli della pianta e riscaldati o compressi per produrre l'hashish, che \u00e8 una sostanza potente.<\/p>\n<h3>Come si fuma l'hashish in uno spinello?<\/h3>\n<p>Combinatelo con tabacco e cannabis in uno spliff. Se avete un blocco secco, non dovete fare altro che schiacciarlo o rompere dei sassolini e aggiungerli allo spinello quando lo rollate. Combinatelo con la marijuana o usatelo con il tabacco. Se siete amanti dell'avventura, vorrete senza dubbio provare lo sballo pi\u00f9 forte che suggerisce il secondo approccio. L'approccio migliore per rollare uno spinello di hashish \u00e8 quello di spezzettare l'hashish e combinarlo con un po' di cannabis. Poich\u00e9 \u00e8 semplice da condividere e il sapore dell'hashish esalta perfettamente la canna, questo \u00e8 il modo migliore per fumare hashish. \u00c8 legale fumare hashish? Il 1989 ha visto il divieto di vendita, ma le leggi sono raramente imposte e la marijuana \u00e8 liberamente commercializzata in molte regioni della nazione. Barbados, permessa per l'uso pio da parte degli autorizzati<\/p>\n<h3>Effetti dell'hashish?<\/h3>\n<p>L'uso di hashish pu\u00f2 causare una serie di effetti collaterali a breve termine, come alterazione della memoria e dell'apprendimento, alterazione della percezione del tempo, dello spazio e del tatto, difficolt\u00e0 a pensare chiaramente e a risolvere i problemi, perdita di coordinazione, aumento della frequenza cardiaca, ansia e attacchi di panico. Poich\u00e9 l'hashish e altri concentrati contengono un'elevata quantit\u00e0 di THC, gli effetti potrebbero essere pi\u00f9 potenti. <a href=\"https:\/\/legitgrams.com\/it\/\">LegitGrams<\/a><\/p>\n<p>Il bubble hash \u00e8 un prodotto concentrato di cannabis ottenuto da milioni di tricomi, o ghiandole appiccicose, che vengono rimossi dalla pianta mediante agitazione, setacciatura e congelamento dell'acqua. Il modo in cui il bubble hashish bolle quando entra in contatto con le fiamme \u00e8 il motivo del suo nome. Per prepararlo a casa, i sacchetti vengono anche chiamati \"bubble bags\".<\/p>\n<p>La variet\u00e0 classica Hash Plant di Sensi Seeds mantiene le sue dimensioni compatte durante il suo periodo di fioritura eccezionalmente breve. Un'attenta selezione genetica ha prodotto questa India 90%, che corrisponde all'enigmatica Northern Lights Hash Plant originale degli Stati Uniti.<\/p>\n<p>Acquisto <a href=\"https:\/\/legitgrams.com\/it\/prodotto\/hashish-nederhash\/\">Nederhash Hashish<\/a> Online - Acquistare hashish, acquistare hashish, acquistare hashish online, dove acquistare hashish, dove acquistare hashish online, dove acquistare hashish online, acquistare hashish online, fornitori, consegna sicura, USA, Canada, Regno Unito, l'hashish Nederhash \u00e8 ancora disponibile; \u00e8 legale negli Stati Uniti; \u00e8 possibile ottenerlo online; \u00e8 possibile acquistare hashish Nederhash; ed \u00e8 legale in Canada.<\/p>","protected":false},"excerpt":{"rendered":"<p>Nederhash Hashish Online Purchase What is a hash? The Netherlands is where the cannabis plants used to make the hash are cultivated. There are a few tiny outdoor and greenhouse advancements, but the majority of plant development takes place indoors. Generation: The manner of assembling differs depending on the manufacturer. Similar to Morocco, screening provides &hellip;<\/p>\n<p class=\"read-more\"> <a class=\"\" href=\"https:\/\/legitgrams.com\/it\/prodotto\/hashish-nederhash\/\"> <span class=\"screen-reader-text\">Nederhash Hashish<\/span> Leggi tutto \"<\/a><\/p>","protected":false},"featured_media":5384,"comment_status":"open","ping_status":"closed","template":"","meta":{"_uag_custom_page_level_css":"","site-sidebar-layout":"default","site-content-layout":"default","ast-global-header-display":"","ast-main-header-display":"","ast-hfb-above-header-display":"","ast-hfb-below-header-display":"","ast-hfb-mobile-header-display":"","site-post-title":"","ast-breadcrumbs-content":"","ast-featured-img":"","footer-sml-layout":"","theme-transparent-header-meta":"default","adv-header-id-meta":"","stick-header-meta":"default","header-above-stick-meta":"","header-main-stick-meta":"","header-below-stick-meta":"","_joinchat":[]},"product_brand":[],"product_cat":[605],"product_tag":[2785,2775,617,2767,2782,2779,2774,2766,2769,2777,2770,2768,2778,2780,2787,2788,2786,2783,2772,2784,2781,625,2773,2776,2771],"class_list":{"0":"post-4013","1":"product","2":"type-product","3":"status-publish","4":"has-post-thumbnail","6":"product_cat-hash-hashish","7":"product_tag-best-cheap-price-nederhash-hashish","8":"product_tag-best-place-to-buy-nederhash-hashish","9":"product_tag-bulk-online","10":"product_tag-buy-nederhash-hashish","11":"product_tag-cheap-nederhash-hashish","12":"product_tag-high-quality-nederhash-hashish","13":"product_tag-how-to-buy-nederhash-hashish","14":"product_tag-nederhash-hashish","15":"product_tag-nederhash-hashish-for-sale","16":"product_tag-nederhash-hashish-legally","17":"product_tag-nederhash-hashish-nederhash-hashish-supplier","18":"product_tag-nederhash-hashish-online","19":"product_tag-nederhash-hashish-price","20":"product_tag-nederhash-hashish-store","21":"product_tag-nederhash-hashish-use","22":"product_tag-nederhash-hashish-wiki","23":"product_tag-nederhash-hashish-worldwide","24":"product_tag-nederhash-hashishs","25":"product_tag-order-nederhash-hashish","26":"product_tag-purcharse-nederhash-hashish","27":"product_tag-shop-nederhash-hashish","28":"product_tag-top-quality","29":"product_tag-where-to-buy-nederhash-hashish","30":"product_tag-where-to-order-nederhash-hashish","31":"product_tag-wholesale-nederhash-hashish","32":"desktop-align-left","33":"tablet-align-left","34":"mobile-align-left","35":"ast-product-gallery-layout-horizontal","36":"ast-product-gallery-with-no-image","37":"ast-product-single-variable","38":"ast-product-tabs-layout-horizontal","39":"ast-qv-on-image","41":"first","42":"instock","43":"shipping-taxable","44":"purchasable","45":"product-type-variable"},"yoast_head":"<!-- This site is optimized with the Yoast SEO plugin v25.9 - https:\/\/yoast.com\/wordpress\/plugins\/seo\/ -->\n<title>Nederhash Hashish for Sale - Buy Nederhash Hashish Online<\/title>\n<meta name=\"description\" content=\"Discover top-notch Nederhash Hashish for sale at our online store - buy Nederhash Hashish conveniently and securely to fuel your research. Explore and buy Nederhash Hashish online, advancing your scientific endeavors with ease. Order Now!\" \/>\n<meta name=\"robots\" content=\"index, follow, max-snippet:-1, max-image-preview:large, max-video-preview:-1\" \/>\n<link rel=\"canonical\" href=\"https:\/\/legitgrams.com\/it\/prodotto\/hashish-nederhash\/\" \/>\n<meta property=\"og:locale\" content=\"it_IT\" \/>\n<meta property=\"og:type\" content=\"article\" \/>\n<meta property=\"og:title\" content=\"Nederhash Hashish for Sale - Buy Nederhash Hashish Online\" \/>\n<meta property=\"og:description\" content=\"Discover top-notch Nederhash Hashish for sale at our online store - buy Nederhash Hashish conveniently and securely to fuel your research. Explore and buy Nederhash Hashish online, advancing your scientific endeavors with ease. Order Now!\" \/>\n<meta property=\"og:url\" content=\"https:\/\/legitgrams.com\/it\/prodotto\/hashish-nederhash\/\" \/>\n<meta property=\"og:site_name\" content=\"Legit Grams\" \/>\n<meta property=\"article:modified_time\" content=\"2025-01-14T10:17:54+00:00\" \/>\n<meta property=\"og:image\" content=\"https:\/\/legitgrams.com\/wp-content\/uploads\/2024\/09\/Buy-Nederhash-Hashish-Online.jpg\" \/>\n\t<meta property=\"og:image:width\" content=\"600\" \/>\n\t<meta property=\"og:image:height\" content=\"600\" \/>\n\t<meta property=\"og:image:type\" content=\"image\/jpeg\" \/>\n<meta name=\"twitter:card\" content=\"summary_large_image\" \/>\n<meta name=\"twitter:label1\" content=\"Tempo di lettura stimato\" \/>\n\t<meta name=\"twitter:data1\" content=\"5 minuti\" \/>\n<script type=\"application\/ld+json\" class=\"yoast-schema-graph\">{\"@context\":\"https:\/\/schema.org\",\"@graph\":[{\"@type\":\"WebPage\",\"@id\":\"https:\/\/legitgrams.com\/product\/nederhash-hashish\/\",\"url\":\"https:\/\/legitgrams.com\/product\/nederhash-hashish\/\",\"name\":\"Nederhash Hashish for Sale - Buy Nederhash Hashish Online\",\"isPartOf\":{\"@id\":\"https:\/\/legitgrams.com\/#website\"},\"primaryImageOfPage\":{\"@id\":\"https:\/\/legitgrams.com\/product\/nederhash-hashish\/#primaryimage\"},\"image\":{\"@id\":\"https:\/\/legitgrams.com\/product\/nederhash-hashish\/#primaryimage\"},\"thumbnailUrl\":\"https:\/\/legitgrams.com\/wp-content\/uploads\/2024\/09\/Buy-Nederhash-Hashish-Online.jpg\",\"datePublished\":\"2024-09-21T08:38:10+00:00\",\"dateModified\":\"2025-01-14T10:17:54+00:00\",\"description\":\"Discover top-notch Nederhash Hashish for sale at our online store - buy Nederhash Hashish conveniently and securely to fuel your research. Explore and buy Nederhash Hashish online, advancing your scientific endeavors with ease. Order Now!\",\"breadcrumb\":{\"@id\":\"https:\/\/legitgrams.com\/product\/nederhash-hashish\/#breadcrumb\"},\"inLanguage\":\"it-IT\",\"potentialAction\":[{\"@type\":\"ReadAction\",\"target\":[\"https:\/\/legitgrams.com\/product\/nederhash-hashish\/\"]}]},{\"@type\":\"ImageObject\",\"inLanguage\":\"it-IT\",\"@id\":\"https:\/\/legitgrams.com\/product\/nederhash-hashish\/#primaryimage\",\"url\":\"https:\/\/legitgrams.com\/wp-content\/uploads\/2024\/09\/Buy-Nederhash-Hashish-Online.jpg\",\"contentUrl\":\"https:\/\/legitgrams.com\/wp-content\/uploads\/2024\/09\/Buy-Nederhash-Hashish-Online.jpg\",\"width\":600,\"height\":600,\"caption\":\"Nederhash Hashish for Sale\"},{\"@type\":\"BreadcrumbList\",\"@id\":\"https:\/\/legitgrams.com\/product\/nederhash-hashish\/#breadcrumb\",\"itemListElement\":[{\"@type\":\"ListItem\",\"position\":1,\"name\":\"Home\",\"item\":\"https:\/\/legitgrams.com\/\"},{\"@type\":\"ListItem\",\"position\":2,\"name\":\"Shop\",\"item\":\"https:\/\/legitgrams.com\/shop\/\"},{\"@type\":\"ListItem\",\"position\":3,\"name\":\"Nederhash Hashish\"}]},{\"@type\":\"WebSite\",\"@id\":\"https:\/\/legitgrams.com\/#website\",\"url\":\"https:\/\/legitgrams.com\/\",\"name\":\"Legit Grams\",\"description\":\"My WordPress Blog\",\"publisher\":{\"@id\":\"https:\/\/legitgrams.com\/#organization\"},\"potentialAction\":[{\"@type\":\"SearchAction\",\"target\":{\"@type\":\"EntryPoint\",\"urlTemplate\":\"https:\/\/legitgrams.com\/?s={search_term_string}\"},\"query-input\":{\"@type\":\"PropertyValueSpecification\",\"valueRequired\":true,\"valueName\":\"search_term_string\"}}],\"inLanguage\":\"it-IT\"},{\"@type\":\"Organization\",\"@id\":\"https:\/\/legitgrams.com\/#organization\",\"name\":\"Legit Grams\",\"url\":\"https:\/\/legitgrams.com\/\",\"logo\":{\"@type\":\"ImageObject\",\"inLanguage\":\"it-IT\",\"@id\":\"https:\/\/legitgrams.com\/#\/schema\/logo\/image\/\",\"url\":\"https:\/\/legitgrams.com\/wp-content\/uploads\/2024\/09\/main-logo.png\",\"contentUrl\":\"https:\/\/legitgrams.com\/wp-content\/uploads\/2024\/09\/main-logo.png\",\"width\":270,\"height\":75,\"caption\":\"Legit Grams\"},\"image\":{\"@id\":\"https:\/\/legitgrams.com\/#\/schema\/logo\/image\/\"}}]}<\/script>\n<!-- \/ Yoast SEO plugin. -->","yoast_head_json":{"title":"Nederhash Hashish in vendita - Acquista Nederhash Hashish online","description":"Scoprite l'Hashish Nederhash di prima qualit\u00e0 in vendita nel nostro negozio online - acquistate l'Hashish Nederhash in modo comodo e sicuro per alimentare la vostra ricerca. Esplorate e comprate l'Hashish Nederhash online, facendo progredire i vostri sforzi scientifici con facilit\u00e0. Ordinate ora!","robots":{"index":"index","follow":"follow","max-snippet":"max-snippet:-1","max-image-preview":"max-image-preview:large","max-video-preview":"max-video-preview:-1"},"canonical":"https:\/\/legitgrams.com\/it\/prodotto\/hashish-nederhash\/","og_locale":"it_IT","og_type":"article","og_title":"Nederhash Hashish for Sale - Buy Nederhash Hashish Online","og_description":"Discover top-notch Nederhash Hashish for sale at our online store - buy Nederhash Hashish conveniently and securely to fuel your research. Explore and buy Nederhash Hashish online, advancing your scientific endeavors with ease. Order Now!","og_url":"https:\/\/legitgrams.com\/it\/prodotto\/hashish-nederhash\/","og_site_name":"Legit Grams","article_modified_time":"2025-01-14T10:17:54+00:00","og_image":[{"width":600,"height":600,"url":"https:\/\/legitgrams.com\/wp-content\/uploads\/2024\/09\/Buy-Nederhash-Hashish-Online.jpg","type":"image\/jpeg"}],"twitter_card":"summary_large_image","twitter_misc":{"Tempo di lettura stimato":"5 minuti"},"schema":{"@context":"https:\/\/schema.org","@graph":[{"@type":"WebPage","@id":"https:\/\/legitgrams.com\/product\/nederhash-hashish\/","url":"https:\/\/legitgrams.com\/product\/nederhash-hashish\/","name":"Nederhash Hashish in vendita - Acquista Nederhash Hashish online","isPartOf":{"@id":"https:\/\/legitgrams.com\/#website"},"primaryImageOfPage":{"@id":"https:\/\/legitgrams.com\/product\/nederhash-hashish\/#primaryimage"},"image":{"@id":"https:\/\/legitgrams.com\/product\/nederhash-hashish\/#primaryimage"},"thumbnailUrl":"https:\/\/legitgrams.com\/wp-content\/uploads\/2024\/09\/Buy-Nederhash-Hashish-Online.jpg","datePublished":"2024-09-21T08:38:10+00:00","dateModified":"2025-01-14T10:17:54+00:00","description":"Scoprite l'Hashish Nederhash di prima qualit\u00e0 in vendita nel nostro negozio online - acquistate l'Hashish Nederhash in modo comodo e sicuro per alimentare la vostra ricerca. Esplorate e comprate l'Hashish Nederhash online, facendo progredire i vostri sforzi scientifici con facilit\u00e0. Ordinate ora!","breadcrumb":{"@id":"https:\/\/legitgrams.com\/product\/nederhash-hashish\/#breadcrumb"},"inLanguage":"it-IT","potentialAction":[{"@type":"ReadAction","target":["https:\/\/legitgrams.com\/product\/nederhash-hashish\/"]}]},{"@type":"ImageObject","inLanguage":"it-IT","@id":"https:\/\/legitgrams.com\/product\/nederhash-hashish\/#primaryimage","url":"https:\/\/legitgrams.com\/wp-content\/uploads\/2024\/09\/Buy-Nederhash-Hashish-Online.jpg","contentUrl":"https:\/\/legitgrams.com\/wp-content\/uploads\/2024\/09\/Buy-Nederhash-Hashish-Online.jpg","width":600,"height":600,"caption":"Nederhash Hashish for Sale"},{"@type":"BreadcrumbList","@id":"https:\/\/legitgrams.com\/product\/nederhash-hashish\/#breadcrumb","itemListElement":[{"@type":"ListItem","position":1,"name":"Home","item":"https:\/\/legitgrams.com\/"},{"@type":"ListItem","position":2,"name":"Shop","item":"https:\/\/legitgrams.com\/shop\/"},{"@type":"ListItem","position":3,"name":"Nederhash Hashish"}]},{"@type":"WebSite","@id":"https:\/\/legitgrams.com\/#website","url":"https:\/\/legitgrams.com\/","name":"Grammi legittimi","description":"Il mio blog WordPress","publisher":{"@id":"https:\/\/legitgrams.com\/#organization"},"potentialAction":[{"@type":"SearchAction","target":{"@type":"EntryPoint","urlTemplate":"https:\/\/legitgrams.com\/?s={search_term_string}"},"query-input":{"@type":"PropertyValueSpecification","valueRequired":true,"valueName":"search_term_string"}}],"inLanguage":"it-IT"},{"@type":"Organization","@id":"https:\/\/legitgrams.com\/#organization","name":"Grammi legittimi","url":"https:\/\/legitgrams.com\/","logo":{"@type":"ImageObject","inLanguage":"it-IT","@id":"https:\/\/legitgrams.com\/#\/schema\/logo\/image\/","url":"https:\/\/legitgrams.com\/wp-content\/uploads\/2024\/09\/main-logo.png","contentUrl":"https:\/\/legitgrams.com\/wp-content\/uploads\/2024\/09\/main-logo.png","width":270,"height":75,"caption":"Legit Grams"},"image":{"@id":"https:\/\/legitgrams.com\/#\/schema\/logo\/image\/"}}]}},"uagb_featured_image_src":{"full":["https:\/\/legitgrams.com\/wp-content\/uploads\/2024\/09\/Buy-Nederhash-Hashish-Online.jpg",600,600,false],"thumbnail":["https:\/\/legitgrams.com\/wp-content\/uploads\/2024\/09\/Buy-Nederhash-Hashish-Online-150x150.jpg",150,150,true],"medium":["https:\/\/legitgrams.com\/wp-content\/uploads\/2024\/09\/Buy-Nederhash-Hashish-Online-300x300.jpg",300,300,true],"medium_large":["https:\/\/legitgrams.com\/wp-content\/uploads\/2024\/09\/Buy-Nederhash-Hashish-Online.jpg",600,600,false],"large":["https:\/\/legitgrams.com\/wp-content\/uploads\/2024\/09\/Buy-Nederhash-Hashish-Online.jpg",600,600,false],"1536x1536":["https:\/\/legitgrams.com\/wp-content\/uploads\/2024\/09\/Buy-Nederhash-Hashish-Online.jpg",600,600,false],"2048x2048":["https:\/\/legitgrams.com\/wp-content\/uploads\/2024\/09\/Buy-Nederhash-Hashish-Online.jpg",600,600,false],"trp-custom-language-flag":["https:\/\/legitgrams.com\/wp-content\/uploads\/2024\/09\/Buy-Nederhash-Hashish-Online-12x12.jpg",12,12,true],"woocommerce_thumbnail":["https:\/\/legitgrams.com\/wp-content\/uploads\/2024\/09\/Buy-Nederhash-Hashish-Online-300x300.jpg",300,300,true],"woocommerce_single":["https:\/\/legitgrams.com\/wp-content\/uploads\/2024\/09\/Buy-Nederhash-Hashish-Online.jpg",600,600,false],"woocommerce_gallery_thumbnail":["https:\/\/legitgrams.com\/wp-content\/uploads\/2024\/09\/Buy-Nederhash-Hashish-Online-100x100.jpg",100,100,true]},"uagb_author_info":{"display_name":"cokeblog18","author_link":"https:\/\/legitgrams.com\/it\/author\/"},"uagb_comment_info":0,"uagb_excerpt":"Nederhash Hashish Online Purchase What is a hash? The Netherlands is where the cannabis plants used to make the hash are cultivated. There are a few tiny outdoor and greenhouse advancements, but the majority of plant development takes place indoors. Generation: The manner of assembling differs depending on the manufacturer. Similar to Morocco, screening provides&hellip;","_links":{"self":[{"href":"https:\/\/legitgrams.com\/it\/wp-json\/wp\/v2\/product\/4013","targetHints":{"allow":["GET"]}}],"collection":[{"href":"https:\/\/legitgrams.com\/it\/wp-json\/wp\/v2\/product"}],"about":[{"href":"https:\/\/legitgrams.com\/it\/wp-json\/wp\/v2\/types\/product"}],"replies":[{"embeddable":true,"href":"https:\/\/legitgrams.com\/it\/wp-json\/wp\/v2\/comments?post=4013"}],"wp:featuredmedia":[{"embeddable":true,"href":"https:\/\/legitgrams.com\/it\/wp-json\/wp\/v2\/media\/5384"}],"wp:attachment":[{"href":"https:\/\/legitgrams.com\/it\/wp-json\/wp\/v2\/media?parent=4013"}],"wp:term":[{"taxonomy":"product_brand","embeddable":true,"href":"https:\/\/legitgrams.com\/it\/wp-json\/wp\/v2\/product_brand?post=4013"},{"taxonomy":"product_cat","embeddable":true,"href":"https:\/\/legitgrams.com\/it\/wp-json\/wp\/v2\/product_cat?post=4013"},{"taxonomy":"product_tag","embeddable":true,"href":"https:\/\/legitgrams.com\/it\/wp-json\/wp\/v2\/product_tag?post=4013"}],"curies":[{"name":"wp","href":"https:\/\/api.w.org\/{rel}","templated":true}]}}