{"id":4018,"date":"2024-09-21T09:28:22","date_gmt":"2024-09-21T09:28:22","guid":{"rendered":"https:\/\/legitgrams.com\/?post_type=product&#038;p=4018"},"modified":"2025-04-04T05:55:15","modified_gmt":"2025-04-04T05:55:15","slug":"hashish-a-bastoncino-nepalese","status":"publish","type":"product","link":"https:\/\/legitgrams.com\/it\/prodotto\/hashish-a-bastoncino-nepalese\/","title":{"rendered":"Acquista online l'hashish nepalese a bastoncino"},"content":{"rendered":"<h2>Acquista online l'hashish nepalese Stick<\/h2>\n<p>Descrizione del prodotto: Coltivazione: <a href=\"https:\/\/legitgrams.com\/it\/prodotto\/hashish-a-bastoncino-nepalese\/\">hashish nepalese<\/a> stick sono disponibili online; le piccole variet\u00e0 di cannabis sono comuni sulle montagne del paese. Produzione: per estrarre la resina, le gemme vengono strofinate delicatamente tra i palmi. La resina raccolta viene poi spremuta per creare una palla di hashish consistente, nota anche come temple ball. Scopri dove <a href=\"https:\/\/www.bing.com\/search?q=AcquistaonlineNepaleseStickHash&amp;qs=n&amp;form=QBRE&amp;sp=-1&amp;lq=0&amp;pq=acquistaonlinenepalesestickhash&amp;sc=2-35&amp;sk=&amp;cvid=A1F404E3F9F447E3801AEAFD83F285FD&amp;ghsh=0&amp;ghacc=0&amp;ghpl=\">acquista online hashish stick nepalesi<\/a> prima di trasferire le palline in un piatto. Interno: marrone scuro, esterno: nero. Odore: ha un aroma potente, speziato e leggermente dolce. Come acquistare online l'hashish in stick nepalese \u00e8 piuttosto forte, anche se parte dell'hashish si rompe. Gusto: acquista online gli hashish in stick nepalesi; sono pi\u00f9 profumati e deliziosi degli hashish afghani, ma sono anche notevolmente meno speziati. Consistenza: \u00e8 costante alla temperatura corporea. spesso solo un po' pi\u00f9 rigidi dell'afghano. Impatto: grave fisico e barcollante. Efficienza: da forte a molto forte. (11%\u201315% THC) Disponibilit\u00e0: molto rara. Altri: la marijuana migliore viene coltivata in Nepal. Questi sono i prodotti migliori se vendi online degli autentici hashish in stick nepalesi, al contrario di alcuni afghani che si spacciano per nepalesi. Il Nepal \u00e8 solitamente piuttosto costoso; in molti bar di Amsterdam, l'hashish nepalese \u00e8 il migliore. I rivenditori online vendono hashish in stick nepalesi. Investi in un <a href=\"https:\/\/www.google.com\/search?q=Buy+Nepalese+Stick+Hash+Online&amp;num=10&amp;sca_esv=1a2a07081c7891bb&amp;rlz=1C1RXQR_enIN1098IN1098&amp;sxsrf=AHTn8zpEutiXnF6ldZ-NzHJT-qwZ-M4Srg%3A1741414284918&amp;ei=jN_LZ5bkN6CPseMPq-jBgQc&amp;ved=0ahUKEwiW2u_e6fmLAxWgR2wGHSt0MHAQ4dUDCBI&amp;uact=5&amp;oq=Buy+Nepalese+Stick+Hash+Online&amp;gs_lp=Egxnd3Mtd2l6LXNlcnAiHkJ1eSBOZXBhbGVzZSBTdGljayBIYXNoIE9ubGluZTIFEAAY7wUyCBAAGIAEGKIEMggQABiiBBiJBUjHCFDxBFjxBHABeAGQAQCYAfEBoAHxAaoBAzItMbgBA8gBAPgBAvgBAZgCAqAC_AHCAgoQABiwAxjWBBhHmAMAiAYBkAYIkgcFMS4wLjGgB5QC&amp;sclient=gws-wiz-serp\">Bastoncino di hashish nepalese<\/a> nelle vicinanze; ne vale sempre la pena, secondo me, soprattutto se ti piace il valore roccioso che offre. Sfortunatamente, il Nepal \u00e8 davvero raro qui di questi tempi. Gli hash stick nepalesi possono essere venduti online; raramente, \u00e8 disponibile una quantit\u00e0 limitata.<\/p>\n<p>Acquista il bastone nepalese <a href=\"https:\/\/en.wikipedia.org\/wiki\/Hashish\">Hash<\/a> Online &#8211; purchase Nepalese, purchase <a href=\"https:\/\/duckduckgo.com\/?q=Acquista+online+Nepalese+Stick+Hash&amp;t=h_\">Hash di bastone nepalese<\/a>, acquista Stick Hash online, Dove acquistare Nepalese Stick Hash, Acquista Nepalese Hash in vendita, Acquista Hash online, Acquista Nepalese Stick Hash negli Stati Uniti, Canada, Regno Unito, Acquista, Online, Fornitori, Consegna sicura, C'\u00e8 ancora tempo per acquistare Nepalese Stick Hash, scopri se \u00e8 legale negli Stati Uniti, acquistalo online, scopri come ordinarlo e scopri se \u00e8 legale in Canada. <a href=\"https:\/\/legitgrams.com\/it\/\">LegitGrams<\/a><\/p>\n<p>&nbsp;<\/p>","protected":false},"excerpt":{"rendered":"<p>Nepalese Stick Hash Purchase Online Description of the Product: Cultivation: Nepali hash sticks are available online; small cannabis strains are common across the country&#8217;s mountains. Production: To extract the resin, the buds are gently rubbed between the palms. The collected resin is then squeezed to create a consistent hash ball, also known as a temple &hellip;<\/p>\n<p class=\"read-more\"> <a class=\"\" href=\"https:\/\/legitgrams.com\/it\/prodotto\/hashish-a-bastoncino-nepalese\/\"> <span class=\"screen-reader-text\">Acquista online l'hashish nepalese a bastoncino<\/span> Leggi tutto \"<\/a><\/p>","protected":false},"featured_media":5385,"comment_status":"open","ping_status":"closed","template":"","meta":{"_uag_custom_page_level_css":"","site-sidebar-layout":"default","site-content-layout":"default","ast-global-header-display":"","ast-main-header-display":"","ast-hfb-above-header-display":"","ast-hfb-below-header-display":"","ast-hfb-mobile-header-display":"","site-post-title":"","ast-breadcrumbs-content":"","ast-featured-img":"","footer-sml-layout":"","theme-transparent-header-meta":"default","adv-header-id-meta":"","stick-header-meta":"default","header-above-stick-meta":"","header-main-stick-meta":"","header-below-stick-meta":"","_joinchat":[]},"product_brand":[],"product_cat":[605],"product_tag":[2762,2752,617,2744,2759,2756,2751,2743,2746,2754,2747,2745,2755,2757,2764,2765,2763,2760,2749,2761,2758,625,2750,2753,2748],"class_list":{"0":"post-4018","1":"product","2":"type-product","3":"status-publish","4":"has-post-thumbnail","6":"product_cat-hash-hashish","7":"product_tag-best-cheap-price-nepalese-stick-hash","8":"product_tag-best-place-to-buy-nepalese-stick-hash","9":"product_tag-bulk-online","10":"product_tag-buy-nepalese-stick-hash","11":"product_tag-cheap-nepalese-stick-hash","12":"product_tag-high-quality-nepalese-stick-hash","13":"product_tag-how-to-buy-nepalese-stick-hash","14":"product_tag-nepalese-stick-hash","15":"product_tag-nepalese-stick-hash-for-sale","16":"product_tag-nepalese-stick-hash-legally","17":"product_tag-nepalese-stick-hash-nepalese-stick-hash-supplier","18":"product_tag-nepalese-stick-hash-online","19":"product_tag-nepalese-stick-hash-price","20":"product_tag-nepalese-stick-hash-store","21":"product_tag-nepalese-stick-hash-use","22":"product_tag-nepalese-stick-hash-wiki","23":"product_tag-nepalese-stick-hash-worldwide","24":"product_tag-nepalese-stick-hashs","25":"product_tag-order-nepalese-stick-hash","26":"product_tag-purcharse-nepalese-stick-hash","27":"product_tag-shop-nepalese-stick-hash","28":"product_tag-top-quality","29":"product_tag-where-to-buy-nepalese-stick-hash","30":"product_tag-where-to-order-nepalese-stick-hash","31":"product_tag-wholesale-nepalese-stick-hash","32":"desktop-align-left","33":"tablet-align-left","34":"mobile-align-left","35":"ast-product-gallery-layout-horizontal","36":"ast-product-gallery-with-no-image","37":"ast-product-single-variable","38":"ast-product-tabs-layout-horizontal","39":"ast-qv-on-image","41":"first","42":"instock","43":"shipping-taxable","44":"purchasable","45":"product-type-variable"},"yoast_head":"<!-- This site is optimized with the Yoast SEO plugin v25.9 - https:\/\/yoast.com\/wordpress\/plugins\/seo\/ -->\n<title>Nepalese Stick Hash for Sale - Buy Nepalese Stick Hash Online<\/title>\n<meta name=\"description\" content=\"If you want to buy Nepalese Stick Hash online and looking for a reliable online shop, then buy here. We offer only high-quality Nepalese Stick Hash for sale at an affordable price. Order Nepalese Stick Hash Now!\" \/>\n<meta name=\"robots\" content=\"index, follow, max-snippet:-1, max-image-preview:large, max-video-preview:-1\" \/>\n<link rel=\"canonical\" href=\"https:\/\/legitgrams.com\/it\/prodotto\/hashish-a-bastoncino-nepalese\/\" \/>\n<meta property=\"og:locale\" content=\"it_IT\" \/>\n<meta property=\"og:type\" content=\"article\" \/>\n<meta property=\"og:title\" content=\"Nepalese Stick Hash for Sale - Buy Nepalese Stick Hash Online\" \/>\n<meta property=\"og:description\" content=\"If you want to buy Nepalese Stick Hash online and looking for a reliable online shop, then buy here. We offer only high-quality Nepalese Stick Hash for sale at an affordable price. Order Nepalese Stick Hash Now!\" \/>\n<meta property=\"og:url\" content=\"https:\/\/legitgrams.com\/it\/prodotto\/hashish-a-bastoncino-nepalese\/\" \/>\n<meta property=\"og:site_name\" content=\"Legit Grams\" \/>\n<meta property=\"article:modified_time\" content=\"2025-04-04T05:55:15+00:00\" \/>\n<meta property=\"og:image\" content=\"https:\/\/legitgrams.com\/wp-content\/uploads\/2024\/09\/Buy-Nepalese-Stick-Hash.jpg\" \/>\n\t<meta property=\"og:image:width\" content=\"600\" \/>\n\t<meta property=\"og:image:height\" content=\"600\" \/>\n\t<meta property=\"og:image:type\" content=\"image\/jpeg\" \/>\n<meta name=\"twitter:card\" content=\"summary_large_image\" \/>\n<meta name=\"twitter:label1\" content=\"Tempo di lettura stimato\" \/>\n\t<meta name=\"twitter:data1\" content=\"2 minuti\" \/>\n<script type=\"application\/ld+json\" class=\"yoast-schema-graph\">{\"@context\":\"https:\/\/schema.org\",\"@graph\":[{\"@type\":\"WebPage\",\"@id\":\"https:\/\/legitgrams.com\/product\/nepalese-stick-hash\/\",\"url\":\"https:\/\/legitgrams.com\/product\/nepalese-stick-hash\/\",\"name\":\"Nepalese Stick Hash for Sale - Buy Nepalese Stick Hash Online\",\"isPartOf\":{\"@id\":\"https:\/\/legitgrams.com\/#website\"},\"primaryImageOfPage\":{\"@id\":\"https:\/\/legitgrams.com\/product\/nepalese-stick-hash\/#primaryimage\"},\"image\":{\"@id\":\"https:\/\/legitgrams.com\/product\/nepalese-stick-hash\/#primaryimage\"},\"thumbnailUrl\":\"https:\/\/legitgrams.com\/wp-content\/uploads\/2024\/09\/Buy-Nepalese-Stick-Hash.jpg\",\"datePublished\":\"2024-09-21T09:28:22+00:00\",\"dateModified\":\"2025-04-04T05:55:15+00:00\",\"description\":\"If you want to buy Nepalese Stick Hash online and looking for a reliable online shop, then buy here. We offer only high-quality Nepalese Stick Hash for sale at an affordable price. Order Nepalese Stick Hash Now!\",\"breadcrumb\":{\"@id\":\"https:\/\/legitgrams.com\/product\/nepalese-stick-hash\/#breadcrumb\"},\"inLanguage\":\"it-IT\",\"potentialAction\":[{\"@type\":\"ReadAction\",\"target\":[\"https:\/\/legitgrams.com\/product\/nepalese-stick-hash\/\"]}]},{\"@type\":\"ImageObject\",\"inLanguage\":\"it-IT\",\"@id\":\"https:\/\/legitgrams.com\/product\/nepalese-stick-hash\/#primaryimage\",\"url\":\"https:\/\/legitgrams.com\/wp-content\/uploads\/2024\/09\/Buy-Nepalese-Stick-Hash.jpg\",\"contentUrl\":\"https:\/\/legitgrams.com\/wp-content\/uploads\/2024\/09\/Buy-Nepalese-Stick-Hash.jpg\",\"width\":600,\"height\":600,\"caption\":\"Nepalese Stick Hash for Sale\"},{\"@type\":\"BreadcrumbList\",\"@id\":\"https:\/\/legitgrams.com\/product\/nepalese-stick-hash\/#breadcrumb\",\"itemListElement\":[{\"@type\":\"ListItem\",\"position\":1,\"name\":\"Home\",\"item\":\"https:\/\/legitgrams.com\/\"},{\"@type\":\"ListItem\",\"position\":2,\"name\":\"Shop\",\"item\":\"https:\/\/legitgrams.com\/shop\/\"},{\"@type\":\"ListItem\",\"position\":3,\"name\":\"Buy Nepalese Stick Hash Online\"}]},{\"@type\":\"WebSite\",\"@id\":\"https:\/\/legitgrams.com\/#website\",\"url\":\"https:\/\/legitgrams.com\/\",\"name\":\"Legit Grams\",\"description\":\"My WordPress Blog\",\"publisher\":{\"@id\":\"https:\/\/legitgrams.com\/#organization\"},\"potentialAction\":[{\"@type\":\"SearchAction\",\"target\":{\"@type\":\"EntryPoint\",\"urlTemplate\":\"https:\/\/legitgrams.com\/?s={search_term_string}\"},\"query-input\":{\"@type\":\"PropertyValueSpecification\",\"valueRequired\":true,\"valueName\":\"search_term_string\"}}],\"inLanguage\":\"it-IT\"},{\"@type\":\"Organization\",\"@id\":\"https:\/\/legitgrams.com\/#organization\",\"name\":\"Legit Grams\",\"url\":\"https:\/\/legitgrams.com\/\",\"logo\":{\"@type\":\"ImageObject\",\"inLanguage\":\"it-IT\",\"@id\":\"https:\/\/legitgrams.com\/#\/schema\/logo\/image\/\",\"url\":\"https:\/\/legitgrams.com\/wp-content\/uploads\/2024\/09\/main-logo.png\",\"contentUrl\":\"https:\/\/legitgrams.com\/wp-content\/uploads\/2024\/09\/main-logo.png\",\"width\":270,\"height\":75,\"caption\":\"Legit Grams\"},\"image\":{\"@id\":\"https:\/\/legitgrams.com\/#\/schema\/logo\/image\/\"}}]}<\/script>\n<!-- \/ Yoast SEO plugin. -->","yoast_head_json":{"title":"Vendita di Stick Hash Nepalese - Comprare Stick Hash Nepalese Online","description":"Se volete comprare Nepalese Stick Hash online e cercate un negozio online affidabile, allora comprate qui. Offriamo solo alta qualit\u00e0 Nepalese Stick Hash in vendita ad un prezzo accessibile. Ordina ora Nepalese Stick Hash!","robots":{"index":"index","follow":"follow","max-snippet":"max-snippet:-1","max-image-preview":"max-image-preview:large","max-video-preview":"max-video-preview:-1"},"canonical":"https:\/\/legitgrams.com\/it\/prodotto\/hashish-a-bastoncino-nepalese\/","og_locale":"it_IT","og_type":"article","og_title":"Nepalese Stick Hash for Sale - Buy Nepalese Stick Hash Online","og_description":"If you want to buy Nepalese Stick Hash online and looking for a reliable online shop, then buy here. We offer only high-quality Nepalese Stick Hash for sale at an affordable price. Order Nepalese Stick Hash Now!","og_url":"https:\/\/legitgrams.com\/it\/prodotto\/hashish-a-bastoncino-nepalese\/","og_site_name":"Legit Grams","article_modified_time":"2025-04-04T05:55:15+00:00","og_image":[{"width":600,"height":600,"url":"https:\/\/legitgrams.com\/wp-content\/uploads\/2024\/09\/Buy-Nepalese-Stick-Hash.jpg","type":"image\/jpeg"}],"twitter_card":"summary_large_image","twitter_misc":{"Tempo di lettura stimato":"2 minuti"},"schema":{"@context":"https:\/\/schema.org","@graph":[{"@type":"WebPage","@id":"https:\/\/legitgrams.com\/product\/nepalese-stick-hash\/","url":"https:\/\/legitgrams.com\/product\/nepalese-stick-hash\/","name":"Vendita di Stick Hash Nepalese - Comprare Stick Hash Nepalese Online","isPartOf":{"@id":"https:\/\/legitgrams.com\/#website"},"primaryImageOfPage":{"@id":"https:\/\/legitgrams.com\/product\/nepalese-stick-hash\/#primaryimage"},"image":{"@id":"https:\/\/legitgrams.com\/product\/nepalese-stick-hash\/#primaryimage"},"thumbnailUrl":"https:\/\/legitgrams.com\/wp-content\/uploads\/2024\/09\/Buy-Nepalese-Stick-Hash.jpg","datePublished":"2024-09-21T09:28:22+00:00","dateModified":"2025-04-04T05:55:15+00:00","description":"Se volete comprare Nepalese Stick Hash online e cercate un negozio online affidabile, allora comprate qui. Offriamo solo alta qualit\u00e0 Nepalese Stick Hash in vendita ad un prezzo accessibile. Ordina ora Nepalese Stick Hash!","breadcrumb":{"@id":"https:\/\/legitgrams.com\/product\/nepalese-stick-hash\/#breadcrumb"},"inLanguage":"it-IT","potentialAction":[{"@type":"ReadAction","target":["https:\/\/legitgrams.com\/product\/nepalese-stick-hash\/"]}]},{"@type":"ImageObject","inLanguage":"it-IT","@id":"https:\/\/legitgrams.com\/product\/nepalese-stick-hash\/#primaryimage","url":"https:\/\/legitgrams.com\/wp-content\/uploads\/2024\/09\/Buy-Nepalese-Stick-Hash.jpg","contentUrl":"https:\/\/legitgrams.com\/wp-content\/uploads\/2024\/09\/Buy-Nepalese-Stick-Hash.jpg","width":600,"height":600,"caption":"Nepalese Stick Hash for Sale"},{"@type":"BreadcrumbList","@id":"https:\/\/legitgrams.com\/product\/nepalese-stick-hash\/#breadcrumb","itemListElement":[{"@type":"ListItem","position":1,"name":"Home","item":"https:\/\/legitgrams.com\/"},{"@type":"ListItem","position":2,"name":"Shop","item":"https:\/\/legitgrams.com\/shop\/"},{"@type":"ListItem","position":3,"name":"Buy Nepalese Stick Hash Online"}]},{"@type":"WebSite","@id":"https:\/\/legitgrams.com\/#website","url":"https:\/\/legitgrams.com\/","name":"Grammi legittimi","description":"Il mio blog WordPress","publisher":{"@id":"https:\/\/legitgrams.com\/#organization"},"potentialAction":[{"@type":"SearchAction","target":{"@type":"EntryPoint","urlTemplate":"https:\/\/legitgrams.com\/?s={search_term_string}"},"query-input":{"@type":"PropertyValueSpecification","valueRequired":true,"valueName":"search_term_string"}}],"inLanguage":"it-IT"},{"@type":"Organization","@id":"https:\/\/legitgrams.com\/#organization","name":"Grammi legittimi","url":"https:\/\/legitgrams.com\/","logo":{"@type":"ImageObject","inLanguage":"it-IT","@id":"https:\/\/legitgrams.com\/#\/schema\/logo\/image\/","url":"https:\/\/legitgrams.com\/wp-content\/uploads\/2024\/09\/main-logo.png","contentUrl":"https:\/\/legitgrams.com\/wp-content\/uploads\/2024\/09\/main-logo.png","width":270,"height":75,"caption":"Legit Grams"},"image":{"@id":"https:\/\/legitgrams.com\/#\/schema\/logo\/image\/"}}]}},"uagb_featured_image_src":{"full":["https:\/\/legitgrams.com\/wp-content\/uploads\/2024\/09\/Buy-Nepalese-Stick-Hash.jpg",600,600,false],"thumbnail":["https:\/\/legitgrams.com\/wp-content\/uploads\/2024\/09\/Buy-Nepalese-Stick-Hash-150x150.jpg",150,150,true],"medium":["https:\/\/legitgrams.com\/wp-content\/uploads\/2024\/09\/Buy-Nepalese-Stick-Hash-300x300.jpg",300,300,true],"medium_large":["https:\/\/legitgrams.com\/wp-content\/uploads\/2024\/09\/Buy-Nepalese-Stick-Hash.jpg",600,600,false],"large":["https:\/\/legitgrams.com\/wp-content\/uploads\/2024\/09\/Buy-Nepalese-Stick-Hash.jpg",600,600,false],"1536x1536":["https:\/\/legitgrams.com\/wp-content\/uploads\/2024\/09\/Buy-Nepalese-Stick-Hash.jpg",600,600,false],"2048x2048":["https:\/\/legitgrams.com\/wp-content\/uploads\/2024\/09\/Buy-Nepalese-Stick-Hash.jpg",600,600,false],"trp-custom-language-flag":["https:\/\/legitgrams.com\/wp-content\/uploads\/2024\/09\/Buy-Nepalese-Stick-Hash-12x12.jpg",12,12,true],"woocommerce_thumbnail":["https:\/\/legitgrams.com\/wp-content\/uploads\/2024\/09\/Buy-Nepalese-Stick-Hash-300x300.jpg",300,300,true],"woocommerce_single":["https:\/\/legitgrams.com\/wp-content\/uploads\/2024\/09\/Buy-Nepalese-Stick-Hash.jpg",600,600,false],"woocommerce_gallery_thumbnail":["https:\/\/legitgrams.com\/wp-content\/uploads\/2024\/09\/Buy-Nepalese-Stick-Hash-100x100.jpg",100,100,true]},"uagb_author_info":{"display_name":"cokeblog18","author_link":"https:\/\/legitgrams.com\/it\/author\/"},"uagb_comment_info":0,"uagb_excerpt":"Nepalese Stick Hash Purchase Online Description of the Product: Cultivation: Nepali hash sticks are available online; small cannabis strains are common across the country&#8217;s mountains. Production: To extract the resin, the buds are gently rubbed between the palms. The collected resin is then squeezed to create a consistent hash ball, also known as a temple&hellip;","_links":{"self":[{"href":"https:\/\/legitgrams.com\/it\/wp-json\/wp\/v2\/product\/4018","targetHints":{"allow":["GET"]}}],"collection":[{"href":"https:\/\/legitgrams.com\/it\/wp-json\/wp\/v2\/product"}],"about":[{"href":"https:\/\/legitgrams.com\/it\/wp-json\/wp\/v2\/types\/product"}],"replies":[{"embeddable":true,"href":"https:\/\/legitgrams.com\/it\/wp-json\/wp\/v2\/comments?post=4018"}],"wp:featuredmedia":[{"embeddable":true,"href":"https:\/\/legitgrams.com\/it\/wp-json\/wp\/v2\/media\/5385"}],"wp:attachment":[{"href":"https:\/\/legitgrams.com\/it\/wp-json\/wp\/v2\/media?parent=4018"}],"wp:term":[{"taxonomy":"product_brand","embeddable":true,"href":"https:\/\/legitgrams.com\/it\/wp-json\/wp\/v2\/product_brand?post=4018"},{"taxonomy":"product_cat","embeddable":true,"href":"https:\/\/legitgrams.com\/it\/wp-json\/wp\/v2\/product_cat?post=4018"},{"taxonomy":"product_tag","embeddable":true,"href":"https:\/\/legitgrams.com\/it\/wp-json\/wp\/v2\/product_tag?post=4018"}],"curies":[{"name":"wp","href":"https:\/\/api.w.org\/{rel}","templated":true}]}}