{"id":4019,"date":"2024-09-21T09:39:07","date_gmt":"2024-09-21T09:39:07","guid":{"rendered":"https:\/\/legitgrams.com\/?post_type=product&#038;p=4019"},"modified":"2025-01-14T10:38:49","modified_gmt":"2025-01-14T10:38:49","slug":"hashish-pink-kush","status":"publish","type":"product","link":"https:\/\/legitgrams.com\/it\/prodotto\/hashish-pink-kush\/","title":{"rendered":"Pink Kush Hash"},"content":{"rendered":"<h2>Acquista Pink Kush Hash online<\/h2>\n<p>Sapere che cos'\u00e8 l'hashish legale, come si differenzia dagli altri prodotti a base di erba e come si relaziona alla cannabis \u00e8 una conoscenza essenziale da avere prima di fare un acquisto online. <a href=\"https:\/\/en.wikipedia.org\/wiki\/Hashish\">Hash<\/a>Un altro approccio per trattare lo stato \"hashish\", \u00e8 un concentrato di cannabis fornito utilizzando la pece di una pianta di marijuana. Il processo prevede il distacco degli organi della linfa, a volte chiamati tricomi, dai fiori di una pianta di cannabis. Le miscele che conferiscono ai prodotti Maryjane le loro caratteristiche e attributi distinti includono le pi\u00f9 alte concentrazioni di terpeni e cannabinoidi in questi tricomi. Grazie alla sua alta concentrazione di terpeni e cannabinoidi, l'hashish ha la notevole capacit\u00e0 di fornire ai consumatori di cannabis esperienze estremamente potenti e terapeutiche. Lo scopo dell'olio di hashish \u00e8 quello di rimuovere la cannabis in modo potente, adatto per essere mangiato, svapato, fumato e sfregato sulla pelle. In alcuni casi l'uso dell'olio di hashish viene definito \"raggiungere\" o \"consumare\". Il THC, o delta-9-tetraidrocannabinolo, \u00e8 un ingrediente dell'olio di hashish derivato dalle piante di cannabis, altrettanto rivoluzionario di altri prodotti Maryjane.<\/p>\n<p>In ogni caso, l'olio di hashish \u00e8 pi\u00f9 potente, con un aumento fino a 90% della fonte di THC. In realt\u00e0, il contenuto tipico di THC degli altri prodotti a base di piante di cannabis \u00e8 di circa 12%. Affidabile<\/p>\n<p>Attualmente, l'estrazione con CO2 \u00e8 il metodo pi\u00f9 efficace per estrarre l'olio di THC. \u00c8 anche il metodo pi\u00f9 comune e sicuro per produrre distillato, camion di gomma viva e olio di cannabis. Il motivo per cui \u00e8 cos\u00ec necessario al giorno d'oggi \u00e8 che questo olio di THC non contiene solventi extra, come il butano o l'alcol. <a href=\"https:\/\/legitgrams.com\/it\/\">LegitGrams<\/a><\/p>\n<p>La maggior parte degli oli infusi di THC hanno un tipo di declinazione preparata in modo proficuo. Questo \u00e8 necessario per mantenere la perfetta consistenza dell'olio nel vaping. I due agenti riducenti pi\u00f9 sorprendenti che sono tipicamente presenti nei liquidi elettronici standard sono la glicerina vegetale (VG) e il glicole propilenico (PG). Alcuni hanno vari riempitivi, come il PEG, e inoltre iniziano considerevolmente il ritardo del TEC Temper, un'altra condizione derivata dai terpeni tradizionali. Olio di hashish disponibile per l'acquisto.<\/p>\n<p><a href=\"https:\/\/legitgrams.com\/it\/prodotto\/hashish-pink-kush\/\">Comprare Pink Kush Hash Online<\/a>: Acquisto Kush, Acquisto Pink Kush Hash, Acquisto Pink Hash Online, Dove acquistare Pink Kush Hash, Acquisto Pink Kush Hash in vendita, Acquisto Hash Online, Acquisto Pink Kush Hash negli Stati Uniti, Canada, Regno Unito, Acquisto, Online, Fornitori, Consegna sicura \u00c8 ancora possibile ottenere Pink Kush Hash, scoprire se \u00e8 legale negli Stati Uniti, acquistare Pink Kush Hash online e scoprire se \u00e8 legale in Canada.<\/p>\n<p>&nbsp;<\/p>","protected":false},"excerpt":{"rendered":"<p>Purchase Pink Kush Hash Online Knowing what legal hash is, how it differs from other weed products, and how it relates to cannabis is essential knowledge to have before making an online purchase. Hash, another approach to deal with the state \u201chashish,\u201d is a cannabis concentrate delivered utilizing the pitch of a pot plant. The &hellip;<\/p>\n<p class=\"read-more\"> <a class=\"\" href=\"https:\/\/legitgrams.com\/it\/prodotto\/hashish-pink-kush\/\"> <span class=\"screen-reader-text\">Pink Kush Hash<\/span> Leggi tutto \"<\/a><\/p>","protected":false},"featured_media":5386,"comment_status":"open","ping_status":"closed","template":"","meta":{"_uag_custom_page_level_css":"","site-sidebar-layout":"default","site-content-layout":"default","ast-global-header-display":"","ast-main-header-display":"","ast-hfb-above-header-display":"","ast-hfb-below-header-display":"","ast-hfb-mobile-header-display":"","site-post-title":"","ast-breadcrumbs-content":"","ast-featured-img":"","footer-sml-layout":"","theme-transparent-header-meta":"default","adv-header-id-meta":"","stick-header-meta":"default","header-above-stick-meta":"","header-main-stick-meta":"","header-below-stick-meta":"","_joinchat":[]},"product_brand":[],"product_cat":[605],"product_tag":[2739,2729,617,2721,2736,2733,2728,2726,2720,2723,2731,2722,2724,2732,2734,2741,2742,2740,2737,2738,2735,625,2727,2730,2725],"class_list":{"0":"post-4019","1":"product","2":"type-product","3":"status-publish","4":"has-post-thumbnail","6":"product_cat-hash-hashish","7":"product_tag-best-cheap-price-pink-kush-hash","8":"product_tag-best-place-to-buy-pink-kush-hash","9":"product_tag-bulk-online","10":"product_tag-buy-pink-kush-hash","11":"product_tag-cheap-pink-kush-hash","12":"product_tag-high-quality-pink-kush-hash","13":"product_tag-how-to-buy-pink-kush-hash","14":"product_tag-order-pink-kush-hash","15":"product_tag-pink-kush-hash","16":"product_tag-pink-kush-hash-for-sale","17":"product_tag-pink-kush-hash-legally","18":"product_tag-pink-kush-hash-online","19":"product_tag-pink-kush-hash-pink-kush-hash-supplier","20":"product_tag-pink-kush-hash-price","21":"product_tag-pink-kush-hash-store","22":"product_tag-pink-kush-hash-use","23":"product_tag-pink-kush-hash-wiki","24":"product_tag-pink-kush-hash-worldwide","25":"product_tag-pink-kush-hashs","26":"product_tag-purcharse-pink-kush-hash","27":"product_tag-shop-pink-kush-hash","28":"product_tag-top-quality","29":"product_tag-where-to-buy-pink-kush-hash","30":"product_tag-where-to-order-pink-kush-hash","31":"product_tag-wholesale-pink-kush-hash","32":"desktop-align-left","33":"tablet-align-left","34":"mobile-align-left","35":"ast-product-gallery-layout-horizontal","36":"ast-product-gallery-with-no-image","37":"ast-product-single-variable","38":"ast-product-tabs-layout-horizontal","39":"ast-qv-on-image","41":"first","42":"instock","43":"shipping-taxable","44":"purchasable","45":"product-type-variable"},"yoast_head":"<!-- This site is optimized with the Yoast SEO plugin v25.9 - https:\/\/yoast.com\/wordpress\/plugins\/seo\/ -->\n<title>Pink Kush Hash for Sale - Order Pink Kush Hash Online<\/title>\n<meta name=\"description\" content=\"Discover top-notch Pink Kush Hash for sale at our online store - buy Pink Kush Hash conveniently and securely to fuel your research. Explore and buy Pink Kush Hash online, advancing your scientific endeavors with ease. Order Now!\" \/>\n<meta name=\"robots\" content=\"index, follow, max-snippet:-1, max-image-preview:large, max-video-preview:-1\" \/>\n<link rel=\"canonical\" href=\"https:\/\/legitgrams.com\/it\/prodotto\/hashish-pink-kush\/\" \/>\n<meta property=\"og:locale\" content=\"it_IT\" \/>\n<meta property=\"og:type\" content=\"article\" \/>\n<meta property=\"og:title\" content=\"Pink Kush Hash for Sale - Order Pink Kush Hash Online\" \/>\n<meta property=\"og:description\" content=\"Discover top-notch Pink Kush Hash for sale at our online store - buy Pink Kush Hash conveniently and securely to fuel your research. Explore and buy Pink Kush Hash online, advancing your scientific endeavors with ease. Order Now!\" \/>\n<meta property=\"og:url\" content=\"https:\/\/legitgrams.com\/it\/prodotto\/hashish-pink-kush\/\" \/>\n<meta property=\"og:site_name\" content=\"Legit Grams\" \/>\n<meta property=\"article:modified_time\" content=\"2025-01-14T10:38:49+00:00\" \/>\n<meta property=\"og:image\" content=\"https:\/\/legitgrams.com\/wp-content\/uploads\/2024\/09\/buy-pink-kush-hash.jpg\" \/>\n\t<meta property=\"og:image:width\" content=\"600\" \/>\n\t<meta property=\"og:image:height\" content=\"600\" \/>\n\t<meta property=\"og:image:type\" content=\"image\/jpeg\" \/>\n<meta name=\"twitter:card\" content=\"summary_large_image\" \/>\n<meta name=\"twitter:label1\" content=\"Tempo di lettura stimato\" \/>\n\t<meta name=\"twitter:data1\" content=\"2 minuti\" \/>\n<script type=\"application\/ld+json\" class=\"yoast-schema-graph\">{\"@context\":\"https:\/\/schema.org\",\"@graph\":[{\"@type\":\"WebPage\",\"@id\":\"https:\/\/legitgrams.com\/product\/pink-kush-hash\/\",\"url\":\"https:\/\/legitgrams.com\/product\/pink-kush-hash\/\",\"name\":\"Pink Kush Hash for Sale - Order Pink Kush Hash Online\",\"isPartOf\":{\"@id\":\"https:\/\/legitgrams.com\/#website\"},\"primaryImageOfPage\":{\"@id\":\"https:\/\/legitgrams.com\/product\/pink-kush-hash\/#primaryimage\"},\"image\":{\"@id\":\"https:\/\/legitgrams.com\/product\/pink-kush-hash\/#primaryimage\"},\"thumbnailUrl\":\"https:\/\/legitgrams.com\/wp-content\/uploads\/2024\/09\/buy-pink-kush-hash.jpg\",\"datePublished\":\"2024-09-21T09:39:07+00:00\",\"dateModified\":\"2025-01-14T10:38:49+00:00\",\"description\":\"Discover top-notch Pink Kush Hash for sale at our online store - buy Pink Kush Hash conveniently and securely to fuel your research. Explore and buy Pink Kush Hash online, advancing your scientific endeavors with ease. Order Now!\",\"breadcrumb\":{\"@id\":\"https:\/\/legitgrams.com\/product\/pink-kush-hash\/#breadcrumb\"},\"inLanguage\":\"it-IT\",\"potentialAction\":[{\"@type\":\"ReadAction\",\"target\":[\"https:\/\/legitgrams.com\/product\/pink-kush-hash\/\"]}]},{\"@type\":\"ImageObject\",\"inLanguage\":\"it-IT\",\"@id\":\"https:\/\/legitgrams.com\/product\/pink-kush-hash\/#primaryimage\",\"url\":\"https:\/\/legitgrams.com\/wp-content\/uploads\/2024\/09\/buy-pink-kush-hash.jpg\",\"contentUrl\":\"https:\/\/legitgrams.com\/wp-content\/uploads\/2024\/09\/buy-pink-kush-hash.jpg\",\"width\":600,\"height\":600,\"caption\":\"Pink Kush Hash for Sale\"},{\"@type\":\"BreadcrumbList\",\"@id\":\"https:\/\/legitgrams.com\/product\/pink-kush-hash\/#breadcrumb\",\"itemListElement\":[{\"@type\":\"ListItem\",\"position\":1,\"name\":\"Home\",\"item\":\"https:\/\/legitgrams.com\/\"},{\"@type\":\"ListItem\",\"position\":2,\"name\":\"Shop\",\"item\":\"https:\/\/legitgrams.com\/shop\/\"},{\"@type\":\"ListItem\",\"position\":3,\"name\":\"Pink Kush Hash\"}]},{\"@type\":\"WebSite\",\"@id\":\"https:\/\/legitgrams.com\/#website\",\"url\":\"https:\/\/legitgrams.com\/\",\"name\":\"Legit Grams\",\"description\":\"My WordPress Blog\",\"publisher\":{\"@id\":\"https:\/\/legitgrams.com\/#organization\"},\"potentialAction\":[{\"@type\":\"SearchAction\",\"target\":{\"@type\":\"EntryPoint\",\"urlTemplate\":\"https:\/\/legitgrams.com\/?s={search_term_string}\"},\"query-input\":{\"@type\":\"PropertyValueSpecification\",\"valueRequired\":true,\"valueName\":\"search_term_string\"}}],\"inLanguage\":\"it-IT\"},{\"@type\":\"Organization\",\"@id\":\"https:\/\/legitgrams.com\/#organization\",\"name\":\"Legit Grams\",\"url\":\"https:\/\/legitgrams.com\/\",\"logo\":{\"@type\":\"ImageObject\",\"inLanguage\":\"it-IT\",\"@id\":\"https:\/\/legitgrams.com\/#\/schema\/logo\/image\/\",\"url\":\"https:\/\/legitgrams.com\/wp-content\/uploads\/2024\/09\/main-logo.png\",\"contentUrl\":\"https:\/\/legitgrams.com\/wp-content\/uploads\/2024\/09\/main-logo.png\",\"width\":270,\"height\":75,\"caption\":\"Legit Grams\"},\"image\":{\"@id\":\"https:\/\/legitgrams.com\/#\/schema\/logo\/image\/\"}}]}<\/script>\n<!-- \/ Yoast SEO plugin. -->","yoast_head_json":{"title":"Pink Kush Hash in vendita - Ordina Pink Kush Hash online","description":"Scoprite il Pink Kush Hash di prima qualit\u00e0 in vendita nel nostro negozio online - acquistate il Pink Kush Hash in modo comodo e sicuro per alimentare la vostra ricerca. Esplorate e acquistate Pink Kush Hash online, facendo progredire i vostri sforzi scientifici con facilit\u00e0. Ordinate ora!","robots":{"index":"index","follow":"follow","max-snippet":"max-snippet:-1","max-image-preview":"max-image-preview:large","max-video-preview":"max-video-preview:-1"},"canonical":"https:\/\/legitgrams.com\/it\/prodotto\/hashish-pink-kush\/","og_locale":"it_IT","og_type":"article","og_title":"Pink Kush Hash for Sale - Order Pink Kush Hash Online","og_description":"Discover top-notch Pink Kush Hash for sale at our online store - buy Pink Kush Hash conveniently and securely to fuel your research. Explore and buy Pink Kush Hash online, advancing your scientific endeavors with ease. Order Now!","og_url":"https:\/\/legitgrams.com\/it\/prodotto\/hashish-pink-kush\/","og_site_name":"Legit Grams","article_modified_time":"2025-01-14T10:38:49+00:00","og_image":[{"width":600,"height":600,"url":"https:\/\/legitgrams.com\/wp-content\/uploads\/2024\/09\/buy-pink-kush-hash.jpg","type":"image\/jpeg"}],"twitter_card":"summary_large_image","twitter_misc":{"Tempo di lettura stimato":"2 minuti"},"schema":{"@context":"https:\/\/schema.org","@graph":[{"@type":"WebPage","@id":"https:\/\/legitgrams.com\/product\/pink-kush-hash\/","url":"https:\/\/legitgrams.com\/product\/pink-kush-hash\/","name":"Pink Kush Hash in vendita - Ordina Pink Kush Hash online","isPartOf":{"@id":"https:\/\/legitgrams.com\/#website"},"primaryImageOfPage":{"@id":"https:\/\/legitgrams.com\/product\/pink-kush-hash\/#primaryimage"},"image":{"@id":"https:\/\/legitgrams.com\/product\/pink-kush-hash\/#primaryimage"},"thumbnailUrl":"https:\/\/legitgrams.com\/wp-content\/uploads\/2024\/09\/buy-pink-kush-hash.jpg","datePublished":"2024-09-21T09:39:07+00:00","dateModified":"2025-01-14T10:38:49+00:00","description":"Scoprite il Pink Kush Hash di prima qualit\u00e0 in vendita nel nostro negozio online - acquistate il Pink Kush Hash in modo comodo e sicuro per alimentare la vostra ricerca. Esplorate e acquistate Pink Kush Hash online, facendo progredire i vostri sforzi scientifici con facilit\u00e0. Ordinate ora!","breadcrumb":{"@id":"https:\/\/legitgrams.com\/product\/pink-kush-hash\/#breadcrumb"},"inLanguage":"it-IT","potentialAction":[{"@type":"ReadAction","target":["https:\/\/legitgrams.com\/product\/pink-kush-hash\/"]}]},{"@type":"ImageObject","inLanguage":"it-IT","@id":"https:\/\/legitgrams.com\/product\/pink-kush-hash\/#primaryimage","url":"https:\/\/legitgrams.com\/wp-content\/uploads\/2024\/09\/buy-pink-kush-hash.jpg","contentUrl":"https:\/\/legitgrams.com\/wp-content\/uploads\/2024\/09\/buy-pink-kush-hash.jpg","width":600,"height":600,"caption":"Pink Kush Hash for Sale"},{"@type":"BreadcrumbList","@id":"https:\/\/legitgrams.com\/product\/pink-kush-hash\/#breadcrumb","itemListElement":[{"@type":"ListItem","position":1,"name":"Home","item":"https:\/\/legitgrams.com\/"},{"@type":"ListItem","position":2,"name":"Shop","item":"https:\/\/legitgrams.com\/shop\/"},{"@type":"ListItem","position":3,"name":"Pink Kush Hash"}]},{"@type":"WebSite","@id":"https:\/\/legitgrams.com\/#website","url":"https:\/\/legitgrams.com\/","name":"Grammi legittimi","description":"Il mio blog WordPress","publisher":{"@id":"https:\/\/legitgrams.com\/#organization"},"potentialAction":[{"@type":"SearchAction","target":{"@type":"EntryPoint","urlTemplate":"https:\/\/legitgrams.com\/?s={search_term_string}"},"query-input":{"@type":"PropertyValueSpecification","valueRequired":true,"valueName":"search_term_string"}}],"inLanguage":"it-IT"},{"@type":"Organization","@id":"https:\/\/legitgrams.com\/#organization","name":"Grammi legittimi","url":"https:\/\/legitgrams.com\/","logo":{"@type":"ImageObject","inLanguage":"it-IT","@id":"https:\/\/legitgrams.com\/#\/schema\/logo\/image\/","url":"https:\/\/legitgrams.com\/wp-content\/uploads\/2024\/09\/main-logo.png","contentUrl":"https:\/\/legitgrams.com\/wp-content\/uploads\/2024\/09\/main-logo.png","width":270,"height":75,"caption":"Legit Grams"},"image":{"@id":"https:\/\/legitgrams.com\/#\/schema\/logo\/image\/"}}]}},"uagb_featured_image_src":{"full":["https:\/\/legitgrams.com\/wp-content\/uploads\/2024\/09\/buy-pink-kush-hash.jpg",600,600,false],"thumbnail":["https:\/\/legitgrams.com\/wp-content\/uploads\/2024\/09\/buy-pink-kush-hash-150x150.jpg",150,150,true],"medium":["https:\/\/legitgrams.com\/wp-content\/uploads\/2024\/09\/buy-pink-kush-hash-300x300.jpg",300,300,true],"medium_large":["https:\/\/legitgrams.com\/wp-content\/uploads\/2024\/09\/buy-pink-kush-hash.jpg",600,600,false],"large":["https:\/\/legitgrams.com\/wp-content\/uploads\/2024\/09\/buy-pink-kush-hash.jpg",600,600,false],"1536x1536":["https:\/\/legitgrams.com\/wp-content\/uploads\/2024\/09\/buy-pink-kush-hash.jpg",600,600,false],"2048x2048":["https:\/\/legitgrams.com\/wp-content\/uploads\/2024\/09\/buy-pink-kush-hash.jpg",600,600,false],"trp-custom-language-flag":["https:\/\/legitgrams.com\/wp-content\/uploads\/2024\/09\/buy-pink-kush-hash-12x12.jpg",12,12,true],"woocommerce_thumbnail":["https:\/\/legitgrams.com\/wp-content\/uploads\/2024\/09\/buy-pink-kush-hash-300x300.jpg",300,300,true],"woocommerce_single":["https:\/\/legitgrams.com\/wp-content\/uploads\/2024\/09\/buy-pink-kush-hash.jpg",600,600,false],"woocommerce_gallery_thumbnail":["https:\/\/legitgrams.com\/wp-content\/uploads\/2024\/09\/buy-pink-kush-hash-100x100.jpg",100,100,true]},"uagb_author_info":{"display_name":"cokeblog18","author_link":"https:\/\/legitgrams.com\/it\/author\/"},"uagb_comment_info":0,"uagb_excerpt":"Purchase Pink Kush Hash Online Knowing what legal hash is, how it differs from other weed products, and how it relates to cannabis is essential knowledge to have before making an online purchase. Hash, another approach to deal with the state \u201chashish,\u201d is a cannabis concentrate delivered utilizing the pitch of a pot plant. The&hellip;","_links":{"self":[{"href":"https:\/\/legitgrams.com\/it\/wp-json\/wp\/v2\/product\/4019","targetHints":{"allow":["GET"]}}],"collection":[{"href":"https:\/\/legitgrams.com\/it\/wp-json\/wp\/v2\/product"}],"about":[{"href":"https:\/\/legitgrams.com\/it\/wp-json\/wp\/v2\/types\/product"}],"replies":[{"embeddable":true,"href":"https:\/\/legitgrams.com\/it\/wp-json\/wp\/v2\/comments?post=4019"}],"wp:featuredmedia":[{"embeddable":true,"href":"https:\/\/legitgrams.com\/it\/wp-json\/wp\/v2\/media\/5386"}],"wp:attachment":[{"href":"https:\/\/legitgrams.com\/it\/wp-json\/wp\/v2\/media?parent=4019"}],"wp:term":[{"taxonomy":"product_brand","embeddable":true,"href":"https:\/\/legitgrams.com\/it\/wp-json\/wp\/v2\/product_brand?post=4019"},{"taxonomy":"product_cat","embeddable":true,"href":"https:\/\/legitgrams.com\/it\/wp-json\/wp\/v2\/product_cat?post=4019"},{"taxonomy":"product_tag","embeddable":true,"href":"https:\/\/legitgrams.com\/it\/wp-json\/wp\/v2\/product_tag?post=4019"}],"curies":[{"name":"wp","href":"https:\/\/api.w.org\/{rel}","templated":true}]}}