{"id":4171,"date":"2024-09-21T12:07:00","date_gmt":"2024-09-21T12:07:00","guid":{"rendered":"https:\/\/legitgrams.com\/?post_type=product&#038;p=4171"},"modified":"2025-01-13T10:15:11","modified_gmt":"2025-01-13T10:15:11","slug":"hashish-a-bolle","status":"publish","type":"product","link":"https:\/\/legitgrams.com\/it\/prodotto\/hashish-a-bolle\/","title":{"rendered":"Hash a bolle d'aria"},"content":{"rendered":"<h2>Bubble Hash in vendita<\/h2>\n<p><a href=\"https:\/\/legitgrams.com\/it\/prodotto\/hashish-a-bolle\/\">Hash a bolle d'aria<\/a> \u00e8 un concentrato naturale di cannabis fatto interamente di tricomi, ricchi di terpeni e cannabinoidi. I tricomi vengono separati dagli altri elementi della pianta usando ghiaccio e acqua per creare questa concentrazione senza solventi. Viene prodotto senza l'uso di solventi chimici come CO2 o etanolo. <a href=\"https:\/\/legitgrams.com\/it\/\">LegitGrams<\/a><\/p>\n<h3>\u00bfCu\u00e1l es el prop\u00f3sito de los hashes de burbuja?<\/h3>\n<p>L'hashish con le bolle pu\u00f2 essere utilizzato in vari modi, tra cui nella canna stessa, nel vaporizzatore, nella pipa e nel bong. Pu\u00f2 essere mescolato con tabacco o marijuana, ma fai attenzione perch\u00e9 contiene THC. L'hashish e l'olio possono anche essere combinati per creare cannabis commestibile, il che \u00e8 molto utile durante questa stagione epidemica in cui \u00e8 vietato fumare.<\/p>\n<p>Acquisto online di Bubble Hash: Acquista Bubble,Acquista Bubble Hash online: Acquista Bubble Hash online, Acquista Bubble <a href=\"https:\/\/en.wikipedia.org\/wiki\/Hashish\">Hash<\/a> Online, Dove acquistare Bubble Hash, Acquista Bubble Hash online, Acquista Bubble Hash online, Acquista Bubble Hash online, Acquista Bubble Hash online, Acquista Bubble Hash online, Acquista Bubble Hash online, Acquista Bubble Hash online, Acquista Bubble Hash online, Acquista Bubble Hash online, Online, Fornitori, Consegna sicura, Bubble Hash \u00e8 ancora disponibile per l'acquisto. Puoi verificarne la legalit\u00e0 negli Stati Uniti, acquistarlo online e vedere se \u00e8 legale in Canada.<\/p>","protected":false},"excerpt":{"rendered":"<p>Bubble Hash for Sale Bubble Hash is a natural cannabis concentrate made entirely of trichomes, which are rich in terpenes and cannabinoids. Trichomes are separated from other plant elements using ice and water to make this solvent-free concentration. It is produced without the use of chemical solvents like CO2 or ethanol. LegitGrams What is the &hellip;<\/p>\n<p class=\"read-more\"> <a class=\"\" href=\"https:\/\/legitgrams.com\/it\/prodotto\/hashish-a-bolle\/\"> <span class=\"screen-reader-text\">Hash a bolle d'aria<\/span> Leggi tutto \"<\/a><\/p>","protected":false},"featured_media":5371,"comment_status":"open","ping_status":"closed","template":"","meta":{"_uag_custom_page_level_css":"","site-sidebar-layout":"default","site-content-layout":"default","ast-global-header-display":"","ast-main-header-display":"","ast-hfb-above-header-display":"","ast-hfb-below-header-display":"","ast-hfb-mobile-header-display":"","site-post-title":"","ast-breadcrumbs-content":"","ast-featured-img":"","footer-sml-layout":"","theme-transparent-header-meta":"default","adv-header-id-meta":"","stick-header-meta":"default","header-above-stick-meta":"","header-main-stick-meta":"","header-below-stick-meta":"","_joinchat":[]},"product_brand":[],"product_cat":[605],"product_tag":[2624,2614,2605,2609,2608,2616,2607,2617,2619,2626,2627,2625,2622,617,2606,2621,2618,2613,2611,2623,2620,625,2612,2615,2610],"class_list":{"0":"post-4171","1":"product","2":"type-product","3":"status-publish","4":"has-post-thumbnail","6":"product_cat-hash-hashish","7":"product_tag-best-cheap-price-bubble-hash","8":"product_tag-best-place-to-buy-bubble-hash","9":"product_tag-bubble-hash","10":"product_tag-bubble-hash-bubble-hash-supplier","11":"product_tag-bubble-hash-for-sale","12":"product_tag-bubble-hash-legally","13":"product_tag-bubble-hash-online","14":"product_tag-bubble-hash-price","15":"product_tag-bubble-hash-store","16":"product_tag-bubble-hash-use","17":"product_tag-bubble-hash-wiki","18":"product_tag-bubble-hash-worldwide","19":"product_tag-bubble-hashs","20":"product_tag-bulk-online","21":"product_tag-buy-bubble-hash","22":"product_tag-cheap-bubble-hash","23":"product_tag-high-quality-bubble-hash","24":"product_tag-how-to-buy-bubble-hash","25":"product_tag-order-bubble-hash","26":"product_tag-purcharse-bubble-hash","27":"product_tag-shop-bubble-hash","28":"product_tag-top-quality","29":"product_tag-where-to-buy-bubble-hash","30":"product_tag-where-to-order-bubble-hash","31":"product_tag-wholesale-bubble-hash","32":"desktop-align-left","33":"tablet-align-left","34":"mobile-align-left","35":"ast-product-gallery-layout-horizontal","36":"ast-product-gallery-with-no-image","37":"ast-product-single-variable","38":"ast-product-tabs-layout-horizontal","39":"ast-qv-on-image","41":"first","42":"instock","43":"shipping-taxable","44":"purchasable","45":"product-type-variable"},"yoast_head":"<!-- This site is optimized with the Yoast SEO plugin v25.9 - https:\/\/yoast.com\/wordpress\/plugins\/seo\/ -->\n<title>Bubble Hash for Sale - Order Bubble Hash Online | LegitGrams<\/title>\n<meta name=\"description\" content=\"If you want to buy bubble hash online and looking for a reliable online store, then buy here. We offer only high-quality bubble hash for sale at an affordable price. Order Bubble Hash Now!\" \/>\n<meta name=\"robots\" content=\"index, follow, max-snippet:-1, max-image-preview:large, max-video-preview:-1\" \/>\n<link rel=\"canonical\" href=\"https:\/\/legitgrams.com\/it\/prodotto\/hashish-a-bolle\/\" \/>\n<meta property=\"og:locale\" content=\"it_IT\" \/>\n<meta property=\"og:type\" content=\"article\" \/>\n<meta property=\"og:title\" content=\"Bubble Hash for Sale - Order Bubble Hash Online | LegitGrams\" \/>\n<meta property=\"og:description\" content=\"If you want to buy bubble hash online and looking for a reliable online store, then buy here. We offer only high-quality bubble hash for sale at an affordable price. Order Bubble Hash Now!\" \/>\n<meta property=\"og:url\" content=\"https:\/\/legitgrams.com\/it\/prodotto\/hashish-a-bolle\/\" \/>\n<meta property=\"og:site_name\" content=\"Legit Grams\" \/>\n<meta property=\"article:modified_time\" content=\"2025-01-13T10:15:11+00:00\" \/>\n<meta property=\"og:image\" content=\"https:\/\/legitgrams.com\/wp-content\/uploads\/2024\/09\/Buy-Bubble-Hash-Online.jpg\" \/>\n\t<meta property=\"og:image:width\" content=\"600\" \/>\n\t<meta property=\"og:image:height\" content=\"600\" \/>\n\t<meta property=\"og:image:type\" content=\"image\/jpeg\" \/>\n<meta name=\"twitter:card\" content=\"summary_large_image\" \/>\n<meta name=\"twitter:label1\" content=\"Tempo di lettura stimato\" \/>\n\t<meta name=\"twitter:data1\" content=\"2 minuti\" \/>\n<script type=\"application\/ld+json\" class=\"yoast-schema-graph\">{\"@context\":\"https:\/\/schema.org\",\"@graph\":[{\"@type\":\"WebPage\",\"@id\":\"https:\/\/legitgrams.com\/product\/bubble-hash\/\",\"url\":\"https:\/\/legitgrams.com\/product\/bubble-hash\/\",\"name\":\"Bubble Hash for Sale - Order Bubble Hash Online | LegitGrams\",\"isPartOf\":{\"@id\":\"https:\/\/legitgrams.com\/#website\"},\"primaryImageOfPage\":{\"@id\":\"https:\/\/legitgrams.com\/product\/bubble-hash\/#primaryimage\"},\"image\":{\"@id\":\"https:\/\/legitgrams.com\/product\/bubble-hash\/#primaryimage\"},\"thumbnailUrl\":\"https:\/\/legitgrams.com\/wp-content\/uploads\/2024\/09\/Buy-Bubble-Hash-Online.jpg\",\"datePublished\":\"2024-09-21T12:07:00+00:00\",\"dateModified\":\"2025-01-13T10:15:11+00:00\",\"description\":\"If you want to buy bubble hash online and looking for a reliable online store, then buy here. We offer only high-quality bubble hash for sale at an affordable price. Order Bubble Hash Now!\",\"breadcrumb\":{\"@id\":\"https:\/\/legitgrams.com\/product\/bubble-hash\/#breadcrumb\"},\"inLanguage\":\"it-IT\",\"potentialAction\":[{\"@type\":\"ReadAction\",\"target\":[\"https:\/\/legitgrams.com\/product\/bubble-hash\/\"]}]},{\"@type\":\"ImageObject\",\"inLanguage\":\"it-IT\",\"@id\":\"https:\/\/legitgrams.com\/product\/bubble-hash\/#primaryimage\",\"url\":\"https:\/\/legitgrams.com\/wp-content\/uploads\/2024\/09\/Buy-Bubble-Hash-Online.jpg\",\"contentUrl\":\"https:\/\/legitgrams.com\/wp-content\/uploads\/2024\/09\/Buy-Bubble-Hash-Online.jpg\",\"width\":600,\"height\":600,\"caption\":\"Bubble Hash for Sale\"},{\"@type\":\"BreadcrumbList\",\"@id\":\"https:\/\/legitgrams.com\/product\/bubble-hash\/#breadcrumb\",\"itemListElement\":[{\"@type\":\"ListItem\",\"position\":1,\"name\":\"Home\",\"item\":\"https:\/\/legitgrams.com\/\"},{\"@type\":\"ListItem\",\"position\":2,\"name\":\"Shop\",\"item\":\"https:\/\/legitgrams.com\/shop\/\"},{\"@type\":\"ListItem\",\"position\":3,\"name\":\"Bubble Hash\"}]},{\"@type\":\"WebSite\",\"@id\":\"https:\/\/legitgrams.com\/#website\",\"url\":\"https:\/\/legitgrams.com\/\",\"name\":\"Legit Grams\",\"description\":\"My WordPress Blog\",\"publisher\":{\"@id\":\"https:\/\/legitgrams.com\/#organization\"},\"potentialAction\":[{\"@type\":\"SearchAction\",\"target\":{\"@type\":\"EntryPoint\",\"urlTemplate\":\"https:\/\/legitgrams.com\/?s={search_term_string}\"},\"query-input\":{\"@type\":\"PropertyValueSpecification\",\"valueRequired\":true,\"valueName\":\"search_term_string\"}}],\"inLanguage\":\"it-IT\"},{\"@type\":\"Organization\",\"@id\":\"https:\/\/legitgrams.com\/#organization\",\"name\":\"Legit Grams\",\"url\":\"https:\/\/legitgrams.com\/\",\"logo\":{\"@type\":\"ImageObject\",\"inLanguage\":\"it-IT\",\"@id\":\"https:\/\/legitgrams.com\/#\/schema\/logo\/image\/\",\"url\":\"https:\/\/legitgrams.com\/wp-content\/uploads\/2024\/09\/main-logo.png\",\"contentUrl\":\"https:\/\/legitgrams.com\/wp-content\/uploads\/2024\/09\/main-logo.png\",\"width\":270,\"height\":75,\"caption\":\"Legit Grams\"},\"image\":{\"@id\":\"https:\/\/legitgrams.com\/#\/schema\/logo\/image\/\"}}]}<\/script>\n<!-- \/ Yoast SEO plugin. -->","yoast_head_json":{"title":"Bubble Hash in vendita - Ordina Bubble Hash online | LegitGrams","description":"Se volete comprare bubble hashish online e cercate un negozio online affidabile, allora comprate qui. Offriamo solo bubble hashish di alta qualit\u00e0 in vendita ad un prezzo accessibile. Ordina Bubble Hash ora!","robots":{"index":"index","follow":"follow","max-snippet":"max-snippet:-1","max-image-preview":"max-image-preview:large","max-video-preview":"max-video-preview:-1"},"canonical":"https:\/\/legitgrams.com\/it\/prodotto\/hashish-a-bolle\/","og_locale":"it_IT","og_type":"article","og_title":"Bubble Hash for Sale - Order Bubble Hash Online | LegitGrams","og_description":"If you want to buy bubble hash online and looking for a reliable online store, then buy here. We offer only high-quality bubble hash for sale at an affordable price. Order Bubble Hash Now!","og_url":"https:\/\/legitgrams.com\/it\/prodotto\/hashish-a-bolle\/","og_site_name":"Legit Grams","article_modified_time":"2025-01-13T10:15:11+00:00","og_image":[{"width":600,"height":600,"url":"https:\/\/legitgrams.com\/wp-content\/uploads\/2024\/09\/Buy-Bubble-Hash-Online.jpg","type":"image\/jpeg"}],"twitter_card":"summary_large_image","twitter_misc":{"Tempo di lettura stimato":"2 minuti"},"schema":{"@context":"https:\/\/schema.org","@graph":[{"@type":"WebPage","@id":"https:\/\/legitgrams.com\/product\/bubble-hash\/","url":"https:\/\/legitgrams.com\/product\/bubble-hash\/","name":"Bubble Hash in vendita - Ordina Bubble Hash online | LegitGrams","isPartOf":{"@id":"https:\/\/legitgrams.com\/#website"},"primaryImageOfPage":{"@id":"https:\/\/legitgrams.com\/product\/bubble-hash\/#primaryimage"},"image":{"@id":"https:\/\/legitgrams.com\/product\/bubble-hash\/#primaryimage"},"thumbnailUrl":"https:\/\/legitgrams.com\/wp-content\/uploads\/2024\/09\/Buy-Bubble-Hash-Online.jpg","datePublished":"2024-09-21T12:07:00+00:00","dateModified":"2025-01-13T10:15:11+00:00","description":"Se volete comprare bubble hashish online e cercate un negozio online affidabile, allora comprate qui. Offriamo solo bubble hashish di alta qualit\u00e0 in vendita ad un prezzo accessibile. Ordina Bubble Hash ora!","breadcrumb":{"@id":"https:\/\/legitgrams.com\/product\/bubble-hash\/#breadcrumb"},"inLanguage":"it-IT","potentialAction":[{"@type":"ReadAction","target":["https:\/\/legitgrams.com\/product\/bubble-hash\/"]}]},{"@type":"ImageObject","inLanguage":"it-IT","@id":"https:\/\/legitgrams.com\/product\/bubble-hash\/#primaryimage","url":"https:\/\/legitgrams.com\/wp-content\/uploads\/2024\/09\/Buy-Bubble-Hash-Online.jpg","contentUrl":"https:\/\/legitgrams.com\/wp-content\/uploads\/2024\/09\/Buy-Bubble-Hash-Online.jpg","width":600,"height":600,"caption":"Bubble Hash for Sale"},{"@type":"BreadcrumbList","@id":"https:\/\/legitgrams.com\/product\/bubble-hash\/#breadcrumb","itemListElement":[{"@type":"ListItem","position":1,"name":"Home","item":"https:\/\/legitgrams.com\/"},{"@type":"ListItem","position":2,"name":"Shop","item":"https:\/\/legitgrams.com\/shop\/"},{"@type":"ListItem","position":3,"name":"Bubble Hash"}]},{"@type":"WebSite","@id":"https:\/\/legitgrams.com\/#website","url":"https:\/\/legitgrams.com\/","name":"Grammi legittimi","description":"Il mio blog WordPress","publisher":{"@id":"https:\/\/legitgrams.com\/#organization"},"potentialAction":[{"@type":"SearchAction","target":{"@type":"EntryPoint","urlTemplate":"https:\/\/legitgrams.com\/?s={search_term_string}"},"query-input":{"@type":"PropertyValueSpecification","valueRequired":true,"valueName":"search_term_string"}}],"inLanguage":"it-IT"},{"@type":"Organization","@id":"https:\/\/legitgrams.com\/#organization","name":"Grammi legittimi","url":"https:\/\/legitgrams.com\/","logo":{"@type":"ImageObject","inLanguage":"it-IT","@id":"https:\/\/legitgrams.com\/#\/schema\/logo\/image\/","url":"https:\/\/legitgrams.com\/wp-content\/uploads\/2024\/09\/main-logo.png","contentUrl":"https:\/\/legitgrams.com\/wp-content\/uploads\/2024\/09\/main-logo.png","width":270,"height":75,"caption":"Legit Grams"},"image":{"@id":"https:\/\/legitgrams.com\/#\/schema\/logo\/image\/"}}]}},"uagb_featured_image_src":{"full":["https:\/\/legitgrams.com\/wp-content\/uploads\/2024\/09\/Buy-Bubble-Hash-Online.jpg",600,600,false],"thumbnail":["https:\/\/legitgrams.com\/wp-content\/uploads\/2024\/09\/Buy-Bubble-Hash-Online-150x150.jpg",150,150,true],"medium":["https:\/\/legitgrams.com\/wp-content\/uploads\/2024\/09\/Buy-Bubble-Hash-Online-300x300.jpg",300,300,true],"medium_large":["https:\/\/legitgrams.com\/wp-content\/uploads\/2024\/09\/Buy-Bubble-Hash-Online.jpg",600,600,false],"large":["https:\/\/legitgrams.com\/wp-content\/uploads\/2024\/09\/Buy-Bubble-Hash-Online.jpg",600,600,false],"1536x1536":["https:\/\/legitgrams.com\/wp-content\/uploads\/2024\/09\/Buy-Bubble-Hash-Online.jpg",600,600,false],"2048x2048":["https:\/\/legitgrams.com\/wp-content\/uploads\/2024\/09\/Buy-Bubble-Hash-Online.jpg",600,600,false],"trp-custom-language-flag":["https:\/\/legitgrams.com\/wp-content\/uploads\/2024\/09\/Buy-Bubble-Hash-Online-12x12.jpg",12,12,true],"woocommerce_thumbnail":["https:\/\/legitgrams.com\/wp-content\/uploads\/2024\/09\/Buy-Bubble-Hash-Online-300x300.jpg",300,300,true],"woocommerce_single":["https:\/\/legitgrams.com\/wp-content\/uploads\/2024\/09\/Buy-Bubble-Hash-Online.jpg",600,600,false],"woocommerce_gallery_thumbnail":["https:\/\/legitgrams.com\/wp-content\/uploads\/2024\/09\/Buy-Bubble-Hash-Online-100x100.jpg",100,100,true]},"uagb_author_info":{"display_name":"cokeblog18","author_link":"https:\/\/legitgrams.com\/it\/author\/"},"uagb_comment_info":0,"uagb_excerpt":"Bubble Hash for Sale Bubble Hash is a natural cannabis concentrate made entirely of trichomes, which are rich in terpenes and cannabinoids. Trichomes are separated from other plant elements using ice and water to make this solvent-free concentration. It is produced without the use of chemical solvents like CO2 or ethanol. LegitGrams What is the&hellip;","_links":{"self":[{"href":"https:\/\/legitgrams.com\/it\/wp-json\/wp\/v2\/product\/4171","targetHints":{"allow":["GET"]}}],"collection":[{"href":"https:\/\/legitgrams.com\/it\/wp-json\/wp\/v2\/product"}],"about":[{"href":"https:\/\/legitgrams.com\/it\/wp-json\/wp\/v2\/types\/product"}],"replies":[{"embeddable":true,"href":"https:\/\/legitgrams.com\/it\/wp-json\/wp\/v2\/comments?post=4171"}],"wp:featuredmedia":[{"embeddable":true,"href":"https:\/\/legitgrams.com\/it\/wp-json\/wp\/v2\/media\/5371"}],"wp:attachment":[{"href":"https:\/\/legitgrams.com\/it\/wp-json\/wp\/v2\/media?parent=4171"}],"wp:term":[{"taxonomy":"product_brand","embeddable":true,"href":"https:\/\/legitgrams.com\/it\/wp-json\/wp\/v2\/product_brand?post=4171"},{"taxonomy":"product_cat","embeddable":true,"href":"https:\/\/legitgrams.com\/it\/wp-json\/wp\/v2\/product_cat?post=4171"},{"taxonomy":"product_tag","embeddable":true,"href":"https:\/\/legitgrams.com\/it\/wp-json\/wp\/v2\/product_tag?post=4171"}],"curies":[{"name":"wp","href":"https:\/\/api.w.org\/{rel}","templated":true}]}}