{"id":4179,"date":"2024-09-21T12:15:48","date_gmt":"2024-09-21T12:15:48","guid":{"rendered":"https:\/\/legitgrams.com\/?post_type=product&#038;p=4179"},"modified":"2025-04-04T05:22:07","modified_gmt":"2025-04-04T05:22:07","slug":"hashish-di-charas","status":"publish","type":"product","link":"https:\/\/legitgrams.com\/it\/prodotto\/hashish-di-charas\/","title":{"rendered":"Acquista Charas Hash online"},"content":{"rendered":"<h2>Hash Charas in vendita<\/h2>\n<p>Acquisto<a href=\"https:\/\/legitgrams.com\/it\/prodotto\/hashish-di-charas\/\"> Hash di Charas online<\/a>. generato accarezzando delicatamente i germogli femminili tra i palmi delle mani. Prima del trasporto, il pece viene compresso nei tipici pezzi e distribuito come palline di hashish. Sfumatura: scura, nera all'esterno o verde chiaro all'interno. Profumo: da piccante a molto aspro. Un profumo unico. Gusto: a differenza dell'Afghani, \u00e8 un po' ruvido in gola e molto piccante. Consistenza: \u00e8 incredibilmente morbido e pu\u00f2 essere massaggiato correttamente, proprio come l'Afghani. A volte molto fine, ma sempre denso. Impatto: gioioso e piuttosto intenso. collegato al cervello. Forza: eccezionalmente potente e forte. <a href=\"https:\/\/www.google.com\/search?q=Acquista+Charas+Hash+online&amp;sca_esv=eddefdb7b92e7545&amp;sxsrf=AHTn8zrAxz82FZrrBLaH7H3Ve_ke0CsGpg1743744587920&amp;ei=S27vZ5z0N46d0PEP4PK2iQQ&amp;ved=0ahUKEwjcxffl0r2MAxWODjQIHWC5LUEQ4dUDCBA&amp;uact=5&amp;oq=Acquista+Charas+Hash+online&amp;gs_lp=Egxnd3Mtd2l6LXNlcnAiG0FjcXVpc3RhIENoYXJhcyBIYXNoIG9ubGluZUi2BFAAWABwAHgAkAEAmAEAoAEAqgEAuAEDyAEA-AEC-AEBmAIAoAIAmAMAkgcAoAcAsgcAuAcA&amp;sclient=gws-wiz-serp\">Caras<\/a> \u00c8 spesso un'ottima fumata, molto simile a quella nepalese. (10-26% di THC) Disponibilit\u00e0: estremamente rara; solo quantit\u00e0 estremamente ridotte vengono periodicamente rese disponibili. La maggior parte di questo tipo viene importata da turisti privati. di hashish in India. Ovviamente il costo \u00e8 elevato rispetto a quello nepalese. <a href=\"https:\/\/www.bing.com\/search?q=AcquistaCharasHashonline&amp;qs=n&amp;form=QBRE&amp;sp=-1&amp;lq=0&amp;pq=acquistacharashashonline&amp;sc=12-27&amp;sk=&amp;cvid=0EA56AD1C0BE48C2AD1AE3515D81B79B&amp;ghsh=0&amp;ghacc=0&amp;ghpl=\">Caras<\/a> is usually sold as a hash piece called a &#8220;finger,&#8221; which resembles a hotdog. <a href=\"https:\/\/legitgrams.com\/it\/\">LegitGrams<\/a><\/p>\n<p>Acquista Charas Hash online \u2013 Acquista Hash, Acquista Charas Hash, Acquista <a href=\"https:\/\/en.wikipedia.org\/wiki\/Charas\">Caras<\/a> Hash, Dove acquistare Charas Hash, Acquista Charas Hash in vendita, Acquista Charas Hash negli Stati Uniti, Canada, Regno Unito, Acquista online, Fornitori, Consegna sicura, Acquista online, <a href=\"https:\/\/duckduckgo.com\/?q=Acquista+Charas+Hash+online&amp;t=h_\">Charas Hash<\/a> \u00e8 ancora disponibile; puoi verificarne la legalit\u00e0 negli Stati Uniti, acquistarlo online e vedere se \u00e8 legale in Canada.<\/p>","protected":false},"excerpt":{"rendered":"<p>Hash Charas for Sale Purchase Charas Hash online. generated by gently stroking the female buds between your palms. Prior to transportation, the pitch is compressed into the typical pieces and distributed as hash balls. Shading: Dark, black on the outside, or light green inside. Scent: Hot to very tangy. A unique scent. Taste: Unlike Afghani, &hellip;<\/p>\n<p class=\"read-more\"> <a class=\"\" href=\"https:\/\/legitgrams.com\/it\/prodotto\/hashish-di-charas\/\"> <span class=\"screen-reader-text\">Acquista Charas Hash online<\/span> Leggi tutto \"<\/a><\/p>","protected":false},"featured_media":5372,"comment_status":"open","ping_status":"closed","template":"","meta":{"_uag_custom_page_level_css":"","site-sidebar-layout":"default","site-content-layout":"default","ast-global-header-display":"","ast-main-header-display":"","ast-hfb-above-header-display":"","ast-hfb-below-header-display":"","ast-hfb-mobile-header-display":"","site-post-title":"","ast-breadcrumbs-content":"","ast-featured-img":"","footer-sml-layout":"","theme-transparent-header-meta":"default","adv-header-id-meta":"","stick-header-meta":"default","header-above-stick-meta":"","header-main-stick-meta":"","header-below-stick-meta":"","_joinchat":[]},"product_brand":[],"product_cat":[605],"product_tag":[2532,2522,617,2514,2513,2517,2516,2524,2515,2525,2527,2534,2535,2533,2530,2529,2526,2521,2519,2531,2528,625,2520,2523,2518],"class_list":{"0":"post-4179","1":"product","2":"type-product","3":"status-publish","4":"has-post-thumbnail","6":"product_cat-hash-hashish","7":"product_tag-best-cheap-price-charas-hash","8":"product_tag-best-place-to-buy-charas-hash","9":"product_tag-bulk-online","10":"product_tag-buy-charas-hash","11":"product_tag-charas-hash","12":"product_tag-charas-hash-charas-hash-supplier","13":"product_tag-charas-hash-for-sale","14":"product_tag-charas-hash-legally","15":"product_tag-charas-hash-online","16":"product_tag-charas-hash-price","17":"product_tag-charas-hash-store","18":"product_tag-charas-hash-use","19":"product_tag-charas-hash-wiki","20":"product_tag-charas-hash-worldwide","21":"product_tag-charas-hashs","22":"product_tag-cheap-charas-hash","23":"product_tag-high-quality-charas-hash","24":"product_tag-how-to-buy-charas-hash","25":"product_tag-order-charas-hash","26":"product_tag-purcharse-charas-hash","27":"product_tag-shop-charas-hash","28":"product_tag-top-quality","29":"product_tag-where-to-buy-charas-hash","30":"product_tag-where-to-order-charas-hash","31":"product_tag-wholesale-charas-hash","32":"desktop-align-left","33":"tablet-align-left","34":"mobile-align-left","35":"ast-product-gallery-layout-horizontal","36":"ast-product-gallery-with-no-image","37":"ast-product-single-variable","38":"ast-product-tabs-layout-horizontal","39":"ast-qv-on-image","41":"first","42":"instock","43":"featured","44":"shipping-taxable","45":"purchasable","46":"product-type-variable"},"yoast_head":"<!-- This site is optimized with the Yoast SEO plugin v25.9 - https:\/\/yoast.com\/wordpress\/plugins\/seo\/ -->\n<title>Charas Hash for Sale - Buy Charas Hash Online - Order Hash<\/title>\n<meta name=\"description\" content=\"Looking for a reliable source to buy Charas Hash online? Your search ends here. Order Charas Hash online from our trusted store and enjoy a seamless buying process tailored for your research needs.\" \/>\n<meta name=\"robots\" content=\"index, follow, max-snippet:-1, max-image-preview:large, max-video-preview:-1\" \/>\n<link rel=\"canonical\" href=\"https:\/\/legitgrams.com\/it\/prodotto\/hashish-di-charas\/\" \/>\n<meta property=\"og:locale\" content=\"it_IT\" \/>\n<meta property=\"og:type\" content=\"article\" \/>\n<meta property=\"og:title\" content=\"Charas Hash for Sale - Buy Charas Hash Online - Order Hash\" \/>\n<meta property=\"og:description\" content=\"Looking for a reliable source to buy Charas Hash online? Your search ends here. Order Charas Hash online from our trusted store and enjoy a seamless buying process tailored for your research needs.\" \/>\n<meta property=\"og:url\" content=\"https:\/\/legitgrams.com\/it\/prodotto\/hashish-di-charas\/\" \/>\n<meta property=\"og:site_name\" content=\"Legit Grams\" \/>\n<meta property=\"article:modified_time\" content=\"2025-04-04T05:22:07+00:00\" \/>\n<meta property=\"og:image\" content=\"https:\/\/legitgrams.com\/wp-content\/uploads\/2024\/09\/Buy-Charas-Hash-Online.jpg\" \/>\n\t<meta property=\"og:image:width\" content=\"600\" \/>\n\t<meta property=\"og:image:height\" content=\"600\" \/>\n\t<meta property=\"og:image:type\" content=\"image\/jpeg\" \/>\n<meta name=\"twitter:card\" content=\"summary_large_image\" \/>\n<meta name=\"twitter:label1\" content=\"Tempo di lettura stimato\" \/>\n\t<meta name=\"twitter:data1\" content=\"2 minuti\" \/>\n<script type=\"application\/ld+json\" class=\"yoast-schema-graph\">{\"@context\":\"https:\/\/schema.org\",\"@graph\":[{\"@type\":\"WebPage\",\"@id\":\"https:\/\/legitgrams.com\/product\/charas-hash\/\",\"url\":\"https:\/\/legitgrams.com\/product\/charas-hash\/\",\"name\":\"Charas Hash for Sale - Buy Charas Hash Online - Order Hash\",\"isPartOf\":{\"@id\":\"https:\/\/legitgrams.com\/#website\"},\"primaryImageOfPage\":{\"@id\":\"https:\/\/legitgrams.com\/product\/charas-hash\/#primaryimage\"},\"image\":{\"@id\":\"https:\/\/legitgrams.com\/product\/charas-hash\/#primaryimage\"},\"thumbnailUrl\":\"https:\/\/legitgrams.com\/wp-content\/uploads\/2024\/09\/Buy-Charas-Hash-Online.jpg\",\"datePublished\":\"2024-09-21T12:15:48+00:00\",\"dateModified\":\"2025-04-04T05:22:07+00:00\",\"description\":\"Looking for a reliable source to buy Charas Hash online? Your search ends here. Order Charas Hash online from our trusted store and enjoy a seamless buying process tailored for your research needs.\",\"breadcrumb\":{\"@id\":\"https:\/\/legitgrams.com\/product\/charas-hash\/#breadcrumb\"},\"inLanguage\":\"it-IT\",\"potentialAction\":[{\"@type\":\"ReadAction\",\"target\":[\"https:\/\/legitgrams.com\/product\/charas-hash\/\"]}]},{\"@type\":\"ImageObject\",\"inLanguage\":\"it-IT\",\"@id\":\"https:\/\/legitgrams.com\/product\/charas-hash\/#primaryimage\",\"url\":\"https:\/\/legitgrams.com\/wp-content\/uploads\/2024\/09\/Buy-Charas-Hash-Online.jpg\",\"contentUrl\":\"https:\/\/legitgrams.com\/wp-content\/uploads\/2024\/09\/Buy-Charas-Hash-Online.jpg\",\"width\":600,\"height\":600,\"caption\":\"Charas Hash for Sale\"},{\"@type\":\"BreadcrumbList\",\"@id\":\"https:\/\/legitgrams.com\/product\/charas-hash\/#breadcrumb\",\"itemListElement\":[{\"@type\":\"ListItem\",\"position\":1,\"name\":\"Home\",\"item\":\"https:\/\/legitgrams.com\/\"},{\"@type\":\"ListItem\",\"position\":2,\"name\":\"Shop\",\"item\":\"https:\/\/legitgrams.com\/shop\/\"},{\"@type\":\"ListItem\",\"position\":3,\"name\":\"Buy Charas Hash Online\"}]},{\"@type\":\"WebSite\",\"@id\":\"https:\/\/legitgrams.com\/#website\",\"url\":\"https:\/\/legitgrams.com\/\",\"name\":\"Legit Grams\",\"description\":\"My WordPress Blog\",\"publisher\":{\"@id\":\"https:\/\/legitgrams.com\/#organization\"},\"potentialAction\":[{\"@type\":\"SearchAction\",\"target\":{\"@type\":\"EntryPoint\",\"urlTemplate\":\"https:\/\/legitgrams.com\/?s={search_term_string}\"},\"query-input\":{\"@type\":\"PropertyValueSpecification\",\"valueRequired\":true,\"valueName\":\"search_term_string\"}}],\"inLanguage\":\"it-IT\"},{\"@type\":\"Organization\",\"@id\":\"https:\/\/legitgrams.com\/#organization\",\"name\":\"Legit Grams\",\"url\":\"https:\/\/legitgrams.com\/\",\"logo\":{\"@type\":\"ImageObject\",\"inLanguage\":\"it-IT\",\"@id\":\"https:\/\/legitgrams.com\/#\/schema\/logo\/image\/\",\"url\":\"https:\/\/legitgrams.com\/wp-content\/uploads\/2024\/09\/main-logo.png\",\"contentUrl\":\"https:\/\/legitgrams.com\/wp-content\/uploads\/2024\/09\/main-logo.png\",\"width\":270,\"height\":75,\"caption\":\"Legit Grams\"},\"image\":{\"@id\":\"https:\/\/legitgrams.com\/#\/schema\/logo\/image\/\"}}]}<\/script>\n<!-- \/ Yoast SEO plugin. -->","yoast_head_json":{"title":"Vendita Charas Hash - Comprare Charas Hash Online - Ordinare Hash","description":"State cercando una fonte affidabile per acquistare Charas Hash online? La vostra ricerca termina qui. Ordinate Charas Hash online dal nostro negozio di fiducia e godetevi un processo di acquisto senza interruzioni, su misura per le vostre esigenze di ricerca.","robots":{"index":"index","follow":"follow","max-snippet":"max-snippet:-1","max-image-preview":"max-image-preview:large","max-video-preview":"max-video-preview:-1"},"canonical":"https:\/\/legitgrams.com\/it\/prodotto\/hashish-di-charas\/","og_locale":"it_IT","og_type":"article","og_title":"Charas Hash for Sale - Buy Charas Hash Online - Order Hash","og_description":"Looking for a reliable source to buy Charas Hash online? Your search ends here. Order Charas Hash online from our trusted store and enjoy a seamless buying process tailored for your research needs.","og_url":"https:\/\/legitgrams.com\/it\/prodotto\/hashish-di-charas\/","og_site_name":"Legit Grams","article_modified_time":"2025-04-04T05:22:07+00:00","og_image":[{"width":600,"height":600,"url":"https:\/\/legitgrams.com\/wp-content\/uploads\/2024\/09\/Buy-Charas-Hash-Online.jpg","type":"image\/jpeg"}],"twitter_card":"summary_large_image","twitter_misc":{"Tempo di lettura stimato":"2 minuti"},"schema":{"@context":"https:\/\/schema.org","@graph":[{"@type":"WebPage","@id":"https:\/\/legitgrams.com\/product\/charas-hash\/","url":"https:\/\/legitgrams.com\/product\/charas-hash\/","name":"Vendita Charas Hash - Comprare Charas Hash Online - Ordinare Hash","isPartOf":{"@id":"https:\/\/legitgrams.com\/#website"},"primaryImageOfPage":{"@id":"https:\/\/legitgrams.com\/product\/charas-hash\/#primaryimage"},"image":{"@id":"https:\/\/legitgrams.com\/product\/charas-hash\/#primaryimage"},"thumbnailUrl":"https:\/\/legitgrams.com\/wp-content\/uploads\/2024\/09\/Buy-Charas-Hash-Online.jpg","datePublished":"2024-09-21T12:15:48+00:00","dateModified":"2025-04-04T05:22:07+00:00","description":"State cercando una fonte affidabile per acquistare Charas Hash online? La vostra ricerca termina qui. Ordinate Charas Hash online dal nostro negozio di fiducia e godetevi un processo di acquisto senza interruzioni, su misura per le vostre esigenze di ricerca.","breadcrumb":{"@id":"https:\/\/legitgrams.com\/product\/charas-hash\/#breadcrumb"},"inLanguage":"it-IT","potentialAction":[{"@type":"ReadAction","target":["https:\/\/legitgrams.com\/product\/charas-hash\/"]}]},{"@type":"ImageObject","inLanguage":"it-IT","@id":"https:\/\/legitgrams.com\/product\/charas-hash\/#primaryimage","url":"https:\/\/legitgrams.com\/wp-content\/uploads\/2024\/09\/Buy-Charas-Hash-Online.jpg","contentUrl":"https:\/\/legitgrams.com\/wp-content\/uploads\/2024\/09\/Buy-Charas-Hash-Online.jpg","width":600,"height":600,"caption":"Charas Hash for Sale"},{"@type":"BreadcrumbList","@id":"https:\/\/legitgrams.com\/product\/charas-hash\/#breadcrumb","itemListElement":[{"@type":"ListItem","position":1,"name":"Home","item":"https:\/\/legitgrams.com\/"},{"@type":"ListItem","position":2,"name":"Shop","item":"https:\/\/legitgrams.com\/shop\/"},{"@type":"ListItem","position":3,"name":"Buy Charas Hash Online"}]},{"@type":"WebSite","@id":"https:\/\/legitgrams.com\/#website","url":"https:\/\/legitgrams.com\/","name":"Grammi legittimi","description":"Il mio blog WordPress","publisher":{"@id":"https:\/\/legitgrams.com\/#organization"},"potentialAction":[{"@type":"SearchAction","target":{"@type":"EntryPoint","urlTemplate":"https:\/\/legitgrams.com\/?s={search_term_string}"},"query-input":{"@type":"PropertyValueSpecification","valueRequired":true,"valueName":"search_term_string"}}],"inLanguage":"it-IT"},{"@type":"Organization","@id":"https:\/\/legitgrams.com\/#organization","name":"Grammi legittimi","url":"https:\/\/legitgrams.com\/","logo":{"@type":"ImageObject","inLanguage":"it-IT","@id":"https:\/\/legitgrams.com\/#\/schema\/logo\/image\/","url":"https:\/\/legitgrams.com\/wp-content\/uploads\/2024\/09\/main-logo.png","contentUrl":"https:\/\/legitgrams.com\/wp-content\/uploads\/2024\/09\/main-logo.png","width":270,"height":75,"caption":"Legit Grams"},"image":{"@id":"https:\/\/legitgrams.com\/#\/schema\/logo\/image\/"}}]}},"uagb_featured_image_src":{"full":["https:\/\/legitgrams.com\/wp-content\/uploads\/2024\/09\/Buy-Charas-Hash-Online.jpg",600,600,false],"thumbnail":["https:\/\/legitgrams.com\/wp-content\/uploads\/2024\/09\/Buy-Charas-Hash-Online-150x150.jpg",150,150,true],"medium":["https:\/\/legitgrams.com\/wp-content\/uploads\/2024\/09\/Buy-Charas-Hash-Online-300x300.jpg",300,300,true],"medium_large":["https:\/\/legitgrams.com\/wp-content\/uploads\/2024\/09\/Buy-Charas-Hash-Online.jpg",600,600,false],"large":["https:\/\/legitgrams.com\/wp-content\/uploads\/2024\/09\/Buy-Charas-Hash-Online.jpg",600,600,false],"1536x1536":["https:\/\/legitgrams.com\/wp-content\/uploads\/2024\/09\/Buy-Charas-Hash-Online.jpg",600,600,false],"2048x2048":["https:\/\/legitgrams.com\/wp-content\/uploads\/2024\/09\/Buy-Charas-Hash-Online.jpg",600,600,false],"trp-custom-language-flag":["https:\/\/legitgrams.com\/wp-content\/uploads\/2024\/09\/Buy-Charas-Hash-Online-12x12.jpg",12,12,true],"woocommerce_thumbnail":["https:\/\/legitgrams.com\/wp-content\/uploads\/2024\/09\/Buy-Charas-Hash-Online-300x300.jpg",300,300,true],"woocommerce_single":["https:\/\/legitgrams.com\/wp-content\/uploads\/2024\/09\/Buy-Charas-Hash-Online.jpg",600,600,false],"woocommerce_gallery_thumbnail":["https:\/\/legitgrams.com\/wp-content\/uploads\/2024\/09\/Buy-Charas-Hash-Online-100x100.jpg",100,100,true]},"uagb_author_info":{"display_name":"cokeblog18","author_link":"https:\/\/legitgrams.com\/it\/author\/"},"uagb_comment_info":0,"uagb_excerpt":"Hash Charas for Sale Purchase Charas Hash online. generated by gently stroking the female buds between your palms. Prior to transportation, the pitch is compressed into the typical pieces and distributed as hash balls. Shading: Dark, black on the outside, or light green inside. Scent: Hot to very tangy. A unique scent. Taste: Unlike Afghani,&hellip;","_links":{"self":[{"href":"https:\/\/legitgrams.com\/it\/wp-json\/wp\/v2\/product\/4179","targetHints":{"allow":["GET"]}}],"collection":[{"href":"https:\/\/legitgrams.com\/it\/wp-json\/wp\/v2\/product"}],"about":[{"href":"https:\/\/legitgrams.com\/it\/wp-json\/wp\/v2\/types\/product"}],"replies":[{"embeddable":true,"href":"https:\/\/legitgrams.com\/it\/wp-json\/wp\/v2\/comments?post=4179"}],"wp:featuredmedia":[{"embeddable":true,"href":"https:\/\/legitgrams.com\/it\/wp-json\/wp\/v2\/media\/5372"}],"wp:attachment":[{"href":"https:\/\/legitgrams.com\/it\/wp-json\/wp\/v2\/media?parent=4179"}],"wp:term":[{"taxonomy":"product_brand","embeddable":true,"href":"https:\/\/legitgrams.com\/it\/wp-json\/wp\/v2\/product_brand?post=4179"},{"taxonomy":"product_cat","embeddable":true,"href":"https:\/\/legitgrams.com\/it\/wp-json\/wp\/v2\/product_cat?post=4179"},{"taxonomy":"product_tag","embeddable":true,"href":"https:\/\/legitgrams.com\/it\/wp-json\/wp\/v2\/product_tag?post=4179"}],"curies":[{"name":"wp","href":"https:\/\/api.w.org\/{rel}","templated":true}]}}