{"id":4180,"date":"2024-09-21T12:16:27","date_gmt":"2024-09-21T12:16:27","guid":{"rendered":"https:\/\/legitgrams.com\/?post_type=product&#038;p=4180"},"modified":"2025-01-14T05:05:05","modified_gmt":"2025-01-14T05:05:05","slug":"gelato-hashish","status":"publish","type":"product","link":"https:\/\/legitgrams.com\/it\/prodotto\/gelato-hashish\/","title":{"rendered":"Gelato Hash"},"content":{"rendered":"<h2>Acquisto online di Gelato Hash<\/h2>\n<p><a href=\"https:\/\/legitgrams.com\/it\/prodotto\/gelato-hashish\/\">Gelato Hash<\/a> \u00e8 attualmente disponibile per l'acquisto nel Regno Unito e in Europa presso Astra Weed! L'hashish Gela \u00e8 una vera delizia sia per i nuovi arrivati \u200b\u200bnel gioioso mondo dell'hashish che per gli appassionati di hashish. delle pi\u00f9 antiche e note tradizioni della cannabis. Questo hashish \u00e8 creato utilizzando materiale colorato che \u00e8 stato conservato per otto settimane. Questo \u00e8 l'hashish di migliore qualit\u00e0. <a href=\"https:\/\/legitgrams.com\/it\/\">LegitGrams<\/a><\/p>\n<p>Acquisto online di Gelato Hash: Acquista Hash, Acquista Gelato Hash, Acquista Hash online, Gelato Hash: dove acquistarlo, Gelato Hash in vendita, Acquistalo online, Acquistalo negli USA, in Canada e nel Regno Unito, Acquistalo online, Fornitori, Consegna sicura, Gelato Hash \u00e8 ancora accessibile. \u00c8 legale acquistare <a href=\"https:\/\/en.wikipedia.org\/wiki\/Gelato\">Gelato<\/a> Hash online negli Stati Uniti, come ordinare Gelato Hash, Gelato Hash \u00e8 legale in Canada?<\/p>","protected":false},"excerpt":{"rendered":"<p>Gelato Hash Online Purchase Gelato Hash is currently available for purchase in the UK and Europe at Astra Weed! Gela hash is a bit of a treat for both newcomers to the joyous world of hashish and hash enthusiasts. of the oldest and most well-known cannabis traditions. This hash is created using colored material that &hellip;<\/p>\n<p class=\"read-more\"> <a class=\"\" href=\"https:\/\/legitgrams.com\/it\/prodotto\/gelato-hashish\/\"> <span class=\"screen-reader-text\">Gelato Hash<\/span> Leggi tutto \"<\/a><\/p>","protected":false},"featured_media":5373,"comment_status":"open","ping_status":"closed","template":"","meta":{"_uag_custom_page_level_css":"","site-sidebar-layout":"default","site-content-layout":"default","ast-global-header-display":"","ast-main-header-display":"","ast-hfb-above-header-display":"","ast-hfb-below-header-display":"","ast-hfb-mobile-header-display":"","site-post-title":"","ast-breadcrumbs-content":"","ast-featured-img":"","footer-sml-layout":"","theme-transparent-header-meta":"default","adv-header-id-meta":"","stick-header-meta":"default","header-above-stick-meta":"","header-main-stick-meta":"","header-below-stick-meta":"","_joinchat":[]},"product_brand":[],"product_cat":[605],"product_tag":[2509,2499,617,2491,2506,2490,2493,2494,2501,2492,2504,2511,2512,2510,2502,2507,2503,2498,2496,2508,2505,625,2497,2500,2495],"class_list":{"0":"post-4180","1":"product","2":"type-product","3":"status-publish","4":"has-post-thumbnail","6":"product_cat-hash-hashish","7":"product_tag-best-cheap-price-gelato-hash","8":"product_tag-best-place-to-buy-gelato-hash","9":"product_tag-bulk-online","10":"product_tag-buy-gelato-hash","11":"product_tag-cheap-gelato-hash","12":"product_tag-gelato-hash","13":"product_tag-gelato-hash-for-sale","14":"product_tag-gelato-hash-gelato-hash-supplier","15":"product_tag-gelato-hash-legally","16":"product_tag-gelato-hash-online","17":"product_tag-gelato-hash-store","18":"product_tag-gelato-hash-use","19":"product_tag-gelato-hash-wiki","20":"product_tag-gelato-hash-worldwide","21":"product_tag-gelato-hashprice","22":"product_tag-gelato-hashs","23":"product_tag-high-quality-gelato-hash","24":"product_tag-how-to-buy-gelato-hash","25":"product_tag-order-gelato-hash","26":"product_tag-purcharse-gelato-hash","27":"product_tag-shop-gelato-hash","28":"product_tag-top-quality","29":"product_tag-where-to-buy-gelato-hash","30":"product_tag-where-to-order-gelato-hash","31":"product_tag-wholesale-gelato-hash","32":"desktop-align-left","33":"tablet-align-left","34":"mobile-align-left","35":"ast-product-gallery-layout-horizontal","36":"ast-product-gallery-with-no-image","37":"ast-product-single-variable","38":"ast-product-tabs-layout-horizontal","39":"ast-qv-on-image","41":"first","42":"instock","43":"shipping-taxable","44":"purchasable","45":"product-type-variable"},"yoast_head":"<!-- This site is optimized with the Yoast SEO plugin v25.9 - https:\/\/yoast.com\/wordpress\/plugins\/seo\/ -->\n<title>Gelato Hash for Sale - Buy Gelato Hash Online | LegitGrams<\/title>\n<meta name=\"description\" content=\"Get Gelato Hash for sale at one of the best online stores. We will help you buy Gelato Hash online of high quality. Don&#039;t delay to place your order and take advantage of the newest discounts!\" \/>\n<meta name=\"robots\" content=\"index, follow, max-snippet:-1, max-image-preview:large, max-video-preview:-1\" \/>\n<link rel=\"canonical\" href=\"https:\/\/legitgrams.com\/it\/prodotto\/gelato-hashish\/\" \/>\n<meta property=\"og:locale\" content=\"it_IT\" \/>\n<meta property=\"og:type\" content=\"article\" \/>\n<meta property=\"og:title\" content=\"Gelato Hash for Sale - Buy Gelato Hash Online | LegitGrams\" \/>\n<meta property=\"og:description\" content=\"Get Gelato Hash for sale at one of the best online stores. We will help you buy Gelato Hash online of high quality. Don&#039;t delay to place your order and take advantage of the newest discounts!\" \/>\n<meta property=\"og:url\" content=\"https:\/\/legitgrams.com\/it\/prodotto\/gelato-hashish\/\" \/>\n<meta property=\"og:site_name\" content=\"Legit Grams\" \/>\n<meta property=\"article:modified_time\" content=\"2025-01-14T05:05:05+00:00\" \/>\n<meta property=\"og:image\" content=\"https:\/\/legitgrams.com\/wp-content\/uploads\/2024\/09\/Buy-Gelato-Hash.jpg\" \/>\n\t<meta property=\"og:image:width\" content=\"600\" \/>\n\t<meta property=\"og:image:height\" content=\"600\" \/>\n\t<meta property=\"og:image:type\" content=\"image\/jpeg\" \/>\n<meta name=\"twitter:card\" content=\"summary_large_image\" \/>\n<meta name=\"twitter:label1\" content=\"Tempo di lettura stimato\" \/>\n\t<meta name=\"twitter:data1\" content=\"1 minuto\" \/>\n<script type=\"application\/ld+json\" class=\"yoast-schema-graph\">{\"@context\":\"https:\/\/schema.org\",\"@graph\":[{\"@type\":\"WebPage\",\"@id\":\"https:\/\/legitgrams.com\/product\/gelato-hash\/\",\"url\":\"https:\/\/legitgrams.com\/product\/gelato-hash\/\",\"name\":\"Gelato Hash for Sale - Buy Gelato Hash Online | LegitGrams\",\"isPartOf\":{\"@id\":\"https:\/\/legitgrams.com\/#website\"},\"primaryImageOfPage\":{\"@id\":\"https:\/\/legitgrams.com\/product\/gelato-hash\/#primaryimage\"},\"image\":{\"@id\":\"https:\/\/legitgrams.com\/product\/gelato-hash\/#primaryimage\"},\"thumbnailUrl\":\"https:\/\/legitgrams.com\/wp-content\/uploads\/2024\/09\/Buy-Gelato-Hash.jpg\",\"datePublished\":\"2024-09-21T12:16:27+00:00\",\"dateModified\":\"2025-01-14T05:05:05+00:00\",\"description\":\"Get Gelato Hash for sale at one of the best online stores. We will help you buy Gelato Hash online of high quality. Don't delay to place your order and take advantage of the newest discounts!\",\"breadcrumb\":{\"@id\":\"https:\/\/legitgrams.com\/product\/gelato-hash\/#breadcrumb\"},\"inLanguage\":\"it-IT\",\"potentialAction\":[{\"@type\":\"ReadAction\",\"target\":[\"https:\/\/legitgrams.com\/product\/gelato-hash\/\"]}]},{\"@type\":\"ImageObject\",\"inLanguage\":\"it-IT\",\"@id\":\"https:\/\/legitgrams.com\/product\/gelato-hash\/#primaryimage\",\"url\":\"https:\/\/legitgrams.com\/wp-content\/uploads\/2024\/09\/Buy-Gelato-Hash.jpg\",\"contentUrl\":\"https:\/\/legitgrams.com\/wp-content\/uploads\/2024\/09\/Buy-Gelato-Hash.jpg\",\"width\":600,\"height\":600,\"caption\":\"Gelato Hash for Sale\"},{\"@type\":\"BreadcrumbList\",\"@id\":\"https:\/\/legitgrams.com\/product\/gelato-hash\/#breadcrumb\",\"itemListElement\":[{\"@type\":\"ListItem\",\"position\":1,\"name\":\"Home\",\"item\":\"https:\/\/legitgrams.com\/\"},{\"@type\":\"ListItem\",\"position\":2,\"name\":\"Shop\",\"item\":\"https:\/\/legitgrams.com\/shop\/\"},{\"@type\":\"ListItem\",\"position\":3,\"name\":\"Gelato Hash\"}]},{\"@type\":\"WebSite\",\"@id\":\"https:\/\/legitgrams.com\/#website\",\"url\":\"https:\/\/legitgrams.com\/\",\"name\":\"Legit Grams\",\"description\":\"My WordPress Blog\",\"publisher\":{\"@id\":\"https:\/\/legitgrams.com\/#organization\"},\"potentialAction\":[{\"@type\":\"SearchAction\",\"target\":{\"@type\":\"EntryPoint\",\"urlTemplate\":\"https:\/\/legitgrams.com\/?s={search_term_string}\"},\"query-input\":{\"@type\":\"PropertyValueSpecification\",\"valueRequired\":true,\"valueName\":\"search_term_string\"}}],\"inLanguage\":\"it-IT\"},{\"@type\":\"Organization\",\"@id\":\"https:\/\/legitgrams.com\/#organization\",\"name\":\"Legit Grams\",\"url\":\"https:\/\/legitgrams.com\/\",\"logo\":{\"@type\":\"ImageObject\",\"inLanguage\":\"it-IT\",\"@id\":\"https:\/\/legitgrams.com\/#\/schema\/logo\/image\/\",\"url\":\"https:\/\/legitgrams.com\/wp-content\/uploads\/2024\/09\/main-logo.png\",\"contentUrl\":\"https:\/\/legitgrams.com\/wp-content\/uploads\/2024\/09\/main-logo.png\",\"width\":270,\"height\":75,\"caption\":\"Legit Grams\"},\"image\":{\"@id\":\"https:\/\/legitgrams.com\/#\/schema\/logo\/image\/\"}}]}<\/script>\n<!-- \/ Yoast SEO plugin. -->","yoast_head_json":{"title":"Gelato Hash in vendita - Comprare Gelato Hash Online | LegitGrams","description":"Ottieni Gelato Hash in vendita in uno dei migliori negozi online. Vi aiuteremo a comprare Gelato Hash online di alta qualit\u00e0. Non tardate a fare il vostro ordine e approfittate dei nuovi sconti!","robots":{"index":"index","follow":"follow","max-snippet":"max-snippet:-1","max-image-preview":"max-image-preview:large","max-video-preview":"max-video-preview:-1"},"canonical":"https:\/\/legitgrams.com\/it\/prodotto\/gelato-hashish\/","og_locale":"it_IT","og_type":"article","og_title":"Gelato Hash for Sale - Buy Gelato Hash Online | LegitGrams","og_description":"Get Gelato Hash for sale at one of the best online stores. We will help you buy Gelato Hash online of high quality. Don't delay to place your order and take advantage of the newest discounts!","og_url":"https:\/\/legitgrams.com\/it\/prodotto\/gelato-hashish\/","og_site_name":"Legit Grams","article_modified_time":"2025-01-14T05:05:05+00:00","og_image":[{"width":600,"height":600,"url":"https:\/\/legitgrams.com\/wp-content\/uploads\/2024\/09\/Buy-Gelato-Hash.jpg","type":"image\/jpeg"}],"twitter_card":"summary_large_image","twitter_misc":{"Tempo di lettura stimato":"1 minuto"},"schema":{"@context":"https:\/\/schema.org","@graph":[{"@type":"WebPage","@id":"https:\/\/legitgrams.com\/product\/gelato-hash\/","url":"https:\/\/legitgrams.com\/product\/gelato-hash\/","name":"Gelato Hash in vendita - Comprare Gelato Hash Online | LegitGrams","isPartOf":{"@id":"https:\/\/legitgrams.com\/#website"},"primaryImageOfPage":{"@id":"https:\/\/legitgrams.com\/product\/gelato-hash\/#primaryimage"},"image":{"@id":"https:\/\/legitgrams.com\/product\/gelato-hash\/#primaryimage"},"thumbnailUrl":"https:\/\/legitgrams.com\/wp-content\/uploads\/2024\/09\/Buy-Gelato-Hash.jpg","datePublished":"2024-09-21T12:16:27+00:00","dateModified":"2025-01-14T05:05:05+00:00","description":"Ottieni Gelato Hash in vendita in uno dei migliori negozi online. Vi aiuteremo a comprare Gelato Hash online di alta qualit\u00e0. Non tardate a fare il vostro ordine e approfittate dei nuovi sconti!","breadcrumb":{"@id":"https:\/\/legitgrams.com\/product\/gelato-hash\/#breadcrumb"},"inLanguage":"it-IT","potentialAction":[{"@type":"ReadAction","target":["https:\/\/legitgrams.com\/product\/gelato-hash\/"]}]},{"@type":"ImageObject","inLanguage":"it-IT","@id":"https:\/\/legitgrams.com\/product\/gelato-hash\/#primaryimage","url":"https:\/\/legitgrams.com\/wp-content\/uploads\/2024\/09\/Buy-Gelato-Hash.jpg","contentUrl":"https:\/\/legitgrams.com\/wp-content\/uploads\/2024\/09\/Buy-Gelato-Hash.jpg","width":600,"height":600,"caption":"Gelato Hash for Sale"},{"@type":"BreadcrumbList","@id":"https:\/\/legitgrams.com\/product\/gelato-hash\/#breadcrumb","itemListElement":[{"@type":"ListItem","position":1,"name":"Home","item":"https:\/\/legitgrams.com\/"},{"@type":"ListItem","position":2,"name":"Shop","item":"https:\/\/legitgrams.com\/shop\/"},{"@type":"ListItem","position":3,"name":"Gelato Hash"}]},{"@type":"WebSite","@id":"https:\/\/legitgrams.com\/#website","url":"https:\/\/legitgrams.com\/","name":"Grammi legittimi","description":"Il mio blog WordPress","publisher":{"@id":"https:\/\/legitgrams.com\/#organization"},"potentialAction":[{"@type":"SearchAction","target":{"@type":"EntryPoint","urlTemplate":"https:\/\/legitgrams.com\/?s={search_term_string}"},"query-input":{"@type":"PropertyValueSpecification","valueRequired":true,"valueName":"search_term_string"}}],"inLanguage":"it-IT"},{"@type":"Organization","@id":"https:\/\/legitgrams.com\/#organization","name":"Grammi legittimi","url":"https:\/\/legitgrams.com\/","logo":{"@type":"ImageObject","inLanguage":"it-IT","@id":"https:\/\/legitgrams.com\/#\/schema\/logo\/image\/","url":"https:\/\/legitgrams.com\/wp-content\/uploads\/2024\/09\/main-logo.png","contentUrl":"https:\/\/legitgrams.com\/wp-content\/uploads\/2024\/09\/main-logo.png","width":270,"height":75,"caption":"Legit Grams"},"image":{"@id":"https:\/\/legitgrams.com\/#\/schema\/logo\/image\/"}}]}},"uagb_featured_image_src":{"full":["https:\/\/legitgrams.com\/wp-content\/uploads\/2024\/09\/Buy-Gelato-Hash.jpg",600,600,false],"thumbnail":["https:\/\/legitgrams.com\/wp-content\/uploads\/2024\/09\/Buy-Gelato-Hash-150x150.jpg",150,150,true],"medium":["https:\/\/legitgrams.com\/wp-content\/uploads\/2024\/09\/Buy-Gelato-Hash-300x300.jpg",300,300,true],"medium_large":["https:\/\/legitgrams.com\/wp-content\/uploads\/2024\/09\/Buy-Gelato-Hash.jpg",600,600,false],"large":["https:\/\/legitgrams.com\/wp-content\/uploads\/2024\/09\/Buy-Gelato-Hash.jpg",600,600,false],"1536x1536":["https:\/\/legitgrams.com\/wp-content\/uploads\/2024\/09\/Buy-Gelato-Hash.jpg",600,600,false],"2048x2048":["https:\/\/legitgrams.com\/wp-content\/uploads\/2024\/09\/Buy-Gelato-Hash.jpg",600,600,false],"trp-custom-language-flag":["https:\/\/legitgrams.com\/wp-content\/uploads\/2024\/09\/Buy-Gelato-Hash-12x12.jpg",12,12,true],"woocommerce_thumbnail":["https:\/\/legitgrams.com\/wp-content\/uploads\/2024\/09\/Buy-Gelato-Hash-300x300.jpg",300,300,true],"woocommerce_single":["https:\/\/legitgrams.com\/wp-content\/uploads\/2024\/09\/Buy-Gelato-Hash.jpg",600,600,false],"woocommerce_gallery_thumbnail":["https:\/\/legitgrams.com\/wp-content\/uploads\/2024\/09\/Buy-Gelato-Hash-100x100.jpg",100,100,true]},"uagb_author_info":{"display_name":"cokeblog18","author_link":"https:\/\/legitgrams.com\/it\/author\/"},"uagb_comment_info":0,"uagb_excerpt":"Gelato Hash Online Purchase Gelato Hash is currently available for purchase in the UK and Europe at Astra Weed! Gela hash is a bit of a treat for both newcomers to the joyous world of hashish and hash enthusiasts. of the oldest and most well-known cannabis traditions. This hash is created using colored material that&hellip;","_links":{"self":[{"href":"https:\/\/legitgrams.com\/it\/wp-json\/wp\/v2\/product\/4180","targetHints":{"allow":["GET"]}}],"collection":[{"href":"https:\/\/legitgrams.com\/it\/wp-json\/wp\/v2\/product"}],"about":[{"href":"https:\/\/legitgrams.com\/it\/wp-json\/wp\/v2\/types\/product"}],"replies":[{"embeddable":true,"href":"https:\/\/legitgrams.com\/it\/wp-json\/wp\/v2\/comments?post=4180"}],"wp:featuredmedia":[{"embeddable":true,"href":"https:\/\/legitgrams.com\/it\/wp-json\/wp\/v2\/media\/5373"}],"wp:attachment":[{"href":"https:\/\/legitgrams.com\/it\/wp-json\/wp\/v2\/media?parent=4180"}],"wp:term":[{"taxonomy":"product_brand","embeddable":true,"href":"https:\/\/legitgrams.com\/it\/wp-json\/wp\/v2\/product_brand?post=4180"},{"taxonomy":"product_cat","embeddable":true,"href":"https:\/\/legitgrams.com\/it\/wp-json\/wp\/v2\/product_cat?post=4180"},{"taxonomy":"product_tag","embeddable":true,"href":"https:\/\/legitgrams.com\/it\/wp-json\/wp\/v2\/product_tag?post=4180"}],"curies":[{"name":"wp","href":"https:\/\/api.w.org\/{rel}","templated":true}]}}