{"id":4188,"date":"2024-09-21T12:42:27","date_gmt":"2024-09-21T12:42:27","guid":{"rendered":"https:\/\/legitgrams.com\/?post_type=product&#038;p=4188"},"modified":"2025-04-03T19:07:34","modified_gmt":"2025-04-03T19:07:34","slug":"5f-mdmb-2201-cristalli","status":"publish","type":"product","link":"https:\/\/legitgrams.com\/it\/prodotto\/5f-mdmb-2201-cristalli\/","title":{"rendered":"Acquista cristalli MDMB 2201 5f online"},"content":{"rendered":"<h2>MDMB 2201 5F in vendita<\/h2>\n<p>L'indazolo 3-carbossamide sta iniziando ad apparire nei prodotti sintetici a base di cannabis in tutto il mondo.<br \/>\nFarmacologia: Sebbene il suo livello di selettivit\u00e0 CB1 sia incerto, <a href=\"https:\/\/legitgrams.com\/it\/prodotto\/5f-mdmb-2201-cristalli\/\">5F-MDMB-2201<\/a> si pensa sia un agonista CB1 molto potente. Potrebbe anche non essere selezionato, in effetti. Saranno necessari ulteriori test in quest'area.<\/p>\n<p>PX-3, MDMB-FUBINACA, MDMB-CHMICA, <a href=\"https:\/\/www.bing.com\/search?q=AcquistacristalliMDMB22015fonline&amp;qs=n&amp;form=QBRE&amp;sp=-1&amp;lq=0&amp;pq=acquistacristallimdmb22015fonline&amp;sc=0-38&amp;sk=&amp;cvid=901890F8C7C048CF89E3AB638FED55BF&amp;ghsh=0&amp;ghacc=0&amp;ghpl=\">5F-AB-PINACA<\/a>, and PICA are comparable compounds. <a href=\"https:\/\/legitgrams.com\/it\/\">LegitGrams<\/a><br \/>\nADB-PINACA ADBICA<br \/>\nADB-FUBINACA<br \/>\n<a href=\"https:\/\/www.google.com\/search?q=Acquista+cristalli+MDMB+2201+5f+online&amp;sca_esv=eddefdb7b92e7545&amp;sxsrf=AHTn8zrp5Zc-7HLDbnWB_Dee9ekY86P-zA1743707483697&amp;ei=W93uZ9KhKubA0PEP04vL0Qg&amp;ved=0ahUKEwiSu6HJyLyMAxVmIDQIHdPFMooQ4dUDCBA&amp;uact=5&amp;oq=Acquista+cristalli+MDMB+2201+5f+online&amp;gs_lp=Egxnd3Mtd2l6LXNlcnAiJkFjcXVpc3RhIGNyaXN0YWxsaSBNRE1CIDIyMDEgNWYgb25saW5lMgUQIRigATIFECEYoAEyBRAhGKABMgUQIRigATIFECEYoAFIsQVQAFgAcAB4AJABAJgBiQOgAYkDqgEDMy0xuAEDyAEA-AEC-AEBmAIBoAKQA5gDAJIHAzQtMaAH-QSyBwM0LTG4B5AD&amp;sclient=gws-wiz-serp\">5F-APINACA<\/a> AB-PINACA AB-FUBINACA AB-CHMINACA AB-CHFUPYCA 5F-AMB ADB-CHMINACA<\/p>\n<p>Legalit\u00e0: Sebbene <a href=\"https:\/\/en.wikipedia.org\/wiki\/5F-MDMB-PICA\">5F-MDMB-2201<\/a> potrebbe essere considerato un precursore di <a href=\"https:\/\/duckduckgo.com\/?q=Acquista+cristalli+MDMB+2201+5f+online&amp;t=h_&amp;ia=web\">5F-ADB<\/a> o composti simili, non \u00e8 attualmente riconosciuto come sostanza chimica illegale in nessun paese o giurisdizione importante. Ci\u00f2 potrebbe rendere il suo possesso o la sua vendita illegali in alcuni 5C-AKB48 solo per la ricerca scientifica. Non \u00e8 destinato al consumo umano o all'uso ricreativo. Solo gli adulti sono autorizzati a utilizzare questo sito Web. Gli utenti di questo sito Web devono avere almeno diciotto anni. Nessuno di et\u00e0 inferiore ai diciotto anni pu\u00f2 acquistare nessuno dei nostri prodotti.<\/p>\n<p>&nbsp;<\/p>","protected":false},"excerpt":{"rendered":"<p>MDMB 2201 5F for Sale An indazole 3 carboxamide is beginning to appear in synthetic cannabis products all over the world. Pharmacology: Although its level of CB1 selectivity is uncertain, 5F-MDMB-2201 is thought to be a very potent CB1 agonist. It might not even be selected, in fact. Further testing will be required in this &hellip;<\/p>\n<p class=\"read-more\"> <a class=\"\" href=\"https:\/\/legitgrams.com\/it\/prodotto\/5f-mdmb-2201-cristalli\/\"> <span class=\"screen-reader-text\">Acquista cristalli MDMB 2201 5f online<\/span> Leggi tutto \"<\/a><\/p>","protected":false},"featured_media":5263,"comment_status":"open","ping_status":"closed","template":"","meta":{"_uag_custom_page_level_css":"","site-sidebar-layout":"default","site-content-layout":"default","ast-global-header-display":"","ast-main-header-display":"","ast-hfb-above-header-display":"","ast-hfb-below-header-display":"","ast-hfb-mobile-header-display":"","site-post-title":"","ast-breadcrumbs-content":"","ast-featured-img":"","footer-sml-layout":"","theme-transparent-header-meta":"default","adv-header-id-meta":"","stick-header-meta":"default","header-above-stick-meta":"","header-main-stick-meta":"","header-below-stick-meta":"","_joinchat":[]},"product_brand":[],"product_cat":[600],"product_tag":[2306,2310,2309,2317,2308,2320,2327,2328,2326,2318,2323,2325,2315,617,2307,2322,2319,2314,2312,2324,2321,625,2313,2316,2311],"class_list":{"0":"post-4188","1":"product","2":"type-product","3":"status-publish","4":"has-post-thumbnail","6":"product_cat-research-chemicals-and-bath-salt","7":"product_tag-5f-mdmb-2201-crystals","8":"product_tag-5f-mdmb-2201-crystals-5f-mdmb-2201-crystals-supplier","9":"product_tag-5f-mdmb-2201-crystals-for-sale","10":"product_tag-5f-mdmb-2201-crystals-legally","11":"product_tag-5f-mdmb-2201-crystals-online","12":"product_tag-5f-mdmb-2201-crystals-store","13":"product_tag-5f-mdmb-2201-crystals-use","14":"product_tag-5f-mdmb-2201-crystals-wiki","15":"product_tag-5f-mdmb-2201-crystals-worldwide","16":"product_tag-5f-mdmb-2201-crystalsprice","17":"product_tag-5f-mdmb-2201-crystalss","18":"product_tag-best-cheap-price-5f-mdmb-2201-crystals","19":"product_tag-best-place-to-buy-5f-mdmb-2201-crystals","20":"product_tag-bulk-online","21":"product_tag-buy-5f-mdmb-2201-crystals","22":"product_tag-cheap-5f-mdmb-2201-crystals","23":"product_tag-high-quality-5f-mdmb-2201-crystals","24":"product_tag-how-to-buy-5f-mdmb-2201-crystals","25":"product_tag-order-5f-mdmb-2201-crystals","26":"product_tag-purcharse-5f-mdmb-2201-crystals","27":"product_tag-shop-5f-mdmb-2201-crystals","28":"product_tag-top-quality","29":"product_tag-where-to-buy-5f-mdmb-2201-crystals","30":"product_tag-where-to-order-5f-mdmb-2201-crystals","31":"product_tag-wholesale-5f-mdmb-2201-crystals","32":"desktop-align-left","33":"tablet-align-left","34":"mobile-align-left","35":"ast-product-gallery-layout-horizontal","36":"ast-product-gallery-with-no-image","37":"ast-product-single-variable","38":"ast-product-tabs-layout-horizontal","39":"ast-qv-on-image","41":"first","42":"instock","43":"shipping-taxable","44":"purchasable","45":"product-type-variable"},"yoast_head":"<!-- This site is optimized with the Yoast SEO plugin v25.9 - https:\/\/yoast.com\/wordpress\/plugins\/seo\/ -->\n<title>5F MDMB 2201 for Sale - Order 5F MDMB 2201 Crystals Online<\/title>\n<meta name=\"description\" content=\"We are the leading store available with 5F MDMB 2201 for sale. If you wish to buy 5F MDMB 2201 powder, Hurry! Limited-time discount on 5F MDMB 2201. Shop before it\u2019s gone!\" \/>\n<meta name=\"robots\" content=\"index, follow, max-snippet:-1, max-image-preview:large, max-video-preview:-1\" \/>\n<link rel=\"canonical\" href=\"https:\/\/legitgrams.com\/it\/prodotto\/5f-mdmb-2201-cristalli\/\" \/>\n<meta property=\"og:locale\" content=\"it_IT\" \/>\n<meta property=\"og:type\" content=\"article\" \/>\n<meta property=\"og:title\" content=\"5F MDMB 2201 for Sale - Order 5F MDMB 2201 Crystals Online\" \/>\n<meta property=\"og:description\" content=\"We are the leading store available with 5F MDMB 2201 for sale. If you wish to buy 5F MDMB 2201 powder, Hurry! Limited-time discount on 5F MDMB 2201. Shop before it\u2019s gone!\" \/>\n<meta property=\"og:url\" content=\"https:\/\/legitgrams.com\/it\/prodotto\/5f-mdmb-2201-cristalli\/\" \/>\n<meta property=\"og:site_name\" content=\"Legit Grams\" \/>\n<meta property=\"article:modified_time\" content=\"2025-04-03T19:07:34+00:00\" \/>\n<meta property=\"og:image\" content=\"https:\/\/legitgrams.com\/wp-content\/uploads\/2024\/09\/Buy-5f-MDMB-2201-Crystals-Online.jpg\" \/>\n\t<meta property=\"og:image:width\" content=\"600\" \/>\n\t<meta property=\"og:image:height\" content=\"600\" \/>\n\t<meta property=\"og:image:type\" content=\"image\/jpeg\" \/>\n<meta name=\"twitter:card\" content=\"summary_large_image\" \/>\n<meta name=\"twitter:label1\" content=\"Tempo di lettura stimato\" \/>\n\t<meta name=\"twitter:data1\" content=\"1 minuto\" \/>\n<script type=\"application\/ld+json\" class=\"yoast-schema-graph\">{\"@context\":\"https:\/\/schema.org\",\"@graph\":[{\"@type\":\"WebPage\",\"@id\":\"https:\/\/legitgrams.com\/product\/5f-mdmb-2201-crystals\/\",\"url\":\"https:\/\/legitgrams.com\/product\/5f-mdmb-2201-crystals\/\",\"name\":\"5F MDMB 2201 for Sale - Order 5F MDMB 2201 Crystals Online\",\"isPartOf\":{\"@id\":\"https:\/\/legitgrams.com\/#website\"},\"primaryImageOfPage\":{\"@id\":\"https:\/\/legitgrams.com\/product\/5f-mdmb-2201-crystals\/#primaryimage\"},\"image\":{\"@id\":\"https:\/\/legitgrams.com\/product\/5f-mdmb-2201-crystals\/#primaryimage\"},\"thumbnailUrl\":\"https:\/\/legitgrams.com\/wp-content\/uploads\/2024\/09\/Buy-5f-MDMB-2201-Crystals-Online.jpg\",\"datePublished\":\"2024-09-21T12:42:27+00:00\",\"dateModified\":\"2025-04-03T19:07:34+00:00\",\"description\":\"We are the leading store available with 5F MDMB 2201 for sale. If you wish to buy 5F MDMB 2201 powder, Hurry! Limited-time discount on 5F MDMB 2201. Shop before it\u2019s gone!\",\"breadcrumb\":{\"@id\":\"https:\/\/legitgrams.com\/product\/5f-mdmb-2201-crystals\/#breadcrumb\"},\"inLanguage\":\"it-IT\",\"potentialAction\":[{\"@type\":\"ReadAction\",\"target\":[\"https:\/\/legitgrams.com\/product\/5f-mdmb-2201-crystals\/\"]}]},{\"@type\":\"ImageObject\",\"inLanguage\":\"it-IT\",\"@id\":\"https:\/\/legitgrams.com\/product\/5f-mdmb-2201-crystals\/#primaryimage\",\"url\":\"https:\/\/legitgrams.com\/wp-content\/uploads\/2024\/09\/Buy-5f-MDMB-2201-Crystals-Online.jpg\",\"contentUrl\":\"https:\/\/legitgrams.com\/wp-content\/uploads\/2024\/09\/Buy-5f-MDMB-2201-Crystals-Online.jpg\",\"width\":600,\"height\":600,\"caption\":\"5F MDMB 2201 for Sale\"},{\"@type\":\"BreadcrumbList\",\"@id\":\"https:\/\/legitgrams.com\/product\/5f-mdmb-2201-crystals\/#breadcrumb\",\"itemListElement\":[{\"@type\":\"ListItem\",\"position\":1,\"name\":\"Home\",\"item\":\"https:\/\/legitgrams.com\/\"},{\"@type\":\"ListItem\",\"position\":2,\"name\":\"Shop\",\"item\":\"https:\/\/legitgrams.com\/shop\/\"},{\"@type\":\"ListItem\",\"position\":3,\"name\":\"Buy 5f MDMB 2201 Crystals Online\"}]},{\"@type\":\"WebSite\",\"@id\":\"https:\/\/legitgrams.com\/#website\",\"url\":\"https:\/\/legitgrams.com\/\",\"name\":\"Legit Grams\",\"description\":\"My WordPress Blog\",\"publisher\":{\"@id\":\"https:\/\/legitgrams.com\/#organization\"},\"potentialAction\":[{\"@type\":\"SearchAction\",\"target\":{\"@type\":\"EntryPoint\",\"urlTemplate\":\"https:\/\/legitgrams.com\/?s={search_term_string}\"},\"query-input\":{\"@type\":\"PropertyValueSpecification\",\"valueRequired\":true,\"valueName\":\"search_term_string\"}}],\"inLanguage\":\"it-IT\"},{\"@type\":\"Organization\",\"@id\":\"https:\/\/legitgrams.com\/#organization\",\"name\":\"Legit Grams\",\"url\":\"https:\/\/legitgrams.com\/\",\"logo\":{\"@type\":\"ImageObject\",\"inLanguage\":\"it-IT\",\"@id\":\"https:\/\/legitgrams.com\/#\/schema\/logo\/image\/\",\"url\":\"https:\/\/legitgrams.com\/wp-content\/uploads\/2024\/09\/main-logo.png\",\"contentUrl\":\"https:\/\/legitgrams.com\/wp-content\/uploads\/2024\/09\/main-logo.png\",\"width\":270,\"height\":75,\"caption\":\"Legit Grams\"},\"image\":{\"@id\":\"https:\/\/legitgrams.com\/#\/schema\/logo\/image\/\"}}]}<\/script>\n<!-- \/ Yoast SEO plugin. -->","yoast_head_json":{"title":"5F MDMB 2201 in vendita - Ordina 5F MDMB 2201 Cristalli online","description":"Siamo il negozio leader disponibile con 5F MDMB 2201 in vendita. Se si desidera acquistare 5F MDMB 2201 polvere, Hurry! Sconto limitato su 5F MDMB 2201. Acquista prima che sia finita!","robots":{"index":"index","follow":"follow","max-snippet":"max-snippet:-1","max-image-preview":"max-image-preview:large","max-video-preview":"max-video-preview:-1"},"canonical":"https:\/\/legitgrams.com\/it\/prodotto\/5f-mdmb-2201-cristalli\/","og_locale":"it_IT","og_type":"article","og_title":"5F MDMB 2201 for Sale - Order 5F MDMB 2201 Crystals Online","og_description":"We are the leading store available with 5F MDMB 2201 for sale. If you wish to buy 5F MDMB 2201 powder, Hurry! Limited-time discount on 5F MDMB 2201. Shop before it\u2019s gone!","og_url":"https:\/\/legitgrams.com\/it\/prodotto\/5f-mdmb-2201-cristalli\/","og_site_name":"Legit Grams","article_modified_time":"2025-04-03T19:07:34+00:00","og_image":[{"width":600,"height":600,"url":"https:\/\/legitgrams.com\/wp-content\/uploads\/2024\/09\/Buy-5f-MDMB-2201-Crystals-Online.jpg","type":"image\/jpeg"}],"twitter_card":"summary_large_image","twitter_misc":{"Tempo di lettura stimato":"1 minuto"},"schema":{"@context":"https:\/\/schema.org","@graph":[{"@type":"WebPage","@id":"https:\/\/legitgrams.com\/product\/5f-mdmb-2201-crystals\/","url":"https:\/\/legitgrams.com\/product\/5f-mdmb-2201-crystals\/","name":"5F MDMB 2201 in vendita - Ordina 5F MDMB 2201 Cristalli online","isPartOf":{"@id":"https:\/\/legitgrams.com\/#website"},"primaryImageOfPage":{"@id":"https:\/\/legitgrams.com\/product\/5f-mdmb-2201-crystals\/#primaryimage"},"image":{"@id":"https:\/\/legitgrams.com\/product\/5f-mdmb-2201-crystals\/#primaryimage"},"thumbnailUrl":"https:\/\/legitgrams.com\/wp-content\/uploads\/2024\/09\/Buy-5f-MDMB-2201-Crystals-Online.jpg","datePublished":"2024-09-21T12:42:27+00:00","dateModified":"2025-04-03T19:07:34+00:00","description":"Siamo il negozio leader disponibile con 5F MDMB 2201 in vendita. Se si desidera acquistare 5F MDMB 2201 polvere, Hurry! Sconto limitato su 5F MDMB 2201. Acquista prima che sia finita!","breadcrumb":{"@id":"https:\/\/legitgrams.com\/product\/5f-mdmb-2201-crystals\/#breadcrumb"},"inLanguage":"it-IT","potentialAction":[{"@type":"ReadAction","target":["https:\/\/legitgrams.com\/product\/5f-mdmb-2201-crystals\/"]}]},{"@type":"ImageObject","inLanguage":"it-IT","@id":"https:\/\/legitgrams.com\/product\/5f-mdmb-2201-crystals\/#primaryimage","url":"https:\/\/legitgrams.com\/wp-content\/uploads\/2024\/09\/Buy-5f-MDMB-2201-Crystals-Online.jpg","contentUrl":"https:\/\/legitgrams.com\/wp-content\/uploads\/2024\/09\/Buy-5f-MDMB-2201-Crystals-Online.jpg","width":600,"height":600,"caption":"5F MDMB 2201 for Sale"},{"@type":"BreadcrumbList","@id":"https:\/\/legitgrams.com\/product\/5f-mdmb-2201-crystals\/#breadcrumb","itemListElement":[{"@type":"ListItem","position":1,"name":"Home","item":"https:\/\/legitgrams.com\/"},{"@type":"ListItem","position":2,"name":"Shop","item":"https:\/\/legitgrams.com\/shop\/"},{"@type":"ListItem","position":3,"name":"Buy 5f MDMB 2201 Crystals Online"}]},{"@type":"WebSite","@id":"https:\/\/legitgrams.com\/#website","url":"https:\/\/legitgrams.com\/","name":"Grammi legittimi","description":"Il mio blog WordPress","publisher":{"@id":"https:\/\/legitgrams.com\/#organization"},"potentialAction":[{"@type":"SearchAction","target":{"@type":"EntryPoint","urlTemplate":"https:\/\/legitgrams.com\/?s={search_term_string}"},"query-input":{"@type":"PropertyValueSpecification","valueRequired":true,"valueName":"search_term_string"}}],"inLanguage":"it-IT"},{"@type":"Organization","@id":"https:\/\/legitgrams.com\/#organization","name":"Grammi legittimi","url":"https:\/\/legitgrams.com\/","logo":{"@type":"ImageObject","inLanguage":"it-IT","@id":"https:\/\/legitgrams.com\/#\/schema\/logo\/image\/","url":"https:\/\/legitgrams.com\/wp-content\/uploads\/2024\/09\/main-logo.png","contentUrl":"https:\/\/legitgrams.com\/wp-content\/uploads\/2024\/09\/main-logo.png","width":270,"height":75,"caption":"Legit Grams"},"image":{"@id":"https:\/\/legitgrams.com\/#\/schema\/logo\/image\/"}}]}},"uagb_featured_image_src":{"full":["https:\/\/legitgrams.com\/wp-content\/uploads\/2024\/09\/Buy-5f-MDMB-2201-Crystals-Online.jpg",600,600,false],"thumbnail":["https:\/\/legitgrams.com\/wp-content\/uploads\/2024\/09\/Buy-5f-MDMB-2201-Crystals-Online-150x150.jpg",150,150,true],"medium":["https:\/\/legitgrams.com\/wp-content\/uploads\/2024\/09\/Buy-5f-MDMB-2201-Crystals-Online-300x300.jpg",300,300,true],"medium_large":["https:\/\/legitgrams.com\/wp-content\/uploads\/2024\/09\/Buy-5f-MDMB-2201-Crystals-Online.jpg",600,600,false],"large":["https:\/\/legitgrams.com\/wp-content\/uploads\/2024\/09\/Buy-5f-MDMB-2201-Crystals-Online.jpg",600,600,false],"1536x1536":["https:\/\/legitgrams.com\/wp-content\/uploads\/2024\/09\/Buy-5f-MDMB-2201-Crystals-Online.jpg",600,600,false],"2048x2048":["https:\/\/legitgrams.com\/wp-content\/uploads\/2024\/09\/Buy-5f-MDMB-2201-Crystals-Online.jpg",600,600,false],"trp-custom-language-flag":["https:\/\/legitgrams.com\/wp-content\/uploads\/2024\/09\/Buy-5f-MDMB-2201-Crystals-Online-12x12.jpg",12,12,true],"woocommerce_thumbnail":["https:\/\/legitgrams.com\/wp-content\/uploads\/2024\/09\/Buy-5f-MDMB-2201-Crystals-Online-300x300.jpg",300,300,true],"woocommerce_single":["https:\/\/legitgrams.com\/wp-content\/uploads\/2024\/09\/Buy-5f-MDMB-2201-Crystals-Online.jpg",600,600,false],"woocommerce_gallery_thumbnail":["https:\/\/legitgrams.com\/wp-content\/uploads\/2024\/09\/Buy-5f-MDMB-2201-Crystals-Online-100x100.jpg",100,100,true]},"uagb_author_info":{"display_name":"cokeblog18","author_link":"https:\/\/legitgrams.com\/it\/author\/"},"uagb_comment_info":0,"uagb_excerpt":"MDMB 2201 5F for Sale An indazole 3 carboxamide is beginning to appear in synthetic cannabis products all over the world. Pharmacology: Although its level of CB1 selectivity is uncertain, 5F-MDMB-2201 is thought to be a very potent CB1 agonist. It might not even be selected, in fact. Further testing will be required in this&hellip;","_links":{"self":[{"href":"https:\/\/legitgrams.com\/it\/wp-json\/wp\/v2\/product\/4188","targetHints":{"allow":["GET"]}}],"collection":[{"href":"https:\/\/legitgrams.com\/it\/wp-json\/wp\/v2\/product"}],"about":[{"href":"https:\/\/legitgrams.com\/it\/wp-json\/wp\/v2\/types\/product"}],"replies":[{"embeddable":true,"href":"https:\/\/legitgrams.com\/it\/wp-json\/wp\/v2\/comments?post=4188"}],"wp:featuredmedia":[{"embeddable":true,"href":"https:\/\/legitgrams.com\/it\/wp-json\/wp\/v2\/media\/5263"}],"wp:attachment":[{"href":"https:\/\/legitgrams.com\/it\/wp-json\/wp\/v2\/media?parent=4188"}],"wp:term":[{"taxonomy":"product_brand","embeddable":true,"href":"https:\/\/legitgrams.com\/it\/wp-json\/wp\/v2\/product_brand?post=4188"},{"taxonomy":"product_cat","embeddable":true,"href":"https:\/\/legitgrams.com\/it\/wp-json\/wp\/v2\/product_cat?post=4188"},{"taxonomy":"product_tag","embeddable":true,"href":"https:\/\/legitgrams.com\/it\/wp-json\/wp\/v2\/product_tag?post=4188"}],"curies":[{"name":"wp","href":"https:\/\/api.w.org\/{rel}","templated":true}]}}