{"id":4189,"date":"2024-09-21T12:41:57","date_gmt":"2024-09-21T12:41:57","guid":{"rendered":"https:\/\/legitgrams.com\/?post_type=product&#038;p=4189"},"modified":"2025-04-03T19:20:46","modified_gmt":"2025-04-03T19:20:46","slug":"insegnante-doro","status":"publish","type":"product","link":"https:\/\/legitgrams.com\/it\/prodotto\/insegnante-doro\/","title":{"rendered":"Acquista Golden Teacher online"},"content":{"rendered":"<h2>Acquista Golden Teacher online<\/h2>\n<p><a href=\"https:\/\/legitgrams.com\/it\/prodotto\/insegnante-doro\/\">Insegnanti d'oro<\/a> credere che <a href=\"https:\/\/en.wikipedia.org\/wiki\/Psilocybe_cubensis\">psilocybe cubensis<\/a> \u00e8 un tipo speciale di fungo, anche se \u00e8 diventato popolare come fungo magico solo di recente, negli anni Ottanta. Il <a href=\"https:\/\/www.bing.com\/search?q=Buy%20Golden%20Teacher%20Online&amp;qs=n&amp;form=QBRE&amp;sp=-1&amp;lq=0&amp;pq=buy%20golden%20teacher%20online&amp;sc=11-25&amp;sk=&amp;cvid=162DB480EB1D46FEA660EC0D3BA8E423&amp;ghsh=0&amp;ghacc=0&amp;ghpl=\">Insegnante d'oro<\/a> \u00e8 spesso pi\u00f9 potente di molti altri ceppi di psilocibina cubensis, poich\u00e9 non cresce cos\u00ec rapidamente.<br \/>\nI coltivatori adorano coltivare le Golden Teacher perch\u00e9 generano grandi raccolti e rese elevate. Nonostante la loro crescita lenta, compensano ampiamente con i loro raccolti abbondanti e la loro accattivante colorazione dorata. Questo tipo di Psilocybe cubensis ha due principi attivi: psilocibina e psilocina. <a href=\"https:\/\/legitgrams.com\/it\/\">LegitGrams<\/a><\/p>\n<p>In realt\u00e0 questi funghi hanno fisiologie simili.<\/p>\n<p>ai loro cugini della famiglia Cubensis. MMJDirect fornisce funghi essiccati che hanno una conservazione superiore a lungo termine. Per un flusso costante di esperienze psichedeliche, <a href=\"https:\/\/www.google.com\/search?q=Acquista+Golden+Teacher+online&amp;sca_esv=eddefdb7b92e7545&amp;sxsrf=AHTn8zoJ6Wm5cSA0cp_S-ii86J-nnibgqQ1743708179132&amp;ei=E-DuZ4ntB4-Nm9cPstTBmQQ&amp;ved=0ahUKEwjJwu-Uy7yMAxWPxuYEHTJqMEMQ4dUDCBA&amp;uact=5&amp;oq=Acquista+Golden+Teacher+online&amp;gs_lp=Egxnd3Mtd2l6LXNlcnAiHkFjcXVpc3RhIEdvbGRlbiBUZWFjaGVyIG9ubGluZUiCBVAAWABwAHgAkAEAmAG3A6ABtwOqAQM0LTG4AQPIAQD4AQL4AQGYAgCgAgCYAwCSBwCgB1KyBwC4BwA&amp;sclient=gws-wiz-serp\">acquistare Insegnanti d'oro<\/a> dal sito web canadese!<\/p>\n<h3>Effetti reali dei funghi Golden Teachers<\/h3>\n<p><a href=\"https:\/\/www.google.com\/search?q=Acquista+Golden+Teacher+online&amp;sca_esv=eddefdb7b92e7545&amp;sxsrf=AHTn8zoJ6Wm5cSA0cp_S-ii86J-nnibgqQ1743708179132&amp;ei=E-DuZ4ntB4-Nm9cPstTBmQQ&amp;ved=0ahUKEwjJwu-Uy7yMAxWPxuYEHTJqMEMQ4dUDCBA&amp;uact=5&amp;oq=Acquista+Golden+Teacher+online&amp;gs_lp=Egxnd3Mtd2l6LXNlcnAiHkFjcXVpc3RhIEdvbGRlbiBUZWFjaGVyIG9ubGluZUiCBVAAWABwAHgAkAEAmAG3A6ABtwOqAQM0LTG4AQPIAQD4AQL4AQGYAgCgAgCYAwCSBwCgB1KyBwC4BwA&amp;sclient=gws-wiz-serp\">Insegnanti d'oro<\/a> \u00e8 un'ottima opzione per chi \u00e8 nuovo agli psichedelici e ai funghi. Ha un impatto psicoattivo da lieve ad alto che la maggior parte delle persone pu\u00f2 gestire, anche a dosaggi pi\u00f9 elevati. Al contrario, i Golden Teacher sono interamente metafisici e spirituali. Vi viene mostrato un portale che va nei recessi pi\u00f9 profondi della vostra spiritualit\u00e0 e un ponte che vi collega alle regioni pi\u00f9 remote dell'Universo. Grammi legittimi<\/p>\n<p>La maggior parte dei consumatori afferma di aver avuto un senso di connessione con il mondo naturale e l'ambiente. \u00c8 paragonabile al legame in quanto il nucleo del mondo nella tua coscienza, aumentando la tua sensibilit\u00e0 alle sue risonanze e ai suoi cambiamenti. Dopo di che, dovresti lasciare che questa sensazione di totale libert\u00e0 e illuminazione interiore ti cambi dall'interno verso l'esterno. Per le successive tre-sei ore, assaporerai la tua unit\u00e0 con la natura e il mondo.<\/p>\n<p>Altri effetti includono impressioni di distorsione temporale, in cui percepisci che il tempo scorre pi\u00f9 lentamente del solito. Sono passati solo venti minuti, per esempio, anche se ti potrebbe sembrare che siano passate due ore da quando hai preso Golden Teachers Canada. D'altro canto, la psilocibina di solito causa dilatazione del tempo, che si traduce in salti temporali futuri.<\/p>\n<h3>Cose da considerare prima di utilizzare Golden Teachers<\/h3>\n<p>Senza alcuna raccomandazione utile questo <a href=\"https:\/\/duckduckgo.com\/?q=Acquista+Golden+Teacher+online&amp;t=h_&amp;ia=web\">Insegnanti d'oro<\/a> non sarebbe completa senza consigli pratici su come prepararsi adeguatamente prima del consumo. Innanzitutto, se \u00e8 la prima volta che ingerite funghi psichedelici, dovreste sempre farvi controllare da qualcuno. Allo stesso modo, se avete intenzione di assumere una dose maggiore, organizzatevi per avere un accompagnatore per assicurarvi che non accada nulla di male durante la vostra esperienza psichedelica. In caso di emergenza, il travel sitter sobrio sar\u00e0 pronto a fornire assistenza tempestiva.<\/p>\n<p>Nel caso in cui tu abbia assunto troppi Golden Teacher, i noti soppressori psichedelici includono cibo, acqua e vitamina C. Tuttavia, dovresti consultare un professionista prima di creare i tuoi dosaggi. In alternativa, puoi procedere da solo e aumentare progressivamente il dosaggio fino a scoprire quello pi\u00f9 adatto a te.<\/p>\n<h3>Perch\u00e9 si chiama Insegnanti d'Oro?<\/h3>\n<p>La parola \"dorato\" descrive la tonalit\u00e0 giallo-oro intrinseca del fungo. Puoi star certo che il fungo \u00e8 completamente cresciuto e commestibile in quel momento. I funghi secchi avranno ancora i toni dorati dei loro cappelli, che indicano la loro qualit\u00e0 e il potenziale per gli effetti psichedelici.<\/p>\n<p>Per quanto riguarda le propriet\u00e0 sciamaniche e spirituali di questo specifico fungo, il termine \"insegnante\" ha molteplici interpretazioni. Consumarne di pi\u00f9 potrebbe letteralmente darti una prospettiva completamente nuova sul mondo. Forse otterrai una nuova comprensione del cosmo e di te stesso. Questo tipo di istruzione si concentra sul significato pi\u00f9 profondo della natura e sul fatto che \u00e8 completamente unico e insostituibile per ogni cliente.<\/p>\n<p>La trascendenza e, nella sua forma pi\u00f9 estrema, la morte dell'ego sono le interpretazioni definitive dei Golden Teachers. Ci\u00f2 risveglier\u00e0 totalmente le tue tendenze spirituali sottostanti e ti fornir\u00e0 nuove intuizioni sui misteri della natura. Questo fungo psilocibina \u00e8 una guida sciamanica che ti aiuta a comprendere il tuo posto nell'universo a un livello molto pi\u00f9 profondo. Scoprilo tu stesso acquistando Golden Teachers dal negozio online canadese!<\/p>","protected":false},"excerpt":{"rendered":"<p>Purchase Golden Teacher Online Golden Teachers believe that psilocybe cubensis is a special kind of mushroom, even though it only recently became popular as a magical mushroom in the 1980s. The Golden Teacher is often more potent than many other strains of psilocybin cubensis since it does not grow as quickly. Growers love growing cultures &hellip;<\/p>\n<p class=\"read-more\"> <a class=\"\" href=\"https:\/\/legitgrams.com\/it\/prodotto\/insegnante-doro\/\"> <span class=\"screen-reader-text\">Acquista Golden Teacher online<\/span> Leggi tutto \"<\/a><\/p>","protected":false},"featured_media":5240,"comment_status":"open","ping_status":"closed","template":"","meta":{"_uag_custom_page_level_css":"","site-sidebar-layout":"default","site-content-layout":"default","ast-global-header-display":"","ast-main-header-display":"","ast-hfb-above-header-display":"","ast-hfb-below-header-display":"","ast-hfb-mobile-header-display":"","site-post-title":"","ast-breadcrumbs-content":"","ast-featured-img":"","footer-sml-layout":"","theme-transparent-header-meta":"default","adv-header-id-meta":"","stick-header-meta":"default","header-above-stick-meta":"","header-main-stick-meta":"","header-below-stick-meta":"","_joinchat":[]},"product_brand":[],"product_cat":[599],"product_tag":[2348,2338,617,2330,2345,2329,2332,2333,2340,2331,2343,2350,2351,2349,2341,2346,2342,2337,2335,2347,2344,625,2336,2339,2334],"class_list":{"0":"post-4189","1":"product","2":"type-product","3":"status-publish","4":"has-post-thumbnail","6":"product_cat-psilocybin-or-magic-mushrooms","7":"product_tag-best-cheap-price-golden-teacher","8":"product_tag-best-place-to-buy-golden-teacher","9":"product_tag-bulk-online","10":"product_tag-buy-golden-teacher","11":"product_tag-cheap-golden-teacher","12":"product_tag-golden-teacher","13":"product_tag-golden-teacher-for-sale","14":"product_tag-golden-teacher-golden-teacher-supplier","15":"product_tag-golden-teacher-legally","16":"product_tag-golden-teacher-online","17":"product_tag-golden-teacher-store","18":"product_tag-golden-teacher-use","19":"product_tag-golden-teacher-wiki","20":"product_tag-golden-teacher-worldwide","21":"product_tag-golden-teacherprice","22":"product_tag-golden-teachers","23":"product_tag-high-quality-golden-teacher","24":"product_tag-how-to-buy-golden-teacher","25":"product_tag-order-golden-teacher","26":"product_tag-purcharse-golden-teacher","27":"product_tag-shop-golden-teacher","28":"product_tag-top-quality","29":"product_tag-where-to-buy-golden-teacher","30":"product_tag-where-to-order-golden-teacher","31":"product_tag-wholesale-golden-teacher","32":"desktop-align-left","33":"tablet-align-left","34":"mobile-align-left","35":"ast-product-gallery-layout-horizontal","36":"ast-product-gallery-with-no-image","37":"ast-product-single-variable","38":"ast-product-tabs-layout-horizontal","39":"ast-qv-on-image","41":"first","42":"instock","43":"shipping-taxable","44":"purchasable","45":"product-type-variable"},"yoast_head":"<!-- This site is optimized with the Yoast SEO plugin v25.9 - https:\/\/yoast.com\/wordpress\/plugins\/seo\/ -->\n<title>Golden Teacher Psilocybin for Sale - Order Golden Teacher Online<\/title>\n<meta name=\"description\" content=\"At our Legitgrams, you can get Golden Teacher for sale at cheap rates. We deal with A-grade quality products only. Buy Golden Teacher online from our store now with fast &amp; secure shipping service.\" \/>\n<meta name=\"robots\" content=\"index, follow, max-snippet:-1, max-image-preview:large, max-video-preview:-1\" \/>\n<link rel=\"canonical\" href=\"https:\/\/legitgrams.com\/it\/prodotto\/insegnante-doro\/\" \/>\n<meta property=\"og:locale\" content=\"it_IT\" \/>\n<meta property=\"og:type\" content=\"article\" \/>\n<meta property=\"og:title\" content=\"Golden Teacher Psilocybin for Sale - Order Golden Teacher Online\" \/>\n<meta property=\"og:description\" content=\"At our Legitgrams, you can get Golden Teacher for sale at cheap rates. We deal with A-grade quality products only. Buy Golden Teacher online from our store now with fast &amp; secure shipping service.\" \/>\n<meta property=\"og:url\" content=\"https:\/\/legitgrams.com\/it\/prodotto\/insegnante-doro\/\" \/>\n<meta property=\"og:site_name\" content=\"Legit Grams\" \/>\n<meta property=\"article:modified_time\" content=\"2025-04-03T19:20:46+00:00\" \/>\n<meta property=\"og:image\" content=\"https:\/\/legitgrams.com\/wp-content\/uploads\/2024\/09\/golden-teacherpsilocybin-or-magic-mushrooms.jpg\" \/>\n\t<meta property=\"og:image:width\" content=\"430\" \/>\n\t<meta property=\"og:image:height\" content=\"430\" \/>\n\t<meta property=\"og:image:type\" content=\"image\/jpeg\" \/>\n<meta name=\"twitter:card\" content=\"summary_large_image\" \/>\n<meta name=\"twitter:label1\" content=\"Tempo di lettura stimato\" \/>\n\t<meta name=\"twitter:data1\" content=\"4 minuti\" \/>\n<script type=\"application\/ld+json\" class=\"yoast-schema-graph\">{\"@context\":\"https:\/\/schema.org\",\"@graph\":[{\"@type\":\"WebPage\",\"@id\":\"https:\/\/legitgrams.com\/product\/golden-teacher\/\",\"url\":\"https:\/\/legitgrams.com\/product\/golden-teacher\/\",\"name\":\"Golden Teacher Psilocybin for Sale - Order Golden Teacher Online\",\"isPartOf\":{\"@id\":\"https:\/\/legitgrams.com\/#website\"},\"primaryImageOfPage\":{\"@id\":\"https:\/\/legitgrams.com\/product\/golden-teacher\/#primaryimage\"},\"image\":{\"@id\":\"https:\/\/legitgrams.com\/product\/golden-teacher\/#primaryimage\"},\"thumbnailUrl\":\"https:\/\/legitgrams.com\/wp-content\/uploads\/2024\/09\/golden-teacherpsilocybin-or-magic-mushrooms.jpg\",\"datePublished\":\"2024-09-21T12:41:57+00:00\",\"dateModified\":\"2025-04-03T19:20:46+00:00\",\"description\":\"At our Legitgrams, you can get Golden Teacher for sale at cheap rates. We deal with A-grade quality products only. Buy Golden Teacher online from our store now with fast & secure shipping service.\",\"breadcrumb\":{\"@id\":\"https:\/\/legitgrams.com\/product\/golden-teacher\/#breadcrumb\"},\"inLanguage\":\"it-IT\",\"potentialAction\":[{\"@type\":\"ReadAction\",\"target\":[\"https:\/\/legitgrams.com\/product\/golden-teacher\/\"]}]},{\"@type\":\"ImageObject\",\"inLanguage\":\"it-IT\",\"@id\":\"https:\/\/legitgrams.com\/product\/golden-teacher\/#primaryimage\",\"url\":\"https:\/\/legitgrams.com\/wp-content\/uploads\/2024\/09\/golden-teacherpsilocybin-or-magic-mushrooms.jpg\",\"contentUrl\":\"https:\/\/legitgrams.com\/wp-content\/uploads\/2024\/09\/golden-teacherpsilocybin-or-magic-mushrooms.jpg\",\"width\":430,\"height\":430,\"caption\":\"Golden Teacher Psilocybin for Sale\"},{\"@type\":\"BreadcrumbList\",\"@id\":\"https:\/\/legitgrams.com\/product\/golden-teacher\/#breadcrumb\",\"itemListElement\":[{\"@type\":\"ListItem\",\"position\":1,\"name\":\"Home\",\"item\":\"https:\/\/legitgrams.com\/\"},{\"@type\":\"ListItem\",\"position\":2,\"name\":\"Shop\",\"item\":\"https:\/\/legitgrams.com\/shop\/\"},{\"@type\":\"ListItem\",\"position\":3,\"name\":\"Buy Golden Teacher Online\"}]},{\"@type\":\"WebSite\",\"@id\":\"https:\/\/legitgrams.com\/#website\",\"url\":\"https:\/\/legitgrams.com\/\",\"name\":\"Legit Grams\",\"description\":\"My WordPress Blog\",\"publisher\":{\"@id\":\"https:\/\/legitgrams.com\/#organization\"},\"potentialAction\":[{\"@type\":\"SearchAction\",\"target\":{\"@type\":\"EntryPoint\",\"urlTemplate\":\"https:\/\/legitgrams.com\/?s={search_term_string}\"},\"query-input\":{\"@type\":\"PropertyValueSpecification\",\"valueRequired\":true,\"valueName\":\"search_term_string\"}}],\"inLanguage\":\"it-IT\"},{\"@type\":\"Organization\",\"@id\":\"https:\/\/legitgrams.com\/#organization\",\"name\":\"Legit Grams\",\"url\":\"https:\/\/legitgrams.com\/\",\"logo\":{\"@type\":\"ImageObject\",\"inLanguage\":\"it-IT\",\"@id\":\"https:\/\/legitgrams.com\/#\/schema\/logo\/image\/\",\"url\":\"https:\/\/legitgrams.com\/wp-content\/uploads\/2024\/09\/main-logo.png\",\"contentUrl\":\"https:\/\/legitgrams.com\/wp-content\/uploads\/2024\/09\/main-logo.png\",\"width\":270,\"height\":75,\"caption\":\"Legit Grams\"},\"image\":{\"@id\":\"https:\/\/legitgrams.com\/#\/schema\/logo\/image\/\"}}]}<\/script>\n<!-- \/ Yoast SEO plugin. -->","yoast_head_json":{"title":"Golden Teacher Psilocybin in vendita - Ordina Golden Teacher online","description":"Presso il nostro Legitgrams, \u00e8 possibile ottenere Golden Teacher in vendita a prezzi economici. Ci occupiamo solo di prodotti di qualit\u00e0 A-grade. Acquista Golden Teacher online dal nostro negozio ora con un servizio di spedizione veloce e sicuro.","robots":{"index":"index","follow":"follow","max-snippet":"max-snippet:-1","max-image-preview":"max-image-preview:large","max-video-preview":"max-video-preview:-1"},"canonical":"https:\/\/legitgrams.com\/it\/prodotto\/insegnante-doro\/","og_locale":"it_IT","og_type":"article","og_title":"Golden Teacher Psilocybin for Sale - Order Golden Teacher Online","og_description":"At our Legitgrams, you can get Golden Teacher for sale at cheap rates. We deal with A-grade quality products only. Buy Golden Teacher online from our store now with fast & secure shipping service.","og_url":"https:\/\/legitgrams.com\/it\/prodotto\/insegnante-doro\/","og_site_name":"Legit Grams","article_modified_time":"2025-04-03T19:20:46+00:00","og_image":[{"width":430,"height":430,"url":"https:\/\/legitgrams.com\/wp-content\/uploads\/2024\/09\/golden-teacherpsilocybin-or-magic-mushrooms.jpg","type":"image\/jpeg"}],"twitter_card":"summary_large_image","twitter_misc":{"Tempo di lettura stimato":"4 minuti"},"schema":{"@context":"https:\/\/schema.org","@graph":[{"@type":"WebPage","@id":"https:\/\/legitgrams.com\/product\/golden-teacher\/","url":"https:\/\/legitgrams.com\/product\/golden-teacher\/","name":"Golden Teacher Psilocybin in vendita - Ordina Golden Teacher online","isPartOf":{"@id":"https:\/\/legitgrams.com\/#website"},"primaryImageOfPage":{"@id":"https:\/\/legitgrams.com\/product\/golden-teacher\/#primaryimage"},"image":{"@id":"https:\/\/legitgrams.com\/product\/golden-teacher\/#primaryimage"},"thumbnailUrl":"https:\/\/legitgrams.com\/wp-content\/uploads\/2024\/09\/golden-teacherpsilocybin-or-magic-mushrooms.jpg","datePublished":"2024-09-21T12:41:57+00:00","dateModified":"2025-04-03T19:20:46+00:00","description":"Presso il nostro Legitgrams, \u00e8 possibile ottenere Golden Teacher in vendita a prezzi economici. Ci occupiamo solo di prodotti di qualit\u00e0 A-grade. Acquista Golden Teacher online dal nostro negozio ora con un servizio di spedizione veloce e sicuro.","breadcrumb":{"@id":"https:\/\/legitgrams.com\/product\/golden-teacher\/#breadcrumb"},"inLanguage":"it-IT","potentialAction":[{"@type":"ReadAction","target":["https:\/\/legitgrams.com\/product\/golden-teacher\/"]}]},{"@type":"ImageObject","inLanguage":"it-IT","@id":"https:\/\/legitgrams.com\/product\/golden-teacher\/#primaryimage","url":"https:\/\/legitgrams.com\/wp-content\/uploads\/2024\/09\/golden-teacherpsilocybin-or-magic-mushrooms.jpg","contentUrl":"https:\/\/legitgrams.com\/wp-content\/uploads\/2024\/09\/golden-teacherpsilocybin-or-magic-mushrooms.jpg","width":430,"height":430,"caption":"Golden Teacher Psilocybin for Sale"},{"@type":"BreadcrumbList","@id":"https:\/\/legitgrams.com\/product\/golden-teacher\/#breadcrumb","itemListElement":[{"@type":"ListItem","position":1,"name":"Home","item":"https:\/\/legitgrams.com\/"},{"@type":"ListItem","position":2,"name":"Shop","item":"https:\/\/legitgrams.com\/shop\/"},{"@type":"ListItem","position":3,"name":"Buy Golden Teacher Online"}]},{"@type":"WebSite","@id":"https:\/\/legitgrams.com\/#website","url":"https:\/\/legitgrams.com\/","name":"Grammi legittimi","description":"Il mio blog WordPress","publisher":{"@id":"https:\/\/legitgrams.com\/#organization"},"potentialAction":[{"@type":"SearchAction","target":{"@type":"EntryPoint","urlTemplate":"https:\/\/legitgrams.com\/?s={search_term_string}"},"query-input":{"@type":"PropertyValueSpecification","valueRequired":true,"valueName":"search_term_string"}}],"inLanguage":"it-IT"},{"@type":"Organization","@id":"https:\/\/legitgrams.com\/#organization","name":"Grammi legittimi","url":"https:\/\/legitgrams.com\/","logo":{"@type":"ImageObject","inLanguage":"it-IT","@id":"https:\/\/legitgrams.com\/#\/schema\/logo\/image\/","url":"https:\/\/legitgrams.com\/wp-content\/uploads\/2024\/09\/main-logo.png","contentUrl":"https:\/\/legitgrams.com\/wp-content\/uploads\/2024\/09\/main-logo.png","width":270,"height":75,"caption":"Legit Grams"},"image":{"@id":"https:\/\/legitgrams.com\/#\/schema\/logo\/image\/"}}]}},"uagb_featured_image_src":{"full":["https:\/\/legitgrams.com\/wp-content\/uploads\/2024\/09\/golden-teacherpsilocybin-or-magic-mushrooms.jpg",430,430,false],"thumbnail":["https:\/\/legitgrams.com\/wp-content\/uploads\/2024\/09\/golden-teacherpsilocybin-or-magic-mushrooms-150x150.jpg",150,150,true],"medium":["https:\/\/legitgrams.com\/wp-content\/uploads\/2024\/09\/golden-teacherpsilocybin-or-magic-mushrooms-300x300.jpg",300,300,true],"medium_large":["https:\/\/legitgrams.com\/wp-content\/uploads\/2024\/09\/golden-teacherpsilocybin-or-magic-mushrooms.jpg",430,430,false],"large":["https:\/\/legitgrams.com\/wp-content\/uploads\/2024\/09\/golden-teacherpsilocybin-or-magic-mushrooms.jpg",430,430,false],"1536x1536":["https:\/\/legitgrams.com\/wp-content\/uploads\/2024\/09\/golden-teacherpsilocybin-or-magic-mushrooms.jpg",430,430,false],"2048x2048":["https:\/\/legitgrams.com\/wp-content\/uploads\/2024\/09\/golden-teacherpsilocybin-or-magic-mushrooms.jpg",430,430,false],"trp-custom-language-flag":["https:\/\/legitgrams.com\/wp-content\/uploads\/2024\/09\/golden-teacherpsilocybin-or-magic-mushrooms-12x12.jpg",12,12,true],"woocommerce_thumbnail":["https:\/\/legitgrams.com\/wp-content\/uploads\/2024\/09\/golden-teacherpsilocybin-or-magic-mushrooms-300x300.jpg",300,300,true],"woocommerce_single":["https:\/\/legitgrams.com\/wp-content\/uploads\/2024\/09\/golden-teacherpsilocybin-or-magic-mushrooms.jpg",430,430,false],"woocommerce_gallery_thumbnail":["https:\/\/legitgrams.com\/wp-content\/uploads\/2024\/09\/golden-teacherpsilocybin-or-magic-mushrooms-100x100.jpg",100,100,true]},"uagb_author_info":{"display_name":"cokeblog18","author_link":"https:\/\/legitgrams.com\/it\/author\/"},"uagb_comment_info":0,"uagb_excerpt":"Purchase Golden Teacher Online Golden Teachers believe that psilocybe cubensis is a special kind of mushroom, even though it only recently became popular as a magical mushroom in the 1980s. The Golden Teacher is often more potent than many other strains of psilocybin cubensis since it does not grow as quickly. Growers love growing cultures&hellip;","_links":{"self":[{"href":"https:\/\/legitgrams.com\/it\/wp-json\/wp\/v2\/product\/4189","targetHints":{"allow":["GET"]}}],"collection":[{"href":"https:\/\/legitgrams.com\/it\/wp-json\/wp\/v2\/product"}],"about":[{"href":"https:\/\/legitgrams.com\/it\/wp-json\/wp\/v2\/types\/product"}],"replies":[{"embeddable":true,"href":"https:\/\/legitgrams.com\/it\/wp-json\/wp\/v2\/comments?post=4189"}],"wp:featuredmedia":[{"embeddable":true,"href":"https:\/\/legitgrams.com\/it\/wp-json\/wp\/v2\/media\/5240"}],"wp:attachment":[{"href":"https:\/\/legitgrams.com\/it\/wp-json\/wp\/v2\/media?parent=4189"}],"wp:term":[{"taxonomy":"product_brand","embeddable":true,"href":"https:\/\/legitgrams.com\/it\/wp-json\/wp\/v2\/product_brand?post=4189"},{"taxonomy":"product_cat","embeddable":true,"href":"https:\/\/legitgrams.com\/it\/wp-json\/wp\/v2\/product_cat?post=4189"},{"taxonomy":"product_tag","embeddable":true,"href":"https:\/\/legitgrams.com\/it\/wp-json\/wp\/v2\/product_tag?post=4189"}],"curies":[{"name":"wp","href":"https:\/\/api.w.org\/{rel}","templated":true}]}}