{"id":4211,"date":"2024-09-22T05:22:44","date_gmt":"2024-09-22T05:22:44","guid":{"rendered":"https:\/\/legitgrams.com\/?post_type=product&#038;p=4211"},"modified":"2025-04-03T12:30:56","modified_gmt":"2025-04-03T12:30:56","slug":"al-lad-blotters","status":"publish","type":"product","link":"https:\/\/legitgrams.com\/it\/prodotto\/al-lad-blotters\/","title":{"rendered":"Acquista AL Lad Blotters online"},"content":{"rendered":"<h2>Blotter Al Ld economici in vendita<\/h2>\n<p>Ottieni 150mcg di premium <a href=\"https:\/\/legitgrams.com\/it\/prodotto\/al-lad-blotters\/\">Blotter AL-LAD<\/a> online a un prezzo scontato.<\/p>\n<h3>Che cos'\u00e8?<\/h3>\n<p>6-allil-6-norLSD, noto anche come <a href=\"https:\/\/en.wikipedia.org\/wiki\/AL-LAD\">AL-LAD<\/a>, \u00e8 una droga psichedelica simile alla dietilamide dell'acido lisergico (LSD). Quando fu sintetizzata per la prima volta nel 1976, ottenne consensi come rimedio nei mercati delle \"nuove sostanze psicoattive\" e dei \"prodotti chimici di ricerca\". <a href=\"https:\/\/www.bing.com\/search?q=AcquistaALLadBlottersonline&amp;qs=n&amp;form=QBRE&amp;sp=-1&amp;lq=0&amp;pq=acquistaalladblottersonline&amp;sc=0-31&amp;sk=&amp;cvid=495F2BEAC6374B1980905DB5E04521AB&amp;ghsh=0&amp;ghacc=0&amp;ghpl=\">AL-LAD<\/a> produce un \u201cviaggio\u201d psicoattivo sorprendentemente simile all\u2019esperienza con l\u2019LSD.<\/p>\n<p>L'AL-LAD ha guadagnato popolarit\u00e0 per uso ricreativo nel Regno Unito e in Irlanda. Nel suo libro del 1997 TIHKAL (Tryptamines I Have Known And Loved), Alexander Shulgin vi ha fatto riferimento. Di conseguenza, la reputazione del farmaco si \u00e8 espansa a livello internazionale. Oggigiorno, il farmaco viene sperimentato da persone in tutto il mondo, compresi gli Stati Uniti.<\/p>\n<p>Non \u00e8 chiaro esattamente cosa <a href=\"https:\/\/www.google.com\/search?q=Buy+AL+Lad+Blotters+Online&amp;num=10&amp;sca_esv=1a2a07081c7891bb&amp;rlz=1C1RXQR_enIN1098IN1098&amp;sxsrf=AHTn8zrQ09rbT77U3-bBTxxLn2TehM5CkA%3A1741410493205&amp;ei=vdDLZ7KSDKadseMPzIXs4AI&amp;ved=0ahUKEwjy5OvO2_mLAxWmTmwGHcwCGywQ4dUDCBI&amp;uact=5&amp;oq=Buy+AL+Lad+Blotters+Online&amp;gs_lp=Egxnd3Mtd2l6LXNlcnAiGkJ1eSBBTCBMYWQgQmxvdHRlcnMgT25saW5lMgUQIRigATIFECEYoAEyBRAhGKABSLoHUJQDWJQDcAJ4AJABAJgBwwGgAcMBqgEDMC4xuAEDyAEA-AEC-AEBmAIDoALVAcICDhAAGIAEGLADGIYDGIoFmAMAiAYBkAYBkgcFMi4wLjGgB-0C&amp;sclient=gws-wiz-serp\">AL-LAD\u2019s<\/a> lo stato legale \u00e8. Il governo federale degli Stati Uniti non intende regolamentarlo. Tuttavia, poich\u00e9 \u00e8 un analogo dell'LSD, potresti essere perseguito ai sensi del Federal Analogue Act se lo vendi o lo possiedi con l'intento di usarlo su altri. <a href=\"https:\/\/legitgrams.com\/it\/\">LegitGrams<\/a><\/p>\n<p>Le esperienze AL-LAD sono simili ai viaggi con LSD per molti aspetti. Gli utenti spesso utilizzano fogli assorbenti per assumere la droga per via orale. Di conseguenza, gli effetti spesso compaiono da 20 a 60 minuti dopo il consumo. Gli utenti sperimenteranno:<\/p>\n<p>Maggiore vitalit\u00e0 o eccitazione, sensazioni di euforia, formicolio o intorpidimento alle estremit\u00e0, maggiore attenzione e illusioni di distorsione visiva.<\/p>\n<p>The use of <a href=\"https:\/\/duckduckgo.com\/?q=Acquista+AL+Lad+Blotters+online&amp;t=h_&amp;ia=web\">AL-LAD<\/a> pu\u00f2 causare i seguenti effetti avversi: incapacit\u00e0 di concentrarsi o pensare chiaramente, aumento della frequenza cardiaca Variazioni della temperatura corporea durante l'emesi Modelli di pensiero negativi e illusioni Vasocostrizione o restringimento dei vasi sanguigni Convulsioni<\/p>\n<p>L'LSD \u00e8 tra gli psichedelici che sono stati maggiormente studiati. Tuttavia, l'AL-LAD non \u00e8 stato oggetto di molte indagini scientifiche approfondite, nonostante venga definito un \"farmaco di ricerca\". Ci\u00f2 suggerisce che l'elenco degli effetti a breve termine potrebbe non essere esaustivo. Inoltre, sono stati condotti pochi o nessuno studio sulle conseguenze a lungo termine del farmaco.<\/p>\n<p>L'abuso di allucinogeni per un periodo di tempo prolungato pu\u00f2 avere una serie di effetti avversi dannosi. Il disturbo persistente della percezione da allucinogeni (HPPD) \u00e8 una condizione che causa improvvisi flashback di distorsioni visive o allucinazioni. \u00c8 stato dimostrato che un gran numero di consumatori di allucinogeni, compresi coloro che hanno assunto DMT, LSD e funghi, soffrono di questa malattia cronica.<\/p>\n<h3>Ottieni online i blotter AL-LAD convenienti e di alta qualit\u00e0<\/h3>\n<p>Ottieni Premium AL-LAD Blotters online a un prezzo scontato \u2013 Acquista blotters convenienti, blotters AL-LAD Premium, blotters AL-LAD online, dove posso acquistare blotters AL-LAD di alta qualit\u00e0? Dove posso trovare blotters AL-LAD economici in vendita? Dove posso acquistare blotters AL-LAD di alta qualit\u00e0 online? Fornitori, spedizione sicura e prezzi ragionevoli, blotters AL-LAD premium in vendita negli Stati Uniti, in Canada e nel Regno Unito \u00c8 legale acquistare blotters AL-LAD di qualit\u00e0 a basso costo negli Stati Uniti? Come posso acquistare blotters AL-LAD di qualit\u00e0 a basso costo? \u00c8 consentito acquistarli in Canada?<\/p>","protected":false},"excerpt":{"rendered":"<p>Cheap Al Ld Blotters for Sale Get 150mcg of premium AL-LAD blotters online at a discounted price. AL-LAD: What Is It? 6-allyl-6-norLSD, also known as AL-LAD, is a psychedelic drug that is similar to lysergic acid diethylamide (LSD). When it was first synthesized in 1976, it gained favor as a remedy in the markets for &hellip;<\/p>\n<p class=\"read-more\"> <a class=\"\" href=\"https:\/\/legitgrams.com\/it\/prodotto\/al-lad-blotters\/\"> <span class=\"screen-reader-text\">Acquista AL Lad Blotters online<\/span> Leggi tutto \"<\/a><\/p>","protected":false},"featured_media":5186,"comment_status":"open","ping_status":"closed","template":"","meta":{"_uag_custom_page_level_css":"","site-sidebar-layout":"default","site-content-layout":"default","ast-global-header-display":"","ast-main-header-display":"","ast-hfb-above-header-display":"","ast-hfb-below-header-display":"","ast-hfb-mobile-header-display":"","site-post-title":"","ast-breadcrumbs-content":"","ast-featured-img":"","footer-sml-layout":"","theme-transparent-header-meta":"default","adv-header-id-meta":"","stick-header-meta":"default","header-above-stick-meta":"","header-main-stick-meta":"","header-below-stick-meta":"","_joinchat":[]},"product_brand":[],"product_cat":[595],"product_tag":[2214,2218,2217,2225,2216,2228,2235,2236,2234,2226,2231,2233,2223,617,2215,2230,2227,2222,2220,2232,2229,625,2221,2224,2219],"class_list":{"0":"post-4211","1":"product","2":"type-product","3":"status-publish","4":"has-post-thumbnail","6":"product_cat-psychedelic-drugs","7":"product_tag-al-lad-blotters","8":"product_tag-al-lad-blotters-al-lad-blotters-supplier","9":"product_tag-al-lad-blotters-for-sale","10":"product_tag-al-lad-blotters-legally","11":"product_tag-al-lad-blotters-online","12":"product_tag-al-lad-blotters-store","13":"product_tag-al-lad-blotters-use","14":"product_tag-al-lad-blotters-wiki","15":"product_tag-al-lad-blotters-worldwide","16":"product_tag-al-lad-blottersprice","17":"product_tag-al-lad-blotterss","18":"product_tag-best-cheap-price-al-lad-blotters","19":"product_tag-best-place-to-buy-al-lad-blotters","20":"product_tag-bulk-online","21":"product_tag-buy-al-lad-blotters","22":"product_tag-cheap-al-lad-blotters","23":"product_tag-high-quality-al-lad-blotters","24":"product_tag-how-to-buy-al-lad-blotters","25":"product_tag-order-al-lad-blotters","26":"product_tag-purcharse-al-lad-blotters","27":"product_tag-shop-al-lad-blotters","28":"product_tag-top-quality","29":"product_tag-where-to-buy-al-lad-blotters","30":"product_tag-where-to-order-al-lad-blotters","31":"product_tag-wholesale-al-lad-blotters","32":"desktop-align-left","33":"tablet-align-left","34":"mobile-align-left","35":"ast-product-gallery-layout-horizontal","36":"ast-product-gallery-with-no-image","37":"ast-product-single-variable","38":"ast-product-tabs-layout-horizontal","39":"ast-qv-on-image","41":"first","42":"instock","43":"shipping-taxable","44":"purchasable","45":"product-type-variable"},"yoast_head":"<!-- This site is optimized with the Yoast SEO plugin v25.9 - https:\/\/yoast.com\/wordpress\/plugins\/seo\/ -->\n<title>AL Lad Blotters for Sale - Buy AL Lad Blotters Online | LegitGrams<\/title>\n<meta name=\"description\" content=\"At our LegitGrams online store, we have AL Lad Blotters for sale. You can easily buy AL Lad Blotters online of top quality from us available at the best prices. Order now!\" \/>\n<meta name=\"robots\" content=\"index, follow, max-snippet:-1, max-image-preview:large, max-video-preview:-1\" \/>\n<link rel=\"canonical\" href=\"https:\/\/legitgrams.com\/it\/prodotto\/al-lad-blotters\/\" \/>\n<meta property=\"og:locale\" content=\"it_IT\" \/>\n<meta property=\"og:type\" content=\"article\" \/>\n<meta property=\"og:title\" content=\"AL Lad Blotters for Sale - Buy AL Lad Blotters Online | LegitGrams\" \/>\n<meta property=\"og:description\" content=\"At our LegitGrams online store, we have AL Lad Blotters for sale. You can easily buy AL Lad Blotters online of top quality from us available at the best prices. Order now!\" \/>\n<meta property=\"og:url\" content=\"https:\/\/legitgrams.com\/it\/prodotto\/al-lad-blotters\/\" \/>\n<meta property=\"og:site_name\" content=\"Legit Grams\" \/>\n<meta property=\"article:modified_time\" content=\"2025-04-03T12:30:56+00:00\" \/>\n<meta property=\"og:image\" content=\"https:\/\/legitgrams.com\/wp-content\/uploads\/2024\/09\/Buy-Quality-AL-LAD-blotters-Cheap-Online.jpg\" \/>\n\t<meta property=\"og:image:width\" content=\"600\" \/>\n\t<meta property=\"og:image:height\" content=\"600\" \/>\n\t<meta property=\"og:image:type\" content=\"image\/jpeg\" \/>\n<meta name=\"twitter:card\" content=\"summary_large_image\" \/>\n<meta name=\"twitter:label1\" content=\"Tempo di lettura stimato\" \/>\n\t<meta name=\"twitter:data1\" content=\"3 minuti\" \/>\n<script type=\"application\/ld+json\" class=\"yoast-schema-graph\">{\"@context\":\"https:\/\/schema.org\",\"@graph\":[{\"@type\":\"WebPage\",\"@id\":\"https:\/\/legitgrams.com\/product\/al-lad-blotters\/\",\"url\":\"https:\/\/legitgrams.com\/product\/al-lad-blotters\/\",\"name\":\"AL Lad Blotters for Sale - Buy AL Lad Blotters Online | LegitGrams\",\"isPartOf\":{\"@id\":\"https:\/\/legitgrams.com\/#website\"},\"primaryImageOfPage\":{\"@id\":\"https:\/\/legitgrams.com\/product\/al-lad-blotters\/#primaryimage\"},\"image\":{\"@id\":\"https:\/\/legitgrams.com\/product\/al-lad-blotters\/#primaryimage\"},\"thumbnailUrl\":\"https:\/\/legitgrams.com\/wp-content\/uploads\/2024\/09\/Buy-Quality-AL-LAD-blotters-Cheap-Online.jpg\",\"datePublished\":\"2024-09-22T05:22:44+00:00\",\"dateModified\":\"2025-04-03T12:30:56+00:00\",\"description\":\"At our LegitGrams online store, we have AL Lad Blotters for sale. You can easily buy AL Lad Blotters online of top quality from us available at the best prices. Order now!\",\"breadcrumb\":{\"@id\":\"https:\/\/legitgrams.com\/product\/al-lad-blotters\/#breadcrumb\"},\"inLanguage\":\"it-IT\",\"potentialAction\":[{\"@type\":\"ReadAction\",\"target\":[\"https:\/\/legitgrams.com\/product\/al-lad-blotters\/\"]}]},{\"@type\":\"ImageObject\",\"inLanguage\":\"it-IT\",\"@id\":\"https:\/\/legitgrams.com\/product\/al-lad-blotters\/#primaryimage\",\"url\":\"https:\/\/legitgrams.com\/wp-content\/uploads\/2024\/09\/Buy-Quality-AL-LAD-blotters-Cheap-Online.jpg\",\"contentUrl\":\"https:\/\/legitgrams.com\/wp-content\/uploads\/2024\/09\/Buy-Quality-AL-LAD-blotters-Cheap-Online.jpg\",\"width\":600,\"height\":600,\"caption\":\"Al Ld Blotters Cheap for Sale\"},{\"@type\":\"BreadcrumbList\",\"@id\":\"https:\/\/legitgrams.com\/product\/al-lad-blotters\/#breadcrumb\",\"itemListElement\":[{\"@type\":\"ListItem\",\"position\":1,\"name\":\"Home\",\"item\":\"https:\/\/legitgrams.com\/\"},{\"@type\":\"ListItem\",\"position\":2,\"name\":\"Shop\",\"item\":\"https:\/\/legitgrams.com\/shop\/\"},{\"@type\":\"ListItem\",\"position\":3,\"name\":\"Buy AL Lad Blotters Online\"}]},{\"@type\":\"WebSite\",\"@id\":\"https:\/\/legitgrams.com\/#website\",\"url\":\"https:\/\/legitgrams.com\/\",\"name\":\"Legit Grams\",\"description\":\"My WordPress Blog\",\"publisher\":{\"@id\":\"https:\/\/legitgrams.com\/#organization\"},\"potentialAction\":[{\"@type\":\"SearchAction\",\"target\":{\"@type\":\"EntryPoint\",\"urlTemplate\":\"https:\/\/legitgrams.com\/?s={search_term_string}\"},\"query-input\":{\"@type\":\"PropertyValueSpecification\",\"valueRequired\":true,\"valueName\":\"search_term_string\"}}],\"inLanguage\":\"it-IT\"},{\"@type\":\"Organization\",\"@id\":\"https:\/\/legitgrams.com\/#organization\",\"name\":\"Legit Grams\",\"url\":\"https:\/\/legitgrams.com\/\",\"logo\":{\"@type\":\"ImageObject\",\"inLanguage\":\"it-IT\",\"@id\":\"https:\/\/legitgrams.com\/#\/schema\/logo\/image\/\",\"url\":\"https:\/\/legitgrams.com\/wp-content\/uploads\/2024\/09\/main-logo.png\",\"contentUrl\":\"https:\/\/legitgrams.com\/wp-content\/uploads\/2024\/09\/main-logo.png\",\"width\":270,\"height\":75,\"caption\":\"Legit Grams\"},\"image\":{\"@id\":\"https:\/\/legitgrams.com\/#\/schema\/logo\/image\/\"}}]}<\/script>\n<!-- \/ Yoast SEO plugin. -->","yoast_head_json":{"title":"AL Lad Blotters in vendita - Acquista AL Lad Blotters Online | LegitGrams","description":"Nel nostro negozio online LegitGrams, abbiamo AL Lad Blotters in vendita. Si pu\u00f2 facilmente acquistare AL Lad Blotters online di alta qualit\u00e0 da noi disponibile ai migliori prezzi. Ordina ora!","robots":{"index":"index","follow":"follow","max-snippet":"max-snippet:-1","max-image-preview":"max-image-preview:large","max-video-preview":"max-video-preview:-1"},"canonical":"https:\/\/legitgrams.com\/it\/prodotto\/al-lad-blotters\/","og_locale":"it_IT","og_type":"article","og_title":"AL Lad Blotters for Sale - Buy AL Lad Blotters Online | LegitGrams","og_description":"At our LegitGrams online store, we have AL Lad Blotters for sale. You can easily buy AL Lad Blotters online of top quality from us available at the best prices. Order now!","og_url":"https:\/\/legitgrams.com\/it\/prodotto\/al-lad-blotters\/","og_site_name":"Legit Grams","article_modified_time":"2025-04-03T12:30:56+00:00","og_image":[{"width":600,"height":600,"url":"https:\/\/legitgrams.com\/wp-content\/uploads\/2024\/09\/Buy-Quality-AL-LAD-blotters-Cheap-Online.jpg","type":"image\/jpeg"}],"twitter_card":"summary_large_image","twitter_misc":{"Tempo di lettura stimato":"3 minuti"},"schema":{"@context":"https:\/\/schema.org","@graph":[{"@type":"WebPage","@id":"https:\/\/legitgrams.com\/product\/al-lad-blotters\/","url":"https:\/\/legitgrams.com\/product\/al-lad-blotters\/","name":"AL Lad Blotters in vendita - Acquista AL Lad Blotters Online | LegitGrams","isPartOf":{"@id":"https:\/\/legitgrams.com\/#website"},"primaryImageOfPage":{"@id":"https:\/\/legitgrams.com\/product\/al-lad-blotters\/#primaryimage"},"image":{"@id":"https:\/\/legitgrams.com\/product\/al-lad-blotters\/#primaryimage"},"thumbnailUrl":"https:\/\/legitgrams.com\/wp-content\/uploads\/2024\/09\/Buy-Quality-AL-LAD-blotters-Cheap-Online.jpg","datePublished":"2024-09-22T05:22:44+00:00","dateModified":"2025-04-03T12:30:56+00:00","description":"Nel nostro negozio online LegitGrams, abbiamo AL Lad Blotters in vendita. Si pu\u00f2 facilmente acquistare AL Lad Blotters online di alta qualit\u00e0 da noi disponibile ai migliori prezzi. Ordina ora!","breadcrumb":{"@id":"https:\/\/legitgrams.com\/product\/al-lad-blotters\/#breadcrumb"},"inLanguage":"it-IT","potentialAction":[{"@type":"ReadAction","target":["https:\/\/legitgrams.com\/product\/al-lad-blotters\/"]}]},{"@type":"ImageObject","inLanguage":"it-IT","@id":"https:\/\/legitgrams.com\/product\/al-lad-blotters\/#primaryimage","url":"https:\/\/legitgrams.com\/wp-content\/uploads\/2024\/09\/Buy-Quality-AL-LAD-blotters-Cheap-Online.jpg","contentUrl":"https:\/\/legitgrams.com\/wp-content\/uploads\/2024\/09\/Buy-Quality-AL-LAD-blotters-Cheap-Online.jpg","width":600,"height":600,"caption":"Al Ld Blotters Cheap for Sale"},{"@type":"BreadcrumbList","@id":"https:\/\/legitgrams.com\/product\/al-lad-blotters\/#breadcrumb","itemListElement":[{"@type":"ListItem","position":1,"name":"Home","item":"https:\/\/legitgrams.com\/"},{"@type":"ListItem","position":2,"name":"Shop","item":"https:\/\/legitgrams.com\/shop\/"},{"@type":"ListItem","position":3,"name":"Buy AL Lad Blotters Online"}]},{"@type":"WebSite","@id":"https:\/\/legitgrams.com\/#website","url":"https:\/\/legitgrams.com\/","name":"Grammi legittimi","description":"Il mio blog WordPress","publisher":{"@id":"https:\/\/legitgrams.com\/#organization"},"potentialAction":[{"@type":"SearchAction","target":{"@type":"EntryPoint","urlTemplate":"https:\/\/legitgrams.com\/?s={search_term_string}"},"query-input":{"@type":"PropertyValueSpecification","valueRequired":true,"valueName":"search_term_string"}}],"inLanguage":"it-IT"},{"@type":"Organization","@id":"https:\/\/legitgrams.com\/#organization","name":"Grammi legittimi","url":"https:\/\/legitgrams.com\/","logo":{"@type":"ImageObject","inLanguage":"it-IT","@id":"https:\/\/legitgrams.com\/#\/schema\/logo\/image\/","url":"https:\/\/legitgrams.com\/wp-content\/uploads\/2024\/09\/main-logo.png","contentUrl":"https:\/\/legitgrams.com\/wp-content\/uploads\/2024\/09\/main-logo.png","width":270,"height":75,"caption":"Legit Grams"},"image":{"@id":"https:\/\/legitgrams.com\/#\/schema\/logo\/image\/"}}]}},"uagb_featured_image_src":{"full":["https:\/\/legitgrams.com\/wp-content\/uploads\/2024\/09\/Buy-Quality-AL-LAD-blotters-Cheap-Online.jpg",600,600,false],"thumbnail":["https:\/\/legitgrams.com\/wp-content\/uploads\/2024\/09\/Buy-Quality-AL-LAD-blotters-Cheap-Online-150x150.jpg",150,150,true],"medium":["https:\/\/legitgrams.com\/wp-content\/uploads\/2024\/09\/Buy-Quality-AL-LAD-blotters-Cheap-Online-300x300.jpg",300,300,true],"medium_large":["https:\/\/legitgrams.com\/wp-content\/uploads\/2024\/09\/Buy-Quality-AL-LAD-blotters-Cheap-Online.jpg",600,600,false],"large":["https:\/\/legitgrams.com\/wp-content\/uploads\/2024\/09\/Buy-Quality-AL-LAD-blotters-Cheap-Online.jpg",600,600,false],"1536x1536":["https:\/\/legitgrams.com\/wp-content\/uploads\/2024\/09\/Buy-Quality-AL-LAD-blotters-Cheap-Online.jpg",600,600,false],"2048x2048":["https:\/\/legitgrams.com\/wp-content\/uploads\/2024\/09\/Buy-Quality-AL-LAD-blotters-Cheap-Online.jpg",600,600,false],"trp-custom-language-flag":["https:\/\/legitgrams.com\/wp-content\/uploads\/2024\/09\/Buy-Quality-AL-LAD-blotters-Cheap-Online-12x12.jpg",12,12,true],"woocommerce_thumbnail":["https:\/\/legitgrams.com\/wp-content\/uploads\/2024\/09\/Buy-Quality-AL-LAD-blotters-Cheap-Online-300x300.jpg",300,300,true],"woocommerce_single":["https:\/\/legitgrams.com\/wp-content\/uploads\/2024\/09\/Buy-Quality-AL-LAD-blotters-Cheap-Online.jpg",600,600,false],"woocommerce_gallery_thumbnail":["https:\/\/legitgrams.com\/wp-content\/uploads\/2024\/09\/Buy-Quality-AL-LAD-blotters-Cheap-Online-100x100.jpg",100,100,true]},"uagb_author_info":{"display_name":"cokeblog18","author_link":"https:\/\/legitgrams.com\/it\/author\/"},"uagb_comment_info":0,"uagb_excerpt":"Cheap Al Ld Blotters for Sale Get 150mcg of premium AL-LAD blotters online at a discounted price. AL-LAD: What Is It? 6-allyl-6-norLSD, also known as AL-LAD, is a psychedelic drug that is similar to lysergic acid diethylamide (LSD). When it was first synthesized in 1976, it gained favor as a remedy in the markets for&hellip;","_links":{"self":[{"href":"https:\/\/legitgrams.com\/it\/wp-json\/wp\/v2\/product\/4211","targetHints":{"allow":["GET"]}}],"collection":[{"href":"https:\/\/legitgrams.com\/it\/wp-json\/wp\/v2\/product"}],"about":[{"href":"https:\/\/legitgrams.com\/it\/wp-json\/wp\/v2\/types\/product"}],"replies":[{"embeddable":true,"href":"https:\/\/legitgrams.com\/it\/wp-json\/wp\/v2\/comments?post=4211"}],"wp:featuredmedia":[{"embeddable":true,"href":"https:\/\/legitgrams.com\/it\/wp-json\/wp\/v2\/media\/5186"}],"wp:attachment":[{"href":"https:\/\/legitgrams.com\/it\/wp-json\/wp\/v2\/media?parent=4211"}],"wp:term":[{"taxonomy":"product_brand","embeddable":true,"href":"https:\/\/legitgrams.com\/it\/wp-json\/wp\/v2\/product_brand?post=4211"},{"taxonomy":"product_cat","embeddable":true,"href":"https:\/\/legitgrams.com\/it\/wp-json\/wp\/v2\/product_cat?post=4211"},{"taxonomy":"product_tag","embeddable":true,"href":"https:\/\/legitgrams.com\/it\/wp-json\/wp\/v2\/product_tag?post=4211"}],"curies":[{"name":"wp","href":"https:\/\/api.w.org\/{rel}","templated":true}]}}