{"id":4213,"date":"2024-09-22T05:40:13","date_gmt":"2024-09-22T05:40:13","guid":{"rendered":"https:\/\/legitgrams.com\/?post_type=product&#038;p=4213"},"modified":"2026-01-08T15:18:32","modified_gmt":"2026-01-08T15:18:32","slug":"pillole-di-metanfetamina","status":"publish","type":"product","link":"https:\/\/legitgrams.com\/it\/prodotto\/pillole-di-metanfetamina\/","title":{"rendered":"Pillole di metanfetamina"},"content":{"rendered":"<h2>Pillole di metanfetamina in vendita online<\/h2>\n<p><a href=\"https:\/\/legitgrams.com\/it\/prodotto\/pillole-di-metanfetamina\/\">Metanfetamina<\/a> \u00e8 uno stimolante che ha un impatto diretto sul sistema nervoso centrale del cervello umano. \u00c8 una droga altamente avvincente che ha diverse applicazioni positive. Questo stimolante \u00e8 nell'elenco degli stimolanti sintetici.<\/p>\n<p>Durante la seconda guerra mondiale, il primo farmaco crystal meth fu sviluppato per supportare i militari. Fu poi utilizzato per tenerli svegli e alleviare il dolore causato dal proiettile. Tuttavia, ora \u00e8 frequentemente utilizzato ed \u00e8 diventato famoso in tutto il mondo. A seconda di ci\u00f2 di cui il loro corpo ha bisogno, le persone lo usano fumandolo, russando o iniettandolo direttamente.<\/p>\n<h3>Metanfetamina in cristalli contro metanfetamina<\/h3>\n<p>Uno dei numerosi vantaggi del crystal meth \u00e8 che pu\u00f2 risollevare il morale di qualcuno quando si sente gi\u00f9 a causa dei suoi problemi. Grazie a questa caratteristica, sta iniziando a guadagnare popolarit\u00e0 nei club e nei dance bar dove i clienti lo usano per rilassarsi.<\/p>\n<p>Il sistema nervoso centrale \u00e8 stimolato dal crystal meth, che consente al cervello di immaginare un ambiente felice e tipico in cui pu\u00f2 prosperare. Questo spiega perch\u00e9 \u00e8 spesso conosciuta come droga da festa. <a href=\"https:\/\/legitgrams.com\/it\/\">LegitGrams<\/a><\/p>\n<p>L'utilizzatore di questo pro-farmaco si sente anche molto sicuro di poter sopravvivere in qualsiasi circostanza. Viene anche utilizzato da coloro che hanno scalato montagne elevate per aumentare i loro livelli di energia. Inoltre, il crystal meth consente loro di sopravvivere in tali condizioni pericolose.<\/p>\n<p><strong>Assumere metanfetamine per scopi medici<\/strong><\/p>\n<p>Oltre a usare la metanfetamina per uso personale, le persone la usano anche in conformit\u00e0 con le istruzioni mediche. I medici prescrivono i farmaci realizzati con la metanfetamina.<\/p>\n<p>mentre interagisce con chi \u00e8 depresso e ha bisogno di un rapido sollievo. Le persone riferiscono di sentirsi incredibilmente rilassate ed energizzate dopo averlo usato.<\/p>\n<p>Tuttavia, \u00e8 un pro-farmaco molto benefico per gli esseri umani. Tuttavia, l'uso eccessivo o non regolamentato di crystal meth presenta una serie di svantaggi. Il crystal meth dovrebbe essere utilizzato solo raramente a causa dei suoi effetti a lungo termine sul corpo umano.<\/p>\n<p>Nel nostro negozio online forniamo metanfetamine a prezzi incredibilmente convenienti, con consegna rapida del prodotto direttamente a casa tua.<\/p>\n<p>Acquista metanfetamina in cristalli online e ottieni metanfetamina ghiacciata a basso costo.<\/p>\n<p>Ottieni metanfetamina a basso costo qui. Puoi leggere le nostre recensioni online su, e molte persone ci hanno dato la loro approvazione. venditori di spicco. La maggior parte dei nostri clienti \u00e8 soddisfatta. Forniamo altri narcotici come eroina e cocaina oltre alla metanfetamina in vendita online. La metanfetamina \u00e8 solitamente commercializzata come una polvere bianca e cristallina che si dissolve rapidamente in acqua o alcol, non ha sapore e non ha odore.<\/p>\n<p>Effetti collaterali del crystal meth?<\/p>\n<p>Perdita di appetito, aumento della temperatura corporea, della pressione sanguigna, della frequenza cardiaca e della dilatazione delle pupille, ritmi del sonno irregolari, vomito, comportamento strano, irregolare e talvolta violento, ipereccitabilit\u00e0, irritabilit\u00e0, allucinazioni, paura e follia sono alcuni degli effetti collaterali del crystal meth. Dosaggi eccessivi possono causare crisi epilettiche, convulsioni o persino la morte.<\/p>\n<p>Acquista <a href=\"https:\/\/en.wikipedia.org\/wiki\/Methamphetamine\">Metanfetamina di cristallo<\/a> Online \u2013 Acquista Crystal, Acquista Crystal Meth Online, Acquista Crystal Pills Online, Dove Acquistare Crystal Meth Pills: Online, fornitori, consegna sicura, USA, Canada, UK in vendita, dove acquistare pillole di crystal meth online, pillole in vendita e pillole da acquistare Le pillole di crystal meth sono ancora disponibili. Puoi verificare se sono legali in Canada, come effettuare un ordine online e se sono legali negli Stati Uniti.<\/p>","protected":false},"excerpt":{"rendered":"<p>Crystal Meth Pills for Sale Online Crystal meth is a stimulant that directly impacts the central nervous system of the human brain. It is a highly addictive drug that has several positive applications. This stimulant is in the list of synthetic stimulants. During World War II, the first crystal meth drug was developed to support &hellip;<\/p>\n<p class=\"read-more\"> <a class=\"\" href=\"https:\/\/legitgrams.com\/it\/prodotto\/pillole-di-metanfetamina\/\"> <span class=\"screen-reader-text\">Pillole di metanfetamina<\/span> Leggi tutto \"<\/a><\/p>","protected":false},"featured_media":5181,"comment_status":"open","ping_status":"closed","template":"","meta":{"_uag_custom_page_level_css":"","site-sidebar-layout":"default","site-content-layout":"default","ast-global-header-display":"","ast-main-header-display":"","ast-hfb-above-header-display":"","ast-hfb-below-header-display":"","ast-hfb-mobile-header-display":"","site-post-title":"","ast-breadcrumbs-content":"","ast-featured-img":"","footer-sml-layout":"","theme-transparent-header-meta":"default","adv-header-id-meta":"","stick-header-meta":"default","header-above-stick-meta":"","header-main-stick-meta":"","header-below-stick-meta":"","_joinchat":[]},"product_brand":[],"product_cat":[595],"product_tag":[2187,2177,617,2169,2184,2168,2172,2171,2179,2170,2182,2189,2190,2188,2180,2185,2181,2176,2174,2186,2183,625,2175,2178,2173],"class_list":{"0":"post-4213","1":"product","2":"type-product","3":"status-publish","4":"has-post-thumbnail","6":"product_cat-psychedelic-drugs","7":"product_tag-best-cheap-price-crystal-meth-pills","8":"product_tag-best-place-to-buy-crystal-meth-pills","9":"product_tag-bulk-online","10":"product_tag-buy-crystal-meth-pills","11":"product_tag-cheap-crystal-meth-pills","12":"product_tag-crystal-meth-pills","13":"product_tag-crystal-meth-pills-crystal-meth-pills-supplier","14":"product_tag-crystal-meth-pills-for-sale","15":"product_tag-crystal-meth-pills-legally","16":"product_tag-crystal-meth-pills-online","17":"product_tag-crystal-meth-pills-store","18":"product_tag-crystal-meth-pills-use","19":"product_tag-crystal-meth-pills-wiki","20":"product_tag-crystal-meth-pills-worldwide","21":"product_tag-crystal-meth-pillsprice","22":"product_tag-crystal-meth-pillss","23":"product_tag-high-quality-crystal-meth-pills","24":"product_tag-how-to-buy-crystal-meth-pills","25":"product_tag-order-crystal-meth-pills","26":"product_tag-purcharse-crystal-meth-pills","27":"product_tag-shop-crystal-meth-pills","28":"product_tag-top-quality","29":"product_tag-where-to-buy-crystal-meth-pills","30":"product_tag-where-to-order-crystal-meth-pills","31":"product_tag-wholesale-crystal-meth-pills","32":"desktop-align-left","33":"tablet-align-left","34":"mobile-align-left","35":"ast-product-gallery-layout-horizontal","36":"ast-product-gallery-with-no-image","37":"ast-product-single-variable","38":"ast-product-tabs-layout-horizontal","39":"ast-qv-on-image","41":"first","42":"instock","43":"shipping-taxable","44":"purchasable","45":"product-type-variable"},"yoast_head":"<!-- This site is optimized with the Yoast SEO plugin v25.9 - https:\/\/yoast.com\/wordpress\/plugins\/seo\/ -->\n<title>Crystal Meth Pills for Sale - Buy Crystal Meth Pills Online<\/title>\n<meta name=\"description\" content=\"Your requirement to buy Crystal Meth Pills online can be fulfilled at our online store as we have Crystal Meth Pills for sale here. Place your order and get affordable deals every day. Order Now!\" \/>\n<meta name=\"robots\" content=\"index, follow, max-snippet:-1, max-image-preview:large, max-video-preview:-1\" \/>\n<link rel=\"canonical\" href=\"https:\/\/legitgrams.com\/it\/prodotto\/pillole-di-metanfetamina\/\" \/>\n<meta property=\"og:locale\" content=\"it_IT\" \/>\n<meta property=\"og:type\" content=\"article\" \/>\n<meta property=\"og:title\" content=\"Crystal Meth Pills for Sale - Buy Crystal Meth Pills Online\" \/>\n<meta property=\"og:description\" content=\"Your requirement to buy Crystal Meth Pills online can be fulfilled at our online store as we have Crystal Meth Pills for sale here. Place your order and get affordable deals every day. Order Now!\" \/>\n<meta property=\"og:url\" content=\"https:\/\/legitgrams.com\/it\/prodotto\/pillole-di-metanfetamina\/\" \/>\n<meta property=\"og:site_name\" content=\"Legit Grams\" \/>\n<meta property=\"article:modified_time\" content=\"2026-01-08T15:18:32+00:00\" \/>\n<meta property=\"og:image\" content=\"https:\/\/legitgrams.com\/wp-content\/uploads\/2024\/09\/crystal-meth-online.jpg\" \/>\n\t<meta property=\"og:image:width\" content=\"600\" \/>\n\t<meta property=\"og:image:height\" content=\"600\" \/>\n\t<meta property=\"og:image:type\" content=\"image\/jpeg\" \/>\n<meta name=\"twitter:card\" content=\"summary_large_image\" \/>\n<meta name=\"twitter:label1\" content=\"Tempo di lettura stimato\" \/>\n\t<meta name=\"twitter:data1\" content=\"3 minuti\" \/>\n<script type=\"application\/ld+json\" class=\"yoast-schema-graph\">{\"@context\":\"https:\/\/schema.org\",\"@graph\":[{\"@type\":\"WebPage\",\"@id\":\"https:\/\/legitgrams.com\/product\/crystal-meth-pills\/\",\"url\":\"https:\/\/legitgrams.com\/product\/crystal-meth-pills\/\",\"name\":\"Crystal Meth Pills for Sale - Buy Crystal Meth Pills Online\",\"isPartOf\":{\"@id\":\"https:\/\/legitgrams.com\/#website\"},\"primaryImageOfPage\":{\"@id\":\"https:\/\/legitgrams.com\/product\/crystal-meth-pills\/#primaryimage\"},\"image\":{\"@id\":\"https:\/\/legitgrams.com\/product\/crystal-meth-pills\/#primaryimage\"},\"thumbnailUrl\":\"https:\/\/legitgrams.com\/wp-content\/uploads\/2024\/09\/crystal-meth-online.jpg\",\"datePublished\":\"2024-09-22T05:40:13+00:00\",\"dateModified\":\"2026-01-08T15:18:32+00:00\",\"description\":\"Your requirement to buy Crystal Meth Pills online can be fulfilled at our online store as we have Crystal Meth Pills for sale here. Place your order and get affordable deals every day. Order Now!\",\"breadcrumb\":{\"@id\":\"https:\/\/legitgrams.com\/product\/crystal-meth-pills\/#breadcrumb\"},\"inLanguage\":\"it-IT\",\"potentialAction\":[{\"@type\":\"ReadAction\",\"target\":[\"https:\/\/legitgrams.com\/product\/crystal-meth-pills\/\"]}]},{\"@type\":\"ImageObject\",\"inLanguage\":\"it-IT\",\"@id\":\"https:\/\/legitgrams.com\/product\/crystal-meth-pills\/#primaryimage\",\"url\":\"https:\/\/legitgrams.com\/wp-content\/uploads\/2024\/09\/crystal-meth-online.jpg\",\"contentUrl\":\"https:\/\/legitgrams.com\/wp-content\/uploads\/2024\/09\/crystal-meth-online.jpg\",\"width\":600,\"height\":600,\"caption\":\"Crystal Meth Online Pills for sale\"},{\"@type\":\"BreadcrumbList\",\"@id\":\"https:\/\/legitgrams.com\/product\/crystal-meth-pills\/#breadcrumb\",\"itemListElement\":[{\"@type\":\"ListItem\",\"position\":1,\"name\":\"Home\",\"item\":\"https:\/\/legitgrams.com\/\"},{\"@type\":\"ListItem\",\"position\":2,\"name\":\"Shop\",\"item\":\"https:\/\/legitgrams.com\/shop\/\"},{\"@type\":\"ListItem\",\"position\":3,\"name\":\"Crystal Meth Pills\"}]},{\"@type\":\"WebSite\",\"@id\":\"https:\/\/legitgrams.com\/#website\",\"url\":\"https:\/\/legitgrams.com\/\",\"name\":\"Legit Grams\",\"description\":\"My WordPress Blog\",\"publisher\":{\"@id\":\"https:\/\/legitgrams.com\/#organization\"},\"potentialAction\":[{\"@type\":\"SearchAction\",\"target\":{\"@type\":\"EntryPoint\",\"urlTemplate\":\"https:\/\/legitgrams.com\/?s={search_term_string}\"},\"query-input\":{\"@type\":\"PropertyValueSpecification\",\"valueRequired\":true,\"valueName\":\"search_term_string\"}}],\"inLanguage\":\"it-IT\"},{\"@type\":\"Organization\",\"@id\":\"https:\/\/legitgrams.com\/#organization\",\"name\":\"Legit Grams\",\"url\":\"https:\/\/legitgrams.com\/\",\"logo\":{\"@type\":\"ImageObject\",\"inLanguage\":\"it-IT\",\"@id\":\"https:\/\/legitgrams.com\/#\/schema\/logo\/image\/\",\"url\":\"https:\/\/legitgrams.com\/wp-content\/uploads\/2024\/09\/main-logo.png\",\"contentUrl\":\"https:\/\/legitgrams.com\/wp-content\/uploads\/2024\/09\/main-logo.png\",\"width\":270,\"height\":75,\"caption\":\"Legit Grams\"},\"image\":{\"@id\":\"https:\/\/legitgrams.com\/#\/schema\/logo\/image\/\"}}]}<\/script>\n<!-- \/ Yoast SEO plugin. -->","yoast_head_json":{"title":"Vendita di pillole di metanfetamina - Comprare pillole di metanfetamina online","description":"Il vostro requisito di acquistare Crystal Meth Pills online pu\u00f2 essere soddisfatta presso il nostro negozio online come abbiamo Crystal Meth Pills in vendita qui. Fai il tuo ordine e ottieni offerte convenienti ogni giorno. Ordina ora!","robots":{"index":"index","follow":"follow","max-snippet":"max-snippet:-1","max-image-preview":"max-image-preview:large","max-video-preview":"max-video-preview:-1"},"canonical":"https:\/\/legitgrams.com\/it\/prodotto\/pillole-di-metanfetamina\/","og_locale":"it_IT","og_type":"article","og_title":"Crystal Meth Pills for Sale - Buy Crystal Meth Pills Online","og_description":"Your requirement to buy Crystal Meth Pills online can be fulfilled at our online store as we have Crystal Meth Pills for sale here. Place your order and get affordable deals every day. Order Now!","og_url":"https:\/\/legitgrams.com\/it\/prodotto\/pillole-di-metanfetamina\/","og_site_name":"Legit Grams","article_modified_time":"2026-01-08T15:18:32+00:00","og_image":[{"width":600,"height":600,"url":"https:\/\/legitgrams.com\/wp-content\/uploads\/2024\/09\/crystal-meth-online.jpg","type":"image\/jpeg"}],"twitter_card":"summary_large_image","twitter_misc":{"Tempo di lettura stimato":"3 minuti"},"schema":{"@context":"https:\/\/schema.org","@graph":[{"@type":"WebPage","@id":"https:\/\/legitgrams.com\/product\/crystal-meth-pills\/","url":"https:\/\/legitgrams.com\/product\/crystal-meth-pills\/","name":"Vendita di pillole di metanfetamina - Comprare pillole di metanfetamina online","isPartOf":{"@id":"https:\/\/legitgrams.com\/#website"},"primaryImageOfPage":{"@id":"https:\/\/legitgrams.com\/product\/crystal-meth-pills\/#primaryimage"},"image":{"@id":"https:\/\/legitgrams.com\/product\/crystal-meth-pills\/#primaryimage"},"thumbnailUrl":"https:\/\/legitgrams.com\/wp-content\/uploads\/2024\/09\/crystal-meth-online.jpg","datePublished":"2024-09-22T05:40:13+00:00","dateModified":"2026-01-08T15:18:32+00:00","description":"Il vostro requisito di acquistare Crystal Meth Pills online pu\u00f2 essere soddisfatta presso il nostro negozio online come abbiamo Crystal Meth Pills in vendita qui. Fai il tuo ordine e ottieni offerte convenienti ogni giorno. Ordina ora!","breadcrumb":{"@id":"https:\/\/legitgrams.com\/product\/crystal-meth-pills\/#breadcrumb"},"inLanguage":"it-IT","potentialAction":[{"@type":"ReadAction","target":["https:\/\/legitgrams.com\/product\/crystal-meth-pills\/"]}]},{"@type":"ImageObject","inLanguage":"it-IT","@id":"https:\/\/legitgrams.com\/product\/crystal-meth-pills\/#primaryimage","url":"https:\/\/legitgrams.com\/wp-content\/uploads\/2024\/09\/crystal-meth-online.jpg","contentUrl":"https:\/\/legitgrams.com\/wp-content\/uploads\/2024\/09\/crystal-meth-online.jpg","width":600,"height":600,"caption":"Crystal Meth Online Pills for sale"},{"@type":"BreadcrumbList","@id":"https:\/\/legitgrams.com\/product\/crystal-meth-pills\/#breadcrumb","itemListElement":[{"@type":"ListItem","position":1,"name":"Home","item":"https:\/\/legitgrams.com\/"},{"@type":"ListItem","position":2,"name":"Shop","item":"https:\/\/legitgrams.com\/shop\/"},{"@type":"ListItem","position":3,"name":"Crystal Meth Pills"}]},{"@type":"WebSite","@id":"https:\/\/legitgrams.com\/#website","url":"https:\/\/legitgrams.com\/","name":"Grammi legittimi","description":"Il mio blog WordPress","publisher":{"@id":"https:\/\/legitgrams.com\/#organization"},"potentialAction":[{"@type":"SearchAction","target":{"@type":"EntryPoint","urlTemplate":"https:\/\/legitgrams.com\/?s={search_term_string}"},"query-input":{"@type":"PropertyValueSpecification","valueRequired":true,"valueName":"search_term_string"}}],"inLanguage":"it-IT"},{"@type":"Organization","@id":"https:\/\/legitgrams.com\/#organization","name":"Grammi legittimi","url":"https:\/\/legitgrams.com\/","logo":{"@type":"ImageObject","inLanguage":"it-IT","@id":"https:\/\/legitgrams.com\/#\/schema\/logo\/image\/","url":"https:\/\/legitgrams.com\/wp-content\/uploads\/2024\/09\/main-logo.png","contentUrl":"https:\/\/legitgrams.com\/wp-content\/uploads\/2024\/09\/main-logo.png","width":270,"height":75,"caption":"Legit Grams"},"image":{"@id":"https:\/\/legitgrams.com\/#\/schema\/logo\/image\/"}}]}},"uagb_featured_image_src":{"full":["https:\/\/legitgrams.com\/wp-content\/uploads\/2024\/09\/crystal-meth-online.jpg",600,600,false],"thumbnail":["https:\/\/legitgrams.com\/wp-content\/uploads\/2024\/09\/crystal-meth-online-150x150.jpg",150,150,true],"medium":["https:\/\/legitgrams.com\/wp-content\/uploads\/2024\/09\/crystal-meth-online-300x300.jpg",300,300,true],"medium_large":["https:\/\/legitgrams.com\/wp-content\/uploads\/2024\/09\/crystal-meth-online.jpg",600,600,false],"large":["https:\/\/legitgrams.com\/wp-content\/uploads\/2024\/09\/crystal-meth-online.jpg",600,600,false],"1536x1536":["https:\/\/legitgrams.com\/wp-content\/uploads\/2024\/09\/crystal-meth-online.jpg",600,600,false],"2048x2048":["https:\/\/legitgrams.com\/wp-content\/uploads\/2024\/09\/crystal-meth-online.jpg",600,600,false],"trp-custom-language-flag":["https:\/\/legitgrams.com\/wp-content\/uploads\/2024\/09\/crystal-meth-online-12x12.jpg",12,12,true],"woocommerce_thumbnail":["https:\/\/legitgrams.com\/wp-content\/uploads\/2024\/09\/crystal-meth-online-300x300.jpg",300,300,true],"woocommerce_single":["https:\/\/legitgrams.com\/wp-content\/uploads\/2024\/09\/crystal-meth-online.jpg",600,600,false],"woocommerce_gallery_thumbnail":["https:\/\/legitgrams.com\/wp-content\/uploads\/2024\/09\/crystal-meth-online-100x100.jpg",100,100,true]},"uagb_author_info":{"display_name":"cokeblog18","author_link":"https:\/\/legitgrams.com\/it\/author\/"},"uagb_comment_info":2,"uagb_excerpt":"Crystal Meth Pills for Sale Online Crystal meth is a stimulant that directly impacts the central nervous system of the human brain. It is a highly addictive drug that has several positive applications. This stimulant is in the list of synthetic stimulants. During World War II, the first crystal meth drug was developed to support&hellip;","_links":{"self":[{"href":"https:\/\/legitgrams.com\/it\/wp-json\/wp\/v2\/product\/4213","targetHints":{"allow":["GET"]}}],"collection":[{"href":"https:\/\/legitgrams.com\/it\/wp-json\/wp\/v2\/product"}],"about":[{"href":"https:\/\/legitgrams.com\/it\/wp-json\/wp\/v2\/types\/product"}],"replies":[{"embeddable":true,"href":"https:\/\/legitgrams.com\/it\/wp-json\/wp\/v2\/comments?post=4213"}],"wp:featuredmedia":[{"embeddable":true,"href":"https:\/\/legitgrams.com\/it\/wp-json\/wp\/v2\/media\/5181"}],"wp:attachment":[{"href":"https:\/\/legitgrams.com\/it\/wp-json\/wp\/v2\/media?parent=4213"}],"wp:term":[{"taxonomy":"product_brand","embeddable":true,"href":"https:\/\/legitgrams.com\/it\/wp-json\/wp\/v2\/product_brand?post=4213"},{"taxonomy":"product_cat","embeddable":true,"href":"https:\/\/legitgrams.com\/it\/wp-json\/wp\/v2\/product_cat?post=4213"},{"taxonomy":"product_tag","embeddable":true,"href":"https:\/\/legitgrams.com\/it\/wp-json\/wp\/v2\/product_tag?post=4213"}],"curies":[{"name":"wp","href":"https:\/\/api.w.org\/{rel}","templated":true}]}}