{"id":4214,"date":"2024-09-22T05:41:53","date_gmt":"2024-09-22T05:41:53","guid":{"rendered":"https:\/\/legitgrams.com\/?post_type=product&#038;p=4214"},"modified":"2025-04-03T11:28:24","modified_gmt":"2025-04-03T11:28:24","slug":"lsd-liquido-a-buon-mercato","status":"publish","type":"product","link":"https:\/\/legitgrams.com\/it\/prodotto\/lsd-liquido-a-buon-mercato\/","title":{"rendered":"Acquista LSD liquido a basso costo online"},"content":{"rendered":"<h2>LSD liquido a basso costo da acquistare<\/h2>\n<p>L'acido \u00e8 una variet\u00e0 che prende il nome da un narcotico un po' pi\u00f9 potente, molto simile <a href=\"https:\/\/www.bing.com\/search?q=AcquistaLSDliquidoabassocostoonline&amp;qs=n&amp;form=QBRE&amp;sp=-1&amp;lq=0&amp;pq=acquistalsdliquidoabassocostoonline&amp;sc=0-41&amp;sk=&amp;cvid=51BABC5E3C8442DF9265631BB2F2B959&amp;ghsh=0&amp;ghacc=0&amp;ghpl=\">Crepa verde<\/a> (which is not to be confused with <a href=\"https:\/\/en.wikipedia.org\/wiki\/LSD\">LSD<\/a>). Tutto sommato, Acid \u00e8 forte, offrendo sia un odore confuso che effetti controbilanciati. Acid \u00e8 ricavata dalla genetica della New York Sour Diesel pi\u00f9 amata della zona ed \u00e8 prodotta da Paradise Seeds, la stessa azienda che ci ha dato Delahaze e Sensi Star. Grazie al suo fascino, si \u00e8 classificata terza per il miglior fiore coltivato indoor nella Copa THC Valencia del 2016 in Spagna. Secondo le stime, Corrosive contiene tra il 16% e il 23% di THC.<\/p>\n<p>Corrosive abbaglia con fiori stimati che variano in dimensioni da medie a enormi e mantengono una struttura articolata a forma di vanga, come versioni in miniatura dei tipici alberi di Natale che diventano pi\u00f9 stretti da una base ampia e arrotondata con una punta appuntita. La struttura stretta e spessa di queste gemme indica chiaramente che sono principalmente indica. Le foglie sono intrecciate con pistilli color terra e hanno un tono verde opaco e cresciuto, attorcigliato strettamente verso l'interno verso i loro steli centrali. Infine, le superfici esterne e interne dei fiori di Acid sono ricoperte di tricomi bianchi luccicanti. Il potente effetto di Acid \u00e8 attribuito a questi tricomi, che rendono anche estremamente difficile separare le gemme senza un processore.<\/p>\n<p>Acid ha indubbiamente un odore leggermente acido al momento giusto, con un sapore di agrumi pungente. Inoltre, ci sono delle sfumature muschiate e terrose che ricordano la terra viscida e l'incenso. Separare o macinare queste grosse cime mentre si aspetta rilascia il noto e aggressivo ceppo genitore New York Tannic gas di scarico \u00e8 la fonte del diesel acido. <a href=\"https:\/\/www.google.com\/search?q=Acquista+LSD+liquido+a+basso+costo+online&amp;sca_esv=eddefdb7b92e7545&amp;sxsrf=AHTn8zqaghfKTCKHkIy4ZNSOeTd6ZDnGwA1743680761049&amp;ei=-XTuZ7_eAvWBm9cP0vPR4AE&amp;ved=0ahUKEwj_vvSC5buMAxX1wOYEHdJ5FBwQ4dUDCBA&amp;uact=5&amp;oq=Acquista+LSD+liquido+a+basso+costo+online&amp;gs_lp=Egxnd3Mtd2l6LXNlcnAiKUFjcXVpc3RhIExTRCBsaXF1aWRvIGEgYmFzc28gY29zdG8gb25saW5lMgUQIRigATIFECEYoAEyBRAhGKABMgUQIRigATIFECEYoAFI2gNQAFgAcAB4AJABAJgBkQOgAZEDqgEDNC0xuAEDyAEA-AEC-AEBmAIBoAKYA5gDAOIDBRIBMSBAkgcDNC0xoAf8BLIHAzQtMbgHmAM&amp;sclient=gws-wiz-serp\">Acid<\/a> produce un fumo gradevole e morbido, facile da inalare quando si accende in una canna o in una canna. Questo fumo pesante perde le sue note di gasolio e limone quando viene espirato.<\/p>\n<p>L'impressione del fumatore dei suoi miglioramenti esteriori \u00e8 distorta dall'insorgenza graduale dell'effetto di Corrosive. Alcuni rumori, come se fossero prodotti in una camera di riverberazione, potrebbero essere amplificati. Anche luci vibranti e toni distintivi possono ottenere maggiore trazione. Meraviglie psichedeliche pi\u00f9 intense, come torsioni interne del corpo e un tangibile senso di estensione del tempo, iniziano a manifestarsi quando questi effetti tangibili raggiungono il culmine. Alla fine, i fumatori possono rilevare un peso deliberato che circonda i loro organi linfatici e le tempie, nonch\u00e9 un leggero aumento della salivazione. Onde di disfacimento si formano da questi brividi, che si muovono lungo la schiena e verso il centro e gli arti. Mentre questi effetti calmanti potrebbero non immobilizzare completamente gli individui, potrebbero incoraggiarli a rilassarsi nell'ambiente pi\u00f9 confortevole possibile.<\/p>\n<p>Un altro segno di un high corrosivo \u00e8 uno stato mentale in cui il fumatore pu\u00f2 attaccarsi a idee o pensieri strani, trovandoli pi\u00f9 affascinanti di quanto non siano in realt\u00e0. Un pensiero cos\u00ec aperto pu\u00f2 essere una strategia utile per risolvere determinati compiti al lavoro o per sviluppare risposte originali a problemi difficili. Gli effetti psicologici dell'acido diventano pi\u00f9 notevoli che evidenti con il tempo o man mano che la misurazione \u00e8 prolungata, annullando qualsiasi efficacia precedente e inutili. Questa variet\u00e0 \u00e8 meglio assaporata a tarda sera o di notte a causa del suo lento declino di forza. <a href=\"https:\/\/legitgrams.com\/it\/\">LegitGrams<\/a><\/p>\n<p>Acquista LSD, acido, LSD liquido 200 ug\/goccia, acido LSD liquido, negozio di LSD liquido, LSD liquido online e prodotti LSD liquido online.<\/p>\n<p><a href=\"https:\/\/legitgrams.com\/it\/prodotto\/lsd-liquido-a-buon-mercato\/\">Acquistare LSD liquido a basso costo<\/a> Online: Acquista LSD, Acquista LSD liquido economico, Acquista LSD liquido online, Dove acquistare LSD economico online, LSD economico in vendita e LSD liquido economico Dove acquistare LSD liquido a basso costo, LSD liquido a basso costo in vendita negli Stati Uniti, in Canada e nel Regno Unito, Acquista online, Fornitori, Consegna sicura, Come ordinare LSD liquido economico \u00e8 ancora possibile. LSD liquido economico ha uno status legale in Canada? LSD legale negli Stati Uniti, <a href=\"https:\/\/duckduckgo.com\/?q=Acquista+LSD+liquido+a+basso+costo+online&amp;t=h_\">Acquista LSD liquido a basso costo online<\/a> negli Stati Uniti.<\/p>","protected":false},"excerpt":{"rendered":"<p>Low-Cost Liquid LSD for Purchase Acid is a strain named after a little more potent narcotic, much like Green Crack (which is not to be confused with LSD). All things considered, Acid is strong, offering both a confusing smell and counterbalanced effects. Acid is made from the genetics of the most well-liked New York Sour &hellip;<\/p>\n<p class=\"read-more\"> <a class=\"\" href=\"https:\/\/legitgrams.com\/it\/prodotto\/lsd-liquido-a-buon-mercato\/\"> <span class=\"screen-reader-text\">Acquista LSD liquido a basso costo online<\/span> Leggi tutto \"<\/a><\/p>","protected":false},"featured_media":5179,"comment_status":"open","ping_status":"closed","template":"","meta":{"_uag_custom_page_level_css":"","site-sidebar-layout":"default","site-content-layout":"default","ast-global-header-display":"","ast-main-header-display":"","ast-hfb-above-header-display":"","ast-hfb-below-header-display":"","ast-hfb-mobile-header-display":"","site-post-title":"","ast-breadcrumbs-content":"","ast-featured-img":"","footer-sml-layout":"","theme-transparent-header-meta":"default","adv-header-id-meta":"","stick-header-meta":"default","header-above-stick-meta":"","header-main-stick-meta":"","header-below-stick-meta":"","_joinchat":[]},"product_brand":[],"product_cat":[595],"product_tag":[2164,2154,617,2146,2161,2145,2149,2148,2156,2147,2159,2166,2167,2165,2157,2162,2158,2153,2151,2163,2160,625,2152,2155,2150],"class_list":{"0":"post-4214","1":"product","2":"type-product","3":"status-publish","4":"has-post-thumbnail","6":"product_cat-psychedelic-drugs","7":"product_tag-best-cheap-price-cheap-liquid-lsd","8":"product_tag-best-place-to-buy-cheap-liquid-lsd","9":"product_tag-bulk-online","10":"product_tag-buy-cheap-liquid-lsd","11":"product_tag-cheap-cheap-liquid-lsd","12":"product_tag-cheap-liquid-lsd","13":"product_tag-cheap-liquid-lsd-cheap-liquid-lsd-supplier","14":"product_tag-cheap-liquid-lsd-for-sale","15":"product_tag-cheap-liquid-lsd-legally","16":"product_tag-cheap-liquid-lsd-online","17":"product_tag-cheap-liquid-lsd-store","18":"product_tag-cheap-liquid-lsd-use","19":"product_tag-cheap-liquid-lsd-wiki","20":"product_tag-cheap-liquid-lsd-worldwide","21":"product_tag-cheap-liquid-lsdprice","22":"product_tag-cheap-liquid-lsds","23":"product_tag-high-quality-cheap-liquid-lsd","24":"product_tag-how-to-buy-cheap-liquid-lsd","25":"product_tag-order-cheap-liquid-lsd","26":"product_tag-purcharse-cheap-liquid-lsd","27":"product_tag-shop-cheap-liquid-lsd","28":"product_tag-top-quality","29":"product_tag-where-to-buy-cheap-liquid-lsd","30":"product_tag-where-to-order-cheap-liquid-lsd","31":"product_tag-wholesale-cheap-liquid-lsd","32":"desktop-align-left","33":"tablet-align-left","34":"mobile-align-left","35":"ast-product-gallery-layout-horizontal","36":"ast-product-gallery-with-no-image","37":"ast-product-single-variable","38":"ast-product-tabs-layout-horizontal","39":"ast-qv-on-image","41":"first","42":"instock","43":"shipping-taxable","44":"purchasable","45":"product-type-variable"},"yoast_head":"<!-- This site is optimized with the Yoast SEO plugin v25.9 - https:\/\/yoast.com\/wordpress\/plugins\/seo\/ -->\n<title>Liquid LSD for Sale - Buy Liquid LSD Online at Best Price<\/title>\n<meta name=\"description\" content=\"Looking to Buy Liquid LSD Online? Discover a seamless platform at our online store where you can buy Liquid LSD , ensuring top-grade quality for your research needs.\" \/>\n<meta name=\"robots\" content=\"index, follow, max-snippet:-1, max-image-preview:large, max-video-preview:-1\" \/>\n<link rel=\"canonical\" href=\"https:\/\/legitgrams.com\/it\/prodotto\/lsd-liquido-a-buon-mercato\/\" \/>\n<meta property=\"og:locale\" content=\"it_IT\" \/>\n<meta property=\"og:type\" content=\"article\" \/>\n<meta property=\"og:title\" content=\"Liquid LSD for Sale - Buy Liquid LSD Online at Best Price\" \/>\n<meta property=\"og:description\" content=\"Looking to Buy Liquid LSD Online? Discover a seamless platform at our online store where you can buy Liquid LSD , ensuring top-grade quality for your research needs.\" \/>\n<meta property=\"og:url\" content=\"https:\/\/legitgrams.com\/it\/prodotto\/lsd-liquido-a-buon-mercato\/\" \/>\n<meta property=\"og:site_name\" content=\"Legit Grams\" \/>\n<meta property=\"article:modified_time\" content=\"2025-04-03T11:28:24+00:00\" \/>\n<meta property=\"og:image\" content=\"https:\/\/legitgrams.com\/wp-content\/uploads\/2024\/09\/buy-cheap-liquid-lsd-online.jpg\" \/>\n\t<meta property=\"og:image:width\" content=\"600\" \/>\n\t<meta property=\"og:image:height\" content=\"600\" \/>\n\t<meta property=\"og:image:type\" content=\"image\/jpeg\" \/>\n<meta name=\"twitter:card\" content=\"summary_large_image\" \/>\n<meta name=\"twitter:label1\" content=\"Tempo di lettura stimato\" \/>\n\t<meta name=\"twitter:data1\" content=\"3 minuti\" \/>\n<script type=\"application\/ld+json\" class=\"yoast-schema-graph\">{\"@context\":\"https:\/\/schema.org\",\"@graph\":[{\"@type\":\"WebPage\",\"@id\":\"https:\/\/legitgrams.com\/product\/cheap-liquid-lsd\/\",\"url\":\"https:\/\/legitgrams.com\/product\/cheap-liquid-lsd\/\",\"name\":\"Liquid LSD for Sale - Buy Liquid LSD Online at Best Price\",\"isPartOf\":{\"@id\":\"https:\/\/legitgrams.com\/#website\"},\"primaryImageOfPage\":{\"@id\":\"https:\/\/legitgrams.com\/product\/cheap-liquid-lsd\/#primaryimage\"},\"image\":{\"@id\":\"https:\/\/legitgrams.com\/product\/cheap-liquid-lsd\/#primaryimage\"},\"thumbnailUrl\":\"https:\/\/legitgrams.com\/wp-content\/uploads\/2024\/09\/buy-cheap-liquid-lsd-online.jpg\",\"datePublished\":\"2024-09-22T05:41:53+00:00\",\"dateModified\":\"2025-04-03T11:28:24+00:00\",\"description\":\"Looking to Buy Liquid LSD Online? Discover a seamless platform at our online store where you can buy Liquid LSD , ensuring top-grade quality for your research needs.\",\"breadcrumb\":{\"@id\":\"https:\/\/legitgrams.com\/product\/cheap-liquid-lsd\/#breadcrumb\"},\"inLanguage\":\"it-IT\",\"potentialAction\":[{\"@type\":\"ReadAction\",\"target\":[\"https:\/\/legitgrams.com\/product\/cheap-liquid-lsd\/\"]}]},{\"@type\":\"ImageObject\",\"inLanguage\":\"it-IT\",\"@id\":\"https:\/\/legitgrams.com\/product\/cheap-liquid-lsd\/#primaryimage\",\"url\":\"https:\/\/legitgrams.com\/wp-content\/uploads\/2024\/09\/buy-cheap-liquid-lsd-online.jpg\",\"contentUrl\":\"https:\/\/legitgrams.com\/wp-content\/uploads\/2024\/09\/buy-cheap-liquid-lsd-online.jpg\",\"width\":600,\"height\":600,\"caption\":\"Cheap Liquid LSD for Sale\"},{\"@type\":\"BreadcrumbList\",\"@id\":\"https:\/\/legitgrams.com\/product\/cheap-liquid-lsd\/#breadcrumb\",\"itemListElement\":[{\"@type\":\"ListItem\",\"position\":1,\"name\":\"Home\",\"item\":\"https:\/\/legitgrams.com\/\"},{\"@type\":\"ListItem\",\"position\":2,\"name\":\"Shop\",\"item\":\"https:\/\/legitgrams.com\/shop\/\"},{\"@type\":\"ListItem\",\"position\":3,\"name\":\"Buy Cheap Liquid LSD Online\"}]},{\"@type\":\"WebSite\",\"@id\":\"https:\/\/legitgrams.com\/#website\",\"url\":\"https:\/\/legitgrams.com\/\",\"name\":\"Legit Grams\",\"description\":\"My WordPress Blog\",\"publisher\":{\"@id\":\"https:\/\/legitgrams.com\/#organization\"},\"potentialAction\":[{\"@type\":\"SearchAction\",\"target\":{\"@type\":\"EntryPoint\",\"urlTemplate\":\"https:\/\/legitgrams.com\/?s={search_term_string}\"},\"query-input\":{\"@type\":\"PropertyValueSpecification\",\"valueRequired\":true,\"valueName\":\"search_term_string\"}}],\"inLanguage\":\"it-IT\"},{\"@type\":\"Organization\",\"@id\":\"https:\/\/legitgrams.com\/#organization\",\"name\":\"Legit Grams\",\"url\":\"https:\/\/legitgrams.com\/\",\"logo\":{\"@type\":\"ImageObject\",\"inLanguage\":\"it-IT\",\"@id\":\"https:\/\/legitgrams.com\/#\/schema\/logo\/image\/\",\"url\":\"https:\/\/legitgrams.com\/wp-content\/uploads\/2024\/09\/main-logo.png\",\"contentUrl\":\"https:\/\/legitgrams.com\/wp-content\/uploads\/2024\/09\/main-logo.png\",\"width\":270,\"height\":75,\"caption\":\"Legit Grams\"},\"image\":{\"@id\":\"https:\/\/legitgrams.com\/#\/schema\/logo\/image\/\"}}]}<\/script>\n<!-- \/ Yoast SEO plugin. -->","yoast_head_json":{"title":"Liquid LSD in vendita - Comprare Liquid LSD online al miglior prezzo","description":"Stai cercando di acquistare Liquid LSD online? Scoprite una piattaforma senza soluzione di continuit\u00e0 nel nostro negozio online dove potete acquistare Liquid LSD, garantendo una qualit\u00e0 di alto livello per le vostre esigenze di ricerca.","robots":{"index":"index","follow":"follow","max-snippet":"max-snippet:-1","max-image-preview":"max-image-preview:large","max-video-preview":"max-video-preview:-1"},"canonical":"https:\/\/legitgrams.com\/it\/prodotto\/lsd-liquido-a-buon-mercato\/","og_locale":"it_IT","og_type":"article","og_title":"Liquid LSD for Sale - Buy Liquid LSD Online at Best Price","og_description":"Looking to Buy Liquid LSD Online? Discover a seamless platform at our online store where you can buy Liquid LSD , ensuring top-grade quality for your research needs.","og_url":"https:\/\/legitgrams.com\/it\/prodotto\/lsd-liquido-a-buon-mercato\/","og_site_name":"Legit Grams","article_modified_time":"2025-04-03T11:28:24+00:00","og_image":[{"width":600,"height":600,"url":"https:\/\/legitgrams.com\/wp-content\/uploads\/2024\/09\/buy-cheap-liquid-lsd-online.jpg","type":"image\/jpeg"}],"twitter_card":"summary_large_image","twitter_misc":{"Tempo di lettura stimato":"3 minuti"},"schema":{"@context":"https:\/\/schema.org","@graph":[{"@type":"WebPage","@id":"https:\/\/legitgrams.com\/product\/cheap-liquid-lsd\/","url":"https:\/\/legitgrams.com\/product\/cheap-liquid-lsd\/","name":"Liquid LSD in vendita - Comprare Liquid LSD online al miglior prezzo","isPartOf":{"@id":"https:\/\/legitgrams.com\/#website"},"primaryImageOfPage":{"@id":"https:\/\/legitgrams.com\/product\/cheap-liquid-lsd\/#primaryimage"},"image":{"@id":"https:\/\/legitgrams.com\/product\/cheap-liquid-lsd\/#primaryimage"},"thumbnailUrl":"https:\/\/legitgrams.com\/wp-content\/uploads\/2024\/09\/buy-cheap-liquid-lsd-online.jpg","datePublished":"2024-09-22T05:41:53+00:00","dateModified":"2025-04-03T11:28:24+00:00","description":"Stai cercando di acquistare Liquid LSD online? Scoprite una piattaforma senza soluzione di continuit\u00e0 nel nostro negozio online dove potete acquistare Liquid LSD, garantendo una qualit\u00e0 di alto livello per le vostre esigenze di ricerca.","breadcrumb":{"@id":"https:\/\/legitgrams.com\/product\/cheap-liquid-lsd\/#breadcrumb"},"inLanguage":"it-IT","potentialAction":[{"@type":"ReadAction","target":["https:\/\/legitgrams.com\/product\/cheap-liquid-lsd\/"]}]},{"@type":"ImageObject","inLanguage":"it-IT","@id":"https:\/\/legitgrams.com\/product\/cheap-liquid-lsd\/#primaryimage","url":"https:\/\/legitgrams.com\/wp-content\/uploads\/2024\/09\/buy-cheap-liquid-lsd-online.jpg","contentUrl":"https:\/\/legitgrams.com\/wp-content\/uploads\/2024\/09\/buy-cheap-liquid-lsd-online.jpg","width":600,"height":600,"caption":"Cheap Liquid LSD for Sale"},{"@type":"BreadcrumbList","@id":"https:\/\/legitgrams.com\/product\/cheap-liquid-lsd\/#breadcrumb","itemListElement":[{"@type":"ListItem","position":1,"name":"Home","item":"https:\/\/legitgrams.com\/"},{"@type":"ListItem","position":2,"name":"Shop","item":"https:\/\/legitgrams.com\/shop\/"},{"@type":"ListItem","position":3,"name":"Buy Cheap Liquid LSD Online"}]},{"@type":"WebSite","@id":"https:\/\/legitgrams.com\/#website","url":"https:\/\/legitgrams.com\/","name":"Grammi legittimi","description":"Il mio blog WordPress","publisher":{"@id":"https:\/\/legitgrams.com\/#organization"},"potentialAction":[{"@type":"SearchAction","target":{"@type":"EntryPoint","urlTemplate":"https:\/\/legitgrams.com\/?s={search_term_string}"},"query-input":{"@type":"PropertyValueSpecification","valueRequired":true,"valueName":"search_term_string"}}],"inLanguage":"it-IT"},{"@type":"Organization","@id":"https:\/\/legitgrams.com\/#organization","name":"Grammi legittimi","url":"https:\/\/legitgrams.com\/","logo":{"@type":"ImageObject","inLanguage":"it-IT","@id":"https:\/\/legitgrams.com\/#\/schema\/logo\/image\/","url":"https:\/\/legitgrams.com\/wp-content\/uploads\/2024\/09\/main-logo.png","contentUrl":"https:\/\/legitgrams.com\/wp-content\/uploads\/2024\/09\/main-logo.png","width":270,"height":75,"caption":"Legit Grams"},"image":{"@id":"https:\/\/legitgrams.com\/#\/schema\/logo\/image\/"}}]}},"uagb_featured_image_src":{"full":["https:\/\/legitgrams.com\/wp-content\/uploads\/2024\/09\/buy-cheap-liquid-lsd-online.jpg",600,600,false],"thumbnail":["https:\/\/legitgrams.com\/wp-content\/uploads\/2024\/09\/buy-cheap-liquid-lsd-online-150x150.jpg",150,150,true],"medium":["https:\/\/legitgrams.com\/wp-content\/uploads\/2024\/09\/buy-cheap-liquid-lsd-online-300x300.jpg",300,300,true],"medium_large":["https:\/\/legitgrams.com\/wp-content\/uploads\/2024\/09\/buy-cheap-liquid-lsd-online.jpg",600,600,false],"large":["https:\/\/legitgrams.com\/wp-content\/uploads\/2024\/09\/buy-cheap-liquid-lsd-online.jpg",600,600,false],"1536x1536":["https:\/\/legitgrams.com\/wp-content\/uploads\/2024\/09\/buy-cheap-liquid-lsd-online.jpg",600,600,false],"2048x2048":["https:\/\/legitgrams.com\/wp-content\/uploads\/2024\/09\/buy-cheap-liquid-lsd-online.jpg",600,600,false],"trp-custom-language-flag":["https:\/\/legitgrams.com\/wp-content\/uploads\/2024\/09\/buy-cheap-liquid-lsd-online-12x12.jpg",12,12,true],"woocommerce_thumbnail":["https:\/\/legitgrams.com\/wp-content\/uploads\/2024\/09\/buy-cheap-liquid-lsd-online-300x300.jpg",300,300,true],"woocommerce_single":["https:\/\/legitgrams.com\/wp-content\/uploads\/2024\/09\/buy-cheap-liquid-lsd-online.jpg",600,600,false],"woocommerce_gallery_thumbnail":["https:\/\/legitgrams.com\/wp-content\/uploads\/2024\/09\/buy-cheap-liquid-lsd-online-100x100.jpg",100,100,true]},"uagb_author_info":{"display_name":"cokeblog18","author_link":"https:\/\/legitgrams.com\/it\/author\/"},"uagb_comment_info":0,"uagb_excerpt":"Low-Cost Liquid LSD for Purchase Acid is a strain named after a little more potent narcotic, much like Green Crack (which is not to be confused with LSD). All things considered, Acid is strong, offering both a confusing smell and counterbalanced effects. Acid is made from the genetics of the most well-liked New York Sour&hellip;","_links":{"self":[{"href":"https:\/\/legitgrams.com\/it\/wp-json\/wp\/v2\/product\/4214","targetHints":{"allow":["GET"]}}],"collection":[{"href":"https:\/\/legitgrams.com\/it\/wp-json\/wp\/v2\/product"}],"about":[{"href":"https:\/\/legitgrams.com\/it\/wp-json\/wp\/v2\/types\/product"}],"replies":[{"embeddable":true,"href":"https:\/\/legitgrams.com\/it\/wp-json\/wp\/v2\/comments?post=4214"}],"wp:featuredmedia":[{"embeddable":true,"href":"https:\/\/legitgrams.com\/it\/wp-json\/wp\/v2\/media\/5179"}],"wp:attachment":[{"href":"https:\/\/legitgrams.com\/it\/wp-json\/wp\/v2\/media?parent=4214"}],"wp:term":[{"taxonomy":"product_brand","embeddable":true,"href":"https:\/\/legitgrams.com\/it\/wp-json\/wp\/v2\/product_brand?post=4214"},{"taxonomy":"product_cat","embeddable":true,"href":"https:\/\/legitgrams.com\/it\/wp-json\/wp\/v2\/product_cat?post=4214"},{"taxonomy":"product_tag","embeddable":true,"href":"https:\/\/legitgrams.com\/it\/wp-json\/wp\/v2\/product_tag?post=4214"}],"curies":[{"name":"wp","href":"https:\/\/api.w.org\/{rel}","templated":true}]}}