{"id":4226,"date":"2024-09-22T06:41:05","date_gmt":"2024-09-22T06:41:05","guid":{"rendered":"https:\/\/legitgrams.com\/?post_type=product&#038;p=4226"},"modified":"2025-04-03T08:58:31","modified_gmt":"2025-04-03T08:58:31","slug":"metizolam-in-polvere","status":"publish","type":"product","link":"https:\/\/legitgrams.com\/it\/prodotto\/metizolam-in-polvere\/","title":{"rendered":"Comprare Metizolam in polvere online"},"content":{"rendered":"<h2>Acquista Metizolam in polvere online<\/h2>\n<p>API, principi attivi farmaceutici, intermedi, DMF, FDA, US Drug Master File, documentazione e certificazione per l'etizolam in polvere sono tutti prodotti e forniti a livello globale da Dandy Drugs. Offriamo l'acquisto di fonti di alta qualit\u00e0 con pacchetti tecnici corrispondenti in conformit\u00e0 con gli standard di commercializzazione o RND\/Sviluppo. Distributore di etizolam dalla Cina. Produttori di etizolam. Acquista etizolam in polvere. Fornitori di etizolam in polvere. <a href=\"https:\/\/www.bing.com\/search?q=AcquistaMetizolaminpolvereonline&amp;qs=n&amp;form=QBRE&amp;sp=-1&amp;lq=0&amp;pq=acquistametizolaminpolvereonline&amp;sc=1-36&amp;sk=&amp;cvid=F3891CAC370C4C17ABCCB4698FB6C2F8&amp;ghsh=0&amp;ghacc=0&amp;ghpl=\">powdered Metizolam in bulk<\/a>.<\/p>\n<p>I nostri prodotti sono un principio attivo farmaceutico utilizzato nell'industria farmaceutica e sono fabbricati in una struttura conforme alle norme cGMP. Per maggiori dettagli, incluso lo stato DMF attuale del prodotto, contattateci. Non vediamo l'ora di lavorare con voi su progetti di ricerca e sviluppo.<\/p>\n<p><a href=\"https:\/\/www.google.com\/search?q=Acquista+Metizolam+in+polvere+online&amp;sca_esv=eddefdb7b92e7545&amp;sxsrf=AHTn8zqWwVNBGglmoFwpUvpTFRxQOjMGUA1743671510451&amp;ei=1lDuZ-ahG9Px0PEPxtj8kAo&amp;ved=0ahUKEwjm5PDHwruMAxXTODQIHUYsH6IQ4dUDCBA&amp;uact=5&amp;oq=Acquista+Metizolam+in+polvere+online&amp;gs_lp=Egxnd3Mtd2l6LXNlcnAiJEFjcXVpc3RhIE1ldGl6b2xhbSBpbiBwb2x2ZXJlIG9ubGluZTIHECEYoAEYCjIHECEYoAEYCjIHECEYoAEYCjIHECEYoAEYCkj3BVAAWABwAHgAkAEAmAGAA6ABgAOqAQMzLTG4AQPIAQD4AQL4AQGYAgGgAokDmAMAkgcDMy0xoAesBbIHAzMtMbgHiQM&amp;sclient=gws-wiz-serp\">Metizolam<\/a> \u00e8 un analogo delle benzodiazepine commercializzato con il nome di etizolam, noto anche come metilaam, metizola, Sedekopan, <a href=\"https:\/\/duckduckgo.com\/?q=Acquista+Metizolam+polvere+online&amp;t=h_\">metizest<\/a>, Pasaden, o Depas, \u00e8 un analogo delle benzodiazepine. Una benzodiazepina non \u00e8 la stessa cosa di questa sostanza. Poich\u00e9 l'anello triazolico si \u00e8 fuso e l'anello tiofenico ha sostituito l'anello benzenico, il farmaco \u00e8 ora una tienotriazolodiazepina. Contiene propriet\u00e0 miorilassanti, ipnotiche, sedative, anticonvulsivanti, amnesiche e ansiolitiche.<\/p>\n<h3>Perch\u00e9 noi?<\/h3>\n<p>Una fonte affidabile Dopo la produzione e i test volti a garantire la tracciabilit\u00e0 delle misurazioni, i materiali conformi agli standard ISO17025 e Guida 34 vengono esaminati su apparecchiature certificate utilizzando metodi analitici autorizzati. Prodotto creato pensando ad applicazioni forensi e di ricerca.<\/p>\n<p>Dandy Drugs \u00e8 una societ\u00e0 farmaceutica indiana che ha contatti diretti con i fornitori cinesi e altre societ\u00e0 indiane. Forniamo solo i migliori prodotti ai nostri clienti. la stessa cosa a cui siamo abituati quando effettuiamo un acquisto.<\/p>\n<p>Ogni prodotto \u00e8 della massima qualit\u00e0 e chiediamo a tutti i clienti di sottoporre a GC\/MS i loro acquisti per garantirne l'accuratezza e l'autenticit\u00e0. La soddisfazione dei nostri clienti e la garanzia che ricevano quanto promesso sono le nostre massime priorit\u00e0.<\/p>\n<p>La sopravvivenza della nostra <a href=\"https:\/\/legitgrams.com\/it\/\">company<\/a> Dipende dalla nostra capacit\u00e0 di completare la transazione in modo completo e puntuale ogni volta. Il nostro obiettivo \u00e8 risolvere sempre i problemi e offrirti la migliore qualit\u00e0 al prezzo pi\u00f9 conveniente.<\/p>\n<p>La sopravvivenza della nostra azienda dipende dalla nostra capacit\u00e0 di completare la tua transazione completamente e nei tempi previsti ogni volta. Il nostro obiettivo \u00e8 sempre quello di risolvere i problemi e fornirti la migliore qualit\u00e0 al prezzo pi\u00f9 conveniente.<\/p>\n<p>As soon as your product ships, you will obtain tracking numbers so you can keep tabs on its progress. <a href=\"https:\/\/legitgrams.com\/it\/prodotto\/metizolam-in-polvere\/\">Acquire etizolam powder<\/a> Il posto migliore per acquistare etizolam in polvere online, cos\u00ec come diversi analoghi, \u00e8 Dandy Drugs, nel caso in cui lo stiate cercando. L'etizolam in polvere pu\u00f2 essere ordinato per posta in modo comodo e sicuro. Offriamo un marketplace online facile da usare dove potete acquistare etizolam in polvere a prezzi all'ingrosso da fornitori e produttori in Cina e India. Siamo esperti nell'invio discreto e clandestino negli Stati Uniti, in Canada, nel Regno Unito, in Australia e in altre nazioni. Assicuratevi di comprendere le applicazioni, gli effetti collaterali e le potenziali ripercussioni legali dell'acquisto di etizolam prima di ordinare polvere online nel vostro stato senza prescrizione medica. Abbiamo una solida reputazione come fornitori di prodotti chimici per la ricerca. Chat dal vivo disponibile 24 ore su 24, 7 giorni su 7. In caso di dubbi, fate domande. Sono disponibili numerose opzioni di pagamento per soddisfare le vostre esigenze.<\/p>\n<h3>Ordinare metizolam in polvere online.<\/h3>\n<p>L'etizolam, noto anche come desmetiletizolam, \u00e8 un farmaco sintetico della classe chimica delle tieno diazepine, depressivo e psicoattivo. Si dice che fornisca effetti simili a quelli dell'etizolam, come disinibizione, sonnolenza, occultamento della memoria, occultamento della sgradevolezza e riposo muscolare. Rispetto all'etizolam, ha un'intensit\u00e0 dimezzata e un'emivita pi\u00f9 lunga di 60%.<\/p>\n<p>Il Metizolam \u00e8 stato prescritto da un'organizzazione giapponese nel 1995 per il trattamento dell'ansia. A parte questo, non si conosce alcun uso umano fino a settembre 2015, quando i rivenditori online lo hanno distribuito come materiale di studio per una situazione poco chiara.<\/p>\n<p>Un membro di base della famiglia delle benzodiazepine \u00e8 l'etizolam. L'etizolam, noto anche come Depas, Etizolam ed Etilaam, \u00e8 un membro di base della famiglia delle benzodiazepine che viene comunemente commercializzato. Anche se non si sa molto su questo materiale di ricerca, diversi studi suggeriscono che possiede qualit\u00e0 calmanti, rilassanti della muscolatura scheletrica, seducenti, ansiolitiche e anticonvulsivanti.<\/p>\n<p>L'Etizolam \u00e8 facilmente acquistabile online sotto forma di compresse, capsule e polvere. Dato che pu\u00f2 essere facilmente acquistato online a un prezzo inferiore, ha un grande potenziale per un uso aggressivo al posto delle benzodiazepine prescritte. Al momento, la scrittura logica richiede una comprensione fondamentale del metizolam, come la sua precisa indagine e il modo in cui il farmaco si disperde e viene metabolizzato all'interno dell'organismo. Sebbene i gruppi di tossicodipendenti abbiano accumulato questa sostanza, essa ha ora uno status legale solo nel Regno Unito, in Svezia e in Canada, dove \u00e8 illegale produrre o fornire questo farmaco. <a href=\"https:\/\/legitgrams.com\/it\/\">LegitGrams<\/a><\/p>\n<p>L'Etizolam \u00e8 stato promosso per la prima volta da un'azienda giapponese come rivale dei farmaci ansiolitici, ma non si sa molto di questa sostanza di ricerca. Tuttavia, alcuni studi clinici supportano l'idea che la metanfetamina funzioni come rilassante muscolare, narcotico e depressivo.<\/p>\n<p>Un anello di tiofene \u00e8 intrecciato con un anello di diazepina per formare <a href=\"https:\/\/en.wikipedia.org\/wiki\/Metizolam\">metizolam<\/a>. Anche se il suo anello triazolico non contiene attualmente un fondamento metilico, che \u00e8 il modo in cui si differenzia essenzialmente dal composto percepito etizolam, entrambi hanno una forma di base simile, suggerendo che il metizolam ha una capacit\u00e0 simile di influenzare le prestazioni intellettuali oltre ad aiutare i pazienti con la privazione del sonno. Per determinare la risposta precisa, gli esperti e i ricercatori devono esaminare il ruolo del metizolam nella mancanza del sonno opposto. I laboratori d'esame dovrebbero acquistare online polveri di galera di alta qualit\u00e0 da siti web che considerano venditori di composti per ottenere le loro sostanze sintetiche di prima qualit\u00e0, metizolam ed etizolam. Questo potrebbe aiutarli a determinare l'idoneit\u00e0 e a comprendere l'effetto delle due miscele su chi \u00e8 privato del sonno.<\/p>\n<p>Acquisto Metizolam in polvere online - Acquisto polvere, Acquisto Metizolam in polvere USA, Acquisto Metizolam in polvere online USA, Acquisto Metizolam in polvere in vendita, Acquisto Metizolam in polvere vicino a me, Acquisto Metizolam in polvere online, Acquisto Metizolam in polvere online, USA, Canada, Regno Unito, Acquisto, online, Fornitori, Consegna sicura, \u00c8 ancora disponibile Metizolam in polvere. \u00c8 consentito l'uso di Metizolam in polvere negli Stati Uniti, dove acquistare Metizolam in polvere, come effettuare un ordine di Metizolam in polvere e se \u00e8 consentito in Canada.<\/p>","protected":false},"excerpt":{"rendered":"<p>Purchase Powdered Metizolam Online API, active pharmaceutical ingredients, intermediates, DMF, FDA, US Drug Master Files, documentation, and certification for etizolam powder are all produced and supplied globally by Dandy Drugs. We offer to purchase top-notch sources with corresponding technical packages in accordance with commercialization or RND\/Development standards. Etizolam distributor from China. manufacturers of etizolam. Purchase &hellip;<\/p>\n<p class=\"read-more\"> <a class=\"\" href=\"https:\/\/legitgrams.com\/it\/prodotto\/metizolam-in-polvere\/\"> <span class=\"screen-reader-text\">Comprare Metizolam in polvere online<\/span> Leggi tutto \"<\/a><\/p>","protected":false},"featured_media":5291,"comment_status":"open","ping_status":"closed","template":"","meta":{"_uag_custom_page_level_css":"","site-sidebar-layout":"default","site-content-layout":"default","ast-global-header-display":"","ast-main-header-display":"","ast-hfb-above-header-display":"","ast-hfb-below-header-display":"","ast-hfb-mobile-header-display":"","site-post-title":"","ast-breadcrumbs-content":"","ast-featured-img":"","footer-sml-layout":"","theme-transparent-header-meta":"default","adv-header-id-meta":"","stick-header-meta":"default","header-above-stick-meta":"","header-main-stick-meta":"","header-below-stick-meta":"","_joinchat":[]},"product_brand":[],"product_cat":[600],"product_tag":[1819,1809,617,1801,1816,1813,1808,1800,1803,1811,1804,1802,1814,1821,1822,1820,1812,1817,1806,1818,1815,625,1807,1810,1805],"class_list":{"0":"post-4226","1":"product","2":"type-product","3":"status-publish","4":"has-post-thumbnail","6":"product_cat-research-chemicals-and-bath-salt","7":"product_tag-best-cheap-price-metizolam-powder","8":"product_tag-best-place-to-buy-metizolam-powder","9":"product_tag-bulk-online","10":"product_tag-buy-metizolam-powder","11":"product_tag-cheap-metizolam-powder","12":"product_tag-high-quality-metizolam-powder","13":"product_tag-how-to-buy-metizolam-powder","14":"product_tag-metizolam-powder","15":"product_tag-metizolam-powder-for-sale","16":"product_tag-metizolam-powder-legally","17":"product_tag-metizolam-powder-metizolam-powder-supplier","18":"product_tag-metizolam-powder-online","19":"product_tag-metizolam-powder-store","20":"product_tag-metizolam-powder-use","21":"product_tag-metizolam-powder-wiki","22":"product_tag-metizolam-powder-worldwide","23":"product_tag-metizolam-powderprice","24":"product_tag-metizolam-powders","25":"product_tag-order-metizolam-powder","26":"product_tag-purcharse-metizolam-powder","27":"product_tag-shop-metizolam-powder","28":"product_tag-top-quality","29":"product_tag-where-to-buy-metizolam-powder","30":"product_tag-where-to-order-metizolam-powder","31":"product_tag-wholesale-metizolam-powder","32":"desktop-align-left","33":"tablet-align-left","34":"mobile-align-left","35":"ast-product-gallery-layout-horizontal","36":"ast-product-gallery-with-no-image","37":"ast-product-single-variable","38":"ast-product-tabs-layout-horizontal","39":"ast-qv-on-image","41":"first","42":"instock","43":"shipping-taxable","44":"purchasable","45":"product-type-variable"},"yoast_head":"<!-- This site is optimized with the Yoast SEO plugin v25.9 - https:\/\/yoast.com\/wordpress\/plugins\/seo\/ -->\n<title>Metizolam Powder for Sale - Buy Metizolam Powder Online | LG<\/title>\n<meta name=\"description\" content=\"Looking to buy Metizolam Powder online at a reasonable price? Visit our reputable Legitgrams online store and get Metizolam Powder for sale today. Place an order now!\" \/>\n<meta name=\"robots\" content=\"index, follow, max-snippet:-1, max-image-preview:large, max-video-preview:-1\" \/>\n<link rel=\"canonical\" href=\"https:\/\/legitgrams.com\/it\/prodotto\/metizolam-in-polvere\/\" \/>\n<meta property=\"og:locale\" content=\"it_IT\" \/>\n<meta property=\"og:type\" content=\"article\" \/>\n<meta property=\"og:title\" content=\"Metizolam Powder for Sale - Buy Metizolam Powder Online | LG\" \/>\n<meta property=\"og:description\" content=\"Looking to buy Metizolam Powder online at a reasonable price? Visit our reputable Legitgrams online store and get Metizolam Powder for sale today. Place an order now!\" \/>\n<meta property=\"og:url\" content=\"https:\/\/legitgrams.com\/it\/prodotto\/metizolam-in-polvere\/\" \/>\n<meta property=\"og:site_name\" content=\"Legit Grams\" \/>\n<meta property=\"article:modified_time\" content=\"2025-04-03T08:58:31+00:00\" \/>\n<meta property=\"og:image\" content=\"https:\/\/legitgrams.com\/wp-content\/uploads\/2024\/09\/buy-metizolam-powder-online-1.jpg\" \/>\n\t<meta property=\"og:image:width\" content=\"600\" \/>\n\t<meta property=\"og:image:height\" content=\"600\" \/>\n\t<meta property=\"og:image:type\" content=\"image\/jpeg\" \/>\n<meta name=\"twitter:card\" content=\"summary_large_image\" \/>\n<meta name=\"twitter:label1\" content=\"Tempo di lettura stimato\" \/>\n\t<meta name=\"twitter:data1\" content=\"5 minuti\" \/>\n<script type=\"application\/ld+json\" class=\"yoast-schema-graph\">{\"@context\":\"https:\/\/schema.org\",\"@graph\":[{\"@type\":\"WebPage\",\"@id\":\"https:\/\/legitgrams.com\/product\/metizolam-powder\/\",\"url\":\"https:\/\/legitgrams.com\/product\/metizolam-powder\/\",\"name\":\"Metizolam Powder for Sale - Buy Metizolam Powder Online | LG\",\"isPartOf\":{\"@id\":\"https:\/\/legitgrams.com\/#website\"},\"primaryImageOfPage\":{\"@id\":\"https:\/\/legitgrams.com\/product\/metizolam-powder\/#primaryimage\"},\"image\":{\"@id\":\"https:\/\/legitgrams.com\/product\/metizolam-powder\/#primaryimage\"},\"thumbnailUrl\":\"https:\/\/legitgrams.com\/wp-content\/uploads\/2024\/09\/buy-metizolam-powder-online-1.jpg\",\"datePublished\":\"2024-09-22T06:41:05+00:00\",\"dateModified\":\"2025-04-03T08:58:31+00:00\",\"description\":\"Looking to buy Metizolam Powder online at a reasonable price? Visit our reputable Legitgrams online store and get Metizolam Powder for sale today. Place an order now!\",\"breadcrumb\":{\"@id\":\"https:\/\/legitgrams.com\/product\/metizolam-powder\/#breadcrumb\"},\"inLanguage\":\"it-IT\",\"potentialAction\":[{\"@type\":\"ReadAction\",\"target\":[\"https:\/\/legitgrams.com\/product\/metizolam-powder\/\"]}]},{\"@type\":\"ImageObject\",\"inLanguage\":\"it-IT\",\"@id\":\"https:\/\/legitgrams.com\/product\/metizolam-powder\/#primaryimage\",\"url\":\"https:\/\/legitgrams.com\/wp-content\/uploads\/2024\/09\/buy-metizolam-powder-online-1.jpg\",\"contentUrl\":\"https:\/\/legitgrams.com\/wp-content\/uploads\/2024\/09\/buy-metizolam-powder-online-1.jpg\",\"width\":600,\"height\":600,\"caption\":\"Metizolam Powder for Sale\"},{\"@type\":\"BreadcrumbList\",\"@id\":\"https:\/\/legitgrams.com\/product\/metizolam-powder\/#breadcrumb\",\"itemListElement\":[{\"@type\":\"ListItem\",\"position\":1,\"name\":\"Home\",\"item\":\"https:\/\/legitgrams.com\/\"},{\"@type\":\"ListItem\",\"position\":2,\"name\":\"Shop\",\"item\":\"https:\/\/legitgrams.com\/shop\/\"},{\"@type\":\"ListItem\",\"position\":3,\"name\":\"Buy Metizolam Powder Online\"}]},{\"@type\":\"WebSite\",\"@id\":\"https:\/\/legitgrams.com\/#website\",\"url\":\"https:\/\/legitgrams.com\/\",\"name\":\"Legit Grams\",\"description\":\"My WordPress Blog\",\"publisher\":{\"@id\":\"https:\/\/legitgrams.com\/#organization\"},\"potentialAction\":[{\"@type\":\"SearchAction\",\"target\":{\"@type\":\"EntryPoint\",\"urlTemplate\":\"https:\/\/legitgrams.com\/?s={search_term_string}\"},\"query-input\":{\"@type\":\"PropertyValueSpecification\",\"valueRequired\":true,\"valueName\":\"search_term_string\"}}],\"inLanguage\":\"it-IT\"},{\"@type\":\"Organization\",\"@id\":\"https:\/\/legitgrams.com\/#organization\",\"name\":\"Legit Grams\",\"url\":\"https:\/\/legitgrams.com\/\",\"logo\":{\"@type\":\"ImageObject\",\"inLanguage\":\"it-IT\",\"@id\":\"https:\/\/legitgrams.com\/#\/schema\/logo\/image\/\",\"url\":\"https:\/\/legitgrams.com\/wp-content\/uploads\/2024\/09\/main-logo.png\",\"contentUrl\":\"https:\/\/legitgrams.com\/wp-content\/uploads\/2024\/09\/main-logo.png\",\"width\":270,\"height\":75,\"caption\":\"Legit Grams\"},\"image\":{\"@id\":\"https:\/\/legitgrams.com\/#\/schema\/logo\/image\/\"}}]}<\/script>\n<!-- \/ Yoast SEO plugin. -->","yoast_head_json":{"title":"Metizolam in polvere in vendita - Acquistare Metizolam in polvere online | LG","description":"Stai cercando di acquistare Metizolam Powder online a un prezzo ragionevole? Visita il nostro affidabile negozio online Legitgrams e ottieni Metizolam Powder in vendita oggi. Effettua un ordine ora!","robots":{"index":"index","follow":"follow","max-snippet":"max-snippet:-1","max-image-preview":"max-image-preview:large","max-video-preview":"max-video-preview:-1"},"canonical":"https:\/\/legitgrams.com\/it\/prodotto\/metizolam-in-polvere\/","og_locale":"it_IT","og_type":"article","og_title":"Metizolam Powder for Sale - Buy Metizolam Powder Online | LG","og_description":"Looking to buy Metizolam Powder online at a reasonable price? Visit our reputable Legitgrams online store and get Metizolam Powder for sale today. Place an order now!","og_url":"https:\/\/legitgrams.com\/it\/prodotto\/metizolam-in-polvere\/","og_site_name":"Legit Grams","article_modified_time":"2025-04-03T08:58:31+00:00","og_image":[{"width":600,"height":600,"url":"https:\/\/legitgrams.com\/wp-content\/uploads\/2024\/09\/buy-metizolam-powder-online-1.jpg","type":"image\/jpeg"}],"twitter_card":"summary_large_image","twitter_misc":{"Tempo di lettura stimato":"5 minuti"},"schema":{"@context":"https:\/\/schema.org","@graph":[{"@type":"WebPage","@id":"https:\/\/legitgrams.com\/product\/metizolam-powder\/","url":"https:\/\/legitgrams.com\/product\/metizolam-powder\/","name":"Metizolam in polvere in vendita - Acquistare Metizolam in polvere online | LG","isPartOf":{"@id":"https:\/\/legitgrams.com\/#website"},"primaryImageOfPage":{"@id":"https:\/\/legitgrams.com\/product\/metizolam-powder\/#primaryimage"},"image":{"@id":"https:\/\/legitgrams.com\/product\/metizolam-powder\/#primaryimage"},"thumbnailUrl":"https:\/\/legitgrams.com\/wp-content\/uploads\/2024\/09\/buy-metizolam-powder-online-1.jpg","datePublished":"2024-09-22T06:41:05+00:00","dateModified":"2025-04-03T08:58:31+00:00","description":"Stai cercando di acquistare Metizolam Powder online a un prezzo ragionevole? Visita il nostro affidabile negozio online Legitgrams e ottieni Metizolam Powder in vendita oggi. Effettua un ordine ora!","breadcrumb":{"@id":"https:\/\/legitgrams.com\/product\/metizolam-powder\/#breadcrumb"},"inLanguage":"it-IT","potentialAction":[{"@type":"ReadAction","target":["https:\/\/legitgrams.com\/product\/metizolam-powder\/"]}]},{"@type":"ImageObject","inLanguage":"it-IT","@id":"https:\/\/legitgrams.com\/product\/metizolam-powder\/#primaryimage","url":"https:\/\/legitgrams.com\/wp-content\/uploads\/2024\/09\/buy-metizolam-powder-online-1.jpg","contentUrl":"https:\/\/legitgrams.com\/wp-content\/uploads\/2024\/09\/buy-metizolam-powder-online-1.jpg","width":600,"height":600,"caption":"Metizolam Powder for Sale"},{"@type":"BreadcrumbList","@id":"https:\/\/legitgrams.com\/product\/metizolam-powder\/#breadcrumb","itemListElement":[{"@type":"ListItem","position":1,"name":"Home","item":"https:\/\/legitgrams.com\/"},{"@type":"ListItem","position":2,"name":"Shop","item":"https:\/\/legitgrams.com\/shop\/"},{"@type":"ListItem","position":3,"name":"Buy Metizolam Powder Online"}]},{"@type":"WebSite","@id":"https:\/\/legitgrams.com\/#website","url":"https:\/\/legitgrams.com\/","name":"Grammi legittimi","description":"Il mio blog WordPress","publisher":{"@id":"https:\/\/legitgrams.com\/#organization"},"potentialAction":[{"@type":"SearchAction","target":{"@type":"EntryPoint","urlTemplate":"https:\/\/legitgrams.com\/?s={search_term_string}"},"query-input":{"@type":"PropertyValueSpecification","valueRequired":true,"valueName":"search_term_string"}}],"inLanguage":"it-IT"},{"@type":"Organization","@id":"https:\/\/legitgrams.com\/#organization","name":"Grammi legittimi","url":"https:\/\/legitgrams.com\/","logo":{"@type":"ImageObject","inLanguage":"it-IT","@id":"https:\/\/legitgrams.com\/#\/schema\/logo\/image\/","url":"https:\/\/legitgrams.com\/wp-content\/uploads\/2024\/09\/main-logo.png","contentUrl":"https:\/\/legitgrams.com\/wp-content\/uploads\/2024\/09\/main-logo.png","width":270,"height":75,"caption":"Legit Grams"},"image":{"@id":"https:\/\/legitgrams.com\/#\/schema\/logo\/image\/"}}]}},"uagb_featured_image_src":{"full":["https:\/\/legitgrams.com\/wp-content\/uploads\/2024\/09\/buy-metizolam-powder-online-1.jpg",600,600,false],"thumbnail":["https:\/\/legitgrams.com\/wp-content\/uploads\/2024\/09\/buy-metizolam-powder-online-1-150x150.jpg",150,150,true],"medium":["https:\/\/legitgrams.com\/wp-content\/uploads\/2024\/09\/buy-metizolam-powder-online-1-300x300.jpg",300,300,true],"medium_large":["https:\/\/legitgrams.com\/wp-content\/uploads\/2024\/09\/buy-metizolam-powder-online-1.jpg",600,600,false],"large":["https:\/\/legitgrams.com\/wp-content\/uploads\/2024\/09\/buy-metizolam-powder-online-1.jpg",600,600,false],"1536x1536":["https:\/\/legitgrams.com\/wp-content\/uploads\/2024\/09\/buy-metizolam-powder-online-1.jpg",600,600,false],"2048x2048":["https:\/\/legitgrams.com\/wp-content\/uploads\/2024\/09\/buy-metizolam-powder-online-1.jpg",600,600,false],"trp-custom-language-flag":["https:\/\/legitgrams.com\/wp-content\/uploads\/2024\/09\/buy-metizolam-powder-online-1-12x12.jpg",12,12,true],"woocommerce_thumbnail":["https:\/\/legitgrams.com\/wp-content\/uploads\/2024\/09\/buy-metizolam-powder-online-1-300x300.jpg",300,300,true],"woocommerce_single":["https:\/\/legitgrams.com\/wp-content\/uploads\/2024\/09\/buy-metizolam-powder-online-1.jpg",600,600,false],"woocommerce_gallery_thumbnail":["https:\/\/legitgrams.com\/wp-content\/uploads\/2024\/09\/buy-metizolam-powder-online-1-100x100.jpg",100,100,true]},"uagb_author_info":{"display_name":"cokeblog18","author_link":"https:\/\/legitgrams.com\/it\/author\/"},"uagb_comment_info":0,"uagb_excerpt":"Purchase Powdered Metizolam Online API, active pharmaceutical ingredients, intermediates, DMF, FDA, US Drug Master Files, documentation, and certification for etizolam powder are all produced and supplied globally by Dandy Drugs. We offer to purchase top-notch sources with corresponding technical packages in accordance with commercialization or RND\/Development standards. Etizolam distributor from China. manufacturers of etizolam. Purchase&hellip;","_links":{"self":[{"href":"https:\/\/legitgrams.com\/it\/wp-json\/wp\/v2\/product\/4226","targetHints":{"allow":["GET"]}}],"collection":[{"href":"https:\/\/legitgrams.com\/it\/wp-json\/wp\/v2\/product"}],"about":[{"href":"https:\/\/legitgrams.com\/it\/wp-json\/wp\/v2\/types\/product"}],"replies":[{"embeddable":true,"href":"https:\/\/legitgrams.com\/it\/wp-json\/wp\/v2\/comments?post=4226"}],"wp:featuredmedia":[{"embeddable":true,"href":"https:\/\/legitgrams.com\/it\/wp-json\/wp\/v2\/media\/5291"}],"wp:attachment":[{"href":"https:\/\/legitgrams.com\/it\/wp-json\/wp\/v2\/media?parent=4226"}],"wp:term":[{"taxonomy":"product_brand","embeddable":true,"href":"https:\/\/legitgrams.com\/it\/wp-json\/wp\/v2\/product_brand?post=4226"},{"taxonomy":"product_cat","embeddable":true,"href":"https:\/\/legitgrams.com\/it\/wp-json\/wp\/v2\/product_cat?post=4226"},{"taxonomy":"product_tag","embeddable":true,"href":"https:\/\/legitgrams.com\/it\/wp-json\/wp\/v2\/product_tag?post=4226"}],"curies":[{"name":"wp","href":"https:\/\/api.w.org\/{rel}","templated":true}]}}