{"id":4232,"date":"2024-09-22T06:37:50","date_gmt":"2024-09-22T06:37:50","guid":{"rendered":"https:\/\/legitgrams.com\/?post_type=product&#038;p=4232"},"modified":"2025-01-14T10:54:04","modified_gmt":"2025-01-14T10:54:04","slug":"pirazolam-0-5-mg-pellet","status":"publish","type":"product","link":"https:\/\/legitgrams.com\/it\/prodotto\/pirazolam-0-5-mg-pellet\/","title":{"rendered":"Pirazolam 0,5 mg pellet"},"content":{"rendered":"<h2>Acquista online pellet da 0,5 mg di Pyrazolam.<br \/>\nPerch\u00e9 viene utilizzato il pirazolam?<\/h2>\n<p>L'alprazolam, un membro base della classe di sostanze chimiche delle benzodiazepine, \u00e8 un altro sintetico che \u00e8 in fase di studio. Si pensa che, a causa della sua struttura, si legherebbe allostericamente al recettore GABA in un modo che \u00e8 paragonabile a quello del flubromazepam e dell'etizolam, ma con un'affinit\u00e0 pi\u00f9 elevata e un'emivita di mezza giornata. \u00c8 ragionevole supporre, in base alla struttura, che il pirazolam causi meno atassia e agisca pi\u00f9 come un ansiolitico che come un narcotico. Questa \u00e8 solo un'informazione ipotetica, tuttavia, nel caso in cui il pirazolam sia autorizzato per la ricerca in vivo (in un organismo vivente). Molti ricercatori che utilizzano l'etizolam potrebbero scoprire il pirazolam, un incredibile ligando vicino, sia nei loro test di accoppiamento che nell'esame di riferimento generale.<\/p>\n<h3>Per quali scopi viene utilizzato il pirazolam?<\/h3>\n<p><a href=\"https:\/\/en.wikipedia.org\/wiki\/Pyrazolam\">Pirazolam<\/a> pu\u00f2 essere un buon ligando per iniziare studi autorevoli e seri di restrizione con il recettore GABA, perch\u00e9 \u00e8 un composto esplorativo il cui uso \u00e8 consentito solo in vitro (un organismo esterno vivo). Gli scienziati potrebbero profilare completamente la propensione all'accoppiamento e la sopravvivenza del pirazolam utilizzando una pellicola sintetica infusa di recettori GABA. Poich\u00e9 il pirazolam si scioglie in acqua, pu\u00f2 anche essere utilizzato, diluito, in una soluzione a base di acqua per la maggior parte della superficie estrema. Il pirazolam \u00e8 un farmaco esplorativo sorprendente che pu\u00f2 essere combinato con altri farmaci sintetici a base di benzodiazepine, come il flubromazepam.<br \/>\nLe biblioteche di riferimento sintetiche che compilano i dati sulle indagini sulle sostanze per ogni nuovo composto possono utilizzare il pirazolam. Il pirazolam pu\u00f2 essere utilizzato come fonte di punti di vista per analisi FTIR, NMR, HPLC e GC\/MS. Il pirazolam \u00e8 anche applicabile per i test di base dei reagenti necessari. <a href=\"https:\/\/legitgrams.com\/it\/\">LegitGrams<\/a><\/p>\n<p>Lo stearato di magnesio e la cellulosa microcristallina, utilizzati nel ciclo di pellettizzazione, sono presenti nei nostri pellet di pirazolam. Poich\u00e9 la bassa quantit\u00e0 di questo sintetico \u00e8 cos\u00ec dinamica, abbiamo deciso di pellettizzare il nostro pirazolam per consentire agli scienziati di avere una misura accurata semplicemente per utilizzare un tipo di sostanza. \u00c8 anche meno rischioso includere il composto all'interno di un pellet protetto per evitare fuoriuscite accidentali o potenziali respiri interni.<\/p>\n<p>Dove acquistare Pyrazolam? Comprare Pyrazolam 0.5 mg pellets online - comprare <a href=\"https:\/\/legitgrams.com\/it\/prodotto\/pirazolam-0-5-mg-pellet\/\">Pirazolam<\/a> 0.5 mg pellets, acquistare Pyrazolam 0.5 mg pellets usa, acquistare Pyrazolam 0.5 mg pellets online USA ottenere Pyrazolam 0.5 mg pellets online vicino a me, dove ottenere Pyrazolam 0.5 mg pellets online, Pyrazolam 0.5 mg pellets.5 mg pellet in vendita negli Stati Uniti, in Canada e nel Regno Unito, acquistare, online, fornitori, consegna sicura, 0,5 mg pellet, Pyrazolam 0,5 mg pellet in vendita, Pyrazolam 0,5 mg pellet in vendita vicino a me, \u00c8 ancora possibile ottenere Pyrazolam 0,5 mg pellet. \u00c8 inoltre possibile sapere se il Pyrazolam 0,5 mg pellet \u00e8 legale negli Stati Uniti, come ordinare il Pyrazolam 0,5 mg pellet e se \u00e8 legale in Canada.<\/p>","protected":false},"excerpt":{"rendered":"<p>Purchase 0.5 mg pellets of Pyrazolam online. Why is pyrazolam used? Alprazolam, a basic member of the benzodiazepine class of chemicals, is another synthetic that is being studied. It is thought that because of its structure, it would allosterically bind to the GABA receptor in a way that is comparable to that of flubromazepam and &hellip;<\/p>\n<p class=\"read-more\"> <a class=\"\" href=\"https:\/\/legitgrams.com\/it\/prodotto\/pirazolam-0-5-mg-pellet\/\"> <span class=\"screen-reader-text\">Pirazolam 0,5 mg pellet<\/span> Leggi tutto \"<\/a><\/p>","protected":false},"featured_media":5309,"comment_status":"open","ping_status":"closed","template":"","meta":{"_uag_custom_page_level_css":"","site-sidebar-layout":"default","site-content-layout":"default","ast-global-header-display":"","ast-main-header-display":"","ast-hfb-above-header-display":"","ast-hfb-below-header-display":"","ast-hfb-mobile-header-display":"","site-post-title":"","ast-breadcrumbs-content":"","ast-featured-img":"","footer-sml-layout":"","theme-transparent-header-meta":"default","adv-header-id-meta":"","stick-header-meta":"default","header-above-stick-meta":"","header-main-stick-meta":"","header-below-stick-meta":"","_joinchat":[]},"product_brand":[],"product_cat":[600],"product_tag":[1957,1947,617,1939,1954,1951,1946,1944,1956,1938,1941,1949,1940,1942,1952,1959,1960,1958,1950,1955,1953,625,1945,1948,1943],"class_list":{"0":"post-4232","1":"product","2":"type-product","3":"status-publish","4":"has-post-thumbnail","6":"product_cat-research-chemicals-and-bath-salt","7":"product_tag-best-cheap-price-pyrazolam-0-5-mg-pellets","8":"product_tag-best-place-to-buy-pyrazolam-0-5-mg-pellets","9":"product_tag-bulk-online","10":"product_tag-buy-pyrazolam-0-5-mg-pellets","11":"product_tag-cheap-pyrazolam-0-5-mg-pellets","12":"product_tag-high-quality-pyrazolam-0-5-mg-pellets","13":"product_tag-how-to-buy-pyrazolam-0-5-mg-pellets","14":"product_tag-order-pyrazolam-0-5-mg-pellets","15":"product_tag-purcharse-pyrazolam-0-5-mg-pellets","16":"product_tag-pyrazolam-0-5-mg-pellets","17":"product_tag-pyrazolam-0-5-mg-pellets-for-sale","18":"product_tag-pyrazolam-0-5-mg-pellets-legally","19":"product_tag-pyrazolam-0-5-mg-pellets-online","20":"product_tag-pyrazolam-0-5-mg-pellets-pyrazolam-0-5-mg-pellets-supplier","21":"product_tag-pyrazolam-0-5-mg-pellets-store","22":"product_tag-pyrazolam-0-5-mg-pellets-use","23":"product_tag-pyrazolam-0-5-mg-pellets-wiki","24":"product_tag-pyrazolam-0-5-mg-pellets-worldwide","25":"product_tag-pyrazolam-0-5-mg-pelletsprice","26":"product_tag-pyrazolam-0-5-mg-pelletss","27":"product_tag-shop-pyrazolam-0-5-mg-pellets","28":"product_tag-top-quality","29":"product_tag-where-to-buy-pyrazolam-0-5-mg-pellets","30":"product_tag-where-to-order-pyrazolam-0-5-mg-pellets","31":"product_tag-wholesale-pyrazolam-0-5-mg-pellets","32":"desktop-align-left","33":"tablet-align-left","34":"mobile-align-left","35":"ast-product-gallery-layout-horizontal","36":"ast-product-gallery-with-no-image","37":"ast-product-single-variable","38":"ast-product-tabs-layout-horizontal","39":"ast-qv-on-image","41":"first","42":"instock","43":"shipping-taxable","44":"purchasable","45":"product-type-variable"},"yoast_head":"<!-- This site is optimized with the Yoast SEO plugin v25.9 - https:\/\/yoast.com\/wordpress\/plugins\/seo\/ -->\n<title>Order Pyrazolam 0.5mg Pellets Online @ Best Price | LegitGrams<\/title>\n<meta name=\"description\" content=\"Looking to further your research? Buy pyrazolam 0.5mg pellets conveniently and securely online, with a straightforward ordering process for pyrazolam 0.5mg pellets for sale. Order Now with Fast and Discreet Shipping!\" \/>\n<meta name=\"robots\" content=\"index, follow, max-snippet:-1, max-image-preview:large, max-video-preview:-1\" \/>\n<link rel=\"canonical\" href=\"https:\/\/legitgrams.com\/it\/prodotto\/pirazolam-0-5-mg-pellet\/\" \/>\n<meta property=\"og:locale\" content=\"it_IT\" \/>\n<meta property=\"og:type\" content=\"article\" \/>\n<meta property=\"og:title\" content=\"Order Pyrazolam 0.5mg Pellets Online @ Best Price | LegitGrams\" \/>\n<meta property=\"og:description\" content=\"Looking to further your research? Buy pyrazolam 0.5mg pellets conveniently and securely online, with a straightforward ordering process for pyrazolam 0.5mg pellets for sale. Order Now with Fast and Discreet Shipping!\" \/>\n<meta property=\"og:url\" content=\"https:\/\/legitgrams.com\/it\/prodotto\/pirazolam-0-5-mg-pellet\/\" \/>\n<meta property=\"og:site_name\" content=\"Legit Grams\" \/>\n<meta property=\"article:modified_time\" content=\"2025-01-14T10:54:04+00:00\" \/>\n<meta property=\"og:image\" content=\"https:\/\/legitgrams.com\/wp-content\/uploads\/2024\/09\/buy-pyrazolam-0-5-mg-pellets-online.jpg\" \/>\n\t<meta property=\"og:image:width\" content=\"600\" \/>\n\t<meta property=\"og:image:height\" content=\"600\" \/>\n\t<meta property=\"og:image:type\" content=\"image\/jpeg\" \/>\n<meta name=\"twitter:card\" content=\"summary_large_image\" \/>\n<meta name=\"twitter:label1\" content=\"Tempo di lettura stimato\" \/>\n\t<meta name=\"twitter:data1\" content=\"3 minuti\" \/>\n<script type=\"application\/ld+json\" class=\"yoast-schema-graph\">{\"@context\":\"https:\/\/schema.org\",\"@graph\":[{\"@type\":\"WebPage\",\"@id\":\"https:\/\/legitgrams.com\/product\/pyrazolam-0-5-mg-pellets\/\",\"url\":\"https:\/\/legitgrams.com\/product\/pyrazolam-0-5-mg-pellets\/\",\"name\":\"Order Pyrazolam 0.5mg Pellets Online @ Best Price | LegitGrams\",\"isPartOf\":{\"@id\":\"https:\/\/legitgrams.com\/#website\"},\"primaryImageOfPage\":{\"@id\":\"https:\/\/legitgrams.com\/product\/pyrazolam-0-5-mg-pellets\/#primaryimage\"},\"image\":{\"@id\":\"https:\/\/legitgrams.com\/product\/pyrazolam-0-5-mg-pellets\/#primaryimage\"},\"thumbnailUrl\":\"https:\/\/legitgrams.com\/wp-content\/uploads\/2024\/09\/buy-pyrazolam-0-5-mg-pellets-online.jpg\",\"datePublished\":\"2024-09-22T06:37:50+00:00\",\"dateModified\":\"2025-01-14T10:54:04+00:00\",\"description\":\"Looking to further your research? Buy pyrazolam 0.5mg pellets conveniently and securely online, with a straightforward ordering process for pyrazolam 0.5mg pellets for sale. Order Now with Fast and Discreet Shipping!\",\"breadcrumb\":{\"@id\":\"https:\/\/legitgrams.com\/product\/pyrazolam-0-5-mg-pellets\/#breadcrumb\"},\"inLanguage\":\"it-IT\",\"potentialAction\":[{\"@type\":\"ReadAction\",\"target\":[\"https:\/\/legitgrams.com\/product\/pyrazolam-0-5-mg-pellets\/\"]}]},{\"@type\":\"ImageObject\",\"inLanguage\":\"it-IT\",\"@id\":\"https:\/\/legitgrams.com\/product\/pyrazolam-0-5-mg-pellets\/#primaryimage\",\"url\":\"https:\/\/legitgrams.com\/wp-content\/uploads\/2024\/09\/buy-pyrazolam-0-5-mg-pellets-online.jpg\",\"contentUrl\":\"https:\/\/legitgrams.com\/wp-content\/uploads\/2024\/09\/buy-pyrazolam-0-5-mg-pellets-online.jpg\",\"width\":600,\"height\":600,\"caption\":\"Pyrazolam 0.5mg Pellets for Sale\"},{\"@type\":\"BreadcrumbList\",\"@id\":\"https:\/\/legitgrams.com\/product\/pyrazolam-0-5-mg-pellets\/#breadcrumb\",\"itemListElement\":[{\"@type\":\"ListItem\",\"position\":1,\"name\":\"Home\",\"item\":\"https:\/\/legitgrams.com\/\"},{\"@type\":\"ListItem\",\"position\":2,\"name\":\"Shop\",\"item\":\"https:\/\/legitgrams.com\/shop\/\"},{\"@type\":\"ListItem\",\"position\":3,\"name\":\"Pyrazolam 0.5 mg pellets\"}]},{\"@type\":\"WebSite\",\"@id\":\"https:\/\/legitgrams.com\/#website\",\"url\":\"https:\/\/legitgrams.com\/\",\"name\":\"Legit Grams\",\"description\":\"My WordPress Blog\",\"publisher\":{\"@id\":\"https:\/\/legitgrams.com\/#organization\"},\"potentialAction\":[{\"@type\":\"SearchAction\",\"target\":{\"@type\":\"EntryPoint\",\"urlTemplate\":\"https:\/\/legitgrams.com\/?s={search_term_string}\"},\"query-input\":{\"@type\":\"PropertyValueSpecification\",\"valueRequired\":true,\"valueName\":\"search_term_string\"}}],\"inLanguage\":\"it-IT\"},{\"@type\":\"Organization\",\"@id\":\"https:\/\/legitgrams.com\/#organization\",\"name\":\"Legit Grams\",\"url\":\"https:\/\/legitgrams.com\/\",\"logo\":{\"@type\":\"ImageObject\",\"inLanguage\":\"it-IT\",\"@id\":\"https:\/\/legitgrams.com\/#\/schema\/logo\/image\/\",\"url\":\"https:\/\/legitgrams.com\/wp-content\/uploads\/2024\/09\/main-logo.png\",\"contentUrl\":\"https:\/\/legitgrams.com\/wp-content\/uploads\/2024\/09\/main-logo.png\",\"width\":270,\"height\":75,\"caption\":\"Legit Grams\"},\"image\":{\"@id\":\"https:\/\/legitgrams.com\/#\/schema\/logo\/image\/\"}}]}<\/script>\n<!-- \/ Yoast SEO plugin. -->","yoast_head_json":{"title":"Ordina Pyrazolam 0.5mg Pellets Online al Miglior Prezzo | LegitGrams","description":"Volete approfondire la vostra ricerca? Acquistare pyrazolam 0.5mg pellet in modo comodo e sicuro online, con un processo di ordinazione semplice per pyrazolam 0.5mg pellet in vendita. Ordina ora con spedizione rapida e discreta!","robots":{"index":"index","follow":"follow","max-snippet":"max-snippet:-1","max-image-preview":"max-image-preview:large","max-video-preview":"max-video-preview:-1"},"canonical":"https:\/\/legitgrams.com\/it\/prodotto\/pirazolam-0-5-mg-pellet\/","og_locale":"it_IT","og_type":"article","og_title":"Order Pyrazolam 0.5mg Pellets Online @ Best Price | LegitGrams","og_description":"Looking to further your research? Buy pyrazolam 0.5mg pellets conveniently and securely online, with a straightforward ordering process for pyrazolam 0.5mg pellets for sale. Order Now with Fast and Discreet Shipping!","og_url":"https:\/\/legitgrams.com\/it\/prodotto\/pirazolam-0-5-mg-pellet\/","og_site_name":"Legit Grams","article_modified_time":"2025-01-14T10:54:04+00:00","og_image":[{"width":600,"height":600,"url":"https:\/\/legitgrams.com\/wp-content\/uploads\/2024\/09\/buy-pyrazolam-0-5-mg-pellets-online.jpg","type":"image\/jpeg"}],"twitter_card":"summary_large_image","twitter_misc":{"Tempo di lettura stimato":"3 minuti"},"schema":{"@context":"https:\/\/schema.org","@graph":[{"@type":"WebPage","@id":"https:\/\/legitgrams.com\/product\/pyrazolam-0-5-mg-pellets\/","url":"https:\/\/legitgrams.com\/product\/pyrazolam-0-5-mg-pellets\/","name":"Ordina Pyrazolam 0.5mg Pellets Online al Miglior Prezzo | LegitGrams","isPartOf":{"@id":"https:\/\/legitgrams.com\/#website"},"primaryImageOfPage":{"@id":"https:\/\/legitgrams.com\/product\/pyrazolam-0-5-mg-pellets\/#primaryimage"},"image":{"@id":"https:\/\/legitgrams.com\/product\/pyrazolam-0-5-mg-pellets\/#primaryimage"},"thumbnailUrl":"https:\/\/legitgrams.com\/wp-content\/uploads\/2024\/09\/buy-pyrazolam-0-5-mg-pellets-online.jpg","datePublished":"2024-09-22T06:37:50+00:00","dateModified":"2025-01-14T10:54:04+00:00","description":"Volete approfondire la vostra ricerca? Acquistare pyrazolam 0.5mg pellet in modo comodo e sicuro online, con un processo di ordinazione semplice per pyrazolam 0.5mg pellet in vendita. Ordina ora con spedizione rapida e discreta!","breadcrumb":{"@id":"https:\/\/legitgrams.com\/product\/pyrazolam-0-5-mg-pellets\/#breadcrumb"},"inLanguage":"it-IT","potentialAction":[{"@type":"ReadAction","target":["https:\/\/legitgrams.com\/product\/pyrazolam-0-5-mg-pellets\/"]}]},{"@type":"ImageObject","inLanguage":"it-IT","@id":"https:\/\/legitgrams.com\/product\/pyrazolam-0-5-mg-pellets\/#primaryimage","url":"https:\/\/legitgrams.com\/wp-content\/uploads\/2024\/09\/buy-pyrazolam-0-5-mg-pellets-online.jpg","contentUrl":"https:\/\/legitgrams.com\/wp-content\/uploads\/2024\/09\/buy-pyrazolam-0-5-mg-pellets-online.jpg","width":600,"height":600,"caption":"Pyrazolam 0.5mg Pellets for Sale"},{"@type":"BreadcrumbList","@id":"https:\/\/legitgrams.com\/product\/pyrazolam-0-5-mg-pellets\/#breadcrumb","itemListElement":[{"@type":"ListItem","position":1,"name":"Home","item":"https:\/\/legitgrams.com\/"},{"@type":"ListItem","position":2,"name":"Shop","item":"https:\/\/legitgrams.com\/shop\/"},{"@type":"ListItem","position":3,"name":"Pyrazolam 0.5 mg pellets"}]},{"@type":"WebSite","@id":"https:\/\/legitgrams.com\/#website","url":"https:\/\/legitgrams.com\/","name":"Grammi legittimi","description":"Il mio blog WordPress","publisher":{"@id":"https:\/\/legitgrams.com\/#organization"},"potentialAction":[{"@type":"SearchAction","target":{"@type":"EntryPoint","urlTemplate":"https:\/\/legitgrams.com\/?s={search_term_string}"},"query-input":{"@type":"PropertyValueSpecification","valueRequired":true,"valueName":"search_term_string"}}],"inLanguage":"it-IT"},{"@type":"Organization","@id":"https:\/\/legitgrams.com\/#organization","name":"Grammi legittimi","url":"https:\/\/legitgrams.com\/","logo":{"@type":"ImageObject","inLanguage":"it-IT","@id":"https:\/\/legitgrams.com\/#\/schema\/logo\/image\/","url":"https:\/\/legitgrams.com\/wp-content\/uploads\/2024\/09\/main-logo.png","contentUrl":"https:\/\/legitgrams.com\/wp-content\/uploads\/2024\/09\/main-logo.png","width":270,"height":75,"caption":"Legit Grams"},"image":{"@id":"https:\/\/legitgrams.com\/#\/schema\/logo\/image\/"}}]}},"uagb_featured_image_src":{"full":["https:\/\/legitgrams.com\/wp-content\/uploads\/2024\/09\/buy-pyrazolam-0-5-mg-pellets-online.jpg",600,600,false],"thumbnail":["https:\/\/legitgrams.com\/wp-content\/uploads\/2024\/09\/buy-pyrazolam-0-5-mg-pellets-online-150x150.jpg",150,150,true],"medium":["https:\/\/legitgrams.com\/wp-content\/uploads\/2024\/09\/buy-pyrazolam-0-5-mg-pellets-online-300x300.jpg",300,300,true],"medium_large":["https:\/\/legitgrams.com\/wp-content\/uploads\/2024\/09\/buy-pyrazolam-0-5-mg-pellets-online.jpg",600,600,false],"large":["https:\/\/legitgrams.com\/wp-content\/uploads\/2024\/09\/buy-pyrazolam-0-5-mg-pellets-online.jpg",600,600,false],"1536x1536":["https:\/\/legitgrams.com\/wp-content\/uploads\/2024\/09\/buy-pyrazolam-0-5-mg-pellets-online.jpg",600,600,false],"2048x2048":["https:\/\/legitgrams.com\/wp-content\/uploads\/2024\/09\/buy-pyrazolam-0-5-mg-pellets-online.jpg",600,600,false],"trp-custom-language-flag":["https:\/\/legitgrams.com\/wp-content\/uploads\/2024\/09\/buy-pyrazolam-0-5-mg-pellets-online-12x12.jpg",12,12,true],"woocommerce_thumbnail":["https:\/\/legitgrams.com\/wp-content\/uploads\/2024\/09\/buy-pyrazolam-0-5-mg-pellets-online-300x300.jpg",300,300,true],"woocommerce_single":["https:\/\/legitgrams.com\/wp-content\/uploads\/2024\/09\/buy-pyrazolam-0-5-mg-pellets-online.jpg",600,600,false],"woocommerce_gallery_thumbnail":["https:\/\/legitgrams.com\/wp-content\/uploads\/2024\/09\/buy-pyrazolam-0-5-mg-pellets-online-100x100.jpg",100,100,true]},"uagb_author_info":{"display_name":"cokeblog18","author_link":"https:\/\/legitgrams.com\/it\/author\/"},"uagb_comment_info":0,"uagb_excerpt":"Purchase 0.5 mg pellets of Pyrazolam online. Why is pyrazolam used? Alprazolam, a basic member of the benzodiazepine class of chemicals, is another synthetic that is being studied. It is thought that because of its structure, it would allosterically bind to the GABA receptor in a way that is comparable to that of flubromazepam and&hellip;","_links":{"self":[{"href":"https:\/\/legitgrams.com\/it\/wp-json\/wp\/v2\/product\/4232","targetHints":{"allow":["GET"]}}],"collection":[{"href":"https:\/\/legitgrams.com\/it\/wp-json\/wp\/v2\/product"}],"about":[{"href":"https:\/\/legitgrams.com\/it\/wp-json\/wp\/v2\/types\/product"}],"replies":[{"embeddable":true,"href":"https:\/\/legitgrams.com\/it\/wp-json\/wp\/v2\/comments?post=4232"}],"wp:featuredmedia":[{"embeddable":true,"href":"https:\/\/legitgrams.com\/it\/wp-json\/wp\/v2\/media\/5309"}],"wp:attachment":[{"href":"https:\/\/legitgrams.com\/it\/wp-json\/wp\/v2\/media?parent=4232"}],"wp:term":[{"taxonomy":"product_brand","embeddable":true,"href":"https:\/\/legitgrams.com\/it\/wp-json\/wp\/v2\/product_brand?post=4232"},{"taxonomy":"product_cat","embeddable":true,"href":"https:\/\/legitgrams.com\/it\/wp-json\/wp\/v2\/product_cat?post=4232"},{"taxonomy":"product_tag","embeddable":true,"href":"https:\/\/legitgrams.com\/it\/wp-json\/wp\/v2\/product_tag?post=4232"}],"curies":[{"name":"wp","href":"https:\/\/api.w.org\/{rel}","templated":true}]}}