{"id":4251,"date":"2024-09-22T07:18:59","date_gmt":"2024-09-22T07:18:59","guid":{"rendered":"https:\/\/legitgrams.com\/?post_type=product&#038;p=4251"},"modified":"2025-03-05T09:21:49","modified_gmt":"2025-03-05T09:21:49","slug":"k2-incenso-spray-speziato","status":"publish","type":"product","link":"https:\/\/legitgrams.com\/it\/prodotto\/k2-incenso-spray-speziato\/","title":{"rendered":"Acquista K2 Incense Spray (SPICE) online"},"content":{"rendered":"<h2>K2 Incense Spray: Acquista online<\/h2>\n<p><a href=\"https:\/\/www.bing.com\/search?q=AcquistaK2IncenseSpray(SPICE)online&amp;qs=n&amp;form=QBRE&amp;sp=-1&amp;ghc=1&amp;lq=0&amp;pq=acquistak2incensespray(spice)online&amp;sc=12-40&amp;sk=&amp;cvid=2662FB4D06A34D32B6C2E507AB72DA3E&amp;ghsh=0&amp;ghacc=0&amp;ghpl=\">Acquista K2 Incense Spray<\/a>: We also sell <a href=\"https:\/\/legitgrams.com\/it\/prodotto\/k2-incenso-spray-speziato\/\">Carta K2<\/a>. Sono disponibili tipi di spray K2 incolori e inodori. Ci vogliono 25 ml per spruzzare un intero foglio di carta A4. Lo spray di incenso K2 (SPICE) pu\u00f2 essere acquistato online.<\/p>\n<p>Le due parole principali usate per descrivere la marijuana sintetica sono gusto e K2. Sono create iniettando materiale vegetale essiccato con un cannabinoide progettato. Simili al Delta9-tetraidrocannabinolo (THC), il componente principale che conferisce alla marijuana i suoi effetti, i cannabinoidi progettati sono miscele sintetiche che supportano i recettori dei cannabinoidi del cervello. I consumatori di spezie affermano di aver avuto effetti simili a quelli della marijuana, una pianta che contiene diversi cannabinoidi. <a href=\"https:\/\/www.google.com\/search?q=Acquista+K2+Incense+Spray+SPICE+online&amp;sca_esv=eddefdb7b92e7545&amp;sxsrf=AHTn8zrsn8l2BO4--z5aDDViU_wjcw44_g1743665693000&amp;ei=HDruZ7rnPPKg0PEP6KPh6A8&amp;ved=0ahUKEwi65fPxrLuMAxVyEDQIHehRGP0Q4dUDCBA&amp;uact=5&amp;oq=Acquista+K2+Incense+Spray+SPICE+online&amp;gs_lp=Egxnd3Mtd2l6LXNlcnAiKEFjcXVpc3RhIEsyIEluY2Vuc2UgU3ByYXkgKFNQSUNFKSBvbmxpbmVIrQRQAFgAcAB4AJABAJgB_QKgAf0CqgEDMy0xuAEDyAEA-AEC-AEBmAIAoAIAmAMAkgcAoAdcsgcAuAcA&amp;sclient=gws-wiz-serp\">K2<\/a> e flavor sono due parole che si riferiscono a una serie di farmaci da prescrizione chiamati cannabis \"ingegnerizzata\" o \"creata\". Sono fatti di parti di piante disidratate che sono state spruzzate con composti sintetici che hanno la capacit\u00e0 di cambiare idea alle persone. Questi farmaci sintetizzati sono stati inizialmente predisposti dagli analisti per scopi di test. <a href=\"https:\/\/legitgrams.com\/it\/\">LegitGrams<\/a><\/p>\n<h3>K2 Incense Spray (SPICE) pu\u00f2 essere acquistato online.<\/h3>\n<p>Inoltre, il K2 pu\u00f2 essere acquistato in forma liquida per l'uso nelle sigarette elettroniche. Pu\u00f2 anche essere fumato in pipe, canne o trasformato in un t\u00e8. Dopodich\u00e9, il K2 viene spruzzato su fibre liquide, carta e piante. Le ragioni principali per cui le persone fumano Spice sono le sue note caratteristiche e la sua modestia, anche se pu\u00f2 avere effetti simili a quelli della marijuana. Questa sostanza \u00e8 solitamente venduta come sostanza vegetale. Tuttavia, forniamo un eccezionale sapore di K2 e ognuno dei nostri mix personalizzati \u00e8 conforme alle leggi vigenti. Potente incenso alle erbe K2 per risvegliare i sensi: acquista incenso alle erbe online! A differenza di altri commercianti che offrono miscele senza vita senza articoli di imitazione potenti, la nostra qualit\u00e0 parla da sola quando acquisti K2 da noi senza problemi! Ci distinguiamo dagli altri rivenditori di erbe zing offrendo incenso alle erbe di alta qualit\u00e0. Flavor, noto anche come Marijuana sintetica, Erba sintetica o K2, \u00e8 uno spray di incenso prodotto che contiene molti aromi e sostanze chimiche finte. <a href=\"https:\/\/duckduckgo.com\/?q=Acquista+K2+Incense+Spray+(SPICE)+online&amp;t=h_&amp;ia=web\">K2 liquido su carta<\/a>. Acquista incenso liquido e K2 Spray online. Ricevi a casa tua carta K2 zing di prima qualit\u00e0 effettuando un ordine online. Sei nel negozio giusto. per organizzare la distribuzione online di E-Liquid sprinkles e liquidi di incenso locali K2. Forniamo i dominatori localizzati di liquido K2 al prezzo pi\u00f9 conveniente per soddisfare le esigenze di ogni cliente negli Stati Uniti e in tutto il mondo. Un altro uso degno di nota \u00e8 quello di creare una doccia K2; quindi, verr\u00e0 solitamente utilizzato per via topica. \u00c8 davvero essenziale. \"Aroma\" o \"K2\" sono altri nomi per i cannabinoidi artificiali che sono stati resi disponibili per la prima volta negli Stati Uniti negli anni 2000. autentico documento K2 High Spice. La migliore carta mista K2 disponibile online \u00e8 quella che forniamo. Ottienila subito. Cosa sono i K2, Spice o i cannabinoidi artificiali, un altro nome per la marijuana sintetica? Abbiamo il miglior incenso locale online accessibile.<\/p>\n<p>Acquista K2 <a href=\"https:\/\/en.wikipedia.org\/wiki\/Incense\">Incenso<\/a> Spray, il K2, il liquido K2 nelle prigioni, l'incenso alle erbe Bizarro e l'incenso liquido K2. acquista K2 Spice Spray, droga K2, cannabis sintetica, marijuana sintetica, dove acquistare gocce liquide K2, spezie liquide K2 e come applicare il liquido K2 sulla carta Dove posso acquistare spray K2, e-liquid K2, spray liquido K2 e incenso Bizarro? Acquisti online per Bizarro K2 Liquid Spray K2 Weed, K2 Chemical, K2 Spray, K2 Incense, K2 Spray su carta, K2 Spray in vendita e K2 Liquid Bizarro K2 spray su carta, incenso liquido Diablo, incenso alle erbe Diablo, incenso alle erbe Diablo in vendita, acquista, acquista, sicuro, online, Diablo, erba K2, spray K2, K2, Diablo K2, K2 in vendita, cannabis sintetica.<\/p>\n<p>&nbsp;<\/p>","protected":false},"excerpt":{"rendered":"<p>K2 Incense Spray: Purchase Online Purchase K2 Incense Spray: We also sell K2 paper. There are colorless and odorless types of K2 spray available. It takes 25ml to spray a whole A4 sheet of paper. K2 Incense Spray (SPICE) can be bought online. The two main words used to describe synthetic marijuana are taste and &hellip;<\/p>\n<p class=\"read-more\"> <a class=\"\" href=\"https:\/\/legitgrams.com\/it\/prodotto\/k2-incenso-spray-speziato\/\"> <span class=\"screen-reader-text\">Acquista K2 Incense Spray (SPICE) online<\/span> Leggi tutto \"<\/a><\/p>","protected":false},"featured_media":5341,"comment_status":"open","ping_status":"closed","template":"","meta":{"_uag_custom_page_level_css":"","site-sidebar-layout":"default","site-content-layout":"default","ast-global-header-display":"","ast-main-header-display":"","ast-hfb-above-header-display":"","ast-hfb-below-header-display":"","ast-hfb-mobile-header-display":"","site-post-title":"","ast-breadcrumbs-content":"","ast-featured-img":"","footer-sml-layout":"","theme-transparent-header-meta":"default","adv-header-id-meta":"","stick-header-meta":"default","header-above-stick-meta":"","header-main-stick-meta":"","header-below-stick-meta":"","_joinchat":[]},"product_brand":[],"product_cat":[602],"product_tag":[1614,1604,617,1596,1611,1608,1603,1595,1598,1599,1606,1597,1609,1616,1617,1615,1607,1612,1601,1613,1610,625,1602,1605,1600],"class_list":{"0":"post-4251","1":"product","2":"type-product","3":"status-publish","4":"has-post-thumbnail","6":"product_cat-k2-paper-and-spray","7":"product_tag-best-cheap-price-k2-incense-spray-spice","8":"product_tag-best-place-to-buy-k2-incense-spray-spice","9":"product_tag-bulk-online","10":"product_tag-buy-k2-incense-spray-spice","11":"product_tag-cheap-k2-incense-spray-spice","12":"product_tag-high-quality-k2-incense-spray-spice","13":"product_tag-how-to-buy-k2-incense-spray-spice","14":"product_tag-k2-incense-spray-spice","15":"product_tag-k2-incense-spray-spice-for-sale","16":"product_tag-k2-incense-spray-spice-k2-incense-spray-spice-supplier","17":"product_tag-k2-incense-spray-spice-legally","18":"product_tag-k2-incense-spray-spice-online","19":"product_tag-k2-incense-spray-spice-store","20":"product_tag-k2-incense-spray-spice-use","21":"product_tag-k2-incense-spray-spice-wiki","22":"product_tag-k2-incense-spray-spice-worldwide","23":"product_tag-k2-incense-spray-spiceprice","24":"product_tag-k2-incense-spray-spices","25":"product_tag-order-k2-incense-spray-spice","26":"product_tag-purcharse-k2-incense-spray-spice","27":"product_tag-shop-k2-incense-spray-spice","28":"product_tag-top-quality","29":"product_tag-where-to-buy-k2-incense-spray-spice","30":"product_tag-where-to-order-k2-incense-spray-spice","31":"product_tag-wholesale-k2-incense-spray-spice","32":"desktop-align-left","33":"tablet-align-left","34":"mobile-align-left","35":"ast-product-gallery-layout-horizontal","36":"ast-product-gallery-with-no-image","37":"ast-product-single-variable","38":"ast-product-tabs-layout-horizontal","39":"ast-qv-on-image","41":"first","42":"instock","43":"featured","44":"shipping-taxable","45":"purchasable","46":"product-type-variable"},"yoast_head":"<!-- This site is optimized with the Yoast SEO plugin v25.9 - https:\/\/yoast.com\/wordpress\/plugins\/seo\/ -->\n<title>K2 Incense Spray for Sale - Order K2 Incense Spray Online | LG<\/title>\n<meta name=\"description\" content=\"At our Legitgrams, you can get K2 Incense Spray for sale at cheap rates. We deal with A-grade quality products only. Buy K2 Incense Spray online from our store now with fast &amp; secure shipping service.\" \/>\n<meta name=\"robots\" content=\"index, follow, max-snippet:-1, max-image-preview:large, max-video-preview:-1\" \/>\n<link rel=\"canonical\" href=\"https:\/\/legitgrams.com\/it\/prodotto\/k2-incenso-spray-speziato\/\" \/>\n<meta property=\"og:locale\" content=\"it_IT\" \/>\n<meta property=\"og:type\" content=\"article\" \/>\n<meta property=\"og:title\" content=\"K2 Incense Spray for Sale - Order K2 Incense Spray Online | LG\" \/>\n<meta property=\"og:description\" content=\"At our Legitgrams, you can get K2 Incense Spray for sale at cheap rates. We deal with A-grade quality products only. Buy K2 Incense Spray online from our store now with fast &amp; secure shipping service.\" \/>\n<meta property=\"og:url\" content=\"https:\/\/legitgrams.com\/it\/prodotto\/k2-incenso-spray-speziato\/\" \/>\n<meta property=\"og:site_name\" content=\"Legit Grams\" \/>\n<meta property=\"article:modified_time\" content=\"2025-03-05T09:21:49+00:00\" \/>\n<meta property=\"og:image\" content=\"https:\/\/legitgrams.com\/wp-content\/uploads\/2024\/09\/buy-k2-incense-spray-spice.jpg\" \/>\n\t<meta property=\"og:image:width\" content=\"600\" \/>\n\t<meta property=\"og:image:height\" content=\"600\" \/>\n\t<meta property=\"og:image:type\" content=\"image\/jpeg\" \/>\n<meta name=\"twitter:card\" content=\"summary_large_image\" \/>\n<meta name=\"twitter:label1\" content=\"Tempo di lettura stimato\" \/>\n\t<meta name=\"twitter:data1\" content=\"3 minuti\" \/>\n<script type=\"application\/ld+json\" class=\"yoast-schema-graph\">{\"@context\":\"https:\/\/schema.org\",\"@graph\":[{\"@type\":\"WebPage\",\"@id\":\"https:\/\/legitgrams.com\/product\/k2-incense-spray-spice\/\",\"url\":\"https:\/\/legitgrams.com\/product\/k2-incense-spray-spice\/\",\"name\":\"K2 Incense Spray for Sale - Order K2 Incense Spray Online | LG\",\"isPartOf\":{\"@id\":\"https:\/\/legitgrams.com\/#website\"},\"primaryImageOfPage\":{\"@id\":\"https:\/\/legitgrams.com\/product\/k2-incense-spray-spice\/#primaryimage\"},\"image\":{\"@id\":\"https:\/\/legitgrams.com\/product\/k2-incense-spray-spice\/#primaryimage\"},\"thumbnailUrl\":\"https:\/\/legitgrams.com\/wp-content\/uploads\/2024\/09\/buy-k2-incense-spray-spice.jpg\",\"datePublished\":\"2024-09-22T07:18:59+00:00\",\"dateModified\":\"2025-03-05T09:21:49+00:00\",\"description\":\"At our Legitgrams, you can get K2 Incense Spray for sale at cheap rates. We deal with A-grade quality products only. Buy K2 Incense Spray online from our store now with fast & secure shipping service.\",\"breadcrumb\":{\"@id\":\"https:\/\/legitgrams.com\/product\/k2-incense-spray-spice\/#breadcrumb\"},\"inLanguage\":\"it-IT\",\"potentialAction\":[{\"@type\":\"ReadAction\",\"target\":[\"https:\/\/legitgrams.com\/product\/k2-incense-spray-spice\/\"]}]},{\"@type\":\"ImageObject\",\"inLanguage\":\"it-IT\",\"@id\":\"https:\/\/legitgrams.com\/product\/k2-incense-spray-spice\/#primaryimage\",\"url\":\"https:\/\/legitgrams.com\/wp-content\/uploads\/2024\/09\/buy-k2-incense-spray-spice.jpg\",\"contentUrl\":\"https:\/\/legitgrams.com\/wp-content\/uploads\/2024\/09\/buy-k2-incense-spray-spice.jpg\",\"width\":600,\"height\":600,\"caption\":\"K2 Incense Spray for Sale\"},{\"@type\":\"BreadcrumbList\",\"@id\":\"https:\/\/legitgrams.com\/product\/k2-incense-spray-spice\/#breadcrumb\",\"itemListElement\":[{\"@type\":\"ListItem\",\"position\":1,\"name\":\"Home\",\"item\":\"https:\/\/legitgrams.com\/\"},{\"@type\":\"ListItem\",\"position\":2,\"name\":\"Shop\",\"item\":\"https:\/\/legitgrams.com\/shop\/\"},{\"@type\":\"ListItem\",\"position\":3,\"name\":\"Buy K2 Incense Spray (SPICE) Online\"}]},{\"@type\":\"WebSite\",\"@id\":\"https:\/\/legitgrams.com\/#website\",\"url\":\"https:\/\/legitgrams.com\/\",\"name\":\"Legit Grams\",\"description\":\"My WordPress Blog\",\"publisher\":{\"@id\":\"https:\/\/legitgrams.com\/#organization\"},\"potentialAction\":[{\"@type\":\"SearchAction\",\"target\":{\"@type\":\"EntryPoint\",\"urlTemplate\":\"https:\/\/legitgrams.com\/?s={search_term_string}\"},\"query-input\":{\"@type\":\"PropertyValueSpecification\",\"valueRequired\":true,\"valueName\":\"search_term_string\"}}],\"inLanguage\":\"it-IT\"},{\"@type\":\"Organization\",\"@id\":\"https:\/\/legitgrams.com\/#organization\",\"name\":\"Legit Grams\",\"url\":\"https:\/\/legitgrams.com\/\",\"logo\":{\"@type\":\"ImageObject\",\"inLanguage\":\"it-IT\",\"@id\":\"https:\/\/legitgrams.com\/#\/schema\/logo\/image\/\",\"url\":\"https:\/\/legitgrams.com\/wp-content\/uploads\/2024\/09\/main-logo.png\",\"contentUrl\":\"https:\/\/legitgrams.com\/wp-content\/uploads\/2024\/09\/main-logo.png\",\"width\":270,\"height\":75,\"caption\":\"Legit Grams\"},\"image\":{\"@id\":\"https:\/\/legitgrams.com\/#\/schema\/logo\/image\/\"}}]}<\/script>\n<!-- \/ Yoast SEO plugin. -->","yoast_head_json":{"title":"K2 Incense Spray in vendita - Ordina K2 Incense Spray online | LG","description":"Presso il nostro Legitgrams, \u00e8 possibile ottenere K2 Incense Spray in vendita a prezzi economici. Ci occupiamo solo di prodotti di qualit\u00e0 A-grade. Acquista K2 Incense Spray online dal nostro negozio ora con il servizio di spedizione veloce e sicuro.","robots":{"index":"index","follow":"follow","max-snippet":"max-snippet:-1","max-image-preview":"max-image-preview:large","max-video-preview":"max-video-preview:-1"},"canonical":"https:\/\/legitgrams.com\/it\/prodotto\/k2-incenso-spray-speziato\/","og_locale":"it_IT","og_type":"article","og_title":"K2 Incense Spray for Sale - Order K2 Incense Spray Online | LG","og_description":"At our Legitgrams, you can get K2 Incense Spray for sale at cheap rates. We deal with A-grade quality products only. Buy K2 Incense Spray online from our store now with fast & secure shipping service.","og_url":"https:\/\/legitgrams.com\/it\/prodotto\/k2-incenso-spray-speziato\/","og_site_name":"Legit Grams","article_modified_time":"2025-03-05T09:21:49+00:00","og_image":[{"width":600,"height":600,"url":"https:\/\/legitgrams.com\/wp-content\/uploads\/2024\/09\/buy-k2-incense-spray-spice.jpg","type":"image\/jpeg"}],"twitter_card":"summary_large_image","twitter_misc":{"Tempo di lettura stimato":"3 minuti"},"schema":{"@context":"https:\/\/schema.org","@graph":[{"@type":"WebPage","@id":"https:\/\/legitgrams.com\/product\/k2-incense-spray-spice\/","url":"https:\/\/legitgrams.com\/product\/k2-incense-spray-spice\/","name":"K2 Incense Spray in vendita - Ordina K2 Incense Spray online | LG","isPartOf":{"@id":"https:\/\/legitgrams.com\/#website"},"primaryImageOfPage":{"@id":"https:\/\/legitgrams.com\/product\/k2-incense-spray-spice\/#primaryimage"},"image":{"@id":"https:\/\/legitgrams.com\/product\/k2-incense-spray-spice\/#primaryimage"},"thumbnailUrl":"https:\/\/legitgrams.com\/wp-content\/uploads\/2024\/09\/buy-k2-incense-spray-spice.jpg","datePublished":"2024-09-22T07:18:59+00:00","dateModified":"2025-03-05T09:21:49+00:00","description":"Presso il nostro Legitgrams, \u00e8 possibile ottenere K2 Incense Spray in vendita a prezzi economici. Ci occupiamo solo di prodotti di qualit\u00e0 A-grade. Acquista K2 Incense Spray online dal nostro negozio ora con il servizio di spedizione veloce e sicuro.","breadcrumb":{"@id":"https:\/\/legitgrams.com\/product\/k2-incense-spray-spice\/#breadcrumb"},"inLanguage":"it-IT","potentialAction":[{"@type":"ReadAction","target":["https:\/\/legitgrams.com\/product\/k2-incense-spray-spice\/"]}]},{"@type":"ImageObject","inLanguage":"it-IT","@id":"https:\/\/legitgrams.com\/product\/k2-incense-spray-spice\/#primaryimage","url":"https:\/\/legitgrams.com\/wp-content\/uploads\/2024\/09\/buy-k2-incense-spray-spice.jpg","contentUrl":"https:\/\/legitgrams.com\/wp-content\/uploads\/2024\/09\/buy-k2-incense-spray-spice.jpg","width":600,"height":600,"caption":"K2 Incense Spray for Sale"},{"@type":"BreadcrumbList","@id":"https:\/\/legitgrams.com\/product\/k2-incense-spray-spice\/#breadcrumb","itemListElement":[{"@type":"ListItem","position":1,"name":"Home","item":"https:\/\/legitgrams.com\/"},{"@type":"ListItem","position":2,"name":"Shop","item":"https:\/\/legitgrams.com\/shop\/"},{"@type":"ListItem","position":3,"name":"Buy K2 Incense Spray (SPICE) Online"}]},{"@type":"WebSite","@id":"https:\/\/legitgrams.com\/#website","url":"https:\/\/legitgrams.com\/","name":"Grammi legittimi","description":"Il mio blog WordPress","publisher":{"@id":"https:\/\/legitgrams.com\/#organization"},"potentialAction":[{"@type":"SearchAction","target":{"@type":"EntryPoint","urlTemplate":"https:\/\/legitgrams.com\/?s={search_term_string}"},"query-input":{"@type":"PropertyValueSpecification","valueRequired":true,"valueName":"search_term_string"}}],"inLanguage":"it-IT"},{"@type":"Organization","@id":"https:\/\/legitgrams.com\/#organization","name":"Grammi legittimi","url":"https:\/\/legitgrams.com\/","logo":{"@type":"ImageObject","inLanguage":"it-IT","@id":"https:\/\/legitgrams.com\/#\/schema\/logo\/image\/","url":"https:\/\/legitgrams.com\/wp-content\/uploads\/2024\/09\/main-logo.png","contentUrl":"https:\/\/legitgrams.com\/wp-content\/uploads\/2024\/09\/main-logo.png","width":270,"height":75,"caption":"Legit Grams"},"image":{"@id":"https:\/\/legitgrams.com\/#\/schema\/logo\/image\/"}}]}},"uagb_featured_image_src":{"full":["https:\/\/legitgrams.com\/wp-content\/uploads\/2024\/09\/buy-k2-incense-spray-spice.jpg",600,600,false],"thumbnail":["https:\/\/legitgrams.com\/wp-content\/uploads\/2024\/09\/buy-k2-incense-spray-spice-150x150.jpg",150,150,true],"medium":["https:\/\/legitgrams.com\/wp-content\/uploads\/2024\/09\/buy-k2-incense-spray-spice-300x300.jpg",300,300,true],"medium_large":["https:\/\/legitgrams.com\/wp-content\/uploads\/2024\/09\/buy-k2-incense-spray-spice.jpg",600,600,false],"large":["https:\/\/legitgrams.com\/wp-content\/uploads\/2024\/09\/buy-k2-incense-spray-spice.jpg",600,600,false],"1536x1536":["https:\/\/legitgrams.com\/wp-content\/uploads\/2024\/09\/buy-k2-incense-spray-spice.jpg",600,600,false],"2048x2048":["https:\/\/legitgrams.com\/wp-content\/uploads\/2024\/09\/buy-k2-incense-spray-spice.jpg",600,600,false],"trp-custom-language-flag":["https:\/\/legitgrams.com\/wp-content\/uploads\/2024\/09\/buy-k2-incense-spray-spice-12x12.jpg",12,12,true],"woocommerce_thumbnail":["https:\/\/legitgrams.com\/wp-content\/uploads\/2024\/09\/buy-k2-incense-spray-spice-300x300.jpg",300,300,true],"woocommerce_single":["https:\/\/legitgrams.com\/wp-content\/uploads\/2024\/09\/buy-k2-incense-spray-spice.jpg",600,600,false],"woocommerce_gallery_thumbnail":["https:\/\/legitgrams.com\/wp-content\/uploads\/2024\/09\/buy-k2-incense-spray-spice-100x100.jpg",100,100,true]},"uagb_author_info":{"display_name":"cokeblog18","author_link":"https:\/\/legitgrams.com\/it\/author\/"},"uagb_comment_info":0,"uagb_excerpt":"K2 Incense Spray: Purchase Online Purchase K2 Incense Spray: We also sell K2 paper. There are colorless and odorless types of K2 spray available. It takes 25ml to spray a whole A4 sheet of paper. K2 Incense Spray (SPICE) can be bought online. The two main words used to describe synthetic marijuana are taste and&hellip;","_links":{"self":[{"href":"https:\/\/legitgrams.com\/it\/wp-json\/wp\/v2\/product\/4251","targetHints":{"allow":["GET"]}}],"collection":[{"href":"https:\/\/legitgrams.com\/it\/wp-json\/wp\/v2\/product"}],"about":[{"href":"https:\/\/legitgrams.com\/it\/wp-json\/wp\/v2\/types\/product"}],"replies":[{"embeddable":true,"href":"https:\/\/legitgrams.com\/it\/wp-json\/wp\/v2\/comments?post=4251"}],"wp:featuredmedia":[{"embeddable":true,"href":"https:\/\/legitgrams.com\/it\/wp-json\/wp\/v2\/media\/5341"}],"wp:attachment":[{"href":"https:\/\/legitgrams.com\/it\/wp-json\/wp\/v2\/media?parent=4251"}],"wp:term":[{"taxonomy":"product_brand","embeddable":true,"href":"https:\/\/legitgrams.com\/it\/wp-json\/wp\/v2\/product_brand?post=4251"},{"taxonomy":"product_cat","embeddable":true,"href":"https:\/\/legitgrams.com\/it\/wp-json\/wp\/v2\/product_cat?post=4251"},{"taxonomy":"product_tag","embeddable":true,"href":"https:\/\/legitgrams.com\/it\/wp-json\/wp\/v2\/product_tag?post=4251"}],"curies":[{"name":"wp","href":"https:\/\/api.w.org\/{rel}","templated":true}]}}