{"id":4254,"date":"2024-09-22T07:33:20","date_gmt":"2024-09-22T07:33:20","guid":{"rendered":"https:\/\/legitgrams.com\/?post_type=product&#038;p=4254"},"modified":"2025-01-14T10:48:38","modified_gmt":"2025-01-14T10:48:38","slug":"psilocybe-utopia","status":"publish","type":"product","link":"https:\/\/legitgrams.com\/it\/prodotto\/psilocybe-utopia\/","title":{"rendered":"Psilocybe Utopia"},"content":{"rendered":"<h2>Acquista online Psilocybe Utopia<br \/>\nCome mantenere freschi e conservare i tartufi magici<\/h2>\n<p>I tartufi magici devono essere sempre conservati nel loro contenitore sottovuoto e non aperto in frigorifero tra 2 e 4 \u00b0C. Se i tartufi vengono conservati in questo modo, dureranno fino alla data di scadenza. Una volta rotta la barriera del sottovuoto, i tartufi possono essere conservati fino a due giorni senza perdere la loro potenza.<\/p>\n<h3>Effetti del tartufo magico<\/h3>\n<p>Nei Tartufi Magici, psilocina e <a href=\"https:\/\/legitgrams.com\/it\/prodotto\/psilocybe-utopia\/\">psilocibina<\/a> sono gli ingredienti attivi. Entrambe le sostanze sono prontamente assorbite dall'organismo e conferiscono ai Magic Truffles le loro propriet\u00e0 allucinogene.<\/p>\n<p>Mangiare Tartufi Magici pu\u00f2 farvi sentire felici e inebriati in piccole quantit\u00e0. Quando si \u00e8 in questo stato d'animo, si riesce comunque a comunicare facilmente e a rimanere consapevoli di ci\u00f2 che ci circonda. Se assunti in quantit\u00e0 maggiori, i tartufi magici alterano la realt\u00e0 e possono provocare allucinazioni.<\/p>\n<p>Dopo 30 minuti (o talvolta anche 10 minuti) dall'ingestione, i Magic Truffles iniziano a fare effetto. Palmi sudati, sospiri, brividi, sensazione di irrequietezza e nausea sono alcuni esempi di questi effetti collaterali. Il viaggio progredisce verso il piacere e la felicit\u00e0 man mano che gli effetti diventano pi\u00f9 forti, anche se l'ansia pu\u00f2 colpire. I possibili effetti collaterali includono legami intimi con i compagni psiconauti, allucinazioni e visioni.<\/p>\n<p>Gli effetti dei Magic Truffles diventano normalmente pi\u00f9 consistenti e smettono di aumentare dopo un'ora. Di solito durano tra le tre e le cinque ore, a seconda della quantit\u00e0 ingerita. Dopo di che gli effetti si esauriscono in una o due ore. Questo affievolimento avviene spesso a ondate, il che potrebbe, prima che gli impatti tornino a salire, indicare che il viaggio sta per concludersi. Per questo motivo, assicuratevi di aver pianificato tutto e di non avere altri impegni il giorno in cui vi imbatterete nel tartufo.<\/p>\n<p>Durante la prima ora di viaggio si pu\u00f2 avvertire un senso di nausea o di vomito. Di solito, quando i benefici dei tartufi magici si intensificano, questa sensazione si attenua.<\/p>\n<p>L'ambiente e il vostro stato d'animo giocano un ruolo fondamentale in ci\u00f2 che vedete e sperimentate durante un'escursione con il Tartufo Magico. Le vostre esperienze sono fortemente influenzate dal vostro stato emotivo nei giorni precedenti il viaggio e dall'ambiente in cui vi recate. Una settimana frenetica e impegnativa pu\u00f2 concludersi con una vacanza un po' nervosa e tesa, con una prospettiva e un vigore nuovi.<\/p>\n<p>In conclusione, utilizzate i Tartufi Magici solo quando siete calmi e in equilibrio mentale. I Magic Truffles devono essere consumati solo in un ambiente tranquillo e familiare, possibilmente con persone di cui ci si pu\u00f2 fidare. Quando si \u00e8 in giro per la citt\u00e0, non c'\u00e8 niente di pi\u00f9 fastidioso di una discussione tra persone.<\/p>\n<h3>Quantit\u00e0 di tartufi magici<\/h3>\n<p>I tartufi con Utopia Magic sono estremamente potenti. Usatene solo una piccola dose e solo per i principianti!<\/p>\n<p>Assumere da 0,2 a 0,5 grammi di Magic Truffles a persona come microdose.<\/p>\n<p>Assumere 5-7 grammi di Magic Truffles a persona per un viaggio leggero.<\/p>\n<p>Assumere 10 grammi di Magic Truffles a persona per un'esperienza intensa.<\/p>\n<p>Assumere 15 grammi di Magic Truffles a persona per un'esperienza intensa.<\/p>\n<h3>Utilizzare i tartufi magici<\/h3>\n<p>Consumare tartufi magici crudi. Per quanto riguarda il consumo di tartufi magici non cotti. Assumere a stomaco vuoto per ottenere risultati ottimali. Assicurarsi di consumare l'ultimo pasto almeno due o quattro ore prima del viaggio. Si consiglia di evitare di bere qualsiasi cosa contenente caffeina.<\/p>\n<p>Masticare accuratamente i tartufi per favorire l'assorbimento degli ingredienti psichedelici da parte dell'organismo e prevenire i malesseri.<\/p>\n<p>Non amate il sapore del tartufo magico? Per nascondere il sapore, mangiate i tartufi in una zuppa, con del t\u00e8 o con una manciata di mandorle. La forza dei tartufi \u00e8 compromessa se vengono bolliti. <a href=\"https:\/\/legitgrams.com\/it\/\">LegitGrams<\/a><\/p>\n<p>Utopia Psilocybe<\/p>\n<p>Attenzione!<\/p>\n<p>Non mescolare con alcol o altre droghe.<\/p>\n<p>Utilizzare da solo o in combinazione con altri farmaci o inibitori delle MAO.<\/p>\n<p>Usare con cautela se si \u00e8 depressi o soggetti a psicosi.<\/p>\n<p>Usare cautela se si \u00e8 in attesa o si sta allattando un bambino.<\/p>\n<p>Usare solo se si \u00e8 maggiorenni.<\/p>\n<h3>Fatti casuali<\/h3>\n<p>I tartufi, noti anche come sclerozi, sono prodotti vivi. \u00c8 probabile che la confezione contenga aria intrappolata, in particolare CO2. Di conseguenza, l'esterno dei tartufi inizier\u00e0 a sviluppare dei \"peli\" bianchi e gli sclerozi continueranno a crescere. Questo micelio dimostra la buona salute del tartufo. Non interferisce con il viaggio ed \u00e8 commestibile.<\/p>\n<p>Spore di <a href=\"https:\/\/en.wikipedia.org\/wiki\/Psilocybe\">Psilocybe utopia<\/a><\/p>","protected":false},"excerpt":{"rendered":"<p>Purchase Online Psilocybe Utopia How to keep magic truffles fresh and store them Magic Truffles should always be stored in their vacuum-sealed, unopened container in the refrigerator between 2 and 4 \u00b0C. If the truffles are stored this way, they will last until the best-before date. Once the vacuum barrier is broken, the truffles can &hellip;<\/p>\n<p class=\"read-more\"> <a class=\"\" href=\"https:\/\/legitgrams.com\/it\/prodotto\/psilocybe-utopia\/\"> <span class=\"screen-reader-text\">Psilocybe Utopia<\/span> Leggi tutto \"<\/a><\/p>","protected":false},"featured_media":5248,"comment_status":"open","ping_status":"closed","template":"","meta":{"_uag_custom_page_level_css":"","site-sidebar-layout":"default","site-content-layout":"default","ast-global-header-display":"","ast-main-header-display":"","ast-hfb-above-header-display":"","ast-hfb-below-header-display":"","ast-hfb-mobile-header-display":"","site-post-title":"","ast-breadcrumbs-content":"","ast-featured-img":"","footer-sml-layout":"","theme-transparent-header-meta":"default","adv-header-id-meta":"","stick-header-meta":"default","header-above-stick-meta":"","header-main-stick-meta":"","header-below-stick-meta":"","_joinchat":[]},"product_brand":[],"product_cat":[599],"product_tag":[1545,1535,617,1527,1542,1539,1534,1532,1526,1529,1537,1528,1530,1540,1547,1548,1546,1538,1543,1544,1541,625,1533,1536,1531],"class_list":{"0":"post-4254","1":"product","2":"type-product","3":"status-publish","4":"has-post-thumbnail","6":"product_cat-psilocybin-or-magic-mushrooms","7":"product_tag-best-cheap-price-psilocybe-utopia","8":"product_tag-best-place-to-buy-psilocybe-utopia","9":"product_tag-bulk-online","10":"product_tag-buy-psilocybe-utopia","11":"product_tag-cheap-psilocybe-utopia","12":"product_tag-high-quality-psilocybe-utopia","13":"product_tag-how-to-buy-psilocybe-utopia","14":"product_tag-order-psilocybe-utopia","15":"product_tag-psilocybe-utopia","16":"product_tag-psilocybe-utopia-for-sale","17":"product_tag-psilocybe-utopia-legally","18":"product_tag-psilocybe-utopia-online","19":"product_tag-psilocybe-utopia-psilocybe-utopia-supplier","20":"product_tag-psilocybe-utopia-store","21":"product_tag-psilocybe-utopia-use","22":"product_tag-psilocybe-utopia-wiki","23":"product_tag-psilocybe-utopia-worldwide","24":"product_tag-psilocybe-utopiaprice","25":"product_tag-psilocybe-utopias","26":"product_tag-purcharse-psilocybe-utopia","27":"product_tag-shop-psilocybe-utopia","28":"product_tag-top-quality","29":"product_tag-where-to-buy-psilocybe-utopia","30":"product_tag-where-to-order-psilocybe-utopia","31":"product_tag-wholesale-psilocybe-utopia","32":"desktop-align-left","33":"tablet-align-left","34":"mobile-align-left","35":"ast-product-gallery-layout-horizontal","36":"ast-product-gallery-with-no-image","37":"ast-product-single-variable","38":"ast-product-tabs-layout-horizontal","39":"ast-qv-on-image","41":"first","42":"instock","43":"shipping-taxable","44":"purchasable","45":"product-type-variable"},"yoast_head":"<!-- This site is optimized with the Yoast SEO plugin v25.9 - https:\/\/yoast.com\/wordpress\/plugins\/seo\/ -->\n<title>Psilocybe Utopia for Sale - Order Psilocybe Utopia Online<\/title>\n<meta name=\"description\" content=\"Find premium psilocybe utopia for sale at our online store, providing a secure platform to buy psilocybe utopia online with ease, catering to your research needs.\" \/>\n<meta name=\"robots\" content=\"index, follow, max-snippet:-1, max-image-preview:large, max-video-preview:-1\" \/>\n<link rel=\"canonical\" href=\"https:\/\/legitgrams.com\/it\/prodotto\/psilocybe-utopia\/\" \/>\n<meta property=\"og:locale\" content=\"it_IT\" \/>\n<meta property=\"og:type\" content=\"article\" \/>\n<meta property=\"og:title\" content=\"Psilocybe Utopia for Sale - Order Psilocybe Utopia Online\" \/>\n<meta property=\"og:description\" content=\"Find premium psilocybe utopia for sale at our online store, providing a secure platform to buy psilocybe utopia online with ease, catering to your research needs.\" \/>\n<meta property=\"og:url\" content=\"https:\/\/legitgrams.com\/it\/prodotto\/psilocybe-utopia\/\" \/>\n<meta property=\"og:site_name\" content=\"Legit Grams\" \/>\n<meta property=\"article:modified_time\" content=\"2025-01-14T10:48:38+00:00\" \/>\n<meta property=\"og:image\" content=\"https:\/\/legitgrams.com\/wp-content\/uploads\/2024\/09\/psilocybe-utopiapsilocybin-or-magic-mushrooms.jpg\" \/>\n\t<meta property=\"og:image:width\" content=\"430\" \/>\n\t<meta property=\"og:image:height\" content=\"430\" \/>\n\t<meta property=\"og:image:type\" content=\"image\/jpeg\" \/>\n<meta name=\"twitter:card\" content=\"summary_large_image\" \/>\n<meta name=\"twitter:label1\" content=\"Tempo di lettura stimato\" \/>\n\t<meta name=\"twitter:data1\" content=\"4 minuti\" \/>\n<script type=\"application\/ld+json\" class=\"yoast-schema-graph\">{\"@context\":\"https:\/\/schema.org\",\"@graph\":[{\"@type\":\"WebPage\",\"@id\":\"https:\/\/legitgrams.com\/product\/psilocybe-utopia\/\",\"url\":\"https:\/\/legitgrams.com\/product\/psilocybe-utopia\/\",\"name\":\"Psilocybe Utopia for Sale - Order Psilocybe Utopia Online\",\"isPartOf\":{\"@id\":\"https:\/\/legitgrams.com\/#website\"},\"primaryImageOfPage\":{\"@id\":\"https:\/\/legitgrams.com\/product\/psilocybe-utopia\/#primaryimage\"},\"image\":{\"@id\":\"https:\/\/legitgrams.com\/product\/psilocybe-utopia\/#primaryimage\"},\"thumbnailUrl\":\"https:\/\/legitgrams.com\/wp-content\/uploads\/2024\/09\/psilocybe-utopiapsilocybin-or-magic-mushrooms.jpg\",\"datePublished\":\"2024-09-22T07:33:20+00:00\",\"dateModified\":\"2025-01-14T10:48:38+00:00\",\"description\":\"Find premium psilocybe utopia for sale at our online store, providing a secure platform to buy psilocybe utopia online with ease, catering to your research needs.\",\"breadcrumb\":{\"@id\":\"https:\/\/legitgrams.com\/product\/psilocybe-utopia\/#breadcrumb\"},\"inLanguage\":\"it-IT\",\"potentialAction\":[{\"@type\":\"ReadAction\",\"target\":[\"https:\/\/legitgrams.com\/product\/psilocybe-utopia\/\"]}]},{\"@type\":\"ImageObject\",\"inLanguage\":\"it-IT\",\"@id\":\"https:\/\/legitgrams.com\/product\/psilocybe-utopia\/#primaryimage\",\"url\":\"https:\/\/legitgrams.com\/wp-content\/uploads\/2024\/09\/psilocybe-utopiapsilocybin-or-magic-mushrooms.jpg\",\"contentUrl\":\"https:\/\/legitgrams.com\/wp-content\/uploads\/2024\/09\/psilocybe-utopiapsilocybin-or-magic-mushrooms.jpg\",\"width\":430,\"height\":430,\"caption\":\"Psilocybe Utopia for Sale\"},{\"@type\":\"BreadcrumbList\",\"@id\":\"https:\/\/legitgrams.com\/product\/psilocybe-utopia\/#breadcrumb\",\"itemListElement\":[{\"@type\":\"ListItem\",\"position\":1,\"name\":\"Home\",\"item\":\"https:\/\/legitgrams.com\/\"},{\"@type\":\"ListItem\",\"position\":2,\"name\":\"Shop\",\"item\":\"https:\/\/legitgrams.com\/shop\/\"},{\"@type\":\"ListItem\",\"position\":3,\"name\":\"Psilocybe Utopia\"}]},{\"@type\":\"WebSite\",\"@id\":\"https:\/\/legitgrams.com\/#website\",\"url\":\"https:\/\/legitgrams.com\/\",\"name\":\"Legit Grams\",\"description\":\"My WordPress Blog\",\"publisher\":{\"@id\":\"https:\/\/legitgrams.com\/#organization\"},\"potentialAction\":[{\"@type\":\"SearchAction\",\"target\":{\"@type\":\"EntryPoint\",\"urlTemplate\":\"https:\/\/legitgrams.com\/?s={search_term_string}\"},\"query-input\":{\"@type\":\"PropertyValueSpecification\",\"valueRequired\":true,\"valueName\":\"search_term_string\"}}],\"inLanguage\":\"it-IT\"},{\"@type\":\"Organization\",\"@id\":\"https:\/\/legitgrams.com\/#organization\",\"name\":\"Legit Grams\",\"url\":\"https:\/\/legitgrams.com\/\",\"logo\":{\"@type\":\"ImageObject\",\"inLanguage\":\"it-IT\",\"@id\":\"https:\/\/legitgrams.com\/#\/schema\/logo\/image\/\",\"url\":\"https:\/\/legitgrams.com\/wp-content\/uploads\/2024\/09\/main-logo.png\",\"contentUrl\":\"https:\/\/legitgrams.com\/wp-content\/uploads\/2024\/09\/main-logo.png\",\"width\":270,\"height\":75,\"caption\":\"Legit Grams\"},\"image\":{\"@id\":\"https:\/\/legitgrams.com\/#\/schema\/logo\/image\/\"}}]}<\/script>\n<!-- \/ Yoast SEO plugin. -->","yoast_head_json":{"title":"Vendita Psilocybe Utopia - Ordina Psilocybe Utopia online","description":"Trova psilocybe utopia premium in vendita nel nostro negozio online, che fornisce una piattaforma sicura per acquistare psilocybe utopia online con facilit\u00e0, soddisfacendo le tue esigenze di ricerca.","robots":{"index":"index","follow":"follow","max-snippet":"max-snippet:-1","max-image-preview":"max-image-preview:large","max-video-preview":"max-video-preview:-1"},"canonical":"https:\/\/legitgrams.com\/it\/prodotto\/psilocybe-utopia\/","og_locale":"it_IT","og_type":"article","og_title":"Psilocybe Utopia for Sale - Order Psilocybe Utopia Online","og_description":"Find premium psilocybe utopia for sale at our online store, providing a secure platform to buy psilocybe utopia online with ease, catering to your research needs.","og_url":"https:\/\/legitgrams.com\/it\/prodotto\/psilocybe-utopia\/","og_site_name":"Legit Grams","article_modified_time":"2025-01-14T10:48:38+00:00","og_image":[{"width":430,"height":430,"url":"https:\/\/legitgrams.com\/wp-content\/uploads\/2024\/09\/psilocybe-utopiapsilocybin-or-magic-mushrooms.jpg","type":"image\/jpeg"}],"twitter_card":"summary_large_image","twitter_misc":{"Tempo di lettura stimato":"4 minuti"},"schema":{"@context":"https:\/\/schema.org","@graph":[{"@type":"WebPage","@id":"https:\/\/legitgrams.com\/product\/psilocybe-utopia\/","url":"https:\/\/legitgrams.com\/product\/psilocybe-utopia\/","name":"Vendita Psilocybe Utopia - Ordina Psilocybe Utopia online","isPartOf":{"@id":"https:\/\/legitgrams.com\/#website"},"primaryImageOfPage":{"@id":"https:\/\/legitgrams.com\/product\/psilocybe-utopia\/#primaryimage"},"image":{"@id":"https:\/\/legitgrams.com\/product\/psilocybe-utopia\/#primaryimage"},"thumbnailUrl":"https:\/\/legitgrams.com\/wp-content\/uploads\/2024\/09\/psilocybe-utopiapsilocybin-or-magic-mushrooms.jpg","datePublished":"2024-09-22T07:33:20+00:00","dateModified":"2025-01-14T10:48:38+00:00","description":"Trova psilocybe utopia premium in vendita nel nostro negozio online, che fornisce una piattaforma sicura per acquistare psilocybe utopia online con facilit\u00e0, soddisfacendo le tue esigenze di ricerca.","breadcrumb":{"@id":"https:\/\/legitgrams.com\/product\/psilocybe-utopia\/#breadcrumb"},"inLanguage":"it-IT","potentialAction":[{"@type":"ReadAction","target":["https:\/\/legitgrams.com\/product\/psilocybe-utopia\/"]}]},{"@type":"ImageObject","inLanguage":"it-IT","@id":"https:\/\/legitgrams.com\/product\/psilocybe-utopia\/#primaryimage","url":"https:\/\/legitgrams.com\/wp-content\/uploads\/2024\/09\/psilocybe-utopiapsilocybin-or-magic-mushrooms.jpg","contentUrl":"https:\/\/legitgrams.com\/wp-content\/uploads\/2024\/09\/psilocybe-utopiapsilocybin-or-magic-mushrooms.jpg","width":430,"height":430,"caption":"Psilocybe Utopia for Sale"},{"@type":"BreadcrumbList","@id":"https:\/\/legitgrams.com\/product\/psilocybe-utopia\/#breadcrumb","itemListElement":[{"@type":"ListItem","position":1,"name":"Home","item":"https:\/\/legitgrams.com\/"},{"@type":"ListItem","position":2,"name":"Shop","item":"https:\/\/legitgrams.com\/shop\/"},{"@type":"ListItem","position":3,"name":"Psilocybe Utopia"}]},{"@type":"WebSite","@id":"https:\/\/legitgrams.com\/#website","url":"https:\/\/legitgrams.com\/","name":"Grammi legittimi","description":"Il mio blog WordPress","publisher":{"@id":"https:\/\/legitgrams.com\/#organization"},"potentialAction":[{"@type":"SearchAction","target":{"@type":"EntryPoint","urlTemplate":"https:\/\/legitgrams.com\/?s={search_term_string}"},"query-input":{"@type":"PropertyValueSpecification","valueRequired":true,"valueName":"search_term_string"}}],"inLanguage":"it-IT"},{"@type":"Organization","@id":"https:\/\/legitgrams.com\/#organization","name":"Grammi legittimi","url":"https:\/\/legitgrams.com\/","logo":{"@type":"ImageObject","inLanguage":"it-IT","@id":"https:\/\/legitgrams.com\/#\/schema\/logo\/image\/","url":"https:\/\/legitgrams.com\/wp-content\/uploads\/2024\/09\/main-logo.png","contentUrl":"https:\/\/legitgrams.com\/wp-content\/uploads\/2024\/09\/main-logo.png","width":270,"height":75,"caption":"Legit Grams"},"image":{"@id":"https:\/\/legitgrams.com\/#\/schema\/logo\/image\/"}}]}},"uagb_featured_image_src":{"full":["https:\/\/legitgrams.com\/wp-content\/uploads\/2024\/09\/psilocybe-utopiapsilocybin-or-magic-mushrooms.jpg",430,430,false],"thumbnail":["https:\/\/legitgrams.com\/wp-content\/uploads\/2024\/09\/psilocybe-utopiapsilocybin-or-magic-mushrooms-150x150.jpg",150,150,true],"medium":["https:\/\/legitgrams.com\/wp-content\/uploads\/2024\/09\/psilocybe-utopiapsilocybin-or-magic-mushrooms-300x300.jpg",300,300,true],"medium_large":["https:\/\/legitgrams.com\/wp-content\/uploads\/2024\/09\/psilocybe-utopiapsilocybin-or-magic-mushrooms.jpg",430,430,false],"large":["https:\/\/legitgrams.com\/wp-content\/uploads\/2024\/09\/psilocybe-utopiapsilocybin-or-magic-mushrooms.jpg",430,430,false],"1536x1536":["https:\/\/legitgrams.com\/wp-content\/uploads\/2024\/09\/psilocybe-utopiapsilocybin-or-magic-mushrooms.jpg",430,430,false],"2048x2048":["https:\/\/legitgrams.com\/wp-content\/uploads\/2024\/09\/psilocybe-utopiapsilocybin-or-magic-mushrooms.jpg",430,430,false],"trp-custom-language-flag":["https:\/\/legitgrams.com\/wp-content\/uploads\/2024\/09\/psilocybe-utopiapsilocybin-or-magic-mushrooms-12x12.jpg",12,12,true],"woocommerce_thumbnail":["https:\/\/legitgrams.com\/wp-content\/uploads\/2024\/09\/psilocybe-utopiapsilocybin-or-magic-mushrooms-300x300.jpg",300,300,true],"woocommerce_single":["https:\/\/legitgrams.com\/wp-content\/uploads\/2024\/09\/psilocybe-utopiapsilocybin-or-magic-mushrooms.jpg",430,430,false],"woocommerce_gallery_thumbnail":["https:\/\/legitgrams.com\/wp-content\/uploads\/2024\/09\/psilocybe-utopiapsilocybin-or-magic-mushrooms-100x100.jpg",100,100,true]},"uagb_author_info":{"display_name":"cokeblog18","author_link":"https:\/\/legitgrams.com\/it\/author\/"},"uagb_comment_info":0,"uagb_excerpt":"Purchase Online Psilocybe Utopia How to keep magic truffles fresh and store them Magic Truffles should always be stored in their vacuum-sealed, unopened container in the refrigerator between 2 and 4 \u00b0C. If the truffles are stored this way, they will last until the best-before date. Once the vacuum barrier is broken, the truffles can&hellip;","_links":{"self":[{"href":"https:\/\/legitgrams.com\/it\/wp-json\/wp\/v2\/product\/4254","targetHints":{"allow":["GET"]}}],"collection":[{"href":"https:\/\/legitgrams.com\/it\/wp-json\/wp\/v2\/product"}],"about":[{"href":"https:\/\/legitgrams.com\/it\/wp-json\/wp\/v2\/types\/product"}],"replies":[{"embeddable":true,"href":"https:\/\/legitgrams.com\/it\/wp-json\/wp\/v2\/comments?post=4254"}],"wp:featuredmedia":[{"embeddable":true,"href":"https:\/\/legitgrams.com\/it\/wp-json\/wp\/v2\/media\/5248"}],"wp:attachment":[{"href":"https:\/\/legitgrams.com\/it\/wp-json\/wp\/v2\/media?parent=4254"}],"wp:term":[{"taxonomy":"product_brand","embeddable":true,"href":"https:\/\/legitgrams.com\/it\/wp-json\/wp\/v2\/product_brand?post=4254"},{"taxonomy":"product_cat","embeddable":true,"href":"https:\/\/legitgrams.com\/it\/wp-json\/wp\/v2\/product_cat?post=4254"},{"taxonomy":"product_tag","embeddable":true,"href":"https:\/\/legitgrams.com\/it\/wp-json\/wp\/v2\/product_tag?post=4254"}],"curies":[{"name":"wp","href":"https:\/\/api.w.org\/{rel}","templated":true}]}}