{"id":4255,"date":"2024-09-22T07:36:52","date_gmt":"2024-09-22T07:36:52","guid":{"rendered":"https:\/\/legitgrams.com\/?post_type=product&#038;p=4255"},"modified":"2025-01-14T10:46:43","modified_gmt":"2025-01-14T10:46:43","slug":"psilocybe-baeocystis","status":"publish","type":"product","link":"https:\/\/legitgrams.com\/it\/prodotto\/psilocybe-baeocystis\/","title":{"rendered":"Psilocybe Baeocystis"},"content":{"rendered":"<h2>Acquista Psilocybe Baeocystis online<\/h2>\n<p>In sintesi, <a href=\"https:\/\/legitgrams.com\/it\/prodotto\/psilocybe-baeocystis\/\">Psilocybe baeocystis<\/a> Il nome deriva dalla sua caratteristica corona increspata; la parola baeo-cystis significa \"piccola vescica\", che \u00e8 l'aspetto del fungo quando \u00e8 giovane. Acquistare psilocybe baeocystis online. \u00c8 pi\u00f9 comunemente conosciuto con i nomi di \"tappi di bottiglia\", \"cime nodose\", \"campane blu\" o \"tappi d'oliva\", che sono tutte allusioni alle varie caratteristiche dei tappi. Quando viene trattato o invecchiato, il tappo si macchia rapidamente da un verde oliva, marrone castagna a un blu scuro lucido, insieme alle increspature ondulate. <a href=\"https:\/\/legitgrams.com\/it\/\">LegitGrams<\/a><\/p>\n<p>Questa specie \u00e8 un'anomalia relativa in quanto la sua potenza \u00e8 significativamente pi\u00f9 forte quando \u00e8 fresca e spesso diminuisce di almeno la met\u00e0 dopo l'essiccazione. Le concentrazioni estremamente elevate del precursore allucinogeno della psilocibina, la baeocistina, potrebbero esserne la causa.<\/p>\n<p>Spedizione internazionale per funghi magici e psichedelici. per maggiori informazioni<\/p>\n<h3>OTTIENI PSILOCYBE BAEOCYSTIS E FUNGHI MAGICI ONLINE<\/h3>\n<p>Il fungo che \u00e8 stato il primo ad essere identificato e registrato nel genere \u00e8 la fonte del nome di questo composto. Sebbene in genere a tassi molto pi\u00f9 bassi, \u00e8 molto apprezzato all'interno della comunit\u00e0 psilocybe.<\/p>\n<p>La molecola con lo stesso nome, P. baeocystis, presenta anche livelli di psilocina che sono tra i primi tre. Simile a P. cubensis, questa specie ha un contenuto di psilocibina da moderato a basso. Tuttavia, contiene anche una piccola ma notevole quantit\u00e0 di norbaeocistina, un alcaloide che \u00e8 simile agli altri. Tutto questo si combina per formare un fungo estremamente potente quando \u00e8 fresco: da uno a tre funghi, o fino a cinque grammi, sarebbero considerati una grande dose. Un grammo di materiale fornir\u00e0 effetti vividi quando essiccato.<\/p>\n<h3>In vendita: PSILOCYBE BAEOCYSTIS<\/h3>\n<p>Per il suo valore unico nella freschezza dei corpi fruttiferi e per la sua potenza generale, P. baeocystis \u00e8 una scelta poco comune ma vantaggiosa per la coltivazione domestica. La sua tolleranza al substrato \u00e8 piuttosto variabile, per cui sarebbe meglio utilizzare torba, pacciame e materiale a base di humus. Sebbene possa essere confusa con specie strettamente imparentate come P. cyanescens, P. aztecorum o P. quebecensis, il suo uso principale \u00e8 quello di una comune cultivar selvatica per ottenere la massima freschezza.<\/p>\n<p>Questa specie ha identificato una sostanza comune che aggiunge <a href=\"https:\/\/en.wikipedia.org\/wiki\/Psilocybe_cubensis\">psilocybe<\/a> la \"magia\" dei funghi. I campioni essiccati o, per i fortunati esploratori, freschi, garantiscono una sensazione potente.<\/p>\n<p>In vendita: Psilocybe Baeocystis<\/p>\n<p>Acquistare psichedelici online<\/p>\n<p>Acquisti psichedelici online<\/p>\n<p>Sostanza psichedelica<\/p>","protected":false},"excerpt":{"rendered":"<p>Purchase Psilocybe Baeocystis Online In summary, Psilocybe baeocystis is named from its characteristic rippling crown; the word baeo-cystis means &#8220;small-bladder,&#8221; which is how the fungus looks when it&#8217;s young. Buy psilocybe baeocystis online. It is more commonly found going by the names &#8220;bottle caps,&#8221; &#8220;knobby tops,&#8221; &#8220;blue bells,&#8221; or &#8220;olive caps,&#8221; which are all allusions &hellip;<\/p>\n<p class=\"read-more\"> <a class=\"\" href=\"https:\/\/legitgrams.com\/it\/prodotto\/psilocybe-baeocystis\/\"> <span class=\"screen-reader-text\">Psilocybe Baeocystis<\/span> Leggi tutto \"<\/a><\/p>","protected":false},"featured_media":5243,"comment_status":"open","ping_status":"closed","template":"","meta":{"_uag_custom_page_level_css":"","site-sidebar-layout":"default","site-content-layout":"default","ast-global-header-display":"","ast-main-header-display":"","ast-hfb-above-header-display":"","ast-hfb-below-header-display":"","ast-hfb-mobile-header-display":"","site-post-title":"","ast-breadcrumbs-content":"","ast-featured-img":"","footer-sml-layout":"","theme-transparent-header-meta":"default","adv-header-id-meta":"","stick-header-meta":"default","header-above-stick-meta":"","header-main-stick-meta":"","header-below-stick-meta":"","_joinchat":[]},"product_brand":[],"product_cat":[599],"product_tag":[1522,1512,617,1504,1519,1516,1511,1509,1503,1506,1514,1505,1507,1517,1524,1525,1523,1515,1520,1521,1518,625,1510,1513,1508],"class_list":{"0":"post-4255","1":"product","2":"type-product","3":"status-publish","4":"has-post-thumbnail","6":"product_cat-psilocybin-or-magic-mushrooms","7":"product_tag-best-cheap-price-psilocybe-baeocystis","8":"product_tag-best-place-to-buy-psilocybe-baeocystis","9":"product_tag-bulk-online","10":"product_tag-buy-psilocybe-baeocystis","11":"product_tag-cheap-psilocybe-baeocystis","12":"product_tag-high-quality-psilocybe-baeocystis","13":"product_tag-how-to-buy-psilocybe-baeocystis","14":"product_tag-order-psilocybe-baeocystis","15":"product_tag-psilocybe-baeocystis","16":"product_tag-psilocybe-baeocystis-for-sale","17":"product_tag-psilocybe-baeocystis-legally","18":"product_tag-psilocybe-baeocystis-online","19":"product_tag-psilocybe-baeocystis-psilocybe-baeocystis-supplier","20":"product_tag-psilocybe-baeocystis-store","21":"product_tag-psilocybe-baeocystis-use","22":"product_tag-psilocybe-baeocystis-wiki","23":"product_tag-psilocybe-baeocystis-worldwide","24":"product_tag-psilocybe-baeocystisprice","25":"product_tag-psilocybe-baeocystiss","26":"product_tag-purcharse-psilocybe-baeocystis","27":"product_tag-shop-psilocybe-baeocystis","28":"product_tag-top-quality","29":"product_tag-where-to-buy-psilocybe-baeocystis","30":"product_tag-where-to-order-psilocybe-baeocystis","31":"product_tag-wholesale-psilocybe-baeocystis","32":"desktop-align-left","33":"tablet-align-left","34":"mobile-align-left","35":"ast-product-gallery-layout-horizontal","36":"ast-product-gallery-with-no-image","37":"ast-product-single-variable","38":"ast-product-tabs-layout-horizontal","39":"ast-qv-on-image","41":"first","42":"instock","43":"shipping-taxable","44":"purchasable","45":"product-type-variable"},"yoast_head":"<!-- This site is optimized with the Yoast SEO plugin v25.9 - https:\/\/yoast.com\/wordpress\/plugins\/seo\/ -->\n<title>Psilocybe Baeocystis for Sale - Order Psilocybe Baeocystis Online<\/title>\n<meta name=\"description\" content=\"Explore our online store for Psilocybe Baeocystis for sale, offering high-quality Psilocybe Baeocystis. Buy Psilocybe Baeocystis online securely and embark on your research journey with confidence. Place your order now!\" \/>\n<meta name=\"robots\" content=\"index, follow, max-snippet:-1, max-image-preview:large, max-video-preview:-1\" \/>\n<link rel=\"canonical\" href=\"https:\/\/legitgrams.com\/it\/prodotto\/psilocybe-baeocystis\/\" \/>\n<meta property=\"og:locale\" content=\"it_IT\" \/>\n<meta property=\"og:type\" content=\"article\" \/>\n<meta property=\"og:title\" content=\"Psilocybe Baeocystis for Sale - Order Psilocybe Baeocystis Online\" \/>\n<meta property=\"og:description\" content=\"Explore our online store for Psilocybe Baeocystis for sale, offering high-quality Psilocybe Baeocystis. Buy Psilocybe Baeocystis online securely and embark on your research journey with confidence. Place your order now!\" \/>\n<meta property=\"og:url\" content=\"https:\/\/legitgrams.com\/it\/prodotto\/psilocybe-baeocystis\/\" \/>\n<meta property=\"og:site_name\" content=\"Legit Grams\" \/>\n<meta property=\"article:modified_time\" content=\"2025-01-14T10:46:43+00:00\" \/>\n<meta property=\"og:image\" content=\"https:\/\/legitgrams.com\/wp-content\/uploads\/2024\/09\/psilocybe-baeocystis-for-salepsilocybin-or-magic-mushrooms.jpg\" \/>\n\t<meta property=\"og:image:width\" content=\"430\" \/>\n\t<meta property=\"og:image:height\" content=\"430\" \/>\n\t<meta property=\"og:image:type\" content=\"image\/jpeg\" \/>\n<meta name=\"twitter:card\" content=\"summary_large_image\" \/>\n<meta name=\"twitter:label1\" content=\"Tempo di lettura stimato\" \/>\n\t<meta name=\"twitter:data1\" content=\"2 minuti\" \/>\n<script type=\"application\/ld+json\" class=\"yoast-schema-graph\">{\"@context\":\"https:\/\/schema.org\",\"@graph\":[{\"@type\":\"WebPage\",\"@id\":\"https:\/\/legitgrams.com\/product\/psilocybe-baeocystis\/\",\"url\":\"https:\/\/legitgrams.com\/product\/psilocybe-baeocystis\/\",\"name\":\"Psilocybe Baeocystis for Sale - Order Psilocybe Baeocystis Online\",\"isPartOf\":{\"@id\":\"https:\/\/legitgrams.com\/#website\"},\"primaryImageOfPage\":{\"@id\":\"https:\/\/legitgrams.com\/product\/psilocybe-baeocystis\/#primaryimage\"},\"image\":{\"@id\":\"https:\/\/legitgrams.com\/product\/psilocybe-baeocystis\/#primaryimage\"},\"thumbnailUrl\":\"https:\/\/legitgrams.com\/wp-content\/uploads\/2024\/09\/psilocybe-baeocystis-for-salepsilocybin-or-magic-mushrooms.jpg\",\"datePublished\":\"2024-09-22T07:36:52+00:00\",\"dateModified\":\"2025-01-14T10:46:43+00:00\",\"description\":\"Explore our online store for Psilocybe Baeocystis for sale, offering high-quality Psilocybe Baeocystis. Buy Psilocybe Baeocystis online securely and embark on your research journey with confidence. Place your order now!\",\"breadcrumb\":{\"@id\":\"https:\/\/legitgrams.com\/product\/psilocybe-baeocystis\/#breadcrumb\"},\"inLanguage\":\"it-IT\",\"potentialAction\":[{\"@type\":\"ReadAction\",\"target\":[\"https:\/\/legitgrams.com\/product\/psilocybe-baeocystis\/\"]}]},{\"@type\":\"ImageObject\",\"inLanguage\":\"it-IT\",\"@id\":\"https:\/\/legitgrams.com\/product\/psilocybe-baeocystis\/#primaryimage\",\"url\":\"https:\/\/legitgrams.com\/wp-content\/uploads\/2024\/09\/psilocybe-baeocystis-for-salepsilocybin-or-magic-mushrooms.jpg\",\"contentUrl\":\"https:\/\/legitgrams.com\/wp-content\/uploads\/2024\/09\/psilocybe-baeocystis-for-salepsilocybin-or-magic-mushrooms.jpg\",\"width\":430,\"height\":430,\"caption\":\"Psilocybe Baeocystis for Sale\"},{\"@type\":\"BreadcrumbList\",\"@id\":\"https:\/\/legitgrams.com\/product\/psilocybe-baeocystis\/#breadcrumb\",\"itemListElement\":[{\"@type\":\"ListItem\",\"position\":1,\"name\":\"Home\",\"item\":\"https:\/\/legitgrams.com\/\"},{\"@type\":\"ListItem\",\"position\":2,\"name\":\"Shop\",\"item\":\"https:\/\/legitgrams.com\/shop\/\"},{\"@type\":\"ListItem\",\"position\":3,\"name\":\"Psilocybe Baeocystis\"}]},{\"@type\":\"WebSite\",\"@id\":\"https:\/\/legitgrams.com\/#website\",\"url\":\"https:\/\/legitgrams.com\/\",\"name\":\"Legit Grams\",\"description\":\"My WordPress Blog\",\"publisher\":{\"@id\":\"https:\/\/legitgrams.com\/#organization\"},\"potentialAction\":[{\"@type\":\"SearchAction\",\"target\":{\"@type\":\"EntryPoint\",\"urlTemplate\":\"https:\/\/legitgrams.com\/?s={search_term_string}\"},\"query-input\":{\"@type\":\"PropertyValueSpecification\",\"valueRequired\":true,\"valueName\":\"search_term_string\"}}],\"inLanguage\":\"it-IT\"},{\"@type\":\"Organization\",\"@id\":\"https:\/\/legitgrams.com\/#organization\",\"name\":\"Legit Grams\",\"url\":\"https:\/\/legitgrams.com\/\",\"logo\":{\"@type\":\"ImageObject\",\"inLanguage\":\"it-IT\",\"@id\":\"https:\/\/legitgrams.com\/#\/schema\/logo\/image\/\",\"url\":\"https:\/\/legitgrams.com\/wp-content\/uploads\/2024\/09\/main-logo.png\",\"contentUrl\":\"https:\/\/legitgrams.com\/wp-content\/uploads\/2024\/09\/main-logo.png\",\"width\":270,\"height\":75,\"caption\":\"Legit Grams\"},\"image\":{\"@id\":\"https:\/\/legitgrams.com\/#\/schema\/logo\/image\/\"}}]}<\/script>\n<!-- \/ Yoast SEO plugin. -->","yoast_head_json":{"title":"Vendita Psilocybe Baeocystis - Ordina Psilocybe Baeocystis online","description":"Esplorate il nostro negozio online di Psilocybe Baeocystis in vendita, offrendo Psilocybe Baeocystis di alta qualit\u00e0. Acquistate Psilocybe Baeocystis online in modo sicuro e intraprendete il vostro viaggio di ricerca con fiducia. Effettuate subito l'ordine!","robots":{"index":"index","follow":"follow","max-snippet":"max-snippet:-1","max-image-preview":"max-image-preview:large","max-video-preview":"max-video-preview:-1"},"canonical":"https:\/\/legitgrams.com\/it\/prodotto\/psilocybe-baeocystis\/","og_locale":"it_IT","og_type":"article","og_title":"Psilocybe Baeocystis for Sale - Order Psilocybe Baeocystis Online","og_description":"Explore our online store for Psilocybe Baeocystis for sale, offering high-quality Psilocybe Baeocystis. Buy Psilocybe Baeocystis online securely and embark on your research journey with confidence. Place your order now!","og_url":"https:\/\/legitgrams.com\/it\/prodotto\/psilocybe-baeocystis\/","og_site_name":"Legit Grams","article_modified_time":"2025-01-14T10:46:43+00:00","og_image":[{"width":430,"height":430,"url":"https:\/\/legitgrams.com\/wp-content\/uploads\/2024\/09\/psilocybe-baeocystis-for-salepsilocybin-or-magic-mushrooms.jpg","type":"image\/jpeg"}],"twitter_card":"summary_large_image","twitter_misc":{"Tempo di lettura stimato":"2 minuti"},"schema":{"@context":"https:\/\/schema.org","@graph":[{"@type":"WebPage","@id":"https:\/\/legitgrams.com\/product\/psilocybe-baeocystis\/","url":"https:\/\/legitgrams.com\/product\/psilocybe-baeocystis\/","name":"Vendita Psilocybe Baeocystis - Ordina Psilocybe Baeocystis online","isPartOf":{"@id":"https:\/\/legitgrams.com\/#website"},"primaryImageOfPage":{"@id":"https:\/\/legitgrams.com\/product\/psilocybe-baeocystis\/#primaryimage"},"image":{"@id":"https:\/\/legitgrams.com\/product\/psilocybe-baeocystis\/#primaryimage"},"thumbnailUrl":"https:\/\/legitgrams.com\/wp-content\/uploads\/2024\/09\/psilocybe-baeocystis-for-salepsilocybin-or-magic-mushrooms.jpg","datePublished":"2024-09-22T07:36:52+00:00","dateModified":"2025-01-14T10:46:43+00:00","description":"Esplorate il nostro negozio online di Psilocybe Baeocystis in vendita, offrendo Psilocybe Baeocystis di alta qualit\u00e0. Acquistate Psilocybe Baeocystis online in modo sicuro e intraprendete il vostro viaggio di ricerca con fiducia. Effettuate subito l'ordine!","breadcrumb":{"@id":"https:\/\/legitgrams.com\/product\/psilocybe-baeocystis\/#breadcrumb"},"inLanguage":"it-IT","potentialAction":[{"@type":"ReadAction","target":["https:\/\/legitgrams.com\/product\/psilocybe-baeocystis\/"]}]},{"@type":"ImageObject","inLanguage":"it-IT","@id":"https:\/\/legitgrams.com\/product\/psilocybe-baeocystis\/#primaryimage","url":"https:\/\/legitgrams.com\/wp-content\/uploads\/2024\/09\/psilocybe-baeocystis-for-salepsilocybin-or-magic-mushrooms.jpg","contentUrl":"https:\/\/legitgrams.com\/wp-content\/uploads\/2024\/09\/psilocybe-baeocystis-for-salepsilocybin-or-magic-mushrooms.jpg","width":430,"height":430,"caption":"Psilocybe Baeocystis for Sale"},{"@type":"BreadcrumbList","@id":"https:\/\/legitgrams.com\/product\/psilocybe-baeocystis\/#breadcrumb","itemListElement":[{"@type":"ListItem","position":1,"name":"Home","item":"https:\/\/legitgrams.com\/"},{"@type":"ListItem","position":2,"name":"Shop","item":"https:\/\/legitgrams.com\/shop\/"},{"@type":"ListItem","position":3,"name":"Psilocybe Baeocystis"}]},{"@type":"WebSite","@id":"https:\/\/legitgrams.com\/#website","url":"https:\/\/legitgrams.com\/","name":"Grammi legittimi","description":"Il mio blog WordPress","publisher":{"@id":"https:\/\/legitgrams.com\/#organization"},"potentialAction":[{"@type":"SearchAction","target":{"@type":"EntryPoint","urlTemplate":"https:\/\/legitgrams.com\/?s={search_term_string}"},"query-input":{"@type":"PropertyValueSpecification","valueRequired":true,"valueName":"search_term_string"}}],"inLanguage":"it-IT"},{"@type":"Organization","@id":"https:\/\/legitgrams.com\/#organization","name":"Grammi legittimi","url":"https:\/\/legitgrams.com\/","logo":{"@type":"ImageObject","inLanguage":"it-IT","@id":"https:\/\/legitgrams.com\/#\/schema\/logo\/image\/","url":"https:\/\/legitgrams.com\/wp-content\/uploads\/2024\/09\/main-logo.png","contentUrl":"https:\/\/legitgrams.com\/wp-content\/uploads\/2024\/09\/main-logo.png","width":270,"height":75,"caption":"Legit Grams"},"image":{"@id":"https:\/\/legitgrams.com\/#\/schema\/logo\/image\/"}}]}},"uagb_featured_image_src":{"full":["https:\/\/legitgrams.com\/wp-content\/uploads\/2024\/09\/psilocybe-baeocystis-for-salepsilocybin-or-magic-mushrooms.jpg",430,430,false],"thumbnail":["https:\/\/legitgrams.com\/wp-content\/uploads\/2024\/09\/psilocybe-baeocystis-for-salepsilocybin-or-magic-mushrooms-150x150.jpg",150,150,true],"medium":["https:\/\/legitgrams.com\/wp-content\/uploads\/2024\/09\/psilocybe-baeocystis-for-salepsilocybin-or-magic-mushrooms-300x300.jpg",300,300,true],"medium_large":["https:\/\/legitgrams.com\/wp-content\/uploads\/2024\/09\/psilocybe-baeocystis-for-salepsilocybin-or-magic-mushrooms.jpg",430,430,false],"large":["https:\/\/legitgrams.com\/wp-content\/uploads\/2024\/09\/psilocybe-baeocystis-for-salepsilocybin-or-magic-mushrooms.jpg",430,430,false],"1536x1536":["https:\/\/legitgrams.com\/wp-content\/uploads\/2024\/09\/psilocybe-baeocystis-for-salepsilocybin-or-magic-mushrooms.jpg",430,430,false],"2048x2048":["https:\/\/legitgrams.com\/wp-content\/uploads\/2024\/09\/psilocybe-baeocystis-for-salepsilocybin-or-magic-mushrooms.jpg",430,430,false],"trp-custom-language-flag":["https:\/\/legitgrams.com\/wp-content\/uploads\/2024\/09\/psilocybe-baeocystis-for-salepsilocybin-or-magic-mushrooms-12x12.jpg",12,12,true],"woocommerce_thumbnail":["https:\/\/legitgrams.com\/wp-content\/uploads\/2024\/09\/psilocybe-baeocystis-for-salepsilocybin-or-magic-mushrooms-300x300.jpg",300,300,true],"woocommerce_single":["https:\/\/legitgrams.com\/wp-content\/uploads\/2024\/09\/psilocybe-baeocystis-for-salepsilocybin-or-magic-mushrooms.jpg",430,430,false],"woocommerce_gallery_thumbnail":["https:\/\/legitgrams.com\/wp-content\/uploads\/2024\/09\/psilocybe-baeocystis-for-salepsilocybin-or-magic-mushrooms-100x100.jpg",100,100,true]},"uagb_author_info":{"display_name":"cokeblog18","author_link":"https:\/\/legitgrams.com\/it\/author\/"},"uagb_comment_info":0,"uagb_excerpt":"Purchase Psilocybe Baeocystis Online In summary, Psilocybe baeocystis is named from its characteristic rippling crown; the word baeo-cystis means &#8220;small-bladder,&#8221; which is how the fungus looks when it&#8217;s young. Buy psilocybe baeocystis online. It is more commonly found going by the names &#8220;bottle caps,&#8221; &#8220;knobby tops,&#8221; &#8220;blue bells,&#8221; or &#8220;olive caps,&#8221; which are all allusions&hellip;","_links":{"self":[{"href":"https:\/\/legitgrams.com\/it\/wp-json\/wp\/v2\/product\/4255","targetHints":{"allow":["GET"]}}],"collection":[{"href":"https:\/\/legitgrams.com\/it\/wp-json\/wp\/v2\/product"}],"about":[{"href":"https:\/\/legitgrams.com\/it\/wp-json\/wp\/v2\/types\/product"}],"replies":[{"embeddable":true,"href":"https:\/\/legitgrams.com\/it\/wp-json\/wp\/v2\/comments?post=4255"}],"wp:featuredmedia":[{"embeddable":true,"href":"https:\/\/legitgrams.com\/it\/wp-json\/wp\/v2\/media\/5243"}],"wp:attachment":[{"href":"https:\/\/legitgrams.com\/it\/wp-json\/wp\/v2\/media?parent=4255"}],"wp:term":[{"taxonomy":"product_brand","embeddable":true,"href":"https:\/\/legitgrams.com\/it\/wp-json\/wp\/v2\/product_brand?post=4255"},{"taxonomy":"product_cat","embeddable":true,"href":"https:\/\/legitgrams.com\/it\/wp-json\/wp\/v2\/product_cat?post=4255"},{"taxonomy":"product_tag","embeddable":true,"href":"https:\/\/legitgrams.com\/it\/wp-json\/wp\/v2\/product_tag?post=4255"}],"curies":[{"name":"wp","href":"https:\/\/api.w.org\/{rel}","templated":true}]}}