{"id":4257,"date":"2024-09-22T07:51:29","date_gmt":"2024-09-22T07:51:29","guid":{"rendered":"https:\/\/legitgrams.com\/?post_type=product&#038;p=4257"},"modified":"2025-01-14T10:23:34","modified_gmt":"2025-01-14T10:23:34","slug":"varieta-di-marijuana-speciale-nirvana","status":"publish","type":"product","link":"https:\/\/legitgrams.com\/it\/prodotto\/varieta-di-marijuana-speciale-nirvana\/","title":{"rendered":"Variet\u00e0 di marijuana speciale Nirvana"},"content":{"rendered":"<h2>Acquista online la variet\u00e0 speciale di cannabis Nirvana<\/h2>\n<p>La popolare variet\u00e0 Jock Horror X Oaxacan Sativa \u00e8 stata incrociata per creare Nirvana Special, un raro ibrido a predominanza sativa che \u00e8 75% Sativa e 25% Indica. Questa vivace immagine ha vinto un premio d'oro e il primo posto per la migliore biografia in assoluto alla GoldLife Cup del 2008 ad Amsterdam. Non sorprende che Nirvana Special sia cos\u00ec popolare con la sua forte ma creativa alta funzionalit\u00e0 e la sorprendente concentrazione media di THC del 20%+! Il picco della Nirvana Special inizia con una scarica positiva e rinvigorente che ti mantiene concentrato e in movimento. <a href=\"https:\/\/legitgrams.com\/it\/\">LegitGrams<\/a><\/p>\n<p>Acquisti online per <a href=\"https:\/\/legitgrams.com\/it\/prodotto\/varieta-di-marijuana-speciale-nirvana\/\">Speciale Nirvana<\/a> Variet\u00e0 di cannabis: Acquista variet\u00e0 di cannabis, Acquista variet\u00e0 di cannabis Nirvana Special, Acquista variet\u00e0 di cannabis speciale, Posizione del negozio online di Nirvana Special Marijuana Strain Nirvana Special Marijuana Strain in vendita, Special Marijuana Strain in vendita, acquista variet\u00e0 di marijuana online, fornitori, consegna sicura, acquista variet\u00e0 di marijuana negli Stati Uniti, in Canada e nel Regno Unito, Nirvana Special Marijuana Strain \u00e8 ancora disponibile. Inoltre, puoi scoprire se <a href=\"https:\/\/en.wikipedia.org\/wiki\/Nirvana_(band)\">Nirvana<\/a> La variet\u00e0 speciale di marijuana \u00e8 legale in Canada, come ottenerla e se \u00e8 disponibile per l'acquisto online negli Stati Uniti.<\/p>\n<p>&nbsp;<\/p>","protected":false},"excerpt":{"rendered":"<p>Purchase Nirvana Special Strain of Cannabis Online The popular Jock Horror X Oaxacan Sativa strain was crossed to create Nirvana Special, a rare sativa-dominant hybrid that is 75% Sativa and 25% Indica. This lively image won a gold award and first place for best biography overall at the 2008 GoldLife Cup in Amsterdam. It&#8217;s no &hellip;<\/p>\n<p class=\"read-more\"> <a class=\"\" href=\"https:\/\/legitgrams.com\/it\/prodotto\/varieta-di-marijuana-speciale-nirvana\/\"> <span class=\"screen-reader-text\">Variet\u00e0 di marijuana speciale Nirvana<\/span> Leggi tutto \"<\/a><\/p>","protected":false},"featured_media":5415,"comment_status":"open","ping_status":"closed","template":"","meta":{"_uag_custom_page_level_css":"","site-sidebar-layout":"default","site-content-layout":"default","ast-global-header-display":"","ast-main-header-display":"","ast-hfb-above-header-display":"","ast-hfb-below-header-display":"","ast-hfb-mobile-header-display":"","site-post-title":"","ast-breadcrumbs-content":"","ast-featured-img":"","footer-sml-layout":"","theme-transparent-header-meta":"default","adv-header-id-meta":"","stick-header-meta":"default","header-above-stick-meta":"","header-main-stick-meta":"","header-below-stick-meta":"","_joinchat":[]},"product_brand":[],"product_cat":[607],"product_tag":[1476,1466,617,1458,1473,1470,1465,1457,1460,1468,1461,1459,1471,1478,1479,1477,1469,1474,1463,1475,1472,625,1464,1467,1462],"class_list":{"0":"post-4257","1":"product","2":"type-product","3":"status-publish","4":"has-post-thumbnail","6":"product_cat-marijuana-cannabis","7":"product_tag-best-cheap-price-nirvana-special-marijuana-strain","8":"product_tag-best-place-to-buy-nirvana-special-marijuana-strain","9":"product_tag-bulk-online","10":"product_tag-buy-nirvana-special-marijuana-strain","11":"product_tag-cheap-nirvana-special-marijuana-strain","12":"product_tag-high-quality-nirvana-special-marijuana-strain","13":"product_tag-how-to-buy-nirvana-special-marijuana-strain","14":"product_tag-nirvana-special-marijuana-strain","15":"product_tag-nirvana-special-marijuana-strain-for-sale","16":"product_tag-nirvana-special-marijuana-strain-legally","17":"product_tag-nirvana-special-marijuana-strain-nirvana-special-marijuana-strain-supplier","18":"product_tag-nirvana-special-marijuana-strain-online","19":"product_tag-nirvana-special-marijuana-strain-store","20":"product_tag-nirvana-special-marijuana-strain-use","21":"product_tag-nirvana-special-marijuana-strain-wiki","22":"product_tag-nirvana-special-marijuana-strain-worldwide","23":"product_tag-nirvana-special-marijuana-strainprice","24":"product_tag-nirvana-special-marijuana-strains","25":"product_tag-order-nirvana-special-marijuana-strain","26":"product_tag-purcharse-nirvana-special-marijuana-strain","27":"product_tag-shop-nirvana-special-marijuana-strain","28":"product_tag-top-quality","29":"product_tag-where-to-buy-nirvana-special-marijuana-strain","30":"product_tag-where-to-order-nirvana-special-marijuana-strain","31":"product_tag-wholesale-nirvana-special-marijuana-strain","32":"desktop-align-left","33":"tablet-align-left","34":"mobile-align-left","35":"ast-product-gallery-layout-horizontal","36":"ast-product-gallery-with-no-image","37":"ast-product-single-variable","38":"ast-product-tabs-layout-horizontal","39":"ast-qv-on-image","41":"first","42":"instock","43":"shipping-taxable","44":"purchasable","45":"product-type-variable"},"yoast_head":"<!-- This site is optimized with the Yoast SEO plugin v25.9 - https:\/\/yoast.com\/wordpress\/plugins\/seo\/ -->\n<title>Nirvana Special Marijuana Strain for Sale @ best price | LG<\/title>\n<meta name=\"description\" content=\"Explore our online store for Nirvana Special Marijuana Strain for sale, offering high-quality Nirvana Special Marijuana Strain. Buy Nirvana Special Marijuana Strain online securely and embark on your research journey with confidence. Place your order now!\" \/>\n<meta name=\"robots\" content=\"index, follow, max-snippet:-1, max-image-preview:large, max-video-preview:-1\" \/>\n<link rel=\"canonical\" href=\"https:\/\/legitgrams.com\/it\/prodotto\/varieta-di-marijuana-speciale-nirvana\/\" \/>\n<meta property=\"og:locale\" content=\"it_IT\" \/>\n<meta property=\"og:type\" content=\"article\" \/>\n<meta property=\"og:title\" content=\"Nirvana Special Marijuana Strain for Sale @ best price | LG\" \/>\n<meta property=\"og:description\" content=\"Explore our online store for Nirvana Special Marijuana Strain for sale, offering high-quality Nirvana Special Marijuana Strain. Buy Nirvana Special Marijuana Strain online securely and embark on your research journey with confidence. Place your order now!\" \/>\n<meta property=\"og:url\" content=\"https:\/\/legitgrams.com\/it\/prodotto\/varieta-di-marijuana-speciale-nirvana\/\" \/>\n<meta property=\"og:site_name\" content=\"Legit Grams\" \/>\n<meta property=\"article:modified_time\" content=\"2025-01-14T10:23:34+00:00\" \/>\n<meta property=\"og:image\" content=\"https:\/\/legitgrams.com\/wp-content\/uploads\/2024\/09\/Buy-Nirvana-Special-Marijuana-Strain-Online.jpg\" \/>\n\t<meta property=\"og:image:width\" content=\"600\" \/>\n\t<meta property=\"og:image:height\" content=\"600\" \/>\n\t<meta property=\"og:image:type\" content=\"image\/jpeg\" \/>\n<meta name=\"twitter:card\" content=\"summary_large_image\" \/>\n<meta name=\"twitter:label1\" content=\"Tempo di lettura stimato\" \/>\n\t<meta name=\"twitter:data1\" content=\"2 minuti\" \/>\n<script type=\"application\/ld+json\" class=\"yoast-schema-graph\">{\"@context\":\"https:\/\/schema.org\",\"@graph\":[{\"@type\":\"WebPage\",\"@id\":\"https:\/\/legitgrams.com\/product\/nirvana-special-marijuana-strain\/\",\"url\":\"https:\/\/legitgrams.com\/product\/nirvana-special-marijuana-strain\/\",\"name\":\"Nirvana Special Marijuana Strain for Sale @ best price | LG\",\"isPartOf\":{\"@id\":\"https:\/\/legitgrams.com\/#website\"},\"primaryImageOfPage\":{\"@id\":\"https:\/\/legitgrams.com\/product\/nirvana-special-marijuana-strain\/#primaryimage\"},\"image\":{\"@id\":\"https:\/\/legitgrams.com\/product\/nirvana-special-marijuana-strain\/#primaryimage\"},\"thumbnailUrl\":\"https:\/\/legitgrams.com\/wp-content\/uploads\/2024\/09\/Buy-Nirvana-Special-Marijuana-Strain-Online.jpg\",\"datePublished\":\"2024-09-22T07:51:29+00:00\",\"dateModified\":\"2025-01-14T10:23:34+00:00\",\"description\":\"Explore our online store for Nirvana Special Marijuana Strain for sale, offering high-quality Nirvana Special Marijuana Strain. Buy Nirvana Special Marijuana Strain online securely and embark on your research journey with confidence. Place your order now!\",\"breadcrumb\":{\"@id\":\"https:\/\/legitgrams.com\/product\/nirvana-special-marijuana-strain\/#breadcrumb\"},\"inLanguage\":\"it-IT\",\"potentialAction\":[{\"@type\":\"ReadAction\",\"target\":[\"https:\/\/legitgrams.com\/product\/nirvana-special-marijuana-strain\/\"]}]},{\"@type\":\"ImageObject\",\"inLanguage\":\"it-IT\",\"@id\":\"https:\/\/legitgrams.com\/product\/nirvana-special-marijuana-strain\/#primaryimage\",\"url\":\"https:\/\/legitgrams.com\/wp-content\/uploads\/2024\/09\/Buy-Nirvana-Special-Marijuana-Strain-Online.jpg\",\"contentUrl\":\"https:\/\/legitgrams.com\/wp-content\/uploads\/2024\/09\/Buy-Nirvana-Special-Marijuana-Strain-Online.jpg\",\"width\":600,\"height\":600,\"caption\":\"Nirvana Special Marijuana Strain for Sale\"},{\"@type\":\"BreadcrumbList\",\"@id\":\"https:\/\/legitgrams.com\/product\/nirvana-special-marijuana-strain\/#breadcrumb\",\"itemListElement\":[{\"@type\":\"ListItem\",\"position\":1,\"name\":\"Home\",\"item\":\"https:\/\/legitgrams.com\/\"},{\"@type\":\"ListItem\",\"position\":2,\"name\":\"Shop\",\"item\":\"https:\/\/legitgrams.com\/shop\/\"},{\"@type\":\"ListItem\",\"position\":3,\"name\":\"Nirvana Special Marijuana Strain\"}]},{\"@type\":\"WebSite\",\"@id\":\"https:\/\/legitgrams.com\/#website\",\"url\":\"https:\/\/legitgrams.com\/\",\"name\":\"Legit Grams\",\"description\":\"My WordPress Blog\",\"publisher\":{\"@id\":\"https:\/\/legitgrams.com\/#organization\"},\"potentialAction\":[{\"@type\":\"SearchAction\",\"target\":{\"@type\":\"EntryPoint\",\"urlTemplate\":\"https:\/\/legitgrams.com\/?s={search_term_string}\"},\"query-input\":{\"@type\":\"PropertyValueSpecification\",\"valueRequired\":true,\"valueName\":\"search_term_string\"}}],\"inLanguage\":\"it-IT\"},{\"@type\":\"Organization\",\"@id\":\"https:\/\/legitgrams.com\/#organization\",\"name\":\"Legit Grams\",\"url\":\"https:\/\/legitgrams.com\/\",\"logo\":{\"@type\":\"ImageObject\",\"inLanguage\":\"it-IT\",\"@id\":\"https:\/\/legitgrams.com\/#\/schema\/logo\/image\/\",\"url\":\"https:\/\/legitgrams.com\/wp-content\/uploads\/2024\/09\/main-logo.png\",\"contentUrl\":\"https:\/\/legitgrams.com\/wp-content\/uploads\/2024\/09\/main-logo.png\",\"width\":270,\"height\":75,\"caption\":\"Legit Grams\"},\"image\":{\"@id\":\"https:\/\/legitgrams.com\/#\/schema\/logo\/image\/\"}}]}<\/script>\n<!-- \/ Yoast SEO plugin. -->","yoast_head_json":{"title":"Nirvana Special Marijuana Strain in vendita al miglior prezzo | LG","description":"Esplora il nostro negozio online di Nirvana Special Marijuana Strain in vendita, offrendo Nirvana Special Marijuana Strain di alta qualit\u00e0. Acquistate la variet\u00e0 Nirvana Special Marijuana Strain online in modo sicuro e intraprendete il vostro viaggio di ricerca con fiducia. Effettua subito il tuo ordine!","robots":{"index":"index","follow":"follow","max-snippet":"max-snippet:-1","max-image-preview":"max-image-preview:large","max-video-preview":"max-video-preview:-1"},"canonical":"https:\/\/legitgrams.com\/it\/prodotto\/varieta-di-marijuana-speciale-nirvana\/","og_locale":"it_IT","og_type":"article","og_title":"Nirvana Special Marijuana Strain for Sale @ best price | LG","og_description":"Explore our online store for Nirvana Special Marijuana Strain for sale, offering high-quality Nirvana Special Marijuana Strain. Buy Nirvana Special Marijuana Strain online securely and embark on your research journey with confidence. Place your order now!","og_url":"https:\/\/legitgrams.com\/it\/prodotto\/varieta-di-marijuana-speciale-nirvana\/","og_site_name":"Legit Grams","article_modified_time":"2025-01-14T10:23:34+00:00","og_image":[{"width":600,"height":600,"url":"https:\/\/legitgrams.com\/wp-content\/uploads\/2024\/09\/Buy-Nirvana-Special-Marijuana-Strain-Online.jpg","type":"image\/jpeg"}],"twitter_card":"summary_large_image","twitter_misc":{"Tempo di lettura stimato":"2 minuti"},"schema":{"@context":"https:\/\/schema.org","@graph":[{"@type":"WebPage","@id":"https:\/\/legitgrams.com\/product\/nirvana-special-marijuana-strain\/","url":"https:\/\/legitgrams.com\/product\/nirvana-special-marijuana-strain\/","name":"Nirvana Special Marijuana Strain in vendita al miglior prezzo | LG","isPartOf":{"@id":"https:\/\/legitgrams.com\/#website"},"primaryImageOfPage":{"@id":"https:\/\/legitgrams.com\/product\/nirvana-special-marijuana-strain\/#primaryimage"},"image":{"@id":"https:\/\/legitgrams.com\/product\/nirvana-special-marijuana-strain\/#primaryimage"},"thumbnailUrl":"https:\/\/legitgrams.com\/wp-content\/uploads\/2024\/09\/Buy-Nirvana-Special-Marijuana-Strain-Online.jpg","datePublished":"2024-09-22T07:51:29+00:00","dateModified":"2025-01-14T10:23:34+00:00","description":"Esplora il nostro negozio online di Nirvana Special Marijuana Strain in vendita, offrendo Nirvana Special Marijuana Strain di alta qualit\u00e0. Acquistate la variet\u00e0 Nirvana Special Marijuana Strain online in modo sicuro e intraprendete il vostro viaggio di ricerca con fiducia. Effettua subito il tuo ordine!","breadcrumb":{"@id":"https:\/\/legitgrams.com\/product\/nirvana-special-marijuana-strain\/#breadcrumb"},"inLanguage":"it-IT","potentialAction":[{"@type":"ReadAction","target":["https:\/\/legitgrams.com\/product\/nirvana-special-marijuana-strain\/"]}]},{"@type":"ImageObject","inLanguage":"it-IT","@id":"https:\/\/legitgrams.com\/product\/nirvana-special-marijuana-strain\/#primaryimage","url":"https:\/\/legitgrams.com\/wp-content\/uploads\/2024\/09\/Buy-Nirvana-Special-Marijuana-Strain-Online.jpg","contentUrl":"https:\/\/legitgrams.com\/wp-content\/uploads\/2024\/09\/Buy-Nirvana-Special-Marijuana-Strain-Online.jpg","width":600,"height":600,"caption":"Nirvana Special Marijuana Strain for Sale"},{"@type":"BreadcrumbList","@id":"https:\/\/legitgrams.com\/product\/nirvana-special-marijuana-strain\/#breadcrumb","itemListElement":[{"@type":"ListItem","position":1,"name":"Home","item":"https:\/\/legitgrams.com\/"},{"@type":"ListItem","position":2,"name":"Shop","item":"https:\/\/legitgrams.com\/shop\/"},{"@type":"ListItem","position":3,"name":"Nirvana Special Marijuana Strain"}]},{"@type":"WebSite","@id":"https:\/\/legitgrams.com\/#website","url":"https:\/\/legitgrams.com\/","name":"Grammi legittimi","description":"Il mio blog WordPress","publisher":{"@id":"https:\/\/legitgrams.com\/#organization"},"potentialAction":[{"@type":"SearchAction","target":{"@type":"EntryPoint","urlTemplate":"https:\/\/legitgrams.com\/?s={search_term_string}"},"query-input":{"@type":"PropertyValueSpecification","valueRequired":true,"valueName":"search_term_string"}}],"inLanguage":"it-IT"},{"@type":"Organization","@id":"https:\/\/legitgrams.com\/#organization","name":"Grammi legittimi","url":"https:\/\/legitgrams.com\/","logo":{"@type":"ImageObject","inLanguage":"it-IT","@id":"https:\/\/legitgrams.com\/#\/schema\/logo\/image\/","url":"https:\/\/legitgrams.com\/wp-content\/uploads\/2024\/09\/main-logo.png","contentUrl":"https:\/\/legitgrams.com\/wp-content\/uploads\/2024\/09\/main-logo.png","width":270,"height":75,"caption":"Legit Grams"},"image":{"@id":"https:\/\/legitgrams.com\/#\/schema\/logo\/image\/"}}]}},"uagb_featured_image_src":{"full":["https:\/\/legitgrams.com\/wp-content\/uploads\/2024\/09\/Buy-Nirvana-Special-Marijuana-Strain-Online.jpg",600,600,false],"thumbnail":["https:\/\/legitgrams.com\/wp-content\/uploads\/2024\/09\/Buy-Nirvana-Special-Marijuana-Strain-Online-150x150.jpg",150,150,true],"medium":["https:\/\/legitgrams.com\/wp-content\/uploads\/2024\/09\/Buy-Nirvana-Special-Marijuana-Strain-Online-300x300.jpg",300,300,true],"medium_large":["https:\/\/legitgrams.com\/wp-content\/uploads\/2024\/09\/Buy-Nirvana-Special-Marijuana-Strain-Online.jpg",600,600,false],"large":["https:\/\/legitgrams.com\/wp-content\/uploads\/2024\/09\/Buy-Nirvana-Special-Marijuana-Strain-Online.jpg",600,600,false],"1536x1536":["https:\/\/legitgrams.com\/wp-content\/uploads\/2024\/09\/Buy-Nirvana-Special-Marijuana-Strain-Online.jpg",600,600,false],"2048x2048":["https:\/\/legitgrams.com\/wp-content\/uploads\/2024\/09\/Buy-Nirvana-Special-Marijuana-Strain-Online.jpg",600,600,false],"trp-custom-language-flag":["https:\/\/legitgrams.com\/wp-content\/uploads\/2024\/09\/Buy-Nirvana-Special-Marijuana-Strain-Online-12x12.jpg",12,12,true],"woocommerce_thumbnail":["https:\/\/legitgrams.com\/wp-content\/uploads\/2024\/09\/Buy-Nirvana-Special-Marijuana-Strain-Online-300x300.jpg",300,300,true],"woocommerce_single":["https:\/\/legitgrams.com\/wp-content\/uploads\/2024\/09\/Buy-Nirvana-Special-Marijuana-Strain-Online.jpg",600,600,false],"woocommerce_gallery_thumbnail":["https:\/\/legitgrams.com\/wp-content\/uploads\/2024\/09\/Buy-Nirvana-Special-Marijuana-Strain-Online-100x100.jpg",100,100,true]},"uagb_author_info":{"display_name":"cokeblog18","author_link":"https:\/\/legitgrams.com\/it\/author\/"},"uagb_comment_info":0,"uagb_excerpt":"Purchase Nirvana Special Strain of Cannabis Online The popular Jock Horror X Oaxacan Sativa strain was crossed to create Nirvana Special, a rare sativa-dominant hybrid that is 75% Sativa and 25% Indica. This lively image won a gold award and first place for best biography overall at the 2008 GoldLife Cup in Amsterdam. It&#8217;s no&hellip;","_links":{"self":[{"href":"https:\/\/legitgrams.com\/it\/wp-json\/wp\/v2\/product\/4257","targetHints":{"allow":["GET"]}}],"collection":[{"href":"https:\/\/legitgrams.com\/it\/wp-json\/wp\/v2\/product"}],"about":[{"href":"https:\/\/legitgrams.com\/it\/wp-json\/wp\/v2\/types\/product"}],"replies":[{"embeddable":true,"href":"https:\/\/legitgrams.com\/it\/wp-json\/wp\/v2\/comments?post=4257"}],"wp:featuredmedia":[{"embeddable":true,"href":"https:\/\/legitgrams.com\/it\/wp-json\/wp\/v2\/media\/5415"}],"wp:attachment":[{"href":"https:\/\/legitgrams.com\/it\/wp-json\/wp\/v2\/media?parent=4257"}],"wp:term":[{"taxonomy":"product_brand","embeddable":true,"href":"https:\/\/legitgrams.com\/it\/wp-json\/wp\/v2\/product_brand?post=4257"},{"taxonomy":"product_cat","embeddable":true,"href":"https:\/\/legitgrams.com\/it\/wp-json\/wp\/v2\/product_cat?post=4257"},{"taxonomy":"product_tag","embeddable":true,"href":"https:\/\/legitgrams.com\/it\/wp-json\/wp\/v2\/product_tag?post=4257"}],"curies":[{"name":"wp","href":"https:\/\/api.w.org\/{rel}","templated":true}]}}