{"id":4259,"date":"2024-09-22T07:51:56","date_gmt":"2024-09-22T07:51:56","guid":{"rendered":"https:\/\/legitgrams.com\/?post_type=product&#038;p=4259"},"modified":"2025-01-15T05:43:22","modified_gmt":"2025-01-15T05:43:22","slug":"varieta-di-marijuana-super-lemon-haze","status":"publish","type":"product","link":"https:\/\/legitgrams.com\/it\/prodotto\/varieta-di-marijuana-super-lemon-haze\/","title":{"rendered":"Variet\u00e0 di marijuana Super Lemon Haze"},"content":{"rendered":"<h2>Acquista online la variet\u00e0 di marijuana Super Lemon Haze<\/h2>\n<p>Il controverso <a href=\"https:\/\/legitgrams.com\/it\/prodotto\/varieta-di-marijuana-super-lemon-haze\/\">ceppo Super Lemon Haze<\/a> \u00e8 nota per le sue due vittorie alla High Times Cannabis Cup. La Super Lemon Haze ha livelli di THC rispettabili per una variet\u00e0 sativa, di solito tra il 22 e il 25%. Gli effetti di questa tensione sono stati caratterizzati come energizzanti e vivi. \u00c8 perfetta per la giornata grazie al suo carattere rilassante ed edificante. Super Lemon Haze ha un sapore e un odore di limone fresco e aspro, come suggerisce il nome. Super Lemon Haze ha un profilo terpenico agrodolce con note di agrumi e pino. La Super Lemon Haze ha un profumo ricco e un sapore che ricorda le caramelle al limone acido. <a href=\"https:\/\/legitgrams.com\/it\/\">LegitGrams<\/a><\/p>\n<h3>Acquisto di Super Lemon La variet\u00e0 di marijuana Super Lemon e Haze pu\u00f2 essere acquistata online.<\/h3>\n<p><a href=\"https:\/\/en.wikipedia.org\/wiki\/Super_Lemon_Haze\">Variet\u00e0 di marijuana Super Lemon Haze<\/a> in vendita, comprare Super Lemon Haze Marijuana Strain online, Dove comprare Super Lemon Haze Marijuana Strain, comprare Super Lemon Haze Marijuana Strain online, Super Lemon Haze Marijuana Strain in vendita in USA, Canada, UK, comprare, online, fornitori, consegna sicura, \u00c8 ancora possibile ottenere Super Lemon Haze Marijuana Strain, Super Lemon Haze Marijuana Strain usa, acquistare Super Lemon Haze Marijuana Strain online usa, come ordinare Super Lemon Haze Marijuana Strain, e Super Lemon Haze Marijuana Strain \u00e8 legale in Canada<\/p>","protected":false},"excerpt":{"rendered":"<p>Purchase Super Lemon Haze Marijuana Strain Online The controversial strain Super Lemon Haze is well-known for its two victories at the High Times Cannabis Cup. Super Lemon Haze has respectable THC levels for a sativa strain, usually between 22 and 25 percent. This tension&#8217;s effects have been characterized as energizing and alive. It&#8217;s perfect for &hellip;<\/p>\n<p class=\"read-more\"> <a class=\"\" href=\"https:\/\/legitgrams.com\/it\/prodotto\/varieta-di-marijuana-super-lemon-haze\/\"> <span class=\"screen-reader-text\">Variet\u00e0 di marijuana Super Lemon Haze<\/span> Leggi tutto \"<\/a><\/p>","protected":false},"featured_media":5429,"comment_status":"open","ping_status":"closed","template":"","meta":{"_uag_custom_page_level_css":"","site-sidebar-layout":"default","site-content-layout":"default","ast-global-header-display":"","ast-main-header-display":"","ast-hfb-above-header-display":"","ast-hfb-below-header-display":"","ast-hfb-mobile-header-display":"","site-post-title":"","ast-breadcrumbs-content":"","ast-featured-img":"","footer-sml-layout":"","theme-transparent-header-meta":"default","adv-header-id-meta":"","stick-header-meta":"default","header-above-stick-meta":"","header-main-stick-meta":"","header-below-stick-meta":"","_joinchat":[]},"product_brand":[],"product_cat":[607],"product_tag":[1453,1443,617,1435,1450,1447,1442,1440,1452,1449,1434,1437,1445,1436,1448,1438,1455,1456,1454,1446,1451,625,1441,1444,1439],"class_list":{"0":"post-4259","1":"product","2":"type-product","3":"status-publish","4":"has-post-thumbnail","6":"product_cat-marijuana-cannabis","7":"product_tag-best-cheap-price-super-lemon-haze-marijuana-strain","8":"product_tag-best-place-to-buy-super-lemon-haze-marijuana-strain","9":"product_tag-bulk-online","10":"product_tag-buy-super-lemon-haze-marijuana-strain","11":"product_tag-cheap-super-lemon-haze-marijuana-strain","12":"product_tag-high-quality-super-lemon-haze-marijuana-strain","13":"product_tag-how-to-buy-super-lemon-haze-marijuana-strain","14":"product_tag-order-super-lemon-haze-marijuana-strain","15":"product_tag-purcharse-super-lemon-haze-marijuana-strain","16":"product_tag-shop-super-lemon-haze-marijuana-strain","17":"product_tag-super-lemon-haze-marijuana-strain","18":"product_tag-super-lemon-haze-marijuana-strain-for-sale","19":"product_tag-super-lemon-haze-marijuana-strain-legally","20":"product_tag-super-lemon-haze-marijuana-strain-online","21":"product_tag-super-lemon-haze-marijuana-strain-store","22":"product_tag-super-lemon-haze-marijuana-strain-super-lemon-haze-marijuana-strain-supplier","23":"product_tag-super-lemon-haze-marijuana-strain-use","24":"product_tag-super-lemon-haze-marijuana-strain-wiki","25":"product_tag-super-lemon-haze-marijuana-strain-worldwide","26":"product_tag-super-lemon-haze-marijuana-strainprice","27":"product_tag-super-lemon-haze-marijuana-strains","28":"product_tag-top-quality","29":"product_tag-where-to-buy-super-lemon-haze-marijuana-strain","30":"product_tag-where-to-order-super-lemon-haze-marijuana-strain","31":"product_tag-wholesale-super-lemon-haze-marijuana-strain","32":"desktop-align-left","33":"tablet-align-left","34":"mobile-align-left","35":"ast-product-gallery-layout-horizontal","36":"ast-product-gallery-with-no-image","37":"ast-product-single-variable","38":"ast-product-tabs-layout-horizontal","39":"ast-qv-on-image","41":"first","42":"instock","43":"shipping-taxable","44":"purchasable","45":"product-type-variable"},"yoast_head":"<!-- This site is optimized with the Yoast SEO plugin v25.9 - https:\/\/yoast.com\/wordpress\/plugins\/seo\/ -->\n<title>Super Lemon Haze Marijuana Strain for sale @ best price | LG<\/title>\n<meta name=\"description\" content=\"Discover top-notch super lemon haze marijuana strain for sale at our online store - buy super lemon haze marijuana strain conveniently and securely to fuel your research. Order Now!\" \/>\n<meta name=\"robots\" content=\"index, follow, max-snippet:-1, max-image-preview:large, max-video-preview:-1\" \/>\n<link rel=\"canonical\" href=\"https:\/\/legitgrams.com\/it\/prodotto\/varieta-di-marijuana-super-lemon-haze\/\" \/>\n<meta property=\"og:locale\" content=\"it_IT\" \/>\n<meta property=\"og:type\" content=\"article\" \/>\n<meta property=\"og:title\" content=\"Super Lemon Haze Marijuana Strain for sale @ best price | LG\" \/>\n<meta property=\"og:description\" content=\"Discover top-notch super lemon haze marijuana strain for sale at our online store - buy super lemon haze marijuana strain conveniently and securely to fuel your research. Order Now!\" \/>\n<meta property=\"og:url\" content=\"https:\/\/legitgrams.com\/it\/prodotto\/varieta-di-marijuana-super-lemon-haze\/\" \/>\n<meta property=\"og:site_name\" content=\"Legit Grams\" \/>\n<meta property=\"article:modified_time\" content=\"2025-01-15T05:43:22+00:00\" \/>\n<meta property=\"og:image\" content=\"https:\/\/legitgrams.com\/wp-content\/uploads\/2024\/09\/Buy-Super-Lemon-Haze-Marijuana-Strain-Online.jpg\" \/>\n\t<meta property=\"og:image:width\" content=\"600\" \/>\n\t<meta property=\"og:image:height\" content=\"600\" \/>\n\t<meta property=\"og:image:type\" content=\"image\/jpeg\" \/>\n<meta name=\"twitter:card\" content=\"summary_large_image\" \/>\n<meta name=\"twitter:label1\" content=\"Tempo di lettura stimato\" \/>\n\t<meta name=\"twitter:data1\" content=\"2 minuti\" \/>\n<script type=\"application\/ld+json\" class=\"yoast-schema-graph\">{\"@context\":\"https:\/\/schema.org\",\"@graph\":[{\"@type\":\"WebPage\",\"@id\":\"https:\/\/legitgrams.com\/product\/super-lemon-haze-marijuana-strain\/\",\"url\":\"https:\/\/legitgrams.com\/product\/super-lemon-haze-marijuana-strain\/\",\"name\":\"Super Lemon Haze Marijuana Strain for sale @ best price | LG\",\"isPartOf\":{\"@id\":\"https:\/\/legitgrams.com\/#website\"},\"primaryImageOfPage\":{\"@id\":\"https:\/\/legitgrams.com\/product\/super-lemon-haze-marijuana-strain\/#primaryimage\"},\"image\":{\"@id\":\"https:\/\/legitgrams.com\/product\/super-lemon-haze-marijuana-strain\/#primaryimage\"},\"thumbnailUrl\":\"https:\/\/legitgrams.com\/wp-content\/uploads\/2024\/09\/Buy-Super-Lemon-Haze-Marijuana-Strain-Online.jpg\",\"datePublished\":\"2024-09-22T07:51:56+00:00\",\"dateModified\":\"2025-01-15T05:43:22+00:00\",\"description\":\"Discover top-notch super lemon haze marijuana strain for sale at our online store - buy super lemon haze marijuana strain conveniently and securely to fuel your research. Order Now!\",\"breadcrumb\":{\"@id\":\"https:\/\/legitgrams.com\/product\/super-lemon-haze-marijuana-strain\/#breadcrumb\"},\"inLanguage\":\"it-IT\",\"potentialAction\":[{\"@type\":\"ReadAction\",\"target\":[\"https:\/\/legitgrams.com\/product\/super-lemon-haze-marijuana-strain\/\"]}]},{\"@type\":\"ImageObject\",\"inLanguage\":\"it-IT\",\"@id\":\"https:\/\/legitgrams.com\/product\/super-lemon-haze-marijuana-strain\/#primaryimage\",\"url\":\"https:\/\/legitgrams.com\/wp-content\/uploads\/2024\/09\/Buy-Super-Lemon-Haze-Marijuana-Strain-Online.jpg\",\"contentUrl\":\"https:\/\/legitgrams.com\/wp-content\/uploads\/2024\/09\/Buy-Super-Lemon-Haze-Marijuana-Strain-Online.jpg\",\"width\":600,\"height\":600,\"caption\":\"Super Lemon Haze Marijuana Strain for sale\"},{\"@type\":\"BreadcrumbList\",\"@id\":\"https:\/\/legitgrams.com\/product\/super-lemon-haze-marijuana-strain\/#breadcrumb\",\"itemListElement\":[{\"@type\":\"ListItem\",\"position\":1,\"name\":\"Home\",\"item\":\"https:\/\/legitgrams.com\/\"},{\"@type\":\"ListItem\",\"position\":2,\"name\":\"Shop\",\"item\":\"https:\/\/legitgrams.com\/shop\/\"},{\"@type\":\"ListItem\",\"position\":3,\"name\":\"Super Lemon Haze Marijuana Strain\"}]},{\"@type\":\"WebSite\",\"@id\":\"https:\/\/legitgrams.com\/#website\",\"url\":\"https:\/\/legitgrams.com\/\",\"name\":\"Legit Grams\",\"description\":\"My WordPress Blog\",\"publisher\":{\"@id\":\"https:\/\/legitgrams.com\/#organization\"},\"potentialAction\":[{\"@type\":\"SearchAction\",\"target\":{\"@type\":\"EntryPoint\",\"urlTemplate\":\"https:\/\/legitgrams.com\/?s={search_term_string}\"},\"query-input\":{\"@type\":\"PropertyValueSpecification\",\"valueRequired\":true,\"valueName\":\"search_term_string\"}}],\"inLanguage\":\"it-IT\"},{\"@type\":\"Organization\",\"@id\":\"https:\/\/legitgrams.com\/#organization\",\"name\":\"Legit Grams\",\"url\":\"https:\/\/legitgrams.com\/\",\"logo\":{\"@type\":\"ImageObject\",\"inLanguage\":\"it-IT\",\"@id\":\"https:\/\/legitgrams.com\/#\/schema\/logo\/image\/\",\"url\":\"https:\/\/legitgrams.com\/wp-content\/uploads\/2024\/09\/main-logo.png\",\"contentUrl\":\"https:\/\/legitgrams.com\/wp-content\/uploads\/2024\/09\/main-logo.png\",\"width\":270,\"height\":75,\"caption\":\"Legit Grams\"},\"image\":{\"@id\":\"https:\/\/legitgrams.com\/#\/schema\/logo\/image\/\"}}]}<\/script>\n<!-- \/ Yoast SEO plugin. -->","yoast_head_json":{"title":"Ceppo di marijuana Super Lemon Haze in vendita al miglior prezzo | LG","description":"Scoprite la variet\u00e0 di marijuana Super Lemon Haze di prima qualit\u00e0 in vendita nel nostro negozio online - acquistate la variet\u00e0 di marijuana Super Lemon Haze in modo comodo e sicuro per alimentare la vostra ricerca. Ordina ora!","robots":{"index":"index","follow":"follow","max-snippet":"max-snippet:-1","max-image-preview":"max-image-preview:large","max-video-preview":"max-video-preview:-1"},"canonical":"https:\/\/legitgrams.com\/it\/prodotto\/varieta-di-marijuana-super-lemon-haze\/","og_locale":"it_IT","og_type":"article","og_title":"Super Lemon Haze Marijuana Strain for sale @ best price | LG","og_description":"Discover top-notch super lemon haze marijuana strain for sale at our online store - buy super lemon haze marijuana strain conveniently and securely to fuel your research. Order Now!","og_url":"https:\/\/legitgrams.com\/it\/prodotto\/varieta-di-marijuana-super-lemon-haze\/","og_site_name":"Legit Grams","article_modified_time":"2025-01-15T05:43:22+00:00","og_image":[{"width":600,"height":600,"url":"https:\/\/legitgrams.com\/wp-content\/uploads\/2024\/09\/Buy-Super-Lemon-Haze-Marijuana-Strain-Online.jpg","type":"image\/jpeg"}],"twitter_card":"summary_large_image","twitter_misc":{"Tempo di lettura stimato":"2 minuti"},"schema":{"@context":"https:\/\/schema.org","@graph":[{"@type":"WebPage","@id":"https:\/\/legitgrams.com\/product\/super-lemon-haze-marijuana-strain\/","url":"https:\/\/legitgrams.com\/product\/super-lemon-haze-marijuana-strain\/","name":"Ceppo di marijuana Super Lemon Haze in vendita al miglior prezzo | LG","isPartOf":{"@id":"https:\/\/legitgrams.com\/#website"},"primaryImageOfPage":{"@id":"https:\/\/legitgrams.com\/product\/super-lemon-haze-marijuana-strain\/#primaryimage"},"image":{"@id":"https:\/\/legitgrams.com\/product\/super-lemon-haze-marijuana-strain\/#primaryimage"},"thumbnailUrl":"https:\/\/legitgrams.com\/wp-content\/uploads\/2024\/09\/Buy-Super-Lemon-Haze-Marijuana-Strain-Online.jpg","datePublished":"2024-09-22T07:51:56+00:00","dateModified":"2025-01-15T05:43:22+00:00","description":"Scoprite la variet\u00e0 di marijuana Super Lemon Haze di prima qualit\u00e0 in vendita nel nostro negozio online - acquistate la variet\u00e0 di marijuana Super Lemon Haze in modo comodo e sicuro per alimentare la vostra ricerca. Ordina ora!","breadcrumb":{"@id":"https:\/\/legitgrams.com\/product\/super-lemon-haze-marijuana-strain\/#breadcrumb"},"inLanguage":"it-IT","potentialAction":[{"@type":"ReadAction","target":["https:\/\/legitgrams.com\/product\/super-lemon-haze-marijuana-strain\/"]}]},{"@type":"ImageObject","inLanguage":"it-IT","@id":"https:\/\/legitgrams.com\/product\/super-lemon-haze-marijuana-strain\/#primaryimage","url":"https:\/\/legitgrams.com\/wp-content\/uploads\/2024\/09\/Buy-Super-Lemon-Haze-Marijuana-Strain-Online.jpg","contentUrl":"https:\/\/legitgrams.com\/wp-content\/uploads\/2024\/09\/Buy-Super-Lemon-Haze-Marijuana-Strain-Online.jpg","width":600,"height":600,"caption":"Super Lemon Haze Marijuana Strain for sale"},{"@type":"BreadcrumbList","@id":"https:\/\/legitgrams.com\/product\/super-lemon-haze-marijuana-strain\/#breadcrumb","itemListElement":[{"@type":"ListItem","position":1,"name":"Home","item":"https:\/\/legitgrams.com\/"},{"@type":"ListItem","position":2,"name":"Shop","item":"https:\/\/legitgrams.com\/shop\/"},{"@type":"ListItem","position":3,"name":"Super Lemon Haze Marijuana Strain"}]},{"@type":"WebSite","@id":"https:\/\/legitgrams.com\/#website","url":"https:\/\/legitgrams.com\/","name":"Grammi legittimi","description":"Il mio blog WordPress","publisher":{"@id":"https:\/\/legitgrams.com\/#organization"},"potentialAction":[{"@type":"SearchAction","target":{"@type":"EntryPoint","urlTemplate":"https:\/\/legitgrams.com\/?s={search_term_string}"},"query-input":{"@type":"PropertyValueSpecification","valueRequired":true,"valueName":"search_term_string"}}],"inLanguage":"it-IT"},{"@type":"Organization","@id":"https:\/\/legitgrams.com\/#organization","name":"Grammi legittimi","url":"https:\/\/legitgrams.com\/","logo":{"@type":"ImageObject","inLanguage":"it-IT","@id":"https:\/\/legitgrams.com\/#\/schema\/logo\/image\/","url":"https:\/\/legitgrams.com\/wp-content\/uploads\/2024\/09\/main-logo.png","contentUrl":"https:\/\/legitgrams.com\/wp-content\/uploads\/2024\/09\/main-logo.png","width":270,"height":75,"caption":"Legit Grams"},"image":{"@id":"https:\/\/legitgrams.com\/#\/schema\/logo\/image\/"}}]}},"uagb_featured_image_src":{"full":["https:\/\/legitgrams.com\/wp-content\/uploads\/2024\/09\/Buy-Super-Lemon-Haze-Marijuana-Strain-Online.jpg",600,600,false],"thumbnail":["https:\/\/legitgrams.com\/wp-content\/uploads\/2024\/09\/Buy-Super-Lemon-Haze-Marijuana-Strain-Online-150x150.jpg",150,150,true],"medium":["https:\/\/legitgrams.com\/wp-content\/uploads\/2024\/09\/Buy-Super-Lemon-Haze-Marijuana-Strain-Online-300x300.jpg",300,300,true],"medium_large":["https:\/\/legitgrams.com\/wp-content\/uploads\/2024\/09\/Buy-Super-Lemon-Haze-Marijuana-Strain-Online.jpg",600,600,false],"large":["https:\/\/legitgrams.com\/wp-content\/uploads\/2024\/09\/Buy-Super-Lemon-Haze-Marijuana-Strain-Online.jpg",600,600,false],"1536x1536":["https:\/\/legitgrams.com\/wp-content\/uploads\/2024\/09\/Buy-Super-Lemon-Haze-Marijuana-Strain-Online.jpg",600,600,false],"2048x2048":["https:\/\/legitgrams.com\/wp-content\/uploads\/2024\/09\/Buy-Super-Lemon-Haze-Marijuana-Strain-Online.jpg",600,600,false],"trp-custom-language-flag":["https:\/\/legitgrams.com\/wp-content\/uploads\/2024\/09\/Buy-Super-Lemon-Haze-Marijuana-Strain-Online-12x12.jpg",12,12,true],"woocommerce_thumbnail":["https:\/\/legitgrams.com\/wp-content\/uploads\/2024\/09\/Buy-Super-Lemon-Haze-Marijuana-Strain-Online-300x300.jpg",300,300,true],"woocommerce_single":["https:\/\/legitgrams.com\/wp-content\/uploads\/2024\/09\/Buy-Super-Lemon-Haze-Marijuana-Strain-Online.jpg",600,600,false],"woocommerce_gallery_thumbnail":["https:\/\/legitgrams.com\/wp-content\/uploads\/2024\/09\/Buy-Super-Lemon-Haze-Marijuana-Strain-Online-100x100.jpg",100,100,true]},"uagb_author_info":{"display_name":"cokeblog18","author_link":"https:\/\/legitgrams.com\/it\/author\/"},"uagb_comment_info":0,"uagb_excerpt":"Purchase Super Lemon Haze Marijuana Strain Online The controversial strain Super Lemon Haze is well-known for its two victories at the High Times Cannabis Cup. Super Lemon Haze has respectable THC levels for a sativa strain, usually between 22 and 25 percent. This tension&#8217;s effects have been characterized as energizing and alive. It&#8217;s perfect for&hellip;","_links":{"self":[{"href":"https:\/\/legitgrams.com\/it\/wp-json\/wp\/v2\/product\/4259","targetHints":{"allow":["GET"]}}],"collection":[{"href":"https:\/\/legitgrams.com\/it\/wp-json\/wp\/v2\/product"}],"about":[{"href":"https:\/\/legitgrams.com\/it\/wp-json\/wp\/v2\/types\/product"}],"replies":[{"embeddable":true,"href":"https:\/\/legitgrams.com\/it\/wp-json\/wp\/v2\/comments?post=4259"}],"wp:featuredmedia":[{"embeddable":true,"href":"https:\/\/legitgrams.com\/it\/wp-json\/wp\/v2\/media\/5429"}],"wp:attachment":[{"href":"https:\/\/legitgrams.com\/it\/wp-json\/wp\/v2\/media?parent=4259"}],"wp:term":[{"taxonomy":"product_brand","embeddable":true,"href":"https:\/\/legitgrams.com\/it\/wp-json\/wp\/v2\/product_brand?post=4259"},{"taxonomy":"product_cat","embeddable":true,"href":"https:\/\/legitgrams.com\/it\/wp-json\/wp\/v2\/product_cat?post=4259"},{"taxonomy":"product_tag","embeddable":true,"href":"https:\/\/legitgrams.com\/it\/wp-json\/wp\/v2\/product_tag?post=4259"}],"curies":[{"name":"wp","href":"https:\/\/api.w.org\/{rel}","templated":true}]}}