{"id":4260,"date":"2024-09-22T07:52:39","date_gmt":"2024-09-22T07:52:39","guid":{"rendered":"https:\/\/legitgrams.com\/?post_type=product&#038;p=4260"},"modified":"2025-01-15T05:45:52","modified_gmt":"2025-01-15T05:45:52","slug":"cristalli-thca-ripiano-superiore","status":"publish","type":"product","link":"https:\/\/legitgrams.com\/it\/prodotto\/cristalli-thca-ripiano-superiore\/","title":{"rendered":"Cristalli THCA - Top Shelf"},"content":{"rendered":"<h2>Acquista cristalli THCA - Top Shelf Online<\/h2>\n<h3>Cristalli di THCA di prima scelta in vendita<\/h3>\n<p>Il tetraidrocannabinolo corrosivo, o THCA, \u00e8 una molecola della cannabis che, nonostante le ricerche preliminari, comincia a mostrarsi promettente come agente terapeutico. Conoscete il THC, ma il THCA ha qualit\u00e0 molto diverse, anche se possono sembrare simili. Il THCA \u00e8 un cannabinoide non inebriante, presente sia nella cannabis grezza che in quella viva, a differenza del THC. La pianta trasforma gradualmente il THCA in THC durante l'essiccazione. Un processo chiamato decarbossilazione - un termine elegante che descrive ci\u00f2 che avviene quando si fuma o si decompone il fiore - \u00e8 facilitato dal calore.<\/p>\n<p>Nell'improbabile caso in cui abbiate acquistato cannabis sottoposta a test di laboratorio, potreste notare che il THC o il THCA, entrambi tipicamente compresi tra il 10 e il 20%, sono i cannabinoidi pi\u00f9 abbondanti. Sebbene il termine pi\u00f9 preciso per il fiore che non \u00e8 stato decarbossilato sia THCA, i termini hanno essenzialmente lo stesso significato nell'improbabile caso in cui si accetti l'aspettativa dell'acquirente che l'articolo venga riscaldato, fumato o altrimenti scomposto. <a href=\"https:\/\/legitgrams.com\/it\/\">LegitGrams<\/a><\/p>\n<p>I gioielli di THCA, spesso conosciuti come \"pietre preziose\", sono stati popolari tra i consumatori di concentrati di cannabis negli ultimi anni. Recentemente, il THCA isolato si \u00e8 rivelato difficile da trovare. Oggi \u00e8 possibile trovarlo separato o, pi\u00f9 comunemente, spruzzato con terpeni in contenitori di \"salsa\". Vi spieghiamo tutto quello che c'\u00e8 da sapere sul THCA simile al vetro.<\/p>\n<p><a href=\"https:\/\/en.wikipedia.org\/wiki\/Tetrahydrocannabinolic_acid\">Tetraidrocannabinolo<\/a> L'acido \u00e8 indicato come THCA. I gruppi pi\u00f9 numerosi di cannabis sono quelli grezzi e vivi. Quando una pianta si secca, il THCA si trasforma progressivamente in THC. Il riscaldamento della cannabis \u00e8 un ciclo ascendente.<\/p>\n<p>Da quando <a href=\"https:\/\/legitgrams.com\/it\/prodotto\/cristalli-thca-ripiano-superiore\/\">THCA<\/a> \u00e8 un precursore non psicoattivo del THC, \u00e8 improbabile che faccia sentire euforici. Per questo motivo, la marijuana deve essere decarbossilata in una stufa prima di essere utilizzata negli edibles. Il ciclo assicura che tutto il THCA sia stato convertito in THC, consentendo di sperimentare l'intera gamma di effetti euforici.<\/p>\n<p>Poich\u00e9 il THCA \u00e8 un precursore non psicoattivo del THC, \u00e8 improbabile che faccia sentire euforici. Per questo motivo, la marijuana deve essere decarbossilata in una stufa prima di essere usata negli edibles. Il ciclo assicura che tutto il THCA sia stato convertito in THC, consentendo di sperimentare l'intera gamma di effetti euforici.<\/p>\n<p>La canapa cruda \u00e8 un noto superfood. Concentrazioni pi\u00f9 elevate di THCA possono essere ottenute pressando la cannabis. Il consumo di alti livelli di THCA pu\u00f2 aiutare a compensare i bassi livelli di endocannabinoidi senza sballare. Diverse malattie debilitanti sono causate da insufficienze di endocannabinoidi.<\/p>\n<p>acquistare thca online, acquistare thca cristallino, acquistare thca cristallino online, acquistare cristalli di thc, acquistare thca, Alcune persone sensibili al THC scoprono di aver bisogno di una quantit\u00e0 eccessiva di questo composto per alleviare i loro sintomi. Fortunatamente, ora possono trovare un aiuto paragonabile o addirittura maggiore consumando cannabis grezza.<\/p>\n<p>Per quasi un decennio, il dottor William Courtney, medico di Willits, California, ha sostenuto i benefici dell'estrazione della cannabis. Il THCA pi\u00f9 elevato si trova nelle nuove piante. Quindi, a meno che non sappiate coltivare la marijuana o conosciate qualcuno che lo fa, siete in una posizione ideale per trovare THCA trasparente.<\/p>\n<h3>Cristalli di THCA di prima scelta in vendita<\/h3>\n<p>Acquisto di cristalli di THCA da Top Shelf - Acquisto di THCA, Acquisto di cristalli di THCA, Acquisto di cristalli di THCA online, Dove acquistare cristalli di THCA, Vendita di cristalli di THCA, Cristalli in vendita, Acquisto di cristalli di THCA online, Acquisto di cristalli di THCA negli Stati Uniti, Canada, Regno Unito, Acquisto, online, Fornitori, Consegna sicura, I cristalli di THCA sono ancora disponibili. \u00c8 legale acquistare cristalli di THCA negli Stati Uniti, posso acquistare cristalli di THCA online ed \u00e8 legale acquistare cristalli di THCA in Canada?<\/p>","protected":false},"excerpt":{"rendered":"<p>Purchase THCA Crystals- Top Shelf Online Top Shelf THCA Crystals for Sale Tetrahydrocannabinolic corrosive, or THCA, is a cannabis molecule that, despite preliminary research, is beginning to show promise as a therapeutic agent. You are familiar with THC, but THCA has very different qualities, even though they may sound similar. THCA is a non-inebriating cannabinoid &hellip;<\/p>\n<p class=\"read-more\"> <a class=\"\" href=\"https:\/\/legitgrams.com\/it\/prodotto\/cristalli-thca-ripiano-superiore\/\"> <span class=\"screen-reader-text\">Cristalli THCA - Top Shelf<\/span> Leggi tutto \"<\/a><\/p>","protected":false},"featured_media":5392,"comment_status":"open","ping_status":"closed","template":"","meta":{"_uag_custom_page_level_css":"","site-sidebar-layout":"default","site-content-layout":"default","ast-global-header-display":"","ast-main-header-display":"","ast-hfb-above-header-display":"","ast-hfb-below-header-display":"","ast-hfb-mobile-header-display":"","site-post-title":"","ast-breadcrumbs-content":"","ast-featured-img":"","footer-sml-layout":"","theme-transparent-header-meta":"default","adv-header-id-meta":"","stick-header-meta":"default","header-above-stick-meta":"","header-main-stick-meta":"","header-below-stick-meta":"","_joinchat":[]},"product_brand":[],"product_cat":[606],"product_tag":[1430,1420,617,1412,1427,1424,1419,1417,1429,1426,1411,1414,1422,1413,1425,1415,1432,1433,1431,1423,1428,625,1418,1421,1416],"class_list":{"0":"post-4260","1":"product","2":"type-product","3":"status-publish","4":"has-post-thumbnail","6":"product_cat-marijuana-wax","7":"product_tag-best-cheap-price-thca-crystals-top-shelf","8":"product_tag-best-place-to-buy-thca-crystals-top-shelf","9":"product_tag-bulk-online","10":"product_tag-buy-thca-crystals-top-shelf","11":"product_tag-cheap-thca-crystals-top-shelf","12":"product_tag-high-quality-thca-crystals-top-shelf","13":"product_tag-how-to-buy-thca-crystals-top-shelf","14":"product_tag-order-thca-crystals-top-shelf","15":"product_tag-purcharse-thca-crystals-top-shelf","16":"product_tag-shop-thca-crystals-top-shelf","17":"product_tag-thca-crystals-top-shelf","18":"product_tag-thca-crystals-top-shelf-for-sale","19":"product_tag-thca-crystals-top-shelf-legally","20":"product_tag-thca-crystals-top-shelf-online","21":"product_tag-thca-crystals-top-shelf-store","22":"product_tag-thca-crystals-top-shelf-thca-crystals-top-shelf-supplier","23":"product_tag-thca-crystals-top-shelf-use","24":"product_tag-thca-crystals-top-shelf-wiki","25":"product_tag-thca-crystals-top-shelf-worldwide","26":"product_tag-thca-crystals-top-shelfprice","27":"product_tag-thca-crystals-top-shelfs","28":"product_tag-top-quality","29":"product_tag-where-to-buy-thca-crystals-top-shelf","30":"product_tag-where-to-order-thca-crystals-top-shelf","31":"product_tag-wholesale-thca-crystals-top-shelf","32":"desktop-align-left","33":"tablet-align-left","34":"mobile-align-left","35":"ast-product-gallery-layout-horizontal","36":"ast-product-gallery-with-no-image","37":"ast-product-single-variable","38":"ast-product-tabs-layout-horizontal","39":"ast-qv-on-image","41":"first","42":"instock","43":"shipping-taxable","44":"purchasable","45":"product-type-variable"},"yoast_head":"<!-- This site is optimized with the Yoast SEO plugin v25.9 - https:\/\/yoast.com\/wordpress\/plugins\/seo\/ -->\n<title>THCA Crystals for Sale - Order THCA Crystals Online<\/title>\n<meta name=\"description\" content=\"Explore our online store for thca crystals for sale, offering high-quality thca crystals . Buy thca crystals online securely and embark on your research journey with confidence. Order Now!\" \/>\n<meta name=\"robots\" content=\"index, follow, max-snippet:-1, max-image-preview:large, max-video-preview:-1\" \/>\n<link rel=\"canonical\" href=\"https:\/\/legitgrams.com\/it\/prodotto\/cristalli-thca-ripiano-superiore\/\" \/>\n<meta property=\"og:locale\" content=\"it_IT\" \/>\n<meta property=\"og:type\" content=\"article\" \/>\n<meta property=\"og:title\" content=\"THCA Crystals for Sale - Order THCA Crystals Online\" \/>\n<meta property=\"og:description\" content=\"Explore our online store for thca crystals for sale, offering high-quality thca crystals . Buy thca crystals online securely and embark on your research journey with confidence. Order Now!\" \/>\n<meta property=\"og:url\" content=\"https:\/\/legitgrams.com\/it\/prodotto\/cristalli-thca-ripiano-superiore\/\" \/>\n<meta property=\"og:site_name\" content=\"Legit Grams\" \/>\n<meta property=\"article:modified_time\" content=\"2025-01-15T05:45:52+00:00\" \/>\n<meta property=\"og:image\" content=\"https:\/\/legitgrams.com\/wp-content\/uploads\/2024\/09\/Buy-THCA-Crystals-Top-Shelf.jpg\" \/>\n\t<meta property=\"og:image:width\" content=\"600\" \/>\n\t<meta property=\"og:image:height\" content=\"600\" \/>\n\t<meta property=\"og:image:type\" content=\"image\/jpeg\" \/>\n<meta name=\"twitter:card\" content=\"summary_large_image\" \/>\n<meta name=\"twitter:label1\" content=\"Tempo di lettura stimato\" \/>\n\t<meta name=\"twitter:data1\" content=\"3 minuti\" \/>\n<script type=\"application\/ld+json\" class=\"yoast-schema-graph\">{\"@context\":\"https:\/\/schema.org\",\"@graph\":[{\"@type\":\"WebPage\",\"@id\":\"https:\/\/legitgrams.com\/product\/thca-crystals-top-shelf\/\",\"url\":\"https:\/\/legitgrams.com\/product\/thca-crystals-top-shelf\/\",\"name\":\"THCA Crystals for Sale - Order THCA Crystals Online\",\"isPartOf\":{\"@id\":\"https:\/\/legitgrams.com\/#website\"},\"primaryImageOfPage\":{\"@id\":\"https:\/\/legitgrams.com\/product\/thca-crystals-top-shelf\/#primaryimage\"},\"image\":{\"@id\":\"https:\/\/legitgrams.com\/product\/thca-crystals-top-shelf\/#primaryimage\"},\"thumbnailUrl\":\"https:\/\/legitgrams.com\/wp-content\/uploads\/2024\/09\/Buy-THCA-Crystals-Top-Shelf.jpg\",\"datePublished\":\"2024-09-22T07:52:39+00:00\",\"dateModified\":\"2025-01-15T05:45:52+00:00\",\"description\":\"Explore our online store for thca crystals for sale, offering high-quality thca crystals . Buy thca crystals online securely and embark on your research journey with confidence. Order Now!\",\"breadcrumb\":{\"@id\":\"https:\/\/legitgrams.com\/product\/thca-crystals-top-shelf\/#breadcrumb\"},\"inLanguage\":\"it-IT\",\"potentialAction\":[{\"@type\":\"ReadAction\",\"target\":[\"https:\/\/legitgrams.com\/product\/thca-crystals-top-shelf\/\"]}]},{\"@type\":\"ImageObject\",\"inLanguage\":\"it-IT\",\"@id\":\"https:\/\/legitgrams.com\/product\/thca-crystals-top-shelf\/#primaryimage\",\"url\":\"https:\/\/legitgrams.com\/wp-content\/uploads\/2024\/09\/Buy-THCA-Crystals-Top-Shelf.jpg\",\"contentUrl\":\"https:\/\/legitgrams.com\/wp-content\/uploads\/2024\/09\/Buy-THCA-Crystals-Top-Shelf.jpg\",\"width\":600,\"height\":600,\"caption\":\"THCA Crystals for Sale\"},{\"@type\":\"BreadcrumbList\",\"@id\":\"https:\/\/legitgrams.com\/product\/thca-crystals-top-shelf\/#breadcrumb\",\"itemListElement\":[{\"@type\":\"ListItem\",\"position\":1,\"name\":\"Home\",\"item\":\"https:\/\/legitgrams.com\/\"},{\"@type\":\"ListItem\",\"position\":2,\"name\":\"Shop\",\"item\":\"https:\/\/legitgrams.com\/shop\/\"},{\"@type\":\"ListItem\",\"position\":3,\"name\":\"THCA Crystals- Top Shelf\"}]},{\"@type\":\"WebSite\",\"@id\":\"https:\/\/legitgrams.com\/#website\",\"url\":\"https:\/\/legitgrams.com\/\",\"name\":\"Legit Grams\",\"description\":\"My WordPress Blog\",\"publisher\":{\"@id\":\"https:\/\/legitgrams.com\/#organization\"},\"potentialAction\":[{\"@type\":\"SearchAction\",\"target\":{\"@type\":\"EntryPoint\",\"urlTemplate\":\"https:\/\/legitgrams.com\/?s={search_term_string}\"},\"query-input\":{\"@type\":\"PropertyValueSpecification\",\"valueRequired\":true,\"valueName\":\"search_term_string\"}}],\"inLanguage\":\"it-IT\"},{\"@type\":\"Organization\",\"@id\":\"https:\/\/legitgrams.com\/#organization\",\"name\":\"Legit Grams\",\"url\":\"https:\/\/legitgrams.com\/\",\"logo\":{\"@type\":\"ImageObject\",\"inLanguage\":\"it-IT\",\"@id\":\"https:\/\/legitgrams.com\/#\/schema\/logo\/image\/\",\"url\":\"https:\/\/legitgrams.com\/wp-content\/uploads\/2024\/09\/main-logo.png\",\"contentUrl\":\"https:\/\/legitgrams.com\/wp-content\/uploads\/2024\/09\/main-logo.png\",\"width\":270,\"height\":75,\"caption\":\"Legit Grams\"},\"image\":{\"@id\":\"https:\/\/legitgrams.com\/#\/schema\/logo\/image\/\"}}]}<\/script>\n<!-- \/ Yoast SEO plugin. -->","yoast_head_json":{"title":"Cristalli di THCA in vendita - Ordina cristalli di THCA online","description":"Esplora il nostro negozio online di cristalli thca in vendita, offrendo cristalli thca di alta qualit\u00e0. Acquistate i cristalli thca online in modo sicuro e intraprendete il vostro viaggio di ricerca con fiducia. Ordinate ora!","robots":{"index":"index","follow":"follow","max-snippet":"max-snippet:-1","max-image-preview":"max-image-preview:large","max-video-preview":"max-video-preview:-1"},"canonical":"https:\/\/legitgrams.com\/it\/prodotto\/cristalli-thca-ripiano-superiore\/","og_locale":"it_IT","og_type":"article","og_title":"THCA Crystals for Sale - Order THCA Crystals Online","og_description":"Explore our online store for thca crystals for sale, offering high-quality thca crystals . Buy thca crystals online securely and embark on your research journey with confidence. Order Now!","og_url":"https:\/\/legitgrams.com\/it\/prodotto\/cristalli-thca-ripiano-superiore\/","og_site_name":"Legit Grams","article_modified_time":"2025-01-15T05:45:52+00:00","og_image":[{"width":600,"height":600,"url":"https:\/\/legitgrams.com\/wp-content\/uploads\/2024\/09\/Buy-THCA-Crystals-Top-Shelf.jpg","type":"image\/jpeg"}],"twitter_card":"summary_large_image","twitter_misc":{"Tempo di lettura stimato":"3 minuti"},"schema":{"@context":"https:\/\/schema.org","@graph":[{"@type":"WebPage","@id":"https:\/\/legitgrams.com\/product\/thca-crystals-top-shelf\/","url":"https:\/\/legitgrams.com\/product\/thca-crystals-top-shelf\/","name":"Cristalli di THCA in vendita - Ordina cristalli di THCA online","isPartOf":{"@id":"https:\/\/legitgrams.com\/#website"},"primaryImageOfPage":{"@id":"https:\/\/legitgrams.com\/product\/thca-crystals-top-shelf\/#primaryimage"},"image":{"@id":"https:\/\/legitgrams.com\/product\/thca-crystals-top-shelf\/#primaryimage"},"thumbnailUrl":"https:\/\/legitgrams.com\/wp-content\/uploads\/2024\/09\/Buy-THCA-Crystals-Top-Shelf.jpg","datePublished":"2024-09-22T07:52:39+00:00","dateModified":"2025-01-15T05:45:52+00:00","description":"Esplora il nostro negozio online di cristalli thca in vendita, offrendo cristalli thca di alta qualit\u00e0. Acquistate i cristalli thca online in modo sicuro e intraprendete il vostro viaggio di ricerca con fiducia. Ordinate ora!","breadcrumb":{"@id":"https:\/\/legitgrams.com\/product\/thca-crystals-top-shelf\/#breadcrumb"},"inLanguage":"it-IT","potentialAction":[{"@type":"ReadAction","target":["https:\/\/legitgrams.com\/product\/thca-crystals-top-shelf\/"]}]},{"@type":"ImageObject","inLanguage":"it-IT","@id":"https:\/\/legitgrams.com\/product\/thca-crystals-top-shelf\/#primaryimage","url":"https:\/\/legitgrams.com\/wp-content\/uploads\/2024\/09\/Buy-THCA-Crystals-Top-Shelf.jpg","contentUrl":"https:\/\/legitgrams.com\/wp-content\/uploads\/2024\/09\/Buy-THCA-Crystals-Top-Shelf.jpg","width":600,"height":600,"caption":"THCA Crystals for Sale"},{"@type":"BreadcrumbList","@id":"https:\/\/legitgrams.com\/product\/thca-crystals-top-shelf\/#breadcrumb","itemListElement":[{"@type":"ListItem","position":1,"name":"Home","item":"https:\/\/legitgrams.com\/"},{"@type":"ListItem","position":2,"name":"Shop","item":"https:\/\/legitgrams.com\/shop\/"},{"@type":"ListItem","position":3,"name":"THCA Crystals- Top Shelf"}]},{"@type":"WebSite","@id":"https:\/\/legitgrams.com\/#website","url":"https:\/\/legitgrams.com\/","name":"Grammi legittimi","description":"Il mio blog WordPress","publisher":{"@id":"https:\/\/legitgrams.com\/#organization"},"potentialAction":[{"@type":"SearchAction","target":{"@type":"EntryPoint","urlTemplate":"https:\/\/legitgrams.com\/?s={search_term_string}"},"query-input":{"@type":"PropertyValueSpecification","valueRequired":true,"valueName":"search_term_string"}}],"inLanguage":"it-IT"},{"@type":"Organization","@id":"https:\/\/legitgrams.com\/#organization","name":"Grammi legittimi","url":"https:\/\/legitgrams.com\/","logo":{"@type":"ImageObject","inLanguage":"it-IT","@id":"https:\/\/legitgrams.com\/#\/schema\/logo\/image\/","url":"https:\/\/legitgrams.com\/wp-content\/uploads\/2024\/09\/main-logo.png","contentUrl":"https:\/\/legitgrams.com\/wp-content\/uploads\/2024\/09\/main-logo.png","width":270,"height":75,"caption":"Legit Grams"},"image":{"@id":"https:\/\/legitgrams.com\/#\/schema\/logo\/image\/"}}]}},"uagb_featured_image_src":{"full":["https:\/\/legitgrams.com\/wp-content\/uploads\/2024\/09\/Buy-THCA-Crystals-Top-Shelf.jpg",600,600,false],"thumbnail":["https:\/\/legitgrams.com\/wp-content\/uploads\/2024\/09\/Buy-THCA-Crystals-Top-Shelf-150x150.jpg",150,150,true],"medium":["https:\/\/legitgrams.com\/wp-content\/uploads\/2024\/09\/Buy-THCA-Crystals-Top-Shelf-300x300.jpg",300,300,true],"medium_large":["https:\/\/legitgrams.com\/wp-content\/uploads\/2024\/09\/Buy-THCA-Crystals-Top-Shelf.jpg",600,600,false],"large":["https:\/\/legitgrams.com\/wp-content\/uploads\/2024\/09\/Buy-THCA-Crystals-Top-Shelf.jpg",600,600,false],"1536x1536":["https:\/\/legitgrams.com\/wp-content\/uploads\/2024\/09\/Buy-THCA-Crystals-Top-Shelf.jpg",600,600,false],"2048x2048":["https:\/\/legitgrams.com\/wp-content\/uploads\/2024\/09\/Buy-THCA-Crystals-Top-Shelf.jpg",600,600,false],"trp-custom-language-flag":["https:\/\/legitgrams.com\/wp-content\/uploads\/2024\/09\/Buy-THCA-Crystals-Top-Shelf-12x12.jpg",12,12,true],"woocommerce_thumbnail":["https:\/\/legitgrams.com\/wp-content\/uploads\/2024\/09\/Buy-THCA-Crystals-Top-Shelf-300x300.jpg",300,300,true],"woocommerce_single":["https:\/\/legitgrams.com\/wp-content\/uploads\/2024\/09\/Buy-THCA-Crystals-Top-Shelf.jpg",600,600,false],"woocommerce_gallery_thumbnail":["https:\/\/legitgrams.com\/wp-content\/uploads\/2024\/09\/Buy-THCA-Crystals-Top-Shelf-100x100.jpg",100,100,true]},"uagb_author_info":{"display_name":"cokeblog18","author_link":"https:\/\/legitgrams.com\/it\/author\/"},"uagb_comment_info":0,"uagb_excerpt":"Purchase THCA Crystals- Top Shelf Online Top Shelf THCA Crystals for Sale Tetrahydrocannabinolic corrosive, or THCA, is a cannabis molecule that, despite preliminary research, is beginning to show promise as a therapeutic agent. You are familiar with THC, but THCA has very different qualities, even though they may sound similar. THCA is a non-inebriating cannabinoid&hellip;","_links":{"self":[{"href":"https:\/\/legitgrams.com\/it\/wp-json\/wp\/v2\/product\/4260","targetHints":{"allow":["GET"]}}],"collection":[{"href":"https:\/\/legitgrams.com\/it\/wp-json\/wp\/v2\/product"}],"about":[{"href":"https:\/\/legitgrams.com\/it\/wp-json\/wp\/v2\/types\/product"}],"replies":[{"embeddable":true,"href":"https:\/\/legitgrams.com\/it\/wp-json\/wp\/v2\/comments?post=4260"}],"wp:featuredmedia":[{"embeddable":true,"href":"https:\/\/legitgrams.com\/it\/wp-json\/wp\/v2\/media\/5392"}],"wp:attachment":[{"href":"https:\/\/legitgrams.com\/it\/wp-json\/wp\/v2\/media?parent=4260"}],"wp:term":[{"taxonomy":"product_brand","embeddable":true,"href":"https:\/\/legitgrams.com\/it\/wp-json\/wp\/v2\/product_brand?post=4260"},{"taxonomy":"product_cat","embeddable":true,"href":"https:\/\/legitgrams.com\/it\/wp-json\/wp\/v2\/product_cat?post=4260"},{"taxonomy":"product_tag","embeddable":true,"href":"https:\/\/legitgrams.com\/it\/wp-json\/wp\/v2\/product_tag?post=4260"}],"curies":[{"name":"wp","href":"https:\/\/api.w.org\/{rel}","templated":true}]}}