{"id":4261,"date":"2024-09-22T07:54:25","date_gmt":"2024-09-22T07:54:25","guid":{"rendered":"https:\/\/legitgrams.com\/?post_type=product&#038;p=4261"},"modified":"2025-04-03T06:24:51","modified_gmt":"2025-04-03T06:24:51","slug":"5-metossimetilone-in-polvere","status":"publish","type":"product","link":"https:\/\/legitgrams.com\/it\/prodotto\/5-metossimetilone-in-polvere\/","title":{"rendered":"Acquista 5-Metossimetilone in polvere online"},"content":{"rendered":"<h2>5. Metossimetilone in polvere in vendita<\/h2>\n<p><a href=\"https:\/\/www.bing.com\/search?q=Acquista5-Metossimetiloneinpolvereonline&amp;qs=n&amp;form=QBRE&amp;sp=-1&amp;lq=0&amp;pq=acquista5-metossimetiloneinpolvereonline&amp;sc=0-44&amp;sk=&amp;cvid=8FEF0B8F25024B8880177923CFE8514C&amp;ghsh=0&amp;ghacc=0&amp;ghpl=\">2-A1MP<\/a>, also known as <a href=\"https:\/\/en.wikipedia.org\/wiki\/5-Methoxymethylone\">5-metossimetile<\/a> o cloridrato e bk-MMDMA, \u00e8 una sostanza chimica appartenente alla classe dei catinone. Questo beta-chetone 5-metossi-MDMA non \u00e8 stato testato sugli animali. Poich\u00e9 la denominazione 2-A1MP non ha nulla a che fare con la struttura del farmaco, \u00e8 raro che questi farmaci abbiano nomi che corrispondono alla loro struttura molecolare. <a href=\"https:\/\/legitgrams.com\/it\/\">LegitGrams<\/a><\/p>\n<p>Acquista in polvere <a href=\"https:\/\/legitgrams.com\/it\/prodotto\/5-metossimetilone-in-polvere\/\">5-Methoxymethylone<\/a> online: Acquista cinque metilmetilone, <a href=\"https:\/\/www.google.com\/search?q=Buy+5-Methoxymethylone+Powder+Online&amp;num=10&amp;sca_esv=1a2a07081c7891bb&amp;rlz=1C1RXQR_enIN1098IN1098&amp;sxsrf=AHTn8zoSAtBDTiPS8asK2a-u7iTuQe_-TA%3A1742187241404&amp;ei=6arXZ_2iGOeq4-EPkM2nwAg&amp;ved=0ahUKEwi9u5-dqZCMAxVn1TgGHZDmCYgQ4dUDCBA&amp;uact=5&amp;oq=Buy+5-Methoxymethylone+Powder+Online&amp;gs_lp=Egxnd3Mtd2l6LXNlcnAiJEJ1eSA1LU1ldGhveHltZXRoeWxvbmUgUG93ZGVyIE9ubGluZTIHECEYoAEYCjIHECEYoAEYCjIHECEYoAEYCjIHECEYoAEYCkj1B1DyA1jyA3ADeAGQAQCYAdABoAHQAaoBAzItMbgBA8gBAPgBAvgBAZgCBKAC8gHCAgoQABiwAxjWBBhHmAMAiAYBkAYIkgcFMy4wLjGgB5QF&amp;sclient=gws-wiz-serp\">acquista cinque metilmetilone in polvere<\/a>, e acquistare cinque metilmetilone online. Dove posso acquistare 5-metilone in polvere online? Dove posso acquistare 5-metilone in polvere online? Dove posso <a href=\"https:\/\/duckduckgo.com\/?q=Acquista+5-Metossimetilone+in+polvere+online&amp;t=h_\">Acquisto 5-metilone in polvere online<\/a>? Gli Stati Uniti, il Canada e il Regno Unito vendono polvere di 5-metilone? acquisto, internet, venditori, spedizione sicura, la polvere di 5-metossimetilone \u00e8 ancora disponibile. \u00c8 legale acquistare polvere di 5-metossimetilone online negli Stati Uniti? Dove posso acquistare polvere di 5-metossimetilone negli Stati Uniti ed \u00e8 sicuro da usare in Canada?<\/p>","protected":false},"excerpt":{"rendered":"<p>5. Powdered Methoxymethylone for Sale 2-A1MP, also known as 5-methoxymethyl or hydrochloride and bk-MMDMA, is a chemical belonging to the cathinone class. This 5-methoxy-MDMA beta-ketone has not been tested on animals. Since the 2-A1MP appellation has nothing to do with the drug&#8217;s structure, it is rare for these drugs to have names that match their &hellip;<\/p>\n<p class=\"read-more\"> <a class=\"\" href=\"https:\/\/legitgrams.com\/it\/prodotto\/5-metossimetilone-in-polvere\/\"> <span class=\"screen-reader-text\">Acquista 5-Metossimetilone in polvere online<\/span> Leggi tutto \"<\/a><\/p>","protected":false},"featured_media":5261,"comment_status":"open","ping_status":"closed","template":"","meta":{"_uag_custom_page_level_css":"","site-sidebar-layout":"default","site-content-layout":"default","ast-global-header-display":"","ast-main-header-display":"","ast-hfb-above-header-display":"","ast-hfb-below-header-display":"","ast-hfb-mobile-header-display":"","site-post-title":"","ast-breadcrumbs-content":"","ast-featured-img":"","footer-sml-layout":"","theme-transparent-header-meta":"default","adv-header-id-meta":"","stick-header-meta":"default","header-above-stick-meta":"","header-main-stick-meta":"","header-below-stick-meta":"","_joinchat":[]},"product_brand":[],"product_cat":[600],"product_tag":[1388,1392,1391,1399,1390,1402,1409,1410,1408,1400,1405,1407,1397,617,1389,1404,1401,1396,1394,1406,1403,625,1395,1398,1393],"class_list":{"0":"post-4261","1":"product","2":"type-product","3":"status-publish","4":"has-post-thumbnail","6":"product_cat-research-chemicals-and-bath-salt","7":"product_tag-5-methoxymethylone-powder","8":"product_tag-5-methoxymethylone-powder-5-methoxymethylone-powder-supplier","9":"product_tag-5-methoxymethylone-powder-for-sale","10":"product_tag-5-methoxymethylone-powder-legally","11":"product_tag-5-methoxymethylone-powder-online","12":"product_tag-5-methoxymethylone-powder-store","13":"product_tag-5-methoxymethylone-powder-use","14":"product_tag-5-methoxymethylone-powder-wiki","15":"product_tag-5-methoxymethylone-powder-worldwide","16":"product_tag-5-methoxymethylone-powderprice","17":"product_tag-5-methoxymethylone-powders","18":"product_tag-best-cheap-price-5-methoxymethylone-powder","19":"product_tag-best-place-to-buy-5-methoxymethylone-powder","20":"product_tag-bulk-online","21":"product_tag-buy-5-methoxymethylone-powder","22":"product_tag-cheap-5-methoxymethylone-powder","23":"product_tag-high-quality-5-methoxymethylone-powder","24":"product_tag-how-to-buy-5-methoxymethylone-powder","25":"product_tag-order-5-methoxymethylone-powder","26":"product_tag-purcharse-5-methoxymethylone-powder","27":"product_tag-shop-5-methoxymethylone-powder","28":"product_tag-top-quality","29":"product_tag-where-to-buy-5-methoxymethylone-powder","30":"product_tag-where-to-order-5-methoxymethylone-powder","31":"product_tag-wholesale-5-methoxymethylone-powder","32":"desktop-align-left","33":"tablet-align-left","34":"mobile-align-left","35":"ast-product-gallery-layout-horizontal","36":"ast-product-gallery-with-no-image","37":"ast-product-single-variable","38":"ast-product-tabs-layout-horizontal","39":"ast-qv-on-image","41":"first","42":"instock","43":"shipping-taxable","44":"purchasable","45":"product-type-variable"},"yoast_head":"<!-- This site is optimized with the Yoast SEO plugin v25.9 - https:\/\/yoast.com\/wordpress\/plugins\/seo\/ -->\n<title>5-Methoxymethylone for Sale - Buy 5-Methoxymethylone Online<\/title>\n<meta name=\"description\" content=\"Looking to buy 5-Methoxymethylone powder online at a reasonable price? Visit our reputable online legitgrams store and get 5-Methoxymethylone for sale today. Order Now and Get Discreet Shipping!\" \/>\n<meta name=\"robots\" content=\"index, follow, max-snippet:-1, max-image-preview:large, max-video-preview:-1\" \/>\n<link rel=\"canonical\" href=\"https:\/\/legitgrams.com\/it\/prodotto\/5-metossimetilone-in-polvere\/\" \/>\n<meta property=\"og:locale\" content=\"it_IT\" \/>\n<meta property=\"og:type\" content=\"article\" \/>\n<meta property=\"og:title\" content=\"5-Methoxymethylone for Sale - Buy 5-Methoxymethylone Online\" \/>\n<meta property=\"og:description\" content=\"Looking to buy 5-Methoxymethylone powder online at a reasonable price? Visit our reputable online legitgrams store and get 5-Methoxymethylone for sale today. Order Now and Get Discreet Shipping!\" \/>\n<meta property=\"og:url\" content=\"https:\/\/legitgrams.com\/it\/prodotto\/5-metossimetilone-in-polvere\/\" \/>\n<meta property=\"og:site_name\" content=\"Legit Grams\" \/>\n<meta property=\"article:modified_time\" content=\"2025-04-03T06:24:51+00:00\" \/>\n<meta property=\"og:image\" content=\"https:\/\/legitgrams.com\/wp-content\/uploads\/2024\/09\/buy-5-methoxymethylone-powder-online.jpg\" \/>\n\t<meta property=\"og:image:width\" content=\"600\" \/>\n\t<meta property=\"og:image:height\" content=\"600\" \/>\n\t<meta property=\"og:image:type\" content=\"image\/jpeg\" \/>\n<meta name=\"twitter:card\" content=\"summary_large_image\" \/>\n<meta name=\"twitter:label1\" content=\"Tempo di lettura stimato\" \/>\n\t<meta name=\"twitter:data1\" content=\"1 minuto\" \/>\n<script type=\"application\/ld+json\" class=\"yoast-schema-graph\">{\"@context\":\"https:\/\/schema.org\",\"@graph\":[{\"@type\":\"WebPage\",\"@id\":\"https:\/\/legitgrams.com\/product\/5-methoxymethylone-powder\/\",\"url\":\"https:\/\/legitgrams.com\/product\/5-methoxymethylone-powder\/\",\"name\":\"5-Methoxymethylone for Sale - Buy 5-Methoxymethylone Online\",\"isPartOf\":{\"@id\":\"https:\/\/legitgrams.com\/#website\"},\"primaryImageOfPage\":{\"@id\":\"https:\/\/legitgrams.com\/product\/5-methoxymethylone-powder\/#primaryimage\"},\"image\":{\"@id\":\"https:\/\/legitgrams.com\/product\/5-methoxymethylone-powder\/#primaryimage\"},\"thumbnailUrl\":\"https:\/\/legitgrams.com\/wp-content\/uploads\/2024\/09\/buy-5-methoxymethylone-powder-online.jpg\",\"datePublished\":\"2024-09-22T07:54:25+00:00\",\"dateModified\":\"2025-04-03T06:24:51+00:00\",\"description\":\"Looking to buy 5-Methoxymethylone powder online at a reasonable price? Visit our reputable online legitgrams store and get 5-Methoxymethylone for sale today. Order Now and Get Discreet Shipping!\",\"breadcrumb\":{\"@id\":\"https:\/\/legitgrams.com\/product\/5-methoxymethylone-powder\/#breadcrumb\"},\"inLanguage\":\"it-IT\",\"potentialAction\":[{\"@type\":\"ReadAction\",\"target\":[\"https:\/\/legitgrams.com\/product\/5-methoxymethylone-powder\/\"]}]},{\"@type\":\"ImageObject\",\"inLanguage\":\"it-IT\",\"@id\":\"https:\/\/legitgrams.com\/product\/5-methoxymethylone-powder\/#primaryimage\",\"url\":\"https:\/\/legitgrams.com\/wp-content\/uploads\/2024\/09\/buy-5-methoxymethylone-powder-online.jpg\",\"contentUrl\":\"https:\/\/legitgrams.com\/wp-content\/uploads\/2024\/09\/buy-5-methoxymethylone-powder-online.jpg\",\"width\":600,\"height\":600,\"caption\":\"5-Methoxymethylone Powder for Sale\"},{\"@type\":\"BreadcrumbList\",\"@id\":\"https:\/\/legitgrams.com\/product\/5-methoxymethylone-powder\/#breadcrumb\",\"itemListElement\":[{\"@type\":\"ListItem\",\"position\":1,\"name\":\"Home\",\"item\":\"https:\/\/legitgrams.com\/\"},{\"@type\":\"ListItem\",\"position\":2,\"name\":\"Shop\",\"item\":\"https:\/\/legitgrams.com\/shop\/\"},{\"@type\":\"ListItem\",\"position\":3,\"name\":\"Buy 5-Methoxymethylone Powder Online\"}]},{\"@type\":\"WebSite\",\"@id\":\"https:\/\/legitgrams.com\/#website\",\"url\":\"https:\/\/legitgrams.com\/\",\"name\":\"Legit Grams\",\"description\":\"My WordPress Blog\",\"publisher\":{\"@id\":\"https:\/\/legitgrams.com\/#organization\"},\"potentialAction\":[{\"@type\":\"SearchAction\",\"target\":{\"@type\":\"EntryPoint\",\"urlTemplate\":\"https:\/\/legitgrams.com\/?s={search_term_string}\"},\"query-input\":{\"@type\":\"PropertyValueSpecification\",\"valueRequired\":true,\"valueName\":\"search_term_string\"}}],\"inLanguage\":\"it-IT\"},{\"@type\":\"Organization\",\"@id\":\"https:\/\/legitgrams.com\/#organization\",\"name\":\"Legit Grams\",\"url\":\"https:\/\/legitgrams.com\/\",\"logo\":{\"@type\":\"ImageObject\",\"inLanguage\":\"it-IT\",\"@id\":\"https:\/\/legitgrams.com\/#\/schema\/logo\/image\/\",\"url\":\"https:\/\/legitgrams.com\/wp-content\/uploads\/2024\/09\/main-logo.png\",\"contentUrl\":\"https:\/\/legitgrams.com\/wp-content\/uploads\/2024\/09\/main-logo.png\",\"width\":270,\"height\":75,\"caption\":\"Legit Grams\"},\"image\":{\"@id\":\"https:\/\/legitgrams.com\/#\/schema\/logo\/image\/\"}}]}<\/script>\n<!-- \/ Yoast SEO plugin. -->","yoast_head_json":{"title":"5-Metossimetilone in vendita - Comprare 5-Metossimetilone online","description":"Stai cercando di acquistare la polvere di 5-Methoxymethylone online a un prezzo ragionevole? Visita il nostro affidabile negozio online legitgrams e ottenere 5-Methoxymethylone in vendita oggi. Ordina ora e ottieni una spedizione discreta!","robots":{"index":"index","follow":"follow","max-snippet":"max-snippet:-1","max-image-preview":"max-image-preview:large","max-video-preview":"max-video-preview:-1"},"canonical":"https:\/\/legitgrams.com\/it\/prodotto\/5-metossimetilone-in-polvere\/","og_locale":"it_IT","og_type":"article","og_title":"5-Methoxymethylone for Sale - Buy 5-Methoxymethylone Online","og_description":"Looking to buy 5-Methoxymethylone powder online at a reasonable price? Visit our reputable online legitgrams store and get 5-Methoxymethylone for sale today. Order Now and Get Discreet Shipping!","og_url":"https:\/\/legitgrams.com\/it\/prodotto\/5-metossimetilone-in-polvere\/","og_site_name":"Legit Grams","article_modified_time":"2025-04-03T06:24:51+00:00","og_image":[{"width":600,"height":600,"url":"https:\/\/legitgrams.com\/wp-content\/uploads\/2024\/09\/buy-5-methoxymethylone-powder-online.jpg","type":"image\/jpeg"}],"twitter_card":"summary_large_image","twitter_misc":{"Tempo di lettura stimato":"1 minuto"},"schema":{"@context":"https:\/\/schema.org","@graph":[{"@type":"WebPage","@id":"https:\/\/legitgrams.com\/product\/5-methoxymethylone-powder\/","url":"https:\/\/legitgrams.com\/product\/5-methoxymethylone-powder\/","name":"5-Metossimetilone in vendita - Comprare 5-Metossimetilone online","isPartOf":{"@id":"https:\/\/legitgrams.com\/#website"},"primaryImageOfPage":{"@id":"https:\/\/legitgrams.com\/product\/5-methoxymethylone-powder\/#primaryimage"},"image":{"@id":"https:\/\/legitgrams.com\/product\/5-methoxymethylone-powder\/#primaryimage"},"thumbnailUrl":"https:\/\/legitgrams.com\/wp-content\/uploads\/2024\/09\/buy-5-methoxymethylone-powder-online.jpg","datePublished":"2024-09-22T07:54:25+00:00","dateModified":"2025-04-03T06:24:51+00:00","description":"Stai cercando di acquistare la polvere di 5-Methoxymethylone online a un prezzo ragionevole? Visita il nostro affidabile negozio online legitgrams e ottenere 5-Methoxymethylone in vendita oggi. Ordina ora e ottieni una spedizione discreta!","breadcrumb":{"@id":"https:\/\/legitgrams.com\/product\/5-methoxymethylone-powder\/#breadcrumb"},"inLanguage":"it-IT","potentialAction":[{"@type":"ReadAction","target":["https:\/\/legitgrams.com\/product\/5-methoxymethylone-powder\/"]}]},{"@type":"ImageObject","inLanguage":"it-IT","@id":"https:\/\/legitgrams.com\/product\/5-methoxymethylone-powder\/#primaryimage","url":"https:\/\/legitgrams.com\/wp-content\/uploads\/2024\/09\/buy-5-methoxymethylone-powder-online.jpg","contentUrl":"https:\/\/legitgrams.com\/wp-content\/uploads\/2024\/09\/buy-5-methoxymethylone-powder-online.jpg","width":600,"height":600,"caption":"5-Methoxymethylone Powder for Sale"},{"@type":"BreadcrumbList","@id":"https:\/\/legitgrams.com\/product\/5-methoxymethylone-powder\/#breadcrumb","itemListElement":[{"@type":"ListItem","position":1,"name":"Home","item":"https:\/\/legitgrams.com\/"},{"@type":"ListItem","position":2,"name":"Shop","item":"https:\/\/legitgrams.com\/shop\/"},{"@type":"ListItem","position":3,"name":"Buy 5-Methoxymethylone Powder Online"}]},{"@type":"WebSite","@id":"https:\/\/legitgrams.com\/#website","url":"https:\/\/legitgrams.com\/","name":"Grammi legittimi","description":"Il mio blog WordPress","publisher":{"@id":"https:\/\/legitgrams.com\/#organization"},"potentialAction":[{"@type":"SearchAction","target":{"@type":"EntryPoint","urlTemplate":"https:\/\/legitgrams.com\/?s={search_term_string}"},"query-input":{"@type":"PropertyValueSpecification","valueRequired":true,"valueName":"search_term_string"}}],"inLanguage":"it-IT"},{"@type":"Organization","@id":"https:\/\/legitgrams.com\/#organization","name":"Grammi legittimi","url":"https:\/\/legitgrams.com\/","logo":{"@type":"ImageObject","inLanguage":"it-IT","@id":"https:\/\/legitgrams.com\/#\/schema\/logo\/image\/","url":"https:\/\/legitgrams.com\/wp-content\/uploads\/2024\/09\/main-logo.png","contentUrl":"https:\/\/legitgrams.com\/wp-content\/uploads\/2024\/09\/main-logo.png","width":270,"height":75,"caption":"Legit Grams"},"image":{"@id":"https:\/\/legitgrams.com\/#\/schema\/logo\/image\/"}}]}},"uagb_featured_image_src":{"full":["https:\/\/legitgrams.com\/wp-content\/uploads\/2024\/09\/buy-5-methoxymethylone-powder-online.jpg",600,600,false],"thumbnail":["https:\/\/legitgrams.com\/wp-content\/uploads\/2024\/09\/buy-5-methoxymethylone-powder-online-150x150.jpg",150,150,true],"medium":["https:\/\/legitgrams.com\/wp-content\/uploads\/2024\/09\/buy-5-methoxymethylone-powder-online-300x300.jpg",300,300,true],"medium_large":["https:\/\/legitgrams.com\/wp-content\/uploads\/2024\/09\/buy-5-methoxymethylone-powder-online.jpg",600,600,false],"large":["https:\/\/legitgrams.com\/wp-content\/uploads\/2024\/09\/buy-5-methoxymethylone-powder-online.jpg",600,600,false],"1536x1536":["https:\/\/legitgrams.com\/wp-content\/uploads\/2024\/09\/buy-5-methoxymethylone-powder-online.jpg",600,600,false],"2048x2048":["https:\/\/legitgrams.com\/wp-content\/uploads\/2024\/09\/buy-5-methoxymethylone-powder-online.jpg",600,600,false],"trp-custom-language-flag":["https:\/\/legitgrams.com\/wp-content\/uploads\/2024\/09\/buy-5-methoxymethylone-powder-online-12x12.jpg",12,12,true],"woocommerce_thumbnail":["https:\/\/legitgrams.com\/wp-content\/uploads\/2024\/09\/buy-5-methoxymethylone-powder-online-300x300.jpg",300,300,true],"woocommerce_single":["https:\/\/legitgrams.com\/wp-content\/uploads\/2024\/09\/buy-5-methoxymethylone-powder-online.jpg",600,600,false],"woocommerce_gallery_thumbnail":["https:\/\/legitgrams.com\/wp-content\/uploads\/2024\/09\/buy-5-methoxymethylone-powder-online-100x100.jpg",100,100,true]},"uagb_author_info":{"display_name":"cokeblog18","author_link":"https:\/\/legitgrams.com\/it\/author\/"},"uagb_comment_info":0,"uagb_excerpt":"5. Powdered Methoxymethylone for Sale 2-A1MP, also known as 5-methoxymethyl or hydrochloride and bk-MMDMA, is a chemical belonging to the cathinone class. This 5-methoxy-MDMA beta-ketone has not been tested on animals. Since the 2-A1MP appellation has nothing to do with the drug&#8217;s structure, it is rare for these drugs to have names that match their&hellip;","_links":{"self":[{"href":"https:\/\/legitgrams.com\/it\/wp-json\/wp\/v2\/product\/4261","targetHints":{"allow":["GET"]}}],"collection":[{"href":"https:\/\/legitgrams.com\/it\/wp-json\/wp\/v2\/product"}],"about":[{"href":"https:\/\/legitgrams.com\/it\/wp-json\/wp\/v2\/types\/product"}],"replies":[{"embeddable":true,"href":"https:\/\/legitgrams.com\/it\/wp-json\/wp\/v2\/comments?post=4261"}],"wp:featuredmedia":[{"embeddable":true,"href":"https:\/\/legitgrams.com\/it\/wp-json\/wp\/v2\/media\/5261"}],"wp:attachment":[{"href":"https:\/\/legitgrams.com\/it\/wp-json\/wp\/v2\/media?parent=4261"}],"wp:term":[{"taxonomy":"product_brand","embeddable":true,"href":"https:\/\/legitgrams.com\/it\/wp-json\/wp\/v2\/product_brand?post=4261"},{"taxonomy":"product_cat","embeddable":true,"href":"https:\/\/legitgrams.com\/it\/wp-json\/wp\/v2\/product_cat?post=4261"},{"taxonomy":"product_tag","embeddable":true,"href":"https:\/\/legitgrams.com\/it\/wp-json\/wp\/v2\/product_tag?post=4261"}],"curies":[{"name":"wp","href":"https:\/\/api.w.org\/{rel}","templated":true}]}}