{"id":4277,"date":"2024-09-22T08:23:22","date_gmt":"2024-09-22T08:23:22","guid":{"rendered":"https:\/\/legitgrams.com\/?post_type=product&#038;p=4277"},"modified":"2025-04-02T18:37:40","modified_gmt":"2025-04-02T18:37:40","slug":"qualita-pillole-di-ecstasy-rolex-blu","status":"publish","type":"product","link":"https:\/\/legitgrams.com\/it\/prodotto\/qualita-pillole-di-ecstasy-rolex-blu\/","title":{"rendered":"Acquista pillole di ecstasy Rolex blu di qualit\u00e0 online"},"content":{"rendered":"<h2>Acquisto online di pillole di ecstasy Rolex blu di alta qualit\u00e0<\/h2>\n<p>L'ecstasy fu creata per la prima volta dalla Merck Drug Relationship nel 1912. Le fu dato il nome di \"<a href=\"https:\/\/www.bing.com\/search?q=AcquistapillolediecstasyRolexbludiqualitonline&amp;qs=n&amp;form=QBRE&amp;sp=-1&amp;lq=0&amp;pq=acquistapillolediecstasyrolexbludiqualitonline&amp;sc=0-55&amp;sk=&amp;cvid=F8C051E232FB4C0C972C0BFD36D0F16D&amp;ghsh=0&amp;ghacc=0&amp;ghpl=\">MDMA<\/a>\u201d a causa della sua struttura distinta. Nel 1953, le Forze Armate degli Stati Uniti lo impiegarono per la prima volta nei test di coinvolgimento mentale. Negli anni '60, fu utilizzato ancora una volta per un periodo di tempo limitato come metodo terapeutico per \"inibizioni inferiori\".1. L'MDMA non acquis\u00ec popolarit\u00e0 come droga di raccolta fino agli anni '70.<\/p>\n<p>Verso la met\u00e0 degli anni '80, <a href=\"https:\/\/www.google.com\/search?q=Acquista+pillole+di+ecstasy+Rolex+blu+di+qualit+online&amp;sca_esv=eddefdb7b92e7545&amp;sxsrf=AHTn8zqZZhkriI4bA1lwObwRbkFdtwG7Tg1743619482453&amp;ei=moXtZ6CzG4-H0PEP27jz6Ac&amp;ved=0ahUKEwig6P_egLqMAxWPAzQIHVvcHH0Q4dUDCBA&amp;uact=5&amp;oq=Acquista+pillole+di+ecstasy+Rolex+blu+di+qualit+online&amp;gs_lp=Egxnd3Mtd2l6LXNlcnAiOEFjcXVpc3RhIHBpbGxvbGUgZGkgZWNzdGFzeSBSb2xleCBibHUgZGkgcXVhbGl0w6Agb25saW5lMgsQABiABBiwAxiiBDIIEAAYsAMY7wUyCBAAGLADGO8FMgsQABiABBiwAxiiBDIIEAAYsAMY7wVI6QlQ8QRY8QRwAXgAkAEAmAEAoAEAqgEAuAEDyAEA-AEC-AEBmAIBoAIKmAMAiAYBkAYFkgcBMaAHALIHALgHAA&amp;sclient=gws-wiz-serp\">MDMA<\/a> veniva commercializzata come \"la cosa pi\u00f9 spumeggiante della tecnica con la missione di compiacere attraverso la scienza\" e come la \"soluzione\" per feste durature. Sebbene l'MDMA fosse ancora una droga popolare nel 1984 e fosse venduta con il nome di \"Joy\", problemi di sicurezza ne avevano limitato la distribuzione entro il 1985.<span style=\"font-size: 16px;\">\u00a0<\/span><a style=\"font-size: 16px; background-color: #ffffff;\" href=\"https:\/\/legitgrams.com\/it\/\">LegitGrams<\/a><\/p>\n<p>In particolare, il <a href=\"https:\/\/duckduckgo.com\/?q=Buy+Quality+Blue+Rolex+Ecstasy+pills+Online&amp;t=h_&amp;ia=web\">tablet Rolex blu<\/a> pu\u00f2 essere cruciale per le persone con disturbo da componente schiacciante post-arresto (PTSD). Molti pazienti hanno difficolt\u00e0 a parlare delle circostanze pericolose che hanno portato per prime ai loro problemi. Si ipotizza che la realizzazione potrebbe aiutare le persone a riprendersi da questi gravi traumi.<\/p>\n<p>Doblin, cinquantenne, \u00e8 davvero impreparato, incapace e poco attento; ha un alto livello di responsabilit\u00e0 correlata alla droga a causa del suo grave uso di droga. Le sue parole, \"Ha migliorato notevolmente la mia vita\", ha recentemente accettato l'idea che Joy e altri stimolanti abbiano criteri di successo fondamentali.<\/p>\n<p>Se stai davvero cercando un'organizzazione che possa offrirti prodotti della migliore qualit\u00e0, sei nel posto giusto. Grazie alle opzioni dei nostri prodotti, puoi selezionare i migliori articoli presso la nostra fondazione per costruire un rapporto con noi che funzioni e guadagnare la tua fiducia. I tablet Rolex blu ti saranno consegnati a casa in cinque giorni lavorativi se inserisci le tue vendite oggi.<\/p>\n<p>Acquisto di qualit\u00e0 <a href=\"https:\/\/en.wikipedia.org\/wiki\/Ecstasy\">Pillole di ecstasy Blue Rolex<\/a> Acquisto online di pillole di ecstasy, Acquisto di pillole di ecstasy di qualit\u00e0, Acquisto di pillole di ecstasy di qualit\u00e0, Dove acquistare pillole di ecstasy di qualit\u00e0, Vendita di pillole di ecstasy di qualit\u00e0, Acquisto di ecstasy online, Dove acquistare pillole di ecstasy online, Acquisto di pillole di ecstasy di qualit\u00e0. <a href=\"https:\/\/legitgrams.com\/it\/prodotto\/qualita-pillole-di-ecstasy-rolex-blu\/\">Rolex Ecstasy<\/a> Pillole in vendita negli Stati Uniti, Canada, Regno Unito, Acquisto, Online, Fornitori, Consegna sicura, \u00c8 ancora possibile ottenere pillole di ecstasy di qualit\u00e0 Blue Rolex. Potete anche scoprire se sono legali negli Stati Uniti, come ordinare le pillole di ecstasy Blue Rolex di qualit\u00e0 e se sono legali in Canada.<\/p>","protected":false},"excerpt":{"rendered":"<p>Online Purchase of High-Quality Blue Rolex Ecstasy Pills Ecstasy was first created by the Merck drug relationship in 1912. It was given the name &#8220;MDMA&#8221; because to its distinct structure. In 1953, the US Armed Forces employed it for the first time in mental engagement tests. In the 1960s, it was utilized once more for &hellip;<\/p>\n<p class=\"read-more\"> <a class=\"\" href=\"https:\/\/legitgrams.com\/it\/prodotto\/qualita-pillole-di-ecstasy-rolex-blu\/\"> <span class=\"screen-reader-text\">Acquista pillole di ecstasy Rolex blu di qualit\u00e0 online<\/span> Leggi tutto \"<\/a><\/p>","protected":false},"featured_media":5198,"comment_status":"open","ping_status":"closed","template":"","meta":{"_uag_custom_page_level_css":"","site-sidebar-layout":"default","site-content-layout":"default","ast-global-header-display":"","ast-main-header-display":"","ast-hfb-above-header-display":"","ast-hfb-below-header-display":"","ast-hfb-mobile-header-display":"","site-post-title":"","ast-breadcrumbs-content":"","ast-featured-img":"","footer-sml-layout":"","theme-transparent-header-meta":"default","adv-header-id-meta":"","stick-header-meta":"default","header-above-stick-meta":"","header-main-stick-meta":"","header-below-stick-meta":"","_joinchat":[]},"product_brand":[],"product_cat":[596],"product_tag":[1200,1190,617,1182,1197,1194,1189,1187,1199,1181,1184,1192,1183,1185,1195,1202,1203,1201,1193,1198,1196,625,1188,1191,1186],"class_list":{"0":"post-4277","1":"product","2":"type-product","3":"status-publish","4":"has-post-thumbnail","6":"product_cat-ecstasy-pills-mdma","7":"product_tag-best-cheap-price-quality-blue-rolex-ecstasy-pills","8":"product_tag-best-place-to-buy-quality-blue-rolex-ecstasy-pills","9":"product_tag-bulk-online","10":"product_tag-buy-quality-blue-rolex-ecstasy-pills","11":"product_tag-cheap-quality-blue-rolex-ecstasy-pills","12":"product_tag-high-quality-quality-blue-rolex-ecstasy-pills","13":"product_tag-how-to-buy-quality-blue-rolex-ecstasy-pills","14":"product_tag-order-quality-blue-rolex-ecstasy-pills","15":"product_tag-purcharse-quality-blue-rolex-ecstasy-pills","16":"product_tag-quality-blue-rolex-ecstasy-pills","17":"product_tag-quality-blue-rolex-ecstasy-pills-for-sale","18":"product_tag-quality-blue-rolex-ecstasy-pills-legally","19":"product_tag-quality-blue-rolex-ecstasy-pills-online","20":"product_tag-quality-blue-rolex-ecstasy-pills-quality-blue-rolex-ecstasy-pills-supplier","21":"product_tag-quality-blue-rolex-ecstasy-pills-store","22":"product_tag-quality-blue-rolex-ecstasy-pills-use","23":"product_tag-quality-blue-rolex-ecstasy-pills-wiki","24":"product_tag-quality-blue-rolex-ecstasy-pills-worldwide","25":"product_tag-quality-blue-rolex-ecstasy-pillsprice","26":"product_tag-quality-blue-rolex-ecstasy-pillss","27":"product_tag-shop-quality-blue-rolex-ecstasy-pills","28":"product_tag-top-quality","29":"product_tag-where-to-buy-quality-blue-rolex-ecstasy-pills","30":"product_tag-where-to-order-quality-blue-rolex-ecstasy-pills","31":"product_tag-wholesale-quality-blue-rolex-ecstasy-pills","32":"desktop-align-left","33":"tablet-align-left","34":"mobile-align-left","35":"ast-product-gallery-layout-horizontal","36":"ast-product-gallery-with-no-image","37":"ast-product-single-variable","38":"ast-product-tabs-layout-horizontal","39":"ast-qv-on-image","41":"first","42":"instock","43":"shipping-taxable","44":"purchasable","45":"product-type-variable"},"yoast_head":"<!-- This site is optimized with the Yoast SEO plugin v25.9 - https:\/\/yoast.com\/wordpress\/plugins\/seo\/ -->\n<title>Buy Quality Blue Rolex Ecstasy Pills Online @ Best Price | LG<\/title>\n<meta name=\"description\" content=\"Explore our online store for quality blue rolex ecstasy pills for sale, offering high-quality blue rolex ecstasy pills. Buy quality blue rolex ecstasy Pills online securely and embark on your research journey with confidence.\" \/>\n<meta name=\"robots\" content=\"index, follow, max-snippet:-1, max-image-preview:large, max-video-preview:-1\" \/>\n<link rel=\"canonical\" href=\"https:\/\/legitgrams.com\/it\/prodotto\/qualita-pillole-di-ecstasy-rolex-blu\/\" \/>\n<meta property=\"og:locale\" content=\"it_IT\" \/>\n<meta property=\"og:type\" content=\"article\" \/>\n<meta property=\"og:title\" content=\"Buy Quality Blue Rolex Ecstasy Pills Online @ Best Price | LG\" \/>\n<meta property=\"og:description\" content=\"Explore our online store for quality blue rolex ecstasy pills for sale, offering high-quality blue rolex ecstasy pills. Buy quality blue rolex ecstasy Pills online securely and embark on your research journey with confidence.\" \/>\n<meta property=\"og:url\" content=\"https:\/\/legitgrams.com\/it\/prodotto\/qualita-pillole-di-ecstasy-rolex-blu\/\" \/>\n<meta property=\"og:site_name\" content=\"Legit Grams\" \/>\n<meta property=\"article:modified_time\" content=\"2025-04-02T18:37:40+00:00\" \/>\n<meta property=\"og:image\" content=\"https:\/\/legitgrams.com\/wp-content\/uploads\/2024\/09\/buy-quality-blue-rolex-ecstasy-pills-online.jpg\" \/>\n\t<meta property=\"og:image:width\" content=\"600\" \/>\n\t<meta property=\"og:image:height\" content=\"600\" \/>\n\t<meta property=\"og:image:type\" content=\"image\/jpeg\" \/>\n<meta name=\"twitter:card\" content=\"summary_large_image\" \/>\n<meta name=\"twitter:label1\" content=\"Tempo di lettura stimato\" \/>\n\t<meta name=\"twitter:data1\" content=\"2 minuti\" \/>\n<script type=\"application\/ld+json\" class=\"yoast-schema-graph\">{\"@context\":\"https:\/\/schema.org\",\"@graph\":[{\"@type\":\"WebPage\",\"@id\":\"https:\/\/legitgrams.com\/product\/quality-blue-rolex-ecstasy-pills\/\",\"url\":\"https:\/\/legitgrams.com\/product\/quality-blue-rolex-ecstasy-pills\/\",\"name\":\"Buy Quality Blue Rolex Ecstasy Pills Online @ Best Price | LG\",\"isPartOf\":{\"@id\":\"https:\/\/legitgrams.com\/#website\"},\"primaryImageOfPage\":{\"@id\":\"https:\/\/legitgrams.com\/product\/quality-blue-rolex-ecstasy-pills\/#primaryimage\"},\"image\":{\"@id\":\"https:\/\/legitgrams.com\/product\/quality-blue-rolex-ecstasy-pills\/#primaryimage\"},\"thumbnailUrl\":\"https:\/\/legitgrams.com\/wp-content\/uploads\/2024\/09\/buy-quality-blue-rolex-ecstasy-pills-online.jpg\",\"datePublished\":\"2024-09-22T08:23:22+00:00\",\"dateModified\":\"2025-04-02T18:37:40+00:00\",\"description\":\"Explore our online store for quality blue rolex ecstasy pills for sale, offering high-quality blue rolex ecstasy pills. Buy quality blue rolex ecstasy Pills online securely and embark on your research journey with confidence.\",\"breadcrumb\":{\"@id\":\"https:\/\/legitgrams.com\/product\/quality-blue-rolex-ecstasy-pills\/#breadcrumb\"},\"inLanguage\":\"it-IT\",\"potentialAction\":[{\"@type\":\"ReadAction\",\"target\":[\"https:\/\/legitgrams.com\/product\/quality-blue-rolex-ecstasy-pills\/\"]}]},{\"@type\":\"ImageObject\",\"inLanguage\":\"it-IT\",\"@id\":\"https:\/\/legitgrams.com\/product\/quality-blue-rolex-ecstasy-pills\/#primaryimage\",\"url\":\"https:\/\/legitgrams.com\/wp-content\/uploads\/2024\/09\/buy-quality-blue-rolex-ecstasy-pills-online.jpg\",\"contentUrl\":\"https:\/\/legitgrams.com\/wp-content\/uploads\/2024\/09\/buy-quality-blue-rolex-ecstasy-pills-online.jpg\",\"width\":600,\"height\":600,\"caption\":\"Quality Blue Rolex Ecstasy Pills for Sale\"},{\"@type\":\"BreadcrumbList\",\"@id\":\"https:\/\/legitgrams.com\/product\/quality-blue-rolex-ecstasy-pills\/#breadcrumb\",\"itemListElement\":[{\"@type\":\"ListItem\",\"position\":1,\"name\":\"Home\",\"item\":\"https:\/\/legitgrams.com\/\"},{\"@type\":\"ListItem\",\"position\":2,\"name\":\"Shop\",\"item\":\"https:\/\/legitgrams.com\/shop\/\"},{\"@type\":\"ListItem\",\"position\":3,\"name\":\"Buy Quality Blue Rolex Ecstasy pills Online\"}]},{\"@type\":\"WebSite\",\"@id\":\"https:\/\/legitgrams.com\/#website\",\"url\":\"https:\/\/legitgrams.com\/\",\"name\":\"Legit Grams\",\"description\":\"My WordPress Blog\",\"publisher\":{\"@id\":\"https:\/\/legitgrams.com\/#organization\"},\"potentialAction\":[{\"@type\":\"SearchAction\",\"target\":{\"@type\":\"EntryPoint\",\"urlTemplate\":\"https:\/\/legitgrams.com\/?s={search_term_string}\"},\"query-input\":{\"@type\":\"PropertyValueSpecification\",\"valueRequired\":true,\"valueName\":\"search_term_string\"}}],\"inLanguage\":\"it-IT\"},{\"@type\":\"Organization\",\"@id\":\"https:\/\/legitgrams.com\/#organization\",\"name\":\"Legit Grams\",\"url\":\"https:\/\/legitgrams.com\/\",\"logo\":{\"@type\":\"ImageObject\",\"inLanguage\":\"it-IT\",\"@id\":\"https:\/\/legitgrams.com\/#\/schema\/logo\/image\/\",\"url\":\"https:\/\/legitgrams.com\/wp-content\/uploads\/2024\/09\/main-logo.png\",\"contentUrl\":\"https:\/\/legitgrams.com\/wp-content\/uploads\/2024\/09\/main-logo.png\",\"width\":270,\"height\":75,\"caption\":\"Legit Grams\"},\"image\":{\"@id\":\"https:\/\/legitgrams.com\/#\/schema\/logo\/image\/\"}}]}<\/script>\n<!-- \/ Yoast SEO plugin. -->","yoast_head_json":{"title":"Acquista pillole di ecstasy Rolex blu di qualit\u00e0 online al miglior prezzo | LG","description":"Esplorate il nostro negozio online di pillole di ecstasy blue rolex di qualit\u00e0 in vendita, offrendo pillole di ecstasy blue rolex di alta qualit\u00e0. Acquistate online pillole di ecstasy blue rolex di qualit\u00e0 in modo sicuro e intraprendete il vostro viaggio di ricerca con fiducia.","robots":{"index":"index","follow":"follow","max-snippet":"max-snippet:-1","max-image-preview":"max-image-preview:large","max-video-preview":"max-video-preview:-1"},"canonical":"https:\/\/legitgrams.com\/it\/prodotto\/qualita-pillole-di-ecstasy-rolex-blu\/","og_locale":"it_IT","og_type":"article","og_title":"Buy Quality Blue Rolex Ecstasy Pills Online @ Best Price | LG","og_description":"Explore our online store for quality blue rolex ecstasy pills for sale, offering high-quality blue rolex ecstasy pills. Buy quality blue rolex ecstasy Pills online securely and embark on your research journey with confidence.","og_url":"https:\/\/legitgrams.com\/it\/prodotto\/qualita-pillole-di-ecstasy-rolex-blu\/","og_site_name":"Legit Grams","article_modified_time":"2025-04-02T18:37:40+00:00","og_image":[{"width":600,"height":600,"url":"https:\/\/legitgrams.com\/wp-content\/uploads\/2024\/09\/buy-quality-blue-rolex-ecstasy-pills-online.jpg","type":"image\/jpeg"}],"twitter_card":"summary_large_image","twitter_misc":{"Tempo di lettura stimato":"2 minuti"},"schema":{"@context":"https:\/\/schema.org","@graph":[{"@type":"WebPage","@id":"https:\/\/legitgrams.com\/product\/quality-blue-rolex-ecstasy-pills\/","url":"https:\/\/legitgrams.com\/product\/quality-blue-rolex-ecstasy-pills\/","name":"Acquista pillole di ecstasy Rolex blu di qualit\u00e0 online al miglior prezzo | LG","isPartOf":{"@id":"https:\/\/legitgrams.com\/#website"},"primaryImageOfPage":{"@id":"https:\/\/legitgrams.com\/product\/quality-blue-rolex-ecstasy-pills\/#primaryimage"},"image":{"@id":"https:\/\/legitgrams.com\/product\/quality-blue-rolex-ecstasy-pills\/#primaryimage"},"thumbnailUrl":"https:\/\/legitgrams.com\/wp-content\/uploads\/2024\/09\/buy-quality-blue-rolex-ecstasy-pills-online.jpg","datePublished":"2024-09-22T08:23:22+00:00","dateModified":"2025-04-02T18:37:40+00:00","description":"Esplorate il nostro negozio online di pillole di ecstasy blue rolex di qualit\u00e0 in vendita, offrendo pillole di ecstasy blue rolex di alta qualit\u00e0. Acquistate online pillole di ecstasy blue rolex di qualit\u00e0 in modo sicuro e intraprendete il vostro viaggio di ricerca con fiducia.","breadcrumb":{"@id":"https:\/\/legitgrams.com\/product\/quality-blue-rolex-ecstasy-pills\/#breadcrumb"},"inLanguage":"it-IT","potentialAction":[{"@type":"ReadAction","target":["https:\/\/legitgrams.com\/product\/quality-blue-rolex-ecstasy-pills\/"]}]},{"@type":"ImageObject","inLanguage":"it-IT","@id":"https:\/\/legitgrams.com\/product\/quality-blue-rolex-ecstasy-pills\/#primaryimage","url":"https:\/\/legitgrams.com\/wp-content\/uploads\/2024\/09\/buy-quality-blue-rolex-ecstasy-pills-online.jpg","contentUrl":"https:\/\/legitgrams.com\/wp-content\/uploads\/2024\/09\/buy-quality-blue-rolex-ecstasy-pills-online.jpg","width":600,"height":600,"caption":"Quality Blue Rolex Ecstasy Pills for Sale"},{"@type":"BreadcrumbList","@id":"https:\/\/legitgrams.com\/product\/quality-blue-rolex-ecstasy-pills\/#breadcrumb","itemListElement":[{"@type":"ListItem","position":1,"name":"Home","item":"https:\/\/legitgrams.com\/"},{"@type":"ListItem","position":2,"name":"Shop","item":"https:\/\/legitgrams.com\/shop\/"},{"@type":"ListItem","position":3,"name":"Buy Quality Blue Rolex Ecstasy pills Online"}]},{"@type":"WebSite","@id":"https:\/\/legitgrams.com\/#website","url":"https:\/\/legitgrams.com\/","name":"Grammi legittimi","description":"Il mio blog WordPress","publisher":{"@id":"https:\/\/legitgrams.com\/#organization"},"potentialAction":[{"@type":"SearchAction","target":{"@type":"EntryPoint","urlTemplate":"https:\/\/legitgrams.com\/?s={search_term_string}"},"query-input":{"@type":"PropertyValueSpecification","valueRequired":true,"valueName":"search_term_string"}}],"inLanguage":"it-IT"},{"@type":"Organization","@id":"https:\/\/legitgrams.com\/#organization","name":"Grammi legittimi","url":"https:\/\/legitgrams.com\/","logo":{"@type":"ImageObject","inLanguage":"it-IT","@id":"https:\/\/legitgrams.com\/#\/schema\/logo\/image\/","url":"https:\/\/legitgrams.com\/wp-content\/uploads\/2024\/09\/main-logo.png","contentUrl":"https:\/\/legitgrams.com\/wp-content\/uploads\/2024\/09\/main-logo.png","width":270,"height":75,"caption":"Legit Grams"},"image":{"@id":"https:\/\/legitgrams.com\/#\/schema\/logo\/image\/"}}]}},"uagb_featured_image_src":{"full":["https:\/\/legitgrams.com\/wp-content\/uploads\/2024\/09\/buy-quality-blue-rolex-ecstasy-pills-online.jpg",600,600,false],"thumbnail":["https:\/\/legitgrams.com\/wp-content\/uploads\/2024\/09\/buy-quality-blue-rolex-ecstasy-pills-online-150x150.jpg",150,150,true],"medium":["https:\/\/legitgrams.com\/wp-content\/uploads\/2024\/09\/buy-quality-blue-rolex-ecstasy-pills-online-300x300.jpg",300,300,true],"medium_large":["https:\/\/legitgrams.com\/wp-content\/uploads\/2024\/09\/buy-quality-blue-rolex-ecstasy-pills-online.jpg",600,600,false],"large":["https:\/\/legitgrams.com\/wp-content\/uploads\/2024\/09\/buy-quality-blue-rolex-ecstasy-pills-online.jpg",600,600,false],"1536x1536":["https:\/\/legitgrams.com\/wp-content\/uploads\/2024\/09\/buy-quality-blue-rolex-ecstasy-pills-online.jpg",600,600,false],"2048x2048":["https:\/\/legitgrams.com\/wp-content\/uploads\/2024\/09\/buy-quality-blue-rolex-ecstasy-pills-online.jpg",600,600,false],"trp-custom-language-flag":["https:\/\/legitgrams.com\/wp-content\/uploads\/2024\/09\/buy-quality-blue-rolex-ecstasy-pills-online-12x12.jpg",12,12,true],"woocommerce_thumbnail":["https:\/\/legitgrams.com\/wp-content\/uploads\/2024\/09\/buy-quality-blue-rolex-ecstasy-pills-online-300x300.jpg",300,300,true],"woocommerce_single":["https:\/\/legitgrams.com\/wp-content\/uploads\/2024\/09\/buy-quality-blue-rolex-ecstasy-pills-online.jpg",600,600,false],"woocommerce_gallery_thumbnail":["https:\/\/legitgrams.com\/wp-content\/uploads\/2024\/09\/buy-quality-blue-rolex-ecstasy-pills-online-100x100.jpg",100,100,true]},"uagb_author_info":{"display_name":"cokeblog18","author_link":"https:\/\/legitgrams.com\/it\/author\/"},"uagb_comment_info":0,"uagb_excerpt":"Online Purchase of High-Quality Blue Rolex Ecstasy Pills Ecstasy was first created by the Merck drug relationship in 1912. It was given the name &#8220;MDMA&#8221; because to its distinct structure. In 1953, the US Armed Forces employed it for the first time in mental engagement tests. In the 1960s, it was utilized once more for&hellip;","_links":{"self":[{"href":"https:\/\/legitgrams.com\/it\/wp-json\/wp\/v2\/product\/4277","targetHints":{"allow":["GET"]}}],"collection":[{"href":"https:\/\/legitgrams.com\/it\/wp-json\/wp\/v2\/product"}],"about":[{"href":"https:\/\/legitgrams.com\/it\/wp-json\/wp\/v2\/types\/product"}],"replies":[{"embeddable":true,"href":"https:\/\/legitgrams.com\/it\/wp-json\/wp\/v2\/comments?post=4277"}],"wp:featuredmedia":[{"embeddable":true,"href":"https:\/\/legitgrams.com\/it\/wp-json\/wp\/v2\/media\/5198"}],"wp:attachment":[{"href":"https:\/\/legitgrams.com\/it\/wp-json\/wp\/v2\/media?parent=4277"}],"wp:term":[{"taxonomy":"product_brand","embeddable":true,"href":"https:\/\/legitgrams.com\/it\/wp-json\/wp\/v2\/product_brand?post=4277"},{"taxonomy":"product_cat","embeddable":true,"href":"https:\/\/legitgrams.com\/it\/wp-json\/wp\/v2\/product_cat?post=4277"},{"taxonomy":"product_tag","embeddable":true,"href":"https:\/\/legitgrams.com\/it\/wp-json\/wp\/v2\/product_tag?post=4277"}],"curies":[{"name":"wp","href":"https:\/\/api.w.org\/{rel}","templated":true}]}}