{"id":4281,"date":"2024-09-22T08:38:03","date_gmt":"2024-09-22T08:38:03","guid":{"rendered":"https:\/\/legitgrams.com\/?post_type=product&#038;p=4281"},"modified":"2025-01-14T05:18:45","modified_gmt":"2025-01-14T05:18:45","slug":"pillole-di-ecstasy-green-star","status":"publish","type":"product","link":"https:\/\/legitgrams.com\/it\/prodotto\/pillole-di-ecstasy-green-star\/","title":{"rendered":"Pillole di ecstasy Green Star"},"content":{"rendered":"<h2>Acquisto online della pillola di ecstasy Green Star<\/h2>\n<p>Nel 1912, <a href=\"https:\/\/legitgrams.com\/it\/prodotto\/pillole-di-ecstasy-green-star\/\">Luce verde Ecstacy\u00a0\u00a0<\/a> \u00e8 stato introdotto per la prima volta dalla collaborazione farmaceutica di Merck. Le \u00e8 stato dato il nome \"MDMA\" per la sua struttura distinta. Nel 1953, le Forze armate degli Stati Uniti lo hanno impiegato per la prima volta in esercitazioni di guerra mentale. Negli anni '60, \u00e8 stato nuovamente prescritto come un modo per \"abbassare le inibizioni\" in psicoterapia.1. Solo negli anni '70, l'MDMA \u00e8 stato utilizzato come medicina sociale.<\/p>\n<p>A met\u00e0 degli anni '80, l'MDMA veniva commercializzata come \"la cosa pi\u00f9 frizzante nel metodo con la ricerca del divertimento attraverso la scienza\" e come \"medicina in\" per feste a lungo termine. Nel 1984, l'MDMA era ancora legale e venduta con il nome di \"Delight\", ma nel 1985, le preoccupazioni per la sicurezza avevano imposto restrizioni alla distribuzione della droga. <a href=\"https:\/\/en.wikipedia.org\/wiki\/Ecstasy\">\u00a0<\/a><a href=\"https:\/\/legitgrams.com\/it\/\">LegitGrams<\/a><\/p>\n<p>La luce verde Per chi soffre di disturbo post-traumatico da stress (PTSD), l'ecstasy pu\u00f2 essere vantaggiosa. Molti pazienti hanno difficolt\u00e0 a parlare degli eventi angoscianti che hanno causato per primi i loro problemi. Una prospettiva \u00e8 che la gioia pu\u00f2 aiutare le persone ad affrontare queste ferite.<\/p>\n<p>Nonostante non sia un investigatore o un esperto in materia, Doblin, 50 anni, ha usato la droga spesso e in grandi quantit\u00e0, quindi ne ha una conoscenza generale. \"Ha dato un enorme contributo alla mia vita\", ha detto. Ha riconosciuto di aver diffuso l'idea che Rapture e le droghe psichedeliche abbiano avuto effetti significativi sulla salute mentale nel corso degli anni.<\/p>\n<p>Nel caso in cui tu stia cercando un'azienda che possa offrirti i migliori prodotti, sei arrivato nel posto giusto. Puoi selezionare le migliori opzioni presso la nostra fondazione grazie all'alta qualit\u00e0 dei nostri articoli, che ci aiuter\u00e0 a guadagnare la tua fiducia e a costruire una partnership sincera. Se effettui il tuo ordine oggi, Green Star Ecstasy ti verr\u00e0 consegnato a casa entro i prossimi cinque giorni lavorativi.<\/p>\n<p>Dove posso trovare le pillole di ecstasy Green Star online? Acquista <a href=\"https:\/\/en.wikipedia.org\/wiki\/Ecstasy\">Estasi<\/a> pillole, acquista pillole di Green Star Ecstasy e acquista Green Star Ecstasy online. Dove trovo le pillole di Ecstasy in vendita online? Dove posso acquistare le pillole di Green Star Ecstasy negli Stati Uniti, in Canada e nel Regno Unito? Dove posso acquistarle online? Quali sono i fornitori? Come posso ottenere una consegna sicura? ancora accessibili. Puoi scoprire se sono legali in Canada, dove acquistarle online e se sono legali negli Stati Uniti.<\/p>\n<p>&nbsp;<\/p>\n<p><a href=\"https:\/\/en.wikipedia.org\/wiki\/Ecstasy\">\u00a0\u00a0<\/a><\/p>","protected":false},"excerpt":{"rendered":"<p>Online Green Star Ecstasy Pill Purchase In 1912, Green light Ecstacy\u00a0\u00a0 was first introduced by Merck&#8217;s pharmaceutical collaboration. It was given the name &#8220;MDMA&#8221; because to its distinct structure. In 1953, the United States Armed Forces employed it for the first time in mental warfare exercises. In the 1960s, it was once more prescribed as &hellip;<\/p>\n<p class=\"read-more\"> <a class=\"\" href=\"https:\/\/legitgrams.com\/it\/prodotto\/pillole-di-ecstasy-green-star\/\"> <span class=\"screen-reader-text\">Pillole di ecstasy Green Star<\/span> Leggi tutto \"<\/a><\/p>","protected":false},"featured_media":5196,"comment_status":"open","ping_status":"closed","template":"","meta":{"_uag_custom_page_level_css":"","site-sidebar-layout":"default","site-content-layout":"default","ast-global-header-display":"","ast-main-header-display":"","ast-hfb-above-header-display":"","ast-hfb-below-header-display":"","ast-hfb-mobile-header-display":"","site-post-title":"","ast-breadcrumbs-content":"","ast-featured-img":"","footer-sml-layout":"","theme-transparent-header-meta":"default","adv-header-id-meta":"","stick-header-meta":"default","header-above-stick-meta":"","header-main-stick-meta":"","header-below-stick-meta":"","_joinchat":[]},"product_brand":[],"product_cat":[596],"product_tag":[1131,1121,617,1113,1128,1112,1115,1116,1123,1114,1126,1133,1134,1132,1124,1129,1125,1120,1118,1130,1127,625,1119,1122,1117],"class_list":{"0":"post-4281","1":"product","2":"type-product","3":"status-publish","4":"has-post-thumbnail","6":"product_cat-ecstasy-pills-mdma","7":"product_tag-best-cheap-price-green-star-ecstasy-pills","8":"product_tag-best-place-to-buy-green-star-ecstasy-pills","9":"product_tag-bulk-online","10":"product_tag-buy-green-star-ecstasy-pills","11":"product_tag-cheap-green-star-ecstasy-pills","12":"product_tag-green-star-ecstasy-pills","13":"product_tag-green-star-ecstasy-pills-for-sale","14":"product_tag-green-star-ecstasy-pills-green-star-ecstasy-pills-supplier","15":"product_tag-green-star-ecstasy-pills-legally","16":"product_tag-green-star-ecstasy-pills-online","17":"product_tag-green-star-ecstasy-pills-store","18":"product_tag-green-star-ecstasy-pills-use","19":"product_tag-green-star-ecstasy-pills-wiki","20":"product_tag-green-star-ecstasy-pills-worldwide","21":"product_tag-green-star-ecstasy-pillsprice","22":"product_tag-green-star-ecstasy-pillss","23":"product_tag-high-quality-green-star-ecstasy-pills","24":"product_tag-how-to-buy-green-star-ecstasy-pills","25":"product_tag-order-green-star-ecstasy-pills","26":"product_tag-purcharse-green-star-ecstasy-pills","27":"product_tag-shop-green-star-ecstasy-pills","28":"product_tag-top-quality","29":"product_tag-where-to-buy-green-star-ecstasy-pills","30":"product_tag-where-to-order-green-star-ecstasy-pills","31":"product_tag-wholesale-green-star-ecstasy-pills","32":"desktop-align-left","33":"tablet-align-left","34":"mobile-align-left","35":"ast-product-gallery-layout-horizontal","36":"ast-product-gallery-with-no-image","37":"ast-product-single-variable","38":"ast-product-tabs-layout-horizontal","39":"ast-qv-on-image","41":"first","42":"instock","43":"featured","44":"shipping-taxable","45":"purchasable","46":"product-type-variable"},"yoast_head":"<!-- This site is optimized with the Yoast SEO plugin v25.9 - https:\/\/yoast.com\/wordpress\/plugins\/seo\/ -->\n<title>Green Star Ecstasy Pills for Sale - Order Green Star Ecstasy Pills<\/title>\n<meta name=\"description\" content=\"You can buy green star ecstasy pills online at the best prices from our online store. We have cheap and high-quality green star ecstasy pills for sale and providing worldwide delivery. You can order from anytime, anywhere.\" \/>\n<meta name=\"robots\" content=\"index, follow, max-snippet:-1, max-image-preview:large, max-video-preview:-1\" \/>\n<link rel=\"canonical\" href=\"https:\/\/legitgrams.com\/it\/prodotto\/pillole-di-ecstasy-green-star\/\" \/>\n<meta property=\"og:locale\" content=\"it_IT\" \/>\n<meta property=\"og:type\" content=\"article\" \/>\n<meta property=\"og:title\" content=\"Green Star Ecstasy Pills for Sale - Order Green Star Ecstasy Pills\" \/>\n<meta property=\"og:description\" content=\"You can buy green star ecstasy pills online at the best prices from our online store. We have cheap and high-quality green star ecstasy pills for sale and providing worldwide delivery. You can order from anytime, anywhere.\" \/>\n<meta property=\"og:url\" content=\"https:\/\/legitgrams.com\/it\/prodotto\/pillole-di-ecstasy-green-star\/\" \/>\n<meta property=\"og:site_name\" content=\"Legit Grams\" \/>\n<meta property=\"article:modified_time\" content=\"2025-01-14T05:18:45+00:00\" \/>\n<meta property=\"og:image\" content=\"https:\/\/legitgrams.com\/wp-content\/uploads\/2024\/09\/buy-green-star-ecstasy-pills-online.jpg\" \/>\n\t<meta property=\"og:image:width\" content=\"600\" \/>\n\t<meta property=\"og:image:height\" content=\"600\" \/>\n\t<meta property=\"og:image:type\" content=\"image\/jpeg\" \/>\n<meta name=\"twitter:card\" content=\"summary_large_image\" \/>\n<meta name=\"twitter:label1\" content=\"Tempo di lettura stimato\" \/>\n\t<meta name=\"twitter:data1\" content=\"2 minuti\" \/>\n<script type=\"application\/ld+json\" class=\"yoast-schema-graph\">{\"@context\":\"https:\/\/schema.org\",\"@graph\":[{\"@type\":\"WebPage\",\"@id\":\"https:\/\/legitgrams.com\/product\/green-star-ecstasy-pills\/\",\"url\":\"https:\/\/legitgrams.com\/product\/green-star-ecstasy-pills\/\",\"name\":\"Green Star Ecstasy Pills for Sale - Order Green Star Ecstasy Pills\",\"isPartOf\":{\"@id\":\"https:\/\/legitgrams.com\/#website\"},\"primaryImageOfPage\":{\"@id\":\"https:\/\/legitgrams.com\/product\/green-star-ecstasy-pills\/#primaryimage\"},\"image\":{\"@id\":\"https:\/\/legitgrams.com\/product\/green-star-ecstasy-pills\/#primaryimage\"},\"thumbnailUrl\":\"https:\/\/legitgrams.com\/wp-content\/uploads\/2024\/09\/buy-green-star-ecstasy-pills-online.jpg\",\"datePublished\":\"2024-09-22T08:38:03+00:00\",\"dateModified\":\"2025-01-14T05:18:45+00:00\",\"description\":\"You can buy green star ecstasy pills online at the best prices from our online store. We have cheap and high-quality green star ecstasy pills for sale and providing worldwide delivery. You can order from anytime, anywhere.\",\"breadcrumb\":{\"@id\":\"https:\/\/legitgrams.com\/product\/green-star-ecstasy-pills\/#breadcrumb\"},\"inLanguage\":\"it-IT\",\"potentialAction\":[{\"@type\":\"ReadAction\",\"target\":[\"https:\/\/legitgrams.com\/product\/green-star-ecstasy-pills\/\"]}]},{\"@type\":\"ImageObject\",\"inLanguage\":\"it-IT\",\"@id\":\"https:\/\/legitgrams.com\/product\/green-star-ecstasy-pills\/#primaryimage\",\"url\":\"https:\/\/legitgrams.com\/wp-content\/uploads\/2024\/09\/buy-green-star-ecstasy-pills-online.jpg\",\"contentUrl\":\"https:\/\/legitgrams.com\/wp-content\/uploads\/2024\/09\/buy-green-star-ecstasy-pills-online.jpg\",\"width\":600,\"height\":600,\"caption\":\"Green Star Ecstasy Pills for Sale\"},{\"@type\":\"BreadcrumbList\",\"@id\":\"https:\/\/legitgrams.com\/product\/green-star-ecstasy-pills\/#breadcrumb\",\"itemListElement\":[{\"@type\":\"ListItem\",\"position\":1,\"name\":\"Home\",\"item\":\"https:\/\/legitgrams.com\/\"},{\"@type\":\"ListItem\",\"position\":2,\"name\":\"Shop\",\"item\":\"https:\/\/legitgrams.com\/shop\/\"},{\"@type\":\"ListItem\",\"position\":3,\"name\":\"Green Star Ecstasy Pills\"}]},{\"@type\":\"WebSite\",\"@id\":\"https:\/\/legitgrams.com\/#website\",\"url\":\"https:\/\/legitgrams.com\/\",\"name\":\"Legit Grams\",\"description\":\"My WordPress Blog\",\"publisher\":{\"@id\":\"https:\/\/legitgrams.com\/#organization\"},\"potentialAction\":[{\"@type\":\"SearchAction\",\"target\":{\"@type\":\"EntryPoint\",\"urlTemplate\":\"https:\/\/legitgrams.com\/?s={search_term_string}\"},\"query-input\":{\"@type\":\"PropertyValueSpecification\",\"valueRequired\":true,\"valueName\":\"search_term_string\"}}],\"inLanguage\":\"it-IT\"},{\"@type\":\"Organization\",\"@id\":\"https:\/\/legitgrams.com\/#organization\",\"name\":\"Legit Grams\",\"url\":\"https:\/\/legitgrams.com\/\",\"logo\":{\"@type\":\"ImageObject\",\"inLanguage\":\"it-IT\",\"@id\":\"https:\/\/legitgrams.com\/#\/schema\/logo\/image\/\",\"url\":\"https:\/\/legitgrams.com\/wp-content\/uploads\/2024\/09\/main-logo.png\",\"contentUrl\":\"https:\/\/legitgrams.com\/wp-content\/uploads\/2024\/09\/main-logo.png\",\"width\":270,\"height\":75,\"caption\":\"Legit Grams\"},\"image\":{\"@id\":\"https:\/\/legitgrams.com\/#\/schema\/logo\/image\/\"}}]}<\/script>\n<!-- \/ Yoast SEO plugin. -->","yoast_head_json":{"title":"Pillole di ecstasy Green Star in vendita - Ordina pillole di ecstasy Green Star","description":"Puoi acquistare pillole di ecstasy Green Star online ai prezzi migliori dal nostro negozio online. Abbiamo pillole di ecstasy Green Star economiche e di alta qualit\u00e0 in vendita e forniamo consegne in tutto il mondo. Puoi ordinare da qualsiasi momento, ovunque.s","robots":{"index":"index","follow":"follow","max-snippet":"max-snippet:-1","max-image-preview":"max-image-preview:large","max-video-preview":"max-video-preview:-1"},"canonical":"https:\/\/legitgrams.com\/it\/prodotto\/pillole-di-ecstasy-green-star\/","og_locale":"it_IT","og_type":"article","og_title":"Green Star Ecstasy Pills for Sale - Order Green Star Ecstasy Pills","og_description":"You can buy green star ecstasy pills online at the best prices from our online store. We have cheap and high-quality green star ecstasy pills for sale and providing worldwide delivery. You can order from anytime, anywhere.","og_url":"https:\/\/legitgrams.com\/it\/prodotto\/pillole-di-ecstasy-green-star\/","og_site_name":"Legit Grams","article_modified_time":"2025-01-14T05:18:45+00:00","og_image":[{"width":600,"height":600,"url":"https:\/\/legitgrams.com\/wp-content\/uploads\/2024\/09\/buy-green-star-ecstasy-pills-online.jpg","type":"image\/jpeg"}],"twitter_card":"summary_large_image","twitter_misc":{"Tempo di lettura stimato":"2 minuti"},"schema":{"@context":"https:\/\/schema.org","@graph":[{"@type":"WebPage","@id":"https:\/\/legitgrams.com\/product\/green-star-ecstasy-pills\/","url":"https:\/\/legitgrams.com\/product\/green-star-ecstasy-pills\/","name":"Pillole di ecstasy Green Star in vendita - Ordina pillole di ecstasy Green Star","isPartOf":{"@id":"https:\/\/legitgrams.com\/#website"},"primaryImageOfPage":{"@id":"https:\/\/legitgrams.com\/product\/green-star-ecstasy-pills\/#primaryimage"},"image":{"@id":"https:\/\/legitgrams.com\/product\/green-star-ecstasy-pills\/#primaryimage"},"thumbnailUrl":"https:\/\/legitgrams.com\/wp-content\/uploads\/2024\/09\/buy-green-star-ecstasy-pills-online.jpg","datePublished":"2024-09-22T08:38:03+00:00","dateModified":"2025-01-14T05:18:45+00:00","description":"Puoi acquistare pillole di ecstasy Green Star online ai prezzi migliori dal nostro negozio online. Abbiamo pillole di ecstasy Green Star economiche e di alta qualit\u00e0 in vendita e forniamo consegne in tutto il mondo. Puoi ordinare da qualsiasi momento, ovunque.s","breadcrumb":{"@id":"https:\/\/legitgrams.com\/product\/green-star-ecstasy-pills\/#breadcrumb"},"inLanguage":"it-IT","potentialAction":[{"@type":"ReadAction","target":["https:\/\/legitgrams.com\/product\/green-star-ecstasy-pills\/"]}]},{"@type":"ImageObject","inLanguage":"it-IT","@id":"https:\/\/legitgrams.com\/product\/green-star-ecstasy-pills\/#primaryimage","url":"https:\/\/legitgrams.com\/wp-content\/uploads\/2024\/09\/buy-green-star-ecstasy-pills-online.jpg","contentUrl":"https:\/\/legitgrams.com\/wp-content\/uploads\/2024\/09\/buy-green-star-ecstasy-pills-online.jpg","width":600,"height":600,"caption":"Green Star Ecstasy Pills for Sale"},{"@type":"BreadcrumbList","@id":"https:\/\/legitgrams.com\/product\/green-star-ecstasy-pills\/#breadcrumb","itemListElement":[{"@type":"ListItem","position":1,"name":"Home","item":"https:\/\/legitgrams.com\/"},{"@type":"ListItem","position":2,"name":"Shop","item":"https:\/\/legitgrams.com\/shop\/"},{"@type":"ListItem","position":3,"name":"Green Star Ecstasy Pills"}]},{"@type":"WebSite","@id":"https:\/\/legitgrams.com\/#website","url":"https:\/\/legitgrams.com\/","name":"Grammi legittimi","description":"Il mio blog WordPress","publisher":{"@id":"https:\/\/legitgrams.com\/#organization"},"potentialAction":[{"@type":"SearchAction","target":{"@type":"EntryPoint","urlTemplate":"https:\/\/legitgrams.com\/?s={search_term_string}"},"query-input":{"@type":"PropertyValueSpecification","valueRequired":true,"valueName":"search_term_string"}}],"inLanguage":"it-IT"},{"@type":"Organization","@id":"https:\/\/legitgrams.com\/#organization","name":"Grammi legittimi","url":"https:\/\/legitgrams.com\/","logo":{"@type":"ImageObject","inLanguage":"it-IT","@id":"https:\/\/legitgrams.com\/#\/schema\/logo\/image\/","url":"https:\/\/legitgrams.com\/wp-content\/uploads\/2024\/09\/main-logo.png","contentUrl":"https:\/\/legitgrams.com\/wp-content\/uploads\/2024\/09\/main-logo.png","width":270,"height":75,"caption":"Legit Grams"},"image":{"@id":"https:\/\/legitgrams.com\/#\/schema\/logo\/image\/"}}]}},"uagb_featured_image_src":{"full":["https:\/\/legitgrams.com\/wp-content\/uploads\/2024\/09\/buy-green-star-ecstasy-pills-online.jpg",600,600,false],"thumbnail":["https:\/\/legitgrams.com\/wp-content\/uploads\/2024\/09\/buy-green-star-ecstasy-pills-online-150x150.jpg",150,150,true],"medium":["https:\/\/legitgrams.com\/wp-content\/uploads\/2024\/09\/buy-green-star-ecstasy-pills-online-300x300.jpg",300,300,true],"medium_large":["https:\/\/legitgrams.com\/wp-content\/uploads\/2024\/09\/buy-green-star-ecstasy-pills-online.jpg",600,600,false],"large":["https:\/\/legitgrams.com\/wp-content\/uploads\/2024\/09\/buy-green-star-ecstasy-pills-online.jpg",600,600,false],"1536x1536":["https:\/\/legitgrams.com\/wp-content\/uploads\/2024\/09\/buy-green-star-ecstasy-pills-online.jpg",600,600,false],"2048x2048":["https:\/\/legitgrams.com\/wp-content\/uploads\/2024\/09\/buy-green-star-ecstasy-pills-online.jpg",600,600,false],"trp-custom-language-flag":["https:\/\/legitgrams.com\/wp-content\/uploads\/2024\/09\/buy-green-star-ecstasy-pills-online-12x12.jpg",12,12,true],"woocommerce_thumbnail":["https:\/\/legitgrams.com\/wp-content\/uploads\/2024\/09\/buy-green-star-ecstasy-pills-online-300x300.jpg",300,300,true],"woocommerce_single":["https:\/\/legitgrams.com\/wp-content\/uploads\/2024\/09\/buy-green-star-ecstasy-pills-online.jpg",600,600,false],"woocommerce_gallery_thumbnail":["https:\/\/legitgrams.com\/wp-content\/uploads\/2024\/09\/buy-green-star-ecstasy-pills-online-100x100.jpg",100,100,true]},"uagb_author_info":{"display_name":"cokeblog18","author_link":"https:\/\/legitgrams.com\/it\/author\/"},"uagb_comment_info":0,"uagb_excerpt":"Online Green Star Ecstasy Pill Purchase In 1912, Green light Ecstacy\u00a0\u00a0 was first introduced by Merck&#8217;s pharmaceutical collaboration. It was given the name &#8220;MDMA&#8221; because to its distinct structure. In 1953, the United States Armed Forces employed it for the first time in mental warfare exercises. In the 1960s, it was once more prescribed as&hellip;","_links":{"self":[{"href":"https:\/\/legitgrams.com\/it\/wp-json\/wp\/v2\/product\/4281","targetHints":{"allow":["GET"]}}],"collection":[{"href":"https:\/\/legitgrams.com\/it\/wp-json\/wp\/v2\/product"}],"about":[{"href":"https:\/\/legitgrams.com\/it\/wp-json\/wp\/v2\/types\/product"}],"replies":[{"embeddable":true,"href":"https:\/\/legitgrams.com\/it\/wp-json\/wp\/v2\/comments?post=4281"}],"wp:featuredmedia":[{"embeddable":true,"href":"https:\/\/legitgrams.com\/it\/wp-json\/wp\/v2\/media\/5196"}],"wp:attachment":[{"href":"https:\/\/legitgrams.com\/it\/wp-json\/wp\/v2\/media?parent=4281"}],"wp:term":[{"taxonomy":"product_brand","embeddable":true,"href":"https:\/\/legitgrams.com\/it\/wp-json\/wp\/v2\/product_brand?post=4281"},{"taxonomy":"product_cat","embeddable":true,"href":"https:\/\/legitgrams.com\/it\/wp-json\/wp\/v2\/product_cat?post=4281"},{"taxonomy":"product_tag","embeddable":true,"href":"https:\/\/legitgrams.com\/it\/wp-json\/wp\/v2\/product_tag?post=4281"}],"curies":[{"name":"wp","href":"https:\/\/api.w.org\/{rel}","templated":true}]}}