{"id":4308,"date":"2024-09-22T10:23:42","date_gmt":"2024-09-22T10:23:42","guid":{"rendered":"https:\/\/legitgrams.com\/?post_type=product&#038;p=4308"},"modified":"2026-02-26T12:21:25","modified_gmt":"2026-02-26T12:21:25","slug":"cocaina-peruviana-92-pura","status":"publish","type":"product","link":"https:\/\/legitgrams.com\/it\/prodotto\/cocaina-peruviana-92-pura\/","title":{"rendered":"Comprare Cocaina Peruviana 92% Pura Online"},"content":{"rendered":"<h2>Acquista cocaina peruviana pura al 92% online<\/h2>\n<p>Estratti di <a href=\"https:\/\/legitgrams.com\/it\/prodotto\/cocaina-peruviana-92-pura\/\">Cocaina peruviana<\/a> ricavato dalla pianta della Coca. Numerosi Paesi occidentali, come la Colombia, la Bolivia, il Per\u00f9 e cos\u00ec via, fertilizzano questa pianta. Ma \u00e8 il Per\u00f9 a ospitare la fonte pi\u00f9 importante di cocaina. Ci\u00f2 \u00e8 dovuto alle sue numerose applicazioni nella vita quotidiana e alla sua purezza.<\/p>\n<p>Inoltre, diverse aziende utilizzano questo prodotto da solo o le foglie della pianta per creare altri prodotti che desiderano. La Coca-Cola, il pi\u00f9 famoso produttore di bevande analcoliche, ha utilizzato queste foglie nella sua produzione fino al 1903. In molti altri prodotti, viene ancora utilizzato per migliorare l'impatto del prodotto.<\/p>\n<h3>Consumo di cocaina in Per\u00f9<\/h3>\n<p>La cocaina peruviana \u00e8 tra le fonti di cocaina pi\u00f9 pulite al mondo. Viene utilizzata come stimolante per aumentare la produzione di specifici ormoni nel cervello e per curare la malattia.<\/p>\n<p>Grazie alla sua purezza, \u00e8 annoverata tra i farmaci altamente potenti che contengono cocaina. Il mondo lo conosce anche per le sue qualit\u00e0 psichedeliche. \u00c8 una caratteristica estremamente utile per gli esseri umani in diverse situazioni e favorisce il recupero da shock di qualsiasi tipo. <a href=\"https:\/\/legitgrams.com\/it\/\">LegitGrams<\/a><\/p>\n<h3>Cocaina peruviana per scopi medici<\/h3>\n<p>La cocaina peruviana offre diversi benefici nel campo della medicina. Di conseguenza, i medici la prescrivono e la impiegano in numerosi farmaci per il trattamento di varie malattie.<\/p>\n<p>Nel trattamento di pazienti depressi e affetti da altre forme di dolore, i medici utilizzano questo farmaco. Nei bar e nelle discoteche non \u00e8 usato solo da professionisti del settore medico, ma anche da persone normali.<\/p>\n<p>La sua capacit\u00e0 di indurre il rilassamento del corpo umano la rende popolare tra i giovani come mezzo per rilassarsi. La cocaina \u00e8 liberamente accessibile a tutti in Per\u00f9 e pu\u00f2 essere acquistata e venduta online.<\/p>\n<p>Inoltre, il nostro negozio online offre la consegna pi\u00f9 rapida possibile dei prodotti direttamente a casa vostra, il tutto a costi estremamente convenienti. Inoltre, offriamo il pi\u00f9 alto calibro di soda online.<\/p>\n<p>Acquisto di cocaina peruviana pura 92% - Acquisto di cocaina pura 92% <a href=\"https:\/\/en.wikipedia.org\/wiki\/Cocaine\">Cocaina<\/a>, acquisto di cocaina peruviana online, Dove acquistare la cocaina peruviana pura 92%, vendita di cocaina peruviana pura 92%, acquisto di cocaina peruviana online, dove acquistare cocaina peruviana online, vendita di cocaina peruviana pura 92% negli Stati Uniti, Canada, Regno Unito, acquisto, online, fornitori, consegna sicura, la cocaina peruviana pura 92% \u00e8 ancora disponibile. \u00c8 legale acquistare 92% pura cocaina peruviana online negli Stati Uniti? Come posso effettuare un ordine per il cacao peruviano puro 92%? La cocaina peruviana pura 92% \u00e8 consentita in Canada?<\/p>\n<p>&nbsp;<\/p>","protected":false},"excerpt":{"rendered":"<p>Purchase Peruvian Cocaine 92% Pure Online Extracts of Peruvian cocaine made from the Coca plant. Numerous Western nations, like Colombia, Bolivia, Peru, etc., fertilize this plant. But Peru is home to the most significant source of cocaine. This is because of its many applications in daily life and its purity. Furthermore, several companies employ this &hellip;<\/p>\n<p class=\"read-more\"> <a class=\"\" href=\"https:\/\/legitgrams.com\/it\/prodotto\/cocaina-peruviana-92-pura\/\"> <span class=\"screen-reader-text\">Comprare Cocaina Peruviana 92% Pura Online<\/span> Leggi tutto \"<\/a><\/p>","protected":false},"featured_media":5437,"comment_status":"open","ping_status":"closed","template":"","meta":{"_uag_custom_page_level_css":"","site-sidebar-layout":"default","site-content-layout":"default","ast-global-header-display":"","ast-main-header-display":"","ast-hfb-above-header-display":"","ast-hfb-below-header-display":"","ast-hfb-mobile-header-display":"","site-post-title":"","ast-breadcrumbs-content":"","ast-featured-img":"","footer-sml-layout":"","theme-transparent-header-meta":"default","adv-header-id-meta":"","stick-header-meta":"default","header-above-stick-meta":"","header-main-stick-meta":"","header-below-stick-meta":"","_joinchat":[]},"product_brand":[],"product_cat":[70],"product_tag":[681,671,617,662,678,675,670,667,661,685,673,668,683,684,682,664,663,665,674,679,676,680,677,625,669,672,666],"class_list":{"0":"post-4308","1":"product","2":"type-product","3":"status-publish","4":"has-post-thumbnail","6":"product_cat-cocaine","7":"product_tag-best-cheap-price-peruvian-cocaine-92-pure","8":"product_tag-best-place-to-buy-peruvian-cocaine-92-pure","9":"product_tag-bulk-online","10":"product_tag-buy-peruvian-cocaine-92-pure","11":"product_tag-cheap-peruvian-cocaine-92-pure","12":"product_tag-high-quality-peruvian-cocaine-92-pure","13":"product_tag-how-to-buy-peruvian-cocaine-92-pure","14":"product_tag-order-peruvian-cocaine-92-pure","15":"product_tag-peruvian-cocaine-92-pure","16":"product_tag-peruvian-cocaine-92-pure-for-sale","17":"product_tag-peruvian-cocaine-92-pure-legally","18":"product_tag-peruvian-cocaine-92-pure-online","19":"product_tag-peruvian-cocaine-92-pure-use","20":"product_tag-peruvian-cocaine-92-pure-wiki","21":"product_tag-peruvian-cocaine-92-pure-worldwide","22":"product_tag-peruvian-cocaine-92-purefor-sale","23":"product_tag-peruvian-cocaine-92-pureonline","24":"product_tag-peruvian-cocaine-92-pureperuvian-cocaine-92-puresupplier","25":"product_tag-peruvian-cocaine-92-pureprice","26":"product_tag-peruvian-cocaine-92-pures","27":"product_tag-peruvian-cocaine-92-purestore","28":"product_tag-purcharse-peruvian-cocaine-92-pure","29":"product_tag-shop-peruvian-cocaine-92-pure","30":"product_tag-top-quality","31":"product_tag-where-to-buy-peruvian-cocaine-92-pure","32":"product_tag-where-to-order-peruvian-cocaine-92-pure","33":"product_tag-wholesale-peruvian-cocaine-92-pure","34":"desktop-align-left","35":"tablet-align-left","36":"mobile-align-left","37":"ast-product-gallery-layout-horizontal","38":"ast-product-gallery-with-no-image","39":"ast-product-single-variable","40":"ast-product-tabs-layout-horizontal","41":"ast-qv-on-image","43":"first","44":"instock","45":"shipping-taxable","46":"purchasable","47":"product-type-variable"},"yoast_head":"<!-- This site is optimized with the Yoast SEO plugin v25.9 - https:\/\/yoast.com\/wordpress\/plugins\/seo\/ -->\n<title>Peruvian Cocaine 92% Pure for Sale - Order Peruvian Cocaine<\/title>\n<meta name=\"description\" content=\"Looking to further your research? Buy Peruvian Cocaine 92% Pure conveniently and securely online, with a straightforward ordering process for Peruvian Cocaine 92% Pure for sale. Explore the possibilities and buy Peruvian Cocaine 92% Pure online for your research endeavors today.\" \/>\n<meta name=\"robots\" content=\"index, follow, max-snippet:-1, max-image-preview:large, max-video-preview:-1\" \/>\n<link rel=\"canonical\" href=\"https:\/\/legitgrams.com\/it\/prodotto\/cocaina-peruviana-92-pura\/\" \/>\n<meta property=\"og:locale\" content=\"it_IT\" \/>\n<meta property=\"og:type\" content=\"article\" \/>\n<meta property=\"og:title\" content=\"Peruvian Cocaine 92% Pure for Sale - Order Peruvian Cocaine\" \/>\n<meta property=\"og:description\" content=\"Looking to further your research? Buy Peruvian Cocaine 92% Pure conveniently and securely online, with a straightforward ordering process for Peruvian Cocaine 92% Pure for sale. Explore the possibilities and buy Peruvian Cocaine 92% Pure online for your research endeavors today.\" \/>\n<meta property=\"og:url\" content=\"https:\/\/legitgrams.com\/it\/prodotto\/cocaina-peruviana-92-pura\/\" \/>\n<meta property=\"og:site_name\" content=\"Legit Grams\" \/>\n<meta property=\"article:modified_time\" content=\"2026-02-26T12:21:25+00:00\" \/>\n<meta property=\"og:image\" content=\"https:\/\/legitgrams.com\/wp-content\/uploads\/2024\/09\/buy-peruvian-cocaine-92-pure-1.jpg\" \/>\n\t<meta property=\"og:image:width\" content=\"600\" \/>\n\t<meta property=\"og:image:height\" content=\"600\" \/>\n\t<meta property=\"og:image:type\" content=\"image\/jpeg\" \/>\n<meta name=\"twitter:card\" content=\"summary_large_image\" \/>\n<meta name=\"twitter:label1\" content=\"Tempo di lettura stimato\" \/>\n\t<meta name=\"twitter:data1\" content=\"2 minuti\" \/>\n<script type=\"application\/ld+json\" class=\"yoast-schema-graph\">{\"@context\":\"https:\/\/schema.org\",\"@graph\":[{\"@type\":\"WebPage\",\"@id\":\"https:\/\/legitgrams.com\/product\/peruvian-cocaine-92-pure\/\",\"url\":\"https:\/\/legitgrams.com\/product\/peruvian-cocaine-92-pure\/\",\"name\":\"Peruvian Cocaine 92% Pure for Sale - Order Peruvian Cocaine\",\"isPartOf\":{\"@id\":\"https:\/\/legitgrams.com\/#website\"},\"primaryImageOfPage\":{\"@id\":\"https:\/\/legitgrams.com\/product\/peruvian-cocaine-92-pure\/#primaryimage\"},\"image\":{\"@id\":\"https:\/\/legitgrams.com\/product\/peruvian-cocaine-92-pure\/#primaryimage\"},\"thumbnailUrl\":\"https:\/\/legitgrams.com\/wp-content\/uploads\/2024\/09\/buy-peruvian-cocaine-92-pure-1.jpg\",\"datePublished\":\"2024-09-22T10:23:42+00:00\",\"dateModified\":\"2026-02-26T12:21:25+00:00\",\"description\":\"Looking to further your research? Buy Peruvian Cocaine 92% Pure conveniently and securely online, with a straightforward ordering process for Peruvian Cocaine 92% Pure for sale. Explore the possibilities and buy Peruvian Cocaine 92% Pure online for your research endeavors today.\",\"breadcrumb\":{\"@id\":\"https:\/\/legitgrams.com\/product\/peruvian-cocaine-92-pure\/#breadcrumb\"},\"inLanguage\":\"it-IT\",\"potentialAction\":[{\"@type\":\"ReadAction\",\"target\":[\"https:\/\/legitgrams.com\/product\/peruvian-cocaine-92-pure\/\"]}]},{\"@type\":\"ImageObject\",\"inLanguage\":\"it-IT\",\"@id\":\"https:\/\/legitgrams.com\/product\/peruvian-cocaine-92-pure\/#primaryimage\",\"url\":\"https:\/\/legitgrams.com\/wp-content\/uploads\/2024\/09\/buy-peruvian-cocaine-92-pure-1.jpg\",\"contentUrl\":\"https:\/\/legitgrams.com\/wp-content\/uploads\/2024\/09\/buy-peruvian-cocaine-92-pure-1.jpg\",\"width\":600,\"height\":600,\"caption\":\"Buy Peruvian Cocaine 92% Pure Online\"},{\"@type\":\"BreadcrumbList\",\"@id\":\"https:\/\/legitgrams.com\/product\/peruvian-cocaine-92-pure\/#breadcrumb\",\"itemListElement\":[{\"@type\":\"ListItem\",\"position\":1,\"name\":\"Home\",\"item\":\"https:\/\/legitgrams.com\/\"},{\"@type\":\"ListItem\",\"position\":2,\"name\":\"Shop\",\"item\":\"https:\/\/legitgrams.com\/shop\/\"},{\"@type\":\"ListItem\",\"position\":3,\"name\":\"Buy Peruvian Cocaine 92% Pure Online\"}]},{\"@type\":\"WebSite\",\"@id\":\"https:\/\/legitgrams.com\/#website\",\"url\":\"https:\/\/legitgrams.com\/\",\"name\":\"Legit Grams\",\"description\":\"My WordPress Blog\",\"publisher\":{\"@id\":\"https:\/\/legitgrams.com\/#organization\"},\"potentialAction\":[{\"@type\":\"SearchAction\",\"target\":{\"@type\":\"EntryPoint\",\"urlTemplate\":\"https:\/\/legitgrams.com\/?s={search_term_string}\"},\"query-input\":{\"@type\":\"PropertyValueSpecification\",\"valueRequired\":true,\"valueName\":\"search_term_string\"}}],\"inLanguage\":\"it-IT\"},{\"@type\":\"Organization\",\"@id\":\"https:\/\/legitgrams.com\/#organization\",\"name\":\"Legit Grams\",\"url\":\"https:\/\/legitgrams.com\/\",\"logo\":{\"@type\":\"ImageObject\",\"inLanguage\":\"it-IT\",\"@id\":\"https:\/\/legitgrams.com\/#\/schema\/logo\/image\/\",\"url\":\"https:\/\/legitgrams.com\/wp-content\/uploads\/2024\/09\/main-logo.png\",\"contentUrl\":\"https:\/\/legitgrams.com\/wp-content\/uploads\/2024\/09\/main-logo.png\",\"width\":270,\"height\":75,\"caption\":\"Legit Grams\"},\"image\":{\"@id\":\"https:\/\/legitgrams.com\/#\/schema\/logo\/image\/\"}}]}<\/script>\n<!-- \/ Yoast SEO plugin. -->","yoast_head_json":{"title":"Peruvian Cocaine 92% Pure in vendita - Ordina Peruvian Cocaine","description":"Volete approfondire la vostra ricerca? Acquistate la Cocaina Peruviana 92% Pura in modo comodo e sicuro online, con un processo di ordinazione semplice per la Cocaina Peruviana 92% Pura in vendita. Esplorate le possibilit\u00e0 e acquistate la Cocaina Peruviana 92% Pura online per i vostri sforzi di ricerca oggi stesso.","robots":{"index":"index","follow":"follow","max-snippet":"max-snippet:-1","max-image-preview":"max-image-preview:large","max-video-preview":"max-video-preview:-1"},"canonical":"https:\/\/legitgrams.com\/it\/prodotto\/cocaina-peruviana-92-pura\/","og_locale":"it_IT","og_type":"article","og_title":"Peruvian Cocaine 92% Pure for Sale - Order Peruvian Cocaine","og_description":"Looking to further your research? Buy Peruvian Cocaine 92% Pure conveniently and securely online, with a straightforward ordering process for Peruvian Cocaine 92% Pure for sale. Explore the possibilities and buy Peruvian Cocaine 92% Pure online for your research endeavors today.","og_url":"https:\/\/legitgrams.com\/it\/prodotto\/cocaina-peruviana-92-pura\/","og_site_name":"Legit Grams","article_modified_time":"2026-02-26T12:21:25+00:00","og_image":[{"width":600,"height":600,"url":"https:\/\/legitgrams.com\/wp-content\/uploads\/2024\/09\/buy-peruvian-cocaine-92-pure-1.jpg","type":"image\/jpeg"}],"twitter_card":"summary_large_image","twitter_misc":{"Tempo di lettura stimato":"2 minuti"},"schema":{"@context":"https:\/\/schema.org","@graph":[{"@type":"WebPage","@id":"https:\/\/legitgrams.com\/product\/peruvian-cocaine-92-pure\/","url":"https:\/\/legitgrams.com\/product\/peruvian-cocaine-92-pure\/","name":"Peruvian Cocaine 92% Pure in vendita - Ordina Peruvian Cocaine","isPartOf":{"@id":"https:\/\/legitgrams.com\/#website"},"primaryImageOfPage":{"@id":"https:\/\/legitgrams.com\/product\/peruvian-cocaine-92-pure\/#primaryimage"},"image":{"@id":"https:\/\/legitgrams.com\/product\/peruvian-cocaine-92-pure\/#primaryimage"},"thumbnailUrl":"https:\/\/legitgrams.com\/wp-content\/uploads\/2024\/09\/buy-peruvian-cocaine-92-pure-1.jpg","datePublished":"2024-09-22T10:23:42+00:00","dateModified":"2026-02-26T12:21:25+00:00","description":"Volete approfondire la vostra ricerca? Acquistate la Cocaina Peruviana 92% Pura in modo comodo e sicuro online, con un processo di ordinazione semplice per la Cocaina Peruviana 92% Pura in vendita. Esplorate le possibilit\u00e0 e acquistate la Cocaina Peruviana 92% Pura online per i vostri sforzi di ricerca oggi stesso.","breadcrumb":{"@id":"https:\/\/legitgrams.com\/product\/peruvian-cocaine-92-pure\/#breadcrumb"},"inLanguage":"it-IT","potentialAction":[{"@type":"ReadAction","target":["https:\/\/legitgrams.com\/product\/peruvian-cocaine-92-pure\/"]}]},{"@type":"ImageObject","inLanguage":"it-IT","@id":"https:\/\/legitgrams.com\/product\/peruvian-cocaine-92-pure\/#primaryimage","url":"https:\/\/legitgrams.com\/wp-content\/uploads\/2024\/09\/buy-peruvian-cocaine-92-pure-1.jpg","contentUrl":"https:\/\/legitgrams.com\/wp-content\/uploads\/2024\/09\/buy-peruvian-cocaine-92-pure-1.jpg","width":600,"height":600,"caption":"Buy Peruvian Cocaine 92% Pure Online"},{"@type":"BreadcrumbList","@id":"https:\/\/legitgrams.com\/product\/peruvian-cocaine-92-pure\/#breadcrumb","itemListElement":[{"@type":"ListItem","position":1,"name":"Home","item":"https:\/\/legitgrams.com\/"},{"@type":"ListItem","position":2,"name":"Shop","item":"https:\/\/legitgrams.com\/shop\/"},{"@type":"ListItem","position":3,"name":"Buy Peruvian Cocaine 92% Pure Online"}]},{"@type":"WebSite","@id":"https:\/\/legitgrams.com\/#website","url":"https:\/\/legitgrams.com\/","name":"Grammi legittimi","description":"Il mio blog WordPress","publisher":{"@id":"https:\/\/legitgrams.com\/#organization"},"potentialAction":[{"@type":"SearchAction","target":{"@type":"EntryPoint","urlTemplate":"https:\/\/legitgrams.com\/?s={search_term_string}"},"query-input":{"@type":"PropertyValueSpecification","valueRequired":true,"valueName":"search_term_string"}}],"inLanguage":"it-IT"},{"@type":"Organization","@id":"https:\/\/legitgrams.com\/#organization","name":"Grammi legittimi","url":"https:\/\/legitgrams.com\/","logo":{"@type":"ImageObject","inLanguage":"it-IT","@id":"https:\/\/legitgrams.com\/#\/schema\/logo\/image\/","url":"https:\/\/legitgrams.com\/wp-content\/uploads\/2024\/09\/main-logo.png","contentUrl":"https:\/\/legitgrams.com\/wp-content\/uploads\/2024\/09\/main-logo.png","width":270,"height":75,"caption":"Legit Grams"},"image":{"@id":"https:\/\/legitgrams.com\/#\/schema\/logo\/image\/"}}]}},"uagb_featured_image_src":{"full":["https:\/\/legitgrams.com\/wp-content\/uploads\/2024\/09\/buy-peruvian-cocaine-92-pure-1.jpg",600,600,false],"thumbnail":["https:\/\/legitgrams.com\/wp-content\/uploads\/2024\/09\/buy-peruvian-cocaine-92-pure-1-150x150.jpg",150,150,true],"medium":["https:\/\/legitgrams.com\/wp-content\/uploads\/2024\/09\/buy-peruvian-cocaine-92-pure-1-300x300.jpg",300,300,true],"medium_large":["https:\/\/legitgrams.com\/wp-content\/uploads\/2024\/09\/buy-peruvian-cocaine-92-pure-1.jpg",600,600,false],"large":["https:\/\/legitgrams.com\/wp-content\/uploads\/2024\/09\/buy-peruvian-cocaine-92-pure-1.jpg",600,600,false],"1536x1536":["https:\/\/legitgrams.com\/wp-content\/uploads\/2024\/09\/buy-peruvian-cocaine-92-pure-1.jpg",600,600,false],"2048x2048":["https:\/\/legitgrams.com\/wp-content\/uploads\/2024\/09\/buy-peruvian-cocaine-92-pure-1.jpg",600,600,false],"trp-custom-language-flag":["https:\/\/legitgrams.com\/wp-content\/uploads\/2024\/09\/buy-peruvian-cocaine-92-pure-1-12x12.jpg",12,12,true],"woocommerce_thumbnail":["https:\/\/legitgrams.com\/wp-content\/uploads\/2024\/09\/buy-peruvian-cocaine-92-pure-1-300x300.jpg",300,300,true],"woocommerce_single":["https:\/\/legitgrams.com\/wp-content\/uploads\/2024\/09\/buy-peruvian-cocaine-92-pure-1.jpg",600,600,false],"woocommerce_gallery_thumbnail":["https:\/\/legitgrams.com\/wp-content\/uploads\/2024\/09\/buy-peruvian-cocaine-92-pure-1-100x100.jpg",100,100,true]},"uagb_author_info":{"display_name":"cokeblog18","author_link":"https:\/\/legitgrams.com\/it\/author\/"},"uagb_comment_info":0,"uagb_excerpt":"Purchase Peruvian Cocaine 92% Pure Online Extracts of Peruvian cocaine made from the Coca plant. Numerous Western nations, like Colombia, Bolivia, Peru, etc., fertilize this plant. But Peru is home to the most significant source of cocaine. This is because of its many applications in daily life and its purity. Furthermore, several companies employ this&hellip;","_links":{"self":[{"href":"https:\/\/legitgrams.com\/it\/wp-json\/wp\/v2\/product\/4308","targetHints":{"allow":["GET"]}}],"collection":[{"href":"https:\/\/legitgrams.com\/it\/wp-json\/wp\/v2\/product"}],"about":[{"href":"https:\/\/legitgrams.com\/it\/wp-json\/wp\/v2\/types\/product"}],"replies":[{"embeddable":true,"href":"https:\/\/legitgrams.com\/it\/wp-json\/wp\/v2\/comments?post=4308"}],"wp:featuredmedia":[{"embeddable":true,"href":"https:\/\/legitgrams.com\/it\/wp-json\/wp\/v2\/media\/5437"}],"wp:attachment":[{"href":"https:\/\/legitgrams.com\/it\/wp-json\/wp\/v2\/media?parent=4308"}],"wp:term":[{"taxonomy":"product_brand","embeddable":true,"href":"https:\/\/legitgrams.com\/it\/wp-json\/wp\/v2\/product_brand?post=4308"},{"taxonomy":"product_cat","embeddable":true,"href":"https:\/\/legitgrams.com\/it\/wp-json\/wp\/v2\/product_cat?post=4308"},{"taxonomy":"product_tag","embeddable":true,"href":"https:\/\/legitgrams.com\/it\/wp-json\/wp\/v2\/product_tag?post=4308"}],"curies":[{"name":"wp","href":"https:\/\/api.w.org\/{rel}","templated":true}]}}