{"id":5353,"date":"2024-09-23T21:55:57","date_gmt":"2024-09-23T21:55:57","guid":{"rendered":"https:\/\/legitgrams.com\/?post_type=product&#038;p=5353"},"modified":"2026-02-26T12:18:58","modified_gmt":"2026-02-26T12:18:58","slug":"buy-blueberry-nuken-shatter-online","status":"publish","type":"product","link":"https:\/\/legitgrams.com\/it\/prodotto\/buy-blueberry-nuken-shatter-online\/","title":{"rendered":"Buy Blueberry Nuken Shatter Online"},"content":{"rendered":"<h2>Top Shelf Online: Blueberry Nuken Shatter in vendita<\/h2>\n<p>Il concentrato Blueberry Shatter \u00e8 stato creato da una nuova variet\u00e0 nata dalla mente creativa del leggendario DJ Short. L'estratto premium <a href=\"https:\/\/legitgrams.com\/it\/prodotto\/buy-blueberry-nuken-shatter-online\/\">Shatter al mirtillo<\/a> \u00e8 considerata dalla comunit\u00e0 della cannabis uno degli ibridi indica pi\u00f9 potenti e rinvigorenti sul mercato. Aspettatevi un sapore simile a un muffin ai mirtilli appena fatto, esaltato dalle delicate note di vaniglia di questa deliziosa fragranza e concluso da note croccanti e di pino quando espirate.<\/p>\n<h3>Il Blueberry Shatter pu\u00f2 essere acquistato online.<\/h3>\n<p>Purtroppo, l'esposizione al calore causa spesso collassi, che portano a brufoli cerosi. Ma questo non rende i tuoi pugni meno sicuri o efficaci.<\/p>\n<p>Non accettiamo rimborsi se la tua lacrima sviluppa gemme o cera. Un potente ibrido a predominanza indica con un potente effetto corporeo, l'Ink Kush \u00e8 ricercato tanto quanto il suo parente, l'originale Kush. La sua variet\u00e0 speciale ha peli rosa con gemme verde brillante appena percettibili. C'\u00e8 un sottile profumo di caramelle e un dolce profumo di vaniglia sotto una copertura di tricomi simili allo zucchero. <a href=\"https:\/\/legitgrams.com\/it\/\">LegitGrams<\/a><\/p>\n<p>Acquista <a href=\"https:\/\/en.wikipedia.org\/wiki\/Blueberry\">Mirtillo<\/a> Shatter per un'euforia calda e duratura che si intensifica lentamente ed \u00e8 seguita da un'ondata di calma lenta e riflessiva che travolge, rallenta e distrae dai pensieri negativi e di breve durata che spesso intasano la testa dopo una lunga giornata di lavoro. Per le sue qualit\u00e0 elevanti e durature, questo estratto \u00e8 un'ottima scelta per gestire il dolore cronico, lo stress e la stanchezza, con particolare attenzione ad alleviare la noia della giornata lavorativa.<\/p>\n<p>Ottieni Blueberry Nuken Shatter da Top Shelf: acquista Blueberry Nuken Shatter online negli Stati Uniti, acquista Blueberry Nuken Shatter negli Stati Uniti, dove posso acquistare Nuken Shatter Blueberry online? Dove posso acquistare Nuken Shatter Blueberry online? Dove posso acquistare Nuken Shatter Blueberry online? I Blueberry Nuken Shatter sono disponibili negli Stati Uniti, in Canada e nel Regno Unito? acquisto, internet, venditori, spedizione sicura, Blueberry Nuken Shatter \u00e8 ancora disponibile per l'acquisto. Inoltre, puoi scoprire come ottenere Blueberry Nuken Shatter, se \u00e8 legale in Canada e se \u00e8 legale negli Stati Uniti.<\/p>","protected":false},"excerpt":{"rendered":"<p>Top Shelf Online: Blueberry Nuken Shatter for Sale The Blueberry Shatter concentrate was created from a new strain that came from the creative mind of legendary DJ Short. The premium extract Blueberry Shatter is regarded by the cannabis community as one of the most potent and invigorating indica hybrids on the market. Expect a taste &hellip;<\/p>\n<p class=\"read-more\"> <a class=\"\" href=\"https:\/\/legitgrams.com\/it\/prodotto\/buy-blueberry-nuken-shatter-online\/\"> <span class=\"screen-reader-text\">Buy Blueberry Nuken Shatter Online<\/span> Leggi tutto \"<\/a><\/p>","protected":false},"featured_media":5356,"comment_status":"open","ping_status":"closed","template":"","meta":{"_uag_custom_page_level_css":"","site-sidebar-layout":"default","site-content-layout":"default","ast-global-header-display":"","ast-main-header-display":"","ast-hfb-above-header-display":"","ast-hfb-below-header-display":"","ast-hfb-mobile-header-display":"","site-post-title":"","ast-breadcrumbs-content":"","ast-featured-img":"","footer-sml-layout":"","theme-transparent-header-meta":"default","adv-header-id-meta":"","stick-header-meta":"default","header-above-stick-meta":"","header-main-stick-meta":"","header-below-stick-meta":"","_joinchat":[]},"product_brand":[],"product_cat":[604],"product_tag":[632,621,611,615,614,623,613,624,630,627,634,635,633,617,612,629,626,620,618,631,628,625,619,622,616],"class_list":{"0":"post-5353","1":"product","2":"type-product","3":"status-publish","4":"has-post-thumbnail","6":"product_cat-shatter","7":"product_tag-best-cheap-price-blueberry-nuken-shatter","8":"product_tag-best-place-to-buy-blueberry-nuken-shatter","9":"product_tag-blueberry-nuken-shatter","10":"product_tag-blueberry-nuken-shatter-blueberry-nuken-shatter-supplier","11":"product_tag-blueberry-nuken-shatter-for-sale","12":"product_tag-blueberry-nuken-shatter-legally","13":"product_tag-blueberry-nuken-shatter-online","14":"product_tag-blueberry-nuken-shatter-price","15":"product_tag-blueberry-nuken-shatter-s","16":"product_tag-blueberry-nuken-shatter-store","17":"product_tag-blueberry-nuken-shatter-use","18":"product_tag-blueberry-nuken-shatter-wiki","19":"product_tag-blueberry-nuken-shatter-worldwide","20":"product_tag-bulk-online","21":"product_tag-buy-blueberry-nuken-shatter","22":"product_tag-cheap-blueberry-nuken-shatter","23":"product_tag-high-quality-blueberry-nuken-shatter","24":"product_tag-how-to-buy-blueberry-nuken-shatter","25":"product_tag-order-blueberry-nuken-shatter","26":"product_tag-purcharse-blueberry-nuken-shatter","27":"product_tag-shop-blueberry-nuken-shatter","28":"product_tag-top-quality","29":"product_tag-where-to-buy-blueberry-nuken-shatter","30":"product_tag-where-to-order-blueberry-nuken-shatter","31":"product_tag-wholesale-blueberry-nuken-shatter","32":"desktop-align-left","33":"tablet-align-left","34":"mobile-align-left","35":"ast-product-gallery-layout-horizontal","36":"ast-product-gallery-with-no-image","37":"ast-product-single-variable","38":"ast-product-tabs-layout-horizontal","39":"ast-qv-on-image","41":"first","42":"instock","43":"featured","44":"shipping-taxable","45":"purchasable","46":"product-type-variable"},"yoast_head":"<!-- This site is optimized with the Yoast SEO plugin v25.9 - https:\/\/yoast.com\/wordpress\/plugins\/seo\/ -->\n<title>Best Blueberry Nuken Shatter for Sale Online - Top Shelf<\/title>\n<meta name=\"description\" content=\"If you are looking to buy blueberry nuken shatter online, Legitgrams.com is the best place to order blueberry nuken shatter online, blueberry nuken for sale at best price. Fast Shipping Service!\" \/>\n<meta name=\"robots\" content=\"index, follow, max-snippet:-1, max-image-preview:large, max-video-preview:-1\" \/>\n<link rel=\"canonical\" href=\"https:\/\/legitgrams.com\/it\/prodotto\/buy-blueberry-nuken-shatter-online\/\" \/>\n<meta property=\"og:locale\" content=\"it_IT\" \/>\n<meta property=\"og:type\" content=\"article\" \/>\n<meta property=\"og:title\" content=\"Best Blueberry Nuken Shatter for Sale Online - Top Shelf\" \/>\n<meta property=\"og:description\" content=\"If you are looking to buy blueberry nuken shatter online, Legitgrams.com is the best place to order blueberry nuken shatter online, blueberry nuken for sale at best price. Fast Shipping Service!\" \/>\n<meta property=\"og:url\" content=\"https:\/\/legitgrams.com\/it\/prodotto\/buy-blueberry-nuken-shatter-online\/\" \/>\n<meta property=\"og:site_name\" content=\"Legit Grams\" \/>\n<meta property=\"article:modified_time\" content=\"2026-02-26T12:18:58+00:00\" \/>\n<meta property=\"og:image\" content=\"https:\/\/legitgrams.com\/wp-content\/uploads\/2024\/09\/Buy-Blueberry-Nuken-Shatter.jpg\" \/>\n\t<meta property=\"og:image:width\" content=\"600\" \/>\n\t<meta property=\"og:image:height\" content=\"600\" \/>\n\t<meta property=\"og:image:type\" content=\"image\/jpeg\" \/>\n<meta name=\"twitter:card\" content=\"summary_large_image\" \/>\n<meta name=\"twitter:label1\" content=\"Tempo di lettura stimato\" \/>\n\t<meta name=\"twitter:data1\" content=\"2 minuti\" \/>\n<script type=\"application\/ld+json\" class=\"yoast-schema-graph\">{\"@context\":\"https:\/\/schema.org\",\"@graph\":[{\"@type\":\"WebPage\",\"@id\":\"https:\/\/legitgrams.com\/product\/buy-blueberry-nuken-shatter-online\/\",\"url\":\"https:\/\/legitgrams.com\/product\/buy-blueberry-nuken-shatter-online\/\",\"name\":\"Best Blueberry Nuken Shatter for Sale Online - Top Shelf\",\"isPartOf\":{\"@id\":\"https:\/\/legitgrams.com\/#website\"},\"primaryImageOfPage\":{\"@id\":\"https:\/\/legitgrams.com\/product\/buy-blueberry-nuken-shatter-online\/#primaryimage\"},\"image\":{\"@id\":\"https:\/\/legitgrams.com\/product\/buy-blueberry-nuken-shatter-online\/#primaryimage\"},\"thumbnailUrl\":\"https:\/\/legitgrams.com\/wp-content\/uploads\/2024\/09\/Buy-Blueberry-Nuken-Shatter.jpg\",\"datePublished\":\"2024-09-23T21:55:57+00:00\",\"dateModified\":\"2026-02-26T12:18:58+00:00\",\"description\":\"If you are looking to buy blueberry nuken shatter online, Legitgrams.com is the best place to order blueberry nuken shatter online, blueberry nuken for sale at best price. Fast Shipping Service!\",\"breadcrumb\":{\"@id\":\"https:\/\/legitgrams.com\/product\/buy-blueberry-nuken-shatter-online\/#breadcrumb\"},\"inLanguage\":\"it-IT\",\"potentialAction\":[{\"@type\":\"ReadAction\",\"target\":[\"https:\/\/legitgrams.com\/product\/buy-blueberry-nuken-shatter-online\/\"]}]},{\"@type\":\"ImageObject\",\"inLanguage\":\"it-IT\",\"@id\":\"https:\/\/legitgrams.com\/product\/buy-blueberry-nuken-shatter-online\/#primaryimage\",\"url\":\"https:\/\/legitgrams.com\/wp-content\/uploads\/2024\/09\/Buy-Blueberry-Nuken-Shatter.jpg\",\"contentUrl\":\"https:\/\/legitgrams.com\/wp-content\/uploads\/2024\/09\/Buy-Blueberry-Nuken-Shatter.jpg\",\"width\":600,\"height\":600,\"caption\":\"Buy Blueberry Nuken Shatter Online\"},{\"@type\":\"BreadcrumbList\",\"@id\":\"https:\/\/legitgrams.com\/product\/buy-blueberry-nuken-shatter-online\/#breadcrumb\",\"itemListElement\":[{\"@type\":\"ListItem\",\"position\":1,\"name\":\"Home\",\"item\":\"https:\/\/legitgrams.com\/\"},{\"@type\":\"ListItem\",\"position\":2,\"name\":\"Shop\",\"item\":\"https:\/\/legitgrams.com\/shop\/\"},{\"@type\":\"ListItem\",\"position\":3,\"name\":\"Buy Blueberry Nuken Shatter Online\"}]},{\"@type\":\"WebSite\",\"@id\":\"https:\/\/legitgrams.com\/#website\",\"url\":\"https:\/\/legitgrams.com\/\",\"name\":\"Legit Grams\",\"description\":\"My WordPress Blog\",\"publisher\":{\"@id\":\"https:\/\/legitgrams.com\/#organization\"},\"potentialAction\":[{\"@type\":\"SearchAction\",\"target\":{\"@type\":\"EntryPoint\",\"urlTemplate\":\"https:\/\/legitgrams.com\/?s={search_term_string}\"},\"query-input\":{\"@type\":\"PropertyValueSpecification\",\"valueRequired\":true,\"valueName\":\"search_term_string\"}}],\"inLanguage\":\"it-IT\"},{\"@type\":\"Organization\",\"@id\":\"https:\/\/legitgrams.com\/#organization\",\"name\":\"Legit Grams\",\"url\":\"https:\/\/legitgrams.com\/\",\"logo\":{\"@type\":\"ImageObject\",\"inLanguage\":\"it-IT\",\"@id\":\"https:\/\/legitgrams.com\/#\/schema\/logo\/image\/\",\"url\":\"https:\/\/legitgrams.com\/wp-content\/uploads\/2024\/09\/main-logo.png\",\"contentUrl\":\"https:\/\/legitgrams.com\/wp-content\/uploads\/2024\/09\/main-logo.png\",\"width\":270,\"height\":75,\"caption\":\"Legit Grams\"},\"image\":{\"@id\":\"https:\/\/legitgrams.com\/#\/schema\/logo\/image\/\"}}]}<\/script>\n<!-- \/ Yoast SEO plugin. -->","yoast_head_json":{"title":"I migliori shatter Nuken al mirtillo in vendita online - Top Shelf","description":"Se stai cercando di comprare blueberry nuken shatter online, Legitgrams.com \u00e8 il posto migliore per ordinare blueberry nuken shatter online, blueberry nuken in vendita al miglior prezzo. Servizio di spedizione veloce!","robots":{"index":"index","follow":"follow","max-snippet":"max-snippet:-1","max-image-preview":"max-image-preview:large","max-video-preview":"max-video-preview:-1"},"canonical":"https:\/\/legitgrams.com\/it\/prodotto\/buy-blueberry-nuken-shatter-online\/","og_locale":"it_IT","og_type":"article","og_title":"Best Blueberry Nuken Shatter for Sale Online - Top Shelf","og_description":"If you are looking to buy blueberry nuken shatter online, Legitgrams.com is the best place to order blueberry nuken shatter online, blueberry nuken for sale at best price. Fast Shipping Service!","og_url":"https:\/\/legitgrams.com\/it\/prodotto\/buy-blueberry-nuken-shatter-online\/","og_site_name":"Legit Grams","article_modified_time":"2026-02-26T12:18:58+00:00","og_image":[{"width":600,"height":600,"url":"https:\/\/legitgrams.com\/wp-content\/uploads\/2024\/09\/Buy-Blueberry-Nuken-Shatter.jpg","type":"image\/jpeg"}],"twitter_card":"summary_large_image","twitter_misc":{"Tempo di lettura stimato":"2 minuti"},"schema":{"@context":"https:\/\/schema.org","@graph":[{"@type":"WebPage","@id":"https:\/\/legitgrams.com\/product\/buy-blueberry-nuken-shatter-online\/","url":"https:\/\/legitgrams.com\/product\/buy-blueberry-nuken-shatter-online\/","name":"I migliori shatter Nuken al mirtillo in vendita online - Top Shelf","isPartOf":{"@id":"https:\/\/legitgrams.com\/#website"},"primaryImageOfPage":{"@id":"https:\/\/legitgrams.com\/product\/buy-blueberry-nuken-shatter-online\/#primaryimage"},"image":{"@id":"https:\/\/legitgrams.com\/product\/buy-blueberry-nuken-shatter-online\/#primaryimage"},"thumbnailUrl":"https:\/\/legitgrams.com\/wp-content\/uploads\/2024\/09\/Buy-Blueberry-Nuken-Shatter.jpg","datePublished":"2024-09-23T21:55:57+00:00","dateModified":"2026-02-26T12:18:58+00:00","description":"Se stai cercando di comprare blueberry nuken shatter online, Legitgrams.com \u00e8 il posto migliore per ordinare blueberry nuken shatter online, blueberry nuken in vendita al miglior prezzo. Servizio di spedizione veloce!","breadcrumb":{"@id":"https:\/\/legitgrams.com\/product\/buy-blueberry-nuken-shatter-online\/#breadcrumb"},"inLanguage":"it-IT","potentialAction":[{"@type":"ReadAction","target":["https:\/\/legitgrams.com\/product\/buy-blueberry-nuken-shatter-online\/"]}]},{"@type":"ImageObject","inLanguage":"it-IT","@id":"https:\/\/legitgrams.com\/product\/buy-blueberry-nuken-shatter-online\/#primaryimage","url":"https:\/\/legitgrams.com\/wp-content\/uploads\/2024\/09\/Buy-Blueberry-Nuken-Shatter.jpg","contentUrl":"https:\/\/legitgrams.com\/wp-content\/uploads\/2024\/09\/Buy-Blueberry-Nuken-Shatter.jpg","width":600,"height":600,"caption":"Buy Blueberry Nuken Shatter Online"},{"@type":"BreadcrumbList","@id":"https:\/\/legitgrams.com\/product\/buy-blueberry-nuken-shatter-online\/#breadcrumb","itemListElement":[{"@type":"ListItem","position":1,"name":"Home","item":"https:\/\/legitgrams.com\/"},{"@type":"ListItem","position":2,"name":"Shop","item":"https:\/\/legitgrams.com\/shop\/"},{"@type":"ListItem","position":3,"name":"Buy Blueberry Nuken Shatter Online"}]},{"@type":"WebSite","@id":"https:\/\/legitgrams.com\/#website","url":"https:\/\/legitgrams.com\/","name":"Grammi legittimi","description":"Il mio blog WordPress","publisher":{"@id":"https:\/\/legitgrams.com\/#organization"},"potentialAction":[{"@type":"SearchAction","target":{"@type":"EntryPoint","urlTemplate":"https:\/\/legitgrams.com\/?s={search_term_string}"},"query-input":{"@type":"PropertyValueSpecification","valueRequired":true,"valueName":"search_term_string"}}],"inLanguage":"it-IT"},{"@type":"Organization","@id":"https:\/\/legitgrams.com\/#organization","name":"Grammi legittimi","url":"https:\/\/legitgrams.com\/","logo":{"@type":"ImageObject","inLanguage":"it-IT","@id":"https:\/\/legitgrams.com\/#\/schema\/logo\/image\/","url":"https:\/\/legitgrams.com\/wp-content\/uploads\/2024\/09\/main-logo.png","contentUrl":"https:\/\/legitgrams.com\/wp-content\/uploads\/2024\/09\/main-logo.png","width":270,"height":75,"caption":"Legit Grams"},"image":{"@id":"https:\/\/legitgrams.com\/#\/schema\/logo\/image\/"}}]}},"uagb_featured_image_src":{"full":["https:\/\/legitgrams.com\/wp-content\/uploads\/2024\/09\/Buy-Blueberry-Nuken-Shatter.jpg",600,600,false],"thumbnail":["https:\/\/legitgrams.com\/wp-content\/uploads\/2024\/09\/Buy-Blueberry-Nuken-Shatter-150x150.jpg",150,150,true],"medium":["https:\/\/legitgrams.com\/wp-content\/uploads\/2024\/09\/Buy-Blueberry-Nuken-Shatter-300x300.jpg",300,300,true],"medium_large":["https:\/\/legitgrams.com\/wp-content\/uploads\/2024\/09\/Buy-Blueberry-Nuken-Shatter.jpg",600,600,false],"large":["https:\/\/legitgrams.com\/wp-content\/uploads\/2024\/09\/Buy-Blueberry-Nuken-Shatter.jpg",600,600,false],"1536x1536":["https:\/\/legitgrams.com\/wp-content\/uploads\/2024\/09\/Buy-Blueberry-Nuken-Shatter.jpg",600,600,false],"2048x2048":["https:\/\/legitgrams.com\/wp-content\/uploads\/2024\/09\/Buy-Blueberry-Nuken-Shatter.jpg",600,600,false],"trp-custom-language-flag":["https:\/\/legitgrams.com\/wp-content\/uploads\/2024\/09\/Buy-Blueberry-Nuken-Shatter-12x12.jpg",12,12,true],"woocommerce_thumbnail":["https:\/\/legitgrams.com\/wp-content\/uploads\/2024\/09\/Buy-Blueberry-Nuken-Shatter-300x300.jpg",300,300,true],"woocommerce_single":["https:\/\/legitgrams.com\/wp-content\/uploads\/2024\/09\/Buy-Blueberry-Nuken-Shatter.jpg",600,600,false],"woocommerce_gallery_thumbnail":["https:\/\/legitgrams.com\/wp-content\/uploads\/2024\/09\/Buy-Blueberry-Nuken-Shatter-100x100.jpg",100,100,true]},"uagb_author_info":{"display_name":"cokeblog18","author_link":"https:\/\/legitgrams.com\/it\/author\/"},"uagb_comment_info":0,"uagb_excerpt":"Top Shelf Online: Blueberry Nuken Shatter for Sale The Blueberry Shatter concentrate was created from a new strain that came from the creative mind of legendary DJ Short. The premium extract Blueberry Shatter is regarded by the cannabis community as one of the most potent and invigorating indica hybrids on the market. Expect a taste&hellip;","_links":{"self":[{"href":"https:\/\/legitgrams.com\/it\/wp-json\/wp\/v2\/product\/5353","targetHints":{"allow":["GET"]}}],"collection":[{"href":"https:\/\/legitgrams.com\/it\/wp-json\/wp\/v2\/product"}],"about":[{"href":"https:\/\/legitgrams.com\/it\/wp-json\/wp\/v2\/types\/product"}],"replies":[{"embeddable":true,"href":"https:\/\/legitgrams.com\/it\/wp-json\/wp\/v2\/comments?post=5353"}],"wp:featuredmedia":[{"embeddable":true,"href":"https:\/\/legitgrams.com\/it\/wp-json\/wp\/v2\/media\/5356"}],"wp:attachment":[{"href":"https:\/\/legitgrams.com\/it\/wp-json\/wp\/v2\/media?parent=5353"}],"wp:term":[{"taxonomy":"product_brand","embeddable":true,"href":"https:\/\/legitgrams.com\/it\/wp-json\/wp\/v2\/product_brand?post=5353"},{"taxonomy":"product_cat","embeddable":true,"href":"https:\/\/legitgrams.com\/it\/wp-json\/wp\/v2\/product_cat?post=5353"},{"taxonomy":"product_tag","embeddable":true,"href":"https:\/\/legitgrams.com\/it\/wp-json\/wp\/v2\/product_tag?post=5353"}],"curies":[{"name":"wp","href":"https:\/\/api.w.org\/{rel}","templated":true}]}}