{"id":2901,"date":"2024-04-01T10:28:41","date_gmt":"2024-04-01T10:28:41","guid":{"rendered":"https:\/\/unkrautmarkt.com\/coke\/?post_type=product&#038;p=2901"},"modified":"2025-03-08T05:06:33","modified_gmt":"2025-03-08T05:06:33","slug":"bolivia-cocaine","status":"publish","type":"product","link":"https:\/\/legitgrams.com\/nl\/product\/bolivia-cocaine\/","title":{"rendered":"Buy Bolivia Cocaine Online"},"content":{"rendered":"<h2>Bekijk de premium Boliviaanse coca\u00efne van LegitGrams die online te koop is<\/h2>\n<p>Groeten van LegitGrams, de beste plek om hoogwaardige producten te kopens <a href=\"https:\/\/legitgrams.com\/nl\/product\/bolivia-cocaine\/\">Boliviaanse coca\u00efne<\/a> online. We take pride in providing the <a href=\"https:\/\/www.bing.com\/search?q=Buy+Bolivia+Cocaine+Online&amp;qs=n&amp;form=QBRE&amp;sp=-1&amp;lq=0&amp;pq=buy+bolivia+cocaine+online&amp;sc=0-26&amp;sk=&amp;cvid=3C7E3A246BB7401697476B8CC6058BB9&amp;ghsh=0&amp;ghacc=0&amp;ghpl=\">highest quality cocaine for sale<\/a>online. Wij zijn er trots op dat we de hoogste kwaliteit coca\u00efne te koop aanbieden, en zorgen ervoor dat onze gewaardeerde klanten een soepele en priv\u00e9 aankoopervaring hebben. Ons platform voldoet aan al uw Bolivia coca\u00efne behoeften, ongeacht of u een expert of een beginnende shopper bent.<\/p>\n<h3>Waarom kiezen voor legitieme grammen coca\u00efne uit Bolivia?<\/h3>\n<p>Om een \u200b\u200baantal redenen, <a href=\"https:\/\/legitgrams.com\/nl\/\">LegitGrams<\/a> is the greatest location to <a href=\"https:\/\/www.bing.com\/search?q=Buy+Bolivia+Cocaine+Online&amp;qs=n&amp;form=QBRE&amp;sp=-1&amp;lq=0&amp;pq=buy+bolivia+cocaine+online&amp;sc=0-26&amp;sk=&amp;cvid=3C7E3A246BB7401697476B8CC6058BB9&amp;ghsh=0&amp;ghacc=0&amp;ghpl=\">purchase Bolivian cocaine online<\/a>.<\/p>\n<p>Superior Products: We acquire our <a href=\"https:\/\/www.google.com\/search?q=Buy+Bolivia+Cocaine+Online&amp;num=10&amp;sca_esv=1a2a07081c7891bb&amp;rlz=1C1RXQR_enIN1098IN1098&amp;sxsrf=AHTn8zqpFfaaMcBhZ3pIfCYgJThID_meGA%3A1741341363421&amp;ei=s8LKZ5K6GeKWnesP7ZLziQQ&amp;ved=0ahUKEwjS35iL2veLAxViS2cHHW3JPEEQ4dUDCBA&amp;uact=5&amp;oq=Buy+Bolivia+Cocaine+Online&amp;gs_lp=Egxnd3Mtd2l6LXNlcnAiGkJ1eSBCb2xpdmlhIENvY2FpbmUgT25saW5lSLkIUIMEWIMEcAJ4AJABAJgBtwGgAbcBqgEDMC4xuAEDyAEA-AEC-AEBmAICoAIMwgILEAAYgAQYsAMYogTCAggQABiwAxjvBZgDAIgGAZAGApIHATKgB80B&amp;sclient=gws-wiz-serp\">Boliviaanse coca\u00efne<\/a> from reliable vendors, ensuring that every purchase is of the highest caliber.<br \/>\nVeilige online aankopen: Dankzij onze veilige online betaalkanalen kunt u erop vertrouwen dat uw transacties veilig zijn.<br \/>\nDiscrete verpakking: Wij erkennen hoe cruciaal privacy is. Om anonimiteit te garanderen tijdens het verzendproces, verpakken wij uw Boliviaanse coca\u00efne discreet. <a href=\"https:\/\/www.google.com\/search?q=Buy+Bolivia+Cocaine+Online&amp;num=10&amp;sca_esv=1a2a07081c7891bb&amp;rlz=1C1RXQR_enIN1098IN1098&amp;sxsrf=AHTn8zqpFfaaMcBhZ3pIfCYgJThID_meGA%3A1741341363421&amp;ei=s8LKZ5K6GeKWnesP7ZLziQQ&amp;ved=0ahUKEwjS35iL2veLAxViS2cHHW3JPEEQ4dUDCBA&amp;uact=5&amp;oq=Buy+Bolivia+Cocaine+Online&amp;gs_lp=Egxnd3Mtd2l6LXNlcnAiGkJ1eSBCb2xpdmlhIENvY2FpbmUgT25saW5lSLkIUIMEWIMEcAJ4AJABAJgBtwGgAbcBqgEDMC4xuAEDyAEA-AEC-AEBmAICoAIMwgILEAAYgAQYsAMYogTCAggQABiwAxjvBZgDAIgGAZAGApIHATKgB80B&amp;sclient=gws-wiz-serp\">Boliviaanse coca\u00efne<\/a>.<br \/>\nSz\u00e1mos v\u00e1laszt\u00e1si lehet\u0151s\u00e9g: N\u00e9zze meg a k\u00fcl\u00f6nf\u00e9le bol\u00edviai kokainterm\u00e9keket, \u00e9s v\u00e1lassza ki az ig\u00e9nyeinek \u00e9s \u00edzl\u00e9s\u00e9nek legink\u00e1bb megfelel\u0151t.<\/p>\n<h3>LegitGrams biedt Boliviaanse coca\u00efne online te koop aan.<\/h3>\n<p>Are you trying to <a href=\"https:\/\/duckduckgo.com\/?q=Buy+Bolivia+Cocaine+Online&amp;t=h_&amp;ia=web\">purchase Bolivian cocaine online<\/a>Probeert u Boliviaanse coca\u00efne online te kopen? LegitGrams is de enige plek om te kijken. Het kost slechts een paar klikken om te bladeren, te kiezen en uw favoriete Boliviaanse coca\u00efne te bestellen dankzij ons gebruiksvriendelijke portaal. Wij bieden het aan in zowel poeder- als kristalvorm, afhankelijk van uw voorkeur.<\/p>\n<h3>Hoe coca\u00efne te kopen uit Bolivia met LegitGrams<\/h3>\n<p>The procedure for purchasing <a href=\"https:\/\/duckduckgo.com\/?q=Buy+Bolivia+Cocaine+Online&amp;t=h_&amp;ia=web\">Boliviaanse coca\u00efne<\/a> from LegitGrams is simple. To get started, take these easy steps:<\/p>\n<p>Bekijk onze collectie: Bekijk onze brede selectie Boliviaanse coca\u00efneproducten en<\/p>\n<p>Bekijk onze collectie: Kies de <a href=\"https:\/\/en.wikipedia.org\/wiki\/Coca_in_Bolivia\">Bolivia Coca\u00efne<\/a> producten die uw interesse wekken uit ons ruime assortiment.<br \/>\nPlaats in uw winkelwagen: Plaats de artikelen die u hebt geselecteerd in uw winkelwagen en reken af.<br \/>\nVeilig afrekenen: Selecteer een betaaloptie en geef uw verzendgegevens op. U kunt erop vertrouwen dat onze afrekenprocedure eenvoudig en veilig is.<br \/>\nOntvang uw bestelling: Nadat wij uw bestelling hebben bevestigd, kunt u ontspannen terwijl wij uw Boliviaanse coca\u00efne discreet verpakken en naar uw huis vervoeren.<\/p>\n<h3>Koop Boliviaanse coca\u00efne nu online<\/h3>\n<p>Bent u bereid om de beste Boliviaanse coca\u00efne te proberen die online beschikbaar is? Bestel nu bij LegitGrams om te genieten van de superieure kwaliteit en het geluk dat onze goederen bieden. Met onze eenvoudige bestelprocedure en uitstekende klantenservice is het kopen van Boliviaanse coca\u00efne slechts een klik verwijderd.<\/p>\n<p>Ons doel bij LegitGrams is om u de beste Boliviaanse coca\u00efneproducten en -diensten te bieden. Ontdek een wereld van kwaliteit, betrouwbaarheid en privacy wanneer u Boliviaanse coca\u00efne online bij ons koopt. Wij zijn de beste optie voor al uw Boliviaanse coca\u00efnebehoeften, omdat wij uw tevredenheid op de eerste plaats zetten.<\/p>","protected":false},"excerpt":{"rendered":"<p>Check Out LegitGrams&#8217; Premium Bolivian Cocaine for Sale Online Greetings from LegitGrams, the best place to buy high-quality Bolivian cocaine online. We take pride in providing the highest quality cocaine for sale, making sure that our esteemed clients have a smooth and private buying experience. Our platform meets all of your Bolivia cocaine needs, regardless &hellip;<\/p>\n<p class=\"read-more\"> <a class=\"\" href=\"https:\/\/legitgrams.com\/nl\/product\/bolivia-cocaine\/\"> <span class=\"screen-reader-text\">Buy Bolivia Cocaine Online<\/span> Read More \u00bb<\/a><\/p>","protected":false},"featured_media":2912,"comment_status":"open","ping_status":"closed","template":"","meta":{"_uag_custom_page_level_css":"","site-sidebar-layout":"default","site-content-layout":"default","ast-global-header-display":"","ast-main-header-display":"","ast-hfb-above-header-display":"","ast-hfb-below-header-display":"","ast-hfb-mobile-header-display":"","site-post-title":"","ast-breadcrumbs-content":"","ast-featured-img":"","footer-sml-layout":"","theme-transparent-header-meta":"default","adv-header-id-meta":"","stick-header-meta":"default","header-above-stick-meta":"","header-main-stick-meta":"","header-below-stick-meta":"","_joinchat":[]},"product_brand":[],"product_cat":[70],"product_tag":[87,88,89,90,91,92,93,94,95,96,97,98,99,100,101,102],"class_list":{"0":"post-2901","1":"product","2":"type-product","3":"status-publish","4":"has-post-thumbnail","6":"product_cat-cocaine","7":"product_tag-benefits-of-bolivia-cocaine","8":"product_tag-best-place-to-order-bolivia-cocaine","9":"product_tag-bolivia-cocaine-for-sale","10":"product_tag-bolivia-cocaine-price","11":"product_tag-bolivia-cocaine-wholesale","12":"product_tag-buy-bolivia-cocaine-legally","13":"product_tag-buy-bolivia-cocaine-online-australia","14":"product_tag-buy-bolivia-cocaine-online-near-me","15":"product_tag-buy-bolivia-cocaine-online-usa","16":"product_tag-cheap-bolivia-cocaine","17":"product_tag-how-can-i-get-the-best-bolivia-cocaine","18":"product_tag-how-to-order-bolivia-cocaine","19":"product_tag-legit-bolivia-cocaine-online","20":"product_tag-what-is-bolivia-cocaine","21":"product_tag-where-can-i-buy-bolivia-cocaine","22":"product_tag-where-to-buy-bolivia-cocaine","23":"desktop-align-left","24":"tablet-align-left","25":"mobile-align-left","26":"ast-product-gallery-layout-horizontal","27":"ast-product-gallery-with-no-image","28":"ast-product-single-variable","29":"ast-product-tabs-layout-horizontal","30":"ast-qv-on-image","32":"first","33":"instock","34":"shipping-taxable","35":"purchasable","36":"product-type-variable"},"yoast_head":"<!-- This site is optimized with the Yoast SEO plugin v25.9 - https:\/\/yoast.com\/wordpress\/plugins\/seo\/ -->\n<title>Buy Bolivia Cocaine Online - Bolivia Cocaine for Sale | LegitGrams<\/title>\n<meta name=\"description\" content=\"Looking for best cocaine store to buy Bolivia Cocaine online? Cokebricks.com is a leading supplier of Bolivia Cocaine. Order Bolivia Cocaine Powder Now!\" \/>\n<meta name=\"robots\" content=\"index, follow, max-snippet:-1, max-image-preview:large, max-video-preview:-1\" \/>\n<link rel=\"canonical\" href=\"https:\/\/legitgrams.com\/nl\/product\/bolivia-cocaine\/\" \/>\n<meta property=\"og:locale\" content=\"nl_BE\" \/>\n<meta property=\"og:type\" content=\"article\" \/>\n<meta property=\"og:title\" content=\"Buy Bolivia Cocaine Online - Bolivia Cocaine for Sale | LegitGrams\" \/>\n<meta property=\"og:description\" content=\"Looking for best cocaine store to buy Bolivia Cocaine online? Cokebricks.com is a leading supplier of Bolivia Cocaine. Order Bolivia Cocaine Powder Now!\" \/>\n<meta property=\"og:url\" content=\"https:\/\/legitgrams.com\/nl\/product\/bolivia-cocaine\/\" \/>\n<meta property=\"og:site_name\" content=\"Legit Grams\" \/>\n<meta property=\"article:modified_time\" content=\"2025-03-08T05:06:33+00:00\" \/>\n<meta property=\"og:image\" content=\"https:\/\/legitgrams.com\/wp-content\/uploads\/2024\/04\/bolivia-cocaine.jpg\" \/>\n\t<meta property=\"og:image:width\" content=\"600\" \/>\n\t<meta property=\"og:image:height\" content=\"600\" \/>\n\t<meta property=\"og:image:type\" content=\"image\/jpeg\" \/>\n<meta name=\"twitter:card\" content=\"summary_large_image\" \/>\n<meta name=\"twitter:label1\" content=\"Geschatte leestijd\" \/>\n\t<meta name=\"twitter:data1\" content=\"3 minuten\" \/>\n<script type=\"application\/ld+json\" class=\"yoast-schema-graph\">{\"@context\":\"https:\/\/schema.org\",\"@graph\":[{\"@type\":\"WebPage\",\"@id\":\"https:\/\/legitgrams.com\/product\/bolivia-cocaine\/\",\"url\":\"https:\/\/legitgrams.com\/product\/bolivia-cocaine\/\",\"name\":\"Buy Bolivia Cocaine Online - Bolivia Cocaine for Sale | LegitGrams\",\"isPartOf\":{\"@id\":\"https:\/\/legitgrams.com\/#website\"},\"primaryImageOfPage\":{\"@id\":\"https:\/\/legitgrams.com\/product\/bolivia-cocaine\/#primaryimage\"},\"image\":{\"@id\":\"https:\/\/legitgrams.com\/product\/bolivia-cocaine\/#primaryimage\"},\"thumbnailUrl\":\"https:\/\/legitgrams.com\/wp-content\/uploads\/2024\/04\/bolivia-cocaine.jpg\",\"datePublished\":\"2024-04-01T10:28:41+00:00\",\"dateModified\":\"2025-03-08T05:06:33+00:00\",\"description\":\"Looking for best cocaine store to buy Bolivia Cocaine online? Cokebricks.com is a leading supplier of Bolivia Cocaine. Order Bolivia Cocaine Powder Now!\",\"breadcrumb\":{\"@id\":\"https:\/\/legitgrams.com\/product\/bolivia-cocaine\/#breadcrumb\"},\"inLanguage\":\"nl-BE\",\"potentialAction\":[{\"@type\":\"ReadAction\",\"target\":[\"https:\/\/legitgrams.com\/product\/bolivia-cocaine\/\"]}]},{\"@type\":\"ImageObject\",\"inLanguage\":\"nl-BE\",\"@id\":\"https:\/\/legitgrams.com\/product\/bolivia-cocaine\/#primaryimage\",\"url\":\"https:\/\/legitgrams.com\/wp-content\/uploads\/2024\/04\/bolivia-cocaine.jpg\",\"contentUrl\":\"https:\/\/legitgrams.com\/wp-content\/uploads\/2024\/04\/bolivia-cocaine.jpg\",\"width\":600,\"height\":600,\"caption\":\"Bolivia Cocaine for Sale\"},{\"@type\":\"BreadcrumbList\",\"@id\":\"https:\/\/legitgrams.com\/product\/bolivia-cocaine\/#breadcrumb\",\"itemListElement\":[{\"@type\":\"ListItem\",\"position\":1,\"name\":\"Home\",\"item\":\"https:\/\/legitgrams.com\/\"},{\"@type\":\"ListItem\",\"position\":2,\"name\":\"Shop\",\"item\":\"https:\/\/legitgrams.com\/shop\/\"},{\"@type\":\"ListItem\",\"position\":3,\"name\":\"Buy Bolivia Cocaine Online\"}]},{\"@type\":\"WebSite\",\"@id\":\"https:\/\/legitgrams.com\/#website\",\"url\":\"https:\/\/legitgrams.com\/\",\"name\":\"Legit Grams\",\"description\":\"My WordPress Blog\",\"publisher\":{\"@id\":\"https:\/\/legitgrams.com\/#organization\"},\"potentialAction\":[{\"@type\":\"SearchAction\",\"target\":{\"@type\":\"EntryPoint\",\"urlTemplate\":\"https:\/\/legitgrams.com\/?s={search_term_string}\"},\"query-input\":{\"@type\":\"PropertyValueSpecification\",\"valueRequired\":true,\"valueName\":\"search_term_string\"}}],\"inLanguage\":\"nl-BE\"},{\"@type\":\"Organization\",\"@id\":\"https:\/\/legitgrams.com\/#organization\",\"name\":\"Legit Grams\",\"url\":\"https:\/\/legitgrams.com\/\",\"logo\":{\"@type\":\"ImageObject\",\"inLanguage\":\"nl-BE\",\"@id\":\"https:\/\/legitgrams.com\/#\/schema\/logo\/image\/\",\"url\":\"https:\/\/legitgrams.com\/wp-content\/uploads\/2024\/09\/main-logo.png\",\"contentUrl\":\"https:\/\/legitgrams.com\/wp-content\/uploads\/2024\/09\/main-logo.png\",\"width\":270,\"height\":75,\"caption\":\"Legit Grams\"},\"image\":{\"@id\":\"https:\/\/legitgrams.com\/#\/schema\/logo\/image\/\"}}]}<\/script>\n<!-- \/ Yoast SEO plugin. -->","yoast_head_json":{"title":"Bolivia coca\u00efne online kopen - Bolivia coca\u00efne te koop | LegitGrams","description":"Op zoek naar de beste coca\u00efne winkel om Bolivia Coca\u00efne online te kopen? Cokebricks.com is een toonaangevende leverancier van Bolivia Coca\u00efne. Bestel nu Bolivia coca\u00efne poeder!","robots":{"index":"index","follow":"follow","max-snippet":"max-snippet:-1","max-image-preview":"max-image-preview:large","max-video-preview":"max-video-preview:-1"},"canonical":"https:\/\/legitgrams.com\/nl\/product\/bolivia-cocaine\/","og_locale":"nl_BE","og_type":"article","og_title":"Buy Bolivia Cocaine Online - Bolivia Cocaine for Sale | LegitGrams","og_description":"Looking for best cocaine store to buy Bolivia Cocaine online? Cokebricks.com is a leading supplier of Bolivia Cocaine. Order Bolivia Cocaine Powder Now!","og_url":"https:\/\/legitgrams.com\/nl\/product\/bolivia-cocaine\/","og_site_name":"Legit Grams","article_modified_time":"2025-03-08T05:06:33+00:00","og_image":[{"width":600,"height":600,"url":"https:\/\/legitgrams.com\/wp-content\/uploads\/2024\/04\/bolivia-cocaine.jpg","type":"image\/jpeg"}],"twitter_card":"summary_large_image","twitter_misc":{"Geschatte leestijd":"3 minuten"},"schema":{"@context":"https:\/\/schema.org","@graph":[{"@type":"WebPage","@id":"https:\/\/legitgrams.com\/product\/bolivia-cocaine\/","url":"https:\/\/legitgrams.com\/product\/bolivia-cocaine\/","name":"Bolivia coca\u00efne online kopen - Bolivia coca\u00efne te koop | LegitGrams","isPartOf":{"@id":"https:\/\/legitgrams.com\/#website"},"primaryImageOfPage":{"@id":"https:\/\/legitgrams.com\/product\/bolivia-cocaine\/#primaryimage"},"image":{"@id":"https:\/\/legitgrams.com\/product\/bolivia-cocaine\/#primaryimage"},"thumbnailUrl":"https:\/\/legitgrams.com\/wp-content\/uploads\/2024\/04\/bolivia-cocaine.jpg","datePublished":"2024-04-01T10:28:41+00:00","dateModified":"2025-03-08T05:06:33+00:00","description":"Op zoek naar de beste coca\u00efne winkel om Bolivia Coca\u00efne online te kopen? Cokebricks.com is een toonaangevende leverancier van Bolivia Coca\u00efne. Bestel nu Bolivia coca\u00efne poeder!","breadcrumb":{"@id":"https:\/\/legitgrams.com\/product\/bolivia-cocaine\/#breadcrumb"},"inLanguage":"nl-BE","potentialAction":[{"@type":"ReadAction","target":["https:\/\/legitgrams.com\/product\/bolivia-cocaine\/"]}]},{"@type":"ImageObject","inLanguage":"nl-BE","@id":"https:\/\/legitgrams.com\/product\/bolivia-cocaine\/#primaryimage","url":"https:\/\/legitgrams.com\/wp-content\/uploads\/2024\/04\/bolivia-cocaine.jpg","contentUrl":"https:\/\/legitgrams.com\/wp-content\/uploads\/2024\/04\/bolivia-cocaine.jpg","width":600,"height":600,"caption":"Bolivia Cocaine for Sale"},{"@type":"BreadcrumbList","@id":"https:\/\/legitgrams.com\/product\/bolivia-cocaine\/#breadcrumb","itemListElement":[{"@type":"ListItem","position":1,"name":"Home","item":"https:\/\/legitgrams.com\/"},{"@type":"ListItem","position":2,"name":"Shop","item":"https:\/\/legitgrams.com\/shop\/"},{"@type":"ListItem","position":3,"name":"Buy Bolivia Cocaine Online"}]},{"@type":"WebSite","@id":"https:\/\/legitgrams.com\/#website","url":"https:\/\/legitgrams.com\/","name":"Legitieme grammen","description":"Mijn WordPress Blog","publisher":{"@id":"https:\/\/legitgrams.com\/#organization"},"potentialAction":[{"@type":"SearchAction","target":{"@type":"EntryPoint","urlTemplate":"https:\/\/legitgrams.com\/?s={search_term_string}"},"query-input":{"@type":"PropertyValueSpecification","valueRequired":true,"valueName":"search_term_string"}}],"inLanguage":"nl-BE"},{"@type":"Organization","@id":"https:\/\/legitgrams.com\/#organization","name":"Legitieme grammen","url":"https:\/\/legitgrams.com\/","logo":{"@type":"ImageObject","inLanguage":"nl-BE","@id":"https:\/\/legitgrams.com\/#\/schema\/logo\/image\/","url":"https:\/\/legitgrams.com\/wp-content\/uploads\/2024\/09\/main-logo.png","contentUrl":"https:\/\/legitgrams.com\/wp-content\/uploads\/2024\/09\/main-logo.png","width":270,"height":75,"caption":"Legit Grams"},"image":{"@id":"https:\/\/legitgrams.com\/#\/schema\/logo\/image\/"}}]}},"uagb_featured_image_src":{"full":["https:\/\/legitgrams.com\/wp-content\/uploads\/2024\/04\/bolivia-cocaine.jpg",600,600,false],"thumbnail":["https:\/\/legitgrams.com\/wp-content\/uploads\/2024\/04\/bolivia-cocaine-150x150.jpg",150,150,true],"medium":["https:\/\/legitgrams.com\/wp-content\/uploads\/2024\/04\/bolivia-cocaine-300x300.jpg",300,300,true],"medium_large":["https:\/\/legitgrams.com\/wp-content\/uploads\/2024\/04\/bolivia-cocaine.jpg",600,600,false],"large":["https:\/\/legitgrams.com\/wp-content\/uploads\/2024\/04\/bolivia-cocaine.jpg",600,600,false],"1536x1536":["https:\/\/legitgrams.com\/wp-content\/uploads\/2024\/04\/bolivia-cocaine.jpg",600,600,false],"2048x2048":["https:\/\/legitgrams.com\/wp-content\/uploads\/2024\/04\/bolivia-cocaine.jpg",600,600,false],"trp-custom-language-flag":["https:\/\/legitgrams.com\/wp-content\/uploads\/2024\/04\/bolivia-cocaine.jpg",12,12,false],"woocommerce_thumbnail":["https:\/\/legitgrams.com\/wp-content\/uploads\/2024\/04\/bolivia-cocaine-300x300.jpg",300,300,true],"woocommerce_single":["https:\/\/legitgrams.com\/wp-content\/uploads\/2024\/04\/bolivia-cocaine.jpg",600,600,false],"woocommerce_gallery_thumbnail":["https:\/\/legitgrams.com\/wp-content\/uploads\/2024\/04\/bolivia-cocaine-100x100.jpg",100,100,true]},"uagb_author_info":{"display_name":"cokeblog18","author_link":"https:\/\/legitgrams.com\/nl\/author\/"},"uagb_comment_info":11,"uagb_excerpt":"Check Out LegitGrams&#8217; Premium Bolivian Cocaine for Sale Online Greetings from LegitGrams, the best place to buy high-quality Bolivian cocaine online. We take pride in providing the highest quality cocaine for sale, making sure that our esteemed clients have a smooth and private buying experience. Our platform meets all of your Bolivia cocaine needs, regardless&hellip;","_links":{"self":[{"href":"https:\/\/legitgrams.com\/nl\/wp-json\/wp\/v2\/product\/2901","targetHints":{"allow":["GET"]}}],"collection":[{"href":"https:\/\/legitgrams.com\/nl\/wp-json\/wp\/v2\/product"}],"about":[{"href":"https:\/\/legitgrams.com\/nl\/wp-json\/wp\/v2\/types\/product"}],"replies":[{"embeddable":true,"href":"https:\/\/legitgrams.com\/nl\/wp-json\/wp\/v2\/comments?post=2901"}],"wp:featuredmedia":[{"embeddable":true,"href":"https:\/\/legitgrams.com\/nl\/wp-json\/wp\/v2\/media\/2912"}],"wp:attachment":[{"href":"https:\/\/legitgrams.com\/nl\/wp-json\/wp\/v2\/media?parent=2901"}],"wp:term":[{"taxonomy":"product_brand","embeddable":true,"href":"https:\/\/legitgrams.com\/nl\/wp-json\/wp\/v2\/product_brand?post=2901"},{"taxonomy":"product_cat","embeddable":true,"href":"https:\/\/legitgrams.com\/nl\/wp-json\/wp\/v2\/product_cat?post=2901"},{"taxonomy":"product_tag","embeddable":true,"href":"https:\/\/legitgrams.com\/nl\/wp-json\/wp\/v2\/product_tag?post=2901"}],"curies":[{"name":"wp","href":"https:\/\/api.w.org\/{rel}","templated":true}]}}