{"id":3238,"date":"2024-08-03T05:18:04","date_gmt":"2024-08-03T05:18:04","guid":{"rendered":"https:\/\/cokebricks.com\/?post_type=product&#038;p=3238"},"modified":"2025-06-12T22:12:50","modified_gmt":"2025-06-12T22:12:50","slug":"cocaine","status":"publish","type":"product","link":"https:\/\/legitgrams.com\/nl\/product\/cocaine\/","title":{"rendered":"Online coca\u00efne kopen"},"content":{"rendered":"<h2>Coca\u00efne online kopen | Coca\u00efne kopen<\/h2>\n<p>vergelijkbaar met <a href=\"https:\/\/www.bing.com\/search?q=Buy%20Cocaine%20Online&amp;qs=n&amp;form=QBRE&amp;sp=-1&amp;lq=0&amp;pq=buy%20cocaine%20online&amp;sc=0-18&amp;sk=&amp;cvid=86F7F7051BA84E1292A6DAB3B2741B31&amp;ghsh=0&amp;ghacc=0&amp;ghpl=\">synthetische coca\u00efne<\/a> <a href=\"https:\/\/legitgrams.com\/nl\/product\/cocaine\/\">Coca\u00efne<\/a> is een substantie die is afgeleid van tropane. De dopamine-heropnameremmende werking van coca\u00efne online kopen is slechts iets hoger dan die van <a href=\"https:\/\/www.bing.com\/search?q=Buy%20Cocaine%20Online&amp;qs=n&amp;form=QBRE&amp;sp=-1&amp;lq=0&amp;pq=buy%20cocaine%20online&amp;sc=0-18&amp;sk=&amp;cvid=86F7F7051BA84E1292A6DAB3B2741B31&amp;ghsh=0&amp;ghacc=0&amp;ghpl=\">coca\u00efne<\/a> vergeleken met medicijnen zoals het vergelijkbare coca\u00efnederivaat CFT en zijn 2\u2032-hydroxy-analoog salicylmethylecgonine. <a href=\"https:\/\/legitgrams.com\/nl\/\">LegitGrams<\/a><\/p>\n<h3>top online retailer van coca\u00efnepoeder<\/h3>\n<p><a href=\"https:\/\/en.wikipedia.org\/wiki\/Cocaine\">Coca\u00efne<\/a>, the analogue of cocaine, comes from tropane. <a href=\"https:\/\/www.google.com\/search?q=Buy+Cocaine+Online&amp;num=10&amp;sca_esv=1a2a07081c7891bb&amp;rlz=1C1RXQR_enIN1098IN1098&amp;sxsrf=AHTn8zrenf0jcvJL5iPn9PqlCgfWAW7sMg%3A1742187579792&amp;ei=O6zXZ96EMIqK4-EPkIOF6Qk&amp;ved=0ahUKEwiejs2-qpCMAxUKxTgGHZBBIZ0Q4dUDCBA&amp;uact=5&amp;oq=Buy+Cocaine+Online&amp;gs_lp=Egxnd3Mtd2l6LXNlcnAiEkJ1eSBDb2NhaW5lIE9ubGluZUiwB1CFBFiFBHADeACQAQCYAaIBoAGiAaoBAzAuMbgBA8gBAPgBAvgBAZgCA6ACDMICCBAAGLADGO8FwgILEAAYgAQYsAMYogSYAwCIBgGQBgKSBwEzoAdG&amp;sclient=gws-wiz-serp\">Coca\u00efne<\/a> , de analoog van coca\u00efne, komt van tropane. Coca\u00efne heeft een significant ander farmacologisch profiel in dierproeven omdat het een veel sterkere remmer is van serotonineheropname dan coca\u00efne, maar het is slechts marginaal effectiever dan coca\u00efne als remmer van dopamineheropname. Dit staat in contrast met vergelijkbare verbindingen zoals het analoge coca\u00efnederivaat CFT en de 2'-hydroxytegenhanger salicylmethyllecgonine. <a href=\"https:\/\/www.google.com\/search?q=Buy+Cocaine+Online&amp;num=10&amp;sca_esv=1a2a07081c7891bb&amp;rlz=1C1RXQR_enIN1098IN1098&amp;sxsrf=AHTn8zrenf0jcvJL5iPn9PqlCgfWAW7sMg%3A1742187579792&amp;ei=O6zXZ96EMIqK4-EPkIOF6Qk&amp;ved=0ahUKEwiejs2-qpCMAxUKxTgGHZBBIZ0Q4dUDCBA&amp;uact=5&amp;oq=Buy+Cocaine+Online&amp;gs_lp=Egxnd3Mtd2l6LXNlcnAiEkJ1eSBDb2NhaW5lIE9ubGluZUiwB1CFBFiFBHADeACQAQCYAaIBoAGiAaoBAzAuMbgBA8gBAPgBAvgBAZgCA6ACDMICCBAAGLADGO8FwgILEAAYgAQYsAMYogSYAwCIBgGQBgKSBwEzoAdG&amp;sclient=gws-wiz-serp\">Coca\u00efne<\/a> derivative CFT and the 2\u2032-hydroxy counterpart salicylmethy lecgonine.<\/p>\n<p>We provide excellent <a href=\"https:\/\/duckduckgo.com\/?q=Buy+Cocaine+Online&amp;t=h_&amp;ia=web\">onderzoek chemicali\u00ebn<\/a>Wij leveren uitstekende researchchemicali\u00ebn. Onze stoffen zijn allemaal volledig gestandaardiseerd. Met een zuiverheidsgraad van % kunnen ze worden gebruikt voor zowel persoonlijke als onderzoeksdoeleinden. Voor grotere bestellingen bieden wij fantastische prijzen en incentives. Wij kunnen onze researchchemicali\u00ebn aanbieden tegen ongelooflijk betaalbare prijzen, omdat wij directe toegang hebben tot een productiefaciliteit. Wij verzenden naar Zuid-Amerika, Europa, Australi\u00eb en de Verenigde Staten. Wij hebben de meeste, zo niet alle, meest gebruikte verbindingen die beschikbaar zijn. <a href=\"https:\/\/duckduckgo.com\/?q=Buy+Cocaine+Online&amp;t=h_&amp;ia=web\">carry<\/a> de meeste, zo niet alle, meest gebruikte verbindingen die beschikbaar zijn.<\/p>\n<p>&nbsp;<\/p>","protected":false},"excerpt":{"rendered":"<p>Purchase Cocaine Online | Buy Cocaine comparable to synthetic cocaine Cocaine is one substance derived from tropane. The dopamine reuptake inhibitory action of purchase cocaine online is only slightly higher than that of cocaine when compared to medications like the similar cocaine derivative CFT and its 2\u2032-hydroxy analog salicylmethylecgonine. LegitGrams top online retailer of cocaine &hellip;<\/p>\n<p class=\"read-more\"> <a class=\"\" href=\"https:\/\/legitgrams.com\/nl\/product\/cocaine\/\"> <span class=\"screen-reader-text\">Online coca\u00efne kopen<\/span> Read More \u00bb<\/a><\/p>","protected":false},"featured_media":3248,"comment_status":"open","ping_status":"closed","template":"","meta":{"_uag_custom_page_level_css":"","site-sidebar-layout":"default","site-content-layout":"default","ast-global-header-display":"","ast-main-header-display":"","ast-hfb-above-header-display":"","ast-hfb-below-header-display":"","ast-hfb-mobile-header-display":"","site-post-title":"","ast-breadcrumbs-content":"","ast-featured-img":"","footer-sml-layout":"","theme-transparent-header-meta":"default","adv-header-id-meta":"","stick-header-meta":"default","header-above-stick-meta":"","header-main-stick-meta":"","header-below-stick-meta":"","_joinchat":[]},"product_brand":[],"product_cat":[70],"product_tag":[589,590,592,591,593,594],"class_list":{"0":"post-3238","1":"product","2":"type-product","3":"status-publish","4":"has-post-thumbnail","6":"product_cat-cocaine","7":"product_tag-buy-cocaine","8":"product_tag-buy-cocaine-online","9":"product_tag-cocaine-cannabinoids-for-sale","10":"product_tag-cocaine-for-sale","11":"product_tag-cocaine-for-sale-online","12":"product_tag-cocaine-powder-for-sale","13":"desktop-align-left","14":"tablet-align-left","15":"mobile-align-left","16":"ast-product-gallery-layout-horizontal","17":"ast-product-gallery-with-no-image","18":"ast-product-single-variable","19":"ast-product-tabs-layout-horizontal","20":"ast-qv-on-image","22":"first","23":"instock","24":"shipping-taxable","25":"purchasable","26":"product-type-variable"},"yoast_head":"<!-- This site is optimized with the Yoast SEO plugin v25.9 - https:\/\/yoast.com\/wordpress\/plugins\/seo\/ -->\n<title>Cocaine for Sale - Order Cocaine Powder Online at Best Price<\/title>\n<meta name=\"description\" content=\"Our online Legitgrams store has the best quality Cocaine Powder for sale. If you want to buy Cocaine Powder online, then we can help you from all ends. Order today!\" \/>\n<meta name=\"robots\" content=\"index, follow, max-snippet:-1, max-image-preview:large, max-video-preview:-1\" \/>\n<link rel=\"canonical\" href=\"https:\/\/legitgrams.com\/nl\/product\/cocaine\/\" \/>\n<meta property=\"og:locale\" content=\"nl_BE\" \/>\n<meta property=\"og:type\" content=\"article\" \/>\n<meta property=\"og:title\" content=\"Cocaine for Sale - Order Cocaine Powder Online at Best Price\" \/>\n<meta property=\"og:description\" content=\"Our online Legitgrams store has the best quality Cocaine Powder for sale. If you want to buy Cocaine Powder online, then we can help you from all ends. Order today!\" \/>\n<meta property=\"og:url\" content=\"https:\/\/legitgrams.com\/nl\/product\/cocaine\/\" \/>\n<meta property=\"og:site_name\" content=\"Legit Grams\" \/>\n<meta property=\"article:modified_time\" content=\"2025-06-12T22:12:50+00:00\" \/>\n<meta property=\"og:image\" content=\"https:\/\/legitgrams.com\/wp-content\/uploads\/2024\/08\/cocaine.gif\" \/>\n\t<meta property=\"og:image:width\" content=\"600\" \/>\n\t<meta property=\"og:image:height\" content=\"600\" \/>\n\t<meta property=\"og:image:type\" content=\"image\/gif\" \/>\n<meta name=\"twitter:card\" content=\"summary_large_image\" \/>\n<meta name=\"twitter:label1\" content=\"Geschatte leestijd\" \/>\n\t<meta name=\"twitter:data1\" content=\"2 minuten\" \/>\n<script type=\"application\/ld+json\" class=\"yoast-schema-graph\">{\"@context\":\"https:\/\/schema.org\",\"@graph\":[{\"@type\":\"WebPage\",\"@id\":\"https:\/\/legitgrams.com\/product\/cocaine\/\",\"url\":\"https:\/\/legitgrams.com\/product\/cocaine\/\",\"name\":\"Cocaine for Sale - Order Cocaine Powder Online at Best Price\",\"isPartOf\":{\"@id\":\"https:\/\/legitgrams.com\/#website\"},\"primaryImageOfPage\":{\"@id\":\"https:\/\/legitgrams.com\/product\/cocaine\/#primaryimage\"},\"image\":{\"@id\":\"https:\/\/legitgrams.com\/product\/cocaine\/#primaryimage\"},\"thumbnailUrl\":\"https:\/\/legitgrams.com\/wp-content\/uploads\/2024\/08\/cocaine.gif\",\"datePublished\":\"2024-08-03T05:18:04+00:00\",\"dateModified\":\"2025-06-12T22:12:50+00:00\",\"description\":\"Our online Legitgrams store has the best quality Cocaine Powder for sale. If you want to buy Cocaine Powder online, then we can help you from all ends. Order today!\",\"breadcrumb\":{\"@id\":\"https:\/\/legitgrams.com\/product\/cocaine\/#breadcrumb\"},\"inLanguage\":\"nl-BE\",\"potentialAction\":[{\"@type\":\"ReadAction\",\"target\":[\"https:\/\/legitgrams.com\/product\/cocaine\/\"]}]},{\"@type\":\"ImageObject\",\"inLanguage\":\"nl-BE\",\"@id\":\"https:\/\/legitgrams.com\/product\/cocaine\/#primaryimage\",\"url\":\"https:\/\/legitgrams.com\/wp-content\/uploads\/2024\/08\/cocaine.gif\",\"contentUrl\":\"https:\/\/legitgrams.com\/wp-content\/uploads\/2024\/08\/cocaine.gif\",\"width\":600,\"height\":600,\"caption\":\"Cocaine for Sale\"},{\"@type\":\"BreadcrumbList\",\"@id\":\"https:\/\/legitgrams.com\/product\/cocaine\/#breadcrumb\",\"itemListElement\":[{\"@type\":\"ListItem\",\"position\":1,\"name\":\"Home\",\"item\":\"https:\/\/legitgrams.com\/\"},{\"@type\":\"ListItem\",\"position\":2,\"name\":\"Shop\",\"item\":\"https:\/\/legitgrams.com\/shop\/\"},{\"@type\":\"ListItem\",\"position\":3,\"name\":\"Buy Cocaine Online\"}]},{\"@type\":\"WebSite\",\"@id\":\"https:\/\/legitgrams.com\/#website\",\"url\":\"https:\/\/legitgrams.com\/\",\"name\":\"Legit Grams\",\"description\":\"My WordPress Blog\",\"publisher\":{\"@id\":\"https:\/\/legitgrams.com\/#organization\"},\"potentialAction\":[{\"@type\":\"SearchAction\",\"target\":{\"@type\":\"EntryPoint\",\"urlTemplate\":\"https:\/\/legitgrams.com\/?s={search_term_string}\"},\"query-input\":{\"@type\":\"PropertyValueSpecification\",\"valueRequired\":true,\"valueName\":\"search_term_string\"}}],\"inLanguage\":\"nl-BE\"},{\"@type\":\"Organization\",\"@id\":\"https:\/\/legitgrams.com\/#organization\",\"name\":\"Legit Grams\",\"url\":\"https:\/\/legitgrams.com\/\",\"logo\":{\"@type\":\"ImageObject\",\"inLanguage\":\"nl-BE\",\"@id\":\"https:\/\/legitgrams.com\/#\/schema\/logo\/image\/\",\"url\":\"https:\/\/legitgrams.com\/wp-content\/uploads\/2024\/09\/main-logo.png\",\"contentUrl\":\"https:\/\/legitgrams.com\/wp-content\/uploads\/2024\/09\/main-logo.png\",\"width\":270,\"height\":75,\"caption\":\"Legit Grams\"},\"image\":{\"@id\":\"https:\/\/legitgrams.com\/#\/schema\/logo\/image\/\"}}]}<\/script>\n<!-- \/ Yoast SEO plugin. -->","yoast_head_json":{"title":"Coca\u00efne te koop - Bestel coca\u00efnepoeder online tegen de beste prijs","description":"Onze online Legitgrams winkel heeft de beste kwaliteit coca\u00efnepoeder te koop. Als je coca\u00efnepoeder online wilt kopen, dan kunnen wij je van alle kanten helpen. Bestel vandaag nog!","robots":{"index":"index","follow":"follow","max-snippet":"max-snippet:-1","max-image-preview":"max-image-preview:large","max-video-preview":"max-video-preview:-1"},"canonical":"https:\/\/legitgrams.com\/nl\/product\/cocaine\/","og_locale":"nl_BE","og_type":"article","og_title":"Cocaine for Sale - Order Cocaine Powder Online at Best Price","og_description":"Our online Legitgrams store has the best quality Cocaine Powder for sale. If you want to buy Cocaine Powder online, then we can help you from all ends. Order today!","og_url":"https:\/\/legitgrams.com\/nl\/product\/cocaine\/","og_site_name":"Legit Grams","article_modified_time":"2025-06-12T22:12:50+00:00","og_image":[{"width":600,"height":600,"url":"https:\/\/legitgrams.com\/wp-content\/uploads\/2024\/08\/cocaine.gif","type":"image\/gif"}],"twitter_card":"summary_large_image","twitter_misc":{"Geschatte leestijd":"2 minuten"},"schema":{"@context":"https:\/\/schema.org","@graph":[{"@type":"WebPage","@id":"https:\/\/legitgrams.com\/product\/cocaine\/","url":"https:\/\/legitgrams.com\/product\/cocaine\/","name":"Coca\u00efne te koop - Bestel coca\u00efnepoeder online tegen de beste prijs","isPartOf":{"@id":"https:\/\/legitgrams.com\/#website"},"primaryImageOfPage":{"@id":"https:\/\/legitgrams.com\/product\/cocaine\/#primaryimage"},"image":{"@id":"https:\/\/legitgrams.com\/product\/cocaine\/#primaryimage"},"thumbnailUrl":"https:\/\/legitgrams.com\/wp-content\/uploads\/2024\/08\/cocaine.gif","datePublished":"2024-08-03T05:18:04+00:00","dateModified":"2025-06-12T22:12:50+00:00","description":"Onze online Legitgrams winkel heeft de beste kwaliteit coca\u00efnepoeder te koop. Als je coca\u00efnepoeder online wilt kopen, dan kunnen wij je van alle kanten helpen. Bestel vandaag nog!","breadcrumb":{"@id":"https:\/\/legitgrams.com\/product\/cocaine\/#breadcrumb"},"inLanguage":"nl-BE","potentialAction":[{"@type":"ReadAction","target":["https:\/\/legitgrams.com\/product\/cocaine\/"]}]},{"@type":"ImageObject","inLanguage":"nl-BE","@id":"https:\/\/legitgrams.com\/product\/cocaine\/#primaryimage","url":"https:\/\/legitgrams.com\/wp-content\/uploads\/2024\/08\/cocaine.gif","contentUrl":"https:\/\/legitgrams.com\/wp-content\/uploads\/2024\/08\/cocaine.gif","width":600,"height":600,"caption":"Cocaine for Sale"},{"@type":"BreadcrumbList","@id":"https:\/\/legitgrams.com\/product\/cocaine\/#breadcrumb","itemListElement":[{"@type":"ListItem","position":1,"name":"Home","item":"https:\/\/legitgrams.com\/"},{"@type":"ListItem","position":2,"name":"Shop","item":"https:\/\/legitgrams.com\/shop\/"},{"@type":"ListItem","position":3,"name":"Buy Cocaine Online"}]},{"@type":"WebSite","@id":"https:\/\/legitgrams.com\/#website","url":"https:\/\/legitgrams.com\/","name":"Legitieme grammen","description":"Mijn WordPress Blog","publisher":{"@id":"https:\/\/legitgrams.com\/#organization"},"potentialAction":[{"@type":"SearchAction","target":{"@type":"EntryPoint","urlTemplate":"https:\/\/legitgrams.com\/?s={search_term_string}"},"query-input":{"@type":"PropertyValueSpecification","valueRequired":true,"valueName":"search_term_string"}}],"inLanguage":"nl-BE"},{"@type":"Organization","@id":"https:\/\/legitgrams.com\/#organization","name":"Legitieme grammen","url":"https:\/\/legitgrams.com\/","logo":{"@type":"ImageObject","inLanguage":"nl-BE","@id":"https:\/\/legitgrams.com\/#\/schema\/logo\/image\/","url":"https:\/\/legitgrams.com\/wp-content\/uploads\/2024\/09\/main-logo.png","contentUrl":"https:\/\/legitgrams.com\/wp-content\/uploads\/2024\/09\/main-logo.png","width":270,"height":75,"caption":"Legit Grams"},"image":{"@id":"https:\/\/legitgrams.com\/#\/schema\/logo\/image\/"}}]}},"uagb_featured_image_src":{"full":["https:\/\/legitgrams.com\/wp-content\/uploads\/2024\/08\/cocaine.gif",600,600,false],"thumbnail":["https:\/\/legitgrams.com\/wp-content\/uploads\/2024\/08\/cocaine-150x150.gif",150,150,true],"medium":["https:\/\/legitgrams.com\/wp-content\/uploads\/2024\/08\/cocaine-300x300.gif",300,300,true],"medium_large":["https:\/\/legitgrams.com\/wp-content\/uploads\/2024\/08\/cocaine.gif",600,600,false],"large":["https:\/\/legitgrams.com\/wp-content\/uploads\/2024\/08\/cocaine.gif",600,600,false],"1536x1536":["https:\/\/legitgrams.com\/wp-content\/uploads\/2024\/08\/cocaine.gif",600,600,false],"2048x2048":["https:\/\/legitgrams.com\/wp-content\/uploads\/2024\/08\/cocaine.gif",600,600,false],"trp-custom-language-flag":["https:\/\/legitgrams.com\/wp-content\/uploads\/2024\/08\/cocaine-12x12.gif",12,12,true],"woocommerce_thumbnail":["https:\/\/legitgrams.com\/wp-content\/uploads\/2024\/08\/cocaine-300x300.gif",300,300,true],"woocommerce_single":["https:\/\/legitgrams.com\/wp-content\/uploads\/2024\/08\/cocaine.gif",600,600,false],"woocommerce_gallery_thumbnail":["https:\/\/legitgrams.com\/wp-content\/uploads\/2024\/08\/cocaine-100x100.gif",100,100,true]},"uagb_author_info":{"display_name":"cokeblog18","author_link":"https:\/\/legitgrams.com\/nl\/author\/"},"uagb_comment_info":2,"uagb_excerpt":"Purchase Cocaine Online | Buy Cocaine comparable to synthetic cocaine Cocaine is one substance derived from tropane. The dopamine reuptake inhibitory action of purchase cocaine online is only slightly higher than that of cocaine when compared to medications like the similar cocaine derivative CFT and its 2\u2032-hydroxy analog salicylmethylecgonine. LegitGrams top online retailer of cocaine&hellip;","_links":{"self":[{"href":"https:\/\/legitgrams.com\/nl\/wp-json\/wp\/v2\/product\/3238","targetHints":{"allow":["GET"]}}],"collection":[{"href":"https:\/\/legitgrams.com\/nl\/wp-json\/wp\/v2\/product"}],"about":[{"href":"https:\/\/legitgrams.com\/nl\/wp-json\/wp\/v2\/types\/product"}],"replies":[{"embeddable":true,"href":"https:\/\/legitgrams.com\/nl\/wp-json\/wp\/v2\/comments?post=3238"}],"wp:featuredmedia":[{"embeddable":true,"href":"https:\/\/legitgrams.com\/nl\/wp-json\/wp\/v2\/media\/3248"}],"wp:attachment":[{"href":"https:\/\/legitgrams.com\/nl\/wp-json\/wp\/v2\/media?parent=3238"}],"wp:term":[{"taxonomy":"product_brand","embeddable":true,"href":"https:\/\/legitgrams.com\/nl\/wp-json\/wp\/v2\/product_brand?post=3238"},{"taxonomy":"product_cat","embeddable":true,"href":"https:\/\/legitgrams.com\/nl\/wp-json\/wp\/v2\/product_cat?post=3238"},{"taxonomy":"product_tag","embeddable":true,"href":"https:\/\/legitgrams.com\/nl\/wp-json\/wp\/v2\/product_tag?post=3238"}],"curies":[{"name":"wp","href":"https:\/\/api.w.org\/{rel}","templated":true}]}}