{"id":3280,"date":"2024-08-03T05:38:32","date_gmt":"2024-08-03T05:38:32","guid":{"rendered":"https:\/\/cokebricks.com\/?post_type=product&#038;p=3280"},"modified":"2025-03-08T05:57:51","modified_gmt":"2025-03-08T05:57:51","slug":"4f-mdma-b","status":"publish","type":"product","link":"https:\/\/legitgrams.com\/nl\/product\/4f-mdma-b\/","title":{"rendered":"Koop 4F-MDMB-2201 online"},"content":{"rendered":"<h2>Verkocht: 4F-MDMB-2201<\/h2>\n<p>De synthetische cannabino\u00efde <a href=\"https:\/\/legitgrams.com\/nl\/product\/4f-mdma-b\/\">4F-MDMB-BINACA<\/a>, often referred to as <a href=\"https:\/\/www.bing.com\/search?q=Buy%204F-MDMB-2201%20Online&amp;qs=n&amp;form=QBRE&amp;sp=-1&amp;lq=0&amp;pq=buy%204f-mdmb-2201%20online&amp;sc=0-23&amp;sk=&amp;cvid=EDC4C0DBA04E4F899A8DCB87CE039D4E&amp;ghsh=0&amp;ghacc=0&amp;ghpl=\">MDMB-4F-BINAC<\/a>A, 4F-MDMB-BUTINACA, or <a href=\"https:\/\/www.bing.com\/search?q=Buy%204F-MDMB-2201%20Online&amp;qs=n&amp;form=QBRE&amp;sp=-1&amp;lq=0&amp;pq=buy%204f-mdmb-2201%20online&amp;sc=0-23&amp;sk=&amp;cvid=EDC4C0DBA04E4F899A8DCB87CE039D4E&amp;ghsh=0&amp;ghacc=0&amp;ghpl=\">4F-ADB<\/a>, vaak aangeduid als MDMB-4F-BINACA, 4F-MDMB-BUTINACA of 4F-ADB, is gebaseerd op indazolen en behoort tot de indazole-3-carboxamidefamilie. Sinds eind 2018 wordt het op de markt gebracht als designermedicijn en gebruikt als een actief bestanddeel in synthetische cannabisproducten. Hoewel de selectiviteit voor de CB1-receptor onbekend is, is 4F-MDMB-BINACA een agonist van deze receptor (EC50 = 7,39 nM). Het UNODC publiceerde in december 2019 planningsaanbevelingen die 4F-MDMB-BINACA wereldwijd in Schedule II zouden plaatsen. <a href=\"https:\/\/en.wikipedia.org\/\">LegitGrams<\/a><\/p>\n<h3>Poeder kopen Koop 4F-MDMB-2201.<\/h3>\n<p>GET <a href=\"https:\/\/en.wikipedia.org\/wiki\/4F-MDMB-BINACA\">4F-MDMB-2201<\/a> POWDER Do you want to get <a href=\"https:\/\/www.google.com\/search?q=Buy+4F-MDMB-2201+Online&amp;num=10&amp;sca_esv=1a2a07081c7891bb&amp;rlz=1C1RXQR_enIN1098IN1098&amp;sxsrf=AHTn8zoD4BBHqeM8CnkQWb9glHkkVt9Evg%3A1741413310258&amp;ei=vtvLZ6irD8a8seMPrb-RgAM&amp;ved=0ahUKEwiogo-O5vmLAxVGXmwGHa1fBDAQ4dUDCBI&amp;uact=5&amp;oq=Buy+4F-MDMB-2201+Online&amp;gs_lp=Egxnd3Mtd2l6LXNlcnAiF0J1eSA0Ri1NRE1CLTIyMDEgT25saW5lSMkGUNUCWNUCcAJ4AJABAJgB5wGgAecBqgEDMi0xuAEDyAEA-AEC-AEBmAICoAIUwgILEAAYsAMYogQYiQXCAgsQABiABBiwAxiiBJgDAIgGAZAGBZIHATKgB0s&amp;sclient=gws-wiz-serp\">4F-MDMB-2201 Pulver<\/a> POEDER Wilt u 4F-MDMB-2201 poeder voor de beste prijs? Ga naar Coke Bricks om de best ontworpen drugs te kopen.<br \/>\nMDMB-4en PINACA wordt afgekort als 4F-MDMB-2201. <a href=\"https:\/\/www.google.com\/search?q=Buy+4F-MDMB-2201+Online&amp;num=10&amp;sca_esv=1a2a07081c7891bb&amp;rlz=1C1RXQR_enIN1098IN1098&amp;sxsrf=AHTn8zoD4BBHqeM8CnkQWb9glHkkVt9Evg%3A1741413310258&amp;ei=vtvLZ6irD8a8seMPrb-RgAM&amp;ved=0ahUKEwiogo-O5vmLAxVGXmwGHa1fBDAQ4dUDCBI&amp;uact=5&amp;oq=Buy+4F-MDMB-2201+Online&amp;gs_lp=Egxnd3Mtd2l6LXNlcnAiF0J1eSA0Ri1NRE1CLTIyMDEgT25saW5lSMkGUNUCWNUCcAJ4AJABAJgB5wGgAecBqgEDMi0xuAEDyAEA-AEC-AEBmAICoAIUwgILEAAYsAMYogQYiQXCAgsQABiABBiwAxiiBJgDAIgGAZAGBZIHATKgB0s&amp;sclient=gws-wiz-serp\">4F-MDMB-2201<\/a>.<\/p>\n<p>De op indazole gebaseerde synthetische cannabino\u00efde 4F-MDMB-2201 is sinds 2019 een ontwerper van medicijnen.<\/p>\n<p>De op indazole gebaseerde synthetische cannabino\u00efde 4F-MDMB-2201 is sinds 2019 een ontwerper van medicijnen.<\/p>\n<p>Altijd op voorraad, verzonden binnen \u00e9\u00e9n tot twee werkdagen.<\/p>\n<p>Betaal veilig met Giropay, Bitcoin of een creditcard.<\/p>\n<h3>Koop veilig 4F-MDMB-2201-poeder.<\/h3>\n<p>Omdat we rechtstreeks bij fabrikanten kopen, kunnen we altijd de laagste prijzen beloven. U kunt veilig betalen met een creditcard, Bitcoin of Giropay in onze online winkel.<\/p>\n<p>Alles is altijd bereikbaar!<\/p>\n<p>Onze website maakt gebruik van SSL-encryptie.<\/p>\n<p>SSL-codering zorgt ervoor dat gegevens veilig worden verzonden en nooit door derden kunnen worden ingezien.<\/p>\n<h3>SSL-codering zorgt ervoor dat gegevens veilig worden verzonden en nooit door derden kunnen worden ingezien.<\/h3>\n<p>Beszerezheti a legjobb diz\u00e1jner gy\u00f3gyszereket a Benelux \u00e1llamokt\u00f3l.<br \/>\nDankzij zeven jaar ervaring in de designer drug-industrie kunnen wij voortdurend producten van topkwaliteit leveren.<\/p>\n<p>Aangezien al onze producten veilig zijn voor gebruik in onderzoek, zijn ze allemaal onderworpen aan laboratoriumtests.<\/p>\n<p>Aangezien al onze producten veilig zijn voor gebruik in onderzoek, zijn ze allemaal onderworpen aan laboratoriumtests.<\/p>\n<p>Veel internetverkopers verkopen designerdrugs, soms namaak of van slechte kwaliteit.<\/p>\n<p>Wanneer u designermedicijnen koopt bij Legitgrams, wordt uw bestelling snel, discreet en veilig bij u thuisbezorgd!<\/p>\n<h3>KRIJG 4F-MDMB-2201 POEDER<\/h3>\n<p><a href=\"https:\/\/www.google.com\/search?q=Buy+4F-MDMB-2201+Online&amp;num=10&amp;sca_esv=1a2a07081c7891bb&amp;rlz=1C1RXQR_enIN1098IN1098&amp;sxsrf=AHTn8zoD4BBHqeM8CnkQWb9glHkkVt9Evg%3A1741413310258&amp;ei=vtvLZ6irD8a8seMPrb-RgAM&amp;ved=0ahUKEwiogo-O5vmLAxVGXmwGHa1fBDAQ4dUDCBI&amp;uact=5&amp;oq=Buy+4F-MDMB-2201+Online&amp;gs_lp=Egxnd3Mtd2l6LXNlcnAiF0J1eSA0Ri1NRE1CLTIyMDEgT25saW5lSMkGUNUCWNUCcAJ4AJABAJgB5wGgAecBqgEDMi0xuAEDyAEA-AEC-AEBmAICoAIUwgILEAAYsAMYogQYiQXCAgsQABiABBiwAxiiBJgDAIgGAZAGBZIHATKgB0s&amp;sclient=gws-wiz-serp\">Pulver 4F-MDMB-2201<\/a>, tested in a lab<\/p>\n<p>Wanneer u op zoek bent naar designgeneesmiddelen, wilt u er uiteraard zeker van zijn dat de producten van de beste kwaliteit zijn.<\/p>\n<p>Medicijnen zijn van de beste kwaliteit en worden altijd in een laboratorium getest.<\/p>\n<p>Samenwerken met ons is een plezier, omdat wij de beste deals voor hoogwaardige producten bieden.<\/p>\n<p>Koop designer drugs discreet en legaal.<\/p>\n<p>Designer drugs zijn nu legaal online te koop!<\/p>\n<p>Het is natuurlijk belangrijk om designer drugs op de juiste plek te kopen.<br \/>\nDoor de overvloed aan onbetrouwbare websites bestaat de kans dat u producten koopt die schadelijk zijn voor uw gezondheid.<\/p>\n<p>Daarom raden we je aan om je designer medicijnen te kopen bij legitgrams.com.<\/p>\n<p>Legit Grams is al lange tijd een leider in de verkoop van luxe designermedicijnen en heeft een grote schare trouwe klanten.<\/p>\n<h3>Investeren in goedkope designerdrugs?<\/h3>\n<p><a href=\"https:\/\/duckduckgo.com\/?q=Buy+4F-MDMB-2201+Online&amp;t=h_&amp;ia=web\">By purchasing<\/a> Wanneer u uw producten koopt bij het Legitgrams Team, profiteert u van de beste kwaliteit tegen de beste prijzen!<\/p>\n<p>Veel klanten die designermedicijnen bij legitieme apotheken kopen, komen terug voor meer.<\/p>\n<p>Natuurlijk is een betrouwbare website essentieel als u op zoek bent naar designer drugs.<\/p>\n<p>om ervoor te zorgen dat de goederen op tijd worden geleverd en dat de kwaliteit ervan redelijk is.<\/p>\n<p>You may be sure that <a href=\"https:\/\/duckduckgo.com\/?q=Buy+4F-MDMB-2201+Online&amp;t=h_&amp;ia=web\">openness<\/a>Je kunt er zeker van zijn dat openheid, veiligheid en betrouwbaarheid topprioriteiten zijn voor legitgrams.<\/p>\n<h3>Aanbieding voor 4F-MDMB-2201 in poedervorm:<\/h3>\n<p>Legitgrams biedt doorgaans geweldige kortingen waarmee u aanzienlijk veel geld kunt besparen, zoals:<\/p>\n<p>&nbsp;<\/p>","protected":false},"excerpt":{"rendered":"<p>Sold: 4F-MDMB-2201 The synthetic cannabinoid 4F-MDMB-BINACA, often referred to as MDMB-4F-BINACA, 4F-MDMB-BUTINACA, or 4F-ADB, is based on indazoles and belongs to the indazole-3-carboxamide family. Since late 2018, it has been marketed as a designer medicine and utilized as an active component in synthetic cannabis products. Although its selectivity for the CB1 receptor is unknown, 4F-MDMB-BINACA &hellip;<\/p>\n<p class=\"read-more\"> <a class=\"\" href=\"https:\/\/legitgrams.com\/nl\/product\/4f-mdma-b\/\"> <span class=\"screen-reader-text\">Koop 4F-MDMB-2201 online<\/span> Read More \u00bb<\/a><\/p>","protected":false},"featured_media":3290,"comment_status":"open","ping_status":"closed","template":"","meta":{"_uag_custom_page_level_css":"","site-sidebar-layout":"default","site-content-layout":"default","ast-global-header-display":"","ast-main-header-display":"","ast-hfb-above-header-display":"","ast-hfb-below-header-display":"","ast-hfb-mobile-header-display":"","site-post-title":"","ast-breadcrumbs-content":"","ast-featured-img":"","footer-sml-layout":"","theme-transparent-header-meta":"default","adv-header-id-meta":"","stick-header-meta":"default","header-above-stick-meta":"","header-main-stick-meta":"","header-below-stick-meta":"","_joinchat":[]},"product_brand":[],"product_cat":[190],"product_tag":[431,432,433,434,435,436,437,438,439,440,441,442,443],"class_list":{"0":"post-3280","1":"product","2":"type-product","3":"status-publish","4":"has-post-thumbnail","6":"product_cat-cannabinoids","7":"product_tag-4f-mdmb","8":"product_tag-4f-mdmb-2201","9":"product_tag-4f-mdmb-bianca","10":"product_tag-4f-mdmb-bica","11":"product_tag-4f-mdmb-binaca","12":"product_tag-4f-mdmb-binaca-kaufen","13":"product_tag-4f-mdmb-binaca-legal","14":"product_tag-4f-mdmb-binaca-liquid","15":"product_tag-4f-mdmb-binaca-nebenwirkungen","16":"product_tag-4f-mdmb-binaca-side-effects","17":"product_tag-4f-mdmb-binaca-flussigkeit","18":"product_tag-4f-mdmb-butinaca","19":"product_tag-4f-mdmb-pinaca","20":"desktop-align-left","21":"tablet-align-left","22":"mobile-align-left","23":"ast-product-gallery-layout-horizontal","24":"ast-product-gallery-with-no-image","25":"ast-product-single-variable","26":"ast-product-tabs-layout-horizontal","27":"ast-qv-on-image","29":"first","30":"instock","31":"shipping-taxable","32":"purchasable","33":"product-type-variable"},"yoast_head":"<!-- This site is optimized with the Yoast SEO plugin v25.9 - https:\/\/yoast.com\/wordpress\/plugins\/seo\/ -->\n<title>4F-MDMB-2201 for Sale - Order 4F-MDMB-2201 Online<\/title>\n<meta name=\"description\" content=\"If you want to buy 4F-MDMB-2201 powder online and looking for a reliable online shop, then buy here. We offer only 4F-MDMB-2201 for sale. Shop Today!\" \/>\n<meta name=\"robots\" content=\"index, follow, max-snippet:-1, max-image-preview:large, max-video-preview:-1\" \/>\n<link rel=\"canonical\" href=\"https:\/\/legitgrams.com\/nl\/product\/4f-mdma-b\/\" \/>\n<meta property=\"og:locale\" content=\"nl_BE\" \/>\n<meta property=\"og:type\" content=\"article\" \/>\n<meta property=\"og:title\" content=\"4F-MDMB-2201 for Sale - Order 4F-MDMB-2201 Online\" \/>\n<meta property=\"og:description\" content=\"If you want to buy 4F-MDMB-2201 powder online and looking for a reliable online shop, then buy here. We offer only 4F-MDMB-2201 for sale. Shop Today!\" \/>\n<meta property=\"og:url\" content=\"https:\/\/legitgrams.com\/nl\/product\/4f-mdma-b\/\" \/>\n<meta property=\"og:site_name\" content=\"Legit Grams\" \/>\n<meta property=\"article:modified_time\" content=\"2025-03-08T05:57:51+00:00\" \/>\n<meta property=\"og:image\" content=\"https:\/\/legitgrams.com\/wp-content\/uploads\/2024\/08\/4f-mdma-b.gif\" \/>\n\t<meta property=\"og:image:width\" content=\"600\" \/>\n\t<meta property=\"og:image:height\" content=\"600\" \/>\n\t<meta property=\"og:image:type\" content=\"image\/gif\" \/>\n<meta name=\"twitter:card\" content=\"summary_large_image\" \/>\n<meta name=\"twitter:label1\" content=\"Geschatte leestijd\" \/>\n\t<meta name=\"twitter:data1\" content=\"3 minuten\" \/>\n<script type=\"application\/ld+json\" class=\"yoast-schema-graph\">{\"@context\":\"https:\/\/schema.org\",\"@graph\":[{\"@type\":\"WebPage\",\"@id\":\"https:\/\/legitgrams.com\/product\/4f-mdma-b\/\",\"url\":\"https:\/\/legitgrams.com\/product\/4f-mdma-b\/\",\"name\":\"4F-MDMB-2201 for Sale - Order 4F-MDMB-2201 Online\",\"isPartOf\":{\"@id\":\"https:\/\/legitgrams.com\/#website\"},\"primaryImageOfPage\":{\"@id\":\"https:\/\/legitgrams.com\/product\/4f-mdma-b\/#primaryimage\"},\"image\":{\"@id\":\"https:\/\/legitgrams.com\/product\/4f-mdma-b\/#primaryimage\"},\"thumbnailUrl\":\"https:\/\/legitgrams.com\/wp-content\/uploads\/2024\/08\/4f-mdma-b.gif\",\"datePublished\":\"2024-08-03T05:38:32+00:00\",\"dateModified\":\"2025-03-08T05:57:51+00:00\",\"description\":\"If you want to buy 4F-MDMB-2201 powder online and looking for a reliable online shop, then buy here. We offer only 4F-MDMB-2201 for sale. Shop Today!\",\"breadcrumb\":{\"@id\":\"https:\/\/legitgrams.com\/product\/4f-mdma-b\/#breadcrumb\"},\"inLanguage\":\"nl-BE\",\"potentialAction\":[{\"@type\":\"ReadAction\",\"target\":[\"https:\/\/legitgrams.com\/product\/4f-mdma-b\/\"]}]},{\"@type\":\"ImageObject\",\"inLanguage\":\"nl-BE\",\"@id\":\"https:\/\/legitgrams.com\/product\/4f-mdma-b\/#primaryimage\",\"url\":\"https:\/\/legitgrams.com\/wp-content\/uploads\/2024\/08\/4f-mdma-b.gif\",\"contentUrl\":\"https:\/\/legitgrams.com\/wp-content\/uploads\/2024\/08\/4f-mdma-b.gif\",\"width\":600,\"height\":600,\"caption\":\"4F-MDMB-2201 for Sale\"},{\"@type\":\"BreadcrumbList\",\"@id\":\"https:\/\/legitgrams.com\/product\/4f-mdma-b\/#breadcrumb\",\"itemListElement\":[{\"@type\":\"ListItem\",\"position\":1,\"name\":\"Home\",\"item\":\"https:\/\/legitgrams.com\/\"},{\"@type\":\"ListItem\",\"position\":2,\"name\":\"Shop\",\"item\":\"https:\/\/legitgrams.com\/shop\/\"},{\"@type\":\"ListItem\",\"position\":3,\"name\":\"Buy 4F-MDMB-2201 Online\"}]},{\"@type\":\"WebSite\",\"@id\":\"https:\/\/legitgrams.com\/#website\",\"url\":\"https:\/\/legitgrams.com\/\",\"name\":\"Legit Grams\",\"description\":\"My WordPress Blog\",\"publisher\":{\"@id\":\"https:\/\/legitgrams.com\/#organization\"},\"potentialAction\":[{\"@type\":\"SearchAction\",\"target\":{\"@type\":\"EntryPoint\",\"urlTemplate\":\"https:\/\/legitgrams.com\/?s={search_term_string}\"},\"query-input\":{\"@type\":\"PropertyValueSpecification\",\"valueRequired\":true,\"valueName\":\"search_term_string\"}}],\"inLanguage\":\"nl-BE\"},{\"@type\":\"Organization\",\"@id\":\"https:\/\/legitgrams.com\/#organization\",\"name\":\"Legit Grams\",\"url\":\"https:\/\/legitgrams.com\/\",\"logo\":{\"@type\":\"ImageObject\",\"inLanguage\":\"nl-BE\",\"@id\":\"https:\/\/legitgrams.com\/#\/schema\/logo\/image\/\",\"url\":\"https:\/\/legitgrams.com\/wp-content\/uploads\/2024\/09\/main-logo.png\",\"contentUrl\":\"https:\/\/legitgrams.com\/wp-content\/uploads\/2024\/09\/main-logo.png\",\"width\":270,\"height\":75,\"caption\":\"Legit Grams\"},\"image\":{\"@id\":\"https:\/\/legitgrams.com\/#\/schema\/logo\/image\/\"}}]}<\/script>\n<!-- \/ Yoast SEO plugin. -->","yoast_head_json":{"title":"4F-MDMB-2201 te kopen - Bestel 4F-MDMB-2201 Online","description":"Als je 4F-MDMB-2201 poeder online wilt kopen en op zoek bent naar een betrouwbare online winkel, koop dan hier. Wij bieden alleen 4F-MDMB-2201 te koop aan. Koop vandaag nog!","robots":{"index":"index","follow":"follow","max-snippet":"max-snippet:-1","max-image-preview":"max-image-preview:large","max-video-preview":"max-video-preview:-1"},"canonical":"https:\/\/legitgrams.com\/nl\/product\/4f-mdma-b\/","og_locale":"nl_BE","og_type":"article","og_title":"4F-MDMB-2201 for Sale - Order 4F-MDMB-2201 Online","og_description":"If you want to buy 4F-MDMB-2201 powder online and looking for a reliable online shop, then buy here. We offer only 4F-MDMB-2201 for sale. Shop Today!","og_url":"https:\/\/legitgrams.com\/nl\/product\/4f-mdma-b\/","og_site_name":"Legit Grams","article_modified_time":"2025-03-08T05:57:51+00:00","og_image":[{"width":600,"height":600,"url":"https:\/\/legitgrams.com\/wp-content\/uploads\/2024\/08\/4f-mdma-b.gif","type":"image\/gif"}],"twitter_card":"summary_large_image","twitter_misc":{"Geschatte leestijd":"3 minuten"},"schema":{"@context":"https:\/\/schema.org","@graph":[{"@type":"WebPage","@id":"https:\/\/legitgrams.com\/product\/4f-mdma-b\/","url":"https:\/\/legitgrams.com\/product\/4f-mdma-b\/","name":"4F-MDMB-2201 te kopen - Bestel 4F-MDMB-2201 Online","isPartOf":{"@id":"https:\/\/legitgrams.com\/#website"},"primaryImageOfPage":{"@id":"https:\/\/legitgrams.com\/product\/4f-mdma-b\/#primaryimage"},"image":{"@id":"https:\/\/legitgrams.com\/product\/4f-mdma-b\/#primaryimage"},"thumbnailUrl":"https:\/\/legitgrams.com\/wp-content\/uploads\/2024\/08\/4f-mdma-b.gif","datePublished":"2024-08-03T05:38:32+00:00","dateModified":"2025-03-08T05:57:51+00:00","description":"Als je 4F-MDMB-2201 poeder online wilt kopen en op zoek bent naar een betrouwbare online winkel, koop dan hier. Wij bieden alleen 4F-MDMB-2201 te koop aan. Koop vandaag nog!","breadcrumb":{"@id":"https:\/\/legitgrams.com\/product\/4f-mdma-b\/#breadcrumb"},"inLanguage":"nl-BE","potentialAction":[{"@type":"ReadAction","target":["https:\/\/legitgrams.com\/product\/4f-mdma-b\/"]}]},{"@type":"ImageObject","inLanguage":"nl-BE","@id":"https:\/\/legitgrams.com\/product\/4f-mdma-b\/#primaryimage","url":"https:\/\/legitgrams.com\/wp-content\/uploads\/2024\/08\/4f-mdma-b.gif","contentUrl":"https:\/\/legitgrams.com\/wp-content\/uploads\/2024\/08\/4f-mdma-b.gif","width":600,"height":600,"caption":"4F-MDMB-2201 for Sale"},{"@type":"BreadcrumbList","@id":"https:\/\/legitgrams.com\/product\/4f-mdma-b\/#breadcrumb","itemListElement":[{"@type":"ListItem","position":1,"name":"Home","item":"https:\/\/legitgrams.com\/"},{"@type":"ListItem","position":2,"name":"Shop","item":"https:\/\/legitgrams.com\/shop\/"},{"@type":"ListItem","position":3,"name":"Buy 4F-MDMB-2201 Online"}]},{"@type":"WebSite","@id":"https:\/\/legitgrams.com\/#website","url":"https:\/\/legitgrams.com\/","name":"Legitieme grammen","description":"Mijn WordPress Blog","publisher":{"@id":"https:\/\/legitgrams.com\/#organization"},"potentialAction":[{"@type":"SearchAction","target":{"@type":"EntryPoint","urlTemplate":"https:\/\/legitgrams.com\/?s={search_term_string}"},"query-input":{"@type":"PropertyValueSpecification","valueRequired":true,"valueName":"search_term_string"}}],"inLanguage":"nl-BE"},{"@type":"Organization","@id":"https:\/\/legitgrams.com\/#organization","name":"Legitieme grammen","url":"https:\/\/legitgrams.com\/","logo":{"@type":"ImageObject","inLanguage":"nl-BE","@id":"https:\/\/legitgrams.com\/#\/schema\/logo\/image\/","url":"https:\/\/legitgrams.com\/wp-content\/uploads\/2024\/09\/main-logo.png","contentUrl":"https:\/\/legitgrams.com\/wp-content\/uploads\/2024\/09\/main-logo.png","width":270,"height":75,"caption":"Legit Grams"},"image":{"@id":"https:\/\/legitgrams.com\/#\/schema\/logo\/image\/"}}]}},"uagb_featured_image_src":{"full":["https:\/\/legitgrams.com\/wp-content\/uploads\/2024\/08\/4f-mdma-b.gif",600,600,false],"thumbnail":["https:\/\/legitgrams.com\/wp-content\/uploads\/2024\/08\/4f-mdma-b-150x150.gif",150,150,true],"medium":["https:\/\/legitgrams.com\/wp-content\/uploads\/2024\/08\/4f-mdma-b-300x300.gif",300,300,true],"medium_large":["https:\/\/legitgrams.com\/wp-content\/uploads\/2024\/08\/4f-mdma-b.gif",600,600,false],"large":["https:\/\/legitgrams.com\/wp-content\/uploads\/2024\/08\/4f-mdma-b.gif",600,600,false],"1536x1536":["https:\/\/legitgrams.com\/wp-content\/uploads\/2024\/08\/4f-mdma-b.gif",600,600,false],"2048x2048":["https:\/\/legitgrams.com\/wp-content\/uploads\/2024\/08\/4f-mdma-b.gif",600,600,false],"trp-custom-language-flag":["https:\/\/legitgrams.com\/wp-content\/uploads\/2024\/08\/4f-mdma-b-12x12.gif",12,12,true],"woocommerce_thumbnail":["https:\/\/legitgrams.com\/wp-content\/uploads\/2024\/08\/4f-mdma-b-300x300.gif",300,300,true],"woocommerce_single":["https:\/\/legitgrams.com\/wp-content\/uploads\/2024\/08\/4f-mdma-b.gif",600,600,false],"woocommerce_gallery_thumbnail":["https:\/\/legitgrams.com\/wp-content\/uploads\/2024\/08\/4f-mdma-b-100x100.gif",100,100,true]},"uagb_author_info":{"display_name":"cokeblog18","author_link":"https:\/\/legitgrams.com\/nl\/author\/"},"uagb_comment_info":0,"uagb_excerpt":"Sold: 4F-MDMB-2201 The synthetic cannabinoid 4F-MDMB-BINACA, often referred to as MDMB-4F-BINACA, 4F-MDMB-BUTINACA, or 4F-ADB, is based on indazoles and belongs to the indazole-3-carboxamide family. Since late 2018, it has been marketed as a designer medicine and utilized as an active component in synthetic cannabis products. Although its selectivity for the CB1 receptor is unknown, 4F-MDMB-BINACA&hellip;","_links":{"self":[{"href":"https:\/\/legitgrams.com\/nl\/wp-json\/wp\/v2\/product\/3280","targetHints":{"allow":["GET"]}}],"collection":[{"href":"https:\/\/legitgrams.com\/nl\/wp-json\/wp\/v2\/product"}],"about":[{"href":"https:\/\/legitgrams.com\/nl\/wp-json\/wp\/v2\/types\/product"}],"replies":[{"embeddable":true,"href":"https:\/\/legitgrams.com\/nl\/wp-json\/wp\/v2\/comments?post=3280"}],"wp:featuredmedia":[{"embeddable":true,"href":"https:\/\/legitgrams.com\/nl\/wp-json\/wp\/v2\/media\/3290"}],"wp:attachment":[{"href":"https:\/\/legitgrams.com\/nl\/wp-json\/wp\/v2\/media?parent=3280"}],"wp:term":[{"taxonomy":"product_brand","embeddable":true,"href":"https:\/\/legitgrams.com\/nl\/wp-json\/wp\/v2\/product_brand?post=3280"},{"taxonomy":"product_cat","embeddable":true,"href":"https:\/\/legitgrams.com\/nl\/wp-json\/wp\/v2\/product_cat?post=3280"},{"taxonomy":"product_tag","embeddable":true,"href":"https:\/\/legitgrams.com\/nl\/wp-json\/wp\/v2\/product_tag?post=3280"}],"curies":[{"name":"wp","href":"https:\/\/api.w.org\/{rel}","templated":true}]}}