{"id":3285,"date":"2024-08-03T05:38:52","date_gmt":"2024-08-03T05:38:52","guid":{"rendered":"https:\/\/cokebricks.com\/?post_type=product&#038;p=3285"},"modified":"2025-01-14T10:19:07","modified_gmt":"2025-01-14T10:19:07","slug":"neh","status":"publish","type":"product","link":"https:\/\/legitgrams.com\/nl\/product\/neh\/","title":{"rendered":"NEH"},"content":{"rendered":"<h2>Kopen NEH-poeder online.<\/h2>\n<p>Kopen NEH Powder is een premium research chemical die online gekocht kan worden. De gerenommeerde online verkoper LegitGrams.com biedt NDH Powder aan tegen een gereduceerde prijs.<\/p>\n<p>Met veel plezier introduceert Coke Bricks <a href=\"https:\/\/en.wikipedia.org\/wiki\/Neh\">NEH<\/a> poeder, dat alleen wordt geleverd voor onderzoeksdoeleinden en niet mag worden gebruikt voor in vivo diagnostiek, voedsel, medicatie, medische apparatuur of cosmetica voor mens of dier.<\/p>\n<p>Voordat je dit product bij ons koopt, moet je ervoor zorgen dat je de apparatuur hebt die nodig is om chemische stoffen voor onderzoek te hanteren en dat er voldoende ventilatie is in je werkruimte.<\/p>\n<p>Achttien is de minimumleeftijd om dit product te bestellen.<\/p>\n<p><a href=\"https:\/\/legitgrams.com\/nl\/product\/neh\/\">NEH-poeder<\/a> is toegestaan in het land waar we vandaan komen. Het is uw verantwoordelijkheid om op de hoogte te zijn van de wetten van uw land en deze na te leven. Wij aanvaarden geen verantwoordelijkheid voor handelingen of resultaten die voortvloeien uit jouw keuze om dit product te kopen of te gebruiken.<\/p>\n<p><strong>Culturele en historische achtergrond<\/strong><\/p>\n<p>In november 2015 ontving het GCO een monster van het Belgische douanelaboratorium met daarin <a href=\"https:\/\/en.wikipedia.org\/wiki\/Neh\">N-ethylhexedrone<\/a>die aanvankelijk werd herkend. Het GCO ontdekte deze stof in een monster van de Franse douane in januari 2016. Later, in februari 2016, werden kennisgevingen van de identificatie van deze stof naar het EWDD gestuurd door andere landen, waaronder Sloveni\u00eb, Zweden, Nederland, Frankrijk en Belgi\u00eb.<\/p>\n<h3>Scheikunde<\/h3>\n<p>Een molecule die behoort tot de chemische klasse van cathinon is n-Ethylhexedrone. \"Gesubstitueerd cathinon\" is een algemene term voor een verscheidenheid aan verbindingen die zijn afgeleid van cathinon, het primaire actieve bestanddeel van de khatplant. De basiscomponenten van een catehinon zijn een zuurstofgroep gebonden aan het beta koolstofatoom en een amfetaminekern, wat een fenethylaminekern is met een alkylgroep gekoppeld aan het alfa koolstofatoom. Cathinonen worden soms aangeduid als de beta-keton (\u03b2k) tegenhangers van amfetaminen (zuurstof met dubbele binding aan het \u03b2-koolstofatoom). <a href=\"https:\/\/legitgrams.com\/nl\/\">LegitGrams<\/a><\/p>\n<p>Er zijn drie verschillende plaatsen op de ruggengraat van het cathinon waar wijzigingen kunnen worden aangebracht om honderden verschillende verbindingen te maken, waaronder substituenten zoals<\/p>\n<p>ofwel de aminegroep, de alfakoolstof of de aromatische ring.<\/p>\n<h3>drugs<\/h3>\n<p>Het is niet goed bekend hoe n-ethylhexedrone en andere gesubstitueerde cathinonen de humane farmacokinetiek en farmacodynamiek be\u00efnvloeden. Door de niveaus van catecholamines zoals dopamine, serotonine en noradrenaline bij synapsen te verhogen, functioneren synthetische cathinonen, zoals amfetaminen, als stimulerende middelen en sympathicomimetica. Door monoamine-heropnametransporters te blokkeren, kunnen deze stoffen de hoeveelheid neurotransmitters die uit synapsen worden verwijderd, verminderen. Bovendien bezitten ze het vermogen om de vrijgave van intracellulaire voorraden van biogene aminen te initi\u00ebren.<\/p>\n<p>Synthetische cathinonen hebben vaak een lagere penetratiegraad van de bloed-hersenbarri\u00e8re dan amfetaminen vanwege de verhoogde polariteit van de b\u00e8ta-ketogroep. Pyrrolidinederivaten kunnen de bloed-hersenbarri\u00e8re beter passeren dan andere synthetische cathinonen vanwege de lage polariteit van de pyrrolidinering. Studies naar de ringalkylgroepen zijn geoxideerd, de ketogroep is gereduceerd tot hydroxyl en het cathinon is n-gedemethyleerd, volgens de analyse van farmaceutica van het metabolisme van synthetische cathinonen.<\/p>\n<p>&nbsp;<\/p>","protected":false},"excerpt":{"rendered":"<p>Purchase NEH powder online. Buy NEH Powder is a premium research chemical that can be purchased online. Reputable online merchant LegitGrams.com offers NDH Powder at a discounted price. With great pleasure, Coke Bricks introduces NEH powder, which is provided just for research purposes and should not be used for in vivo diagnostics, food, medication, medical &hellip;<\/p>\n<p class=\"read-more\"> <a class=\"\" href=\"https:\/\/legitgrams.com\/nl\/product\/neh\/\"> <span class=\"screen-reader-text\">NEH<\/span> Read More \u00bb<\/a><\/p>","protected":false},"featured_media":3294,"comment_status":"open","ping_status":"closed","template":"","meta":{"_uag_custom_page_level_css":"","site-sidebar-layout":"default","site-content-layout":"default","ast-global-header-display":"","ast-main-header-display":"","ast-hfb-above-header-display":"","ast-hfb-below-header-display":"","ast-hfb-mobile-header-display":"","site-post-title":"","ast-breadcrumbs-content":"","ast-featured-img":"","footer-sml-layout":"","theme-transparent-header-meta":"default","adv-header-id-meta":"","stick-header-meta":"default","header-above-stick-meta":"","header-main-stick-meta":"","header-below-stick-meta":"","_joinchat":[]},"product_brand":[],"product_cat":[190],"product_tag":[413,414,415,416,405,406,407,408,409,410,411,412],"class_list":{"0":"post-3285","1":"product","2":"type-product","3":"status-publish","4":"has-post-thumbnail","6":"product_cat-cannabinoids","7":"product_tag-neh-cannabinoids","8":"product_tag-neh-cannabinoids-for-sale","9":"product_tag-neh-cannabinoids-reddit","10":"product_tag-neh-chemical","11":"product_tag-neh-powder-australia","12":"product_tag-neh-powder-canada","13":"product_tag-neh-powder-greece","14":"product_tag-neh-powder-kuwait","15":"product_tag-neh-powder-review","16":"product_tag-neh-powder-spain","17":"product_tag-neh-powder-uk","18":"product_tag-neh-powder-usa","19":"desktop-align-left","20":"tablet-align-left","21":"mobile-align-left","22":"ast-product-gallery-layout-horizontal","23":"ast-product-gallery-with-no-image","24":"ast-product-single-variable","25":"ast-product-tabs-layout-horizontal","26":"ast-qv-on-image","28":"first","29":"instock","30":"shipping-taxable","31":"purchasable","32":"product-type-variable"},"yoast_head":"<!-- This site is optimized with the Yoast SEO plugin v25.9 - https:\/\/yoast.com\/wordpress\/plugins\/seo\/ -->\n<title>NEH for Sale - Order NEH Online with Discreet Shipping | LG<\/title>\n<meta name=\"description\" content=\"Looking to Buy NEH Online? Discover a seamless platform at our online store where you can buy NEH , ensuring top-grade quality for your research needs.\" \/>\n<meta name=\"robots\" content=\"index, follow, max-snippet:-1, max-image-preview:large, max-video-preview:-1\" \/>\n<link rel=\"canonical\" href=\"https:\/\/legitgrams.com\/nl\/product\/neh\/\" \/>\n<meta property=\"og:locale\" content=\"nl_BE\" \/>\n<meta property=\"og:type\" content=\"article\" \/>\n<meta property=\"og:title\" content=\"NEH for Sale - Order NEH Online with Discreet Shipping | LG\" \/>\n<meta property=\"og:description\" content=\"Looking to Buy NEH Online? Discover a seamless platform at our online store where you can buy NEH , ensuring top-grade quality for your research needs.\" \/>\n<meta property=\"og:url\" content=\"https:\/\/legitgrams.com\/nl\/product\/neh\/\" \/>\n<meta property=\"og:site_name\" content=\"Legit Grams\" \/>\n<meta property=\"article:modified_time\" content=\"2025-01-14T10:19:07+00:00\" \/>\n<meta property=\"og:image\" content=\"https:\/\/legitgrams.com\/wp-content\/uploads\/2024\/08\/NEH.gif\" \/>\n\t<meta property=\"og:image:width\" content=\"600\" \/>\n\t<meta property=\"og:image:height\" content=\"600\" \/>\n\t<meta property=\"og:image:type\" content=\"image\/gif\" \/>\n<meta name=\"twitter:card\" content=\"summary_large_image\" \/>\n<meta name=\"twitter:label1\" content=\"Geschatte leestijd\" \/>\n\t<meta name=\"twitter:data1\" content=\"3 minuten\" \/>\n<script type=\"application\/ld+json\" class=\"yoast-schema-graph\">{\"@context\":\"https:\/\/schema.org\",\"@graph\":[{\"@type\":\"WebPage\",\"@id\":\"https:\/\/legitgrams.com\/product\/neh\/\",\"url\":\"https:\/\/legitgrams.com\/product\/neh\/\",\"name\":\"NEH for Sale - Order NEH Online with Discreet Shipping | LG\",\"isPartOf\":{\"@id\":\"https:\/\/legitgrams.com\/#website\"},\"primaryImageOfPage\":{\"@id\":\"https:\/\/legitgrams.com\/product\/neh\/#primaryimage\"},\"image\":{\"@id\":\"https:\/\/legitgrams.com\/product\/neh\/#primaryimage\"},\"thumbnailUrl\":\"https:\/\/legitgrams.com\/wp-content\/uploads\/2024\/08\/NEH.gif\",\"datePublished\":\"2024-08-03T05:38:52+00:00\",\"dateModified\":\"2025-01-14T10:19:07+00:00\",\"description\":\"Looking to Buy NEH Online? Discover a seamless platform at our online store where you can buy NEH , ensuring top-grade quality for your research needs.\",\"breadcrumb\":{\"@id\":\"https:\/\/legitgrams.com\/product\/neh\/#breadcrumb\"},\"inLanguage\":\"nl-BE\",\"potentialAction\":[{\"@type\":\"ReadAction\",\"target\":[\"https:\/\/legitgrams.com\/product\/neh\/\"]}]},{\"@type\":\"ImageObject\",\"inLanguage\":\"nl-BE\",\"@id\":\"https:\/\/legitgrams.com\/product\/neh\/#primaryimage\",\"url\":\"https:\/\/legitgrams.com\/wp-content\/uploads\/2024\/08\/NEH.gif\",\"contentUrl\":\"https:\/\/legitgrams.com\/wp-content\/uploads\/2024\/08\/NEH.gif\",\"width\":600,\"height\":600,\"caption\":\"NEH for Sale\"},{\"@type\":\"BreadcrumbList\",\"@id\":\"https:\/\/legitgrams.com\/product\/neh\/#breadcrumb\",\"itemListElement\":[{\"@type\":\"ListItem\",\"position\":1,\"name\":\"Home\",\"item\":\"https:\/\/legitgrams.com\/\"},{\"@type\":\"ListItem\",\"position\":2,\"name\":\"Shop\",\"item\":\"https:\/\/legitgrams.com\/shop\/\"},{\"@type\":\"ListItem\",\"position\":3,\"name\":\"NEH\"}]},{\"@type\":\"WebSite\",\"@id\":\"https:\/\/legitgrams.com\/#website\",\"url\":\"https:\/\/legitgrams.com\/\",\"name\":\"Legit Grams\",\"description\":\"My WordPress Blog\",\"publisher\":{\"@id\":\"https:\/\/legitgrams.com\/#organization\"},\"potentialAction\":[{\"@type\":\"SearchAction\",\"target\":{\"@type\":\"EntryPoint\",\"urlTemplate\":\"https:\/\/legitgrams.com\/?s={search_term_string}\"},\"query-input\":{\"@type\":\"PropertyValueSpecification\",\"valueRequired\":true,\"valueName\":\"search_term_string\"}}],\"inLanguage\":\"nl-BE\"},{\"@type\":\"Organization\",\"@id\":\"https:\/\/legitgrams.com\/#organization\",\"name\":\"Legit Grams\",\"url\":\"https:\/\/legitgrams.com\/\",\"logo\":{\"@type\":\"ImageObject\",\"inLanguage\":\"nl-BE\",\"@id\":\"https:\/\/legitgrams.com\/#\/schema\/logo\/image\/\",\"url\":\"https:\/\/legitgrams.com\/wp-content\/uploads\/2024\/09\/main-logo.png\",\"contentUrl\":\"https:\/\/legitgrams.com\/wp-content\/uploads\/2024\/09\/main-logo.png\",\"width\":270,\"height\":75,\"caption\":\"Legit Grams\"},\"image\":{\"@id\":\"https:\/\/legitgrams.com\/#\/schema\/logo\/image\/\"}}]}<\/script>\n<!-- \/ Yoast SEO plugin. -->","yoast_head_json":{"title":"NEH te koop - Bestel NEH Online met Discrete Verzending | LG","description":"Op zoek naar NEH online kopen? Ontdek een naadloos platform in onze online winkel waar je NEH kunt kopen, waarbij je verzekerd bent van topkwaliteit voor je onderzoeksbehoeften.","robots":{"index":"index","follow":"follow","max-snippet":"max-snippet:-1","max-image-preview":"max-image-preview:large","max-video-preview":"max-video-preview:-1"},"canonical":"https:\/\/legitgrams.com\/nl\/product\/neh\/","og_locale":"nl_BE","og_type":"article","og_title":"NEH for Sale - Order NEH Online with Discreet Shipping | LG","og_description":"Looking to Buy NEH Online? Discover a seamless platform at our online store where you can buy NEH , ensuring top-grade quality for your research needs.","og_url":"https:\/\/legitgrams.com\/nl\/product\/neh\/","og_site_name":"Legit Grams","article_modified_time":"2025-01-14T10:19:07+00:00","og_image":[{"width":600,"height":600,"url":"https:\/\/legitgrams.com\/wp-content\/uploads\/2024\/08\/NEH.gif","type":"image\/gif"}],"twitter_card":"summary_large_image","twitter_misc":{"Geschatte leestijd":"3 minuten"},"schema":{"@context":"https:\/\/schema.org","@graph":[{"@type":"WebPage","@id":"https:\/\/legitgrams.com\/product\/neh\/","url":"https:\/\/legitgrams.com\/product\/neh\/","name":"NEH te koop - Bestel NEH Online met Discrete Verzending | LG","isPartOf":{"@id":"https:\/\/legitgrams.com\/#website"},"primaryImageOfPage":{"@id":"https:\/\/legitgrams.com\/product\/neh\/#primaryimage"},"image":{"@id":"https:\/\/legitgrams.com\/product\/neh\/#primaryimage"},"thumbnailUrl":"https:\/\/legitgrams.com\/wp-content\/uploads\/2024\/08\/NEH.gif","datePublished":"2024-08-03T05:38:52+00:00","dateModified":"2025-01-14T10:19:07+00:00","description":"Op zoek naar NEH online kopen? Ontdek een naadloos platform in onze online winkel waar je NEH kunt kopen, waarbij je verzekerd bent van topkwaliteit voor je onderzoeksbehoeften.","breadcrumb":{"@id":"https:\/\/legitgrams.com\/product\/neh\/#breadcrumb"},"inLanguage":"nl-BE","potentialAction":[{"@type":"ReadAction","target":["https:\/\/legitgrams.com\/product\/neh\/"]}]},{"@type":"ImageObject","inLanguage":"nl-BE","@id":"https:\/\/legitgrams.com\/product\/neh\/#primaryimage","url":"https:\/\/legitgrams.com\/wp-content\/uploads\/2024\/08\/NEH.gif","contentUrl":"https:\/\/legitgrams.com\/wp-content\/uploads\/2024\/08\/NEH.gif","width":600,"height":600,"caption":"NEH for Sale"},{"@type":"BreadcrumbList","@id":"https:\/\/legitgrams.com\/product\/neh\/#breadcrumb","itemListElement":[{"@type":"ListItem","position":1,"name":"Home","item":"https:\/\/legitgrams.com\/"},{"@type":"ListItem","position":2,"name":"Shop","item":"https:\/\/legitgrams.com\/shop\/"},{"@type":"ListItem","position":3,"name":"NEH"}]},{"@type":"WebSite","@id":"https:\/\/legitgrams.com\/#website","url":"https:\/\/legitgrams.com\/","name":"Legitieme grammen","description":"Mijn WordPress Blog","publisher":{"@id":"https:\/\/legitgrams.com\/#organization"},"potentialAction":[{"@type":"SearchAction","target":{"@type":"EntryPoint","urlTemplate":"https:\/\/legitgrams.com\/?s={search_term_string}"},"query-input":{"@type":"PropertyValueSpecification","valueRequired":true,"valueName":"search_term_string"}}],"inLanguage":"nl-BE"},{"@type":"Organization","@id":"https:\/\/legitgrams.com\/#organization","name":"Legitieme grammen","url":"https:\/\/legitgrams.com\/","logo":{"@type":"ImageObject","inLanguage":"nl-BE","@id":"https:\/\/legitgrams.com\/#\/schema\/logo\/image\/","url":"https:\/\/legitgrams.com\/wp-content\/uploads\/2024\/09\/main-logo.png","contentUrl":"https:\/\/legitgrams.com\/wp-content\/uploads\/2024\/09\/main-logo.png","width":270,"height":75,"caption":"Legit Grams"},"image":{"@id":"https:\/\/legitgrams.com\/#\/schema\/logo\/image\/"}}]}},"uagb_featured_image_src":{"full":["https:\/\/legitgrams.com\/wp-content\/uploads\/2024\/08\/NEH.gif",600,600,false],"thumbnail":["https:\/\/legitgrams.com\/wp-content\/uploads\/2024\/08\/NEH-150x150.gif",150,150,true],"medium":["https:\/\/legitgrams.com\/wp-content\/uploads\/2024\/08\/NEH-300x300.gif",300,300,true],"medium_large":["https:\/\/legitgrams.com\/wp-content\/uploads\/2024\/08\/NEH.gif",600,600,false],"large":["https:\/\/legitgrams.com\/wp-content\/uploads\/2024\/08\/NEH.gif",600,600,false],"1536x1536":["https:\/\/legitgrams.com\/wp-content\/uploads\/2024\/08\/NEH.gif",600,600,false],"2048x2048":["https:\/\/legitgrams.com\/wp-content\/uploads\/2024\/08\/NEH.gif",600,600,false],"trp-custom-language-flag":["https:\/\/legitgrams.com\/wp-content\/uploads\/2024\/08\/NEH-12x12.gif",12,12,true],"woocommerce_thumbnail":["https:\/\/legitgrams.com\/wp-content\/uploads\/2024\/08\/NEH-300x300.gif",300,300,true],"woocommerce_single":["https:\/\/legitgrams.com\/wp-content\/uploads\/2024\/08\/NEH.gif",600,600,false],"woocommerce_gallery_thumbnail":["https:\/\/legitgrams.com\/wp-content\/uploads\/2024\/08\/NEH-100x100.gif",100,100,true]},"uagb_author_info":{"display_name":"cokeblog18","author_link":"https:\/\/legitgrams.com\/nl\/author\/"},"uagb_comment_info":0,"uagb_excerpt":"Purchase NEH powder online. Buy NEH Powder is a premium research chemical that can be purchased online. Reputable online merchant LegitGrams.com offers NDH Powder at a discounted price. With great pleasure, Coke Bricks introduces NEH powder, which is provided just for research purposes and should not be used for in vivo diagnostics, food, medication, medical&hellip;","_links":{"self":[{"href":"https:\/\/legitgrams.com\/nl\/wp-json\/wp\/v2\/product\/3285","targetHints":{"allow":["GET"]}}],"collection":[{"href":"https:\/\/legitgrams.com\/nl\/wp-json\/wp\/v2\/product"}],"about":[{"href":"https:\/\/legitgrams.com\/nl\/wp-json\/wp\/v2\/types\/product"}],"replies":[{"embeddable":true,"href":"https:\/\/legitgrams.com\/nl\/wp-json\/wp\/v2\/comments?post=3285"}],"wp:featuredmedia":[{"embeddable":true,"href":"https:\/\/legitgrams.com\/nl\/wp-json\/wp\/v2\/media\/3294"}],"wp:attachment":[{"href":"https:\/\/legitgrams.com\/nl\/wp-json\/wp\/v2\/media?parent=3285"}],"wp:term":[{"taxonomy":"product_brand","embeddable":true,"href":"https:\/\/legitgrams.com\/nl\/wp-json\/wp\/v2\/product_brand?post=3285"},{"taxonomy":"product_cat","embeddable":true,"href":"https:\/\/legitgrams.com\/nl\/wp-json\/wp\/v2\/product_cat?post=3285"},{"taxonomy":"product_tag","embeddable":true,"href":"https:\/\/legitgrams.com\/nl\/wp-json\/wp\/v2\/product_tag?post=3285"}],"curies":[{"name":"wp","href":"https:\/\/api.w.org\/{rel}","templated":true}]}}