{"id":3302,"date":"2024-08-03T05:48:41","date_gmt":"2024-08-03T05:48:41","guid":{"rendered":"https:\/\/cokebricks.com\/?post_type=product&#038;p=3302"},"modified":"2025-01-13T09:16:36","modified_gmt":"2025-01-13T09:16:36","slug":"apvp","status":"publish","type":"product","link":"https:\/\/legitgrams.com\/nl\/product\/apvp\/","title":{"rendered":"APVP"},"content":{"rendered":"<h2>Te koop: Pure A-PVP<\/h2>\n<p>99% zuiver kopen <a href=\"https:\/\/legitgrams.com\/nl\/product\/apvp\/\">A-PVP<\/a> van Nembutal | Koop pure A-PVP stiekem online Online APVP-aankoop: Net als MDPV en \"badzouten\" begin 2011, is Koop a-PVP Crystal Powder Online een relatief nieuwe chemische stof die veel media-aandacht krijgt.<\/p>\n<p>Syntetick\u00fd stimulant pat\u0159\u00edc\u00ed do rodiny katinon\u016f a pyrovaleronu. Kupte si krystalov\u00fd pr\u00e1\u0161ek a-PVP online. Mezi dal\u0161\u00ed n\u00e1zvy pat\u0159\u00ed flakka, <a href=\"https:\/\/en.wikipedia.org\/wiki\/%CE%91-Pyrrolidinopentiophenone\">\u03b1-pyrrolidinopentiofenon<\/a>, alfa-PVP en A-PVP. Chemisch gezien is het vergelijkbaar met andere pyrovaleronverbindingen, zoals MDPV en cathinonverbindingen, die zijn aangetroffen in de Oost-Afrikaanse khatplant. Het kan effecten hebben die erg lijken op die van amfetamine en coca\u00efne wanneer het wordt ingenomen. Het neemt meestal de vorm aan van enorme kristalstukken of kristallijn poeder.<\/p>\n<h3>Koop Powder A-PVP online.<\/h3>\n<p>Kopen kristallen van A-PVP online. Poeder is een relatief nieuwe substantie die, net als \"badzouten\" en MDPV in de eerste maanden van 2011, actief wordt gemonitord door de media. Het wordt in China in grote hoeveelheden geproduceerd en online door verkopers te koop aangeboden als research chemical.<\/p>\n<h3>Effecten van alfa-PVP-kristallen op het lichaam<\/h3>\n<p>Onverwachte gevoelens Een matige tot sterke euforische tintelende sensatie die het hele lichaam doordringt, staat bekend als de \"body high\" van \u03b1-PVP. Verhoogde doseringen kunnen te veel zijn om te verdragen. Dit gevoel blijft de hele tijd aanhouden, neemt geleidelijk toe, bereikt een hoogtepunt en neemt dan weer af. <a href=\"https:\/\/legitgrams.com\/nl\/\">LegitGrams<\/a><\/p>\n<p>Er wordt aangenomen dat \u03b1-PVP gunstige effecten heeft op<\/p>\n<p>the physical energy levels of the user, which are<\/p>\n<p>Val\u00f3j\u00e1ban hihetetlen\u00fcl izgalmas \u00e9s \u00f6szt\u00f6nz\u0151. Ez el\u0151seg\u00edti az olyan fizikai tev\u00e9kenys\u00e9geket, mint a t\u00e1nc, a hegym\u00e1sz\u00e1s \u00e9s a kocog\u00e1s.<\/p>\n<h3>De geschiedenis van A-PVP<\/h3>\n<p>Ondanks de recente ontdekking is A-PVP sinds 2011 het middelpunt van media- en wetenschappelijk onderzoek. Dit komt grotendeels doordat mensen het misbruiken door de verkwikkende voordelen ervan te gebruiken zonder recept of de juiste instructies. A-PVP wordt massaal geproduceerd in China, hoewel de beschikbaarheid als onderzoeksmedicijn beperkt is.<\/p>\n<h3>Waarom wordt A-PVP gebruikt?<\/h3>\n<p>De wens om te rennen, dansen of klimmen is in verband gebracht met de stimulerende effecten van A-PVP, dat algemeen bekend staat om zijn stimulerende eigenschappen. Verder is opgemerkt dat de effecten van dit voorschrift gebruikers dwingen om veeleisende of stimulerende activiteiten te ondernemen; deze neiging wordt moeilijker te bestrijden met hogere doseringen.<\/p>\n<p>Deze kenmerken wekken de nieuwsgierigheid van mensen die regelmatig zeer energie-intensieve activiteiten ondernemen.<\/p>\n<p>Het kan gevoelens van motivatie, gezelligheid en zelfvertrouwen oproepen. Zware training en oefeningen worden door mensen gebruikt omdat ze sterk verlangen om deel te nemen aan fysiek veeleisende activiteiten. Het moedigt je ook aan om veel water te drinken vanwege de stimulerende effecten. Hoewel niet iedereen die het gebruikt honger zal krijgen, kan het de eetlust vergroten. Mensen gebruiken het voor niet-medische motieven, zoals het stimuleren van ego of emoties, zoals bekend is.<\/p>\n<h3>Effecten van A-PVP<\/h3>\n<p>Dezelfde effecten kunnen worden verklaard door de stimulerende eigenschappen van de medicatie. Als gevolg hiervan vertonen gebruikers overmatig of dwangmatig energiek gedrag. Tot de fysieke symptomen behoren ledematen, kaakklem en trillingen die oncontroleerbaar zijn als gevolg van een gebrek aan lichaamsbrede motorische controle. Bovendien kan het onwillekeurige oogbewegingen of visuele problemen veroorzaken. In ernstige gevallen kan het leiden tot watervergiftiging, verlies van eetlust en een sterke behoefte om water te drinken. Urineren wordt moeilijk als gevolg van de medicatie. Een verhoogde hartslag is een van de bijwerkingen en fysieke nabijheid wordt ook ge\u00efntensiveerd. Zweten wordt verergerd door de behoefte aan overmatige fysieke activiteit.<\/p>\n<p>&nbsp;<\/p>","protected":false},"excerpt":{"rendered":"<p>For Sale: Pure A-PVP Purchase 99% Pure A-PVP from Nembutal | Buy Pure A-PVP secretly online Online APVP Purchase: As with MDPV and &#8220;bath salts&#8221; in early 2011, Buy a-PVP Crystal Powder Online is a relatively new chemical that is receiving a lot of media interest. A synthetic stimulant belonging to the cathinone and pyrovalerone &hellip;<\/p>\n<p class=\"read-more\"> <a class=\"\" href=\"https:\/\/legitgrams.com\/nl\/product\/apvp\/\"> <span class=\"screen-reader-text\">APVP<\/span> Read More \u00bb<\/a><\/p>","protected":false},"featured_media":3316,"comment_status":"open","ping_status":"closed","template":"","meta":{"_uag_custom_page_level_css":"","site-sidebar-layout":"default","site-content-layout":"default","ast-global-header-display":"","ast-main-header-display":"","ast-hfb-above-header-display":"","ast-hfb-below-header-display":"","ast-hfb-mobile-header-display":"","site-post-title":"","ast-breadcrumbs-content":"","ast-featured-img":"","footer-sml-layout":"","theme-transparent-header-meta":"default","adv-header-id-meta":"","stick-header-meta":"default","header-above-stick-meta":"","header-main-stick-meta":"","header-below-stick-meta":"","_joinchat":[]},"product_brand":[],"product_cat":[190],"product_tag":[331,332,333,334,335,336,337,338,339,340,341,342,343,344],"class_list":{"0":"post-3302","1":"product","2":"type-product","3":"status-publish","4":"has-post-thumbnail","6":"product_cat-cannabinoids","7":"product_tag-apvp-crystal-powder","8":"product_tag-beta-pvp-crystals","9":"product_tag-buy-a-pvp","10":"product_tag-buy-a-pvp-flakka","11":"product_tag-buy-apvp-crystals","12":"product_tag-buy-flakka","13":"product_tag-buy-flakka-online","14":"product_tag-flakka","15":"product_tag-how-can-i-buy-alpha-pvp-online-discreetly-russia","16":"product_tag-order-apvp-online","17":"product_tag-what-are-flakka-and-bath-salts","18":"product_tag-what-is-flakka-beta-pvp","19":"product_tag-where-can-i-buy-apvp-crystals-online","20":"product_tag-where-can-i-buy-flakka-khat","21":"desktop-align-left","22":"tablet-align-left","23":"mobile-align-left","24":"ast-product-gallery-layout-horizontal","25":"ast-product-gallery-with-no-image","26":"ast-product-single-variable","27":"ast-product-tabs-layout-horizontal","28":"ast-qv-on-image","30":"first","31":"instock","32":"shipping-taxable","33":"purchasable","34":"product-type-variable"},"yoast_head":"<!-- This site is optimized with the Yoast SEO plugin v25.9 - https:\/\/yoast.com\/wordpress\/plugins\/seo\/ -->\n<title>Get APVP for Sale - Buy APVP Powder Online @ Low Price<\/title>\n<meta name=\"description\" content=\"Your order for APVP for sale is our responsibility. We will take your order to buy APVP powder online into consideration and reach you in a short period. Place bulk orders now!\" \/>\n<meta name=\"robots\" content=\"index, follow, max-snippet:-1, max-image-preview:large, max-video-preview:-1\" \/>\n<link rel=\"canonical\" href=\"https:\/\/legitgrams.com\/nl\/product\/apvp\/\" \/>\n<meta property=\"og:locale\" content=\"nl_BE\" \/>\n<meta property=\"og:type\" content=\"article\" \/>\n<meta property=\"og:title\" content=\"Get APVP for Sale - Buy APVP Powder Online @ Low Price\" \/>\n<meta property=\"og:description\" content=\"Your order for APVP for sale is our responsibility. We will take your order to buy APVP powder online into consideration and reach you in a short period. Place bulk orders now!\" \/>\n<meta property=\"og:url\" content=\"https:\/\/legitgrams.com\/nl\/product\/apvp\/\" \/>\n<meta property=\"og:site_name\" content=\"Legit Grams\" \/>\n<meta property=\"article:modified_time\" content=\"2025-01-13T09:16:36+00:00\" \/>\n<meta property=\"og:image\" content=\"https:\/\/legitgrams.com\/wp-content\/uploads\/2024\/08\/APVP.gif\" \/>\n\t<meta property=\"og:image:width\" content=\"600\" \/>\n\t<meta property=\"og:image:height\" content=\"600\" \/>\n\t<meta property=\"og:image:type\" content=\"image\/gif\" \/>\n<meta name=\"twitter:card\" content=\"summary_large_image\" \/>\n<meta name=\"twitter:label1\" content=\"Geschatte leestijd\" \/>\n\t<meta name=\"twitter:data1\" content=\"3 minuten\" \/>\n<script type=\"application\/ld+json\" class=\"yoast-schema-graph\">{\"@context\":\"https:\/\/schema.org\",\"@graph\":[{\"@type\":\"WebPage\",\"@id\":\"https:\/\/legitgrams.com\/product\/apvp\/\",\"url\":\"https:\/\/legitgrams.com\/product\/apvp\/\",\"name\":\"Get APVP for Sale - Buy APVP Powder Online @ Low Price\",\"isPartOf\":{\"@id\":\"https:\/\/legitgrams.com\/#website\"},\"primaryImageOfPage\":{\"@id\":\"https:\/\/legitgrams.com\/product\/apvp\/#primaryimage\"},\"image\":{\"@id\":\"https:\/\/legitgrams.com\/product\/apvp\/#primaryimage\"},\"thumbnailUrl\":\"https:\/\/legitgrams.com\/wp-content\/uploads\/2024\/08\/APVP.gif\",\"datePublished\":\"2024-08-03T05:48:41+00:00\",\"dateModified\":\"2025-01-13T09:16:36+00:00\",\"description\":\"Your order for APVP for sale is our responsibility. We will take your order to buy APVP powder online into consideration and reach you in a short period. Place bulk orders now!\",\"breadcrumb\":{\"@id\":\"https:\/\/legitgrams.com\/product\/apvp\/#breadcrumb\"},\"inLanguage\":\"nl-BE\",\"potentialAction\":[{\"@type\":\"ReadAction\",\"target\":[\"https:\/\/legitgrams.com\/product\/apvp\/\"]}]},{\"@type\":\"ImageObject\",\"inLanguage\":\"nl-BE\",\"@id\":\"https:\/\/legitgrams.com\/product\/apvp\/#primaryimage\",\"url\":\"https:\/\/legitgrams.com\/wp-content\/uploads\/2024\/08\/APVP.gif\",\"contentUrl\":\"https:\/\/legitgrams.com\/wp-content\/uploads\/2024\/08\/APVP.gif\",\"width\":600,\"height\":600,\"caption\":\"Pure A-PVP for Sale\"},{\"@type\":\"BreadcrumbList\",\"@id\":\"https:\/\/legitgrams.com\/product\/apvp\/#breadcrumb\",\"itemListElement\":[{\"@type\":\"ListItem\",\"position\":1,\"name\":\"Home\",\"item\":\"https:\/\/legitgrams.com\/\"},{\"@type\":\"ListItem\",\"position\":2,\"name\":\"Shop\",\"item\":\"https:\/\/legitgrams.com\/shop\/\"},{\"@type\":\"ListItem\",\"position\":3,\"name\":\"APVP\"}]},{\"@type\":\"WebSite\",\"@id\":\"https:\/\/legitgrams.com\/#website\",\"url\":\"https:\/\/legitgrams.com\/\",\"name\":\"Legit Grams\",\"description\":\"My WordPress Blog\",\"publisher\":{\"@id\":\"https:\/\/legitgrams.com\/#organization\"},\"potentialAction\":[{\"@type\":\"SearchAction\",\"target\":{\"@type\":\"EntryPoint\",\"urlTemplate\":\"https:\/\/legitgrams.com\/?s={search_term_string}\"},\"query-input\":{\"@type\":\"PropertyValueSpecification\",\"valueRequired\":true,\"valueName\":\"search_term_string\"}}],\"inLanguage\":\"nl-BE\"},{\"@type\":\"Organization\",\"@id\":\"https:\/\/legitgrams.com\/#organization\",\"name\":\"Legit Grams\",\"url\":\"https:\/\/legitgrams.com\/\",\"logo\":{\"@type\":\"ImageObject\",\"inLanguage\":\"nl-BE\",\"@id\":\"https:\/\/legitgrams.com\/#\/schema\/logo\/image\/\",\"url\":\"https:\/\/legitgrams.com\/wp-content\/uploads\/2024\/09\/main-logo.png\",\"contentUrl\":\"https:\/\/legitgrams.com\/wp-content\/uploads\/2024\/09\/main-logo.png\",\"width\":270,\"height\":75,\"caption\":\"Legit Grams\"},\"image\":{\"@id\":\"https:\/\/legitgrams.com\/#\/schema\/logo\/image\/\"}}]}<\/script>\n<!-- \/ Yoast SEO plugin. -->","yoast_head_json":{"title":"Krijg APVP te koop - APVP poeder online kopen @ lage prijs","description":"Jouw bestelling voor APVP te koop is onze verantwoordelijkheid. Wij nemen je bestelling om APVP poeder online te kopen in overweging en bereiken je binnen korte tijd. Plaats nu bulkbestellingen!","robots":{"index":"index","follow":"follow","max-snippet":"max-snippet:-1","max-image-preview":"max-image-preview:large","max-video-preview":"max-video-preview:-1"},"canonical":"https:\/\/legitgrams.com\/nl\/product\/apvp\/","og_locale":"nl_BE","og_type":"article","og_title":"Get APVP for Sale - Buy APVP Powder Online @ Low Price","og_description":"Your order for APVP for sale is our responsibility. We will take your order to buy APVP powder online into consideration and reach you in a short period. Place bulk orders now!","og_url":"https:\/\/legitgrams.com\/nl\/product\/apvp\/","og_site_name":"Legit Grams","article_modified_time":"2025-01-13T09:16:36+00:00","og_image":[{"width":600,"height":600,"url":"https:\/\/legitgrams.com\/wp-content\/uploads\/2024\/08\/APVP.gif","type":"image\/gif"}],"twitter_card":"summary_large_image","twitter_misc":{"Geschatte leestijd":"3 minuten"},"schema":{"@context":"https:\/\/schema.org","@graph":[{"@type":"WebPage","@id":"https:\/\/legitgrams.com\/product\/apvp\/","url":"https:\/\/legitgrams.com\/product\/apvp\/","name":"Krijg APVP te koop - APVP poeder online kopen @ lage prijs","isPartOf":{"@id":"https:\/\/legitgrams.com\/#website"},"primaryImageOfPage":{"@id":"https:\/\/legitgrams.com\/product\/apvp\/#primaryimage"},"image":{"@id":"https:\/\/legitgrams.com\/product\/apvp\/#primaryimage"},"thumbnailUrl":"https:\/\/legitgrams.com\/wp-content\/uploads\/2024\/08\/APVP.gif","datePublished":"2024-08-03T05:48:41+00:00","dateModified":"2025-01-13T09:16:36+00:00","description":"Jouw bestelling voor APVP te koop is onze verantwoordelijkheid. Wij nemen je bestelling om APVP poeder online te kopen in overweging en bereiken je binnen korte tijd. Plaats nu bulkbestellingen!","breadcrumb":{"@id":"https:\/\/legitgrams.com\/product\/apvp\/#breadcrumb"},"inLanguage":"nl-BE","potentialAction":[{"@type":"ReadAction","target":["https:\/\/legitgrams.com\/product\/apvp\/"]}]},{"@type":"ImageObject","inLanguage":"nl-BE","@id":"https:\/\/legitgrams.com\/product\/apvp\/#primaryimage","url":"https:\/\/legitgrams.com\/wp-content\/uploads\/2024\/08\/APVP.gif","contentUrl":"https:\/\/legitgrams.com\/wp-content\/uploads\/2024\/08\/APVP.gif","width":600,"height":600,"caption":"Pure A-PVP for Sale"},{"@type":"BreadcrumbList","@id":"https:\/\/legitgrams.com\/product\/apvp\/#breadcrumb","itemListElement":[{"@type":"ListItem","position":1,"name":"Home","item":"https:\/\/legitgrams.com\/"},{"@type":"ListItem","position":2,"name":"Shop","item":"https:\/\/legitgrams.com\/shop\/"},{"@type":"ListItem","position":3,"name":"APVP"}]},{"@type":"WebSite","@id":"https:\/\/legitgrams.com\/#website","url":"https:\/\/legitgrams.com\/","name":"Legitieme grammen","description":"Mijn WordPress Blog","publisher":{"@id":"https:\/\/legitgrams.com\/#organization"},"potentialAction":[{"@type":"SearchAction","target":{"@type":"EntryPoint","urlTemplate":"https:\/\/legitgrams.com\/?s={search_term_string}"},"query-input":{"@type":"PropertyValueSpecification","valueRequired":true,"valueName":"search_term_string"}}],"inLanguage":"nl-BE"},{"@type":"Organization","@id":"https:\/\/legitgrams.com\/#organization","name":"Legitieme grammen","url":"https:\/\/legitgrams.com\/","logo":{"@type":"ImageObject","inLanguage":"nl-BE","@id":"https:\/\/legitgrams.com\/#\/schema\/logo\/image\/","url":"https:\/\/legitgrams.com\/wp-content\/uploads\/2024\/09\/main-logo.png","contentUrl":"https:\/\/legitgrams.com\/wp-content\/uploads\/2024\/09\/main-logo.png","width":270,"height":75,"caption":"Legit Grams"},"image":{"@id":"https:\/\/legitgrams.com\/#\/schema\/logo\/image\/"}}]}},"uagb_featured_image_src":{"full":["https:\/\/legitgrams.com\/wp-content\/uploads\/2024\/08\/APVP.gif",600,600,false],"thumbnail":["https:\/\/legitgrams.com\/wp-content\/uploads\/2024\/08\/APVP-150x150.gif",150,150,true],"medium":["https:\/\/legitgrams.com\/wp-content\/uploads\/2024\/08\/APVP-300x300.gif",300,300,true],"medium_large":["https:\/\/legitgrams.com\/wp-content\/uploads\/2024\/08\/APVP.gif",600,600,false],"large":["https:\/\/legitgrams.com\/wp-content\/uploads\/2024\/08\/APVP.gif",600,600,false],"1536x1536":["https:\/\/legitgrams.com\/wp-content\/uploads\/2024\/08\/APVP.gif",600,600,false],"2048x2048":["https:\/\/legitgrams.com\/wp-content\/uploads\/2024\/08\/APVP.gif",600,600,false],"trp-custom-language-flag":["https:\/\/legitgrams.com\/wp-content\/uploads\/2024\/08\/APVP-12x12.gif",12,12,true],"woocommerce_thumbnail":["https:\/\/legitgrams.com\/wp-content\/uploads\/2024\/08\/APVP-300x300.gif",300,300,true],"woocommerce_single":["https:\/\/legitgrams.com\/wp-content\/uploads\/2024\/08\/APVP.gif",600,600,false],"woocommerce_gallery_thumbnail":["https:\/\/legitgrams.com\/wp-content\/uploads\/2024\/08\/APVP-100x100.gif",100,100,true]},"uagb_author_info":{"display_name":"cokeblog18","author_link":"https:\/\/legitgrams.com\/nl\/author\/"},"uagb_comment_info":0,"uagb_excerpt":"For Sale: Pure A-PVP Purchase 99% Pure A-PVP from Nembutal | Buy Pure A-PVP secretly online Online APVP Purchase: As with MDPV and &#8220;bath salts&#8221; in early 2011, Buy a-PVP Crystal Powder Online is a relatively new chemical that is receiving a lot of media interest. A synthetic stimulant belonging to the cathinone and pyrovalerone&hellip;","_links":{"self":[{"href":"https:\/\/legitgrams.com\/nl\/wp-json\/wp\/v2\/product\/3302","targetHints":{"allow":["GET"]}}],"collection":[{"href":"https:\/\/legitgrams.com\/nl\/wp-json\/wp\/v2\/product"}],"about":[{"href":"https:\/\/legitgrams.com\/nl\/wp-json\/wp\/v2\/types\/product"}],"replies":[{"embeddable":true,"href":"https:\/\/legitgrams.com\/nl\/wp-json\/wp\/v2\/comments?post=3302"}],"wp:featuredmedia":[{"embeddable":true,"href":"https:\/\/legitgrams.com\/nl\/wp-json\/wp\/v2\/media\/3316"}],"wp:attachment":[{"href":"https:\/\/legitgrams.com\/nl\/wp-json\/wp\/v2\/media?parent=3302"}],"wp:term":[{"taxonomy":"product_brand","embeddable":true,"href":"https:\/\/legitgrams.com\/nl\/wp-json\/wp\/v2\/product_brand?post=3302"},{"taxonomy":"product_cat","embeddable":true,"href":"https:\/\/legitgrams.com\/nl\/wp-json\/wp\/v2\/product_cat?post=3302"},{"taxonomy":"product_tag","embeddable":true,"href":"https:\/\/legitgrams.com\/nl\/wp-json\/wp\/v2\/product_tag?post=3302"}],"curies":[{"name":"wp","href":"https:\/\/api.w.org\/{rel}","templated":true}]}}