{"id":3860,"date":"2024-09-20T08:26:59","date_gmt":"2024-09-20T08:26:59","guid":{"rendered":"https:\/\/legitgrams.com\/?post_type=product&#038;p=3860"},"modified":"2025-01-13T11:10:03","modified_gmt":"2025-01-13T11:10:03","slug":"codeinesulfaat-30mg","status":"publish","type":"product","link":"https:\/\/legitgrams.com\/nl\/product\/codeinesulfaat-30mg\/","title":{"rendered":"Code\u00efnesulfaat 30mg"},"content":{"rendered":"<h2>Te koop: 30 mg Code\u00efne Sulfaat<\/h2>\n<p><a href=\"https:\/\/legitgrams.com\/nl\/product\/codeinesulfaat-30mg\/\">Code\u00efne<\/a> is een opio\u00efde pijnstiller die soms ook wel een narcotisch middel wordt genoemd.<\/p>\n<p>Code\u00efne wordt gebruikt bij matige tot ernstige pijn.<\/p>\n<p>Bovendien kan code\u00efne worden gebruikt voor doeleinden die niet in deze medicatiegids zijn opgenomen. <a href=\"https:\/\/legitgrams.com\/nl\/\">LegitGrams<\/a><\/p>\n<p>Koop 30 mg van <a href=\"https:\/\/en.wikipedia.org\/wiki\/Codeine\">Code\u00efne<\/a> Sulfaat online: koop code\u00efne, koop 30 mg code\u00efnesulfaat, koop code\u00efnesulfaat online, waar koop ik 30 mg code\u00efnesulfaat, waar koop ik 30 mg code\u00efnesulfaat, koop 30 mg code\u00efnesulfaat online, koop 30 mg code\u00efnesulfaat online bij leveranciers in de VS, Canada en het VK met veilige levering. 30 milligram code\u00efnesulfaat is nog steeds verkrijgbaar. Daarnaast kunt u vragen hoe u het kunt bestellen, of het legaal is in de VS en of het verkrijgbaar is in Canada.<\/p>","protected":false},"excerpt":{"rendered":"<p>For Sale: 30 mg of Codeine Sulfate Codeine is one opioid pain reliever that is sometimes called a narcotic drug. Codeine is used for moderate to severe pain. Furthermore, codeine can be used for purposes not included in this medication guide. LegitGrams Buy 30 mg of Codeine Sulfate online: buy codeine, buy 30 mg of &hellip;<\/p>\n<p class=\"read-more\"> <a class=\"\" href=\"https:\/\/legitgrams.com\/nl\/product\/codeinesulfaat-30mg\/\"> <span class=\"screen-reader-text\">Code\u00efnesulfaat 30mg<\/span> Read More \u00bb<\/a><\/p>","protected":false},"featured_media":5227,"comment_status":"open","ping_status":"closed","template":"","meta":{"_uag_custom_page_level_css":"","site-sidebar-layout":"default","site-content-layout":"default","ast-global-header-display":"","ast-main-header-display":"","ast-hfb-above-header-display":"","ast-hfb-below-header-display":"","ast-hfb-mobile-header-display":"","site-post-title":"","ast-breadcrumbs-content":"","ast-featured-img":"","footer-sml-layout":"","theme-transparent-header-meta":"default","adv-header-id-meta":"","stick-header-meta":"default","header-above-stick-meta":"","header-main-stick-meta":"","header-below-stick-meta":"","_joinchat":[]},"product_brand":[],"product_cat":[608,597],"product_tag":[4579,4569,617,4561,4576,4560,4564,4563,4571,4562,4572,4574,4581,4582,4580,4577,4573,4568,4566,4578,4575,625,4567,4570,4565],"class_list":{"0":"post-3860","1":"product","2":"type-product","3":"status-publish","4":"has-post-thumbnail","6":"product_cat-pain-pills","7":"product_cat-pain-sleeping-sex-pills","8":"product_tag-best-cheap-price-codeine-sulfate-30mg","9":"product_tag-best-place-to-buy-codeine-sulfate-30mg","10":"product_tag-bulk-online","11":"product_tag-buy-codeine-sulfate-30mg","12":"product_tag-cheap-codeine-sulfate-30mg","13":"product_tag-codeine-sulfate-30mg","14":"product_tag-codeine-sulfate-30mg-codeine-sulfate-30mg-supplier","15":"product_tag-codeine-sulfate-30mg-for-sale","16":"product_tag-codeine-sulfate-30mg-legally","17":"product_tag-codeine-sulfate-30mg-online","18":"product_tag-codeine-sulfate-30mg-price","19":"product_tag-codeine-sulfate-30mg-store","20":"product_tag-codeine-sulfate-30mg-use","21":"product_tag-codeine-sulfate-30mg-wiki","22":"product_tag-codeine-sulfate-30mg-worldwide","23":"product_tag-codeine-sulfate-30mgs","24":"product_tag-high-quality-codeine-sulfate-30mg","25":"product_tag-how-to-buy-codeine-sulfate-30mg","26":"product_tag-order-codeine-sulfate-30mg","27":"product_tag-purcharse-codeine-sulfate-30mg","28":"product_tag-shop-codeine-sulfate-30mg","29":"product_tag-top-quality","30":"product_tag-where-to-buy-codeine-sulfate-30mg","31":"product_tag-where-to-order-codeine-sulfate-30mg","32":"product_tag-wholesale-codeine-sulfate-30mg","33":"desktop-align-left","34":"tablet-align-left","35":"mobile-align-left","36":"ast-product-gallery-layout-horizontal","37":"ast-product-gallery-with-no-image","38":"ast-product-single-variable","39":"ast-product-tabs-layout-horizontal","40":"ast-qv-on-image","42":"first","43":"instock","44":"shipping-taxable","45":"purchasable","46":"product-type-variable"},"yoast_head":"<!-- This site is optimized with the Yoast SEO plugin v25.9 - https:\/\/yoast.com\/wordpress\/plugins\/seo\/ -->\n<title>Codeine Sulfate 30mg for Sale - Buy Codeine Sulfate 30mg Online<\/title>\n<meta name=\"description\" content=\"Your order for Codeine Sulfate 30mg for sale is our responsibility. We will take your order to buy Codeine Sulfate 30mg into consideration and reach you in a short period. Place bulk orders now!\" \/>\n<meta name=\"robots\" content=\"index, follow, max-snippet:-1, max-image-preview:large, max-video-preview:-1\" \/>\n<link rel=\"canonical\" href=\"https:\/\/legitgrams.com\/nl\/product\/codeinesulfaat-30mg\/\" \/>\n<meta property=\"og:locale\" content=\"nl_BE\" \/>\n<meta property=\"og:type\" content=\"article\" \/>\n<meta property=\"og:title\" content=\"Codeine Sulfate 30mg for Sale - Buy Codeine Sulfate 30mg Online\" \/>\n<meta property=\"og:description\" content=\"Your order for Codeine Sulfate 30mg for sale is our responsibility. We will take your order to buy Codeine Sulfate 30mg into consideration and reach you in a short period. Place bulk orders now!\" \/>\n<meta property=\"og:url\" content=\"https:\/\/legitgrams.com\/nl\/product\/codeinesulfaat-30mg\/\" \/>\n<meta property=\"og:site_name\" content=\"Legit Grams\" \/>\n<meta property=\"article:modified_time\" content=\"2025-01-13T11:10:03+00:00\" \/>\n<meta property=\"og:image\" content=\"https:\/\/legitgrams.com\/wp-content\/uploads\/2024\/09\/buy-codeine-sulfate-30mg-online.jpg\" \/>\n\t<meta property=\"og:image:width\" content=\"600\" \/>\n\t<meta property=\"og:image:height\" content=\"600\" \/>\n\t<meta property=\"og:image:type\" content=\"image\/jpeg\" \/>\n<meta name=\"twitter:card\" content=\"summary_large_image\" \/>\n<meta name=\"twitter:label1\" content=\"Geschatte leestijd\" \/>\n\t<meta name=\"twitter:data1\" content=\"1 minuut\" \/>\n<script type=\"application\/ld+json\" class=\"yoast-schema-graph\">{\"@context\":\"https:\/\/schema.org\",\"@graph\":[{\"@type\":\"WebPage\",\"@id\":\"https:\/\/legitgrams.com\/product\/codeine-sulfate-30mg\/\",\"url\":\"https:\/\/legitgrams.com\/product\/codeine-sulfate-30mg\/\",\"name\":\"Codeine Sulfate 30mg for Sale - Buy Codeine Sulfate 30mg Online\",\"isPartOf\":{\"@id\":\"https:\/\/legitgrams.com\/#website\"},\"primaryImageOfPage\":{\"@id\":\"https:\/\/legitgrams.com\/product\/codeine-sulfate-30mg\/#primaryimage\"},\"image\":{\"@id\":\"https:\/\/legitgrams.com\/product\/codeine-sulfate-30mg\/#primaryimage\"},\"thumbnailUrl\":\"https:\/\/legitgrams.com\/wp-content\/uploads\/2024\/09\/buy-codeine-sulfate-30mg-online.jpg\",\"datePublished\":\"2024-09-20T08:26:59+00:00\",\"dateModified\":\"2025-01-13T11:10:03+00:00\",\"description\":\"Your order for Codeine Sulfate 30mg for sale is our responsibility. We will take your order to buy Codeine Sulfate 30mg into consideration and reach you in a short period. Place bulk orders now!\",\"breadcrumb\":{\"@id\":\"https:\/\/legitgrams.com\/product\/codeine-sulfate-30mg\/#breadcrumb\"},\"inLanguage\":\"nl-BE\",\"potentialAction\":[{\"@type\":\"ReadAction\",\"target\":[\"https:\/\/legitgrams.com\/product\/codeine-sulfate-30mg\/\"]}]},{\"@type\":\"ImageObject\",\"inLanguage\":\"nl-BE\",\"@id\":\"https:\/\/legitgrams.com\/product\/codeine-sulfate-30mg\/#primaryimage\",\"url\":\"https:\/\/legitgrams.com\/wp-content\/uploads\/2024\/09\/buy-codeine-sulfate-30mg-online.jpg\",\"contentUrl\":\"https:\/\/legitgrams.com\/wp-content\/uploads\/2024\/09\/buy-codeine-sulfate-30mg-online.jpg\",\"width\":600,\"height\":600,\"caption\":\"Codeine Sulfate 30mg for Sale\"},{\"@type\":\"BreadcrumbList\",\"@id\":\"https:\/\/legitgrams.com\/product\/codeine-sulfate-30mg\/#breadcrumb\",\"itemListElement\":[{\"@type\":\"ListItem\",\"position\":1,\"name\":\"Home\",\"item\":\"https:\/\/legitgrams.com\/\"},{\"@type\":\"ListItem\",\"position\":2,\"name\":\"Shop\",\"item\":\"https:\/\/legitgrams.com\/shop\/\"},{\"@type\":\"ListItem\",\"position\":3,\"name\":\"Codeine Sulfate 30mg\"}]},{\"@type\":\"WebSite\",\"@id\":\"https:\/\/legitgrams.com\/#website\",\"url\":\"https:\/\/legitgrams.com\/\",\"name\":\"Legit Grams\",\"description\":\"My WordPress Blog\",\"publisher\":{\"@id\":\"https:\/\/legitgrams.com\/#organization\"},\"potentialAction\":[{\"@type\":\"SearchAction\",\"target\":{\"@type\":\"EntryPoint\",\"urlTemplate\":\"https:\/\/legitgrams.com\/?s={search_term_string}\"},\"query-input\":{\"@type\":\"PropertyValueSpecification\",\"valueRequired\":true,\"valueName\":\"search_term_string\"}}],\"inLanguage\":\"nl-BE\"},{\"@type\":\"Organization\",\"@id\":\"https:\/\/legitgrams.com\/#organization\",\"name\":\"Legit Grams\",\"url\":\"https:\/\/legitgrams.com\/\",\"logo\":{\"@type\":\"ImageObject\",\"inLanguage\":\"nl-BE\",\"@id\":\"https:\/\/legitgrams.com\/#\/schema\/logo\/image\/\",\"url\":\"https:\/\/legitgrams.com\/wp-content\/uploads\/2024\/09\/main-logo.png\",\"contentUrl\":\"https:\/\/legitgrams.com\/wp-content\/uploads\/2024\/09\/main-logo.png\",\"width\":270,\"height\":75,\"caption\":\"Legit Grams\"},\"image\":{\"@id\":\"https:\/\/legitgrams.com\/#\/schema\/logo\/image\/\"}}]}<\/script>\n<!-- \/ Yoast SEO plugin. -->","yoast_head_json":{"title":"Code\u00efne Sulfaat 30mg te koop - Code\u00efne Sulfaat 30mg online kopen","description":"Uw bestelling voor Codeine Sulfaat 30mg te koop is onze verantwoordelijkheid. Wij nemen je bestelling om Codeine Sulfaat 30mg te kopen in overweging en zullen je snel bereiken. Plaats nu bulkbestellingen!","robots":{"index":"index","follow":"follow","max-snippet":"max-snippet:-1","max-image-preview":"max-image-preview:large","max-video-preview":"max-video-preview:-1"},"canonical":"https:\/\/legitgrams.com\/nl\/product\/codeinesulfaat-30mg\/","og_locale":"nl_BE","og_type":"article","og_title":"Codeine Sulfate 30mg for Sale - Buy Codeine Sulfate 30mg Online","og_description":"Your order for Codeine Sulfate 30mg for sale is our responsibility. We will take your order to buy Codeine Sulfate 30mg into consideration and reach you in a short period. Place bulk orders now!","og_url":"https:\/\/legitgrams.com\/nl\/product\/codeinesulfaat-30mg\/","og_site_name":"Legit Grams","article_modified_time":"2025-01-13T11:10:03+00:00","og_image":[{"width":600,"height":600,"url":"https:\/\/legitgrams.com\/wp-content\/uploads\/2024\/09\/buy-codeine-sulfate-30mg-online.jpg","type":"image\/jpeg"}],"twitter_card":"summary_large_image","twitter_misc":{"Geschatte leestijd":"1 minuut"},"schema":{"@context":"https:\/\/schema.org","@graph":[{"@type":"WebPage","@id":"https:\/\/legitgrams.com\/product\/codeine-sulfate-30mg\/","url":"https:\/\/legitgrams.com\/product\/codeine-sulfate-30mg\/","name":"Code\u00efne Sulfaat 30mg te koop - Code\u00efne Sulfaat 30mg online kopen","isPartOf":{"@id":"https:\/\/legitgrams.com\/#website"},"primaryImageOfPage":{"@id":"https:\/\/legitgrams.com\/product\/codeine-sulfate-30mg\/#primaryimage"},"image":{"@id":"https:\/\/legitgrams.com\/product\/codeine-sulfate-30mg\/#primaryimage"},"thumbnailUrl":"https:\/\/legitgrams.com\/wp-content\/uploads\/2024\/09\/buy-codeine-sulfate-30mg-online.jpg","datePublished":"2024-09-20T08:26:59+00:00","dateModified":"2025-01-13T11:10:03+00:00","description":"Uw bestelling voor Codeine Sulfaat 30mg te koop is onze verantwoordelijkheid. Wij nemen je bestelling om Codeine Sulfaat 30mg te kopen in overweging en zullen je snel bereiken. Plaats nu bulkbestellingen!","breadcrumb":{"@id":"https:\/\/legitgrams.com\/product\/codeine-sulfate-30mg\/#breadcrumb"},"inLanguage":"nl-BE","potentialAction":[{"@type":"ReadAction","target":["https:\/\/legitgrams.com\/product\/codeine-sulfate-30mg\/"]}]},{"@type":"ImageObject","inLanguage":"nl-BE","@id":"https:\/\/legitgrams.com\/product\/codeine-sulfate-30mg\/#primaryimage","url":"https:\/\/legitgrams.com\/wp-content\/uploads\/2024\/09\/buy-codeine-sulfate-30mg-online.jpg","contentUrl":"https:\/\/legitgrams.com\/wp-content\/uploads\/2024\/09\/buy-codeine-sulfate-30mg-online.jpg","width":600,"height":600,"caption":"Codeine Sulfate 30mg for Sale"},{"@type":"BreadcrumbList","@id":"https:\/\/legitgrams.com\/product\/codeine-sulfate-30mg\/#breadcrumb","itemListElement":[{"@type":"ListItem","position":1,"name":"Home","item":"https:\/\/legitgrams.com\/"},{"@type":"ListItem","position":2,"name":"Shop","item":"https:\/\/legitgrams.com\/shop\/"},{"@type":"ListItem","position":3,"name":"Codeine Sulfate 30mg"}]},{"@type":"WebSite","@id":"https:\/\/legitgrams.com\/#website","url":"https:\/\/legitgrams.com\/","name":"Legitieme grammen","description":"Mijn WordPress Blog","publisher":{"@id":"https:\/\/legitgrams.com\/#organization"},"potentialAction":[{"@type":"SearchAction","target":{"@type":"EntryPoint","urlTemplate":"https:\/\/legitgrams.com\/?s={search_term_string}"},"query-input":{"@type":"PropertyValueSpecification","valueRequired":true,"valueName":"search_term_string"}}],"inLanguage":"nl-BE"},{"@type":"Organization","@id":"https:\/\/legitgrams.com\/#organization","name":"Legitieme grammen","url":"https:\/\/legitgrams.com\/","logo":{"@type":"ImageObject","inLanguage":"nl-BE","@id":"https:\/\/legitgrams.com\/#\/schema\/logo\/image\/","url":"https:\/\/legitgrams.com\/wp-content\/uploads\/2024\/09\/main-logo.png","contentUrl":"https:\/\/legitgrams.com\/wp-content\/uploads\/2024\/09\/main-logo.png","width":270,"height":75,"caption":"Legit Grams"},"image":{"@id":"https:\/\/legitgrams.com\/#\/schema\/logo\/image\/"}}]}},"uagb_featured_image_src":{"full":["https:\/\/legitgrams.com\/wp-content\/uploads\/2024\/09\/buy-codeine-sulfate-30mg-online.jpg",600,600,false],"thumbnail":["https:\/\/legitgrams.com\/wp-content\/uploads\/2024\/09\/buy-codeine-sulfate-30mg-online-150x150.jpg",150,150,true],"medium":["https:\/\/legitgrams.com\/wp-content\/uploads\/2024\/09\/buy-codeine-sulfate-30mg-online-300x300.jpg",300,300,true],"medium_large":["https:\/\/legitgrams.com\/wp-content\/uploads\/2024\/09\/buy-codeine-sulfate-30mg-online.jpg",600,600,false],"large":["https:\/\/legitgrams.com\/wp-content\/uploads\/2024\/09\/buy-codeine-sulfate-30mg-online.jpg",600,600,false],"1536x1536":["https:\/\/legitgrams.com\/wp-content\/uploads\/2024\/09\/buy-codeine-sulfate-30mg-online.jpg",600,600,false],"2048x2048":["https:\/\/legitgrams.com\/wp-content\/uploads\/2024\/09\/buy-codeine-sulfate-30mg-online.jpg",600,600,false],"trp-custom-language-flag":["https:\/\/legitgrams.com\/wp-content\/uploads\/2024\/09\/buy-codeine-sulfate-30mg-online-12x12.jpg",12,12,true],"woocommerce_thumbnail":["https:\/\/legitgrams.com\/wp-content\/uploads\/2024\/09\/buy-codeine-sulfate-30mg-online-300x300.jpg",300,300,true],"woocommerce_single":["https:\/\/legitgrams.com\/wp-content\/uploads\/2024\/09\/buy-codeine-sulfate-30mg-online.jpg",600,600,false],"woocommerce_gallery_thumbnail":["https:\/\/legitgrams.com\/wp-content\/uploads\/2024\/09\/buy-codeine-sulfate-30mg-online-100x100.jpg",100,100,true]},"uagb_author_info":{"display_name":"cokeblog18","author_link":"https:\/\/legitgrams.com\/nl\/author\/"},"uagb_comment_info":0,"uagb_excerpt":"For Sale: 30 mg of Codeine Sulfate Codeine is one opioid pain reliever that is sometimes called a narcotic drug. Codeine is used for moderate to severe pain. Furthermore, codeine can be used for purposes not included in this medication guide. LegitGrams Buy 30 mg of Codeine Sulfate online: buy codeine, buy 30 mg of&hellip;","_links":{"self":[{"href":"https:\/\/legitgrams.com\/nl\/wp-json\/wp\/v2\/product\/3860","targetHints":{"allow":["GET"]}}],"collection":[{"href":"https:\/\/legitgrams.com\/nl\/wp-json\/wp\/v2\/product"}],"about":[{"href":"https:\/\/legitgrams.com\/nl\/wp-json\/wp\/v2\/types\/product"}],"replies":[{"embeddable":true,"href":"https:\/\/legitgrams.com\/nl\/wp-json\/wp\/v2\/comments?post=3860"}],"wp:featuredmedia":[{"embeddable":true,"href":"https:\/\/legitgrams.com\/nl\/wp-json\/wp\/v2\/media\/5227"}],"wp:attachment":[{"href":"https:\/\/legitgrams.com\/nl\/wp-json\/wp\/v2\/media?parent=3860"}],"wp:term":[{"taxonomy":"product_brand","embeddable":true,"href":"https:\/\/legitgrams.com\/nl\/wp-json\/wp\/v2\/product_brand?post=3860"},{"taxonomy":"product_cat","embeddable":true,"href":"https:\/\/legitgrams.com\/nl\/wp-json\/wp\/v2\/product_cat?post=3860"},{"taxonomy":"product_tag","embeddable":true,"href":"https:\/\/legitgrams.com\/nl\/wp-json\/wp\/v2\/product_tag?post=3860"}],"curies":[{"name":"wp","href":"https:\/\/api.w.org\/{rel}","templated":true}]}}