{"id":3939,"date":"2024-09-20T11:56:45","date_gmt":"2024-09-20T11:56:45","guid":{"rendered":"https:\/\/legitgrams.com\/?post_type=product&#038;p=3939"},"modified":"2025-01-15T05:38:54","modified_gmt":"2025-01-15T05:38:54","slug":"sparkle-badzout","status":"publish","type":"product","link":"https:\/\/legitgrams.com\/nl\/product\/sparkle-badzout\/","title":{"rendered":"Sparkle Badzout"},"content":{"rendered":"<h2>Sparkle Badzout Online Kopen<\/h2>\n<p>Onze stimulerende <a href=\"https:\/\/en.wikipedia.org\/wiki\/Bath_salts\">badzout<\/a> Maak van een aangenaam bad een intiemere ervaring. De zuiverende eigenschappen van Dode Zee- en Engels zout worden gecombineerd met de huidverzachtende en huidvoedende eigenschappen van kaolienklei, kokosmelkpoeder en haverprote\u00efne in deze luxe badessence. Essenti\u00eble oli\u00ebn zoals eucalyptus, jeneverbes en lavendel helpen bij stemmingsverbetering, ontspanning en een betere slaap.<\/p>\n<p>De glazen fles van 10 ounce met het Sparkling Bath Salts is bedekt met gevlochten zeewier. De binnenkant van het deksel dient als maatbeker voor het zout.<\/p>\n<p>Thuis composteerbaar ZERO WASTE REFILL Onze oplossing voor plastic badzoutzakjes voor eenmalig gebruik is Pouch. Elk zakje heeft een OK HOME Austria-certificaat op de bodem om te garanderen dat het volledig afbreekbaar is, zelfs in je composthoop in de achtertuin.<\/p>\n<p>In een ZERO WASTE REFILL verpakking zit tien ons zout. <a href=\"https:\/\/legitgrams.com\/nl\/\">LegitGrams<\/a><\/p>\n<p>Koop <a href=\"https:\/\/legitgrams.com\/nl\/product\/sparkle-badzout\/\">Sparkle Badzout<\/a> Online: Sparkle Bath Salt kan online gekocht worden in de Verenigde Staten, Canada of het Verenigd Koninkrijk. Waar koop ik Sparkle Badzout online? Sparkle Bath Salt kan online gekocht worden in de Verenigde Staten, Canada en het Verenigd Koninkrijk. Sparkle Bath Salt kan online gekocht worden, leveranciers kunnen gevonden worden en een veilige levering kan gegarandeerd worden. Je kunt Sparkle Badzout nog steeds kopen. Ontdek of het legaal is in de VS, hoe je Sparkle Bath Salt kunt verkrijgen en of het legaal is in Canada.<\/p>","protected":false},"excerpt":{"rendered":"<p>Purchase Sparkle Bath Salt Online Our stimulating bath salts turn a pleasant soak into a more intimate experience. The purifying properties of Dead Sea and English salts are combined with the skin-softening and skin-nourishing properties of kaolin clay, coconut milk powder, and oat protein in this luxurious bath essence. Essential oils including eucalyptus, juniper, and &hellip;<\/p>\n<p class=\"read-more\"> <a class=\"\" href=\"https:\/\/legitgrams.com\/nl\/product\/sparkle-badzout\/\"> <span class=\"screen-reader-text\">Sparkle Badzout<\/span> Read More \u00bb<\/a><\/p>","protected":false},"featured_media":5316,"comment_status":"open","ping_status":"closed","template":"","meta":{"_uag_custom_page_level_css":"","site-sidebar-layout":"default","site-content-layout":"default","ast-global-header-display":"","ast-main-header-display":"","ast-hfb-above-header-display":"","ast-hfb-below-header-display":"","ast-hfb-mobile-header-display":"","site-post-title":"","ast-breadcrumbs-content":"","ast-featured-img":"","footer-sml-layout":"","theme-transparent-header-meta":"default","adv-header-id-meta":"","stick-header-meta":"default","header-above-stick-meta":"","header-main-stick-meta":"","header-below-stick-meta":"","_joinchat":[]},"product_brand":[],"product_cat":[600],"product_tag":[3636,3626,617,3618,3633,3630,3625,3623,3635,3632,3617,3620,3628,3619,3629,3621,3631,3638,3639,3637,3634,625,3624,3627,3622],"class_list":{"0":"post-3939","1":"product","2":"type-product","3":"status-publish","4":"has-post-thumbnail","6":"product_cat-research-chemicals-and-bath-salt","7":"product_tag-best-cheap-price-sparkle-bath-salt","8":"product_tag-best-place-to-buy-sparkle-bath-salt","9":"product_tag-bulk-online","10":"product_tag-buy-sparkle-bath-salt","11":"product_tag-cheap-sparkle-bath-salt","12":"product_tag-high-quality-sparkle-bath-salt","13":"product_tag-how-to-buy-sparkle-bath-salt","14":"product_tag-order-sparkle-bath-salt","15":"product_tag-purcharse-sparkle-bath-salt","16":"product_tag-shop-sparkle-bath-salt","17":"product_tag-sparkle-bath-salt","18":"product_tag-sparkle-bath-salt-for-sale","19":"product_tag-sparkle-bath-salt-legally","20":"product_tag-sparkle-bath-salt-online","21":"product_tag-sparkle-bath-salt-price","22":"product_tag-sparkle-bath-salt-sparkle-bath-salt-supplier","23":"product_tag-sparkle-bath-salt-store","24":"product_tag-sparkle-bath-salt-use","25":"product_tag-sparkle-bath-salt-wiki","26":"product_tag-sparkle-bath-salt-worldwide","27":"product_tag-sparkle-bath-salts","28":"product_tag-top-quality","29":"product_tag-where-to-buy-sparkle-bath-salt","30":"product_tag-where-to-order-sparkle-bath-salt","31":"product_tag-wholesale-sparkle-bath-salt","32":"desktop-align-left","33":"tablet-align-left","34":"mobile-align-left","35":"ast-product-gallery-layout-horizontal","36":"ast-product-gallery-with-no-image","37":"ast-product-single-variable","38":"ast-product-tabs-layout-horizontal","39":"ast-qv-on-image","41":"first","42":"instock","43":"shipping-taxable","44":"purchasable","45":"product-type-variable"},"yoast_head":"<!-- This site is optimized with the Yoast SEO plugin v25.9 - https:\/\/yoast.com\/wordpress\/plugins\/seo\/ -->\n<title>Sparkle Bath Salt for Sale - Buy Sparkle Bath Salt Online<\/title>\n<meta name=\"description\" content=\"Find premium sparkle bath salt for sale at our online store, providing a secure platform to buy sparkle research chemical online with ease, catering to your research needs.\" \/>\n<meta name=\"robots\" content=\"index, follow, max-snippet:-1, max-image-preview:large, max-video-preview:-1\" \/>\n<link rel=\"canonical\" href=\"https:\/\/legitgrams.com\/nl\/product\/sparkle-badzout\/\" \/>\n<meta property=\"og:locale\" content=\"nl_BE\" \/>\n<meta property=\"og:type\" content=\"article\" \/>\n<meta property=\"og:title\" content=\"Sparkle Bath Salt for Sale - Buy Sparkle Bath Salt Online\" \/>\n<meta property=\"og:description\" content=\"Find premium sparkle bath salt for sale at our online store, providing a secure platform to buy sparkle research chemical online with ease, catering to your research needs.\" \/>\n<meta property=\"og:url\" content=\"https:\/\/legitgrams.com\/nl\/product\/sparkle-badzout\/\" \/>\n<meta property=\"og:site_name\" content=\"Legit Grams\" \/>\n<meta property=\"article:modified_time\" content=\"2025-01-15T05:38:54+00:00\" \/>\n<meta property=\"og:image\" content=\"https:\/\/legitgrams.com\/wp-content\/uploads\/2024\/09\/buy-sparkle-bath-salt-online.jpg\" \/>\n\t<meta property=\"og:image:width\" content=\"600\" \/>\n\t<meta property=\"og:image:height\" content=\"600\" \/>\n\t<meta property=\"og:image:type\" content=\"image\/jpeg\" \/>\n<meta name=\"twitter:card\" content=\"summary_large_image\" \/>\n<meta name=\"twitter:label1\" content=\"Geschatte leestijd\" \/>\n\t<meta name=\"twitter:data1\" content=\"2 minuten\" \/>\n<script type=\"application\/ld+json\" class=\"yoast-schema-graph\">{\"@context\":\"https:\/\/schema.org\",\"@graph\":[{\"@type\":\"WebPage\",\"@id\":\"https:\/\/legitgrams.com\/product\/sparkle-bath-salt\/\",\"url\":\"https:\/\/legitgrams.com\/product\/sparkle-bath-salt\/\",\"name\":\"Sparkle Bath Salt for Sale - Buy Sparkle Bath Salt Online\",\"isPartOf\":{\"@id\":\"https:\/\/legitgrams.com\/#website\"},\"primaryImageOfPage\":{\"@id\":\"https:\/\/legitgrams.com\/product\/sparkle-bath-salt\/#primaryimage\"},\"image\":{\"@id\":\"https:\/\/legitgrams.com\/product\/sparkle-bath-salt\/#primaryimage\"},\"thumbnailUrl\":\"https:\/\/legitgrams.com\/wp-content\/uploads\/2024\/09\/buy-sparkle-bath-salt-online.jpg\",\"datePublished\":\"2024-09-20T11:56:45+00:00\",\"dateModified\":\"2025-01-15T05:38:54+00:00\",\"description\":\"Find premium sparkle bath salt for sale at our online store, providing a secure platform to buy sparkle research chemical online with ease, catering to your research needs.\",\"breadcrumb\":{\"@id\":\"https:\/\/legitgrams.com\/product\/sparkle-bath-salt\/#breadcrumb\"},\"inLanguage\":\"nl-BE\",\"potentialAction\":[{\"@type\":\"ReadAction\",\"target\":[\"https:\/\/legitgrams.com\/product\/sparkle-bath-salt\/\"]}]},{\"@type\":\"ImageObject\",\"inLanguage\":\"nl-BE\",\"@id\":\"https:\/\/legitgrams.com\/product\/sparkle-bath-salt\/#primaryimage\",\"url\":\"https:\/\/legitgrams.com\/wp-content\/uploads\/2024\/09\/buy-sparkle-bath-salt-online.jpg\",\"contentUrl\":\"https:\/\/legitgrams.com\/wp-content\/uploads\/2024\/09\/buy-sparkle-bath-salt-online.jpg\",\"width\":600,\"height\":600,\"caption\":\"Sparkle Bath Salt for Sale\"},{\"@type\":\"BreadcrumbList\",\"@id\":\"https:\/\/legitgrams.com\/product\/sparkle-bath-salt\/#breadcrumb\",\"itemListElement\":[{\"@type\":\"ListItem\",\"position\":1,\"name\":\"Home\",\"item\":\"https:\/\/legitgrams.com\/\"},{\"@type\":\"ListItem\",\"position\":2,\"name\":\"Shop\",\"item\":\"https:\/\/legitgrams.com\/shop\/\"},{\"@type\":\"ListItem\",\"position\":3,\"name\":\"Sparkle Bath Salt\"}]},{\"@type\":\"WebSite\",\"@id\":\"https:\/\/legitgrams.com\/#website\",\"url\":\"https:\/\/legitgrams.com\/\",\"name\":\"Legit Grams\",\"description\":\"My WordPress Blog\",\"publisher\":{\"@id\":\"https:\/\/legitgrams.com\/#organization\"},\"potentialAction\":[{\"@type\":\"SearchAction\",\"target\":{\"@type\":\"EntryPoint\",\"urlTemplate\":\"https:\/\/legitgrams.com\/?s={search_term_string}\"},\"query-input\":{\"@type\":\"PropertyValueSpecification\",\"valueRequired\":true,\"valueName\":\"search_term_string\"}}],\"inLanguage\":\"nl-BE\"},{\"@type\":\"Organization\",\"@id\":\"https:\/\/legitgrams.com\/#organization\",\"name\":\"Legit Grams\",\"url\":\"https:\/\/legitgrams.com\/\",\"logo\":{\"@type\":\"ImageObject\",\"inLanguage\":\"nl-BE\",\"@id\":\"https:\/\/legitgrams.com\/#\/schema\/logo\/image\/\",\"url\":\"https:\/\/legitgrams.com\/wp-content\/uploads\/2024\/09\/main-logo.png\",\"contentUrl\":\"https:\/\/legitgrams.com\/wp-content\/uploads\/2024\/09\/main-logo.png\",\"width\":270,\"height\":75,\"caption\":\"Legit Grams\"},\"image\":{\"@id\":\"https:\/\/legitgrams.com\/#\/schema\/logo\/image\/\"}}]}<\/script>\n<!-- \/ Yoast SEO plugin. -->","yoast_head_json":{"title":"Sparkle Badzout te koop - Sparkle Badzout online kopen","description":"Vind eersteklas sparkle badzout te koop in onze online winkel, die een veilig platform biedt om sparkle onderzoekschemicali\u00ebn online te kopen met gemak, catering aan uw onderzoeksbehoeften.","robots":{"index":"index","follow":"follow","max-snippet":"max-snippet:-1","max-image-preview":"max-image-preview:large","max-video-preview":"max-video-preview:-1"},"canonical":"https:\/\/legitgrams.com\/nl\/product\/sparkle-badzout\/","og_locale":"nl_BE","og_type":"article","og_title":"Sparkle Bath Salt for Sale - Buy Sparkle Bath Salt Online","og_description":"Find premium sparkle bath salt for sale at our online store, providing a secure platform to buy sparkle research chemical online with ease, catering to your research needs.","og_url":"https:\/\/legitgrams.com\/nl\/product\/sparkle-badzout\/","og_site_name":"Legit Grams","article_modified_time":"2025-01-15T05:38:54+00:00","og_image":[{"width":600,"height":600,"url":"https:\/\/legitgrams.com\/wp-content\/uploads\/2024\/09\/buy-sparkle-bath-salt-online.jpg","type":"image\/jpeg"}],"twitter_card":"summary_large_image","twitter_misc":{"Geschatte leestijd":"2 minuten"},"schema":{"@context":"https:\/\/schema.org","@graph":[{"@type":"WebPage","@id":"https:\/\/legitgrams.com\/product\/sparkle-bath-salt\/","url":"https:\/\/legitgrams.com\/product\/sparkle-bath-salt\/","name":"Sparkle Badzout te koop - Sparkle Badzout online kopen","isPartOf":{"@id":"https:\/\/legitgrams.com\/#website"},"primaryImageOfPage":{"@id":"https:\/\/legitgrams.com\/product\/sparkle-bath-salt\/#primaryimage"},"image":{"@id":"https:\/\/legitgrams.com\/product\/sparkle-bath-salt\/#primaryimage"},"thumbnailUrl":"https:\/\/legitgrams.com\/wp-content\/uploads\/2024\/09\/buy-sparkle-bath-salt-online.jpg","datePublished":"2024-09-20T11:56:45+00:00","dateModified":"2025-01-15T05:38:54+00:00","description":"Vind eersteklas sparkle badzout te koop in onze online winkel, die een veilig platform biedt om sparkle onderzoekschemicali\u00ebn online te kopen met gemak, catering aan uw onderzoeksbehoeften.","breadcrumb":{"@id":"https:\/\/legitgrams.com\/product\/sparkle-bath-salt\/#breadcrumb"},"inLanguage":"nl-BE","potentialAction":[{"@type":"ReadAction","target":["https:\/\/legitgrams.com\/product\/sparkle-bath-salt\/"]}]},{"@type":"ImageObject","inLanguage":"nl-BE","@id":"https:\/\/legitgrams.com\/product\/sparkle-bath-salt\/#primaryimage","url":"https:\/\/legitgrams.com\/wp-content\/uploads\/2024\/09\/buy-sparkle-bath-salt-online.jpg","contentUrl":"https:\/\/legitgrams.com\/wp-content\/uploads\/2024\/09\/buy-sparkle-bath-salt-online.jpg","width":600,"height":600,"caption":"Sparkle Bath Salt for Sale"},{"@type":"BreadcrumbList","@id":"https:\/\/legitgrams.com\/product\/sparkle-bath-salt\/#breadcrumb","itemListElement":[{"@type":"ListItem","position":1,"name":"Home","item":"https:\/\/legitgrams.com\/"},{"@type":"ListItem","position":2,"name":"Shop","item":"https:\/\/legitgrams.com\/shop\/"},{"@type":"ListItem","position":3,"name":"Sparkle Bath Salt"}]},{"@type":"WebSite","@id":"https:\/\/legitgrams.com\/#website","url":"https:\/\/legitgrams.com\/","name":"Legitieme grammen","description":"Mijn WordPress Blog","publisher":{"@id":"https:\/\/legitgrams.com\/#organization"},"potentialAction":[{"@type":"SearchAction","target":{"@type":"EntryPoint","urlTemplate":"https:\/\/legitgrams.com\/?s={search_term_string}"},"query-input":{"@type":"PropertyValueSpecification","valueRequired":true,"valueName":"search_term_string"}}],"inLanguage":"nl-BE"},{"@type":"Organization","@id":"https:\/\/legitgrams.com\/#organization","name":"Legitieme grammen","url":"https:\/\/legitgrams.com\/","logo":{"@type":"ImageObject","inLanguage":"nl-BE","@id":"https:\/\/legitgrams.com\/#\/schema\/logo\/image\/","url":"https:\/\/legitgrams.com\/wp-content\/uploads\/2024\/09\/main-logo.png","contentUrl":"https:\/\/legitgrams.com\/wp-content\/uploads\/2024\/09\/main-logo.png","width":270,"height":75,"caption":"Legit Grams"},"image":{"@id":"https:\/\/legitgrams.com\/#\/schema\/logo\/image\/"}}]}},"uagb_featured_image_src":{"full":["https:\/\/legitgrams.com\/wp-content\/uploads\/2024\/09\/buy-sparkle-bath-salt-online.jpg",600,600,false],"thumbnail":["https:\/\/legitgrams.com\/wp-content\/uploads\/2024\/09\/buy-sparkle-bath-salt-online-150x150.jpg",150,150,true],"medium":["https:\/\/legitgrams.com\/wp-content\/uploads\/2024\/09\/buy-sparkle-bath-salt-online-300x300.jpg",300,300,true],"medium_large":["https:\/\/legitgrams.com\/wp-content\/uploads\/2024\/09\/buy-sparkle-bath-salt-online.jpg",600,600,false],"large":["https:\/\/legitgrams.com\/wp-content\/uploads\/2024\/09\/buy-sparkle-bath-salt-online.jpg",600,600,false],"1536x1536":["https:\/\/legitgrams.com\/wp-content\/uploads\/2024\/09\/buy-sparkle-bath-salt-online.jpg",600,600,false],"2048x2048":["https:\/\/legitgrams.com\/wp-content\/uploads\/2024\/09\/buy-sparkle-bath-salt-online.jpg",600,600,false],"trp-custom-language-flag":["https:\/\/legitgrams.com\/wp-content\/uploads\/2024\/09\/buy-sparkle-bath-salt-online-12x12.jpg",12,12,true],"woocommerce_thumbnail":["https:\/\/legitgrams.com\/wp-content\/uploads\/2024\/09\/buy-sparkle-bath-salt-online-300x300.jpg",300,300,true],"woocommerce_single":["https:\/\/legitgrams.com\/wp-content\/uploads\/2024\/09\/buy-sparkle-bath-salt-online.jpg",600,600,false],"woocommerce_gallery_thumbnail":["https:\/\/legitgrams.com\/wp-content\/uploads\/2024\/09\/buy-sparkle-bath-salt-online-100x100.jpg",100,100,true]},"uagb_author_info":{"display_name":"cokeblog18","author_link":"https:\/\/legitgrams.com\/nl\/author\/"},"uagb_comment_info":0,"uagb_excerpt":"Purchase Sparkle Bath Salt Online Our stimulating bath salts turn a pleasant soak into a more intimate experience. The purifying properties of Dead Sea and English salts are combined with the skin-softening and skin-nourishing properties of kaolin clay, coconut milk powder, and oat protein in this luxurious bath essence. Essential oils including eucalyptus, juniper, and&hellip;","_links":{"self":[{"href":"https:\/\/legitgrams.com\/nl\/wp-json\/wp\/v2\/product\/3939","targetHints":{"allow":["GET"]}}],"collection":[{"href":"https:\/\/legitgrams.com\/nl\/wp-json\/wp\/v2\/product"}],"about":[{"href":"https:\/\/legitgrams.com\/nl\/wp-json\/wp\/v2\/types\/product"}],"replies":[{"embeddable":true,"href":"https:\/\/legitgrams.com\/nl\/wp-json\/wp\/v2\/comments?post=3939"}],"wp:featuredmedia":[{"embeddable":true,"href":"https:\/\/legitgrams.com\/nl\/wp-json\/wp\/v2\/media\/5316"}],"wp:attachment":[{"href":"https:\/\/legitgrams.com\/nl\/wp-json\/wp\/v2\/media?parent=3939"}],"wp:term":[{"taxonomy":"product_brand","embeddable":true,"href":"https:\/\/legitgrams.com\/nl\/wp-json\/wp\/v2\/product_brand?post=3939"},{"taxonomy":"product_cat","embeddable":true,"href":"https:\/\/legitgrams.com\/nl\/wp-json\/wp\/v2\/product_cat?post=3939"},{"taxonomy":"product_tag","embeddable":true,"href":"https:\/\/legitgrams.com\/nl\/wp-json\/wp\/v2\/product_tag?post=3939"}],"curies":[{"name":"wp","href":"https:\/\/api.w.org\/{rel}","templated":true}]}}