{"id":3968,"date":"2024-09-21T05:44:29","date_gmt":"2024-09-21T05:44:29","guid":{"rendered":"https:\/\/legitgrams.com\/?post_type=product&#038;p=3968"},"modified":"2025-01-14T10:56:47","modified_gmt":"2025-01-14T10:56:47","slug":"kwaliteit-oxycodon-poeder","status":"publish","type":"product","link":"https:\/\/legitgrams.com\/nl\/product\/kwaliteit-oxycodon-poeder\/","title":{"rendered":"Oxycodon poeder van hoge kwaliteit"},"content":{"rendered":"<h2>Kopen hoogwaardig oxycodonpoeder online<\/h2>\n<p>Net als morfine is oxycodon een semi-synthetische opio\u00efde alkalo\u00efde met pijnstillende effecten. Oxycodon bootst de effecten van endogene opio\u00efden na en cre\u00ebert een pijnstillend effect door binding aan mu-receptoren in het centrale zenuwstelsel (CZS). De productie van cAMP wordt gestopt wanneer de opiaatreceptor wordt geactiveerd, omdat het G-prote\u00efnecomplex GTP omzet in PDB en adenylaatcyclase remt. Bovendien wordt de afgifte van nociceptieve neurotransmitters geremd, waaronder substantie P, gamma-aminoboterzuur (GABA), dopamine, acetylcholine en noradrenaline. <a style=\"font-size: 16px; background-color: #ffffff;\" href=\"https:\/\/legitgrams.com\/nl\/\">LegitGrams<\/a><\/p>\n<p>Bovendien voorkomt oxycodon de secretie van glucagon, insuline, somatostatine en vasopressine. Verder veroorzaakt oxycodon intern kaliumkanaalherstel door het sluiten van spanningsgevoelige N-type calciumkanalen en het openen van G-prote\u00efne-gebonden kaliumkanalen. Dit veroorzaakt hyperpolarisatie en een vermindering van de neuronale prikkelbaarheid.<\/p>\n<p>Oxycodon poeder van hoge kwaliteit online kopen - Oxycodon poeder van hoge kwaliteit kopen, Oxycodon poeder van hoge kwaliteit usa kopen, Oxycodon poeder van hoge kwaliteit kopen <a href=\"https:\/\/en.wikipedia.org\/wiki\/Oxycodone\">Oxycodon poeder<\/a> online USA, Waar Oxycodon poeder van hoge kwaliteit kopen, Oxycodon poeder van hoge kwaliteit te koop, Oxycodon poeder van hoge kwaliteit te koop in de buurt, <a href=\"https:\/\/legitgrams.com\/nl\/product\/kwaliteit-oxycodon-poeder\/\">Oxycodon poeder van hoge kwaliteit online kopen<\/a> bij mij in de buurt, Waar kan ik Oxycodon poeder van hoge kwaliteit online kopen, Oxycodon poeder van hoge kwaliteit te koop in de Verenigde Staten, Canada, Verenigd Koninkrijk, kopen, online, leveranciers, veilige levering, Het is nog steeds mogelijk om Oxycodon poeder van hoge kwaliteit te krijgen. Je kunt ook informeren naar de legaliteit ervan in de Verenigde Staten, het online kopen in de Verenigde Staten, een bestelling plaatsen voor Oxycodon poeder van hoge kwaliteit en of het legaal is in Canada.<\/p>","protected":false},"excerpt":{"rendered":"<p>Purchase High-Grade Oxycodone Powder Online Like morphine, oxycodone is a semi-synthetic opioid alkaloid that has analgesic effects. Oxycodone mimics the effects of endogenous opioids and creates an analgesic effect by binding to mu receptors in the central nervous system (CNS). The generation of cAMP is halted when the opiate receptor is engaged because the G-protein &hellip;<\/p>\n<p class=\"read-more\"> <a class=\"\" href=\"https:\/\/legitgrams.com\/nl\/product\/kwaliteit-oxycodon-poeder\/\"> <span class=\"screen-reader-text\">Oxycodon poeder van hoge kwaliteit<\/span> Read More \u00bb<\/a><\/p>","protected":false},"featured_media":5311,"comment_status":"open","ping_status":"closed","template":"","meta":{"_uag_custom_page_level_css":"","site-sidebar-layout":"default","site-content-layout":"default","ast-global-header-display":"","ast-main-header-display":"","ast-hfb-above-header-display":"","ast-hfb-below-header-display":"","ast-hfb-mobile-header-display":"","site-post-title":"","ast-breadcrumbs-content":"","ast-featured-img":"","footer-sml-layout":"","theme-transparent-header-meta":"default","adv-header-id-meta":"","stick-header-meta":"default","header-above-stick-meta":"","header-main-stick-meta":"","header-below-stick-meta":"","_joinchat":[]},"product_brand":[],"product_cat":[600],"product_tag":[3360,3350,617,3342,3357,3354,3349,3347,3359,3341,3344,3352,3343,3353,3345,3355,3362,3363,3361,3358,3356,625,3348,3351,3346],"class_list":{"0":"post-3968","1":"product","2":"type-product","3":"status-publish","4":"has-post-thumbnail","6":"product_cat-research-chemicals-and-bath-salt","7":"product_tag-best-cheap-price-quality-oxycodone-powder","8":"product_tag-best-place-to-buy-quality-oxycodone-powder","9":"product_tag-bulk-online","10":"product_tag-buy-quality-oxycodone-powder","11":"product_tag-cheap-quality-oxycodone-powder","12":"product_tag-high-quality-quality-oxycodone-powder","13":"product_tag-how-to-buy-quality-oxycodone-powder","14":"product_tag-order-quality-oxycodone-powder","15":"product_tag-purcharse-quality-oxycodone-powder","16":"product_tag-quality-oxycodone-powder","17":"product_tag-quality-oxycodone-powder-for-sale","18":"product_tag-quality-oxycodone-powder-legally","19":"product_tag-quality-oxycodone-powder-online","20":"product_tag-quality-oxycodone-powder-price","21":"product_tag-quality-oxycodone-powder-quality-oxycodone-powder-supplier","22":"product_tag-quality-oxycodone-powder-store","23":"product_tag-quality-oxycodone-powder-use","24":"product_tag-quality-oxycodone-powder-wiki","25":"product_tag-quality-oxycodone-powder-worldwide","26":"product_tag-quality-oxycodone-powders","27":"product_tag-shop-quality-oxycodone-powder","28":"product_tag-top-quality","29":"product_tag-where-to-buy-quality-oxycodone-powder","30":"product_tag-where-to-order-quality-oxycodone-powder","31":"product_tag-wholesale-quality-oxycodone-powder","32":"desktop-align-left","33":"tablet-align-left","34":"mobile-align-left","35":"ast-product-gallery-layout-horizontal","36":"ast-product-gallery-with-no-image","37":"ast-product-single-variable","38":"ast-product-tabs-layout-horizontal","39":"ast-qv-on-image","41":"first","42":"instock","43":"shipping-taxable","44":"purchasable","45":"product-type-variable"},"yoast_head":"<!-- This site is optimized with the Yoast SEO plugin v25.9 - https:\/\/yoast.com\/wordpress\/plugins\/seo\/ -->\n<title>Quality Oxycodone powder for Sale - Buy Oxycodone Online<\/title>\n<meta name=\"description\" content=\"Looking for a reliable source to buy quality oxycodone powder online? Your search ends here. Order oxycodone online from our trusted store. Order Now\" \/>\n<meta name=\"robots\" content=\"index, follow, max-snippet:-1, max-image-preview:large, max-video-preview:-1\" \/>\n<link rel=\"canonical\" href=\"https:\/\/legitgrams.com\/nl\/product\/kwaliteit-oxycodon-poeder\/\" \/>\n<meta property=\"og:locale\" content=\"nl_BE\" \/>\n<meta property=\"og:type\" content=\"article\" \/>\n<meta property=\"og:title\" content=\"Quality Oxycodone powder for Sale - Buy Oxycodone Online\" \/>\n<meta property=\"og:description\" content=\"Looking for a reliable source to buy quality oxycodone powder online? Your search ends here. Order oxycodone online from our trusted store. Order Now\" \/>\n<meta property=\"og:url\" content=\"https:\/\/legitgrams.com\/nl\/product\/kwaliteit-oxycodon-poeder\/\" \/>\n<meta property=\"og:site_name\" content=\"Legit Grams\" \/>\n<meta property=\"article:modified_time\" content=\"2025-01-14T10:56:47+00:00\" \/>\n<meta property=\"og:image\" content=\"https:\/\/legitgrams.com\/wp-content\/uploads\/2024\/09\/buy-quality-oxycodone-powder-online.jpg\" \/>\n\t<meta property=\"og:image:width\" content=\"600\" \/>\n\t<meta property=\"og:image:height\" content=\"600\" \/>\n\t<meta property=\"og:image:type\" content=\"image\/jpeg\" \/>\n<meta name=\"twitter:card\" content=\"summary_large_image\" \/>\n<meta name=\"twitter:label1\" content=\"Geschatte leestijd\" \/>\n\t<meta name=\"twitter:data1\" content=\"2 minuten\" \/>\n<script type=\"application\/ld+json\" class=\"yoast-schema-graph\">{\"@context\":\"https:\/\/schema.org\",\"@graph\":[{\"@type\":\"WebPage\",\"@id\":\"https:\/\/legitgrams.com\/product\/quality-oxycodone-powder\/\",\"url\":\"https:\/\/legitgrams.com\/product\/quality-oxycodone-powder\/\",\"name\":\"Quality Oxycodone powder for Sale - Buy Oxycodone Online\",\"isPartOf\":{\"@id\":\"https:\/\/legitgrams.com\/#website\"},\"primaryImageOfPage\":{\"@id\":\"https:\/\/legitgrams.com\/product\/quality-oxycodone-powder\/#primaryimage\"},\"image\":{\"@id\":\"https:\/\/legitgrams.com\/product\/quality-oxycodone-powder\/#primaryimage\"},\"thumbnailUrl\":\"https:\/\/legitgrams.com\/wp-content\/uploads\/2024\/09\/buy-quality-oxycodone-powder-online.jpg\",\"datePublished\":\"2024-09-21T05:44:29+00:00\",\"dateModified\":\"2025-01-14T10:56:47+00:00\",\"description\":\"Looking for a reliable source to buy quality oxycodone powder online? Your search ends here. Order oxycodone online from our trusted store. Order Now\",\"breadcrumb\":{\"@id\":\"https:\/\/legitgrams.com\/product\/quality-oxycodone-powder\/#breadcrumb\"},\"inLanguage\":\"nl-BE\",\"potentialAction\":[{\"@type\":\"ReadAction\",\"target\":[\"https:\/\/legitgrams.com\/product\/quality-oxycodone-powder\/\"]}]},{\"@type\":\"ImageObject\",\"inLanguage\":\"nl-BE\",\"@id\":\"https:\/\/legitgrams.com\/product\/quality-oxycodone-powder\/#primaryimage\",\"url\":\"https:\/\/legitgrams.com\/wp-content\/uploads\/2024\/09\/buy-quality-oxycodone-powder-online.jpg\",\"contentUrl\":\"https:\/\/legitgrams.com\/wp-content\/uploads\/2024\/09\/buy-quality-oxycodone-powder-online.jpg\",\"width\":600,\"height\":600,\"caption\":\"Quality Oxycodone powder for Sale\"},{\"@type\":\"BreadcrumbList\",\"@id\":\"https:\/\/legitgrams.com\/product\/quality-oxycodone-powder\/#breadcrumb\",\"itemListElement\":[{\"@type\":\"ListItem\",\"position\":1,\"name\":\"Home\",\"item\":\"https:\/\/legitgrams.com\/\"},{\"@type\":\"ListItem\",\"position\":2,\"name\":\"Shop\",\"item\":\"https:\/\/legitgrams.com\/shop\/\"},{\"@type\":\"ListItem\",\"position\":3,\"name\":\"Quality Oxycodone powder\"}]},{\"@type\":\"WebSite\",\"@id\":\"https:\/\/legitgrams.com\/#website\",\"url\":\"https:\/\/legitgrams.com\/\",\"name\":\"Legit Grams\",\"description\":\"My WordPress Blog\",\"publisher\":{\"@id\":\"https:\/\/legitgrams.com\/#organization\"},\"potentialAction\":[{\"@type\":\"SearchAction\",\"target\":{\"@type\":\"EntryPoint\",\"urlTemplate\":\"https:\/\/legitgrams.com\/?s={search_term_string}\"},\"query-input\":{\"@type\":\"PropertyValueSpecification\",\"valueRequired\":true,\"valueName\":\"search_term_string\"}}],\"inLanguage\":\"nl-BE\"},{\"@type\":\"Organization\",\"@id\":\"https:\/\/legitgrams.com\/#organization\",\"name\":\"Legit Grams\",\"url\":\"https:\/\/legitgrams.com\/\",\"logo\":{\"@type\":\"ImageObject\",\"inLanguage\":\"nl-BE\",\"@id\":\"https:\/\/legitgrams.com\/#\/schema\/logo\/image\/\",\"url\":\"https:\/\/legitgrams.com\/wp-content\/uploads\/2024\/09\/main-logo.png\",\"contentUrl\":\"https:\/\/legitgrams.com\/wp-content\/uploads\/2024\/09\/main-logo.png\",\"width\":270,\"height\":75,\"caption\":\"Legit Grams\"},\"image\":{\"@id\":\"https:\/\/legitgrams.com\/#\/schema\/logo\/image\/\"}}]}<\/script>\n<!-- \/ Yoast SEO plugin. -->","yoast_head_json":{"title":"Kwaliteit Oxycodon poeder te koop - Koop Oxycodon online","description":"Op zoek naar een betrouwbare bron om online oxycodonpoeder van hoge kwaliteit te kopen? Je zoektocht eindigt hier. Bestel oxycodon online bij onze vertrouwde winkel. Bestel nu","robots":{"index":"index","follow":"follow","max-snippet":"max-snippet:-1","max-image-preview":"max-image-preview:large","max-video-preview":"max-video-preview:-1"},"canonical":"https:\/\/legitgrams.com\/nl\/product\/kwaliteit-oxycodon-poeder\/","og_locale":"nl_BE","og_type":"article","og_title":"Quality Oxycodone powder for Sale - Buy Oxycodone Online","og_description":"Looking for a reliable source to buy quality oxycodone powder online? Your search ends here. Order oxycodone online from our trusted store. Order Now","og_url":"https:\/\/legitgrams.com\/nl\/product\/kwaliteit-oxycodon-poeder\/","og_site_name":"Legit Grams","article_modified_time":"2025-01-14T10:56:47+00:00","og_image":[{"width":600,"height":600,"url":"https:\/\/legitgrams.com\/wp-content\/uploads\/2024\/09\/buy-quality-oxycodone-powder-online.jpg","type":"image\/jpeg"}],"twitter_card":"summary_large_image","twitter_misc":{"Geschatte leestijd":"2 minuten"},"schema":{"@context":"https:\/\/schema.org","@graph":[{"@type":"WebPage","@id":"https:\/\/legitgrams.com\/product\/quality-oxycodone-powder\/","url":"https:\/\/legitgrams.com\/product\/quality-oxycodone-powder\/","name":"Kwaliteit Oxycodon poeder te koop - Koop Oxycodon online","isPartOf":{"@id":"https:\/\/legitgrams.com\/#website"},"primaryImageOfPage":{"@id":"https:\/\/legitgrams.com\/product\/quality-oxycodone-powder\/#primaryimage"},"image":{"@id":"https:\/\/legitgrams.com\/product\/quality-oxycodone-powder\/#primaryimage"},"thumbnailUrl":"https:\/\/legitgrams.com\/wp-content\/uploads\/2024\/09\/buy-quality-oxycodone-powder-online.jpg","datePublished":"2024-09-21T05:44:29+00:00","dateModified":"2025-01-14T10:56:47+00:00","description":"Op zoek naar een betrouwbare bron om online oxycodonpoeder van hoge kwaliteit te kopen? Je zoektocht eindigt hier. Bestel oxycodon online bij onze vertrouwde winkel. Bestel nu","breadcrumb":{"@id":"https:\/\/legitgrams.com\/product\/quality-oxycodone-powder\/#breadcrumb"},"inLanguage":"nl-BE","potentialAction":[{"@type":"ReadAction","target":["https:\/\/legitgrams.com\/product\/quality-oxycodone-powder\/"]}]},{"@type":"ImageObject","inLanguage":"nl-BE","@id":"https:\/\/legitgrams.com\/product\/quality-oxycodone-powder\/#primaryimage","url":"https:\/\/legitgrams.com\/wp-content\/uploads\/2024\/09\/buy-quality-oxycodone-powder-online.jpg","contentUrl":"https:\/\/legitgrams.com\/wp-content\/uploads\/2024\/09\/buy-quality-oxycodone-powder-online.jpg","width":600,"height":600,"caption":"Quality Oxycodone powder for Sale"},{"@type":"BreadcrumbList","@id":"https:\/\/legitgrams.com\/product\/quality-oxycodone-powder\/#breadcrumb","itemListElement":[{"@type":"ListItem","position":1,"name":"Home","item":"https:\/\/legitgrams.com\/"},{"@type":"ListItem","position":2,"name":"Shop","item":"https:\/\/legitgrams.com\/shop\/"},{"@type":"ListItem","position":3,"name":"Quality Oxycodone powder"}]},{"@type":"WebSite","@id":"https:\/\/legitgrams.com\/#website","url":"https:\/\/legitgrams.com\/","name":"Legitieme grammen","description":"Mijn WordPress Blog","publisher":{"@id":"https:\/\/legitgrams.com\/#organization"},"potentialAction":[{"@type":"SearchAction","target":{"@type":"EntryPoint","urlTemplate":"https:\/\/legitgrams.com\/?s={search_term_string}"},"query-input":{"@type":"PropertyValueSpecification","valueRequired":true,"valueName":"search_term_string"}}],"inLanguage":"nl-BE"},{"@type":"Organization","@id":"https:\/\/legitgrams.com\/#organization","name":"Legitieme grammen","url":"https:\/\/legitgrams.com\/","logo":{"@type":"ImageObject","inLanguage":"nl-BE","@id":"https:\/\/legitgrams.com\/#\/schema\/logo\/image\/","url":"https:\/\/legitgrams.com\/wp-content\/uploads\/2024\/09\/main-logo.png","contentUrl":"https:\/\/legitgrams.com\/wp-content\/uploads\/2024\/09\/main-logo.png","width":270,"height":75,"caption":"Legit Grams"},"image":{"@id":"https:\/\/legitgrams.com\/#\/schema\/logo\/image\/"}}]}},"uagb_featured_image_src":{"full":["https:\/\/legitgrams.com\/wp-content\/uploads\/2024\/09\/buy-quality-oxycodone-powder-online.jpg",600,600,false],"thumbnail":["https:\/\/legitgrams.com\/wp-content\/uploads\/2024\/09\/buy-quality-oxycodone-powder-online-150x150.jpg",150,150,true],"medium":["https:\/\/legitgrams.com\/wp-content\/uploads\/2024\/09\/buy-quality-oxycodone-powder-online-300x300.jpg",300,300,true],"medium_large":["https:\/\/legitgrams.com\/wp-content\/uploads\/2024\/09\/buy-quality-oxycodone-powder-online.jpg",600,600,false],"large":["https:\/\/legitgrams.com\/wp-content\/uploads\/2024\/09\/buy-quality-oxycodone-powder-online.jpg",600,600,false],"1536x1536":["https:\/\/legitgrams.com\/wp-content\/uploads\/2024\/09\/buy-quality-oxycodone-powder-online.jpg",600,600,false],"2048x2048":["https:\/\/legitgrams.com\/wp-content\/uploads\/2024\/09\/buy-quality-oxycodone-powder-online.jpg",600,600,false],"trp-custom-language-flag":["https:\/\/legitgrams.com\/wp-content\/uploads\/2024\/09\/buy-quality-oxycodone-powder-online-12x12.jpg",12,12,true],"woocommerce_thumbnail":["https:\/\/legitgrams.com\/wp-content\/uploads\/2024\/09\/buy-quality-oxycodone-powder-online-300x300.jpg",300,300,true],"woocommerce_single":["https:\/\/legitgrams.com\/wp-content\/uploads\/2024\/09\/buy-quality-oxycodone-powder-online.jpg",600,600,false],"woocommerce_gallery_thumbnail":["https:\/\/legitgrams.com\/wp-content\/uploads\/2024\/09\/buy-quality-oxycodone-powder-online-100x100.jpg",100,100,true]},"uagb_author_info":{"display_name":"cokeblog18","author_link":"https:\/\/legitgrams.com\/nl\/author\/"},"uagb_comment_info":0,"uagb_excerpt":"Purchase High-Grade Oxycodone Powder Online Like morphine, oxycodone is a semi-synthetic opioid alkaloid that has analgesic effects. Oxycodone mimics the effects of endogenous opioids and creates an analgesic effect by binding to mu receptors in the central nervous system (CNS). The generation of cAMP is halted when the opiate receptor is engaged because the G-protein&hellip;","_links":{"self":[{"href":"https:\/\/legitgrams.com\/nl\/wp-json\/wp\/v2\/product\/3968","targetHints":{"allow":["GET"]}}],"collection":[{"href":"https:\/\/legitgrams.com\/nl\/wp-json\/wp\/v2\/product"}],"about":[{"href":"https:\/\/legitgrams.com\/nl\/wp-json\/wp\/v2\/types\/product"}],"replies":[{"embeddable":true,"href":"https:\/\/legitgrams.com\/nl\/wp-json\/wp\/v2\/comments?post=3968"}],"wp:featuredmedia":[{"embeddable":true,"href":"https:\/\/legitgrams.com\/nl\/wp-json\/wp\/v2\/media\/5311"}],"wp:attachment":[{"href":"https:\/\/legitgrams.com\/nl\/wp-json\/wp\/v2\/media?parent=3968"}],"wp:term":[{"taxonomy":"product_brand","embeddable":true,"href":"https:\/\/legitgrams.com\/nl\/wp-json\/wp\/v2\/product_brand?post=3968"},{"taxonomy":"product_cat","embeddable":true,"href":"https:\/\/legitgrams.com\/nl\/wp-json\/wp\/v2\/product_cat?post=3968"},{"taxonomy":"product_tag","embeddable":true,"href":"https:\/\/legitgrams.com\/nl\/wp-json\/wp\/v2\/product_tag?post=3968"}],"curies":[{"name":"wp","href":"https:\/\/api.w.org\/{rel}","templated":true}]}}