{"id":3990,"date":"2024-09-21T07:25:06","date_gmt":"2024-09-21T07:25:06","guid":{"rendered":"https:\/\/legitgrams.com\/?post_type=product&#038;p=3990"},"modified":"2025-04-04T07:57:26","modified_gmt":"2025-04-04T07:57:26","slug":"adb-pinaca-poeder-hoge-zuiverheid","status":"publish","type":"product","link":"https:\/\/legitgrams.com\/nl\/product\/adb-pinaca-poeder-hoge-zuiverheid\/","title":{"rendered":"Koop ADB-Pinaca Poeder Hoge Zuiverheid Online"},"content":{"rendered":"<h2>Hoogzuiver ADB-Pinaca-poeder te koop<\/h2>\n<p>Koop kristal- en poedervormige methiopropamine (MPA) bij ADB-Pinaca Powder Purity 98% chemicali\u00ebnleverancier.<\/p>\n<p><a href=\"https:\/\/legitgrams.com\/nl\/product\/adb-pinaca-poeder-hoge-zuiverheid\/\">ADB-zuiverheid van gepoederde pinaca<\/a><\/p>\n<p>ProName: <a href=\"https:\/\/www.bing.com\/search?q=Buy%20ADB-Pinaca%20Powder%20High%20Purity%20Online&amp;qs=n&amp;form=QBRE&amp;sp=-1&amp;ghc=1&amp;lq=0&amp;pq=buy%20adb-pinaca%20powder%20high%20purity%20online&amp;sc=12-40&amp;sk=&amp;cvid=4C1805D9BC214934AB4BC138E9E72EC8&amp;ghsh=0&amp;ghacc=0&amp;ghpl=\">5F-MDMB-PINACA<\/a>, <a href=\"https:\/\/www.google.de\/search?q=Buy+ADB-Pinaca+Powder+High+Purity+Online&amp;sca_esv=1a2a07081c7891bb&amp;rlz=1C1RXQR_enIN1098IN1098&amp;ei=FMXPZ8L0I9vp1e8PuaTTgQU&amp;ved=0ahUKEwjCztWHoYGMAxXbdPUHHTnSNFAQ4dUDCBA&amp;uact=5&amp;oq=Buy+ADB-Pinaca+Powder+High+Purity+Online&amp;gs_lp=Egxnd3Mtd2l6LXNlcnAiKEJ1eSBBREItUGluYWNhIFBvd2RlciBIaWdoIFB1cml0eSBPbmxpbmUyBRAhGKABMgUQIRigAUjgB1CUBFiUBHADeACQAQCYAfABoAHwAaoBAzItMbgBA8gBAPgBAvgBAZgCAaACjgKYAwCIBgGSBwMyLTGgB9MC&amp;sclient=gws-wiz-serp\">5F-ADB poeder 5FADB ADB<\/a><br \/>\nCasNr: 68585-34-2<br \/>\nDe formule van de molecule is ADB.<br \/>\nKijk eens naar dit witte kristal.<br \/>\nGebruik: tussenproduct in farmaceutische producten<br \/>\nVoltooide goederen worden binnen 4-7 dagen geleverd.<br \/>\nVerpakking: 1 kilogram per foliegevoerde zak<br \/>\nTianjin is de haven<br \/>\nProductiecapaciteit: 10.000 kg per maand<br \/>\n&gt;99,5% zuiverheid<br \/>\nBewaren: Bewaar dingen in een droge, koele en volledig afgesloten ruimte.<br \/>\nTransport: via FEDEX, DHL en EMS<br \/>\nVochtgehalte: 0.01<\/p>\n<p>Koop <a href=\"https:\/\/en.wikipedia.org\/wiki\/ADB-PINACA\">ADB-Pinaca<\/a> Powder Purity 98% te koop, zoek naar leveranciers van chemicali\u00ebn, koop onderzoekschemicali\u00ebn in China, gebruik de beste website om onderzoekschemicali\u00ebn te kopen, koop onderzoekschemicali\u00ebn op Reddit, koop onderzoekschemicali\u00ebn voor carrosseriebouw, koop goedkope onderzoekschemicali\u00ebn in de VS en koop online benodigdheden voor onderzoekschemie in Europa.<\/p>\n<p><a href=\"https:\/\/duckduckgo.com\/?q=Koop+ADB-Pinaca+Poeder+Hoge+Zuiverheid+Online&amp;t=h_\">Koop ADB-Pinaca Poeder Hoge Zuiverheid Online<\/a> \u2013 Koop ADB-Pinaca, Koop ADB-Pinaca Poeder Hoge Zuiverheid, Koop ADB-Pinaca Poeder online, Waar te Koop ADB-Pinaca Poeder Hoge Zuiverheid, ADB-Pinaca Poeder Hoge Zuiverheid te Koop, ADB-Pinaca Poeder te Koop, Koop Poeder Hoge Zuiverheid Online, Waar te Koop ADB-Pinaca Poeder Hoge Zuiverheid Online, Koop ADB-Pinaca Poeder Hoge Zuiverheid te Koop in de VS, Canada, VK, Koop Online, Leveranciers, Veilige Levering, Hoe Kan Ik Hoge Zuiverheid ADB-Pinaca Poeder Kopen? Is het legaal om ADB-Pinaca Poeder te gebruiken in Canada? <a href=\"https:\/\/legitgrams.com\/nl\/\">LegitGrams<\/a><\/p>","protected":false},"excerpt":{"rendered":"<p>High Purity ADB-Pinaca Powder for Sale Purchase crystal and powdered methiopropamine (MPA) from ADB-Pinaca Powder Purity 98% chemical supplier. ADB purity of powdered pinaca ProName: 5F-MDMB-PINACA, 5F-ADB powder 5FADB ADB CasNr: 68585-34-2 The molecule&#8217;s formula is ADB. Take a look at this white crystal. Use: intermediary in pharmaceuticals Completed goods will be delivered in 4\u20137 &hellip;<\/p>\n<p class=\"read-more\"> <a class=\"\" href=\"https:\/\/legitgrams.com\/nl\/product\/adb-pinaca-poeder-hoge-zuiverheid\/\"> <span class=\"screen-reader-text\">Koop ADB-Pinaca Poeder Hoge Zuiverheid Online<\/span> Read More \u00bb<\/a><\/p>","protected":false},"featured_media":5265,"comment_status":"open","ping_status":"closed","template":"","meta":{"_uag_custom_page_level_css":"","site-sidebar-layout":"default","site-content-layout":"default","ast-global-header-display":"","ast-main-header-display":"","ast-hfb-above-header-display":"","ast-hfb-below-header-display":"","ast-hfb-mobile-header-display":"","site-post-title":"","ast-breadcrumbs-content":"","ast-featured-img":"","footer-sml-layout":"","theme-transparent-header-meta":"default","adv-header-id-meta":"","stick-header-meta":"default","header-above-stick-meta":"","header-main-stick-meta":"","header-below-stick-meta":"","_joinchat":[]},"product_brand":[],"product_cat":[600],"product_tag":[3042,3046,3045,3053,3044,3054,3056,3063,3064,3062,3059,3061,3051,617,3043,3058,3055,3050,3048,3060,3057,625,3049,3052,3047],"class_list":{"0":"post-3990","1":"product","2":"type-product","3":"status-publish","4":"has-post-thumbnail","6":"product_cat-research-chemicals-and-bath-salt","7":"product_tag-adb-pinaca-powder-high-purity","8":"product_tag-adb-pinaca-powder-high-purity-adb-pinaca-powder-high-purity-supplier","9":"product_tag-adb-pinaca-powder-high-purity-for-sale","10":"product_tag-adb-pinaca-powder-high-purity-legally","11":"product_tag-adb-pinaca-powder-high-purity-online","12":"product_tag-adb-pinaca-powder-high-purity-price","13":"product_tag-adb-pinaca-powder-high-purity-store","14":"product_tag-adb-pinaca-powder-high-purity-use","15":"product_tag-adb-pinaca-powder-high-purity-wiki","16":"product_tag-adb-pinaca-powder-high-purity-worldwide","17":"product_tag-adb-pinaca-powder-high-puritys","18":"product_tag-best-cheap-price-adb-pinaca-powder-high-purity","19":"product_tag-best-place-to-buy-adb-pinaca-powder-high-purity","20":"product_tag-bulk-online","21":"product_tag-buy-adb-pinaca-powder-high-purity","22":"product_tag-cheap-adb-pinaca-powder-high-purity","23":"product_tag-high-quality-adb-pinaca-powder-high-purity","24":"product_tag-how-to-buy-adb-pinaca-powder-high-purity","25":"product_tag-order-adb-pinaca-powder-high-purity","26":"product_tag-purcharse-adb-pinaca-powder-high-purity","27":"product_tag-shop-adb-pinaca-powder-high-purity","28":"product_tag-top-quality","29":"product_tag-where-to-buy-adb-pinaca-powder-high-purity","30":"product_tag-where-to-order-adb-pinaca-powder-high-purity","31":"product_tag-wholesale-adb-pinaca-powder-high-purity","32":"desktop-align-left","33":"tablet-align-left","34":"mobile-align-left","35":"ast-product-gallery-layout-horizontal","36":"ast-product-gallery-with-no-image","37":"ast-product-single-variable","38":"ast-product-tabs-layout-horizontal","39":"ast-qv-on-image","41":"first","42":"instock","43":"shipping-taxable","44":"purchasable","45":"product-type-variable"},"yoast_head":"<!-- This site is optimized with the Yoast SEO plugin v25.9 - https:\/\/yoast.com\/wordpress\/plugins\/seo\/ -->\n<title>ADB-Pinaca Powder for Sale - Buy ADB-Pinaca Online<\/title>\n<meta name=\"description\" content=\"Do not miss any opportunity to buy adb-pinaca online from our LG store. We are exclusively dealing with adb-pinaca for sale at cheap price. Order now\" \/>\n<meta name=\"robots\" content=\"index, follow, max-snippet:-1, max-image-preview:large, max-video-preview:-1\" \/>\n<link rel=\"canonical\" href=\"https:\/\/legitgrams.com\/nl\/product\/adb-pinaca-poeder-hoge-zuiverheid\/\" \/>\n<meta property=\"og:locale\" content=\"nl_BE\" \/>\n<meta property=\"og:type\" content=\"article\" \/>\n<meta property=\"og:title\" content=\"ADB-Pinaca Powder for Sale - Buy ADB-Pinaca Online\" \/>\n<meta property=\"og:description\" content=\"Do not miss any opportunity to buy adb-pinaca online from our LG store. We are exclusively dealing with adb-pinaca for sale at cheap price. Order now\" \/>\n<meta property=\"og:url\" content=\"https:\/\/legitgrams.com\/nl\/product\/adb-pinaca-poeder-hoge-zuiverheid\/\" \/>\n<meta property=\"og:site_name\" content=\"Legit Grams\" \/>\n<meta property=\"article:modified_time\" content=\"2025-04-04T07:57:26+00:00\" \/>\n<meta property=\"og:image\" content=\"https:\/\/legitgrams.com\/wp-content\/uploads\/2024\/09\/ADB-pinaca-powder-high-purity.jpg\" \/>\n\t<meta property=\"og:image:width\" content=\"600\" \/>\n\t<meta property=\"og:image:height\" content=\"600\" \/>\n\t<meta property=\"og:image:type\" content=\"image\/jpeg\" \/>\n<meta name=\"twitter:card\" content=\"summary_large_image\" \/>\n<meta name=\"twitter:label1\" content=\"Geschatte leestijd\" \/>\n\t<meta name=\"twitter:data1\" content=\"2 minuten\" \/>\n<script type=\"application\/ld+json\" class=\"yoast-schema-graph\">{\"@context\":\"https:\/\/schema.org\",\"@graph\":[{\"@type\":\"WebPage\",\"@id\":\"https:\/\/legitgrams.com\/product\/adb-pinaca-powder-high-purity\/\",\"url\":\"https:\/\/legitgrams.com\/product\/adb-pinaca-powder-high-purity\/\",\"name\":\"ADB-Pinaca Powder for Sale - Buy ADB-Pinaca Online\",\"isPartOf\":{\"@id\":\"https:\/\/legitgrams.com\/#website\"},\"primaryImageOfPage\":{\"@id\":\"https:\/\/legitgrams.com\/product\/adb-pinaca-powder-high-purity\/#primaryimage\"},\"image\":{\"@id\":\"https:\/\/legitgrams.com\/product\/adb-pinaca-powder-high-purity\/#primaryimage\"},\"thumbnailUrl\":\"https:\/\/legitgrams.com\/wp-content\/uploads\/2024\/09\/ADB-pinaca-powder-high-purity.jpg\",\"datePublished\":\"2024-09-21T07:25:06+00:00\",\"dateModified\":\"2025-04-04T07:57:26+00:00\",\"description\":\"Do not miss any opportunity to buy adb-pinaca online from our LG store. We are exclusively dealing with adb-pinaca for sale at cheap price. Order now\",\"breadcrumb\":{\"@id\":\"https:\/\/legitgrams.com\/product\/adb-pinaca-powder-high-purity\/#breadcrumb\"},\"inLanguage\":\"nl-BE\",\"potentialAction\":[{\"@type\":\"ReadAction\",\"target\":[\"https:\/\/legitgrams.com\/product\/adb-pinaca-powder-high-purity\/\"]}]},{\"@type\":\"ImageObject\",\"inLanguage\":\"nl-BE\",\"@id\":\"https:\/\/legitgrams.com\/product\/adb-pinaca-powder-high-purity\/#primaryimage\",\"url\":\"https:\/\/legitgrams.com\/wp-content\/uploads\/2024\/09\/ADB-pinaca-powder-high-purity.jpg\",\"contentUrl\":\"https:\/\/legitgrams.com\/wp-content\/uploads\/2024\/09\/ADB-pinaca-powder-high-purity.jpg\",\"width\":600,\"height\":600,\"caption\":\"ADB-Pinaca Powder High Purity for Sale\"},{\"@type\":\"BreadcrumbList\",\"@id\":\"https:\/\/legitgrams.com\/product\/adb-pinaca-powder-high-purity\/#breadcrumb\",\"itemListElement\":[{\"@type\":\"ListItem\",\"position\":1,\"name\":\"Home\",\"item\":\"https:\/\/legitgrams.com\/\"},{\"@type\":\"ListItem\",\"position\":2,\"name\":\"Shop\",\"item\":\"https:\/\/legitgrams.com\/shop\/\"},{\"@type\":\"ListItem\",\"position\":3,\"name\":\"Buy ADB-Pinaca Powder High Purity Online\"}]},{\"@type\":\"WebSite\",\"@id\":\"https:\/\/legitgrams.com\/#website\",\"url\":\"https:\/\/legitgrams.com\/\",\"name\":\"Legit Grams\",\"description\":\"My WordPress Blog\",\"publisher\":{\"@id\":\"https:\/\/legitgrams.com\/#organization\"},\"potentialAction\":[{\"@type\":\"SearchAction\",\"target\":{\"@type\":\"EntryPoint\",\"urlTemplate\":\"https:\/\/legitgrams.com\/?s={search_term_string}\"},\"query-input\":{\"@type\":\"PropertyValueSpecification\",\"valueRequired\":true,\"valueName\":\"search_term_string\"}}],\"inLanguage\":\"nl-BE\"},{\"@type\":\"Organization\",\"@id\":\"https:\/\/legitgrams.com\/#organization\",\"name\":\"Legit Grams\",\"url\":\"https:\/\/legitgrams.com\/\",\"logo\":{\"@type\":\"ImageObject\",\"inLanguage\":\"nl-BE\",\"@id\":\"https:\/\/legitgrams.com\/#\/schema\/logo\/image\/\",\"url\":\"https:\/\/legitgrams.com\/wp-content\/uploads\/2024\/09\/main-logo.png\",\"contentUrl\":\"https:\/\/legitgrams.com\/wp-content\/uploads\/2024\/09\/main-logo.png\",\"width\":270,\"height\":75,\"caption\":\"Legit Grams\"},\"image\":{\"@id\":\"https:\/\/legitgrams.com\/#\/schema\/logo\/image\/\"}}]}<\/script>\n<!-- \/ Yoast SEO plugin. -->","yoast_head_json":{"title":"ADB-Pinaca poeder te koop - ADB-Pinaca online kopen","description":"Mis geen enkele kans om adb-pinaca online te kopen bij onze LG winkel. Wij zijn uitsluitend bezig met adb-pinaca te koop tegen een goedkope prijs. Bestel nu","robots":{"index":"index","follow":"follow","max-snippet":"max-snippet:-1","max-image-preview":"max-image-preview:large","max-video-preview":"max-video-preview:-1"},"canonical":"https:\/\/legitgrams.com\/nl\/product\/adb-pinaca-poeder-hoge-zuiverheid\/","og_locale":"nl_BE","og_type":"article","og_title":"ADB-Pinaca Powder for Sale - Buy ADB-Pinaca Online","og_description":"Do not miss any opportunity to buy adb-pinaca online from our LG store. We are exclusively dealing with adb-pinaca for sale at cheap price. Order now","og_url":"https:\/\/legitgrams.com\/nl\/product\/adb-pinaca-poeder-hoge-zuiverheid\/","og_site_name":"Legit Grams","article_modified_time":"2025-04-04T07:57:26+00:00","og_image":[{"width":600,"height":600,"url":"https:\/\/legitgrams.com\/wp-content\/uploads\/2024\/09\/ADB-pinaca-powder-high-purity.jpg","type":"image\/jpeg"}],"twitter_card":"summary_large_image","twitter_misc":{"Geschatte leestijd":"2 minuten"},"schema":{"@context":"https:\/\/schema.org","@graph":[{"@type":"WebPage","@id":"https:\/\/legitgrams.com\/product\/adb-pinaca-powder-high-purity\/","url":"https:\/\/legitgrams.com\/product\/adb-pinaca-powder-high-purity\/","name":"ADB-Pinaca poeder te koop - ADB-Pinaca online kopen","isPartOf":{"@id":"https:\/\/legitgrams.com\/#website"},"primaryImageOfPage":{"@id":"https:\/\/legitgrams.com\/product\/adb-pinaca-powder-high-purity\/#primaryimage"},"image":{"@id":"https:\/\/legitgrams.com\/product\/adb-pinaca-powder-high-purity\/#primaryimage"},"thumbnailUrl":"https:\/\/legitgrams.com\/wp-content\/uploads\/2024\/09\/ADB-pinaca-powder-high-purity.jpg","datePublished":"2024-09-21T07:25:06+00:00","dateModified":"2025-04-04T07:57:26+00:00","description":"Mis geen enkele kans om adb-pinaca online te kopen bij onze LG winkel. Wij zijn uitsluitend bezig met adb-pinaca te koop tegen een goedkope prijs. Bestel nu","breadcrumb":{"@id":"https:\/\/legitgrams.com\/product\/adb-pinaca-powder-high-purity\/#breadcrumb"},"inLanguage":"nl-BE","potentialAction":[{"@type":"ReadAction","target":["https:\/\/legitgrams.com\/product\/adb-pinaca-powder-high-purity\/"]}]},{"@type":"ImageObject","inLanguage":"nl-BE","@id":"https:\/\/legitgrams.com\/product\/adb-pinaca-powder-high-purity\/#primaryimage","url":"https:\/\/legitgrams.com\/wp-content\/uploads\/2024\/09\/ADB-pinaca-powder-high-purity.jpg","contentUrl":"https:\/\/legitgrams.com\/wp-content\/uploads\/2024\/09\/ADB-pinaca-powder-high-purity.jpg","width":600,"height":600,"caption":"ADB-Pinaca Powder High Purity for Sale"},{"@type":"BreadcrumbList","@id":"https:\/\/legitgrams.com\/product\/adb-pinaca-powder-high-purity\/#breadcrumb","itemListElement":[{"@type":"ListItem","position":1,"name":"Home","item":"https:\/\/legitgrams.com\/"},{"@type":"ListItem","position":2,"name":"Shop","item":"https:\/\/legitgrams.com\/shop\/"},{"@type":"ListItem","position":3,"name":"Buy ADB-Pinaca Powder High Purity Online"}]},{"@type":"WebSite","@id":"https:\/\/legitgrams.com\/#website","url":"https:\/\/legitgrams.com\/","name":"Legitieme grammen","description":"Mijn WordPress Blog","publisher":{"@id":"https:\/\/legitgrams.com\/#organization"},"potentialAction":[{"@type":"SearchAction","target":{"@type":"EntryPoint","urlTemplate":"https:\/\/legitgrams.com\/?s={search_term_string}"},"query-input":{"@type":"PropertyValueSpecification","valueRequired":true,"valueName":"search_term_string"}}],"inLanguage":"nl-BE"},{"@type":"Organization","@id":"https:\/\/legitgrams.com\/#organization","name":"Legitieme grammen","url":"https:\/\/legitgrams.com\/","logo":{"@type":"ImageObject","inLanguage":"nl-BE","@id":"https:\/\/legitgrams.com\/#\/schema\/logo\/image\/","url":"https:\/\/legitgrams.com\/wp-content\/uploads\/2024\/09\/main-logo.png","contentUrl":"https:\/\/legitgrams.com\/wp-content\/uploads\/2024\/09\/main-logo.png","width":270,"height":75,"caption":"Legit Grams"},"image":{"@id":"https:\/\/legitgrams.com\/#\/schema\/logo\/image\/"}}]}},"uagb_featured_image_src":{"full":["https:\/\/legitgrams.com\/wp-content\/uploads\/2024\/09\/ADB-pinaca-powder-high-purity.jpg",600,600,false],"thumbnail":["https:\/\/legitgrams.com\/wp-content\/uploads\/2024\/09\/ADB-pinaca-powder-high-purity-150x150.jpg",150,150,true],"medium":["https:\/\/legitgrams.com\/wp-content\/uploads\/2024\/09\/ADB-pinaca-powder-high-purity-300x300.jpg",300,300,true],"medium_large":["https:\/\/legitgrams.com\/wp-content\/uploads\/2024\/09\/ADB-pinaca-powder-high-purity.jpg",600,600,false],"large":["https:\/\/legitgrams.com\/wp-content\/uploads\/2024\/09\/ADB-pinaca-powder-high-purity.jpg",600,600,false],"1536x1536":["https:\/\/legitgrams.com\/wp-content\/uploads\/2024\/09\/ADB-pinaca-powder-high-purity.jpg",600,600,false],"2048x2048":["https:\/\/legitgrams.com\/wp-content\/uploads\/2024\/09\/ADB-pinaca-powder-high-purity.jpg",600,600,false],"trp-custom-language-flag":["https:\/\/legitgrams.com\/wp-content\/uploads\/2024\/09\/ADB-pinaca-powder-high-purity-12x12.jpg",12,12,true],"woocommerce_thumbnail":["https:\/\/legitgrams.com\/wp-content\/uploads\/2024\/09\/ADB-pinaca-powder-high-purity-300x300.jpg",300,300,true],"woocommerce_single":["https:\/\/legitgrams.com\/wp-content\/uploads\/2024\/09\/ADB-pinaca-powder-high-purity.jpg",600,600,false],"woocommerce_gallery_thumbnail":["https:\/\/legitgrams.com\/wp-content\/uploads\/2024\/09\/ADB-pinaca-powder-high-purity-100x100.jpg",100,100,true]},"uagb_author_info":{"display_name":"cokeblog18","author_link":"https:\/\/legitgrams.com\/nl\/author\/"},"uagb_comment_info":0,"uagb_excerpt":"High Purity ADB-Pinaca Powder for Sale Purchase crystal and powdered methiopropamine (MPA) from ADB-Pinaca Powder Purity 98% chemical supplier. ADB purity of powdered pinaca ProName: 5F-MDMB-PINACA, 5F-ADB powder 5FADB ADB CasNr: 68585-34-2 The molecule&#8217;s formula is ADB. Take a look at this white crystal. Use: intermediary in pharmaceuticals Completed goods will be delivered in 4\u20137&hellip;","_links":{"self":[{"href":"https:\/\/legitgrams.com\/nl\/wp-json\/wp\/v2\/product\/3990","targetHints":{"allow":["GET"]}}],"collection":[{"href":"https:\/\/legitgrams.com\/nl\/wp-json\/wp\/v2\/product"}],"about":[{"href":"https:\/\/legitgrams.com\/nl\/wp-json\/wp\/v2\/types\/product"}],"replies":[{"embeddable":true,"href":"https:\/\/legitgrams.com\/nl\/wp-json\/wp\/v2\/comments?post=3990"}],"wp:featuredmedia":[{"embeddable":true,"href":"https:\/\/legitgrams.com\/nl\/wp-json\/wp\/v2\/media\/5265"}],"wp:attachment":[{"href":"https:\/\/legitgrams.com\/nl\/wp-json\/wp\/v2\/media?parent=3990"}],"wp:term":[{"taxonomy":"product_brand","embeddable":true,"href":"https:\/\/legitgrams.com\/nl\/wp-json\/wp\/v2\/product_brand?post=3990"},{"taxonomy":"product_cat","embeddable":true,"href":"https:\/\/legitgrams.com\/nl\/wp-json\/wp\/v2\/product_cat?post=3990"},{"taxonomy":"product_tag","embeddable":true,"href":"https:\/\/legitgrams.com\/nl\/wp-json\/wp\/v2\/product_tag?post=3990"}],"curies":[{"name":"wp","href":"https:\/\/api.w.org\/{rel}","templated":true}]}}