{"id":4191,"date":"2024-09-21T12:38:32","date_gmt":"2024-09-21T12:38:32","guid":{"rendered":"https:\/\/legitgrams.com\/?post_type=product&#038;p=4191"},"modified":"2025-01-14T06:46:39","modified_gmt":"2025-01-14T06:46:39","slug":"jesus-og-wiet-marihuana-soort","status":"publish","type":"product","link":"https:\/\/legitgrams.com\/nl\/product\/jesus-og-wiet-marihuana-soort\/","title":{"rendered":"Jesus OG Weed Marihuana Strain"},"content":{"rendered":"<h2>Koop de Jesus OG Weed Cannabissoort Online<\/h2>\n<p><a href=\"https:\/\/legitgrams.com\/nl\/product\/jesus-og-wiet-marihuana-soort\/\">Jezus OG<\/a> is een combinatie die de speciale capaciteit heeft om zowel het lichaam als de geest te verheffen, of je het nu esoterisch vindt. Subcools voor aggregaten die worden gebruikt bij productieve opvoeding The Dank heeft ons vereerd met deze geweldige half-en-half mashup van Hell's Angel OG en TGA's Jack the Ripper. Ondanks het feit dat bepaalde aggregaten meer neigen naar het cerebrale sativa-uiteinde van het spectrum, biedt Jesus OG een high die de voordelen in evenwicht brengt die zowel intellectueel als fysiek zijn. Jesus OG heeft een consistente THC-concentratie van 20% en smaakt onmiskenbaar naar citroen.<\/p>\n<p>Jesus OG wordt gekenmerkt door kleine tot middelgrote bloemen die samenkomen in compacte, spade-achtige formaties. Meestal indica, de toppen hebben een dicht opeengepakte vorm met lusvormige bladeren, waardoor het moeilijker is om de bloemen te scheiden zonder een processor en ze dikker worden. De bladeren zelf zijn levendig heldergroen met een paar koperen stampers die erdoorheen schijnen. Een verspreiding van trichomen geeft deze soort een glanzende glans en een uitzonderlijk plakkerig oppervlak. De belangrijkste geur die van deze bloesems afkomt, is citroen met een vleugje alkali; dit is niet het gebruikelijke aroma van bepaalde verdampte reinigingsmiddelen. Er is ook een licht schurende, vochtige geur die eronder blijft hangen en sterker wordt wanneer de bloesems worden geconsumeerd of opengescheurd. Jesus OG slaat soepel in bij het roken. Het laat een sterke citrus- en kruidensmaak achter bij het uitademen, wat misschien bekend is bij fans van Jack Herer, de grootvadersoort van Jesus OG. <a href=\"https:\/\/legitgrams.com\/nl\/\">LegitGrams<\/a><\/p>\n<p>Klanten van Jesus OG kunnen een zoem in hun hoofd of per ongeluk vernauwde ogen ervaren als gevolg van de snelle euforische effecten van Jesus OG. Deze effecten worden snel gevolgd door een nieuw ontdekt gevoel van kerninteresse in de hersenen. Het is mogelijk dat artikelen of willekeurige elementen een geheel andere betekenis krijgen. Omdat het zo intrigerend is, is deze soort geweldig als gids voor taken die creativiteit of studie vereisen. Bovendien kunnen er matig psychedelische effecten zijn; rokers kunnen geluiden, kleuren of zelfs smaken sterker waarnemen naarmate hun zintuigen zich scherper bewust worden van hun omgeving. Jesus OG heeft ook echte ervaringen. Hoe dan ook, spierpijn en pijn op de borst kunnen typisch zijn. Bij inname in grotere hoeveelheden kan deze soort ertoe leiden dat klanten van nagelsalons op de dichtstbijzijnde stoel gaan zitten voor de liefde.<\/p>\n<p>Deze veelzijdige voordelen zijn ook voordelig voor degenen die <a href=\"https:\/\/en.wikipedia.org\/wiki\/Cannabis\">cannabis<\/a> gy\u00f3gy\u00e1szati \u200b\u200bc\u00e9lokra. A Jesus OG narkotikus tulajdons\u00e1gai seg\u00edthetnek l\u00fcktet\u0151, zavar\u00f3 \u00e9s kr\u00f3nikus f\u00e1jdalmak eset\u00e9n. Kisebb agyf\u00e1jdalmak \u00e9s er\u0151sebb fejf\u00e1j\u00e1sok is enyh\u00edthet\u0151k vele. M\u00e9g a glauk\u00f3m\u00e1val j\u00e1r\u00f3 f\u00e1jdalmas intraokul\u00e1ris nyom\u00e1s is hat\u00e9konyan cs\u00f6kkenthet\u0151 az\u00e1ltal, hogy ez a t\u00f6rzs k\u00e9pes ellaz\u00edtani a betegek szem\u00e9t. Id\u0151k\u00f6zben b\u00e1rki, aki stresszel, szorong\u00e1ssal, cs\u00fcgged\u00e9ssel \u00e9s PTSD-vel k\u00fcszk\u00f6dik, azt tapasztalhatja, hogy Jesus OG euf\u00f3rikus inspir\u00e1ci\u00f3ja csod\u00e1latos \u00e1tmeneti gy\u00f3gym\u00f3d. \u00c9rz\u00e9kel\u0151 k\u00f6zpontja seg\u00edthet a m\u00e9rlegel\u00e9shi\u00e1nyos betegeknek. Mindazon\u00e1ltal, mivel ez a jelenlegi t\u00f6rzs hajlamos arra, hogy g\u00e1tl\u00e1stalanul \u00f6sszetartoz\u00f3 \u00e9rvel\u00e9st \u00e9rjen el, \u0151rj\u00f6ng\u00e9st vagy neur\u00f3zist v\u00e1lthat ki azokban az egy\u00e9nekben, akik nem ismerik a val\u00f3ban sativa k\u00eds\u00e9r\u0151 \u201eelmefajt\u00e1t\u201d.<\/p>\n<h3>Effecten<\/h3>\n<p>revitaliserend, gelukzalig, opgewekt, geconcentreerd en vrolijk; kan vermoeidheid, hoofdpijn, migraine, misselijkheid, PTSS, stress, bipolaire stoornis, depressie, ADD\/ADHD en chronische pijn verminderen.<br \/>\nSmaken<br \/>\nZoete, pittige, citroenachtige en dennenachtige geuren<br \/>\nZoet, aards, citroenachtig en gevoelig<br \/>\nKoop Jesus OG Weed Marijuana Strain Online: koop Weed Marijuana Strain, koop Jesus OG Weed Marijuana Strain, koop OG Weed Marijuana Strain online, waar koop je Jesus OG Weed Marijuana Strain, Jesus OG Weed Marijuana Strain te koop, Weed Marijuana Strain te koop, koop Marijuana Strain online, waar koop je Jesus OG Weed Marijuana Strain te koop in de VS, Canada en het VK, koop online, leveranciers, veilige levering, Bestaat Jesus OG Weed Marijuana Strain nog steeds? Is het verkrijgbaar in de VS? Investeer in Jesus<\/p>\n<p>Hoe kan ik Jesus bestellen? OG Weed Marihuana Soort online in de VS Cannabissoort bekend als Jesus OG Weed: Is het legaal in Canada?<\/p>\n<h2><\/h2>\n<h2><\/h2>\n<p>&nbsp;<\/p>","protected":false},"excerpt":{"rendered":"<p>Purchase the Jesus OG Weed Cannabis Strain Online Jesus OG is a combination that has the special capacity to elevate both the body and the mind, whether you consider it esoteric. Subcools for aggregates used in productive rearing The Dank has honored us with this amazing half-and-half mashup of Hell&#8217;s Angel OG and TGA&#8217;s Jack &hellip;<\/p>\n<p class=\"read-more\"> <a class=\"\" href=\"https:\/\/legitgrams.com\/nl\/product\/jesus-og-wiet-marihuana-soort\/\"> <span class=\"screen-reader-text\">Jesus OG Weed Marihuana Strain<\/span> Read More \u00bb<\/a><\/p>","protected":false},"featured_media":5408,"comment_status":"open","ping_status":"closed","template":"","meta":{"_uag_custom_page_level_css":"","site-sidebar-layout":"default","site-content-layout":"default","ast-global-header-display":"","ast-main-header-display":"","ast-hfb-above-header-display":"","ast-hfb-below-header-display":"","ast-hfb-mobile-header-display":"","site-post-title":"","ast-breadcrumbs-content":"","ast-featured-img":"","footer-sml-layout":"","theme-transparent-header-meta":"default","adv-header-id-meta":"","stick-header-meta":"default","header-above-stick-meta":"","header-main-stick-meta":"","header-below-stick-meta":"","_joinchat":[]},"product_brand":[],"product_cat":[607],"product_tag":[2394,2384,617,2376,2391,2388,2383,2375,2378,2379,2386,2377,2389,2396,2397,2395,2387,2392,2381,2393,2390,625,2382,2385,2380],"class_list":{"0":"post-4191","1":"product","2":"type-product","3":"status-publish","4":"has-post-thumbnail","6":"product_cat-marijuana-cannabis","7":"product_tag-best-cheap-price-jesus-og-weed-marijuana-strain","8":"product_tag-best-place-to-buy-jesus-og-weed-marijuana-strain","9":"product_tag-bulk-online","10":"product_tag-buy-jesus-og-weed-marijuana-strain","11":"product_tag-cheap-jesus-og-weed-marijuana-strain","12":"product_tag-high-quality-jesus-og-weed-marijuana-strain","13":"product_tag-how-to-buy-jesus-og-weed-marijuana-strain","14":"product_tag-jesus-og-weed-marijuana-strain","15":"product_tag-jesus-og-weed-marijuana-strain-for-sale","16":"product_tag-jesus-og-weed-marijuana-strain-jesus-og-weed-marijuana-strain-supplier","17":"product_tag-jesus-og-weed-marijuana-strain-legally","18":"product_tag-jesus-og-weed-marijuana-strain-online","19":"product_tag-jesus-og-weed-marijuana-strain-store","20":"product_tag-jesus-og-weed-marijuana-strain-use","21":"product_tag-jesus-og-weed-marijuana-strain-wiki","22":"product_tag-jesus-og-weed-marijuana-strain-worldwide","23":"product_tag-jesus-og-weed-marijuana-strainprice","24":"product_tag-jesus-og-weed-marijuana-strains","25":"product_tag-order-jesus-og-weed-marijuana-strain","26":"product_tag-purcharse-jesus-og-weed-marijuana-strain","27":"product_tag-shop-jesus-og-weed-marijuana-strain","28":"product_tag-top-quality","29":"product_tag-where-to-buy-jesus-og-weed-marijuana-strain","30":"product_tag-where-to-order-jesus-og-weed-marijuana-strain","31":"product_tag-wholesale-jesus-og-weed-marijuana-strain","32":"desktop-align-left","33":"tablet-align-left","34":"mobile-align-left","35":"ast-product-gallery-layout-horizontal","36":"ast-product-gallery-with-no-image","37":"ast-product-single-variable","38":"ast-product-tabs-layout-horizontal","39":"ast-qv-on-image","41":"first","42":"instock","43":"shipping-taxable","44":"purchasable","45":"product-type-variable"},"yoast_head":"<!-- This site is optimized with the Yoast SEO plugin v25.9 - https:\/\/yoast.com\/wordpress\/plugins\/seo\/ -->\n<title>Jesus OG Weed Marijuana Strain for Sale - Buy Jesus OG Weed<\/title>\n<meta name=\"description\" content=\"Your requirement to buy Jesus OG Weed Marijuana Strain online can be fulfilled at our online Legitgrams store as we are having Jesus OG Weed Marijuana Strain for sale here. Place your order and get affordable deals every day.\" \/>\n<meta name=\"robots\" content=\"index, follow, max-snippet:-1, max-image-preview:large, max-video-preview:-1\" \/>\n<link rel=\"canonical\" href=\"https:\/\/legitgrams.com\/nl\/product\/jesus-og-wiet-marihuana-soort\/\" \/>\n<meta property=\"og:locale\" content=\"nl_BE\" \/>\n<meta property=\"og:type\" content=\"article\" \/>\n<meta property=\"og:title\" content=\"Jesus OG Weed Marijuana Strain for Sale - Buy Jesus OG Weed\" \/>\n<meta property=\"og:description\" content=\"Your requirement to buy Jesus OG Weed Marijuana Strain online can be fulfilled at our online Legitgrams store as we are having Jesus OG Weed Marijuana Strain for sale here. Place your order and get affordable deals every day.\" \/>\n<meta property=\"og:url\" content=\"https:\/\/legitgrams.com\/nl\/product\/jesus-og-wiet-marihuana-soort\/\" \/>\n<meta property=\"og:site_name\" content=\"Legit Grams\" \/>\n<meta property=\"article:modified_time\" content=\"2025-01-14T06:46:39+00:00\" \/>\n<meta property=\"og:image\" content=\"https:\/\/legitgrams.com\/wp-content\/uploads\/2024\/09\/Buy-Jesus-OG-Weed-Marijuana-Strain-Online.jpg\" \/>\n\t<meta property=\"og:image:width\" content=\"600\" \/>\n\t<meta property=\"og:image:height\" content=\"600\" \/>\n\t<meta property=\"og:image:type\" content=\"image\/jpeg\" \/>\n<meta name=\"twitter:card\" content=\"summary_large_image\" \/>\n<meta name=\"twitter:label1\" content=\"Geschatte leestijd\" \/>\n\t<meta name=\"twitter:data1\" content=\"6 minuten\" \/>\n<script type=\"application\/ld+json\" class=\"yoast-schema-graph\">{\"@context\":\"https:\/\/schema.org\",\"@graph\":[{\"@type\":\"WebPage\",\"@id\":\"https:\/\/legitgrams.com\/product\/jesus-og-weed-marijuana-strain\/\",\"url\":\"https:\/\/legitgrams.com\/product\/jesus-og-weed-marijuana-strain\/\",\"name\":\"Jesus OG Weed Marijuana Strain for Sale - Buy Jesus OG Weed\",\"isPartOf\":{\"@id\":\"https:\/\/legitgrams.com\/#website\"},\"primaryImageOfPage\":{\"@id\":\"https:\/\/legitgrams.com\/product\/jesus-og-weed-marijuana-strain\/#primaryimage\"},\"image\":{\"@id\":\"https:\/\/legitgrams.com\/product\/jesus-og-weed-marijuana-strain\/#primaryimage\"},\"thumbnailUrl\":\"https:\/\/legitgrams.com\/wp-content\/uploads\/2024\/09\/Buy-Jesus-OG-Weed-Marijuana-Strain-Online.jpg\",\"datePublished\":\"2024-09-21T12:38:32+00:00\",\"dateModified\":\"2025-01-14T06:46:39+00:00\",\"description\":\"Your requirement to buy Jesus OG Weed Marijuana Strain online can be fulfilled at our online Legitgrams store as we are having Jesus OG Weed Marijuana Strain for sale here. Place your order and get affordable deals every day.\",\"breadcrumb\":{\"@id\":\"https:\/\/legitgrams.com\/product\/jesus-og-weed-marijuana-strain\/#breadcrumb\"},\"inLanguage\":\"nl-BE\",\"potentialAction\":[{\"@type\":\"ReadAction\",\"target\":[\"https:\/\/legitgrams.com\/product\/jesus-og-weed-marijuana-strain\/\"]}]},{\"@type\":\"ImageObject\",\"inLanguage\":\"nl-BE\",\"@id\":\"https:\/\/legitgrams.com\/product\/jesus-og-weed-marijuana-strain\/#primaryimage\",\"url\":\"https:\/\/legitgrams.com\/wp-content\/uploads\/2024\/09\/Buy-Jesus-OG-Weed-Marijuana-Strain-Online.jpg\",\"contentUrl\":\"https:\/\/legitgrams.com\/wp-content\/uploads\/2024\/09\/Buy-Jesus-OG-Weed-Marijuana-Strain-Online.jpg\",\"width\":600,\"height\":600,\"caption\":\"Jesus OG Weed Marijuana Strain for Sale\"},{\"@type\":\"BreadcrumbList\",\"@id\":\"https:\/\/legitgrams.com\/product\/jesus-og-weed-marijuana-strain\/#breadcrumb\",\"itemListElement\":[{\"@type\":\"ListItem\",\"position\":1,\"name\":\"Home\",\"item\":\"https:\/\/legitgrams.com\/\"},{\"@type\":\"ListItem\",\"position\":2,\"name\":\"Shop\",\"item\":\"https:\/\/legitgrams.com\/shop\/\"},{\"@type\":\"ListItem\",\"position\":3,\"name\":\"Jesus OG Weed Marijuana Strain\"}]},{\"@type\":\"WebSite\",\"@id\":\"https:\/\/legitgrams.com\/#website\",\"url\":\"https:\/\/legitgrams.com\/\",\"name\":\"Legit Grams\",\"description\":\"My WordPress Blog\",\"publisher\":{\"@id\":\"https:\/\/legitgrams.com\/#organization\"},\"potentialAction\":[{\"@type\":\"SearchAction\",\"target\":{\"@type\":\"EntryPoint\",\"urlTemplate\":\"https:\/\/legitgrams.com\/?s={search_term_string}\"},\"query-input\":{\"@type\":\"PropertyValueSpecification\",\"valueRequired\":true,\"valueName\":\"search_term_string\"}}],\"inLanguage\":\"nl-BE\"},{\"@type\":\"Organization\",\"@id\":\"https:\/\/legitgrams.com\/#organization\",\"name\":\"Legit Grams\",\"url\":\"https:\/\/legitgrams.com\/\",\"logo\":{\"@type\":\"ImageObject\",\"inLanguage\":\"nl-BE\",\"@id\":\"https:\/\/legitgrams.com\/#\/schema\/logo\/image\/\",\"url\":\"https:\/\/legitgrams.com\/wp-content\/uploads\/2024\/09\/main-logo.png\",\"contentUrl\":\"https:\/\/legitgrams.com\/wp-content\/uploads\/2024\/09\/main-logo.png\",\"width\":270,\"height\":75,\"caption\":\"Legit Grams\"},\"image\":{\"@id\":\"https:\/\/legitgrams.com\/#\/schema\/logo\/image\/\"}}]}<\/script>\n<!-- \/ Yoast SEO plugin. -->","yoast_head_json":{"title":"Jesus OG Weed marihuanasoort te kopen - Jesus OG Weed Kopen","description":"Je eis om Jesus OG Weed Marijuana Strain online te kopen kan worden vervuld in onze online Legitgrams winkel als we hebben Jesus OG Weed Marijuana Strain hier te koop. Plaats je bestelling en krijg elke dag betaalbare aanbiedingen.","robots":{"index":"index","follow":"follow","max-snippet":"max-snippet:-1","max-image-preview":"max-image-preview:large","max-video-preview":"max-video-preview:-1"},"canonical":"https:\/\/legitgrams.com\/nl\/product\/jesus-og-wiet-marihuana-soort\/","og_locale":"nl_BE","og_type":"article","og_title":"Jesus OG Weed Marijuana Strain for Sale - Buy Jesus OG Weed","og_description":"Your requirement to buy Jesus OG Weed Marijuana Strain online can be fulfilled at our online Legitgrams store as we are having Jesus OG Weed Marijuana Strain for sale here. Place your order and get affordable deals every day.","og_url":"https:\/\/legitgrams.com\/nl\/product\/jesus-og-wiet-marihuana-soort\/","og_site_name":"Legit Grams","article_modified_time":"2025-01-14T06:46:39+00:00","og_image":[{"width":600,"height":600,"url":"https:\/\/legitgrams.com\/wp-content\/uploads\/2024\/09\/Buy-Jesus-OG-Weed-Marijuana-Strain-Online.jpg","type":"image\/jpeg"}],"twitter_card":"summary_large_image","twitter_misc":{"Geschatte leestijd":"6 minuten"},"schema":{"@context":"https:\/\/schema.org","@graph":[{"@type":"WebPage","@id":"https:\/\/legitgrams.com\/product\/jesus-og-weed-marijuana-strain\/","url":"https:\/\/legitgrams.com\/product\/jesus-og-weed-marijuana-strain\/","name":"Jesus OG Weed marihuanasoort te kopen - Jesus OG Weed Kopen","isPartOf":{"@id":"https:\/\/legitgrams.com\/#website"},"primaryImageOfPage":{"@id":"https:\/\/legitgrams.com\/product\/jesus-og-weed-marijuana-strain\/#primaryimage"},"image":{"@id":"https:\/\/legitgrams.com\/product\/jesus-og-weed-marijuana-strain\/#primaryimage"},"thumbnailUrl":"https:\/\/legitgrams.com\/wp-content\/uploads\/2024\/09\/Buy-Jesus-OG-Weed-Marijuana-Strain-Online.jpg","datePublished":"2024-09-21T12:38:32+00:00","dateModified":"2025-01-14T06:46:39+00:00","description":"Je eis om Jesus OG Weed Marijuana Strain online te kopen kan worden vervuld in onze online Legitgrams winkel als we hebben Jesus OG Weed Marijuana Strain hier te koop. Plaats je bestelling en krijg elke dag betaalbare aanbiedingen.","breadcrumb":{"@id":"https:\/\/legitgrams.com\/product\/jesus-og-weed-marijuana-strain\/#breadcrumb"},"inLanguage":"nl-BE","potentialAction":[{"@type":"ReadAction","target":["https:\/\/legitgrams.com\/product\/jesus-og-weed-marijuana-strain\/"]}]},{"@type":"ImageObject","inLanguage":"nl-BE","@id":"https:\/\/legitgrams.com\/product\/jesus-og-weed-marijuana-strain\/#primaryimage","url":"https:\/\/legitgrams.com\/wp-content\/uploads\/2024\/09\/Buy-Jesus-OG-Weed-Marijuana-Strain-Online.jpg","contentUrl":"https:\/\/legitgrams.com\/wp-content\/uploads\/2024\/09\/Buy-Jesus-OG-Weed-Marijuana-Strain-Online.jpg","width":600,"height":600,"caption":"Jesus OG Weed Marijuana Strain for Sale"},{"@type":"BreadcrumbList","@id":"https:\/\/legitgrams.com\/product\/jesus-og-weed-marijuana-strain\/#breadcrumb","itemListElement":[{"@type":"ListItem","position":1,"name":"Home","item":"https:\/\/legitgrams.com\/"},{"@type":"ListItem","position":2,"name":"Shop","item":"https:\/\/legitgrams.com\/shop\/"},{"@type":"ListItem","position":3,"name":"Jesus OG Weed Marijuana Strain"}]},{"@type":"WebSite","@id":"https:\/\/legitgrams.com\/#website","url":"https:\/\/legitgrams.com\/","name":"Legitieme grammen","description":"Mijn WordPress Blog","publisher":{"@id":"https:\/\/legitgrams.com\/#organization"},"potentialAction":[{"@type":"SearchAction","target":{"@type":"EntryPoint","urlTemplate":"https:\/\/legitgrams.com\/?s={search_term_string}"},"query-input":{"@type":"PropertyValueSpecification","valueRequired":true,"valueName":"search_term_string"}}],"inLanguage":"nl-BE"},{"@type":"Organization","@id":"https:\/\/legitgrams.com\/#organization","name":"Legitieme grammen","url":"https:\/\/legitgrams.com\/","logo":{"@type":"ImageObject","inLanguage":"nl-BE","@id":"https:\/\/legitgrams.com\/#\/schema\/logo\/image\/","url":"https:\/\/legitgrams.com\/wp-content\/uploads\/2024\/09\/main-logo.png","contentUrl":"https:\/\/legitgrams.com\/wp-content\/uploads\/2024\/09\/main-logo.png","width":270,"height":75,"caption":"Legit Grams"},"image":{"@id":"https:\/\/legitgrams.com\/#\/schema\/logo\/image\/"}}]}},"uagb_featured_image_src":{"full":["https:\/\/legitgrams.com\/wp-content\/uploads\/2024\/09\/Buy-Jesus-OG-Weed-Marijuana-Strain-Online.jpg",600,600,false],"thumbnail":["https:\/\/legitgrams.com\/wp-content\/uploads\/2024\/09\/Buy-Jesus-OG-Weed-Marijuana-Strain-Online-150x150.jpg",150,150,true],"medium":["https:\/\/legitgrams.com\/wp-content\/uploads\/2024\/09\/Buy-Jesus-OG-Weed-Marijuana-Strain-Online-300x300.jpg",300,300,true],"medium_large":["https:\/\/legitgrams.com\/wp-content\/uploads\/2024\/09\/Buy-Jesus-OG-Weed-Marijuana-Strain-Online.jpg",600,600,false],"large":["https:\/\/legitgrams.com\/wp-content\/uploads\/2024\/09\/Buy-Jesus-OG-Weed-Marijuana-Strain-Online.jpg",600,600,false],"1536x1536":["https:\/\/legitgrams.com\/wp-content\/uploads\/2024\/09\/Buy-Jesus-OG-Weed-Marijuana-Strain-Online.jpg",600,600,false],"2048x2048":["https:\/\/legitgrams.com\/wp-content\/uploads\/2024\/09\/Buy-Jesus-OG-Weed-Marijuana-Strain-Online.jpg",600,600,false],"trp-custom-language-flag":["https:\/\/legitgrams.com\/wp-content\/uploads\/2024\/09\/Buy-Jesus-OG-Weed-Marijuana-Strain-Online-12x12.jpg",12,12,true],"woocommerce_thumbnail":["https:\/\/legitgrams.com\/wp-content\/uploads\/2024\/09\/Buy-Jesus-OG-Weed-Marijuana-Strain-Online-300x300.jpg",300,300,true],"woocommerce_single":["https:\/\/legitgrams.com\/wp-content\/uploads\/2024\/09\/Buy-Jesus-OG-Weed-Marijuana-Strain-Online.jpg",600,600,false],"woocommerce_gallery_thumbnail":["https:\/\/legitgrams.com\/wp-content\/uploads\/2024\/09\/Buy-Jesus-OG-Weed-Marijuana-Strain-Online-100x100.jpg",100,100,true]},"uagb_author_info":{"display_name":"cokeblog18","author_link":"https:\/\/legitgrams.com\/nl\/author\/"},"uagb_comment_info":0,"uagb_excerpt":"Purchase the Jesus OG Weed Cannabis Strain Online Jesus OG is a combination that has the special capacity to elevate both the body and the mind, whether you consider it esoteric. Subcools for aggregates used in productive rearing The Dank has honored us with this amazing half-and-half mashup of Hell&#8217;s Angel OG and TGA&#8217;s Jack&hellip;","_links":{"self":[{"href":"https:\/\/legitgrams.com\/nl\/wp-json\/wp\/v2\/product\/4191","targetHints":{"allow":["GET"]}}],"collection":[{"href":"https:\/\/legitgrams.com\/nl\/wp-json\/wp\/v2\/product"}],"about":[{"href":"https:\/\/legitgrams.com\/nl\/wp-json\/wp\/v2\/types\/product"}],"replies":[{"embeddable":true,"href":"https:\/\/legitgrams.com\/nl\/wp-json\/wp\/v2\/comments?post=4191"}],"wp:featuredmedia":[{"embeddable":true,"href":"https:\/\/legitgrams.com\/nl\/wp-json\/wp\/v2\/media\/5408"}],"wp:attachment":[{"href":"https:\/\/legitgrams.com\/nl\/wp-json\/wp\/v2\/media?parent=4191"}],"wp:term":[{"taxonomy":"product_brand","embeddable":true,"href":"https:\/\/legitgrams.com\/nl\/wp-json\/wp\/v2\/product_brand?post=4191"},{"taxonomy":"product_cat","embeddable":true,"href":"https:\/\/legitgrams.com\/nl\/wp-json\/wp\/v2\/product_cat?post=4191"},{"taxonomy":"product_tag","embeddable":true,"href":"https:\/\/legitgrams.com\/nl\/wp-json\/wp\/v2\/product_tag?post=4191"}],"curies":[{"name":"wp","href":"https:\/\/api.w.org\/{rel}","templated":true}]}}