{"id":4212,"date":"2024-09-22T05:26:16","date_gmt":"2024-09-22T05:26:16","guid":{"rendered":"https:\/\/legitgrams.com\/?post_type=product&#038;p=4212"},"modified":"2026-01-29T09:21:57","modified_gmt":"2026-01-29T09:21:57","slug":"ibogainepoeder","status":"publish","type":"product","link":"https:\/\/legitgrams.com\/nl\/product\/ibogainepoeder\/","title":{"rendered":"Iboga\u00efne poeder online kopen"},"content":{"rendered":"<h2>KopenIboga\u00efnepoeder online<\/h2>\n<p>Koop <a href=\"https:\/\/legitgrams.com\/nl\/product\/ibogainepoeder\/\">Iboga\u00efne poeder<\/a> Online. Coca\u00efne kan ook via internet gekocht worden.<br \/>\nIboga is een plant. Het wordt gestileerd en gebruikt voor algemene doeleinden in een aantal Afrikaanse gemeenschappen. De wortelschors van deze plant wordt ook gebruikt in de geneeskunde. <a href=\"https:\/\/www.bing.com\/search?q=Purchase%20Ibogaine%20Powder%20Online&amp;qs=n&amp;form=QBRE&amp;sp=-1&amp;lq=0&amp;pq=purchase%20ibogaine%20powder%20online&amp;sc=0-31&amp;sk=&amp;cvid=C91F660673564FF3AA12FA617184B4D0&amp;ghsh=0&amp;ghacc=0&amp;ghpl=\">Iboga is een plant. Het wordt gestileerd en gebruikt voor algemene doeleinden in een aantal Afrikaanse gemeenschappen. De wortelschors van deze plant wordt ook gebruikt in de geneeskunde.<\/a> is het bestanddeel van ibogai dat in de Verenigde Staten illegaal is.<\/p>\n<p>Iboga wordt gebruikt om AIDS\/HIV, hooikoorts, varkensgriep, hoge bloeddruk, zenuwproblemen, AIDS\/HIV en middelenmisbruik te behandelen. Ze gebruiken het ook als een algemeen tonicum, om de seksuele drift te vergroten, vermoeidheid en slaperigheid te voorkomen en om verslaving en middelenmisbruik te bestrijden. <a href=\"https:\/\/legitgrams.com\/nl\/\">LegitGrams<\/a><\/p>\n<p>Waar Iboga\u00efnepoeder te koop is, <a href=\"https:\/\/en.wikipedia.org\/wiki\/Ibogaine\">Iboga\u00efne Powde<\/a>r te koop, Iboga\u00efne te koop,<a href=\"https:\/\/www.google.com\/search?q=Koop+Iboganepoeder+online&amp;sca_esv=eddefdb7b92e7545&amp;sxsrf=AHTn8zrFedzMmaredpDAljlKzFgcgqjnPQ1743683195767&amp;ei=e37uZ43HLofE0PEP0uKDuAU&amp;ved=0ahUKEwjN8O-L7ruMAxUHIjQIHVLxAFcQ4dUDCBA&amp;uact=5&amp;oq=Koop+Iboganepoeder+online&amp;gs_lp=Egxnd3Mtd2l6LXNlcnAiG0tvb3AgSWJvZ2HDr25lcG9lZGVyIG9ubGluZUgAUABYAHAAeACQAQCYAQCgAQCqAQC4AQPIAQD4AQKYAgCgAgCYAwCSBwCgBwCyBwC4BwA&amp;sclient=gws-wiz-serp\"> Poeder kopen<\/a>, Koop Iboga\u00efnepoeder, Koop Iboga\u00efnepoeder online, waar je het kunt krijgen en of het veilig is om te delen. Je kunt iboga\u00efnepoeder krijgen in de Verenigde Staten, Canada en het Verenigd Koninkrijk. Poedervormige iboga\u00efne is nog steeds verkrijgbaar. Je kunt het online kopen. In Canada is iboga\u00efnepoeder legaal. In de Verenigde Staten, <a href=\"https:\/\/duckduckgo.com\/?q=Purchase+Ibogaine+Powder+Online&amp;t=h_&amp;ia=web\">iboga\u00efnepoeder is legaal<\/a>.<\/p>\n<h2><\/h2>\n<h2><\/h2>\n<p>&nbsp;<\/p>","protected":false},"excerpt":{"rendered":"<p>Purchase Ibogaine Powder Online Purchase Ibogaine Powder Online. Cocaine can also be bought over the internet. Iboga is a plant. It is stylized and used for general purposes in a number of African communities. The root bark of this plant is also used in medicine. Ibogain is the component of ibogai that is illegal in &hellip;<\/p>\n<p class=\"read-more\"> <a class=\"\" href=\"https:\/\/legitgrams.com\/nl\/product\/ibogainepoeder\/\"> <span class=\"screen-reader-text\">Iboga\u00efne poeder online kopen<\/span> Read More \u00bb<\/a><\/p>","protected":false},"featured_media":5182,"comment_status":"open","ping_status":"closed","template":"","meta":{"_uag_custom_page_level_css":"","site-sidebar-layout":"default","site-content-layout":"default","ast-global-header-display":"","ast-main-header-display":"","ast-hfb-above-header-display":"","ast-hfb-below-header-display":"","ast-hfb-mobile-header-display":"","site-post-title":"","ast-breadcrumbs-content":"","ast-featured-img":"","footer-sml-layout":"","theme-transparent-header-meta":"default","adv-header-id-meta":"","stick-header-meta":"default","header-above-stick-meta":"","header-main-stick-meta":"","header-below-stick-meta":"","_joinchat":[]},"product_brand":[],"product_cat":[595],"product_tag":[2210,2200,617,2192,2207,2204,2199,2191,2194,2195,2202,2193,2205,2212,2213,2211,2203,2208,2197,2209,2206,625,2198,2201,2196],"class_list":{"0":"post-4212","1":"product","2":"type-product","3":"status-publish","4":"has-post-thumbnail","6":"product_cat-psychedelic-drugs","7":"product_tag-best-cheap-price-ibogaine-powder","8":"product_tag-best-place-to-buy-ibogaine-powder","9":"product_tag-bulk-online","10":"product_tag-buy-ibogaine-powder","11":"product_tag-cheap-ibogaine-powder","12":"product_tag-high-quality-ibogaine-powder","13":"product_tag-how-to-buy-ibogaine-powder","14":"product_tag-ibogaine-powder","15":"product_tag-ibogaine-powder-for-sale","16":"product_tag-ibogaine-powder-ibogaine-powder-supplier","17":"product_tag-ibogaine-powder-legally","18":"product_tag-ibogaine-powder-online","19":"product_tag-ibogaine-powder-store","20":"product_tag-ibogaine-powder-use","21":"product_tag-ibogaine-powder-wiki","22":"product_tag-ibogaine-powder-worldwide","23":"product_tag-ibogaine-powderprice","24":"product_tag-ibogaine-powders","25":"product_tag-order-ibogaine-powder","26":"product_tag-purcharse-ibogaine-powder","27":"product_tag-shop-ibogaine-powder","28":"product_tag-top-quality","29":"product_tag-where-to-buy-ibogaine-powder","30":"product_tag-where-to-order-ibogaine-powder","31":"product_tag-wholesale-ibogaine-powder","32":"desktop-align-left","33":"tablet-align-left","34":"mobile-align-left","35":"ast-product-gallery-layout-horizontal","36":"ast-product-gallery-with-no-image","37":"ast-product-single-variable","38":"ast-product-tabs-layout-horizontal","39":"ast-qv-on-image","41":"first","42":"instock","43":"shipping-taxable","44":"purchasable","45":"product-type-variable"},"yoast_head":"<!-- This site is optimized with the Yoast SEO plugin v25.9 - https:\/\/yoast.com\/wordpress\/plugins\/seo\/ -->\n<title>Ibogaine Powder for Sale - Buy Ibogaine Powder Online | LG<\/title>\n<meta name=\"description\" content=\"Your order for Ibogaine Powder for sale is our responsibility. We will take your order to buy Ibogaine Powder into consideration and reach you in a short period. Place bulk orders now!\" \/>\n<meta name=\"robots\" content=\"index, follow, max-snippet:-1, max-image-preview:large, max-video-preview:-1\" \/>\n<link rel=\"canonical\" href=\"https:\/\/legitgrams.com\/nl\/product\/ibogainepoeder\/\" \/>\n<meta property=\"og:locale\" content=\"nl_BE\" \/>\n<meta property=\"og:type\" content=\"article\" \/>\n<meta property=\"og:title\" content=\"Ibogaine Powder for Sale - Buy Ibogaine Powder Online | LG\" \/>\n<meta property=\"og:description\" content=\"Your order for Ibogaine Powder for sale is our responsibility. We will take your order to buy Ibogaine Powder into consideration and reach you in a short period. Place bulk orders now!\" \/>\n<meta property=\"og:url\" content=\"https:\/\/legitgrams.com\/nl\/product\/ibogainepoeder\/\" \/>\n<meta property=\"og:site_name\" content=\"Legit Grams\" \/>\n<meta property=\"article:modified_time\" content=\"2026-01-29T09:21:57+00:00\" \/>\n<meta property=\"og:image\" content=\"https:\/\/legitgrams.com\/wp-content\/uploads\/2024\/09\/ibogaine-powder.jpg\" \/>\n\t<meta property=\"og:image:width\" content=\"600\" \/>\n\t<meta property=\"og:image:height\" content=\"600\" \/>\n\t<meta property=\"og:image:type\" content=\"image\/jpeg\" \/>\n<meta name=\"twitter:card\" content=\"summary_large_image\" \/>\n<meta name=\"twitter:label1\" content=\"Geschatte leestijd\" \/>\n\t<meta name=\"twitter:data1\" content=\"1 minuut\" \/>\n<script type=\"application\/ld+json\" class=\"yoast-schema-graph\">{\"@context\":\"https:\/\/schema.org\",\"@graph\":[{\"@type\":\"WebPage\",\"@id\":\"https:\/\/legitgrams.com\/product\/ibogaine-powder\/\",\"url\":\"https:\/\/legitgrams.com\/product\/ibogaine-powder\/\",\"name\":\"Ibogaine Powder for Sale - Buy Ibogaine Powder Online | LG\",\"isPartOf\":{\"@id\":\"https:\/\/legitgrams.com\/#website\"},\"primaryImageOfPage\":{\"@id\":\"https:\/\/legitgrams.com\/product\/ibogaine-powder\/#primaryimage\"},\"image\":{\"@id\":\"https:\/\/legitgrams.com\/product\/ibogaine-powder\/#primaryimage\"},\"thumbnailUrl\":\"https:\/\/legitgrams.com\/wp-content\/uploads\/2024\/09\/ibogaine-powder.jpg\",\"datePublished\":\"2024-09-22T05:26:16+00:00\",\"dateModified\":\"2026-01-29T09:21:57+00:00\",\"description\":\"Your order for Ibogaine Powder for sale is our responsibility. We will take your order to buy Ibogaine Powder into consideration and reach you in a short period. Place bulk orders now!\",\"breadcrumb\":{\"@id\":\"https:\/\/legitgrams.com\/product\/ibogaine-powder\/#breadcrumb\"},\"inLanguage\":\"nl-BE\",\"potentialAction\":[{\"@type\":\"ReadAction\",\"target\":[\"https:\/\/legitgrams.com\/product\/ibogaine-powder\/\"]}]},{\"@type\":\"ImageObject\",\"inLanguage\":\"nl-BE\",\"@id\":\"https:\/\/legitgrams.com\/product\/ibogaine-powder\/#primaryimage\",\"url\":\"https:\/\/legitgrams.com\/wp-content\/uploads\/2024\/09\/ibogaine-powder.jpg\",\"contentUrl\":\"https:\/\/legitgrams.com\/wp-content\/uploads\/2024\/09\/ibogaine-powder.jpg\",\"width\":600,\"height\":600,\"caption\":\"Ibogaine Powder for Sale\"},{\"@type\":\"BreadcrumbList\",\"@id\":\"https:\/\/legitgrams.com\/product\/ibogaine-powder\/#breadcrumb\",\"itemListElement\":[{\"@type\":\"ListItem\",\"position\":1,\"name\":\"Home\",\"item\":\"https:\/\/legitgrams.com\/\"},{\"@type\":\"ListItem\",\"position\":2,\"name\":\"Shop\",\"item\":\"https:\/\/legitgrams.com\/shop\/\"},{\"@type\":\"ListItem\",\"position\":3,\"name\":\"Buy Ibogaine Powder Online\"}]},{\"@type\":\"WebSite\",\"@id\":\"https:\/\/legitgrams.com\/#website\",\"url\":\"https:\/\/legitgrams.com\/\",\"name\":\"Legit Grams\",\"description\":\"My WordPress Blog\",\"publisher\":{\"@id\":\"https:\/\/legitgrams.com\/#organization\"},\"potentialAction\":[{\"@type\":\"SearchAction\",\"target\":{\"@type\":\"EntryPoint\",\"urlTemplate\":\"https:\/\/legitgrams.com\/?s={search_term_string}\"},\"query-input\":{\"@type\":\"PropertyValueSpecification\",\"valueRequired\":true,\"valueName\":\"search_term_string\"}}],\"inLanguage\":\"nl-BE\"},{\"@type\":\"Organization\",\"@id\":\"https:\/\/legitgrams.com\/#organization\",\"name\":\"Legit Grams\",\"url\":\"https:\/\/legitgrams.com\/\",\"logo\":{\"@type\":\"ImageObject\",\"inLanguage\":\"nl-BE\",\"@id\":\"https:\/\/legitgrams.com\/#\/schema\/logo\/image\/\",\"url\":\"https:\/\/legitgrams.com\/wp-content\/uploads\/2024\/09\/main-logo.png\",\"contentUrl\":\"https:\/\/legitgrams.com\/wp-content\/uploads\/2024\/09\/main-logo.png\",\"width\":270,\"height\":75,\"caption\":\"Legit Grams\"},\"image\":{\"@id\":\"https:\/\/legitgrams.com\/#\/schema\/logo\/image\/\"}}]}<\/script>\n<!-- \/ Yoast SEO plugin. -->","yoast_head_json":{"title":"Iboga\u00efne poeder te kopen- Iboga\u00efne poeder online kopen | LG","description":"Uw bestelling voor Ibogaine poeder te kopen is onze verantwoordelijkheid. Wij nemen uw bestelling om Ibogaine poeder te kopen in overweging en zullen u op korte termijn bereiken. Plaats nu bulkbestellingen!","robots":{"index":"index","follow":"follow","max-snippet":"max-snippet:-1","max-image-preview":"max-image-preview:large","max-video-preview":"max-video-preview:-1"},"canonical":"https:\/\/legitgrams.com\/nl\/product\/ibogainepoeder\/","og_locale":"nl_BE","og_type":"article","og_title":"Ibogaine Powder for Sale - Buy Ibogaine Powder Online | LG","og_description":"Your order for Ibogaine Powder for sale is our responsibility. We will take your order to buy Ibogaine Powder into consideration and reach you in a short period. Place bulk orders now!","og_url":"https:\/\/legitgrams.com\/nl\/product\/ibogainepoeder\/","og_site_name":"Legit Grams","article_modified_time":"2026-01-29T09:21:57+00:00","og_image":[{"width":600,"height":600,"url":"https:\/\/legitgrams.com\/wp-content\/uploads\/2024\/09\/ibogaine-powder.jpg","type":"image\/jpeg"}],"twitter_card":"summary_large_image","twitter_misc":{"Geschatte leestijd":"1 minuut"},"schema":{"@context":"https:\/\/schema.org","@graph":[{"@type":"WebPage","@id":"https:\/\/legitgrams.com\/product\/ibogaine-powder\/","url":"https:\/\/legitgrams.com\/product\/ibogaine-powder\/","name":"Iboga\u00efne poeder te kopen- Iboga\u00efne poeder online kopen | LG","isPartOf":{"@id":"https:\/\/legitgrams.com\/#website"},"primaryImageOfPage":{"@id":"https:\/\/legitgrams.com\/product\/ibogaine-powder\/#primaryimage"},"image":{"@id":"https:\/\/legitgrams.com\/product\/ibogaine-powder\/#primaryimage"},"thumbnailUrl":"https:\/\/legitgrams.com\/wp-content\/uploads\/2024\/09\/ibogaine-powder.jpg","datePublished":"2024-09-22T05:26:16+00:00","dateModified":"2026-01-29T09:21:57+00:00","description":"Uw bestelling voor Ibogaine poeder te kopen is onze verantwoordelijkheid. Wij nemen uw bestelling om Ibogaine poeder te kopen in overweging en zullen u op korte termijn bereiken. Plaats nu bulkbestellingen!","breadcrumb":{"@id":"https:\/\/legitgrams.com\/product\/ibogaine-powder\/#breadcrumb"},"inLanguage":"nl-BE","potentialAction":[{"@type":"ReadAction","target":["https:\/\/legitgrams.com\/product\/ibogaine-powder\/"]}]},{"@type":"ImageObject","inLanguage":"nl-BE","@id":"https:\/\/legitgrams.com\/product\/ibogaine-powder\/#primaryimage","url":"https:\/\/legitgrams.com\/wp-content\/uploads\/2024\/09\/ibogaine-powder.jpg","contentUrl":"https:\/\/legitgrams.com\/wp-content\/uploads\/2024\/09\/ibogaine-powder.jpg","width":600,"height":600,"caption":"Ibogaine Powder for Sale"},{"@type":"BreadcrumbList","@id":"https:\/\/legitgrams.com\/product\/ibogaine-powder\/#breadcrumb","itemListElement":[{"@type":"ListItem","position":1,"name":"Home","item":"https:\/\/legitgrams.com\/"},{"@type":"ListItem","position":2,"name":"Shop","item":"https:\/\/legitgrams.com\/shop\/"},{"@type":"ListItem","position":3,"name":"Buy Ibogaine Powder Online"}]},{"@type":"WebSite","@id":"https:\/\/legitgrams.com\/#website","url":"https:\/\/legitgrams.com\/","name":"Legitieme grammen","description":"Mijn WordPress Blog","publisher":{"@id":"https:\/\/legitgrams.com\/#organization"},"potentialAction":[{"@type":"SearchAction","target":{"@type":"EntryPoint","urlTemplate":"https:\/\/legitgrams.com\/?s={search_term_string}"},"query-input":{"@type":"PropertyValueSpecification","valueRequired":true,"valueName":"search_term_string"}}],"inLanguage":"nl-BE"},{"@type":"Organization","@id":"https:\/\/legitgrams.com\/#organization","name":"Legitieme grammen","url":"https:\/\/legitgrams.com\/","logo":{"@type":"ImageObject","inLanguage":"nl-BE","@id":"https:\/\/legitgrams.com\/#\/schema\/logo\/image\/","url":"https:\/\/legitgrams.com\/wp-content\/uploads\/2024\/09\/main-logo.png","contentUrl":"https:\/\/legitgrams.com\/wp-content\/uploads\/2024\/09\/main-logo.png","width":270,"height":75,"caption":"Legit Grams"},"image":{"@id":"https:\/\/legitgrams.com\/#\/schema\/logo\/image\/"}}]}},"uagb_featured_image_src":{"full":["https:\/\/legitgrams.com\/wp-content\/uploads\/2024\/09\/ibogaine-powder.jpg",600,600,false],"thumbnail":["https:\/\/legitgrams.com\/wp-content\/uploads\/2024\/09\/ibogaine-powder-150x150.jpg",150,150,true],"medium":["https:\/\/legitgrams.com\/wp-content\/uploads\/2024\/09\/ibogaine-powder-300x300.jpg",300,300,true],"medium_large":["https:\/\/legitgrams.com\/wp-content\/uploads\/2024\/09\/ibogaine-powder.jpg",600,600,false],"large":["https:\/\/legitgrams.com\/wp-content\/uploads\/2024\/09\/ibogaine-powder.jpg",600,600,false],"1536x1536":["https:\/\/legitgrams.com\/wp-content\/uploads\/2024\/09\/ibogaine-powder.jpg",600,600,false],"2048x2048":["https:\/\/legitgrams.com\/wp-content\/uploads\/2024\/09\/ibogaine-powder.jpg",600,600,false],"trp-custom-language-flag":["https:\/\/legitgrams.com\/wp-content\/uploads\/2024\/09\/ibogaine-powder-12x12.jpg",12,12,true],"woocommerce_thumbnail":["https:\/\/legitgrams.com\/wp-content\/uploads\/2024\/09\/ibogaine-powder-300x300.jpg",300,300,true],"woocommerce_single":["https:\/\/legitgrams.com\/wp-content\/uploads\/2024\/09\/ibogaine-powder.jpg",600,600,false],"woocommerce_gallery_thumbnail":["https:\/\/legitgrams.com\/wp-content\/uploads\/2024\/09\/ibogaine-powder-100x100.jpg",100,100,true]},"uagb_author_info":{"display_name":"cokeblog18","author_link":"https:\/\/legitgrams.com\/nl\/author\/"},"uagb_comment_info":1,"uagb_excerpt":"Purchase Ibogaine Powder Online Purchase Ibogaine Powder Online. Cocaine can also be bought over the internet. Iboga is a plant. It is stylized and used for general purposes in a number of African communities. The root bark of this plant is also used in medicine. Ibogain is the component of ibogai that is illegal in&hellip;","_links":{"self":[{"href":"https:\/\/legitgrams.com\/nl\/wp-json\/wp\/v2\/product\/4212","targetHints":{"allow":["GET"]}}],"collection":[{"href":"https:\/\/legitgrams.com\/nl\/wp-json\/wp\/v2\/product"}],"about":[{"href":"https:\/\/legitgrams.com\/nl\/wp-json\/wp\/v2\/types\/product"}],"replies":[{"embeddable":true,"href":"https:\/\/legitgrams.com\/nl\/wp-json\/wp\/v2\/comments?post=4212"}],"wp:featuredmedia":[{"embeddable":true,"href":"https:\/\/legitgrams.com\/nl\/wp-json\/wp\/v2\/media\/5182"}],"wp:attachment":[{"href":"https:\/\/legitgrams.com\/nl\/wp-json\/wp\/v2\/media?parent=4212"}],"wp:term":[{"taxonomy":"product_brand","embeddable":true,"href":"https:\/\/legitgrams.com\/nl\/wp-json\/wp\/v2\/product_brand?post=4212"},{"taxonomy":"product_cat","embeddable":true,"href":"https:\/\/legitgrams.com\/nl\/wp-json\/wp\/v2\/product_cat?post=4212"},{"taxonomy":"product_tag","embeddable":true,"href":"https:\/\/legitgrams.com\/nl\/wp-json\/wp\/v2\/product_tag?post=4212"}],"curies":[{"name":"wp","href":"https:\/\/api.w.org\/{rel}","templated":true}]}}